{"id":1633313,"date":"2025-12-30T10:03:21","date_gmt":"2025-12-30T09:03:21","guid":{"rendered":"https:\/\/www.vetorino.com\/boutique\/product\/osalim-senior\/"},"modified":"2026-01-05T10:44:52","modified_gmt":"2026-01-05T09:44:52","slug":"osalim-senior","status":"publish","type":"product","link":"https:\/\/www.vetorino.com\/veterinaire\/ustaritz-64480\/boutique\/product\/osalim-senior\/","title":{"rendered":"Osalim Senior + &#8211; chien, chat"},"content":{"rendered":"<div class=\"tabs product-tabs visible--desktop\">\n<div id=\"tab-content\" class=\"tab-content mb-4\">\n<div id=\"description\" class=\"tab-pane fade show active\" role=\"tabpanel\">\n<div class=\"product-description\">\n<p><strong>Osalim\u00ae Senior+ pour chien<\/strong>\u00a0a \u00e9t\u00e9 sp\u00e9cialement formul\u00e9 pour compl\u00e9ter les rations m\u00e9nag\u00e8res et mixtes.<\/p>\n<p>Sa formulation \u00e0 teneur nulle en phosphore, enrichie en vitamines B, C, E, en zinc ch\u00e9lat\u00e9 et en acides gras essentiels (EPA+DHA), c<strong>onvient aux animaux ayant des besoins nutritionnels sp\u00e9cifiques li\u00e9s \u00e0 l\u2019\u00e2ge (&gt;8 ans)<\/strong> ou \u00e0 une restriction en min\u00e9raux.<\/p>\n<p>Sa richesse en fibres s\u00e9lectionn\u00e9es (ispaghul, caroube) participe \u00e0<strong> soutenir le confort digestif.<\/strong><\/p>\n<p>Osalim Senior+ est formul\u00e9 <strong>sans prot\u00e9ines animales, sans allerg\u00e8nes, sans gluten<\/strong> pour convenir au plus grand nombre.<\/p>\n<p>La formule peut \u00eatre utilis\u00e9e chez le chat.<\/p>\n<\/div>\n<\/div>\n<\/div>\n<\/div>\n<section class=\"product-accessories mdc_accessories_block mt-3\"><\/section>\n","protected":false},"excerpt":{"rendered":"<p><strong>OSALIM\u00ae SENIOR+\u00a0<\/strong>est un aliment compl\u00e9mentaire destin\u00e9 \u00e0<strong> \u00e9quilibrer les rations m\u00e9nag\u00e8res et mixtes<\/strong> <strong>des chiens et des chats de plus de 8 ans.<\/strong><\/p>\n","protected":false},"featured_media":1641794,"template":"","meta":[],"product_cat":[2730,2738,2697,2698],"product_tag":[],"class_list":{"0":"post-1633313","1":"product","2":"type-product","3":"status-publish","4":"has-post-thumbnail","6":"product_cat-aliments-complementaires-pour-chat","7":"product_cat-aliments-complementaires-pour-chien","8":"product_cat-chat","9":"product_cat-chien","10":"pa_marque-osalia","12":"first","13":"instock","14":"taxable","15":"shipping-taxable","16":"purchasable","17":"product-type-simple"},"yoast_head":"<!-- This site is optimized with the Yoast SEO plugin v27.3 - https:\/\/yoast.com\/product\/yoast-seo-wordpress\/ -->\n<title>Osalim Osalim Senior + - chien, chat Osalia - V\u00e9torino<\/title>\n<meta name=\"description\" content=\"OSALIM\u00ae SENIOR+\u00a0est un aliment compl\u00e9mentaire destin\u00e9 \u00e0 \u00e9quilibrer les rations m\u00e9nag\u00e8res et mixtes des chiens et des chats de plus de 8 ans.\" \/>\n<meta name=\"robots\" content=\"noindex, nofollow\" \/>\n<meta property=\"og:locale\" content=\"fr_FR\" \/>\n<meta property=\"og:type\" content=\"article\" \/>\n<meta property=\"og:title\" content=\"Osalim Osalim Senior + - chien, chat Osalia - V\u00e9torino\" \/>\n<meta property=\"og:description\" content=\"OSALIM\u00ae SENIOR+\u00a0est un aliment compl\u00e9mentaire destin\u00e9 \u00e0 \u00e9quilibrer les rations m\u00e9nag\u00e8res et mixtes des chiens et des chats de plus de 8 ans.\" \/>\n<meta property=\"og:url\" content=\"https:\/\/www.vetorino.com\/veterinaire\/ustaritz-64480\/boutique\/product\/osalim-senior\/\" \/>\n<meta property=\"og:site_name\" content=\"V\u00e9torino\" \/>\n<meta property=\"article:publisher\" content=\"https:\/\/www.facebook.com\/Vetorino\/\" \/>\n<meta property=\"article:modified_time\" content=\"2026-01-05T09:44:52+00:00\" \/>\n<meta property=\"og:image\" content=\"https:\/\/www.vetorino.com\/boutique\/wp-content\/uploads\/2025\/12\/osalim-senior-complemet-chien-chat.webp\" \/>\n\t<meta property=\"og:image:width\" content=\"800\" \/>\n\t<meta property=\"og:image:height\" content=\"800\" \/>\n\t<meta property=\"og:image:type\" content=\"image\/webp\" \/>\n<meta name=\"twitter:card\" content=\"summary_large_image\" \/>\n<meta name=\"twitter:label1\" content=\"Prix\" \/>\n\t<meta name=\"twitter:data1\" content=\"28,59&euro;\" \/>\n\t<meta name=\"twitter:label2\" content=\"Disponibilit\u00e9\" \/>\n\t<meta name=\"twitter:data2\" content=\"En stock\" \/>\n<script type=\"application\/ld+json\" class=\"yoast-schema-graph\">{\"@context\":\"https:\\\/\\\/schema.org\",\"@graph\":[{\"@type\":\"WebPage\",\"@id\":\"https:\\\/\\\/www.vetorino.com\\\/boutique\\\/product\\\/osalim-senior\\\/\",\"url\":\"https:\\\/\\\/www.vetorino.com\\\/boutique\\\/product\\\/osalim-senior\\\/\",\"name\":\"Osalim Osalim Senior + - chien, chat Osalia - V\u00e9torino\",\"isPartOf\":{\"@id\":\"https:\\\/\\\/www.vetorino.com\\\/boutique\\\/#website\"},\"primaryImageOfPage\":{\"@id\":\"https:\\\/\\\/www.vetorino.com\\\/boutique\\\/product\\\/osalim-senior\\\/#primaryimage\"},\"image\":{\"@id\":\"https:\\\/\\\/www.vetorino.com\\\/boutique\\\/product\\\/osalim-senior\\\/#primaryimage\"},\"thumbnailUrl\":\"https:\\\/\\\/www.vetorino.com\\\/boutique\\\/wp-content\\\/uploads\\\/2025\\\/12\\\/osalim-senior-complemet-chien-chat.webp\",\"datePublished\":\"2025-12-30T09:03:21+00:00\",\"dateModified\":\"2026-01-05T09:44:52+00:00\",\"description\":\"OSALIM\u00ae SENIOR+\u00a0est un aliment compl\u00e9mentaire destin\u00e9 \u00e0 \u00e9quilibrer les rations m\u00e9nag\u00e8res et mixtes des chiens et des chats de plus de 8 ans.\",\"breadcrumb\":{\"@id\":\"https:\\\/\\\/www.vetorino.com\\\/boutique\\\/product\\\/osalim-senior\\\/#breadcrumb\"},\"inLanguage\":\"fr-FR\",\"potentialAction\":[{\"@type\":\"ReadAction\",\"target\":[\"https:\\\/\\\/www.vetorino.com\\\/boutique\\\/product\\\/osalim-senior\\\/\"]}]},{\"@type\":\"ImageObject\",\"inLanguage\":\"fr-FR\",\"@id\":\"https:\\\/\\\/www.vetorino.com\\\/boutique\\\/product\\\/osalim-senior\\\/#primaryimage\",\"url\":\"https:\\\/\\\/www.vetorino.com\\\/boutique\\\/wp-content\\\/uploads\\\/2025\\\/12\\\/osalim-senior-complemet-chien-chat.webp\",\"contentUrl\":\"https:\\\/\\\/www.vetorino.com\\\/boutique\\\/wp-content\\\/uploads\\\/2025\\\/12\\\/osalim-senior-complemet-chien-chat.webp\",\"width\":800,\"height\":800},{\"@type\":\"BreadcrumbList\",\"@id\":\"https:\\\/\\\/www.vetorino.com\\\/boutique\\\/product\\\/osalim-senior\\\/#breadcrumb\",\"itemListElement\":[{\"@type\":\"ListItem\",\"position\":1,\"name\":\"Accueil\",\"item\":\"https:\\\/\\\/www.vetorino.com\\\/boutique\\\/\"},{\"@type\":\"ListItem\",\"position\":2,\"name\":\"Produits\",\"item\":\"https:\\\/\\\/www.vetorino.com\\\/boutique\\\/\"},{\"@type\":\"ListItem\",\"position\":3,\"name\":\"Osalim Senior + &#8211; chien, chat\"}]},{\"@type\":\"WebSite\",\"@id\":\"https:\\\/\\\/www.vetorino.com\\\/boutique\\\/#website\",\"url\":\"https:\\\/\\\/www.vetorino.com\\\/boutique\\\/\",\"name\":\"V\u00e9torino\",\"description\":\"\",\"publisher\":{\"@id\":\"https:\\\/\\\/www.vetorino.com\\\/boutique\\\/#organization\"},\"potentialAction\":[{\"@type\":\"SearchAction\",\"target\":{\"@type\":\"EntryPoint\",\"urlTemplate\":\"https:\\\/\\\/www.vetorino.com\\\/boutique\\\/?s={search_term_string}\"},\"query-input\":{\"@type\":\"PropertyValueSpecification\",\"valueRequired\":true,\"valueName\":\"search_term_string\"}}],\"inLanguage\":\"fr-FR\"},{\"@type\":\"Organization\",\"@id\":\"https:\\\/\\\/www.vetorino.com\\\/boutique\\\/#organization\",\"name\":\"V\u00e9torino\",\"url\":\"https:\\\/\\\/www.vetorino.com\\\/boutique\\\/\",\"logo\":{\"@type\":\"ImageObject\",\"inLanguage\":\"fr-FR\",\"@id\":\"https:\\\/\\\/www.vetorino.com\\\/boutique\\\/#\\\/schema\\\/logo\\\/image\\\/\",\"url\":\"https:\\\/\\\/www.vetorino.com\\\/boutique\\\/wp-content\\\/uploads\\\/2024\\\/10\\\/logo.jpg\",\"contentUrl\":\"https:\\\/\\\/www.vetorino.com\\\/boutique\\\/wp-content\\\/uploads\\\/2024\\\/10\\\/logo.jpg\",\"width\":1200,\"height\":610,\"caption\":\"V\u00e9torino\"},\"image\":{\"@id\":\"https:\\\/\\\/www.vetorino.com\\\/boutique\\\/#\\\/schema\\\/logo\\\/image\\\/\"},\"sameAs\":[\"https:\\\/\\\/www.facebook.com\\\/Vetorino\\\/\",\"https:\\\/\\\/www.instagram.com\\\/vetorino_off\\\/\",\"https:\\\/\\\/www.linkedin.com\\\/company\\\/vtorino\\\/\"]}]}<\/script>\n<meta property=\"product:brand\" content=\"Osalia\" \/>\n<meta property=\"product:price:amount\" content=\"28.59\" \/>\n<meta property=\"product:price:currency\" content=\"EUR\" \/>\n<meta property=\"og:availability\" content=\"instock\" \/>\n<meta property=\"product:availability\" content=\"instock\" \/>\n<meta property=\"product:retailer_item_id\" content=\"A-1897380\" \/>\n<meta property=\"product:condition\" content=\"new\" \/>\n<!-- \/ Yoast SEO plugin. -->","yoast_head_json":{"title":"Osalim Osalim Senior + - chien, chat Osalia - V\u00e9torino","description":"OSALIM\u00ae SENIOR+\u00a0est un aliment compl\u00e9mentaire destin\u00e9 \u00e0 \u00e9quilibrer les rations m\u00e9nag\u00e8res et mixtes des chiens et des chats de plus de 8 ans.","robots":{"index":"noindex","follow":"nofollow"},"og_locale":"fr_FR","og_type":"article","og_title":"Osalim Osalim Senior + - chien, chat Osalia - V\u00e9torino","og_description":"OSALIM\u00ae SENIOR+\u00a0est un aliment compl\u00e9mentaire destin\u00e9 \u00e0 \u00e9quilibrer les rations m\u00e9nag\u00e8res et mixtes des chiens et des chats de plus de 8 ans.","og_url":"https:\/\/www.vetorino.com\/veterinaire\/ustaritz-64480\/boutique\/product\/osalim-senior\/","og_site_name":"V\u00e9torino","article_publisher":"https:\/\/www.facebook.com\/Vetorino\/","article_modified_time":"2026-01-05T09:44:52+00:00","og_image":[{"width":800,"height":800,"url":"https:\/\/www.vetorino.com\/boutique\/wp-content\/uploads\/2025\/12\/osalim-senior-complemet-chien-chat.webp","type":"image\/webp"}],"twitter_card":"summary_large_image","twitter_misc":{"Prix":"28,59&euro;","Disponibilit\u00e9":"En stock"},"schema":{"@context":"https:\/\/schema.org","@graph":[{"@type":"WebPage","@id":"https:\/\/www.vetorino.com\/boutique\/product\/osalim-senior\/","url":"https:\/\/www.vetorino.com\/boutique\/product\/osalim-senior\/","name":"Osalim Osalim Senior + - chien, chat Osalia - V\u00e9torino","isPartOf":{"@id":"https:\/\/www.vetorino.com\/boutique\/#website"},"primaryImageOfPage":{"@id":"https:\/\/www.vetorino.com\/boutique\/product\/osalim-senior\/#primaryimage"},"image":{"@id":"https:\/\/www.vetorino.com\/boutique\/product\/osalim-senior\/#primaryimage"},"thumbnailUrl":"https:\/\/www.vetorino.com\/boutique\/wp-content\/uploads\/2025\/12\/osalim-senior-complemet-chien-chat.webp","datePublished":"2025-12-30T09:03:21+00:00","dateModified":"2026-01-05T09:44:52+00:00","description":"OSALIM\u00ae SENIOR+\u00a0est un aliment compl\u00e9mentaire destin\u00e9 \u00e0 \u00e9quilibrer les rations m\u00e9nag\u00e8res et mixtes des chiens et des chats de plus de 8 ans.","breadcrumb":{"@id":"https:\/\/www.vetorino.com\/boutique\/product\/osalim-senior\/#breadcrumb"},"inLanguage":"fr-FR","potentialAction":[{"@type":"ReadAction","target":["https:\/\/www.vetorino.com\/boutique\/product\/osalim-senior\/"]}]},{"@type":"ImageObject","inLanguage":"fr-FR","@id":"https:\/\/www.vetorino.com\/boutique\/product\/osalim-senior\/#primaryimage","url":"https:\/\/www.vetorino.com\/boutique\/wp-content\/uploads\/2025\/12\/osalim-senior-complemet-chien-chat.webp","contentUrl":"https:\/\/www.vetorino.com\/boutique\/wp-content\/uploads\/2025\/12\/osalim-senior-complemet-chien-chat.webp","width":800,"height":800},{"@type":"BreadcrumbList","@id":"https:\/\/www.vetorino.com\/boutique\/product\/osalim-senior\/#breadcrumb","itemListElement":[{"@type":"ListItem","position":1,"name":"Accueil","item":"https:\/\/www.vetorino.com\/boutique\/"},{"@type":"ListItem","position":2,"name":"Produits","item":"https:\/\/www.vetorino.com\/boutique\/"},{"@type":"ListItem","position":3,"name":"Osalim Senior + &#8211; chien, chat"}]},{"@type":"WebSite","@id":"https:\/\/www.vetorino.com\/boutique\/#website","url":"https:\/\/www.vetorino.com\/boutique\/","name":"V\u00e9torino","description":"","publisher":{"@id":"https:\/\/www.vetorino.com\/boutique\/#organization"},"potentialAction":[{"@type":"SearchAction","target":{"@type":"EntryPoint","urlTemplate":"https:\/\/www.vetorino.com\/boutique\/?s={search_term_string}"},"query-input":{"@type":"PropertyValueSpecification","valueRequired":true,"valueName":"search_term_string"}}],"inLanguage":"fr-FR"},{"@type":"Organization","@id":"https:\/\/www.vetorino.com\/boutique\/#organization","name":"V\u00e9torino","url":"https:\/\/www.vetorino.com\/boutique\/","logo":{"@type":"ImageObject","inLanguage":"fr-FR","@id":"https:\/\/www.vetorino.com\/boutique\/#\/schema\/logo\/image\/","url":"https:\/\/www.vetorino.com\/boutique\/wp-content\/uploads\/2024\/10\/logo.jpg","contentUrl":"https:\/\/www.vetorino.com\/boutique\/wp-content\/uploads\/2024\/10\/logo.jpg","width":1200,"height":610,"caption":"V\u00e9torino"},"image":{"@id":"https:\/\/www.vetorino.com\/boutique\/#\/schema\/logo\/image\/"},"sameAs":["https:\/\/www.facebook.com\/Vetorino\/","https:\/\/www.instagram.com\/vetorino_off\/","https:\/\/www.linkedin.com\/company\/vtorino\/"]}]},"product_brand":"Osalia","product_price_amount":"28.59","product_price_currency":"EUR","og_availability":"instock","product_availability":"instock","product_retailer_item_id":"A-1897380","product_condition":"new"},"_links":{"self":[{"href":"https:\/\/www.vetorino.com\/veterinaire\/ustaritz-64480\/boutique\/wp-json\/wp\/v2\/product\/1633313","targetHints":{"allow":["GET"]}}],"collection":[{"href":"https:\/\/www.vetorino.com\/veterinaire\/ustaritz-64480\/boutique\/wp-json\/wp\/v2\/product"}],"about":[{"href":"https:\/\/www.vetorino.com\/veterinaire\/ustaritz-64480\/boutique\/wp-json\/wp\/v2\/types\/product"}],"wp:featuredmedia":[{"embeddable":true,"href":"https:\/\/www.vetorino.com\/veterinaire\/ustaritz-64480\/boutique\/wp-json\/wp\/v2\/media\/1641794"}],"wp:attachment":[{"href":"https:\/\/www.vetorino.com\/veterinaire\/ustaritz-64480\/boutique\/wp-json\/wp\/v2\/media?parent=1633313"}],"wp:term":[{"taxonomy":"product_cat","embeddable":true,"href":"https:\/\/www.vetorino.com\/veterinaire\/ustaritz-64480\/boutique\/wp-json\/wp\/v2\/product_cat?post=1633313"},{"taxonomy":"product_tag","embeddable":true,"href":"https:\/\/www.vetorino.com\/veterinaire\/ustaritz-64480\/boutique\/wp-json\/wp\/v2\/product_tag?post=1633313"}],"curies":[{"name":"wp","href":"https:\/\/api.w.org\/{rel}","templated":true}]}}