{"id":1666280,"date":"2026-01-21T12:05:27","date_gmt":"2026-01-21T11:05:27","guid":{"rendered":"https:\/\/www.vetorino.com\/boutique\/product\/shampooing-sec-calmant-en-poudre\/"},"modified":"2026-01-26T10:14:25","modified_gmt":"2026-01-26T09:14:25","slug":"shampooing-sec-calmant-en-poudre","status":"publish","type":"product","link":"https:\/\/www.vetorino.com\/veterinaire\/ustaritz-64480\/boutique\/product\/shampooing-sec-calmant-en-poudre\/","title":{"rendered":"Shampooing Sec Calmant Poudre"},"content":{"rendered":"<p>Le <strong>shampooing sec calman<\/strong>t de chez Labbea est le parfait produit <strong>pour nettoyer et apaiser le pelage de votre chien ou de votre chat.\u00a0<\/strong><\/p>\n<p>Ce shampooing contient un <strong>m\u00e9lange<\/strong>\u00a0<strong>d&#8217;huiles essentielles<\/strong>\u00a0au <strong>vertus calmantes et apaisantes pour la peau<\/strong> de votre compagnon.<\/p>\n<p>Simple d&#8217;application, son format\u00a0<strong>en poudre<\/strong> vous permettra de bien disperser le shampooing pour une<strong> efficacit\u00e9 optimale.<\/strong><\/p>\n<ul>\n<li>Nettoie efficacement<\/li>\n<li>Effet calmant<\/li>\n<li>En poudre<\/li>\n<li>Simple d&#8217;application<\/li>\n<li>Ne n\u00e9cessite pas de rin\u00e7age<\/li>\n<\/ul>\n<p>&nbsp;<\/p>\n","protected":false},"excerpt":{"rendered":"<p>Le <strong>shampooing sec calman<\/strong>t de chez Labbea est le parfait produit <strong>pour nettoyer et apaiser le pelage de votre chien ou de votre chat.\u00a0<\/strong><\/p>\n<p>Ce shampooing contient un <strong>m\u00e9lange<\/strong>\u00a0<strong>d&#8217;huiles essentielles<\/strong>\u00a0au <strong>vertus calmantes et apaisantes pour la peau<\/strong> de votre compagnon.<\/p>\n<p>Simple d&#8217;application, son format\u00a0<strong>en poudre<\/strong> vous permettra de bien disperser le shampooing pour une<strong> efficacit\u00e9 optimale.<\/strong><\/p>\n<ul>\n<li>Nettoie efficacement<\/li>\n<li>Effet calmant<\/li>\n<li>En poudre<\/li>\n<li>Simple d&#8217;application<\/li>\n<li>Ne n\u00e9cessite pas de rin\u00e7age<\/li>\n<\/ul>\n","protected":false},"featured_media":1666459,"template":"","meta":[],"product_cat":[2697,2698,12611,12612,12560,12561],"product_tag":[],"class_list":{"0":"post-1666280","1":"product","2":"type-product","3":"status-publish","4":"has-post-thumbnail","6":"product_cat-chat","7":"product_cat-chien","8":"product_cat-hygiene-de-la-peau-et-du-pelage-du-chat","9":"product_cat-hygiene-de-la-peau-et-du-pelage-du-chien","10":"product_cat-hygiene-du-chat","11":"product_cat-hygiene-du-chien","12":"pa_marque-labbea","14":"first","15":"instock","16":"taxable","17":"shipping-taxable","18":"purchasable","19":"product-type-simple"},"yoast_head":"<!-- This site is optimized with the Yoast SEO plugin v27.3 - https:\/\/yoast.com\/product\/yoast-seo-wordpress\/ -->\n<title>Shampooing Sec Calmant Poudre Labbea - V\u00e9torino<\/title>\n<meta name=\"description\" content=\"Le shampooing sec calmant de chez Labbea est le parfait produit pour nettoyer et apaiser le pelage de votre chien ou de votre chat.\u00a0  Ce shampooing contient un m\u00e9lange\u00a0d&#039;huiles essentielles\u00a0au vertus calmantes et apaisantes pour la peau de votre compagnon.  Simple d&#039;application, son format\u00a0en poudre vous permettra de bien disperser le shampooing pour une efficacit\u00e9 optimale.   Nettoie efficacement  Effet calmant  En poudre  Simple d&#039;application  Ne n\u00e9cessite pas de rin\u00e7age\" \/>\n<meta name=\"robots\" content=\"noindex, nofollow\" \/>\n<meta property=\"og:locale\" content=\"fr_FR\" \/>\n<meta property=\"og:type\" content=\"article\" \/>\n<meta property=\"og:title\" content=\"Shampooing Sec Calmant Poudre Labbea - V\u00e9torino\" \/>\n<meta property=\"og:description\" content=\"Le shampooing sec calmant de chez Labbea est le parfait produit pour nettoyer et apaiser le pelage de votre chien ou de votre chat.\u00a0  Ce shampooing contient un m\u00e9lange\u00a0d&#039;huiles essentielles\u00a0au vertus calmantes et apaisantes pour la peau de votre compagnon.  Simple d&#039;application, son format\u00a0en poudre vous permettra de bien disperser le shampooing pour une efficacit\u00e9 optimale.   Nettoie efficacement  Effet calmant  En poudre  Simple d&#039;application  Ne n\u00e9cessite pas de rin\u00e7age\" \/>\n<meta property=\"og:url\" content=\"https:\/\/www.vetorino.com\/veterinaire\/ustaritz-64480\/boutique\/product\/shampooing-sec-calmant-en-poudre\/\" \/>\n<meta property=\"og:site_name\" content=\"V\u00e9torino\" \/>\n<meta property=\"article:publisher\" content=\"https:\/\/www.facebook.com\/Vetorino\/\" \/>\n<meta property=\"article:modified_time\" content=\"2026-01-26T09:14:25+00:00\" \/>\n<meta property=\"og:image\" content=\"https:\/\/www.vetorino.com\/boutique\/wp-content\/uploads\/2026\/01\/labbea-shamooing-sec-calmant-en-poudre-150-g.jpeg\" \/>\n\t<meta property=\"og:image:width\" content=\"700\" \/>\n\t<meta property=\"og:image:height\" content=\"700\" \/>\n\t<meta property=\"og:image:type\" content=\"image\/jpeg\" \/>\n<meta name=\"twitter:card\" content=\"summary_large_image\" \/>\n<meta name=\"twitter:label1\" content=\"Prix\" \/>\n\t<meta name=\"twitter:data1\" content=\"19,02&euro;\" \/>\n\t<meta name=\"twitter:label2\" content=\"Disponibilit\u00e9\" \/>\n\t<meta name=\"twitter:data2\" content=\"En stock\" \/>\n<script type=\"application\/ld+json\" class=\"yoast-schema-graph\">{\"@context\":\"https:\\\/\\\/schema.org\",\"@graph\":[{\"@type\":\"WebPage\",\"@id\":\"https:\\\/\\\/www.vetorino.com\\\/boutique\\\/product\\\/shampooing-sec-calmant-en-poudre\\\/\",\"url\":\"https:\\\/\\\/www.vetorino.com\\\/boutique\\\/product\\\/shampooing-sec-calmant-en-poudre\\\/\",\"name\":\"Shampooing Sec Calmant Poudre Labbea - V\u00e9torino\",\"isPartOf\":{\"@id\":\"https:\\\/\\\/www.vetorino.com\\\/boutique\\\/#website\"},\"primaryImageOfPage\":{\"@id\":\"https:\\\/\\\/www.vetorino.com\\\/boutique\\\/product\\\/shampooing-sec-calmant-en-poudre\\\/#primaryimage\"},\"image\":{\"@id\":\"https:\\\/\\\/www.vetorino.com\\\/boutique\\\/product\\\/shampooing-sec-calmant-en-poudre\\\/#primaryimage\"},\"thumbnailUrl\":\"https:\\\/\\\/www.vetorino.com\\\/boutique\\\/wp-content\\\/uploads\\\/2026\\\/01\\\/labbea-shamooing-sec-calmant-en-poudre-150-g.jpeg\",\"datePublished\":\"2026-01-21T11:05:27+00:00\",\"dateModified\":\"2026-01-26T09:14:25+00:00\",\"description\":\"Le shampooing sec calmant de chez Labbea est le parfait produit pour nettoyer et apaiser le pelage de votre chien ou de votre chat.\u00a0 Ce shampooing contient un m\u00e9lange\u00a0d'huiles essentielles\u00a0au vertus calmantes et apaisantes pour la peau de votre compagnon. Simple d'application, son format\u00a0en poudre vous permettra de bien disperser le shampooing pour une efficacit\u00e9 optimale. Nettoie efficacement Effet calmant En poudre Simple d'application Ne n\u00e9cessite pas de rin\u00e7age\",\"breadcrumb\":{\"@id\":\"https:\\\/\\\/www.vetorino.com\\\/boutique\\\/product\\\/shampooing-sec-calmant-en-poudre\\\/#breadcrumb\"},\"inLanguage\":\"fr-FR\",\"potentialAction\":[{\"@type\":\"ReadAction\",\"target\":[\"https:\\\/\\\/www.vetorino.com\\\/boutique\\\/product\\\/shampooing-sec-calmant-en-poudre\\\/\"]}]},{\"@type\":\"ImageObject\",\"inLanguage\":\"fr-FR\",\"@id\":\"https:\\\/\\\/www.vetorino.com\\\/boutique\\\/product\\\/shampooing-sec-calmant-en-poudre\\\/#primaryimage\",\"url\":\"https:\\\/\\\/www.vetorino.com\\\/boutique\\\/wp-content\\\/uploads\\\/2026\\\/01\\\/labbea-shamooing-sec-calmant-en-poudre-150-g.jpeg\",\"contentUrl\":\"https:\\\/\\\/www.vetorino.com\\\/boutique\\\/wp-content\\\/uploads\\\/2026\\\/01\\\/labbea-shamooing-sec-calmant-en-poudre-150-g.jpeg\",\"width\":700,\"height\":700},{\"@type\":\"BreadcrumbList\",\"@id\":\"https:\\\/\\\/www.vetorino.com\\\/boutique\\\/product\\\/shampooing-sec-calmant-en-poudre\\\/#breadcrumb\",\"itemListElement\":[{\"@type\":\"ListItem\",\"position\":1,\"name\":\"Accueil\",\"item\":\"https:\\\/\\\/www.vetorino.com\\\/boutique\\\/\"},{\"@type\":\"ListItem\",\"position\":2,\"name\":\"Produits\",\"item\":\"https:\\\/\\\/www.vetorino.com\\\/boutique\\\/\"},{\"@type\":\"ListItem\",\"position\":3,\"name\":\"Shampooing Sec Calmant Poudre\"}]},{\"@type\":\"WebSite\",\"@id\":\"https:\\\/\\\/www.vetorino.com\\\/boutique\\\/#website\",\"url\":\"https:\\\/\\\/www.vetorino.com\\\/boutique\\\/\",\"name\":\"V\u00e9torino\",\"description\":\"\",\"publisher\":{\"@id\":\"https:\\\/\\\/www.vetorino.com\\\/boutique\\\/#organization\"},\"potentialAction\":[{\"@type\":\"SearchAction\",\"target\":{\"@type\":\"EntryPoint\",\"urlTemplate\":\"https:\\\/\\\/www.vetorino.com\\\/boutique\\\/?s={search_term_string}\"},\"query-input\":{\"@type\":\"PropertyValueSpecification\",\"valueRequired\":true,\"valueName\":\"search_term_string\"}}],\"inLanguage\":\"fr-FR\"},{\"@type\":\"Organization\",\"@id\":\"https:\\\/\\\/www.vetorino.com\\\/boutique\\\/#organization\",\"name\":\"V\u00e9torino\",\"url\":\"https:\\\/\\\/www.vetorino.com\\\/boutique\\\/\",\"logo\":{\"@type\":\"ImageObject\",\"inLanguage\":\"fr-FR\",\"@id\":\"https:\\\/\\\/www.vetorino.com\\\/boutique\\\/#\\\/schema\\\/logo\\\/image\\\/\",\"url\":\"https:\\\/\\\/www.vetorino.com\\\/boutique\\\/wp-content\\\/uploads\\\/2024\\\/10\\\/logo.jpg\",\"contentUrl\":\"https:\\\/\\\/www.vetorino.com\\\/boutique\\\/wp-content\\\/uploads\\\/2024\\\/10\\\/logo.jpg\",\"width\":1200,\"height\":610,\"caption\":\"V\u00e9torino\"},\"image\":{\"@id\":\"https:\\\/\\\/www.vetorino.com\\\/boutique\\\/#\\\/schema\\\/logo\\\/image\\\/\"},\"sameAs\":[\"https:\\\/\\\/www.facebook.com\\\/Vetorino\\\/\",\"https:\\\/\\\/www.instagram.com\\\/vetorino_off\\\/\",\"https:\\\/\\\/www.linkedin.com\\\/company\\\/vtorino\\\/\"]}]}<\/script>\n<meta property=\"product:brand\" content=\"Labbea\" \/>\n<meta property=\"product:price:amount\" content=\"19.02\" \/>\n<meta property=\"product:price:currency\" content=\"EUR\" \/>\n<meta property=\"og:availability\" content=\"instock\" \/>\n<meta property=\"product:availability\" content=\"instock\" \/>\n<meta property=\"product:retailer_item_id\" content=\"A-1875750\" \/>\n<meta property=\"product:condition\" content=\"new\" \/>\n<!-- \/ Yoast SEO plugin. -->","yoast_head_json":{"title":"Shampooing Sec Calmant Poudre Labbea - V\u00e9torino","description":"Le shampooing sec calmant de chez Labbea est le parfait produit pour nettoyer et apaiser le pelage de votre chien ou de votre chat.\u00a0  Ce shampooing contient un m\u00e9lange\u00a0d'huiles essentielles\u00a0au vertus calmantes et apaisantes pour la peau de votre compagnon.  Simple d'application, son format\u00a0en poudre vous permettra de bien disperser le shampooing pour une efficacit\u00e9 optimale.   Nettoie efficacement  Effet calmant  En poudre  Simple d'application  Ne n\u00e9cessite pas de rin\u00e7age","robots":{"index":"noindex","follow":"nofollow"},"og_locale":"fr_FR","og_type":"article","og_title":"Shampooing Sec Calmant Poudre Labbea - V\u00e9torino","og_description":"Le shampooing sec calmant de chez Labbea est le parfait produit pour nettoyer et apaiser le pelage de votre chien ou de votre chat.\u00a0  Ce shampooing contient un m\u00e9lange\u00a0d'huiles essentielles\u00a0au vertus calmantes et apaisantes pour la peau de votre compagnon.  Simple d'application, son format\u00a0en poudre vous permettra de bien disperser le shampooing pour une efficacit\u00e9 optimale.   Nettoie efficacement  Effet calmant  En poudre  Simple d'application  Ne n\u00e9cessite pas de rin\u00e7age","og_url":"https:\/\/www.vetorino.com\/veterinaire\/ustaritz-64480\/boutique\/product\/shampooing-sec-calmant-en-poudre\/","og_site_name":"V\u00e9torino","article_publisher":"https:\/\/www.facebook.com\/Vetorino\/","article_modified_time":"2026-01-26T09:14:25+00:00","og_image":[{"width":700,"height":700,"url":"https:\/\/www.vetorino.com\/boutique\/wp-content\/uploads\/2026\/01\/labbea-shamooing-sec-calmant-en-poudre-150-g.jpeg","type":"image\/jpeg"}],"twitter_card":"summary_large_image","twitter_misc":{"Prix":"19,02&euro;","Disponibilit\u00e9":"En stock"},"schema":{"@context":"https:\/\/schema.org","@graph":[{"@type":"WebPage","@id":"https:\/\/www.vetorino.com\/boutique\/product\/shampooing-sec-calmant-en-poudre\/","url":"https:\/\/www.vetorino.com\/boutique\/product\/shampooing-sec-calmant-en-poudre\/","name":"Shampooing Sec Calmant Poudre Labbea - V\u00e9torino","isPartOf":{"@id":"https:\/\/www.vetorino.com\/boutique\/#website"},"primaryImageOfPage":{"@id":"https:\/\/www.vetorino.com\/boutique\/product\/shampooing-sec-calmant-en-poudre\/#primaryimage"},"image":{"@id":"https:\/\/www.vetorino.com\/boutique\/product\/shampooing-sec-calmant-en-poudre\/#primaryimage"},"thumbnailUrl":"https:\/\/www.vetorino.com\/boutique\/wp-content\/uploads\/2026\/01\/labbea-shamooing-sec-calmant-en-poudre-150-g.jpeg","datePublished":"2026-01-21T11:05:27+00:00","dateModified":"2026-01-26T09:14:25+00:00","description":"Le shampooing sec calmant de chez Labbea est le parfait produit pour nettoyer et apaiser le pelage de votre chien ou de votre chat.\u00a0 Ce shampooing contient un m\u00e9lange\u00a0d'huiles essentielles\u00a0au vertus calmantes et apaisantes pour la peau de votre compagnon. Simple d'application, son format\u00a0en poudre vous permettra de bien disperser le shampooing pour une efficacit\u00e9 optimale. Nettoie efficacement Effet calmant En poudre Simple d'application Ne n\u00e9cessite pas de rin\u00e7age","breadcrumb":{"@id":"https:\/\/www.vetorino.com\/boutique\/product\/shampooing-sec-calmant-en-poudre\/#breadcrumb"},"inLanguage":"fr-FR","potentialAction":[{"@type":"ReadAction","target":["https:\/\/www.vetorino.com\/boutique\/product\/shampooing-sec-calmant-en-poudre\/"]}]},{"@type":"ImageObject","inLanguage":"fr-FR","@id":"https:\/\/www.vetorino.com\/boutique\/product\/shampooing-sec-calmant-en-poudre\/#primaryimage","url":"https:\/\/www.vetorino.com\/boutique\/wp-content\/uploads\/2026\/01\/labbea-shamooing-sec-calmant-en-poudre-150-g.jpeg","contentUrl":"https:\/\/www.vetorino.com\/boutique\/wp-content\/uploads\/2026\/01\/labbea-shamooing-sec-calmant-en-poudre-150-g.jpeg","width":700,"height":700},{"@type":"BreadcrumbList","@id":"https:\/\/www.vetorino.com\/boutique\/product\/shampooing-sec-calmant-en-poudre\/#breadcrumb","itemListElement":[{"@type":"ListItem","position":1,"name":"Accueil","item":"https:\/\/www.vetorino.com\/boutique\/"},{"@type":"ListItem","position":2,"name":"Produits","item":"https:\/\/www.vetorino.com\/boutique\/"},{"@type":"ListItem","position":3,"name":"Shampooing Sec Calmant Poudre"}]},{"@type":"WebSite","@id":"https:\/\/www.vetorino.com\/boutique\/#website","url":"https:\/\/www.vetorino.com\/boutique\/","name":"V\u00e9torino","description":"","publisher":{"@id":"https:\/\/www.vetorino.com\/boutique\/#organization"},"potentialAction":[{"@type":"SearchAction","target":{"@type":"EntryPoint","urlTemplate":"https:\/\/www.vetorino.com\/boutique\/?s={search_term_string}"},"query-input":{"@type":"PropertyValueSpecification","valueRequired":true,"valueName":"search_term_string"}}],"inLanguage":"fr-FR"},{"@type":"Organization","@id":"https:\/\/www.vetorino.com\/boutique\/#organization","name":"V\u00e9torino","url":"https:\/\/www.vetorino.com\/boutique\/","logo":{"@type":"ImageObject","inLanguage":"fr-FR","@id":"https:\/\/www.vetorino.com\/boutique\/#\/schema\/logo\/image\/","url":"https:\/\/www.vetorino.com\/boutique\/wp-content\/uploads\/2024\/10\/logo.jpg","contentUrl":"https:\/\/www.vetorino.com\/boutique\/wp-content\/uploads\/2024\/10\/logo.jpg","width":1200,"height":610,"caption":"V\u00e9torino"},"image":{"@id":"https:\/\/www.vetorino.com\/boutique\/#\/schema\/logo\/image\/"},"sameAs":["https:\/\/www.facebook.com\/Vetorino\/","https:\/\/www.instagram.com\/vetorino_off\/","https:\/\/www.linkedin.com\/company\/vtorino\/"]}]},"product_brand":"Labbea","product_price_amount":"19.02","product_price_currency":"EUR","og_availability":"instock","product_availability":"instock","product_retailer_item_id":"A-1875750","product_condition":"new"},"_links":{"self":[{"href":"https:\/\/www.vetorino.com\/veterinaire\/ustaritz-64480\/boutique\/wp-json\/wp\/v2\/product\/1666280","targetHints":{"allow":["GET"]}}],"collection":[{"href":"https:\/\/www.vetorino.com\/veterinaire\/ustaritz-64480\/boutique\/wp-json\/wp\/v2\/product"}],"about":[{"href":"https:\/\/www.vetorino.com\/veterinaire\/ustaritz-64480\/boutique\/wp-json\/wp\/v2\/types\/product"}],"wp:featuredmedia":[{"embeddable":true,"href":"https:\/\/www.vetorino.com\/veterinaire\/ustaritz-64480\/boutique\/wp-json\/wp\/v2\/media\/1666459"}],"wp:attachment":[{"href":"https:\/\/www.vetorino.com\/veterinaire\/ustaritz-64480\/boutique\/wp-json\/wp\/v2\/media?parent=1666280"}],"wp:term":[{"taxonomy":"product_cat","embeddable":true,"href":"https:\/\/www.vetorino.com\/veterinaire\/ustaritz-64480\/boutique\/wp-json\/wp\/v2\/product_cat?post=1666280"},{"taxonomy":"product_tag","embeddable":true,"href":"https:\/\/www.vetorino.com\/veterinaire\/ustaritz-64480\/boutique\/wp-json\/wp\/v2\/product_tag?post=1666280"}],"curies":[{"name":"wp","href":"https:\/\/api.w.org\/{rel}","templated":true}]}}