{"id":1675137,"date":"2026-01-27T10:33:27","date_gmt":"2026-01-27T09:33:27","guid":{"rendered":"https:\/\/www.vetorino.com\/boutique\/product\/vetexpert-qalmil-advanced\/"},"modified":"2026-01-28T17:02:31","modified_gmt":"2026-01-28T16:02:31","slug":"vetexpert-qalmil-advanced","status":"publish","type":"product","link":"https:\/\/www.vetorino.com\/veterinaire\/ustaritz-64480\/boutique\/product\/vetexpert-qalmil-advanced\/","title":{"rendered":"Qalmil Advanced"},"content":{"rendered":"<div class=\"tabs product-tabs visible--desktop\">\n<div id=\"tab-content\" class=\"tab-content mb-4\">\n<div id=\"description\" class=\"tab-pane fade show active\" role=\"tabpanel\">\n<div class=\"product-description\">\n<p><strong>Le TRYPTOPHANE<\/strong> est un acide amin\u00e9 pr\u00e9curseur de la s\u00e9rotonine, neurotransmetteur du syst\u00e8me nerveux central. Une augmentation de la quantit\u00e9 de tryptophane dans le r\u00e9gime alimentaire entra\u00eene une hausse de sa concentration dans le cerveau. Cette production de s\u00e9rotonine accrue am\u00e9liore la r\u00e9sistance des chiens et des chats au stress, diminue l\u2019agressivit\u00e9 et apporte bien-\u00eatre et contr\u00f4le de l&#8217;humeur.<\/p>\n<p><strong>La VALERIANE,<\/strong> gr\u00e2ce \u00e0 la teneur en acide val\u00e9rianique et en acide gamma-aminobutyrique (GABA, principal neurotransmetteur inhibiteur du syst\u00e8me nerveux central chez les mammif\u00e8res), participe \u00e0 une r\u00e9duction de l&#8217;anxi\u00e9t\u00e9 et pr\u00e9sente un l\u00e9ger effet calmant. En se liant au m\u00eame r\u00e9cepteur, sa voie d\u2019action est similaire \u00e0 celle de la benzodiaz\u00e9pine. L\u2019effet apaisant est obtenu rapidement.<\/p>\n<p><strong>RHODIOLA ROSEA<\/strong> est une plante riche en substances actives uniques, naturelles, soutenant l&#8217;hom\u00e9ostasie de l&#8217;organisme, am\u00e9liorant la r\u00e9sistance au stress, \u00e0 l&#8217;\u00e9puisement et \u00e0 la fatigue. Les salidrosides sont les substances actives responsables des effets durables de Rhadiola rosea. Son extrait am\u00e9liore la r\u00e9sistance non sp\u00e9cifique au stress en augmentant la concentration en s\u00e9rotonine et en limitant la s\u00e9cr\u00e9tion excessive de la corticotropine.<\/p>\n<p><strong>La L-THEANINE<\/strong> est un acide amin\u00e9 non prot\u00e9ique pr\u00e9sent dans le th\u00e9 vert. Il aide \u00e0 r\u00e9duire le comportement li\u00e9 \u00e0 l&#8217;anxi\u00e9t\u00e9 et \u00e0 am\u00e9liorer les fonctions cognitives. Il a \u00e9galement des propri\u00e9t\u00e9s neuroprotectrices et montre un effet apaisant qui se traduit par une relaxation. Il aide \u00e9galement \u00e0 maintenir la concentration ad\u00e9quate de GABA, de s\u00e9rotonine et de dopamine dans le cerveau.<\/p>\n<\/div>\n<\/div>\n<\/div>\n<\/div>\n<div id=\"js-product-list-bottom\"><\/div>\n","protected":false},"excerpt":{"rendered":"<p><strong>Aliment compl\u00e9mentaire<\/strong> recommand\u00e9 chez les chats et les chiens <strong>afin de<\/strong> <strong>r\u00e9duire le stress et l&#8217;anxi\u00e9t\u00e9. <\/strong><\/p>\n<p>Le produit a un effet relaxant.<\/p>\n","protected":false},"featured_media":1677040,"template":"","meta":[],"product_cat":[2730,2738,2759,2786,2697,2698],"product_tag":[],"class_list":{"0":"post-1675137","1":"product","2":"type-product","3":"status-publish","4":"has-post-thumbnail","6":"product_cat-aliments-complementaires-pour-chat","7":"product_cat-aliments-complementaires-pour-chien","8":"product_cat-anti-stress-et-anxiete-pour-chat","9":"product_cat-anti-stress-et-anxiete-du-chien","10":"product_cat-chat","11":"product_cat-chien","12":"pa_marque-vetexpert","14":"first","15":"outofstock","16":"taxable","17":"shipping-taxable","18":"purchasable","19":"product-type-simple"},"yoast_head":"<!-- This site is optimized with the Yoast SEO plugin v27.3 - https:\/\/yoast.com\/product\/yoast-seo-wordpress\/ -->\n<title>Qalmil Advanced Vetexpert - V\u00e9torino<\/title>\n<meta name=\"description\" content=\"Aliment compl\u00e9mentaire recommand\u00e9 chez les chats et les chiens afin de r\u00e9duire le stress et l&#039;anxi\u00e9t\u00e9.   Le produit a un effet relaxant.\" \/>\n<meta name=\"robots\" content=\"noindex, nofollow\" \/>\n<meta property=\"og:locale\" content=\"fr_FR\" \/>\n<meta property=\"og:type\" content=\"article\" \/>\n<meta property=\"og:title\" content=\"Qalmil Advanced Vetexpert - V\u00e9torino\" \/>\n<meta property=\"og:description\" content=\"Aliment compl\u00e9mentaire recommand\u00e9 chez les chats et les chiens afin de r\u00e9duire le stress et l&#039;anxi\u00e9t\u00e9.   Le produit a un effet relaxant.\" \/>\n<meta property=\"og:url\" content=\"https:\/\/www.vetorino.com\/veterinaire\/ustaritz-64480\/boutique\/product\/vetexpert-qalmil-advanced\/\" \/>\n<meta property=\"og:site_name\" content=\"V\u00e9torino\" \/>\n<meta property=\"article:publisher\" content=\"https:\/\/www.facebook.com\/Vetorino\/\" \/>\n<meta property=\"article:modified_time\" content=\"2026-01-28T16:02:31+00:00\" \/>\n<meta property=\"og:image\" content=\"https:\/\/www.vetorino.com\/boutique\/wp-content\/uploads\/2026\/01\/qalmil-advanced.webp\" \/>\n\t<meta property=\"og:image:width\" content=\"800\" \/>\n\t<meta property=\"og:image:height\" content=\"800\" \/>\n\t<meta property=\"og:image:type\" content=\"image\/webp\" \/>\n<meta name=\"twitter:card\" content=\"summary_large_image\" \/>\n<meta name=\"twitter:label1\" content=\"Prix\" \/>\n\t<meta name=\"twitter:data1\" content=\"49,74&euro;\" \/>\n\t<meta name=\"twitter:label2\" content=\"Disponibilit\u00e9\" \/>\n\t<meta name=\"twitter:data2\" content=\"Rupture de stock\" \/>\n<script type=\"application\/ld+json\" class=\"yoast-schema-graph\">{\"@context\":\"https:\\\/\\\/schema.org\",\"@graph\":[{\"@type\":\"WebPage\",\"@id\":\"https:\\\/\\\/www.vetorino.com\\\/boutique\\\/product\\\/vetexpert-qalmil-advanced\\\/\",\"url\":\"https:\\\/\\\/www.vetorino.com\\\/boutique\\\/product\\\/vetexpert-qalmil-advanced\\\/\",\"name\":\"Qalmil Advanced Vetexpert - V\u00e9torino\",\"isPartOf\":{\"@id\":\"https:\\\/\\\/www.vetorino.com\\\/boutique\\\/#website\"},\"primaryImageOfPage\":{\"@id\":\"https:\\\/\\\/www.vetorino.com\\\/boutique\\\/product\\\/vetexpert-qalmil-advanced\\\/#primaryimage\"},\"image\":{\"@id\":\"https:\\\/\\\/www.vetorino.com\\\/boutique\\\/product\\\/vetexpert-qalmil-advanced\\\/#primaryimage\"},\"thumbnailUrl\":\"https:\\\/\\\/www.vetorino.com\\\/boutique\\\/wp-content\\\/uploads\\\/2026\\\/01\\\/qalmil-advanced.webp\",\"datePublished\":\"2026-01-27T09:33:27+00:00\",\"dateModified\":\"2026-01-28T16:02:31+00:00\",\"description\":\"Aliment compl\u00e9mentaire recommand\u00e9 chez les chats et les chiens afin de r\u00e9duire le stress et l'anxi\u00e9t\u00e9. Le produit a un effet relaxant.\",\"breadcrumb\":{\"@id\":\"https:\\\/\\\/www.vetorino.com\\\/boutique\\\/product\\\/vetexpert-qalmil-advanced\\\/#breadcrumb\"},\"inLanguage\":\"fr-FR\",\"potentialAction\":[{\"@type\":\"ReadAction\",\"target\":[\"https:\\\/\\\/www.vetorino.com\\\/boutique\\\/product\\\/vetexpert-qalmil-advanced\\\/\"]}]},{\"@type\":\"ImageObject\",\"inLanguage\":\"fr-FR\",\"@id\":\"https:\\\/\\\/www.vetorino.com\\\/boutique\\\/product\\\/vetexpert-qalmil-advanced\\\/#primaryimage\",\"url\":\"https:\\\/\\\/www.vetorino.com\\\/boutique\\\/wp-content\\\/uploads\\\/2026\\\/01\\\/qalmil-advanced.webp\",\"contentUrl\":\"https:\\\/\\\/www.vetorino.com\\\/boutique\\\/wp-content\\\/uploads\\\/2026\\\/01\\\/qalmil-advanced.webp\",\"width\":800,\"height\":800},{\"@type\":\"BreadcrumbList\",\"@id\":\"https:\\\/\\\/www.vetorino.com\\\/boutique\\\/product\\\/vetexpert-qalmil-advanced\\\/#breadcrumb\",\"itemListElement\":[{\"@type\":\"ListItem\",\"position\":1,\"name\":\"Accueil\",\"item\":\"https:\\\/\\\/www.vetorino.com\\\/boutique\\\/\"},{\"@type\":\"ListItem\",\"position\":2,\"name\":\"Produits\",\"item\":\"https:\\\/\\\/www.vetorino.com\\\/boutique\\\/\"},{\"@type\":\"ListItem\",\"position\":3,\"name\":\"Qalmil Advanced\"}]},{\"@type\":\"WebSite\",\"@id\":\"https:\\\/\\\/www.vetorino.com\\\/boutique\\\/#website\",\"url\":\"https:\\\/\\\/www.vetorino.com\\\/boutique\\\/\",\"name\":\"V\u00e9torino\",\"description\":\"\",\"publisher\":{\"@id\":\"https:\\\/\\\/www.vetorino.com\\\/boutique\\\/#organization\"},\"potentialAction\":[{\"@type\":\"SearchAction\",\"target\":{\"@type\":\"EntryPoint\",\"urlTemplate\":\"https:\\\/\\\/www.vetorino.com\\\/boutique\\\/?s={search_term_string}\"},\"query-input\":{\"@type\":\"PropertyValueSpecification\",\"valueRequired\":true,\"valueName\":\"search_term_string\"}}],\"inLanguage\":\"fr-FR\"},{\"@type\":\"Organization\",\"@id\":\"https:\\\/\\\/www.vetorino.com\\\/boutique\\\/#organization\",\"name\":\"V\u00e9torino\",\"url\":\"https:\\\/\\\/www.vetorino.com\\\/boutique\\\/\",\"logo\":{\"@type\":\"ImageObject\",\"inLanguage\":\"fr-FR\",\"@id\":\"https:\\\/\\\/www.vetorino.com\\\/boutique\\\/#\\\/schema\\\/logo\\\/image\\\/\",\"url\":\"https:\\\/\\\/www.vetorino.com\\\/boutique\\\/wp-content\\\/uploads\\\/2024\\\/10\\\/logo.jpg\",\"contentUrl\":\"https:\\\/\\\/www.vetorino.com\\\/boutique\\\/wp-content\\\/uploads\\\/2024\\\/10\\\/logo.jpg\",\"width\":1200,\"height\":610,\"caption\":\"V\u00e9torino\"},\"image\":{\"@id\":\"https:\\\/\\\/www.vetorino.com\\\/boutique\\\/#\\\/schema\\\/logo\\\/image\\\/\"},\"sameAs\":[\"https:\\\/\\\/www.facebook.com\\\/Vetorino\\\/\",\"https:\\\/\\\/www.instagram.com\\\/vetorino_off\\\/\",\"https:\\\/\\\/www.linkedin.com\\\/company\\\/vtorino\\\/\"]}]}<\/script>\n<meta property=\"product:brand\" content=\"Vetexpert\" \/>\n<meta property=\"product:price:amount\" content=\"49.74\" \/>\n<meta property=\"product:price:currency\" content=\"EUR\" \/>\n<meta property=\"og:availability\" content=\"out of stock\" \/>\n<meta property=\"product:availability\" content=\"out of stock\" \/>\n<meta property=\"product:retailer_item_id\" content=\"A-1888400\" \/>\n<meta property=\"product:condition\" content=\"new\" \/>\n<!-- \/ Yoast SEO plugin. -->","yoast_head_json":{"title":"Qalmil Advanced Vetexpert - V\u00e9torino","description":"Aliment compl\u00e9mentaire recommand\u00e9 chez les chats et les chiens afin de r\u00e9duire le stress et l'anxi\u00e9t\u00e9.   Le produit a un effet relaxant.","robots":{"index":"noindex","follow":"nofollow"},"og_locale":"fr_FR","og_type":"article","og_title":"Qalmil Advanced Vetexpert - V\u00e9torino","og_description":"Aliment compl\u00e9mentaire recommand\u00e9 chez les chats et les chiens afin de r\u00e9duire le stress et l'anxi\u00e9t\u00e9.   Le produit a un effet relaxant.","og_url":"https:\/\/www.vetorino.com\/veterinaire\/ustaritz-64480\/boutique\/product\/vetexpert-qalmil-advanced\/","og_site_name":"V\u00e9torino","article_publisher":"https:\/\/www.facebook.com\/Vetorino\/","article_modified_time":"2026-01-28T16:02:31+00:00","og_image":[{"width":800,"height":800,"url":"https:\/\/www.vetorino.com\/boutique\/wp-content\/uploads\/2026\/01\/qalmil-advanced.webp","type":"image\/webp"}],"twitter_card":"summary_large_image","twitter_misc":{"Prix":"49,74&euro;","Disponibilit\u00e9":"Rupture de stock"},"schema":{"@context":"https:\/\/schema.org","@graph":[{"@type":"WebPage","@id":"https:\/\/www.vetorino.com\/boutique\/product\/vetexpert-qalmil-advanced\/","url":"https:\/\/www.vetorino.com\/boutique\/product\/vetexpert-qalmil-advanced\/","name":"Qalmil Advanced Vetexpert - V\u00e9torino","isPartOf":{"@id":"https:\/\/www.vetorino.com\/boutique\/#website"},"primaryImageOfPage":{"@id":"https:\/\/www.vetorino.com\/boutique\/product\/vetexpert-qalmil-advanced\/#primaryimage"},"image":{"@id":"https:\/\/www.vetorino.com\/boutique\/product\/vetexpert-qalmil-advanced\/#primaryimage"},"thumbnailUrl":"https:\/\/www.vetorino.com\/boutique\/wp-content\/uploads\/2026\/01\/qalmil-advanced.webp","datePublished":"2026-01-27T09:33:27+00:00","dateModified":"2026-01-28T16:02:31+00:00","description":"Aliment compl\u00e9mentaire recommand\u00e9 chez les chats et les chiens afin de r\u00e9duire le stress et l'anxi\u00e9t\u00e9. Le produit a un effet relaxant.","breadcrumb":{"@id":"https:\/\/www.vetorino.com\/boutique\/product\/vetexpert-qalmil-advanced\/#breadcrumb"},"inLanguage":"fr-FR","potentialAction":[{"@type":"ReadAction","target":["https:\/\/www.vetorino.com\/boutique\/product\/vetexpert-qalmil-advanced\/"]}]},{"@type":"ImageObject","inLanguage":"fr-FR","@id":"https:\/\/www.vetorino.com\/boutique\/product\/vetexpert-qalmil-advanced\/#primaryimage","url":"https:\/\/www.vetorino.com\/boutique\/wp-content\/uploads\/2026\/01\/qalmil-advanced.webp","contentUrl":"https:\/\/www.vetorino.com\/boutique\/wp-content\/uploads\/2026\/01\/qalmil-advanced.webp","width":800,"height":800},{"@type":"BreadcrumbList","@id":"https:\/\/www.vetorino.com\/boutique\/product\/vetexpert-qalmil-advanced\/#breadcrumb","itemListElement":[{"@type":"ListItem","position":1,"name":"Accueil","item":"https:\/\/www.vetorino.com\/boutique\/"},{"@type":"ListItem","position":2,"name":"Produits","item":"https:\/\/www.vetorino.com\/boutique\/"},{"@type":"ListItem","position":3,"name":"Qalmil Advanced"}]},{"@type":"WebSite","@id":"https:\/\/www.vetorino.com\/boutique\/#website","url":"https:\/\/www.vetorino.com\/boutique\/","name":"V\u00e9torino","description":"","publisher":{"@id":"https:\/\/www.vetorino.com\/boutique\/#organization"},"potentialAction":[{"@type":"SearchAction","target":{"@type":"EntryPoint","urlTemplate":"https:\/\/www.vetorino.com\/boutique\/?s={search_term_string}"},"query-input":{"@type":"PropertyValueSpecification","valueRequired":true,"valueName":"search_term_string"}}],"inLanguage":"fr-FR"},{"@type":"Organization","@id":"https:\/\/www.vetorino.com\/boutique\/#organization","name":"V\u00e9torino","url":"https:\/\/www.vetorino.com\/boutique\/","logo":{"@type":"ImageObject","inLanguage":"fr-FR","@id":"https:\/\/www.vetorino.com\/boutique\/#\/schema\/logo\/image\/","url":"https:\/\/www.vetorino.com\/boutique\/wp-content\/uploads\/2024\/10\/logo.jpg","contentUrl":"https:\/\/www.vetorino.com\/boutique\/wp-content\/uploads\/2024\/10\/logo.jpg","width":1200,"height":610,"caption":"V\u00e9torino"},"image":{"@id":"https:\/\/www.vetorino.com\/boutique\/#\/schema\/logo\/image\/"},"sameAs":["https:\/\/www.facebook.com\/Vetorino\/","https:\/\/www.instagram.com\/vetorino_off\/","https:\/\/www.linkedin.com\/company\/vtorino\/"]}]},"product_brand":"Vetexpert","product_price_amount":"49.74","product_price_currency":"EUR","og_availability":"out of stock","product_availability":"out of stock","product_retailer_item_id":"A-1888400","product_condition":"new"},"_links":{"self":[{"href":"https:\/\/www.vetorino.com\/veterinaire\/ustaritz-64480\/boutique\/wp-json\/wp\/v2\/product\/1675137","targetHints":{"allow":["GET"]}}],"collection":[{"href":"https:\/\/www.vetorino.com\/veterinaire\/ustaritz-64480\/boutique\/wp-json\/wp\/v2\/product"}],"about":[{"href":"https:\/\/www.vetorino.com\/veterinaire\/ustaritz-64480\/boutique\/wp-json\/wp\/v2\/types\/product"}],"wp:featuredmedia":[{"embeddable":true,"href":"https:\/\/www.vetorino.com\/veterinaire\/ustaritz-64480\/boutique\/wp-json\/wp\/v2\/media\/1677040"}],"wp:attachment":[{"href":"https:\/\/www.vetorino.com\/veterinaire\/ustaritz-64480\/boutique\/wp-json\/wp\/v2\/media?parent=1675137"}],"wp:term":[{"taxonomy":"product_cat","embeddable":true,"href":"https:\/\/www.vetorino.com\/veterinaire\/ustaritz-64480\/boutique\/wp-json\/wp\/v2\/product_cat?post=1675137"},{"taxonomy":"product_tag","embeddable":true,"href":"https:\/\/www.vetorino.com\/veterinaire\/ustaritz-64480\/boutique\/wp-json\/wp\/v2\/product_tag?post=1675137"}],"curies":[{"name":"wp","href":"https:\/\/api.w.org\/{rel}","templated":true}]}}