{"id":1698151,"date":"2026-02-11T14:50:24","date_gmt":"2026-02-11T13:50:24","guid":{"rendered":"https:\/\/www.vetorino.com\/boutique\/product\/dialix-oxalate-plus\/"},"modified":"2026-02-16T16:57:22","modified_gmt":"2026-02-16T15:57:22","slug":"dialix-oxalate-plus","status":"publish","type":"product","link":"https:\/\/www.vetorino.com\/veterinaire\/ustaritz-64480\/boutique\/product\/dialix-oxalate-plus\/","title":{"rendered":"Dialix Oxalate Plus"},"content":{"rendered":"<p><strong><span style=\"color: #000000; font-family: Helvetica; font-size: medium;\">Alcalinisant urinaire. <\/span><\/strong><\/p>\n<p><span style=\"color: #000000; font-family: Helvetica; font-size: medium;\">Contient : <\/span><\/p>\n<p><span style=\"color: #000000; font-family: Helvetica; font-size: medium;\">du citrate de potassium &#8211; ch\u00e9lateur du calcium (effet &#8220;capteur de calcium&#8221;) et augmente le pH urinaire. <\/span><\/p>\n<p><span style=\"color: #000000; font-family: Helvetica; font-size: medium;\">de la glucosamine &#8211; aide \u00e0 renforcer le rev\u00eatement protecteur de la vessie. <\/span><\/p>\n<p><span style=\"color: #000000; font-family: Helvetica; font-size: medium;\">des om\u00e9gas 3 &#8211; action protectrice urinaire et r\u00e9nale. <\/span><\/p>\n<p><span style=\"color: #000000; font-family: Helvetica; font-size: medium;\">de la vitamine B6 &#8211; sa carence peut favoriser l&#8217;excr\u00e9tion urinaire et d&#8217;acide oxalique et pr\u00e9dispose \u00e0 la formation de calculs d&#8217;oxalate de calcium. <\/span><\/p>\n<p><span style=\"color: #000000; font-family: Helvetica; font-size: medium;\">du pissenlit &#8211; aide \u00e0 augmenter le volume urinaire en r\u00e9duisant la concentration de sels dans les urines. <\/span><\/p>\n<p><strong><span style=\"color: #000000; font-family: Helvetica; font-size: medium;\">Ne pas administrer plus de 4,5 bouch\u00e9es par jour.<\/span><\/strong><\/p>\n<p><span style=\"color: #000000; font-family: Helvetica; font-size: medium;\">Bouch\u00e9es tr\u00e8s app\u00e9tents qui <strong>facilitent la prise spontan\u00e9e quotidienne<\/strong>, respectant ainsi la relation avec l&#8217;animal et maximisant le respect de l&#8217;observance du traitement.<\/span><\/p>\n<p><strong>Demander conseil \u00e0 un v\u00e9t\u00e9rinaire.<\/strong><\/p>\n","protected":false},"excerpt":{"rendered":"<p><span style=\"color: #000000; font-family: Helvetica; font-size: medium;\"><strong>Aliment compl\u00e9mentaire<\/strong> tr\u00e8s app\u00e9tent, contenant du citrate de potassium, de la vitamine B6 et du taraxacum officinale, renforc\u00e9 de glucosamine et d&#8217;om\u00e9ga-3, qui<strong> aide \u00e0 r\u00e9duire la formation d&#8217;urolithes d&#8217;oxalate, d&#8217;urate et de cystine.<\/strong> <\/span><\/p>\n<p><span style=\"color: #000000; font-family: Helvetica; font-size: medium;\">Assure une <strong>protection urinaire et r\u00e9nale.<\/strong><\/span><\/p>\n<p><strong>Demander conseil \u00e0 un v\u00e9t\u00e9rinaire.<\/strong><\/p>\n","protected":false},"featured_media":1705621,"template":"","meta":[],"product_cat":[2730,2738,2697,2698],"product_tag":[],"class_list":{"0":"post-1698151","1":"product","2":"type-product","3":"status-publish","4":"has-post-thumbnail","6":"product_cat-aliments-complementaires-pour-chat","7":"product_cat-aliments-complementaires-pour-chien","8":"product_cat-chat","9":"product_cat-chien","10":"pa_marque-vetnova","12":"first","13":"instock","14":"taxable","15":"shipping-taxable","16":"purchasable","17":"product-type-variable"},"yoast_head":"<!-- This site is optimized with the Yoast SEO plugin v27.3 - https:\/\/yoast.com\/product\/yoast-seo-wordpress\/ -->\n<title>Dialix Oxalate Plus Vetnova - V\u00e9torino<\/title>\n<meta name=\"description\" content=\"Aliment compl\u00e9mentaire tr\u00e8s app\u00e9tent, contenant du citrate de potassium, de la vitamine B6 et du taraxacum officinale, renforc\u00e9 de glucosamine et d&#039;om\u00e9ga-3, qui aide \u00e0 r\u00e9duire la formation d&#039;urolithes d&#039;oxalate, d&#039;urate et de cystine.   Assure une protection urinaire et r\u00e9nale.  Demander conseil \u00e0 un v\u00e9t\u00e9rinaire.\" \/>\n<meta name=\"robots\" content=\"noindex, nofollow\" \/>\n<meta property=\"og:locale\" content=\"fr_FR\" \/>\n<meta property=\"og:type\" content=\"article\" \/>\n<meta property=\"og:title\" content=\"Dialix Oxalate Plus Vetnova - V\u00e9torino\" \/>\n<meta property=\"og:description\" content=\"Aliment compl\u00e9mentaire tr\u00e8s app\u00e9tent, contenant du citrate de potassium, de la vitamine B6 et du taraxacum officinale, renforc\u00e9 de glucosamine et d&#039;om\u00e9ga-3, qui aide \u00e0 r\u00e9duire la formation d&#039;urolithes d&#039;oxalate, d&#039;urate et de cystine.   Assure une protection urinaire et r\u00e9nale.  Demander conseil \u00e0 un v\u00e9t\u00e9rinaire.\" \/>\n<meta property=\"og:url\" content=\"https:\/\/www.vetorino.com\/veterinaire\/ustaritz-64480\/boutique\/product\/dialix-oxalate-plus\/\" \/>\n<meta property=\"og:site_name\" content=\"V\u00e9torino\" \/>\n<meta property=\"article:publisher\" content=\"https:\/\/www.facebook.com\/Vetorino\/\" \/>\n<meta property=\"article:modified_time\" content=\"2026-02-16T15:57:22+00:00\" \/>\n<meta property=\"og:image\" content=\"https:\/\/www.vetorino.com\/boutique\/wp-content\/uploads\/2026\/02\/vetnova-dialix-oxalate-plus-chat-chien-30-cps.jpeg\" \/>\n\t<meta property=\"og:image:width\" content=\"800\" \/>\n\t<meta property=\"og:image:height\" content=\"800\" \/>\n\t<meta property=\"og:image:type\" content=\"image\/jpeg\" \/>\n<meta name=\"twitter:card\" content=\"summary_large_image\" \/>\n<meta name=\"twitter:label1\" content=\"Disponibilit\u00e9\" \/>\n\t<meta name=\"twitter:data1\" content=\"En stock\" \/>\n<script type=\"application\/ld+json\" class=\"yoast-schema-graph\">{\"@context\":\"https:\\\/\\\/schema.org\",\"@graph\":[{\"@type\":\"WebPage\",\"@id\":\"https:\\\/\\\/www.vetorino.com\\\/boutique\\\/product\\\/dialix-oxalate-plus\\\/\",\"url\":\"https:\\\/\\\/www.vetorino.com\\\/boutique\\\/product\\\/dialix-oxalate-plus\\\/\",\"name\":\"Dialix Oxalate Plus Vetnova - V\u00e9torino\",\"isPartOf\":{\"@id\":\"https:\\\/\\\/www.vetorino.com\\\/boutique\\\/#website\"},\"primaryImageOfPage\":{\"@id\":\"https:\\\/\\\/www.vetorino.com\\\/boutique\\\/product\\\/dialix-oxalate-plus\\\/#primaryimage\"},\"image\":{\"@id\":\"https:\\\/\\\/www.vetorino.com\\\/boutique\\\/product\\\/dialix-oxalate-plus\\\/#primaryimage\"},\"thumbnailUrl\":\"https:\\\/\\\/www.vetorino.com\\\/boutique\\\/wp-content\\\/uploads\\\/2026\\\/02\\\/vetnova-dialix-oxalate-plus-chat-chien-30-cps.jpeg\",\"datePublished\":\"2026-02-11T13:50:24+00:00\",\"dateModified\":\"2026-02-16T15:57:22+00:00\",\"description\":\"Aliment compl\u00e9mentaire tr\u00e8s app\u00e9tent, contenant du citrate de potassium, de la vitamine B6 et du taraxacum officinale, renforc\u00e9 de glucosamine et d'om\u00e9ga-3, qui aide \u00e0 r\u00e9duire la formation d'urolithes d'oxalate, d'urate et de cystine. Assure une protection urinaire et r\u00e9nale. Demander conseil \u00e0 un v\u00e9t\u00e9rinaire.\",\"breadcrumb\":{\"@id\":\"https:\\\/\\\/www.vetorino.com\\\/boutique\\\/product\\\/dialix-oxalate-plus\\\/#breadcrumb\"},\"inLanguage\":\"fr-FR\",\"potentialAction\":[{\"@type\":\"ReadAction\",\"target\":[\"https:\\\/\\\/www.vetorino.com\\\/boutique\\\/product\\\/dialix-oxalate-plus\\\/\"]}]},{\"@type\":\"ImageObject\",\"inLanguage\":\"fr-FR\",\"@id\":\"https:\\\/\\\/www.vetorino.com\\\/boutique\\\/product\\\/dialix-oxalate-plus\\\/#primaryimage\",\"url\":\"https:\\\/\\\/www.vetorino.com\\\/boutique\\\/wp-content\\\/uploads\\\/2026\\\/02\\\/vetnova-dialix-oxalate-plus-chat-chien-30-cps.jpeg\",\"contentUrl\":\"https:\\\/\\\/www.vetorino.com\\\/boutique\\\/wp-content\\\/uploads\\\/2026\\\/02\\\/vetnova-dialix-oxalate-plus-chat-chien-30-cps.jpeg\",\"width\":800,\"height\":800},{\"@type\":\"BreadcrumbList\",\"@id\":\"https:\\\/\\\/www.vetorino.com\\\/boutique\\\/product\\\/dialix-oxalate-plus\\\/#breadcrumb\",\"itemListElement\":[{\"@type\":\"ListItem\",\"position\":1,\"name\":\"Accueil\",\"item\":\"https:\\\/\\\/www.vetorino.com\\\/boutique\\\/\"},{\"@type\":\"ListItem\",\"position\":2,\"name\":\"Produits\",\"item\":\"https:\\\/\\\/www.vetorino.com\\\/boutique\\\/\"},{\"@type\":\"ListItem\",\"position\":3,\"name\":\"Dialix Oxalate Plus\"}]},{\"@type\":\"WebSite\",\"@id\":\"https:\\\/\\\/www.vetorino.com\\\/boutique\\\/#website\",\"url\":\"https:\\\/\\\/www.vetorino.com\\\/boutique\\\/\",\"name\":\"V\u00e9torino\",\"description\":\"\",\"publisher\":{\"@id\":\"https:\\\/\\\/www.vetorino.com\\\/boutique\\\/#organization\"},\"potentialAction\":[{\"@type\":\"SearchAction\",\"target\":{\"@type\":\"EntryPoint\",\"urlTemplate\":\"https:\\\/\\\/www.vetorino.com\\\/boutique\\\/?s={search_term_string}\"},\"query-input\":{\"@type\":\"PropertyValueSpecification\",\"valueRequired\":true,\"valueName\":\"search_term_string\"}}],\"inLanguage\":\"fr-FR\"},{\"@type\":\"Organization\",\"@id\":\"https:\\\/\\\/www.vetorino.com\\\/boutique\\\/#organization\",\"name\":\"V\u00e9torino\",\"url\":\"https:\\\/\\\/www.vetorino.com\\\/boutique\\\/\",\"logo\":{\"@type\":\"ImageObject\",\"inLanguage\":\"fr-FR\",\"@id\":\"https:\\\/\\\/www.vetorino.com\\\/boutique\\\/#\\\/schema\\\/logo\\\/image\\\/\",\"url\":\"https:\\\/\\\/www.vetorino.com\\\/boutique\\\/wp-content\\\/uploads\\\/2024\\\/10\\\/logo.jpg\",\"contentUrl\":\"https:\\\/\\\/www.vetorino.com\\\/boutique\\\/wp-content\\\/uploads\\\/2024\\\/10\\\/logo.jpg\",\"width\":1200,\"height\":610,\"caption\":\"V\u00e9torino\"},\"image\":{\"@id\":\"https:\\\/\\\/www.vetorino.com\\\/boutique\\\/#\\\/schema\\\/logo\\\/image\\\/\"},\"sameAs\":[\"https:\\\/\\\/www.facebook.com\\\/Vetorino\\\/\",\"https:\\\/\\\/www.instagram.com\\\/vetorino_off\\\/\",\"https:\\\/\\\/www.linkedin.com\\\/company\\\/vtorino\\\/\"]}]}<\/script>\n<meta property=\"product:brand\" content=\"Vetnova\" \/>\n<meta property=\"og:availability\" content=\"instock\" \/>\n<meta property=\"product:availability\" content=\"instock\" \/>\n<meta property=\"product:condition\" content=\"new\" \/>\n<!-- \/ Yoast SEO plugin. -->","yoast_head_json":{"title":"Dialix Oxalate Plus Vetnova - V\u00e9torino","description":"Aliment compl\u00e9mentaire tr\u00e8s app\u00e9tent, contenant du citrate de potassium, de la vitamine B6 et du taraxacum officinale, renforc\u00e9 de glucosamine et d'om\u00e9ga-3, qui aide \u00e0 r\u00e9duire la formation d'urolithes d'oxalate, d'urate et de cystine.   Assure une protection urinaire et r\u00e9nale.  Demander conseil \u00e0 un v\u00e9t\u00e9rinaire.","robots":{"index":"noindex","follow":"nofollow"},"og_locale":"fr_FR","og_type":"article","og_title":"Dialix Oxalate Plus Vetnova - V\u00e9torino","og_description":"Aliment compl\u00e9mentaire tr\u00e8s app\u00e9tent, contenant du citrate de potassium, de la vitamine B6 et du taraxacum officinale, renforc\u00e9 de glucosamine et d'om\u00e9ga-3, qui aide \u00e0 r\u00e9duire la formation d'urolithes d'oxalate, d'urate et de cystine.   Assure une protection urinaire et r\u00e9nale.  Demander conseil \u00e0 un v\u00e9t\u00e9rinaire.","og_url":"https:\/\/www.vetorino.com\/veterinaire\/ustaritz-64480\/boutique\/product\/dialix-oxalate-plus\/","og_site_name":"V\u00e9torino","article_publisher":"https:\/\/www.facebook.com\/Vetorino\/","article_modified_time":"2026-02-16T15:57:22+00:00","og_image":[{"width":800,"height":800,"url":"https:\/\/www.vetorino.com\/boutique\/wp-content\/uploads\/2026\/02\/vetnova-dialix-oxalate-plus-chat-chien-30-cps.jpeg","type":"image\/jpeg"}],"twitter_card":"summary_large_image","twitter_misc":{"Disponibilit\u00e9":"En stock"},"schema":{"@context":"https:\/\/schema.org","@graph":[{"@type":"WebPage","@id":"https:\/\/www.vetorino.com\/boutique\/product\/dialix-oxalate-plus\/","url":"https:\/\/www.vetorino.com\/boutique\/product\/dialix-oxalate-plus\/","name":"Dialix Oxalate Plus Vetnova - V\u00e9torino","isPartOf":{"@id":"https:\/\/www.vetorino.com\/boutique\/#website"},"primaryImageOfPage":{"@id":"https:\/\/www.vetorino.com\/boutique\/product\/dialix-oxalate-plus\/#primaryimage"},"image":{"@id":"https:\/\/www.vetorino.com\/boutique\/product\/dialix-oxalate-plus\/#primaryimage"},"thumbnailUrl":"https:\/\/www.vetorino.com\/boutique\/wp-content\/uploads\/2026\/02\/vetnova-dialix-oxalate-plus-chat-chien-30-cps.jpeg","datePublished":"2026-02-11T13:50:24+00:00","dateModified":"2026-02-16T15:57:22+00:00","description":"Aliment compl\u00e9mentaire tr\u00e8s app\u00e9tent, contenant du citrate de potassium, de la vitamine B6 et du taraxacum officinale, renforc\u00e9 de glucosamine et d'om\u00e9ga-3, qui aide \u00e0 r\u00e9duire la formation d'urolithes d'oxalate, d'urate et de cystine. Assure une protection urinaire et r\u00e9nale. Demander conseil \u00e0 un v\u00e9t\u00e9rinaire.","breadcrumb":{"@id":"https:\/\/www.vetorino.com\/boutique\/product\/dialix-oxalate-plus\/#breadcrumb"},"inLanguage":"fr-FR","potentialAction":[{"@type":"ReadAction","target":["https:\/\/www.vetorino.com\/boutique\/product\/dialix-oxalate-plus\/"]}]},{"@type":"ImageObject","inLanguage":"fr-FR","@id":"https:\/\/www.vetorino.com\/boutique\/product\/dialix-oxalate-plus\/#primaryimage","url":"https:\/\/www.vetorino.com\/boutique\/wp-content\/uploads\/2026\/02\/vetnova-dialix-oxalate-plus-chat-chien-30-cps.jpeg","contentUrl":"https:\/\/www.vetorino.com\/boutique\/wp-content\/uploads\/2026\/02\/vetnova-dialix-oxalate-plus-chat-chien-30-cps.jpeg","width":800,"height":800},{"@type":"BreadcrumbList","@id":"https:\/\/www.vetorino.com\/boutique\/product\/dialix-oxalate-plus\/#breadcrumb","itemListElement":[{"@type":"ListItem","position":1,"name":"Accueil","item":"https:\/\/www.vetorino.com\/boutique\/"},{"@type":"ListItem","position":2,"name":"Produits","item":"https:\/\/www.vetorino.com\/boutique\/"},{"@type":"ListItem","position":3,"name":"Dialix Oxalate Plus"}]},{"@type":"WebSite","@id":"https:\/\/www.vetorino.com\/boutique\/#website","url":"https:\/\/www.vetorino.com\/boutique\/","name":"V\u00e9torino","description":"","publisher":{"@id":"https:\/\/www.vetorino.com\/boutique\/#organization"},"potentialAction":[{"@type":"SearchAction","target":{"@type":"EntryPoint","urlTemplate":"https:\/\/www.vetorino.com\/boutique\/?s={search_term_string}"},"query-input":{"@type":"PropertyValueSpecification","valueRequired":true,"valueName":"search_term_string"}}],"inLanguage":"fr-FR"},{"@type":"Organization","@id":"https:\/\/www.vetorino.com\/boutique\/#organization","name":"V\u00e9torino","url":"https:\/\/www.vetorino.com\/boutique\/","logo":{"@type":"ImageObject","inLanguage":"fr-FR","@id":"https:\/\/www.vetorino.com\/boutique\/#\/schema\/logo\/image\/","url":"https:\/\/www.vetorino.com\/boutique\/wp-content\/uploads\/2024\/10\/logo.jpg","contentUrl":"https:\/\/www.vetorino.com\/boutique\/wp-content\/uploads\/2024\/10\/logo.jpg","width":1200,"height":610,"caption":"V\u00e9torino"},"image":{"@id":"https:\/\/www.vetorino.com\/boutique\/#\/schema\/logo\/image\/"},"sameAs":["https:\/\/www.facebook.com\/Vetorino\/","https:\/\/www.instagram.com\/vetorino_off\/","https:\/\/www.linkedin.com\/company\/vtorino\/"]}]},"product_brand":"Vetnova","og_availability":"instock","product_availability":"instock","product_condition":"new"},"_links":{"self":[{"href":"https:\/\/www.vetorino.com\/veterinaire\/ustaritz-64480\/boutique\/wp-json\/wp\/v2\/product\/1698151","targetHints":{"allow":["GET"]}}],"collection":[{"href":"https:\/\/www.vetorino.com\/veterinaire\/ustaritz-64480\/boutique\/wp-json\/wp\/v2\/product"}],"about":[{"href":"https:\/\/www.vetorino.com\/veterinaire\/ustaritz-64480\/boutique\/wp-json\/wp\/v2\/types\/product"}],"wp:featuredmedia":[{"embeddable":true,"href":"https:\/\/www.vetorino.com\/veterinaire\/ustaritz-64480\/boutique\/wp-json\/wp\/v2\/media\/1705621"}],"wp:attachment":[{"href":"https:\/\/www.vetorino.com\/veterinaire\/ustaritz-64480\/boutique\/wp-json\/wp\/v2\/media?parent=1698151"}],"wp:term":[{"taxonomy":"product_cat","embeddable":true,"href":"https:\/\/www.vetorino.com\/veterinaire\/ustaritz-64480\/boutique\/wp-json\/wp\/v2\/product_cat?post=1698151"},{"taxonomy":"product_tag","embeddable":true,"href":"https:\/\/www.vetorino.com\/veterinaire\/ustaritz-64480\/boutique\/wp-json\/wp\/v2\/product_tag?post=1698151"}],"curies":[{"name":"wp","href":"https:\/\/api.w.org\/{rel}","templated":true}]}}