{"id":174520,"date":"2021-04-29T17:28:58","date_gmt":"2021-04-29T15:28:58","guid":{"rendered":"https:\/\/www.vetorino.com\/boutique\/product\/keriox-shampoing-apaisant-2\/"},"modified":"2024-04-23T15:42:00","modified_gmt":"2024-04-23T13:42:00","slug":"keriox-shampoing-apaisant-2","status":"publish","type":"product","link":"https:\/\/www.vetorino.com\/veterinaire\/ustaritz-64480\/boutique\/product\/keriox-shampoing-apaisant-2\/","title":{"rendered":"Keriox Shampoing Apaisant"},"content":{"rendered":"<p><strong>Shampoing aux propri\u00e9t\u00e9s apaisantes, hydratantes et anti-d\u00e9mangeaisons qui contribue \u00e0 apaiser, restructurer et r\u00e9tablir l&#8217;\u00e9cosyst\u00e8me cutan\u00e9.<\/strong><\/p>\n<p><strong>Utilisation :<\/strong><\/p>\n<ul>\n<li>Chien, le chat, le cheval\u00a0ou NAC trait\u00e9s pour une dermatose prurigineuse ou une dermatite allergique, pr\u00e9sentant des d\u00e9mangeaisons et des irritations tr\u00e8s localis\u00e9es.<\/li>\n<li>Petit rongeur trait\u00e9 pour une gale sarcoptique ou autre ectoparasitose, pour apaiser les zones irrit\u00e9es localis\u00e9es.<\/li>\n<\/ul>\n<p><strong>Mode d&#8217;emploi :<\/strong><\/p>\n<ul>\n<li>Agiter avant emploi.<\/li>\n<li>Appliquer sur poil mouill\u00e9.<\/li>\n<li>Faire mousser en massant du bout des doigts,en ajoutant un peu d\u2019eau si n\u00e9cessaire.<\/li>\n<li>Laisser agir tout en massant 3 \u00e0 5 minutes.<\/li>\n<li>Bien rincer.<\/li>\n<\/ul>\n<p><strong>Avantages :<\/strong><\/p>\n<ul>\n<li>Apaise, hydrate et anti-d\u00e9mangeaisons gr\u00e2ce \u00e0 la pr\u00e9sence d&#8217;un d\u00e9riv\u00e9 de Silanol associ\u00e9 \u00e0 un extrait de Boswellia.<\/li>\n<li>Le complexe brevet\u00e9 HaAg+ contribue \u00e0 apaiser, restructurer et r\u00e9tablir l&#8217;\u00e9cosyst\u00e8me cutan\u00e9.<\/li>\n<\/ul>\n","protected":false},"excerpt":{"rendered":"<p><strong>Shampoing aux propri\u00e9t\u00e9s apaisantes, hydratantes et anti-d\u00e9mangeaisons qui contribue \u00e0 apaiser, restructurer et r\u00e9tablir l&#8217;\u00e9cosyst\u00e8me cutan\u00e9.<\/strong><\/p>\n<p><strong>Utilisation :<\/strong><\/p>\n<ul>\n<li>Chien, le chat, le cheval\u00a0ou NAC trait\u00e9s pour une dermatose prurigineuse ou une dermatite allergique, pr\u00e9sentant des d\u00e9mangeaisons et des irritations tr\u00e8s localis\u00e9es.<\/li>\n<li>Petit rongeur trait\u00e9 pour une gale sarcoptique ou autre ectoparasitose, pour apaiser les zones irrit\u00e9es localis\u00e9es.<\/li>\n<\/ul>\n","protected":false},"featured_media":903486,"template":"","meta":[],"product_cat":[2697,12547,2698,2744,12611,12612,12560,12561,12570,12565],"product_tag":[],"class_list":{"0":"post-174520","1":"product","2":"type-product","3":"status-publish","4":"has-post-thumbnail","6":"product_cat-chat","7":"product_cat-cheval","8":"product_cat-chien","9":"product_cat-furet","10":"product_cat-hygiene-de-la-peau-et-du-pelage-du-chat","11":"product_cat-hygiene-de-la-peau-et-du-pelage-du-chien","12":"product_cat-hygiene-du-chat","13":"product_cat-hygiene-du-chien","14":"product_cat-rongeur","15":"product_cat-peau-corne-crin-du-cheval","16":"pa_marque-osalia","18":"first","19":"instock","20":"taxable","21":"shipping-taxable","22":"purchasable","23":"product-type-variable"},"yoast_head":"<!-- This site is optimized with the Yoast SEO plugin v27.3 - https:\/\/yoast.com\/product\/yoast-seo-wordpress\/ -->\n<title>Keriox Shampoing Apaisant Osalia - V\u00e9torino<\/title>\n<meta name=\"description\" content=\"Shampoing aux propri\u00e9t\u00e9s apaisantes, hydratantes et anti-d\u00e9mangeaisons qui contribue \u00e0 apaiser, restructurer et r\u00e9tablir l&#039;\u00e9cosyst\u00e8me cutan\u00e9.  Utilisation :   Chien, le chat, le cheval\u00a0ou NAC trait\u00e9s pour une dermatose prurigineuse ou une dermatite allergique, pr\u00e9sentant des d\u00e9mangeaisons et des irritations tr\u00e8s localis\u00e9es.  Petit rongeur trait\u00e9 pour une gale sarcoptique ou autre ectoparasitose, pour apaiser les zones irrit\u00e9es localis\u00e9es.\" \/>\n<meta name=\"robots\" content=\"noindex, nofollow\" \/>\n<meta property=\"og:locale\" content=\"fr_FR\" \/>\n<meta property=\"og:type\" content=\"article\" \/>\n<meta property=\"og:title\" content=\"Keriox Shampoing Apaisant Osalia - V\u00e9torino\" \/>\n<meta property=\"og:description\" content=\"Shampoing aux propri\u00e9t\u00e9s apaisantes, hydratantes et anti-d\u00e9mangeaisons qui contribue \u00e0 apaiser, restructurer et r\u00e9tablir l&#039;\u00e9cosyst\u00e8me cutan\u00e9.  Utilisation :   Chien, le chat, le cheval\u00a0ou NAC trait\u00e9s pour une dermatose prurigineuse ou une dermatite allergique, pr\u00e9sentant des d\u00e9mangeaisons et des irritations tr\u00e8s localis\u00e9es.  Petit rongeur trait\u00e9 pour une gale sarcoptique ou autre ectoparasitose, pour apaiser les zones irrit\u00e9es localis\u00e9es.\" \/>\n<meta property=\"og:url\" content=\"https:\/\/www.vetorino.com\/veterinaire\/ustaritz-64480\/boutique\/product\/keriox-shampoing-apaisant-2\/\" \/>\n<meta property=\"og:site_name\" content=\"V\u00e9torino\" \/>\n<meta property=\"article:publisher\" content=\"https:\/\/www.facebook.com\/Vetorino\/\" \/>\n<meta property=\"article:modified_time\" content=\"2024-04-23T13:42:00+00:00\" \/>\n<meta property=\"og:image\" content=\"https:\/\/www.vetorino.com\/boutique\/wp-content\/uploads\/2021\/04\/keriox-shampoing-apaisant.png\" \/>\n\t<meta property=\"og:image:width\" content=\"540\" \/>\n\t<meta property=\"og:image:height\" content=\"540\" \/>\n\t<meta property=\"og:image:type\" content=\"image\/png\" \/>\n<meta name=\"twitter:card\" content=\"summary_large_image\" \/>\n<meta name=\"twitter:label1\" content=\"Disponibilit\u00e9\" \/>\n\t<meta name=\"twitter:data1\" content=\"En stock\" \/>\n<script type=\"application\/ld+json\" class=\"yoast-schema-graph\">{\"@context\":\"https:\\\/\\\/schema.org\",\"@graph\":[{\"@type\":\"WebPage\",\"@id\":\"https:\\\/\\\/www.vetorino.com\\\/boutique\\\/product\\\/keriox-shampoing-apaisant-2\\\/\",\"url\":\"https:\\\/\\\/www.vetorino.com\\\/boutique\\\/product\\\/keriox-shampoing-apaisant-2\\\/\",\"name\":\"Keriox Shampoing Apaisant Osalia - V\u00e9torino\",\"isPartOf\":{\"@id\":\"https:\\\/\\\/www.vetorino.com\\\/boutique\\\/#website\"},\"primaryImageOfPage\":{\"@id\":\"https:\\\/\\\/www.vetorino.com\\\/boutique\\\/product\\\/keriox-shampoing-apaisant-2\\\/#primaryimage\"},\"image\":{\"@id\":\"https:\\\/\\\/www.vetorino.com\\\/boutique\\\/product\\\/keriox-shampoing-apaisant-2\\\/#primaryimage\"},\"thumbnailUrl\":\"https:\\\/\\\/www.vetorino.com\\\/boutique\\\/wp-content\\\/uploads\\\/2021\\\/04\\\/keriox-shampoing-apaisant.png\",\"datePublished\":\"2021-04-29T15:28:58+00:00\",\"dateModified\":\"2024-04-23T13:42:00+00:00\",\"description\":\"Shampoing aux propri\u00e9t\u00e9s apaisantes, hydratantes et anti-d\u00e9mangeaisons qui contribue \u00e0 apaiser, restructurer et r\u00e9tablir l'\u00e9cosyst\u00e8me cutan\u00e9. Utilisation : Chien, le chat, le cheval\u00a0ou NAC trait\u00e9s pour une dermatose prurigineuse ou une dermatite allergique, pr\u00e9sentant des d\u00e9mangeaisons et des irritations tr\u00e8s localis\u00e9es. Petit rongeur trait\u00e9 pour une gale sarcoptique ou autre ectoparasitose, pour apaiser les zones irrit\u00e9es localis\u00e9es.\",\"breadcrumb\":{\"@id\":\"https:\\\/\\\/www.vetorino.com\\\/boutique\\\/product\\\/keriox-shampoing-apaisant-2\\\/#breadcrumb\"},\"inLanguage\":\"fr-FR\",\"potentialAction\":[{\"@type\":\"ReadAction\",\"target\":[\"https:\\\/\\\/www.vetorino.com\\\/boutique\\\/product\\\/keriox-shampoing-apaisant-2\\\/\"]}]},{\"@type\":\"ImageObject\",\"inLanguage\":\"fr-FR\",\"@id\":\"https:\\\/\\\/www.vetorino.com\\\/boutique\\\/product\\\/keriox-shampoing-apaisant-2\\\/#primaryimage\",\"url\":\"https:\\\/\\\/www.vetorino.com\\\/boutique\\\/wp-content\\\/uploads\\\/2021\\\/04\\\/keriox-shampoing-apaisant.png\",\"contentUrl\":\"https:\\\/\\\/www.vetorino.com\\\/boutique\\\/wp-content\\\/uploads\\\/2021\\\/04\\\/keriox-shampoing-apaisant.png\",\"width\":540,\"height\":540},{\"@type\":\"BreadcrumbList\",\"@id\":\"https:\\\/\\\/www.vetorino.com\\\/boutique\\\/product\\\/keriox-shampoing-apaisant-2\\\/#breadcrumb\",\"itemListElement\":[{\"@type\":\"ListItem\",\"position\":1,\"name\":\"Accueil\",\"item\":\"https:\\\/\\\/www.vetorino.com\\\/boutique\\\/\"},{\"@type\":\"ListItem\",\"position\":2,\"name\":\"Produits\",\"item\":\"https:\\\/\\\/www.vetorino.com\\\/boutique\\\/\"},{\"@type\":\"ListItem\",\"position\":3,\"name\":\"Keriox Shampoing Apaisant\"}]},{\"@type\":\"WebSite\",\"@id\":\"https:\\\/\\\/www.vetorino.com\\\/boutique\\\/#website\",\"url\":\"https:\\\/\\\/www.vetorino.com\\\/boutique\\\/\",\"name\":\"V\u00e9torino\",\"description\":\"\",\"publisher\":{\"@id\":\"https:\\\/\\\/www.vetorino.com\\\/boutique\\\/#organization\"},\"potentialAction\":[{\"@type\":\"SearchAction\",\"target\":{\"@type\":\"EntryPoint\",\"urlTemplate\":\"https:\\\/\\\/www.vetorino.com\\\/boutique\\\/?s={search_term_string}\"},\"query-input\":{\"@type\":\"PropertyValueSpecification\",\"valueRequired\":true,\"valueName\":\"search_term_string\"}}],\"inLanguage\":\"fr-FR\"},{\"@type\":\"Organization\",\"@id\":\"https:\\\/\\\/www.vetorino.com\\\/boutique\\\/#organization\",\"name\":\"V\u00e9torino\",\"url\":\"https:\\\/\\\/www.vetorino.com\\\/boutique\\\/\",\"logo\":{\"@type\":\"ImageObject\",\"inLanguage\":\"fr-FR\",\"@id\":\"https:\\\/\\\/www.vetorino.com\\\/boutique\\\/#\\\/schema\\\/logo\\\/image\\\/\",\"url\":\"https:\\\/\\\/www.vetorino.com\\\/boutique\\\/wp-content\\\/uploads\\\/2024\\\/10\\\/logo.jpg\",\"contentUrl\":\"https:\\\/\\\/www.vetorino.com\\\/boutique\\\/wp-content\\\/uploads\\\/2024\\\/10\\\/logo.jpg\",\"width\":1200,\"height\":610,\"caption\":\"V\u00e9torino\"},\"image\":{\"@id\":\"https:\\\/\\\/www.vetorino.com\\\/boutique\\\/#\\\/schema\\\/logo\\\/image\\\/\"},\"sameAs\":[\"https:\\\/\\\/www.facebook.com\\\/Vetorino\\\/\",\"https:\\\/\\\/www.instagram.com\\\/vetorino_off\\\/\",\"https:\\\/\\\/www.linkedin.com\\\/company\\\/vtorino\\\/\"]}]}<\/script>\n<meta property=\"product:brand\" content=\"Osalia\" \/>\n<meta property=\"og:availability\" content=\"instock\" \/>\n<meta property=\"product:availability\" content=\"instock\" \/>\n<meta property=\"product:condition\" content=\"new\" \/>\n<!-- \/ Yoast SEO plugin. -->","yoast_head_json":{"title":"Keriox Shampoing Apaisant Osalia - V\u00e9torino","description":"Shampoing aux propri\u00e9t\u00e9s apaisantes, hydratantes et anti-d\u00e9mangeaisons qui contribue \u00e0 apaiser, restructurer et r\u00e9tablir l'\u00e9cosyst\u00e8me cutan\u00e9.  Utilisation :   Chien, le chat, le cheval\u00a0ou NAC trait\u00e9s pour une dermatose prurigineuse ou une dermatite allergique, pr\u00e9sentant des d\u00e9mangeaisons et des irritations tr\u00e8s localis\u00e9es.  Petit rongeur trait\u00e9 pour une gale sarcoptique ou autre ectoparasitose, pour apaiser les zones irrit\u00e9es localis\u00e9es.","robots":{"index":"noindex","follow":"nofollow"},"og_locale":"fr_FR","og_type":"article","og_title":"Keriox Shampoing Apaisant Osalia - V\u00e9torino","og_description":"Shampoing aux propri\u00e9t\u00e9s apaisantes, hydratantes et anti-d\u00e9mangeaisons qui contribue \u00e0 apaiser, restructurer et r\u00e9tablir l'\u00e9cosyst\u00e8me cutan\u00e9.  Utilisation :   Chien, le chat, le cheval\u00a0ou NAC trait\u00e9s pour une dermatose prurigineuse ou une dermatite allergique, pr\u00e9sentant des d\u00e9mangeaisons et des irritations tr\u00e8s localis\u00e9es.  Petit rongeur trait\u00e9 pour une gale sarcoptique ou autre ectoparasitose, pour apaiser les zones irrit\u00e9es localis\u00e9es.","og_url":"https:\/\/www.vetorino.com\/veterinaire\/ustaritz-64480\/boutique\/product\/keriox-shampoing-apaisant-2\/","og_site_name":"V\u00e9torino","article_publisher":"https:\/\/www.facebook.com\/Vetorino\/","article_modified_time":"2024-04-23T13:42:00+00:00","og_image":[{"width":540,"height":540,"url":"https:\/\/www.vetorino.com\/boutique\/wp-content\/uploads\/2021\/04\/keriox-shampoing-apaisant.png","type":"image\/png"}],"twitter_card":"summary_large_image","twitter_misc":{"Disponibilit\u00e9":"En stock"},"schema":{"@context":"https:\/\/schema.org","@graph":[{"@type":"WebPage","@id":"https:\/\/www.vetorino.com\/boutique\/product\/keriox-shampoing-apaisant-2\/","url":"https:\/\/www.vetorino.com\/boutique\/product\/keriox-shampoing-apaisant-2\/","name":"Keriox Shampoing Apaisant Osalia - V\u00e9torino","isPartOf":{"@id":"https:\/\/www.vetorino.com\/boutique\/#website"},"primaryImageOfPage":{"@id":"https:\/\/www.vetorino.com\/boutique\/product\/keriox-shampoing-apaisant-2\/#primaryimage"},"image":{"@id":"https:\/\/www.vetorino.com\/boutique\/product\/keriox-shampoing-apaisant-2\/#primaryimage"},"thumbnailUrl":"https:\/\/www.vetorino.com\/boutique\/wp-content\/uploads\/2021\/04\/keriox-shampoing-apaisant.png","datePublished":"2021-04-29T15:28:58+00:00","dateModified":"2024-04-23T13:42:00+00:00","description":"Shampoing aux propri\u00e9t\u00e9s apaisantes, hydratantes et anti-d\u00e9mangeaisons qui contribue \u00e0 apaiser, restructurer et r\u00e9tablir l'\u00e9cosyst\u00e8me cutan\u00e9. Utilisation : Chien, le chat, le cheval\u00a0ou NAC trait\u00e9s pour une dermatose prurigineuse ou une dermatite allergique, pr\u00e9sentant des d\u00e9mangeaisons et des irritations tr\u00e8s localis\u00e9es. Petit rongeur trait\u00e9 pour une gale sarcoptique ou autre ectoparasitose, pour apaiser les zones irrit\u00e9es localis\u00e9es.","breadcrumb":{"@id":"https:\/\/www.vetorino.com\/boutique\/product\/keriox-shampoing-apaisant-2\/#breadcrumb"},"inLanguage":"fr-FR","potentialAction":[{"@type":"ReadAction","target":["https:\/\/www.vetorino.com\/boutique\/product\/keriox-shampoing-apaisant-2\/"]}]},{"@type":"ImageObject","inLanguage":"fr-FR","@id":"https:\/\/www.vetorino.com\/boutique\/product\/keriox-shampoing-apaisant-2\/#primaryimage","url":"https:\/\/www.vetorino.com\/boutique\/wp-content\/uploads\/2021\/04\/keriox-shampoing-apaisant.png","contentUrl":"https:\/\/www.vetorino.com\/boutique\/wp-content\/uploads\/2021\/04\/keriox-shampoing-apaisant.png","width":540,"height":540},{"@type":"BreadcrumbList","@id":"https:\/\/www.vetorino.com\/boutique\/product\/keriox-shampoing-apaisant-2\/#breadcrumb","itemListElement":[{"@type":"ListItem","position":1,"name":"Accueil","item":"https:\/\/www.vetorino.com\/boutique\/"},{"@type":"ListItem","position":2,"name":"Produits","item":"https:\/\/www.vetorino.com\/boutique\/"},{"@type":"ListItem","position":3,"name":"Keriox Shampoing Apaisant"}]},{"@type":"WebSite","@id":"https:\/\/www.vetorino.com\/boutique\/#website","url":"https:\/\/www.vetorino.com\/boutique\/","name":"V\u00e9torino","description":"","publisher":{"@id":"https:\/\/www.vetorino.com\/boutique\/#organization"},"potentialAction":[{"@type":"SearchAction","target":{"@type":"EntryPoint","urlTemplate":"https:\/\/www.vetorino.com\/boutique\/?s={search_term_string}"},"query-input":{"@type":"PropertyValueSpecification","valueRequired":true,"valueName":"search_term_string"}}],"inLanguage":"fr-FR"},{"@type":"Organization","@id":"https:\/\/www.vetorino.com\/boutique\/#organization","name":"V\u00e9torino","url":"https:\/\/www.vetorino.com\/boutique\/","logo":{"@type":"ImageObject","inLanguage":"fr-FR","@id":"https:\/\/www.vetorino.com\/boutique\/#\/schema\/logo\/image\/","url":"https:\/\/www.vetorino.com\/boutique\/wp-content\/uploads\/2024\/10\/logo.jpg","contentUrl":"https:\/\/www.vetorino.com\/boutique\/wp-content\/uploads\/2024\/10\/logo.jpg","width":1200,"height":610,"caption":"V\u00e9torino"},"image":{"@id":"https:\/\/www.vetorino.com\/boutique\/#\/schema\/logo\/image\/"},"sameAs":["https:\/\/www.facebook.com\/Vetorino\/","https:\/\/www.instagram.com\/vetorino_off\/","https:\/\/www.linkedin.com\/company\/vtorino\/"]}]},"product_brand":"Osalia","og_availability":"instock","product_availability":"instock","product_condition":"new"},"_links":{"self":[{"href":"https:\/\/www.vetorino.com\/veterinaire\/ustaritz-64480\/boutique\/wp-json\/wp\/v2\/product\/174520","targetHints":{"allow":["GET"]}}],"collection":[{"href":"https:\/\/www.vetorino.com\/veterinaire\/ustaritz-64480\/boutique\/wp-json\/wp\/v2\/product"}],"about":[{"href":"https:\/\/www.vetorino.com\/veterinaire\/ustaritz-64480\/boutique\/wp-json\/wp\/v2\/types\/product"}],"wp:featuredmedia":[{"embeddable":true,"href":"https:\/\/www.vetorino.com\/veterinaire\/ustaritz-64480\/boutique\/wp-json\/wp\/v2\/media\/903486"}],"wp:attachment":[{"href":"https:\/\/www.vetorino.com\/veterinaire\/ustaritz-64480\/boutique\/wp-json\/wp\/v2\/media?parent=174520"}],"wp:term":[{"taxonomy":"product_cat","embeddable":true,"href":"https:\/\/www.vetorino.com\/veterinaire\/ustaritz-64480\/boutique\/wp-json\/wp\/v2\/product_cat?post=174520"},{"taxonomy":"product_tag","embeddable":true,"href":"https:\/\/www.vetorino.com\/veterinaire\/ustaritz-64480\/boutique\/wp-json\/wp\/v2\/product_tag?post=174520"}],"curies":[{"name":"wp","href":"https:\/\/api.w.org\/{rel}","templated":true}]}}