{"id":174533,"date":"2021-04-29T17:29:11","date_gmt":"2021-04-29T15:29:11","guid":{"rendered":"https:\/\/www.vetorino.com\/boutique\/product\/viti5-orange-poudre\/"},"modified":"2026-02-09T14:35:37","modified_gmt":"2026-02-09T13:35:37","slug":"viti5-orange-poudre","status":"publish","type":"product","link":"https:\/\/www.vetorino.com\/veterinaire\/ustaritz-64480\/boutique\/product\/viti5-orange-poudre\/","title":{"rendered":"ViT&#8217;i5 Orange Poudre"},"content":{"rendered":"<p><strong>Compl\u00e9ment alimentaire en poudre pour chats et chiens destin\u00e9 \u00e0 apporter min\u00e9raux et vitamines pour\u00a0<\/strong><strong>\u00e9quilibrer une alimentation maison (<span class=\"s1\">viande\/poisson + huile + l\u00e9gumes + riz\/p\u00e2tes)<\/span>.<\/strong><\/p>\n<p>Dur\u00e9e moyenne d&#8217;un pot de 600g : environ 2 mois pour un chien ou un chat de 5 kg nourri exclusivement avec une alimentation maison<strong><br \/>\n<\/strong><\/p>\n<p><strong>Utilisation :<br \/>\n<\/strong><\/p>\n<ul>\n<li>Chien jusqu&#8217;\u00e0 7 ans et chat jusqu&#8217;\u00e0 8 ans<\/li>\n<li>Chiot\u00a0ou chaton<\/li>\n<li>Chien ou chat en gestation, lactation<\/li>\n<\/ul>\n<p><strong>Bienfaits essentiels :<\/strong><\/p>\n<ul>\n<li>En poudre, <strong>facile \u00e0 doser<\/strong>.<\/li>\n<li>Tr\u00e8s <strong>app\u00e9tant<\/strong>.<\/li>\n<li>Compl\u00e9ment\u00a0pour<strong> \u00e9quilibrer la ration m\u00e9nag\u00e8re<\/strong> (viande+Vit&#8217;i5+huile+l\u00e9gumes+\/-f\u00e9culent).<\/li>\n<li>Produit formul\u00e9 par le Dr G.Blanchard, <strong>v\u00e9t\u00e9rinaire sp\u00e9cialis\u00e9 en nutrition<\/strong>.<\/li>\n<\/ul>\n<p><strong>Mode d&#8217;emploi :<\/strong><\/p>\n<ul>\n<li>Voie orale, \u00e0 m\u00e9langer \u00e0 la viande ou au poisson dans une ration m\u00e9nag\u00e8re, tous les jours.<\/li>\n<li>5 ml pour 100 \u00e0 150 g de viande ou poisson.<\/li>\n<\/ul>\n","protected":false},"excerpt":{"rendered":"<p><strong>Compl\u00e9ment alimentaire en poudre pour chats et chiens destin\u00e9 \u00e0 apporter min\u00e9raux et vitamines pour <\/strong><strong>\u00e9quilibrer une alimentation maison (<span class=\"s1\">viande\/poisson + huile + l\u00e9gumes + riz\/p\u00e2tes)<\/span>.<\/strong><\/p>\n<p>Dur\u00e9e moyenne d&#8217;un pot de 600g : environ 2 mois pour un chien ou un chat de 5 kg nourri exclusivement avec une alimentation maison<strong><br \/>\n<\/strong><\/p>\n","protected":false},"featured_media":830564,"template":"","meta":[],"product_cat":[12551,12552,2730,2738,2697,2698],"product_tag":[],"class_list":{"0":"post-174533","1":"product","2":"type-product","3":"status-publish","4":"has-post-thumbnail","6":"product_cat-alimentation-du-chat","7":"product_cat-alimentation-du-chien","8":"product_cat-aliments-complementaires-pour-chat","9":"product_cat-aliments-complementaires-pour-chien","10":"product_cat-chat","11":"product_cat-chien","12":"pa_marque-osalia","14":"first","15":"instock","16":"taxable","17":"shipping-taxable","18":"purchasable","19":"product-type-variable"},"yoast_head":"<!-- This site is optimized with the Yoast SEO plugin v27.3 - https:\/\/yoast.com\/product\/yoast-seo-wordpress\/ -->\n<title>Animal Nutrition Expertise ViT&#039;i5 Orange Poudre Osalia - V\u00e9torino<\/title>\n<meta name=\"description\" content=\"Compl\u00e9ment alimentaire en poudre pour chats et chiens destin\u00e9 \u00e0 apporter min\u00e9raux et vitamines pour \u00e9quilibrer une alimentation maison (viande\/poisson + huile + l\u00e9gumes + riz\/p\u00e2tes).  Dur\u00e9e moyenne d&#039;un pot de 600g : environ 2 mois pour un chien ou un chat de 5 kg nourri exclusivement avec une alimentation maison\" \/>\n<meta name=\"robots\" content=\"noindex, nofollow\" \/>\n<meta property=\"og:locale\" content=\"fr_FR\" \/>\n<meta property=\"og:type\" content=\"article\" \/>\n<meta property=\"og:title\" content=\"Animal Nutrition Expertise ViT&#039;i5 Orange Poudre Osalia - V\u00e9torino\" \/>\n<meta property=\"og:description\" content=\"Compl\u00e9ment alimentaire en poudre pour chats et chiens destin\u00e9 \u00e0 apporter min\u00e9raux et vitamines pour \u00e9quilibrer une alimentation maison (viande\/poisson + huile + l\u00e9gumes + riz\/p\u00e2tes).  Dur\u00e9e moyenne d&#039;un pot de 600g : environ 2 mois pour un chien ou un chat de 5 kg nourri exclusivement avec une alimentation maison\" \/>\n<meta property=\"og:url\" content=\"https:\/\/www.vetorino.com\/veterinaire\/ustaritz-64480\/boutique\/product\/viti5-orange-poudre\/\" \/>\n<meta property=\"og:site_name\" content=\"V\u00e9torino\" \/>\n<meta property=\"article:publisher\" content=\"https:\/\/www.facebook.com\/Vetorino\/\" \/>\n<meta property=\"article:modified_time\" content=\"2026-02-09T13:35:37+00:00\" \/>\n<meta property=\"og:image\" content=\"https:\/\/www.vetorino.com\/boutique\/wp-content\/uploads\/2021\/04\/vit-i5-orange.jpg\" \/>\n\t<meta property=\"og:image:width\" content=\"458\" \/>\n\t<meta property=\"og:image:height\" content=\"458\" \/>\n\t<meta property=\"og:image:type\" content=\"image\/jpeg\" \/>\n<meta name=\"twitter:card\" content=\"summary_large_image\" \/>\n<meta name=\"twitter:label1\" content=\"Disponibilit\u00e9\" \/>\n\t<meta name=\"twitter:data1\" content=\"En stock\" \/>\n<script type=\"application\/ld+json\" class=\"yoast-schema-graph\">{\"@context\":\"https:\\\/\\\/schema.org\",\"@graph\":[{\"@type\":\"WebPage\",\"@id\":\"https:\\\/\\\/www.vetorino.com\\\/boutique\\\/product\\\/viti5-orange-poudre\\\/\",\"url\":\"https:\\\/\\\/www.vetorino.com\\\/boutique\\\/product\\\/viti5-orange-poudre\\\/\",\"name\":\"Animal Nutrition Expertise ViT'i5 Orange Poudre Osalia - V\u00e9torino\",\"isPartOf\":{\"@id\":\"https:\\\/\\\/www.vetorino.com\\\/boutique\\\/#website\"},\"primaryImageOfPage\":{\"@id\":\"https:\\\/\\\/www.vetorino.com\\\/boutique\\\/product\\\/viti5-orange-poudre\\\/#primaryimage\"},\"image\":{\"@id\":\"https:\\\/\\\/www.vetorino.com\\\/boutique\\\/product\\\/viti5-orange-poudre\\\/#primaryimage\"},\"thumbnailUrl\":\"https:\\\/\\\/www.vetorino.com\\\/boutique\\\/wp-content\\\/uploads\\\/2021\\\/04\\\/vit-i5-orange.jpg\",\"datePublished\":\"2021-04-29T15:29:11+00:00\",\"dateModified\":\"2026-02-09T13:35:37+00:00\",\"description\":\"Compl\u00e9ment alimentaire en poudre pour chats et chiens destin\u00e9 \u00e0 apporter min\u00e9raux et vitamines pour \u00e9quilibrer une alimentation maison (viande\\\/poisson + huile + l\u00e9gumes + riz\\\/p\u00e2tes). Dur\u00e9e moyenne d'un pot de 600g : environ 2 mois pour un chien ou un chat de 5 kg nourri exclusivement avec une alimentation maison\",\"breadcrumb\":{\"@id\":\"https:\\\/\\\/www.vetorino.com\\\/boutique\\\/product\\\/viti5-orange-poudre\\\/#breadcrumb\"},\"inLanguage\":\"fr-FR\",\"potentialAction\":[{\"@type\":\"ReadAction\",\"target\":[\"https:\\\/\\\/www.vetorino.com\\\/boutique\\\/product\\\/viti5-orange-poudre\\\/\"]}]},{\"@type\":\"ImageObject\",\"inLanguage\":\"fr-FR\",\"@id\":\"https:\\\/\\\/www.vetorino.com\\\/boutique\\\/product\\\/viti5-orange-poudre\\\/#primaryimage\",\"url\":\"https:\\\/\\\/www.vetorino.com\\\/boutique\\\/wp-content\\\/uploads\\\/2021\\\/04\\\/vit-i5-orange.jpg\",\"contentUrl\":\"https:\\\/\\\/www.vetorino.com\\\/boutique\\\/wp-content\\\/uploads\\\/2021\\\/04\\\/vit-i5-orange.jpg\",\"width\":458,\"height\":458},{\"@type\":\"BreadcrumbList\",\"@id\":\"https:\\\/\\\/www.vetorino.com\\\/boutique\\\/product\\\/viti5-orange-poudre\\\/#breadcrumb\",\"itemListElement\":[{\"@type\":\"ListItem\",\"position\":1,\"name\":\"Accueil\",\"item\":\"https:\\\/\\\/www.vetorino.com\\\/boutique\\\/\"},{\"@type\":\"ListItem\",\"position\":2,\"name\":\"Produits\",\"item\":\"https:\\\/\\\/www.vetorino.com\\\/boutique\\\/\"},{\"@type\":\"ListItem\",\"position\":3,\"name\":\"ViT&#8217;i5 Orange Poudre\"}]},{\"@type\":\"WebSite\",\"@id\":\"https:\\\/\\\/www.vetorino.com\\\/boutique\\\/#website\",\"url\":\"https:\\\/\\\/www.vetorino.com\\\/boutique\\\/\",\"name\":\"V\u00e9torino\",\"description\":\"\",\"publisher\":{\"@id\":\"https:\\\/\\\/www.vetorino.com\\\/boutique\\\/#organization\"},\"potentialAction\":[{\"@type\":\"SearchAction\",\"target\":{\"@type\":\"EntryPoint\",\"urlTemplate\":\"https:\\\/\\\/www.vetorino.com\\\/boutique\\\/?s={search_term_string}\"},\"query-input\":{\"@type\":\"PropertyValueSpecification\",\"valueRequired\":true,\"valueName\":\"search_term_string\"}}],\"inLanguage\":\"fr-FR\"},{\"@type\":\"Organization\",\"@id\":\"https:\\\/\\\/www.vetorino.com\\\/boutique\\\/#organization\",\"name\":\"V\u00e9torino\",\"url\":\"https:\\\/\\\/www.vetorino.com\\\/boutique\\\/\",\"logo\":{\"@type\":\"ImageObject\",\"inLanguage\":\"fr-FR\",\"@id\":\"https:\\\/\\\/www.vetorino.com\\\/boutique\\\/#\\\/schema\\\/logo\\\/image\\\/\",\"url\":\"https:\\\/\\\/www.vetorino.com\\\/boutique\\\/wp-content\\\/uploads\\\/2024\\\/10\\\/logo.jpg\",\"contentUrl\":\"https:\\\/\\\/www.vetorino.com\\\/boutique\\\/wp-content\\\/uploads\\\/2024\\\/10\\\/logo.jpg\",\"width\":1200,\"height\":610,\"caption\":\"V\u00e9torino\"},\"image\":{\"@id\":\"https:\\\/\\\/www.vetorino.com\\\/boutique\\\/#\\\/schema\\\/logo\\\/image\\\/\"},\"sameAs\":[\"https:\\\/\\\/www.facebook.com\\\/Vetorino\\\/\",\"https:\\\/\\\/www.instagram.com\\\/vetorino_off\\\/\",\"https:\\\/\\\/www.linkedin.com\\\/company\\\/vtorino\\\/\"]}]}<\/script>\n<meta property=\"product:brand\" content=\"Osalia\" \/>\n<meta property=\"og:availability\" content=\"instock\" \/>\n<meta property=\"product:availability\" content=\"instock\" \/>\n<meta property=\"product:condition\" content=\"new\" \/>\n<!-- \/ Yoast SEO plugin. -->","yoast_head_json":{"title":"Animal Nutrition Expertise ViT'i5 Orange Poudre Osalia - V\u00e9torino","description":"Compl\u00e9ment alimentaire en poudre pour chats et chiens destin\u00e9 \u00e0 apporter min\u00e9raux et vitamines pour \u00e9quilibrer une alimentation maison (viande\/poisson + huile + l\u00e9gumes + riz\/p\u00e2tes).  Dur\u00e9e moyenne d'un pot de 600g : environ 2 mois pour un chien ou un chat de 5 kg nourri exclusivement avec une alimentation maison","robots":{"index":"noindex","follow":"nofollow"},"og_locale":"fr_FR","og_type":"article","og_title":"Animal Nutrition Expertise ViT'i5 Orange Poudre Osalia - V\u00e9torino","og_description":"Compl\u00e9ment alimentaire en poudre pour chats et chiens destin\u00e9 \u00e0 apporter min\u00e9raux et vitamines pour \u00e9quilibrer une alimentation maison (viande\/poisson + huile + l\u00e9gumes + riz\/p\u00e2tes).  Dur\u00e9e moyenne d'un pot de 600g : environ 2 mois pour un chien ou un chat de 5 kg nourri exclusivement avec une alimentation maison","og_url":"https:\/\/www.vetorino.com\/veterinaire\/ustaritz-64480\/boutique\/product\/viti5-orange-poudre\/","og_site_name":"V\u00e9torino","article_publisher":"https:\/\/www.facebook.com\/Vetorino\/","article_modified_time":"2026-02-09T13:35:37+00:00","og_image":[{"width":458,"height":458,"url":"https:\/\/www.vetorino.com\/boutique\/wp-content\/uploads\/2021\/04\/vit-i5-orange.jpg","type":"image\/jpeg"}],"twitter_card":"summary_large_image","twitter_misc":{"Disponibilit\u00e9":"En stock"},"schema":{"@context":"https:\/\/schema.org","@graph":[{"@type":"WebPage","@id":"https:\/\/www.vetorino.com\/boutique\/product\/viti5-orange-poudre\/","url":"https:\/\/www.vetorino.com\/boutique\/product\/viti5-orange-poudre\/","name":"Animal Nutrition Expertise ViT'i5 Orange Poudre Osalia - V\u00e9torino","isPartOf":{"@id":"https:\/\/www.vetorino.com\/boutique\/#website"},"primaryImageOfPage":{"@id":"https:\/\/www.vetorino.com\/boutique\/product\/viti5-orange-poudre\/#primaryimage"},"image":{"@id":"https:\/\/www.vetorino.com\/boutique\/product\/viti5-orange-poudre\/#primaryimage"},"thumbnailUrl":"https:\/\/www.vetorino.com\/boutique\/wp-content\/uploads\/2021\/04\/vit-i5-orange.jpg","datePublished":"2021-04-29T15:29:11+00:00","dateModified":"2026-02-09T13:35:37+00:00","description":"Compl\u00e9ment alimentaire en poudre pour chats et chiens destin\u00e9 \u00e0 apporter min\u00e9raux et vitamines pour \u00e9quilibrer une alimentation maison (viande\/poisson + huile + l\u00e9gumes + riz\/p\u00e2tes). Dur\u00e9e moyenne d'un pot de 600g : environ 2 mois pour un chien ou un chat de 5 kg nourri exclusivement avec une alimentation maison","breadcrumb":{"@id":"https:\/\/www.vetorino.com\/boutique\/product\/viti5-orange-poudre\/#breadcrumb"},"inLanguage":"fr-FR","potentialAction":[{"@type":"ReadAction","target":["https:\/\/www.vetorino.com\/boutique\/product\/viti5-orange-poudre\/"]}]},{"@type":"ImageObject","inLanguage":"fr-FR","@id":"https:\/\/www.vetorino.com\/boutique\/product\/viti5-orange-poudre\/#primaryimage","url":"https:\/\/www.vetorino.com\/boutique\/wp-content\/uploads\/2021\/04\/vit-i5-orange.jpg","contentUrl":"https:\/\/www.vetorino.com\/boutique\/wp-content\/uploads\/2021\/04\/vit-i5-orange.jpg","width":458,"height":458},{"@type":"BreadcrumbList","@id":"https:\/\/www.vetorino.com\/boutique\/product\/viti5-orange-poudre\/#breadcrumb","itemListElement":[{"@type":"ListItem","position":1,"name":"Accueil","item":"https:\/\/www.vetorino.com\/boutique\/"},{"@type":"ListItem","position":2,"name":"Produits","item":"https:\/\/www.vetorino.com\/boutique\/"},{"@type":"ListItem","position":3,"name":"ViT&#8217;i5 Orange Poudre"}]},{"@type":"WebSite","@id":"https:\/\/www.vetorino.com\/boutique\/#website","url":"https:\/\/www.vetorino.com\/boutique\/","name":"V\u00e9torino","description":"","publisher":{"@id":"https:\/\/www.vetorino.com\/boutique\/#organization"},"potentialAction":[{"@type":"SearchAction","target":{"@type":"EntryPoint","urlTemplate":"https:\/\/www.vetorino.com\/boutique\/?s={search_term_string}"},"query-input":{"@type":"PropertyValueSpecification","valueRequired":true,"valueName":"search_term_string"}}],"inLanguage":"fr-FR"},{"@type":"Organization","@id":"https:\/\/www.vetorino.com\/boutique\/#organization","name":"V\u00e9torino","url":"https:\/\/www.vetorino.com\/boutique\/","logo":{"@type":"ImageObject","inLanguage":"fr-FR","@id":"https:\/\/www.vetorino.com\/boutique\/#\/schema\/logo\/image\/","url":"https:\/\/www.vetorino.com\/boutique\/wp-content\/uploads\/2024\/10\/logo.jpg","contentUrl":"https:\/\/www.vetorino.com\/boutique\/wp-content\/uploads\/2024\/10\/logo.jpg","width":1200,"height":610,"caption":"V\u00e9torino"},"image":{"@id":"https:\/\/www.vetorino.com\/boutique\/#\/schema\/logo\/image\/"},"sameAs":["https:\/\/www.facebook.com\/Vetorino\/","https:\/\/www.instagram.com\/vetorino_off\/","https:\/\/www.linkedin.com\/company\/vtorino\/"]}]},"product_brand":"Osalia","og_availability":"instock","product_availability":"instock","product_condition":"new"},"_links":{"self":[{"href":"https:\/\/www.vetorino.com\/veterinaire\/ustaritz-64480\/boutique\/wp-json\/wp\/v2\/product\/174533","targetHints":{"allow":["GET"]}}],"collection":[{"href":"https:\/\/www.vetorino.com\/veterinaire\/ustaritz-64480\/boutique\/wp-json\/wp\/v2\/product"}],"about":[{"href":"https:\/\/www.vetorino.com\/veterinaire\/ustaritz-64480\/boutique\/wp-json\/wp\/v2\/types\/product"}],"wp:featuredmedia":[{"embeddable":true,"href":"https:\/\/www.vetorino.com\/veterinaire\/ustaritz-64480\/boutique\/wp-json\/wp\/v2\/media\/830564"}],"wp:attachment":[{"href":"https:\/\/www.vetorino.com\/veterinaire\/ustaritz-64480\/boutique\/wp-json\/wp\/v2\/media?parent=174533"}],"wp:term":[{"taxonomy":"product_cat","embeddable":true,"href":"https:\/\/www.vetorino.com\/veterinaire\/ustaritz-64480\/boutique\/wp-json\/wp\/v2\/product_cat?post=174533"},{"taxonomy":"product_tag","embeddable":true,"href":"https:\/\/www.vetorino.com\/veterinaire\/ustaritz-64480\/boutique\/wp-json\/wp\/v2\/product_tag?post=174533"}],"curies":[{"name":"wp","href":"https:\/\/api.w.org\/{rel}","templated":true}]}}