{"id":174623,"date":"2021-04-29T20:23:07","date_gmt":"2021-04-29T18:23:07","guid":{"rendered":"https:\/\/www.vetorino.com\/boutique\/product\/douxo-s3-seb-mousse-3\/"},"modified":"2024-06-18T10:56:08","modified_gmt":"2024-06-18T08:56:08","slug":"douxo-s3-seb-mousse-3","status":"publish","type":"product","link":"https:\/\/www.vetorino.com\/veterinaire\/ustaritz-64480\/boutique\/product\/douxo-s3-seb-mousse-3\/","title":{"rendered":"Douxo S3 Seb Mousse"},"content":{"rendered":"<p class=\"page-title\"><strong>Ce soin mousse s&#8217;utilise sans eau, sur les chats ou chiens pr\u00e9sentant des probl\u00e8mes de s\u00e9borrh\u00e9e.<\/strong><\/p>\n<p class=\"page-title\"><strong>Utilisation :<br \/>\n<\/strong><\/p>\n<ul>\n<li>Pour le chiens et le chat<\/li>\n<li>Peaux grasses, pellicules, mauvaises odeurs, peaux squameuses<\/li>\n<\/ul>\n<p><strong>Mode d\u2019emploi :<\/strong><\/p>\n<ul>\n<li>Usage externe. Appliquer DOUXO Seb Soin Mousse sur le pelage sec et bross\u00e9.<\/li>\n<li>Recueillir une ou deux pressions de produit dans la main et l\u2019appliquer directement sur l\u2019animal.<\/li>\n<li>Masser doucement avec les mains \u00e0 rebrousse-poil pour faire p\u00e9n\u00e9trer le produit jusqu\u2019\u00e0 la peau.<\/li>\n<li>R\u00e9p\u00e9ter la m\u00eame proc\u00e9dure autant de fois que n\u00e9cessaire pour traiter l\u2019ensemble du corps en \u00e9vitant le contour des yeux.<\/li>\n<li>Ne pas rincer. Laisser s\u00e9cher \u00e0 l\u2019air libre. Une fois le pelage sec, l\u2019animal peut \u00eatre bross\u00e9 pour lustrer le poil.<\/li>\n<\/ul>\n<p><strong>Avantages :<\/strong><\/p>\n<ul>\n<li><\/li>\n<li>R\u00e9duit la formation de pellicules, l&#8217;exc\u00e8s de s\u00e9bum et les odeurs d\u00e9sagr\u00e9ables gr\u00e2ce \u00e0 l&#8217;action s\u00e9bor\u00e9gulatrice de Seboliance, tout en hydratant et renfor\u00e7ant l&#8217;\u00e9cosyst\u00e8me de la peau.<\/li>\n<li><\/li>\n<li>Restructurant, facilite le d\u00e9m\u00ealage et laisse le poil doux et brillant.<\/li>\n<\/ul>\n","protected":false},"excerpt":{"rendered":"<p class=\"page-title\"><strong>Ce soin mousse s&#8217;utilise sans eau, sur les chats ou chiens pr\u00e9sentant des probl\u00e8mes de s\u00e9borrh\u00e9e.<\/strong><\/p>\n<p class=\"page-title\"><strong>Utilisation :<br \/>\n<\/strong><\/p>\n<ul>\n<li>Pour le chiens et le chat<\/li>\n<li>Peaux grasses, pellicules, mauvaises odeurs, peaux squameuses<\/li>\n<\/ul>\n","protected":false},"featured_media":950582,"template":"","meta":[],"product_cat":[2697,2698,12611,12612,12560],"product_tag":[],"class_list":{"0":"post-174623","1":"product","2":"type-product","3":"status-publish","4":"has-post-thumbnail","6":"product_cat-chat","7":"product_cat-chien","8":"product_cat-hygiene-de-la-peau-et-du-pelage-du-chat","9":"product_cat-hygiene-de-la-peau-et-du-pelage-du-chien","10":"product_cat-hygiene-du-chat","11":"pa_marque-douxo","13":"first","14":"instock","15":"taxable","16":"shipping-taxable","17":"purchasable","18":"product-type-simple"},"yoast_head":"<!-- This site is optimized with the Yoast SEO plugin v27.3 - https:\/\/yoast.com\/product\/yoast-seo-wordpress\/ -->\n<title>Douxo S3 Seb Mousse Douxo - V\u00e9torino<\/title>\n<meta name=\"description\" content=\"Ce soin mousse s&#039;utilise sans eau, sur les chats ou chiens pr\u00e9sentant des probl\u00e8mes de s\u00e9borrh\u00e9e. Utilisation :     Pour le chiens et le chat  Peaux grasses, pellicules, mauvaises odeurs, peaux squameuses\" \/>\n<meta name=\"robots\" content=\"noindex, nofollow\" \/>\n<meta property=\"og:locale\" content=\"fr_FR\" \/>\n<meta property=\"og:type\" content=\"article\" \/>\n<meta property=\"og:title\" content=\"Douxo S3 Seb Mousse Douxo - V\u00e9torino\" \/>\n<meta property=\"og:description\" content=\"Ce soin mousse s&#039;utilise sans eau, sur les chats ou chiens pr\u00e9sentant des probl\u00e8mes de s\u00e9borrh\u00e9e. Utilisation :     Pour le chiens et le chat  Peaux grasses, pellicules, mauvaises odeurs, peaux squameuses\" \/>\n<meta property=\"og:url\" content=\"https:\/\/www.vetorino.com\/veterinaire\/ustaritz-64480\/boutique\/product\/douxo-s3-seb-mousse-3\/\" \/>\n<meta property=\"og:site_name\" content=\"V\u00e9torino\" \/>\n<meta property=\"article:publisher\" content=\"https:\/\/www.facebook.com\/Vetorino\/\" \/>\n<meta property=\"article:modified_time\" content=\"2024-06-18T08:56:08+00:00\" \/>\n<meta property=\"og:image\" content=\"https:\/\/www.vetorino.com\/boutique\/wp-content\/uploads\/2020\/06\/douxo-s3-seb-mousse.webp\" \/>\n\t<meta property=\"og:image:width\" content=\"800\" \/>\n\t<meta property=\"og:image:height\" content=\"800\" \/>\n\t<meta property=\"og:image:type\" content=\"image\/webp\" \/>\n<meta name=\"twitter:card\" content=\"summary_large_image\" \/>\n<meta name=\"twitter:label1\" content=\"Prix\" \/>\n\t<meta name=\"twitter:data1\" content=\"15,85&euro;\" \/>\n\t<meta name=\"twitter:label2\" content=\"Disponibilit\u00e9\" \/>\n\t<meta name=\"twitter:data2\" content=\"En stock\" \/>\n<script type=\"application\/ld+json\" class=\"yoast-schema-graph\">{\"@context\":\"https:\\\/\\\/schema.org\",\"@graph\":[{\"@type\":\"WebPage\",\"@id\":\"https:\\\/\\\/www.vetorino.com\\\/boutique\\\/product\\\/douxo-s3-seb-mousse-3\\\/\",\"url\":\"https:\\\/\\\/www.vetorino.com\\\/boutique\\\/product\\\/douxo-s3-seb-mousse-3\\\/\",\"name\":\"Douxo S3 Seb Mousse Douxo - V\u00e9torino\",\"isPartOf\":{\"@id\":\"https:\\\/\\\/www.vetorino.com\\\/boutique\\\/#website\"},\"primaryImageOfPage\":{\"@id\":\"https:\\\/\\\/www.vetorino.com\\\/boutique\\\/product\\\/douxo-s3-seb-mousse-3\\\/#primaryimage\"},\"image\":{\"@id\":\"https:\\\/\\\/www.vetorino.com\\\/boutique\\\/product\\\/douxo-s3-seb-mousse-3\\\/#primaryimage\"},\"thumbnailUrl\":\"https:\\\/\\\/www.vetorino.com\\\/boutique\\\/wp-content\\\/uploads\\\/2020\\\/06\\\/douxo-s3-seb-mousse.webp\",\"datePublished\":\"2021-04-29T18:23:07+00:00\",\"dateModified\":\"2024-06-18T08:56:08+00:00\",\"description\":\"Ce soin mousse s'utilise sans eau, sur les chats ou chiens pr\u00e9sentant des probl\u00e8mes de s\u00e9borrh\u00e9e. Utilisation : Pour le chiens et le chat Peaux grasses, pellicules, mauvaises odeurs, peaux squameuses\",\"breadcrumb\":{\"@id\":\"https:\\\/\\\/www.vetorino.com\\\/boutique\\\/product\\\/douxo-s3-seb-mousse-3\\\/#breadcrumb\"},\"inLanguage\":\"fr-FR\",\"potentialAction\":[{\"@type\":\"ReadAction\",\"target\":[\"https:\\\/\\\/www.vetorino.com\\\/boutique\\\/product\\\/douxo-s3-seb-mousse-3\\\/\"]}]},{\"@type\":\"ImageObject\",\"inLanguage\":\"fr-FR\",\"@id\":\"https:\\\/\\\/www.vetorino.com\\\/boutique\\\/product\\\/douxo-s3-seb-mousse-3\\\/#primaryimage\",\"url\":\"https:\\\/\\\/www.vetorino.com\\\/boutique\\\/wp-content\\\/uploads\\\/2020\\\/06\\\/douxo-s3-seb-mousse.webp\",\"contentUrl\":\"https:\\\/\\\/www.vetorino.com\\\/boutique\\\/wp-content\\\/uploads\\\/2020\\\/06\\\/douxo-s3-seb-mousse.webp\",\"width\":800,\"height\":800},{\"@type\":\"BreadcrumbList\",\"@id\":\"https:\\\/\\\/www.vetorino.com\\\/boutique\\\/product\\\/douxo-s3-seb-mousse-3\\\/#breadcrumb\",\"itemListElement\":[{\"@type\":\"ListItem\",\"position\":1,\"name\":\"Accueil\",\"item\":\"https:\\\/\\\/www.vetorino.com\\\/boutique\\\/\"},{\"@type\":\"ListItem\",\"position\":2,\"name\":\"Produits\",\"item\":\"https:\\\/\\\/www.vetorino.com\\\/boutique\\\/\"},{\"@type\":\"ListItem\",\"position\":3,\"name\":\"Douxo S3 Seb Mousse\"}]},{\"@type\":\"WebSite\",\"@id\":\"https:\\\/\\\/www.vetorino.com\\\/boutique\\\/#website\",\"url\":\"https:\\\/\\\/www.vetorino.com\\\/boutique\\\/\",\"name\":\"V\u00e9torino\",\"description\":\"\",\"publisher\":{\"@id\":\"https:\\\/\\\/www.vetorino.com\\\/boutique\\\/#organization\"},\"potentialAction\":[{\"@type\":\"SearchAction\",\"target\":{\"@type\":\"EntryPoint\",\"urlTemplate\":\"https:\\\/\\\/www.vetorino.com\\\/boutique\\\/?s={search_term_string}\"},\"query-input\":{\"@type\":\"PropertyValueSpecification\",\"valueRequired\":true,\"valueName\":\"search_term_string\"}}],\"inLanguage\":\"fr-FR\"},{\"@type\":\"Organization\",\"@id\":\"https:\\\/\\\/www.vetorino.com\\\/boutique\\\/#organization\",\"name\":\"V\u00e9torino\",\"url\":\"https:\\\/\\\/www.vetorino.com\\\/boutique\\\/\",\"logo\":{\"@type\":\"ImageObject\",\"inLanguage\":\"fr-FR\",\"@id\":\"https:\\\/\\\/www.vetorino.com\\\/boutique\\\/#\\\/schema\\\/logo\\\/image\\\/\",\"url\":\"https:\\\/\\\/www.vetorino.com\\\/boutique\\\/wp-content\\\/uploads\\\/2024\\\/10\\\/logo.jpg\",\"contentUrl\":\"https:\\\/\\\/www.vetorino.com\\\/boutique\\\/wp-content\\\/uploads\\\/2024\\\/10\\\/logo.jpg\",\"width\":1200,\"height\":610,\"caption\":\"V\u00e9torino\"},\"image\":{\"@id\":\"https:\\\/\\\/www.vetorino.com\\\/boutique\\\/#\\\/schema\\\/logo\\\/image\\\/\"},\"sameAs\":[\"https:\\\/\\\/www.facebook.com\\\/Vetorino\\\/\",\"https:\\\/\\\/www.instagram.com\\\/vetorino_off\\\/\",\"https:\\\/\\\/www.linkedin.com\\\/company\\\/vtorino\\\/\"]}]}<\/script>\n<meta property=\"product:brand\" content=\"Douxo\" \/>\n<meta property=\"product:price:amount\" content=\"15.85\" \/>\n<meta property=\"product:price:currency\" content=\"EUR\" \/>\n<meta property=\"og:availability\" content=\"instock\" \/>\n<meta property=\"product:availability\" content=\"instock\" \/>\n<meta property=\"product:retailer_item_id\" content=\"A-1845910\" \/>\n<meta property=\"product:condition\" content=\"new\" \/>\n<!-- \/ Yoast SEO plugin. -->","yoast_head_json":{"title":"Douxo S3 Seb Mousse Douxo - V\u00e9torino","description":"Ce soin mousse s'utilise sans eau, sur les chats ou chiens pr\u00e9sentant des probl\u00e8mes de s\u00e9borrh\u00e9e. Utilisation :     Pour le chiens et le chat  Peaux grasses, pellicules, mauvaises odeurs, peaux squameuses","robots":{"index":"noindex","follow":"nofollow"},"og_locale":"fr_FR","og_type":"article","og_title":"Douxo S3 Seb Mousse Douxo - V\u00e9torino","og_description":"Ce soin mousse s'utilise sans eau, sur les chats ou chiens pr\u00e9sentant des probl\u00e8mes de s\u00e9borrh\u00e9e. Utilisation :     Pour le chiens et le chat  Peaux grasses, pellicules, mauvaises odeurs, peaux squameuses","og_url":"https:\/\/www.vetorino.com\/veterinaire\/ustaritz-64480\/boutique\/product\/douxo-s3-seb-mousse-3\/","og_site_name":"V\u00e9torino","article_publisher":"https:\/\/www.facebook.com\/Vetorino\/","article_modified_time":"2024-06-18T08:56:08+00:00","og_image":[{"width":800,"height":800,"url":"https:\/\/www.vetorino.com\/boutique\/wp-content\/uploads\/2020\/06\/douxo-s3-seb-mousse.webp","type":"image\/webp"}],"twitter_card":"summary_large_image","twitter_misc":{"Prix":"15,85&euro;","Disponibilit\u00e9":"En stock"},"schema":{"@context":"https:\/\/schema.org","@graph":[{"@type":"WebPage","@id":"https:\/\/www.vetorino.com\/boutique\/product\/douxo-s3-seb-mousse-3\/","url":"https:\/\/www.vetorino.com\/boutique\/product\/douxo-s3-seb-mousse-3\/","name":"Douxo S3 Seb Mousse Douxo - V\u00e9torino","isPartOf":{"@id":"https:\/\/www.vetorino.com\/boutique\/#website"},"primaryImageOfPage":{"@id":"https:\/\/www.vetorino.com\/boutique\/product\/douxo-s3-seb-mousse-3\/#primaryimage"},"image":{"@id":"https:\/\/www.vetorino.com\/boutique\/product\/douxo-s3-seb-mousse-3\/#primaryimage"},"thumbnailUrl":"https:\/\/www.vetorino.com\/boutique\/wp-content\/uploads\/2020\/06\/douxo-s3-seb-mousse.webp","datePublished":"2021-04-29T18:23:07+00:00","dateModified":"2024-06-18T08:56:08+00:00","description":"Ce soin mousse s'utilise sans eau, sur les chats ou chiens pr\u00e9sentant des probl\u00e8mes de s\u00e9borrh\u00e9e. Utilisation : Pour le chiens et le chat Peaux grasses, pellicules, mauvaises odeurs, peaux squameuses","breadcrumb":{"@id":"https:\/\/www.vetorino.com\/boutique\/product\/douxo-s3-seb-mousse-3\/#breadcrumb"},"inLanguage":"fr-FR","potentialAction":[{"@type":"ReadAction","target":["https:\/\/www.vetorino.com\/boutique\/product\/douxo-s3-seb-mousse-3\/"]}]},{"@type":"ImageObject","inLanguage":"fr-FR","@id":"https:\/\/www.vetorino.com\/boutique\/product\/douxo-s3-seb-mousse-3\/#primaryimage","url":"https:\/\/www.vetorino.com\/boutique\/wp-content\/uploads\/2020\/06\/douxo-s3-seb-mousse.webp","contentUrl":"https:\/\/www.vetorino.com\/boutique\/wp-content\/uploads\/2020\/06\/douxo-s3-seb-mousse.webp","width":800,"height":800},{"@type":"BreadcrumbList","@id":"https:\/\/www.vetorino.com\/boutique\/product\/douxo-s3-seb-mousse-3\/#breadcrumb","itemListElement":[{"@type":"ListItem","position":1,"name":"Accueil","item":"https:\/\/www.vetorino.com\/boutique\/"},{"@type":"ListItem","position":2,"name":"Produits","item":"https:\/\/www.vetorino.com\/boutique\/"},{"@type":"ListItem","position":3,"name":"Douxo S3 Seb Mousse"}]},{"@type":"WebSite","@id":"https:\/\/www.vetorino.com\/boutique\/#website","url":"https:\/\/www.vetorino.com\/boutique\/","name":"V\u00e9torino","description":"","publisher":{"@id":"https:\/\/www.vetorino.com\/boutique\/#organization"},"potentialAction":[{"@type":"SearchAction","target":{"@type":"EntryPoint","urlTemplate":"https:\/\/www.vetorino.com\/boutique\/?s={search_term_string}"},"query-input":{"@type":"PropertyValueSpecification","valueRequired":true,"valueName":"search_term_string"}}],"inLanguage":"fr-FR"},{"@type":"Organization","@id":"https:\/\/www.vetorino.com\/boutique\/#organization","name":"V\u00e9torino","url":"https:\/\/www.vetorino.com\/boutique\/","logo":{"@type":"ImageObject","inLanguage":"fr-FR","@id":"https:\/\/www.vetorino.com\/boutique\/#\/schema\/logo\/image\/","url":"https:\/\/www.vetorino.com\/boutique\/wp-content\/uploads\/2024\/10\/logo.jpg","contentUrl":"https:\/\/www.vetorino.com\/boutique\/wp-content\/uploads\/2024\/10\/logo.jpg","width":1200,"height":610,"caption":"V\u00e9torino"},"image":{"@id":"https:\/\/www.vetorino.com\/boutique\/#\/schema\/logo\/image\/"},"sameAs":["https:\/\/www.facebook.com\/Vetorino\/","https:\/\/www.instagram.com\/vetorino_off\/","https:\/\/www.linkedin.com\/company\/vtorino\/"]}]},"product_brand":"Douxo","product_price_amount":"15.85","product_price_currency":"EUR","og_availability":"instock","product_availability":"instock","product_retailer_item_id":"A-1845910","product_condition":"new"},"_links":{"self":[{"href":"https:\/\/www.vetorino.com\/veterinaire\/ustaritz-64480\/boutique\/wp-json\/wp\/v2\/product\/174623","targetHints":{"allow":["GET"]}}],"collection":[{"href":"https:\/\/www.vetorino.com\/veterinaire\/ustaritz-64480\/boutique\/wp-json\/wp\/v2\/product"}],"about":[{"href":"https:\/\/www.vetorino.com\/veterinaire\/ustaritz-64480\/boutique\/wp-json\/wp\/v2\/types\/product"}],"wp:featuredmedia":[{"embeddable":true,"href":"https:\/\/www.vetorino.com\/veterinaire\/ustaritz-64480\/boutique\/wp-json\/wp\/v2\/media\/950582"}],"wp:attachment":[{"href":"https:\/\/www.vetorino.com\/veterinaire\/ustaritz-64480\/boutique\/wp-json\/wp\/v2\/media?parent=174623"}],"wp:term":[{"taxonomy":"product_cat","embeddable":true,"href":"https:\/\/www.vetorino.com\/veterinaire\/ustaritz-64480\/boutique\/wp-json\/wp\/v2\/product_cat?post=174623"},{"taxonomy":"product_tag","embeddable":true,"href":"https:\/\/www.vetorino.com\/veterinaire\/ustaritz-64480\/boutique\/wp-json\/wp\/v2\/product_tag?post=174623"}],"curies":[{"name":"wp","href":"https:\/\/api.w.org\/{rel}","templated":true}]}}