{"id":178139,"date":"2021-05-06T15:23:27","date_gmt":"2021-05-06T13:23:27","guid":{"rendered":"https:\/\/www.vetorino.com\/boutique\/product\/staysound-pate\/"},"modified":"2024-04-22T16:29:43","modified_gmt":"2024-04-22T14:29:43","slug":"staysound-pate","status":"publish","type":"product","link":"https:\/\/www.vetorino.com\/veterinaire\/ustaritz-64480\/boutique\/product\/staysound-pate\/","title":{"rendered":"Staysound P\u00e2te"},"content":{"rendered":"<p>STAYSOUND est une p\u00e2te relaxante pour le confort des tendons et des articulations du cheval. Elle permet de diminuer les \u00e9chauffements et engorgements \u00e0 la suite des efforts du travail. Il s\u2019\u00e9limine facilement \u00e0 la douche. STAYSOUND est pr\u00eat \u00e0 l\u2019emploi et peut \u00eatre utilis\u00e9 aussi longtemps et souvent que n\u00e9cessaire.<\/p>\n","protected":false},"excerpt":{"rendered":"<p>STAYSOUND est une p\u00e2te relaxante pour le confort des tendons et des articulations du cheval. Elle permet de diminuer les \u00e9chauffements et engorgements \u00e0 la suite des efforts du travail. Il s\u2019\u00e9limine facilement \u00e0 la douche. STAYSOUND est pr\u00eat \u00e0 l\u2019emploi et peut \u00eatre utilis\u00e9 aussi longtemps et souvent que n\u00e9cessaire.<\/p>\n","protected":false},"featured_media":902533,"template":"","meta":[],"product_cat":[12547,12752,13093],"product_tag":[],"class_list":{"0":"post-178139","1":"product","2":"type-product","3":"status-publish","4":"has-post-thumbnail","6":"product_cat-cheval","7":"product_cat-gestion-de-leffort-du-cheval","8":"product_cat-soin-musculaire-du-cheval","9":"pa_marque-seoa-veterinair","11":"first","12":"outofstock","13":"taxable","14":"shipping-taxable","15":"purchasable","16":"product-type-simple"},"yoast_head":"<!-- This site is optimized with the Yoast SEO plugin v27.3 - https:\/\/yoast.com\/product\/yoast-seo-wordpress\/ -->\n<title>Staysound P\u00e2te SEOA v\u00e9t\u00e9rinair - V\u00e9torino<\/title>\n<meta name=\"description\" content=\"STAYSOUND est une p\u00e2te relaxante pour le confort des tendons et des articulations du cheval. Elle permet de diminuer les \u00e9chauffements et engorgements \u00e0 la suite des efforts du travail. Il s\u2019\u00e9limine facilement \u00e0 la douche. STAYSOUND est pr\u00eat \u00e0 l\u2019emploi et peut \u00eatre utilis\u00e9 aussi longtemps et souvent que n\u00e9cessaire.\" \/>\n<meta name=\"robots\" content=\"noindex, nofollow\" \/>\n<meta property=\"og:locale\" content=\"fr_FR\" \/>\n<meta property=\"og:type\" content=\"article\" \/>\n<meta property=\"og:title\" content=\"Staysound P\u00e2te SEOA v\u00e9t\u00e9rinair - V\u00e9torino\" \/>\n<meta property=\"og:description\" content=\"STAYSOUND est une p\u00e2te relaxante pour le confort des tendons et des articulations du cheval. Elle permet de diminuer les \u00e9chauffements et engorgements \u00e0 la suite des efforts du travail. Il s\u2019\u00e9limine facilement \u00e0 la douche. STAYSOUND est pr\u00eat \u00e0 l\u2019emploi et peut \u00eatre utilis\u00e9 aussi longtemps et souvent que n\u00e9cessaire.\" \/>\n<meta property=\"og:url\" content=\"https:\/\/www.vetorino.com\/veterinaire\/ustaritz-64480\/boutique\/product\/staysound-pate\/\" \/>\n<meta property=\"og:site_name\" content=\"V\u00e9torino\" \/>\n<meta property=\"article:publisher\" content=\"https:\/\/www.facebook.com\/Vetorino\/\" \/>\n<meta property=\"article:modified_time\" content=\"2024-04-22T14:29:43+00:00\" \/>\n<meta property=\"og:image\" content=\"https:\/\/www.vetorino.com\/boutique\/wp-content\/uploads\/2021\/05\/SEOAX-7256352_7151044-1.jpg\" \/>\n\t<meta property=\"og:image:width\" content=\"1268\" \/>\n\t<meta property=\"og:image:height\" content=\"1616\" \/>\n\t<meta property=\"og:image:type\" content=\"image\/jpeg\" \/>\n<meta name=\"twitter:card\" content=\"summary_large_image\" \/>\n<meta name=\"twitter:label1\" content=\"Prix\" \/>\n\t<meta name=\"twitter:data1\" content=\"39,60&euro;\" \/>\n\t<meta name=\"twitter:label2\" content=\"Disponibilit\u00e9\" \/>\n\t<meta name=\"twitter:data2\" content=\"Rupture de stock\" \/>\n<script type=\"application\/ld+json\" class=\"yoast-schema-graph\">{\"@context\":\"https:\\\/\\\/schema.org\",\"@graph\":[{\"@type\":\"WebPage\",\"@id\":\"https:\\\/\\\/www.vetorino.com\\\/boutique\\\/product\\\/staysound-pate\\\/\",\"url\":\"https:\\\/\\\/www.vetorino.com\\\/boutique\\\/product\\\/staysound-pate\\\/\",\"name\":\"Staysound P\u00e2te SEOA v\u00e9t\u00e9rinair - V\u00e9torino\",\"isPartOf\":{\"@id\":\"https:\\\/\\\/www.vetorino.com\\\/boutique\\\/#website\"},\"primaryImageOfPage\":{\"@id\":\"https:\\\/\\\/www.vetorino.com\\\/boutique\\\/product\\\/staysound-pate\\\/#primaryimage\"},\"image\":{\"@id\":\"https:\\\/\\\/www.vetorino.com\\\/boutique\\\/product\\\/staysound-pate\\\/#primaryimage\"},\"thumbnailUrl\":\"https:\\\/\\\/www.vetorino.com\\\/boutique\\\/wp-content\\\/uploads\\\/2021\\\/05\\\/SEOAX-7256352_7151044-1.jpg\",\"datePublished\":\"2021-05-06T13:23:27+00:00\",\"dateModified\":\"2024-04-22T14:29:43+00:00\",\"description\":\"STAYSOUND est une p\u00e2te relaxante pour le confort des tendons et des articulations du cheval. Elle permet de diminuer les \u00e9chauffements et engorgements \u00e0 la suite des efforts du travail. Il s\u2019\u00e9limine facilement \u00e0 la douche. STAYSOUND est pr\u00eat \u00e0 l\u2019emploi et peut \u00eatre utilis\u00e9 aussi longtemps et souvent que n\u00e9cessaire.\",\"breadcrumb\":{\"@id\":\"https:\\\/\\\/www.vetorino.com\\\/boutique\\\/product\\\/staysound-pate\\\/#breadcrumb\"},\"inLanguage\":\"fr-FR\",\"potentialAction\":[{\"@type\":\"ReadAction\",\"target\":[\"https:\\\/\\\/www.vetorino.com\\\/boutique\\\/product\\\/staysound-pate\\\/\"]}]},{\"@type\":\"ImageObject\",\"inLanguage\":\"fr-FR\",\"@id\":\"https:\\\/\\\/www.vetorino.com\\\/boutique\\\/product\\\/staysound-pate\\\/#primaryimage\",\"url\":\"https:\\\/\\\/www.vetorino.com\\\/boutique\\\/wp-content\\\/uploads\\\/2021\\\/05\\\/SEOAX-7256352_7151044-1.jpg\",\"contentUrl\":\"https:\\\/\\\/www.vetorino.com\\\/boutique\\\/wp-content\\\/uploads\\\/2021\\\/05\\\/SEOAX-7256352_7151044-1.jpg\",\"width\":1268,\"height\":1616,\"caption\":\"SAMSUNG\"},{\"@type\":\"BreadcrumbList\",\"@id\":\"https:\\\/\\\/www.vetorino.com\\\/boutique\\\/product\\\/staysound-pate\\\/#breadcrumb\",\"itemListElement\":[{\"@type\":\"ListItem\",\"position\":1,\"name\":\"Accueil\",\"item\":\"https:\\\/\\\/www.vetorino.com\\\/boutique\\\/\"},{\"@type\":\"ListItem\",\"position\":2,\"name\":\"Produits\",\"item\":\"https:\\\/\\\/www.vetorino.com\\\/boutique\\\/\"},{\"@type\":\"ListItem\",\"position\":3,\"name\":\"Staysound P\u00e2te\"}]},{\"@type\":\"WebSite\",\"@id\":\"https:\\\/\\\/www.vetorino.com\\\/boutique\\\/#website\",\"url\":\"https:\\\/\\\/www.vetorino.com\\\/boutique\\\/\",\"name\":\"V\u00e9torino\",\"description\":\"\",\"publisher\":{\"@id\":\"https:\\\/\\\/www.vetorino.com\\\/boutique\\\/#organization\"},\"potentialAction\":[{\"@type\":\"SearchAction\",\"target\":{\"@type\":\"EntryPoint\",\"urlTemplate\":\"https:\\\/\\\/www.vetorino.com\\\/boutique\\\/?s={search_term_string}\"},\"query-input\":{\"@type\":\"PropertyValueSpecification\",\"valueRequired\":true,\"valueName\":\"search_term_string\"}}],\"inLanguage\":\"fr-FR\"},{\"@type\":\"Organization\",\"@id\":\"https:\\\/\\\/www.vetorino.com\\\/boutique\\\/#organization\",\"name\":\"V\u00e9torino\",\"url\":\"https:\\\/\\\/www.vetorino.com\\\/boutique\\\/\",\"logo\":{\"@type\":\"ImageObject\",\"inLanguage\":\"fr-FR\",\"@id\":\"https:\\\/\\\/www.vetorino.com\\\/boutique\\\/#\\\/schema\\\/logo\\\/image\\\/\",\"url\":\"https:\\\/\\\/www.vetorino.com\\\/boutique\\\/wp-content\\\/uploads\\\/2024\\\/10\\\/logo.jpg\",\"contentUrl\":\"https:\\\/\\\/www.vetorino.com\\\/boutique\\\/wp-content\\\/uploads\\\/2024\\\/10\\\/logo.jpg\",\"width\":1200,\"height\":610,\"caption\":\"V\u00e9torino\"},\"image\":{\"@id\":\"https:\\\/\\\/www.vetorino.com\\\/boutique\\\/#\\\/schema\\\/logo\\\/image\\\/\"},\"sameAs\":[\"https:\\\/\\\/www.facebook.com\\\/Vetorino\\\/\",\"https:\\\/\\\/www.instagram.com\\\/vetorino_off\\\/\",\"https:\\\/\\\/www.linkedin.com\\\/company\\\/vtorino\\\/\"]}]}<\/script>\n<meta property=\"product:brand\" content=\"SEOA v\u00e9t\u00e9rinair\" \/>\n<meta property=\"product:price:amount\" content=\"39.60\" \/>\n<meta property=\"product:price:currency\" content=\"EUR\" \/>\n<meta property=\"og:availability\" content=\"out of stock\" \/>\n<meta property=\"product:availability\" content=\"out of stock\" \/>\n<meta property=\"product:retailer_item_id\" content=\"A-7256369\" \/>\n<meta property=\"product:condition\" content=\"new\" \/>\n<!-- \/ Yoast SEO plugin. -->","yoast_head_json":{"title":"Staysound P\u00e2te SEOA v\u00e9t\u00e9rinair - V\u00e9torino","description":"STAYSOUND est une p\u00e2te relaxante pour le confort des tendons et des articulations du cheval. Elle permet de diminuer les \u00e9chauffements et engorgements \u00e0 la suite des efforts du travail. Il s\u2019\u00e9limine facilement \u00e0 la douche. STAYSOUND est pr\u00eat \u00e0 l\u2019emploi et peut \u00eatre utilis\u00e9 aussi longtemps et souvent que n\u00e9cessaire.","robots":{"index":"noindex","follow":"nofollow"},"og_locale":"fr_FR","og_type":"article","og_title":"Staysound P\u00e2te SEOA v\u00e9t\u00e9rinair - V\u00e9torino","og_description":"STAYSOUND est une p\u00e2te relaxante pour le confort des tendons et des articulations du cheval. Elle permet de diminuer les \u00e9chauffements et engorgements \u00e0 la suite des efforts du travail. Il s\u2019\u00e9limine facilement \u00e0 la douche. STAYSOUND est pr\u00eat \u00e0 l\u2019emploi et peut \u00eatre utilis\u00e9 aussi longtemps et souvent que n\u00e9cessaire.","og_url":"https:\/\/www.vetorino.com\/veterinaire\/ustaritz-64480\/boutique\/product\/staysound-pate\/","og_site_name":"V\u00e9torino","article_publisher":"https:\/\/www.facebook.com\/Vetorino\/","article_modified_time":"2024-04-22T14:29:43+00:00","og_image":[{"width":1268,"height":1616,"url":"https:\/\/www.vetorino.com\/boutique\/wp-content\/uploads\/2021\/05\/SEOAX-7256352_7151044-1.jpg","type":"image\/jpeg"}],"twitter_card":"summary_large_image","twitter_misc":{"Prix":"39,60&euro;","Disponibilit\u00e9":"Rupture de stock"},"schema":{"@context":"https:\/\/schema.org","@graph":[{"@type":"WebPage","@id":"https:\/\/www.vetorino.com\/boutique\/product\/staysound-pate\/","url":"https:\/\/www.vetorino.com\/boutique\/product\/staysound-pate\/","name":"Staysound P\u00e2te SEOA v\u00e9t\u00e9rinair - V\u00e9torino","isPartOf":{"@id":"https:\/\/www.vetorino.com\/boutique\/#website"},"primaryImageOfPage":{"@id":"https:\/\/www.vetorino.com\/boutique\/product\/staysound-pate\/#primaryimage"},"image":{"@id":"https:\/\/www.vetorino.com\/boutique\/product\/staysound-pate\/#primaryimage"},"thumbnailUrl":"https:\/\/www.vetorino.com\/boutique\/wp-content\/uploads\/2021\/05\/SEOAX-7256352_7151044-1.jpg","datePublished":"2021-05-06T13:23:27+00:00","dateModified":"2024-04-22T14:29:43+00:00","description":"STAYSOUND est une p\u00e2te relaxante pour le confort des tendons et des articulations du cheval. Elle permet de diminuer les \u00e9chauffements et engorgements \u00e0 la suite des efforts du travail. Il s\u2019\u00e9limine facilement \u00e0 la douche. STAYSOUND est pr\u00eat \u00e0 l\u2019emploi et peut \u00eatre utilis\u00e9 aussi longtemps et souvent que n\u00e9cessaire.","breadcrumb":{"@id":"https:\/\/www.vetorino.com\/boutique\/product\/staysound-pate\/#breadcrumb"},"inLanguage":"fr-FR","potentialAction":[{"@type":"ReadAction","target":["https:\/\/www.vetorino.com\/boutique\/product\/staysound-pate\/"]}]},{"@type":"ImageObject","inLanguage":"fr-FR","@id":"https:\/\/www.vetorino.com\/boutique\/product\/staysound-pate\/#primaryimage","url":"https:\/\/www.vetorino.com\/boutique\/wp-content\/uploads\/2021\/05\/SEOAX-7256352_7151044-1.jpg","contentUrl":"https:\/\/www.vetorino.com\/boutique\/wp-content\/uploads\/2021\/05\/SEOAX-7256352_7151044-1.jpg","width":1268,"height":1616,"caption":"SAMSUNG"},{"@type":"BreadcrumbList","@id":"https:\/\/www.vetorino.com\/boutique\/product\/staysound-pate\/#breadcrumb","itemListElement":[{"@type":"ListItem","position":1,"name":"Accueil","item":"https:\/\/www.vetorino.com\/boutique\/"},{"@type":"ListItem","position":2,"name":"Produits","item":"https:\/\/www.vetorino.com\/boutique\/"},{"@type":"ListItem","position":3,"name":"Staysound P\u00e2te"}]},{"@type":"WebSite","@id":"https:\/\/www.vetorino.com\/boutique\/#website","url":"https:\/\/www.vetorino.com\/boutique\/","name":"V\u00e9torino","description":"","publisher":{"@id":"https:\/\/www.vetorino.com\/boutique\/#organization"},"potentialAction":[{"@type":"SearchAction","target":{"@type":"EntryPoint","urlTemplate":"https:\/\/www.vetorino.com\/boutique\/?s={search_term_string}"},"query-input":{"@type":"PropertyValueSpecification","valueRequired":true,"valueName":"search_term_string"}}],"inLanguage":"fr-FR"},{"@type":"Organization","@id":"https:\/\/www.vetorino.com\/boutique\/#organization","name":"V\u00e9torino","url":"https:\/\/www.vetorino.com\/boutique\/","logo":{"@type":"ImageObject","inLanguage":"fr-FR","@id":"https:\/\/www.vetorino.com\/boutique\/#\/schema\/logo\/image\/","url":"https:\/\/www.vetorino.com\/boutique\/wp-content\/uploads\/2024\/10\/logo.jpg","contentUrl":"https:\/\/www.vetorino.com\/boutique\/wp-content\/uploads\/2024\/10\/logo.jpg","width":1200,"height":610,"caption":"V\u00e9torino"},"image":{"@id":"https:\/\/www.vetorino.com\/boutique\/#\/schema\/logo\/image\/"},"sameAs":["https:\/\/www.facebook.com\/Vetorino\/","https:\/\/www.instagram.com\/vetorino_off\/","https:\/\/www.linkedin.com\/company\/vtorino\/"]}]},"product_brand":"SEOA v\u00e9t\u00e9rinair","product_price_amount":"39.60","product_price_currency":"EUR","og_availability":"out of stock","product_availability":"out of stock","product_retailer_item_id":"A-7256369","product_condition":"new"},"_links":{"self":[{"href":"https:\/\/www.vetorino.com\/veterinaire\/ustaritz-64480\/boutique\/wp-json\/wp\/v2\/product\/178139","targetHints":{"allow":["GET"]}}],"collection":[{"href":"https:\/\/www.vetorino.com\/veterinaire\/ustaritz-64480\/boutique\/wp-json\/wp\/v2\/product"}],"about":[{"href":"https:\/\/www.vetorino.com\/veterinaire\/ustaritz-64480\/boutique\/wp-json\/wp\/v2\/types\/product"}],"wp:featuredmedia":[{"embeddable":true,"href":"https:\/\/www.vetorino.com\/veterinaire\/ustaritz-64480\/boutique\/wp-json\/wp\/v2\/media\/902533"}],"wp:attachment":[{"href":"https:\/\/www.vetorino.com\/veterinaire\/ustaritz-64480\/boutique\/wp-json\/wp\/v2\/media?parent=178139"}],"wp:term":[{"taxonomy":"product_cat","embeddable":true,"href":"https:\/\/www.vetorino.com\/veterinaire\/ustaritz-64480\/boutique\/wp-json\/wp\/v2\/product_cat?post=178139"},{"taxonomy":"product_tag","embeddable":true,"href":"https:\/\/www.vetorino.com\/veterinaire\/ustaritz-64480\/boutique\/wp-json\/wp\/v2\/product_tag?post=178139"}],"curies":[{"name":"wp","href":"https:\/\/api.w.org\/{rel}","templated":true}]}}