{"id":180616,"date":"2021-05-11T17:19:30","date_gmt":"2021-05-11T15:19:30","guid":{"rendered":"https:\/\/www.vetorino.com\/boutique\/product\/complexe-24-fer-b12-magnesium\/"},"modified":"2021-05-12T15:18:06","modified_gmt":"2021-05-12T13:18:06","slug":"complexe-24-fer-b12-magnesium","status":"publish","type":"product","link":"https:\/\/www.vetorino.com\/veterinaire\/ustaritz-64480\/boutique\/product\/complexe-24-fer-b12-magnesium\/","title":{"rendered":"Complexe 24 Fer B12 Magnesium"},"content":{"rendered":"<p>Solution buvable \u00e0 base de vitamines et oligo-\u00e9l\u00e9ments et acides amin\u00e9s indiqu\u00e9 comme produit d&#8217;apport chez les bovins, ovins, \u00e9quins, lapins, volailles.<\/p>\n<p><strong>Indications<\/strong><\/p>\n<ul>\n<li>Convalescence<\/li>\n<li>Inapp\u00e9tence<\/li>\n<li>Retard de croissance<\/li>\n<li>Renforcement des d\u00e9fenses naturelles de l&#8217;animal<\/li>\n<li>Recommand\u00e9 durant les p\u00e9riodes de haute production<\/li>\n<\/ul>\n<p><strong>Utilisation<\/strong><\/p>\n<p>M\u00e9langer avec de l\u2019eau et distribuer selon les recommandations ci-dessous, pendant 10 jours.<\/p>\n<p><span style=\"text-decoration: underline;\"><em>Cat\u00e9gorie d\u2019animaux\u00a0\u00a0<\/em><\/span><\/p>\n<ul>\n<li>Veaux: 20 ml \u00e0 diluer dans 1l d&#8217;eau\u00a0 -&gt; distribuer 15 ml par t\u00eate\/jour.<\/li>\n<li>Vaches laiti\u00e8res: 25 ml \u00e0 diluer dans 1l d&#8217;eau -&gt; distribuer 100ml par t\u00eate\/jour.<\/li>\n<li>Truies: 10 ml \u00e0 diluer dans 1l d&#8217;eau -&gt; distribuer 30 ml par t\u00eate\/jour.<\/li>\n<li>Chevaux: 60 ml \u00e0 diluer dans 1l d&#8217;eau -&gt; distribuer 50ml par t\u00eate\/jour.<\/li>\n<li>Lapins, volailles: 1 ml \u00e0 diluer dans 1l d&#8217;eau -&gt; distribuer 10 ml par t\u00eate\/jour.<\/li>\n<\/ul>\n","protected":false},"excerpt":{"rendered":"<p><strong>Complexe 24<\/strong> est une solution buvable \u00e0 base de vitamines et oligo-\u00e9l\u00e9ments et acides amin\u00e9s indiqu\u00e9 comme produit d&#8217;apport chez les bovins, ovins, \u00e9quins, lapins, volailles.<\/p>\n","protected":false},"featured_media":180615,"template":"","meta":[],"product_cat":[6870,12547,6873],"product_tag":[],"class_list":{"0":"post-180616","1":"product","2":"type-product","3":"status-publish","4":"has-post-thumbnail","6":"product_cat-bovins","7":"product_cat-cheval","8":"product_cat-ovins","9":"pa_marque-bonne","11":"first","12":"outofstock","13":"taxable","14":"shipping-taxable","15":"purchasable","16":"product-type-simple"},"yoast_head":"<!-- This site is optimized with the Yoast SEO plugin v27.3 - https:\/\/yoast.com\/product\/yoast-seo-wordpress\/ -->\n<title>Complexe 24 Fer B12 Magnesium Bonne - V\u00e9torino<\/title>\n<meta name=\"description\" content=\"Complexe 24 est une solution buvable \u00e0 base de vitamines et oligo-\u00e9l\u00e9ments et acides amin\u00e9s indiqu\u00e9 comme produit d&#039;apport chez les bovins, ovins, \u00e9quins, lapins, volailles.\" \/>\n<meta name=\"robots\" content=\"noindex, nofollow\" \/>\n<meta property=\"og:locale\" content=\"fr_FR\" \/>\n<meta property=\"og:type\" content=\"article\" \/>\n<meta property=\"og:title\" content=\"Complexe 24 Fer B12 Magnesium Bonne - V\u00e9torino\" \/>\n<meta property=\"og:description\" content=\"Complexe 24 est une solution buvable \u00e0 base de vitamines et oligo-\u00e9l\u00e9ments et acides amin\u00e9s indiqu\u00e9 comme produit d&#039;apport chez les bovins, ovins, \u00e9quins, lapins, volailles.\" \/>\n<meta property=\"og:url\" content=\"https:\/\/www.vetorino.com\/veterinaire\/ustaritz-64480\/boutique\/product\/complexe-24-fer-b12-magnesium\/\" \/>\n<meta property=\"og:site_name\" content=\"V\u00e9torino\" \/>\n<meta property=\"article:publisher\" content=\"https:\/\/www.facebook.com\/Vetorino\/\" \/>\n<meta property=\"article:modified_time\" content=\"2021-05-12T13:18:06+00:00\" \/>\n<meta property=\"og:image\" content=\"https:\/\/www.vetorino.com\/boutique\/wp-content\/uploads\/2021\/05\/BONNE-7776028.jpg\" \/>\n\t<meta property=\"og:image:width\" content=\"255\" \/>\n\t<meta property=\"og:image:height\" content=\"255\" \/>\n\t<meta property=\"og:image:type\" content=\"image\/jpeg\" \/>\n<meta name=\"twitter:card\" content=\"summary_large_image\" \/>\n<meta name=\"twitter:label1\" content=\"Prix\" \/>\n\t<meta name=\"twitter:data1\" content=\"34,78&euro;\" \/>\n\t<meta name=\"twitter:label2\" content=\"Disponibilit\u00e9\" \/>\n\t<meta name=\"twitter:data2\" content=\"Rupture de stock\" \/>\n<script type=\"application\/ld+json\" class=\"yoast-schema-graph\">{\"@context\":\"https:\\\/\\\/schema.org\",\"@graph\":[{\"@type\":\"WebPage\",\"@id\":\"https:\\\/\\\/www.vetorino.com\\\/boutique\\\/product\\\/complexe-24-fer-b12-magnesium\\\/\",\"url\":\"https:\\\/\\\/www.vetorino.com\\\/boutique\\\/product\\\/complexe-24-fer-b12-magnesium\\\/\",\"name\":\"Complexe 24 Fer B12 Magnesium Bonne - V\u00e9torino\",\"isPartOf\":{\"@id\":\"https:\\\/\\\/www.vetorino.com\\\/boutique\\\/#website\"},\"primaryImageOfPage\":{\"@id\":\"https:\\\/\\\/www.vetorino.com\\\/boutique\\\/product\\\/complexe-24-fer-b12-magnesium\\\/#primaryimage\"},\"image\":{\"@id\":\"https:\\\/\\\/www.vetorino.com\\\/boutique\\\/product\\\/complexe-24-fer-b12-magnesium\\\/#primaryimage\"},\"thumbnailUrl\":\"https:\\\/\\\/www.vetorino.com\\\/boutique\\\/wp-content\\\/uploads\\\/2021\\\/05\\\/BONNE-7776028.jpg\",\"datePublished\":\"2021-05-11T15:19:30+00:00\",\"dateModified\":\"2021-05-12T13:18:06+00:00\",\"description\":\"Complexe 24 est une solution buvable \u00e0 base de vitamines et oligo-\u00e9l\u00e9ments et acides amin\u00e9s indiqu\u00e9 comme produit d'apport chez les bovins, ovins, \u00e9quins, lapins, volailles.\",\"breadcrumb\":{\"@id\":\"https:\\\/\\\/www.vetorino.com\\\/boutique\\\/product\\\/complexe-24-fer-b12-magnesium\\\/#breadcrumb\"},\"inLanguage\":\"fr-FR\",\"potentialAction\":[{\"@type\":\"ReadAction\",\"target\":[\"https:\\\/\\\/www.vetorino.com\\\/boutique\\\/product\\\/complexe-24-fer-b12-magnesium\\\/\"]}]},{\"@type\":\"ImageObject\",\"inLanguage\":\"fr-FR\",\"@id\":\"https:\\\/\\\/www.vetorino.com\\\/boutique\\\/product\\\/complexe-24-fer-b12-magnesium\\\/#primaryimage\",\"url\":\"https:\\\/\\\/www.vetorino.com\\\/boutique\\\/wp-content\\\/uploads\\\/2021\\\/05\\\/BONNE-7776028.jpg\",\"contentUrl\":\"https:\\\/\\\/www.vetorino.com\\\/boutique\\\/wp-content\\\/uploads\\\/2021\\\/05\\\/BONNE-7776028.jpg\",\"width\":255,\"height\":255},{\"@type\":\"BreadcrumbList\",\"@id\":\"https:\\\/\\\/www.vetorino.com\\\/boutique\\\/product\\\/complexe-24-fer-b12-magnesium\\\/#breadcrumb\",\"itemListElement\":[{\"@type\":\"ListItem\",\"position\":1,\"name\":\"Accueil\",\"item\":\"https:\\\/\\\/www.vetorino.com\\\/boutique\\\/\"},{\"@type\":\"ListItem\",\"position\":2,\"name\":\"Produits\",\"item\":\"https:\\\/\\\/www.vetorino.com\\\/boutique\\\/\"},{\"@type\":\"ListItem\",\"position\":3,\"name\":\"Complexe 24 Fer B12 Magnesium\"}]},{\"@type\":\"WebSite\",\"@id\":\"https:\\\/\\\/www.vetorino.com\\\/boutique\\\/#website\",\"url\":\"https:\\\/\\\/www.vetorino.com\\\/boutique\\\/\",\"name\":\"V\u00e9torino\",\"description\":\"\",\"publisher\":{\"@id\":\"https:\\\/\\\/www.vetorino.com\\\/boutique\\\/#organization\"},\"potentialAction\":[{\"@type\":\"SearchAction\",\"target\":{\"@type\":\"EntryPoint\",\"urlTemplate\":\"https:\\\/\\\/www.vetorino.com\\\/boutique\\\/?s={search_term_string}\"},\"query-input\":{\"@type\":\"PropertyValueSpecification\",\"valueRequired\":true,\"valueName\":\"search_term_string\"}}],\"inLanguage\":\"fr-FR\"},{\"@type\":\"Organization\",\"@id\":\"https:\\\/\\\/www.vetorino.com\\\/boutique\\\/#organization\",\"name\":\"V\u00e9torino\",\"url\":\"https:\\\/\\\/www.vetorino.com\\\/boutique\\\/\",\"logo\":{\"@type\":\"ImageObject\",\"inLanguage\":\"fr-FR\",\"@id\":\"https:\\\/\\\/www.vetorino.com\\\/boutique\\\/#\\\/schema\\\/logo\\\/image\\\/\",\"url\":\"https:\\\/\\\/www.vetorino.com\\\/boutique\\\/wp-content\\\/uploads\\\/2024\\\/10\\\/logo.jpg\",\"contentUrl\":\"https:\\\/\\\/www.vetorino.com\\\/boutique\\\/wp-content\\\/uploads\\\/2024\\\/10\\\/logo.jpg\",\"width\":1200,\"height\":610,\"caption\":\"V\u00e9torino\"},\"image\":{\"@id\":\"https:\\\/\\\/www.vetorino.com\\\/boutique\\\/#\\\/schema\\\/logo\\\/image\\\/\"},\"sameAs\":[\"https:\\\/\\\/www.facebook.com\\\/Vetorino\\\/\",\"https:\\\/\\\/www.instagram.com\\\/vetorino_off\\\/\",\"https:\\\/\\\/www.linkedin.com\\\/company\\\/vtorino\\\/\"]}]}<\/script>\n<meta property=\"product:brand\" content=\"Bonne\" \/>\n<meta property=\"product:price:amount\" content=\"34.78\" \/>\n<meta property=\"product:price:currency\" content=\"EUR\" \/>\n<meta property=\"og:availability\" content=\"out of stock\" \/>\n<meta property=\"product:availability\" content=\"out of stock\" \/>\n<meta property=\"product:retailer_item_id\" content=\"A-7776028\" \/>\n<meta property=\"product:condition\" content=\"new\" \/>\n<!-- \/ Yoast SEO plugin. -->","yoast_head_json":{"title":"Complexe 24 Fer B12 Magnesium Bonne - V\u00e9torino","description":"Complexe 24 est une solution buvable \u00e0 base de vitamines et oligo-\u00e9l\u00e9ments et acides amin\u00e9s indiqu\u00e9 comme produit d'apport chez les bovins, ovins, \u00e9quins, lapins, volailles.","robots":{"index":"noindex","follow":"nofollow"},"og_locale":"fr_FR","og_type":"article","og_title":"Complexe 24 Fer B12 Magnesium Bonne - V\u00e9torino","og_description":"Complexe 24 est une solution buvable \u00e0 base de vitamines et oligo-\u00e9l\u00e9ments et acides amin\u00e9s indiqu\u00e9 comme produit d'apport chez les bovins, ovins, \u00e9quins, lapins, volailles.","og_url":"https:\/\/www.vetorino.com\/veterinaire\/ustaritz-64480\/boutique\/product\/complexe-24-fer-b12-magnesium\/","og_site_name":"V\u00e9torino","article_publisher":"https:\/\/www.facebook.com\/Vetorino\/","article_modified_time":"2021-05-12T13:18:06+00:00","og_image":[{"width":255,"height":255,"url":"https:\/\/www.vetorino.com\/boutique\/wp-content\/uploads\/2021\/05\/BONNE-7776028.jpg","type":"image\/jpeg"}],"twitter_card":"summary_large_image","twitter_misc":{"Prix":"34,78&euro;","Disponibilit\u00e9":"Rupture de stock"},"schema":{"@context":"https:\/\/schema.org","@graph":[{"@type":"WebPage","@id":"https:\/\/www.vetorino.com\/boutique\/product\/complexe-24-fer-b12-magnesium\/","url":"https:\/\/www.vetorino.com\/boutique\/product\/complexe-24-fer-b12-magnesium\/","name":"Complexe 24 Fer B12 Magnesium Bonne - V\u00e9torino","isPartOf":{"@id":"https:\/\/www.vetorino.com\/boutique\/#website"},"primaryImageOfPage":{"@id":"https:\/\/www.vetorino.com\/boutique\/product\/complexe-24-fer-b12-magnesium\/#primaryimage"},"image":{"@id":"https:\/\/www.vetorino.com\/boutique\/product\/complexe-24-fer-b12-magnesium\/#primaryimage"},"thumbnailUrl":"https:\/\/www.vetorino.com\/boutique\/wp-content\/uploads\/2021\/05\/BONNE-7776028.jpg","datePublished":"2021-05-11T15:19:30+00:00","dateModified":"2021-05-12T13:18:06+00:00","description":"Complexe 24 est une solution buvable \u00e0 base de vitamines et oligo-\u00e9l\u00e9ments et acides amin\u00e9s indiqu\u00e9 comme produit d'apport chez les bovins, ovins, \u00e9quins, lapins, volailles.","breadcrumb":{"@id":"https:\/\/www.vetorino.com\/boutique\/product\/complexe-24-fer-b12-magnesium\/#breadcrumb"},"inLanguage":"fr-FR","potentialAction":[{"@type":"ReadAction","target":["https:\/\/www.vetorino.com\/boutique\/product\/complexe-24-fer-b12-magnesium\/"]}]},{"@type":"ImageObject","inLanguage":"fr-FR","@id":"https:\/\/www.vetorino.com\/boutique\/product\/complexe-24-fer-b12-magnesium\/#primaryimage","url":"https:\/\/www.vetorino.com\/boutique\/wp-content\/uploads\/2021\/05\/BONNE-7776028.jpg","contentUrl":"https:\/\/www.vetorino.com\/boutique\/wp-content\/uploads\/2021\/05\/BONNE-7776028.jpg","width":255,"height":255},{"@type":"BreadcrumbList","@id":"https:\/\/www.vetorino.com\/boutique\/product\/complexe-24-fer-b12-magnesium\/#breadcrumb","itemListElement":[{"@type":"ListItem","position":1,"name":"Accueil","item":"https:\/\/www.vetorino.com\/boutique\/"},{"@type":"ListItem","position":2,"name":"Produits","item":"https:\/\/www.vetorino.com\/boutique\/"},{"@type":"ListItem","position":3,"name":"Complexe 24 Fer B12 Magnesium"}]},{"@type":"WebSite","@id":"https:\/\/www.vetorino.com\/boutique\/#website","url":"https:\/\/www.vetorino.com\/boutique\/","name":"V\u00e9torino","description":"","publisher":{"@id":"https:\/\/www.vetorino.com\/boutique\/#organization"},"potentialAction":[{"@type":"SearchAction","target":{"@type":"EntryPoint","urlTemplate":"https:\/\/www.vetorino.com\/boutique\/?s={search_term_string}"},"query-input":{"@type":"PropertyValueSpecification","valueRequired":true,"valueName":"search_term_string"}}],"inLanguage":"fr-FR"},{"@type":"Organization","@id":"https:\/\/www.vetorino.com\/boutique\/#organization","name":"V\u00e9torino","url":"https:\/\/www.vetorino.com\/boutique\/","logo":{"@type":"ImageObject","inLanguage":"fr-FR","@id":"https:\/\/www.vetorino.com\/boutique\/#\/schema\/logo\/image\/","url":"https:\/\/www.vetorino.com\/boutique\/wp-content\/uploads\/2024\/10\/logo.jpg","contentUrl":"https:\/\/www.vetorino.com\/boutique\/wp-content\/uploads\/2024\/10\/logo.jpg","width":1200,"height":610,"caption":"V\u00e9torino"},"image":{"@id":"https:\/\/www.vetorino.com\/boutique\/#\/schema\/logo\/image\/"},"sameAs":["https:\/\/www.facebook.com\/Vetorino\/","https:\/\/www.instagram.com\/vetorino_off\/","https:\/\/www.linkedin.com\/company\/vtorino\/"]}]},"product_brand":"Bonne","product_price_amount":"34.78","product_price_currency":"EUR","og_availability":"out of stock","product_availability":"out of stock","product_retailer_item_id":"A-7776028","product_condition":"new"},"_links":{"self":[{"href":"https:\/\/www.vetorino.com\/veterinaire\/ustaritz-64480\/boutique\/wp-json\/wp\/v2\/product\/180616","targetHints":{"allow":["GET"]}}],"collection":[{"href":"https:\/\/www.vetorino.com\/veterinaire\/ustaritz-64480\/boutique\/wp-json\/wp\/v2\/product"}],"about":[{"href":"https:\/\/www.vetorino.com\/veterinaire\/ustaritz-64480\/boutique\/wp-json\/wp\/v2\/types\/product"}],"wp:featuredmedia":[{"embeddable":true,"href":"https:\/\/www.vetorino.com\/veterinaire\/ustaritz-64480\/boutique\/wp-json\/wp\/v2\/media\/180615"}],"wp:attachment":[{"href":"https:\/\/www.vetorino.com\/veterinaire\/ustaritz-64480\/boutique\/wp-json\/wp\/v2\/media?parent=180616"}],"wp:term":[{"taxonomy":"product_cat","embeddable":true,"href":"https:\/\/www.vetorino.com\/veterinaire\/ustaritz-64480\/boutique\/wp-json\/wp\/v2\/product_cat?post=180616"},{"taxonomy":"product_tag","embeddable":true,"href":"https:\/\/www.vetorino.com\/veterinaire\/ustaritz-64480\/boutique\/wp-json\/wp\/v2\/product_tag?post=180616"}],"curies":[{"name":"wp","href":"https:\/\/api.w.org\/{rel}","templated":true}]}}