{"id":186887,"date":"2021-05-31T20:25:43","date_gmt":"2021-05-31T18:25:43","guid":{"rendered":"https:\/\/www.vetorino.com\/boutique\/product\/vetexpert-hemovet\/"},"modified":"2026-01-14T15:39:09","modified_gmt":"2026-01-14T14:39:09","slug":"vetexpert-hemovet","status":"publish","type":"product","link":"https:\/\/www.vetorino.com\/veterinaire\/ustaritz-64480\/boutique\/product\/vetexpert-hemovet\/","title":{"rendered":"Hemovet An\u00e9mie &#8211; chien"},"content":{"rendered":"<p><strong>Gr\u00e2ce \u00e0 l&#8217;action synergique de ses 6 principes actifs sp\u00e9cifiques, il participe \u00e0 la r\u00e9cup\u00e9ration des animaux an\u00e9mi\u00e9s ;<\/strong><\/p>\n<ul>\n<li><strong>Le FER<\/strong> est n\u00e9cessaire \u00e0 la production d&#8217;h\u00e9moglobine et de myoglobine dans l&#8217;organisme, qui sont cruciales pour le transport de l&#8217;oxyg\u00e8ne.\u00a0<strong>Le fer organique<\/strong>\u00a0<strong>sous forme h\u00e9mique<\/strong> est la forme de fer la plus absorbable, sa biodisponibilit\u00e9 \u00e9tant beaucoup plus \u00e9lev\u00e9e que celle du fer non organique.<\/li>\n<li><strong>La vitamine C<\/strong> est impliqu\u00e9e dans la diff\u00e9renciation des cellules h\u00e9matopo\u00ef\u00e9tiques dans la moelle osseuse et soutient leur protection contre le stress oxydatif.<\/li>\n<li><strong>Le cuivre e<\/strong>st essentiel pour le transport du fer vers la moelle osseuse o\u00f9 se forment les globules rouges. Il affecte la bonne production de globules rouges.<\/li>\n<li><strong>La vitamine B6<\/strong> (pyridoxal) est utilis\u00e9e dans la production de l\u2019h\u00e8me \u2013 le principal composant de l\u2019h\u00e9moglobine.<\/li>\n<li><strong>L&#8217;acide folique et la vitamine B12<\/strong> aident \u00e0 la bonne production de globules rouges en soutenant les processus de diff\u00e9renciation des cellules h\u00e9matopo\u00ef\u00e9tiques dans la moelle osseuse.<\/li>\n<\/ul>\n<p><strong>Utilisation :<\/strong><\/p>\n<p><em>1 comprim\u00e9 par jour pour 10kg\u00a0<\/em><\/p>\n<p><em>\u00c0 administrer avant ou pendant les repas. Les comprim\u00e9s peuvent \u00eatre \u00e9cras\u00e9s. Si la dose quotidienne n\u00e9cessite l&#8217;administration de plusieurs comprim\u00e9s, elle peut \u00eatre divis\u00e9e en 2-3 portions. Les animaux devront toujours avoir de l&#8217;eau fraiche \u00e0 disposition.<\/em><\/p>\n","protected":false},"excerpt":{"rendered":"<p><strong>Hemovet est un aliment compl\u00e9mentaire contenant du fer h\u00e9mique, du cuivre et des vitamines du groupe B pour accompagner le traitement causal de l&#8217;an\u00e9mie.<\/strong><\/p>\n<p><strong>Utilisation :<\/strong><\/p>\n<ul>\n<li>Chien souffrant d&#8217;an\u00e9mie<\/li>\n<\/ul>\n<p>Le produit est recommand\u00e9 pour les chiens afin de <strong>soutenir le fonctionnement optimal des cellules sanguines et du syst\u00e8me h\u00e9matopo\u00ef\u00e9tique.<\/strong><\/p>\n<p>Les composants contenus dans le produit sont impliqu\u00e9s dans le processus de l&#8217;<strong>h\u00e9mopo\u00ef\u00e8se<\/strong> (production de globules rouges).<\/p>\n<p><strong>Demandez conseil \u00e0 votre v\u00e9t\u00e9rinaire.<\/strong><\/p>\n","protected":false},"featured_media":959086,"template":"","meta":[],"product_cat":[12552,2738,12585,2698],"product_tag":[],"class_list":{"0":"post-186887","1":"product","2":"type-product","3":"status-publish","4":"has-post-thumbnail","6":"product_cat-alimentation-du-chien","7":"product_cat-aliments-complementaires-pour-chien","8":"product_cat-anemie-du-chien","9":"product_cat-chien","10":"pa_marque-vetexpert","12":"first","13":"instock","14":"taxable","15":"shipping-taxable","16":"purchasable","17":"product-type-variable"},"yoast_head":"<!-- This site is optimized with the Yoast SEO plugin v27.3 - https:\/\/yoast.com\/product\/yoast-seo-wordpress\/ -->\n<title>Hemovet An\u00e9mie - chien Vetexpert - V\u00e9torino<\/title>\n<meta name=\"description\" content=\"Hemovet est un aliment compl\u00e9mentaire contenant du fer h\u00e9mique, du cuivre et des vitamines du groupe B pour accompagner le traitement causal de l&#039;an\u00e9mie.  Utilisation :   Chien souffrant d&#039;an\u00e9mie  Le produit est recommand\u00e9 pour les chiens afin de soutenir le fonctionnement optimal des cellules sanguines et du syst\u00e8me h\u00e9matopo\u00ef\u00e9tique.  Les composants contenus dans le produit sont impliqu\u00e9s dans le processus de l&#039;h\u00e9mopo\u00ef\u00e8se (production de globules rouges).  Demandez conseil \u00e0 votre v\u00e9t\u00e9rinaire.\" \/>\n<meta name=\"robots\" content=\"noindex, nofollow\" \/>\n<meta property=\"og:locale\" content=\"fr_FR\" \/>\n<meta property=\"og:type\" content=\"article\" \/>\n<meta property=\"og:title\" content=\"Hemovet An\u00e9mie - chien Vetexpert - V\u00e9torino\" \/>\n<meta property=\"og:description\" content=\"Hemovet est un aliment compl\u00e9mentaire contenant du fer h\u00e9mique, du cuivre et des vitamines du groupe B pour accompagner le traitement causal de l&#039;an\u00e9mie.  Utilisation :   Chien souffrant d&#039;an\u00e9mie  Le produit est recommand\u00e9 pour les chiens afin de soutenir le fonctionnement optimal des cellules sanguines et du syst\u00e8me h\u00e9matopo\u00ef\u00e9tique.  Les composants contenus dans le produit sont impliqu\u00e9s dans le processus de l&#039;h\u00e9mopo\u00ef\u00e8se (production de globules rouges).  Demandez conseil \u00e0 votre v\u00e9t\u00e9rinaire.\" \/>\n<meta property=\"og:url\" content=\"https:\/\/www.vetorino.com\/veterinaire\/ustaritz-64480\/boutique\/product\/vetexpert-hemovet\/\" \/>\n<meta property=\"og:site_name\" content=\"V\u00e9torino\" \/>\n<meta property=\"article:publisher\" content=\"https:\/\/www.facebook.com\/Vetorino\/\" \/>\n<meta property=\"article:modified_time\" content=\"2026-01-14T14:39:09+00:00\" \/>\n<meta property=\"og:image\" content=\"https:\/\/www.vetorino.com\/boutique\/wp-content\/uploads\/2021\/05\/vetexpert-hemovet-60-comprimes.jpg\" \/>\n\t<meta property=\"og:image:width\" content=\"800\" \/>\n\t<meta property=\"og:image:height\" content=\"800\" \/>\n\t<meta property=\"og:image:type\" content=\"image\/jpeg\" \/>\n<meta name=\"twitter:card\" content=\"summary_large_image\" \/>\n<meta name=\"twitter:label1\" content=\"Disponibilit\u00e9\" \/>\n\t<meta name=\"twitter:data1\" content=\"En stock\" \/>\n<script type=\"application\/ld+json\" class=\"yoast-schema-graph\">{\"@context\":\"https:\\\/\\\/schema.org\",\"@graph\":[{\"@type\":\"WebPage\",\"@id\":\"https:\\\/\\\/www.vetorino.com\\\/boutique\\\/product\\\/vetexpert-hemovet\\\/\",\"url\":\"https:\\\/\\\/www.vetorino.com\\\/boutique\\\/product\\\/vetexpert-hemovet\\\/\",\"name\":\"Hemovet An\u00e9mie - chien Vetexpert - V\u00e9torino\",\"isPartOf\":{\"@id\":\"https:\\\/\\\/www.vetorino.com\\\/boutique\\\/#website\"},\"primaryImageOfPage\":{\"@id\":\"https:\\\/\\\/www.vetorino.com\\\/boutique\\\/product\\\/vetexpert-hemovet\\\/#primaryimage\"},\"image\":{\"@id\":\"https:\\\/\\\/www.vetorino.com\\\/boutique\\\/product\\\/vetexpert-hemovet\\\/#primaryimage\"},\"thumbnailUrl\":\"https:\\\/\\\/www.vetorino.com\\\/boutique\\\/wp-content\\\/uploads\\\/2021\\\/05\\\/vetexpert-hemovet-60-comprimes.jpg\",\"datePublished\":\"2021-05-31T18:25:43+00:00\",\"dateModified\":\"2026-01-14T14:39:09+00:00\",\"description\":\"Hemovet est un aliment compl\u00e9mentaire contenant du fer h\u00e9mique, du cuivre et des vitamines du groupe B pour accompagner le traitement causal de l'an\u00e9mie. Utilisation : Chien souffrant d'an\u00e9mie Le produit est recommand\u00e9 pour les chiens afin de soutenir le fonctionnement optimal des cellules sanguines et du syst\u00e8me h\u00e9matopo\u00ef\u00e9tique. Les composants contenus dans le produit sont impliqu\u00e9s dans le processus de l'h\u00e9mopo\u00ef\u00e8se (production de globules rouges). Demandez conseil \u00e0 votre v\u00e9t\u00e9rinaire.\",\"breadcrumb\":{\"@id\":\"https:\\\/\\\/www.vetorino.com\\\/boutique\\\/product\\\/vetexpert-hemovet\\\/#breadcrumb\"},\"inLanguage\":\"fr-FR\",\"potentialAction\":[{\"@type\":\"ReadAction\",\"target\":[\"https:\\\/\\\/www.vetorino.com\\\/boutique\\\/product\\\/vetexpert-hemovet\\\/\"]}]},{\"@type\":\"ImageObject\",\"inLanguage\":\"fr-FR\",\"@id\":\"https:\\\/\\\/www.vetorino.com\\\/boutique\\\/product\\\/vetexpert-hemovet\\\/#primaryimage\",\"url\":\"https:\\\/\\\/www.vetorino.com\\\/boutique\\\/wp-content\\\/uploads\\\/2021\\\/05\\\/vetexpert-hemovet-60-comprimes.jpg\",\"contentUrl\":\"https:\\\/\\\/www.vetorino.com\\\/boutique\\\/wp-content\\\/uploads\\\/2021\\\/05\\\/vetexpert-hemovet-60-comprimes.jpg\",\"width\":800,\"height\":800},{\"@type\":\"BreadcrumbList\",\"@id\":\"https:\\\/\\\/www.vetorino.com\\\/boutique\\\/product\\\/vetexpert-hemovet\\\/#breadcrumb\",\"itemListElement\":[{\"@type\":\"ListItem\",\"position\":1,\"name\":\"Accueil\",\"item\":\"https:\\\/\\\/www.vetorino.com\\\/boutique\\\/\"},{\"@type\":\"ListItem\",\"position\":2,\"name\":\"Produits\",\"item\":\"https:\\\/\\\/www.vetorino.com\\\/boutique\\\/\"},{\"@type\":\"ListItem\",\"position\":3,\"name\":\"Hemovet An\u00e9mie &#8211; chien\"}]},{\"@type\":\"WebSite\",\"@id\":\"https:\\\/\\\/www.vetorino.com\\\/boutique\\\/#website\",\"url\":\"https:\\\/\\\/www.vetorino.com\\\/boutique\\\/\",\"name\":\"V\u00e9torino\",\"description\":\"\",\"publisher\":{\"@id\":\"https:\\\/\\\/www.vetorino.com\\\/boutique\\\/#organization\"},\"potentialAction\":[{\"@type\":\"SearchAction\",\"target\":{\"@type\":\"EntryPoint\",\"urlTemplate\":\"https:\\\/\\\/www.vetorino.com\\\/boutique\\\/?s={search_term_string}\"},\"query-input\":{\"@type\":\"PropertyValueSpecification\",\"valueRequired\":true,\"valueName\":\"search_term_string\"}}],\"inLanguage\":\"fr-FR\"},{\"@type\":\"Organization\",\"@id\":\"https:\\\/\\\/www.vetorino.com\\\/boutique\\\/#organization\",\"name\":\"V\u00e9torino\",\"url\":\"https:\\\/\\\/www.vetorino.com\\\/boutique\\\/\",\"logo\":{\"@type\":\"ImageObject\",\"inLanguage\":\"fr-FR\",\"@id\":\"https:\\\/\\\/www.vetorino.com\\\/boutique\\\/#\\\/schema\\\/logo\\\/image\\\/\",\"url\":\"https:\\\/\\\/www.vetorino.com\\\/boutique\\\/wp-content\\\/uploads\\\/2024\\\/10\\\/logo.jpg\",\"contentUrl\":\"https:\\\/\\\/www.vetorino.com\\\/boutique\\\/wp-content\\\/uploads\\\/2024\\\/10\\\/logo.jpg\",\"width\":1200,\"height\":610,\"caption\":\"V\u00e9torino\"},\"image\":{\"@id\":\"https:\\\/\\\/www.vetorino.com\\\/boutique\\\/#\\\/schema\\\/logo\\\/image\\\/\"},\"sameAs\":[\"https:\\\/\\\/www.facebook.com\\\/Vetorino\\\/\",\"https:\\\/\\\/www.instagram.com\\\/vetorino_off\\\/\",\"https:\\\/\\\/www.linkedin.com\\\/company\\\/vtorino\\\/\"]}]}<\/script>\n<meta property=\"product:brand\" content=\"Vetexpert\" \/>\n<meta property=\"og:availability\" content=\"instock\" \/>\n<meta property=\"product:availability\" content=\"instock\" \/>\n<meta property=\"product:condition\" content=\"new\" \/>\n<!-- \/ Yoast SEO plugin. -->","yoast_head_json":{"title":"Hemovet An\u00e9mie - chien Vetexpert - V\u00e9torino","description":"Hemovet est un aliment compl\u00e9mentaire contenant du fer h\u00e9mique, du cuivre et des vitamines du groupe B pour accompagner le traitement causal de l'an\u00e9mie.  Utilisation :   Chien souffrant d'an\u00e9mie  Le produit est recommand\u00e9 pour les chiens afin de soutenir le fonctionnement optimal des cellules sanguines et du syst\u00e8me h\u00e9matopo\u00ef\u00e9tique.  Les composants contenus dans le produit sont impliqu\u00e9s dans le processus de l'h\u00e9mopo\u00ef\u00e8se (production de globules rouges).  Demandez conseil \u00e0 votre v\u00e9t\u00e9rinaire.","robots":{"index":"noindex","follow":"nofollow"},"og_locale":"fr_FR","og_type":"article","og_title":"Hemovet An\u00e9mie - chien Vetexpert - V\u00e9torino","og_description":"Hemovet est un aliment compl\u00e9mentaire contenant du fer h\u00e9mique, du cuivre et des vitamines du groupe B pour accompagner le traitement causal de l'an\u00e9mie.  Utilisation :   Chien souffrant d'an\u00e9mie  Le produit est recommand\u00e9 pour les chiens afin de soutenir le fonctionnement optimal des cellules sanguines et du syst\u00e8me h\u00e9matopo\u00ef\u00e9tique.  Les composants contenus dans le produit sont impliqu\u00e9s dans le processus de l'h\u00e9mopo\u00ef\u00e8se (production de globules rouges).  Demandez conseil \u00e0 votre v\u00e9t\u00e9rinaire.","og_url":"https:\/\/www.vetorino.com\/veterinaire\/ustaritz-64480\/boutique\/product\/vetexpert-hemovet\/","og_site_name":"V\u00e9torino","article_publisher":"https:\/\/www.facebook.com\/Vetorino\/","article_modified_time":"2026-01-14T14:39:09+00:00","og_image":[{"width":800,"height":800,"url":"https:\/\/www.vetorino.com\/boutique\/wp-content\/uploads\/2021\/05\/vetexpert-hemovet-60-comprimes.jpg","type":"image\/jpeg"}],"twitter_card":"summary_large_image","twitter_misc":{"Disponibilit\u00e9":"En stock"},"schema":{"@context":"https:\/\/schema.org","@graph":[{"@type":"WebPage","@id":"https:\/\/www.vetorino.com\/boutique\/product\/vetexpert-hemovet\/","url":"https:\/\/www.vetorino.com\/boutique\/product\/vetexpert-hemovet\/","name":"Hemovet An\u00e9mie - chien Vetexpert - V\u00e9torino","isPartOf":{"@id":"https:\/\/www.vetorino.com\/boutique\/#website"},"primaryImageOfPage":{"@id":"https:\/\/www.vetorino.com\/boutique\/product\/vetexpert-hemovet\/#primaryimage"},"image":{"@id":"https:\/\/www.vetorino.com\/boutique\/product\/vetexpert-hemovet\/#primaryimage"},"thumbnailUrl":"https:\/\/www.vetorino.com\/boutique\/wp-content\/uploads\/2021\/05\/vetexpert-hemovet-60-comprimes.jpg","datePublished":"2021-05-31T18:25:43+00:00","dateModified":"2026-01-14T14:39:09+00:00","description":"Hemovet est un aliment compl\u00e9mentaire contenant du fer h\u00e9mique, du cuivre et des vitamines du groupe B pour accompagner le traitement causal de l'an\u00e9mie. Utilisation : Chien souffrant d'an\u00e9mie Le produit est recommand\u00e9 pour les chiens afin de soutenir le fonctionnement optimal des cellules sanguines et du syst\u00e8me h\u00e9matopo\u00ef\u00e9tique. Les composants contenus dans le produit sont impliqu\u00e9s dans le processus de l'h\u00e9mopo\u00ef\u00e8se (production de globules rouges). Demandez conseil \u00e0 votre v\u00e9t\u00e9rinaire.","breadcrumb":{"@id":"https:\/\/www.vetorino.com\/boutique\/product\/vetexpert-hemovet\/#breadcrumb"},"inLanguage":"fr-FR","potentialAction":[{"@type":"ReadAction","target":["https:\/\/www.vetorino.com\/boutique\/product\/vetexpert-hemovet\/"]}]},{"@type":"ImageObject","inLanguage":"fr-FR","@id":"https:\/\/www.vetorino.com\/boutique\/product\/vetexpert-hemovet\/#primaryimage","url":"https:\/\/www.vetorino.com\/boutique\/wp-content\/uploads\/2021\/05\/vetexpert-hemovet-60-comprimes.jpg","contentUrl":"https:\/\/www.vetorino.com\/boutique\/wp-content\/uploads\/2021\/05\/vetexpert-hemovet-60-comprimes.jpg","width":800,"height":800},{"@type":"BreadcrumbList","@id":"https:\/\/www.vetorino.com\/boutique\/product\/vetexpert-hemovet\/#breadcrumb","itemListElement":[{"@type":"ListItem","position":1,"name":"Accueil","item":"https:\/\/www.vetorino.com\/boutique\/"},{"@type":"ListItem","position":2,"name":"Produits","item":"https:\/\/www.vetorino.com\/boutique\/"},{"@type":"ListItem","position":3,"name":"Hemovet An\u00e9mie &#8211; chien"}]},{"@type":"WebSite","@id":"https:\/\/www.vetorino.com\/boutique\/#website","url":"https:\/\/www.vetorino.com\/boutique\/","name":"V\u00e9torino","description":"","publisher":{"@id":"https:\/\/www.vetorino.com\/boutique\/#organization"},"potentialAction":[{"@type":"SearchAction","target":{"@type":"EntryPoint","urlTemplate":"https:\/\/www.vetorino.com\/boutique\/?s={search_term_string}"},"query-input":{"@type":"PropertyValueSpecification","valueRequired":true,"valueName":"search_term_string"}}],"inLanguage":"fr-FR"},{"@type":"Organization","@id":"https:\/\/www.vetorino.com\/boutique\/#organization","name":"V\u00e9torino","url":"https:\/\/www.vetorino.com\/boutique\/","logo":{"@type":"ImageObject","inLanguage":"fr-FR","@id":"https:\/\/www.vetorino.com\/boutique\/#\/schema\/logo\/image\/","url":"https:\/\/www.vetorino.com\/boutique\/wp-content\/uploads\/2024\/10\/logo.jpg","contentUrl":"https:\/\/www.vetorino.com\/boutique\/wp-content\/uploads\/2024\/10\/logo.jpg","width":1200,"height":610,"caption":"V\u00e9torino"},"image":{"@id":"https:\/\/www.vetorino.com\/boutique\/#\/schema\/logo\/image\/"},"sameAs":["https:\/\/www.facebook.com\/Vetorino\/","https:\/\/www.instagram.com\/vetorino_off\/","https:\/\/www.linkedin.com\/company\/vtorino\/"]}]},"product_brand":"Vetexpert","og_availability":"instock","product_availability":"instock","product_condition":"new"},"_links":{"self":[{"href":"https:\/\/www.vetorino.com\/veterinaire\/ustaritz-64480\/boutique\/wp-json\/wp\/v2\/product\/186887","targetHints":{"allow":["GET"]}}],"collection":[{"href":"https:\/\/www.vetorino.com\/veterinaire\/ustaritz-64480\/boutique\/wp-json\/wp\/v2\/product"}],"about":[{"href":"https:\/\/www.vetorino.com\/veterinaire\/ustaritz-64480\/boutique\/wp-json\/wp\/v2\/types\/product"}],"wp:featuredmedia":[{"embeddable":true,"href":"https:\/\/www.vetorino.com\/veterinaire\/ustaritz-64480\/boutique\/wp-json\/wp\/v2\/media\/959086"}],"wp:attachment":[{"href":"https:\/\/www.vetorino.com\/veterinaire\/ustaritz-64480\/boutique\/wp-json\/wp\/v2\/media?parent=186887"}],"wp:term":[{"taxonomy":"product_cat","embeddable":true,"href":"https:\/\/www.vetorino.com\/veterinaire\/ustaritz-64480\/boutique\/wp-json\/wp\/v2\/product_cat?post=186887"},{"taxonomy":"product_tag","embeddable":true,"href":"https:\/\/www.vetorino.com\/veterinaire\/ustaritz-64480\/boutique\/wp-json\/wp\/v2\/product_tag?post=186887"}],"curies":[{"name":"wp","href":"https:\/\/api.w.org\/{rel}","templated":true}]}}