{"id":186931,"date":"2021-05-31T20:26:36","date_gmt":"2021-05-31T18:26:36","guid":{"rendered":"https:\/\/www.vetorino.com\/boutique\/product\/prozym-plaque-off-croq\/"},"modified":"2025-09-03T14:03:58","modified_gmt":"2025-09-03T12:03:58","slug":"prozym-plaque-off-croq","status":"publish","type":"product","link":"https:\/\/www.vetorino.com\/veterinaire\/ustaritz-64480\/boutique\/product\/prozym-plaque-off-croq\/","title":{"rendered":"Prozym Plaque Off Croquettes"},"content":{"rendered":"<div>\n<div class=\"product-section-content hidden lg:block\">\n<p><strong>PROZYM Plaque Off Croq\u2019<\/strong> est compos\u00e9 de produits naturels et contient notamment une algue brevet\u00e9e dont les effets b\u00e9n\u00e9fiques sur l\u2019hygi\u00e8ne buccale ont \u00e9t\u00e9 scientifiquement prouv\u00e9s :<\/p>\n<ul>\n<li>r\u00e9duit la plaque dentaire<\/li>\n<li>diminue la formation du tartre<\/li>\n<li>combat la mauvaise haleine.<\/li>\n<\/ul>\n<\/div>\n<\/div>\n<p class=\"page-title\"><strong>Utilisation :<\/strong><\/p>\n<ul>\n<li>Chat et Chien &lt; 10 kg : 4 \u00e0 8 Croq&#8217; (sachet de 60 g)<\/li>\n<li>Chien 10-25 kg : 2 \u00e0 4 Croq&#8217; (sachet de 150 g)<\/li>\n<li>Chien &gt; 25 kg : 4 \u00e0 5 Croq&#8217; (sachet de 150 g)<\/li>\n<\/ul>\n<p><strong>B\u00e9n\u00e9fices :<\/strong><\/p>\n<ul>\n<li>Sachets refermables.<\/li>\n<li>Les am\u00e9liorations apparaissent habituellement d\u00e8s la 3\u00e8me semaine d\u2019utilisation.<\/li>\n<li>PROZYM Plaque Off Croq\u2019 s\u2019administre comme une friandise peu calorique, ce qui en fait une r\u00e9compense saine pour votre petit chien ou chat.<\/li>\n<li>Sans colorant, sans additif, sans conservateur.<\/li>\n<\/ul>\n","protected":false},"excerpt":{"rendered":"<p><strong>PROZYM Plaque Off Croq\u2019<\/strong> est compos\u00e9 de produits naturels et contient notamment une algue brevet\u00e9e dont les effets b\u00e9n\u00e9fiques sur l\u2019hygi\u00e8ne buccale ont \u00e9t\u00e9 scientifiquement prouv\u00e9s :<\/p>\n","protected":false},"featured_media":838844,"template":"","meta":[],"product_cat":[12551,12552,2730,2738,2697,2698,12609,12610,12560,12561],"product_tag":[],"class_list":{"0":"post-186931","1":"product","2":"type-product","3":"status-publish","4":"has-post-thumbnail","6":"product_cat-alimentation-du-chat","7":"product_cat-alimentation-du-chien","8":"product_cat-aliments-complementaires-pour-chat","9":"product_cat-aliments-complementaires-pour-chien","10":"product_cat-chat","11":"product_cat-chien","12":"product_cat-hygiene-bucco-dentaire-du-chat","13":"product_cat-hygiene-bucco-dentaire-du-chien","14":"product_cat-hygiene-du-chat","15":"product_cat-hygiene-du-chien","16":"pa_marque-ceva","18":"first","19":"instock","20":"taxable","21":"shipping-taxable","22":"purchasable","23":"product-type-variable"},"yoast_head":"<!-- This site is optimized with the Yoast SEO plugin v27.3 - https:\/\/yoast.com\/product\/yoast-seo-wordpress\/ -->\n<title>Prozym Plaque Off Croquettes Ceva - V\u00e9torino<\/title>\n<meta name=\"description\" content=\"PROZYM Plaque Off Croq\u2019 a \u00e9t\u00e9 formul\u00e9 et test\u00e9 pour une app\u00e9tence maximale qui en fait une r\u00e9compense saine pour les chiens ou les chats. Cette formule\u00a0agit contre la plaque dentaire via le syst\u00e8me vasculaire.\" \/>\n<meta name=\"robots\" content=\"noindex, nofollow\" \/>\n<meta property=\"og:locale\" content=\"fr_FR\" \/>\n<meta property=\"og:type\" content=\"article\" \/>\n<meta property=\"og:title\" content=\"Prozym Plaque Off Croquettes Ceva - V\u00e9torino\" \/>\n<meta property=\"og:description\" content=\"PROZYM Plaque Off Croq\u2019 a \u00e9t\u00e9 formul\u00e9 et test\u00e9 pour une app\u00e9tence maximale qui en fait une r\u00e9compense saine pour les chiens ou les chats. Cette formule\u00a0agit contre la plaque dentaire via le syst\u00e8me vasculaire.\" \/>\n<meta property=\"og:url\" content=\"https:\/\/www.vetorino.com\/veterinaire\/ustaritz-64480\/boutique\/product\/prozym-plaque-off-croq\/\" \/>\n<meta property=\"og:site_name\" content=\"V\u00e9torino\" \/>\n<meta property=\"article:publisher\" content=\"https:\/\/www.facebook.com\/Vetorino\/\" \/>\n<meta property=\"article:modified_time\" content=\"2025-09-03T12:03:58+00:00\" \/>\n<meta property=\"og:image\" content=\"https:\/\/www.vetorino.com\/boutique\/wp-content\/uploads\/2021\/05\/ceva-prozym-plaque-off-croquettes.png\" \/>\n\t<meta property=\"og:image:width\" content=\"800\" \/>\n\t<meta property=\"og:image:height\" content=\"800\" \/>\n\t<meta property=\"og:image:type\" content=\"image\/png\" \/>\n<meta name=\"twitter:card\" content=\"summary_large_image\" \/>\n<meta name=\"twitter:label1\" content=\"Disponibilit\u00e9\" \/>\n\t<meta name=\"twitter:data1\" content=\"En stock\" \/>\n<script type=\"application\/ld+json\" class=\"yoast-schema-graph\">{\"@context\":\"https:\\\/\\\/schema.org\",\"@graph\":[{\"@type\":\"WebPage\",\"@id\":\"https:\\\/\\\/www.vetorino.com\\\/boutique\\\/product\\\/prozym-plaque-off-croq\\\/\",\"url\":\"https:\\\/\\\/www.vetorino.com\\\/boutique\\\/product\\\/prozym-plaque-off-croq\\\/\",\"name\":\"Prozym Plaque Off Croquettes Ceva - V\u00e9torino\",\"isPartOf\":{\"@id\":\"https:\\\/\\\/www.vetorino.com\\\/boutique\\\/#website\"},\"primaryImageOfPage\":{\"@id\":\"https:\\\/\\\/www.vetorino.com\\\/boutique\\\/product\\\/prozym-plaque-off-croq\\\/#primaryimage\"},\"image\":{\"@id\":\"https:\\\/\\\/www.vetorino.com\\\/boutique\\\/product\\\/prozym-plaque-off-croq\\\/#primaryimage\"},\"thumbnailUrl\":\"https:\\\/\\\/www.vetorino.com\\\/boutique\\\/wp-content\\\/uploads\\\/2021\\\/05\\\/ceva-prozym-plaque-off-croquettes.png\",\"datePublished\":\"2021-05-31T18:26:36+00:00\",\"dateModified\":\"2025-09-03T12:03:58+00:00\",\"description\":\"PROZYM Plaque Off Croq\u2019 a \u00e9t\u00e9 formul\u00e9 et test\u00e9 pour une app\u00e9tence maximale qui en fait une r\u00e9compense saine pour les chiens ou les chats. Cette formule\u00a0agit contre la plaque dentaire via le syst\u00e8me vasculaire.\",\"breadcrumb\":{\"@id\":\"https:\\\/\\\/www.vetorino.com\\\/boutique\\\/product\\\/prozym-plaque-off-croq\\\/#breadcrumb\"},\"inLanguage\":\"fr-FR\",\"potentialAction\":[{\"@type\":\"ReadAction\",\"target\":[\"https:\\\/\\\/www.vetorino.com\\\/boutique\\\/product\\\/prozym-plaque-off-croq\\\/\"]}]},{\"@type\":\"ImageObject\",\"inLanguage\":\"fr-FR\",\"@id\":\"https:\\\/\\\/www.vetorino.com\\\/boutique\\\/product\\\/prozym-plaque-off-croq\\\/#primaryimage\",\"url\":\"https:\\\/\\\/www.vetorino.com\\\/boutique\\\/wp-content\\\/uploads\\\/2021\\\/05\\\/ceva-prozym-plaque-off-croquettes.png\",\"contentUrl\":\"https:\\\/\\\/www.vetorino.com\\\/boutique\\\/wp-content\\\/uploads\\\/2021\\\/05\\\/ceva-prozym-plaque-off-croquettes.png\",\"width\":800,\"height\":800},{\"@type\":\"BreadcrumbList\",\"@id\":\"https:\\\/\\\/www.vetorino.com\\\/boutique\\\/product\\\/prozym-plaque-off-croq\\\/#breadcrumb\",\"itemListElement\":[{\"@type\":\"ListItem\",\"position\":1,\"name\":\"Accueil\",\"item\":\"https:\\\/\\\/www.vetorino.com\\\/boutique\\\/\"},{\"@type\":\"ListItem\",\"position\":2,\"name\":\"Produits\",\"item\":\"https:\\\/\\\/www.vetorino.com\\\/boutique\\\/\"},{\"@type\":\"ListItem\",\"position\":3,\"name\":\"Prozym Plaque Off Croquettes\"}]},{\"@type\":\"WebSite\",\"@id\":\"https:\\\/\\\/www.vetorino.com\\\/boutique\\\/#website\",\"url\":\"https:\\\/\\\/www.vetorino.com\\\/boutique\\\/\",\"name\":\"V\u00e9torino\",\"description\":\"\",\"publisher\":{\"@id\":\"https:\\\/\\\/www.vetorino.com\\\/boutique\\\/#organization\"},\"potentialAction\":[{\"@type\":\"SearchAction\",\"target\":{\"@type\":\"EntryPoint\",\"urlTemplate\":\"https:\\\/\\\/www.vetorino.com\\\/boutique\\\/?s={search_term_string}\"},\"query-input\":{\"@type\":\"PropertyValueSpecification\",\"valueRequired\":true,\"valueName\":\"search_term_string\"}}],\"inLanguage\":\"fr-FR\"},{\"@type\":\"Organization\",\"@id\":\"https:\\\/\\\/www.vetorino.com\\\/boutique\\\/#organization\",\"name\":\"V\u00e9torino\",\"url\":\"https:\\\/\\\/www.vetorino.com\\\/boutique\\\/\",\"logo\":{\"@type\":\"ImageObject\",\"inLanguage\":\"fr-FR\",\"@id\":\"https:\\\/\\\/www.vetorino.com\\\/boutique\\\/#\\\/schema\\\/logo\\\/image\\\/\",\"url\":\"https:\\\/\\\/www.vetorino.com\\\/boutique\\\/wp-content\\\/uploads\\\/2024\\\/10\\\/logo.jpg\",\"contentUrl\":\"https:\\\/\\\/www.vetorino.com\\\/boutique\\\/wp-content\\\/uploads\\\/2024\\\/10\\\/logo.jpg\",\"width\":1200,\"height\":610,\"caption\":\"V\u00e9torino\"},\"image\":{\"@id\":\"https:\\\/\\\/www.vetorino.com\\\/boutique\\\/#\\\/schema\\\/logo\\\/image\\\/\"},\"sameAs\":[\"https:\\\/\\\/www.facebook.com\\\/Vetorino\\\/\",\"https:\\\/\\\/www.instagram.com\\\/vetorino_off\\\/\",\"https:\\\/\\\/www.linkedin.com\\\/company\\\/vtorino\\\/\"]}]}<\/script>\n<meta property=\"product:brand\" content=\"Ceva\" \/>\n<meta property=\"og:availability\" content=\"instock\" \/>\n<meta property=\"product:availability\" content=\"instock\" \/>\n<meta property=\"product:condition\" content=\"new\" \/>\n<!-- \/ Yoast SEO plugin. -->","yoast_head_json":{"title":"Prozym Plaque Off Croquettes Ceva - V\u00e9torino","description":"PROZYM Plaque Off Croq\u2019 a \u00e9t\u00e9 formul\u00e9 et test\u00e9 pour une app\u00e9tence maximale qui en fait une r\u00e9compense saine pour les chiens ou les chats. Cette formule\u00a0agit contre la plaque dentaire via le syst\u00e8me vasculaire.","robots":{"index":"noindex","follow":"nofollow"},"og_locale":"fr_FR","og_type":"article","og_title":"Prozym Plaque Off Croquettes Ceva - V\u00e9torino","og_description":"PROZYM Plaque Off Croq\u2019 a \u00e9t\u00e9 formul\u00e9 et test\u00e9 pour une app\u00e9tence maximale qui en fait une r\u00e9compense saine pour les chiens ou les chats. Cette formule\u00a0agit contre la plaque dentaire via le syst\u00e8me vasculaire.","og_url":"https:\/\/www.vetorino.com\/veterinaire\/ustaritz-64480\/boutique\/product\/prozym-plaque-off-croq\/","og_site_name":"V\u00e9torino","article_publisher":"https:\/\/www.facebook.com\/Vetorino\/","article_modified_time":"2025-09-03T12:03:58+00:00","og_image":[{"width":800,"height":800,"url":"https:\/\/www.vetorino.com\/boutique\/wp-content\/uploads\/2021\/05\/ceva-prozym-plaque-off-croquettes.png","type":"image\/png"}],"twitter_card":"summary_large_image","twitter_misc":{"Disponibilit\u00e9":"En stock"},"schema":{"@context":"https:\/\/schema.org","@graph":[{"@type":"WebPage","@id":"https:\/\/www.vetorino.com\/boutique\/product\/prozym-plaque-off-croq\/","url":"https:\/\/www.vetorino.com\/boutique\/product\/prozym-plaque-off-croq\/","name":"Prozym Plaque Off Croquettes Ceva - V\u00e9torino","isPartOf":{"@id":"https:\/\/www.vetorino.com\/boutique\/#website"},"primaryImageOfPage":{"@id":"https:\/\/www.vetorino.com\/boutique\/product\/prozym-plaque-off-croq\/#primaryimage"},"image":{"@id":"https:\/\/www.vetorino.com\/boutique\/product\/prozym-plaque-off-croq\/#primaryimage"},"thumbnailUrl":"https:\/\/www.vetorino.com\/boutique\/wp-content\/uploads\/2021\/05\/ceva-prozym-plaque-off-croquettes.png","datePublished":"2021-05-31T18:26:36+00:00","dateModified":"2025-09-03T12:03:58+00:00","description":"PROZYM Plaque Off Croq\u2019 a \u00e9t\u00e9 formul\u00e9 et test\u00e9 pour une app\u00e9tence maximale qui en fait une r\u00e9compense saine pour les chiens ou les chats. Cette formule\u00a0agit contre la plaque dentaire via le syst\u00e8me vasculaire.","breadcrumb":{"@id":"https:\/\/www.vetorino.com\/boutique\/product\/prozym-plaque-off-croq\/#breadcrumb"},"inLanguage":"fr-FR","potentialAction":[{"@type":"ReadAction","target":["https:\/\/www.vetorino.com\/boutique\/product\/prozym-plaque-off-croq\/"]}]},{"@type":"ImageObject","inLanguage":"fr-FR","@id":"https:\/\/www.vetorino.com\/boutique\/product\/prozym-plaque-off-croq\/#primaryimage","url":"https:\/\/www.vetorino.com\/boutique\/wp-content\/uploads\/2021\/05\/ceva-prozym-plaque-off-croquettes.png","contentUrl":"https:\/\/www.vetorino.com\/boutique\/wp-content\/uploads\/2021\/05\/ceva-prozym-plaque-off-croquettes.png","width":800,"height":800},{"@type":"BreadcrumbList","@id":"https:\/\/www.vetorino.com\/boutique\/product\/prozym-plaque-off-croq\/#breadcrumb","itemListElement":[{"@type":"ListItem","position":1,"name":"Accueil","item":"https:\/\/www.vetorino.com\/boutique\/"},{"@type":"ListItem","position":2,"name":"Produits","item":"https:\/\/www.vetorino.com\/boutique\/"},{"@type":"ListItem","position":3,"name":"Prozym Plaque Off Croquettes"}]},{"@type":"WebSite","@id":"https:\/\/www.vetorino.com\/boutique\/#website","url":"https:\/\/www.vetorino.com\/boutique\/","name":"V\u00e9torino","description":"","publisher":{"@id":"https:\/\/www.vetorino.com\/boutique\/#organization"},"potentialAction":[{"@type":"SearchAction","target":{"@type":"EntryPoint","urlTemplate":"https:\/\/www.vetorino.com\/boutique\/?s={search_term_string}"},"query-input":{"@type":"PropertyValueSpecification","valueRequired":true,"valueName":"search_term_string"}}],"inLanguage":"fr-FR"},{"@type":"Organization","@id":"https:\/\/www.vetorino.com\/boutique\/#organization","name":"V\u00e9torino","url":"https:\/\/www.vetorino.com\/boutique\/","logo":{"@type":"ImageObject","inLanguage":"fr-FR","@id":"https:\/\/www.vetorino.com\/boutique\/#\/schema\/logo\/image\/","url":"https:\/\/www.vetorino.com\/boutique\/wp-content\/uploads\/2024\/10\/logo.jpg","contentUrl":"https:\/\/www.vetorino.com\/boutique\/wp-content\/uploads\/2024\/10\/logo.jpg","width":1200,"height":610,"caption":"V\u00e9torino"},"image":{"@id":"https:\/\/www.vetorino.com\/boutique\/#\/schema\/logo\/image\/"},"sameAs":["https:\/\/www.facebook.com\/Vetorino\/","https:\/\/www.instagram.com\/vetorino_off\/","https:\/\/www.linkedin.com\/company\/vtorino\/"]}]},"product_brand":"Ceva","og_availability":"instock","product_availability":"instock","product_condition":"new"},"_links":{"self":[{"href":"https:\/\/www.vetorino.com\/veterinaire\/ustaritz-64480\/boutique\/wp-json\/wp\/v2\/product\/186931","targetHints":{"allow":["GET"]}}],"collection":[{"href":"https:\/\/www.vetorino.com\/veterinaire\/ustaritz-64480\/boutique\/wp-json\/wp\/v2\/product"}],"about":[{"href":"https:\/\/www.vetorino.com\/veterinaire\/ustaritz-64480\/boutique\/wp-json\/wp\/v2\/types\/product"}],"wp:featuredmedia":[{"embeddable":true,"href":"https:\/\/www.vetorino.com\/veterinaire\/ustaritz-64480\/boutique\/wp-json\/wp\/v2\/media\/838844"}],"wp:attachment":[{"href":"https:\/\/www.vetorino.com\/veterinaire\/ustaritz-64480\/boutique\/wp-json\/wp\/v2\/media?parent=186931"}],"wp:term":[{"taxonomy":"product_cat","embeddable":true,"href":"https:\/\/www.vetorino.com\/veterinaire\/ustaritz-64480\/boutique\/wp-json\/wp\/v2\/product_cat?post=186931"},{"taxonomy":"product_tag","embeddable":true,"href":"https:\/\/www.vetorino.com\/veterinaire\/ustaritz-64480\/boutique\/wp-json\/wp\/v2\/product_tag?post=186931"}],"curies":[{"name":"wp","href":"https:\/\/api.w.org\/{rel}","templated":true}]}}