{"id":187044,"date":"2021-05-31T20:29:55","date_gmt":"2021-05-31T18:29:55","guid":{"rendered":"https:\/\/www.vetorino.com\/boutique\/product\/cryptophyt\/"},"modified":"2025-07-29T11:44:54","modified_gmt":"2025-07-29T09:44:54","slug":"cryptophyt","status":"publish","type":"product","link":"https:\/\/www.vetorino.com\/veterinaire\/ustaritz-64480\/boutique\/product\/cryptophyt\/","title":{"rendered":"Kryptophyt"},"content":{"rendered":"<p><strong>Stabilisation du bilan des \u00e9lectrolytes et de l&#8217;eau afin de faciliter la digestion physiologique.<\/strong><\/p>\n<p>Kryptophyt aide l&#8217;organisme des veaux \u00e0 lutter contre les agents opportunistes. KryptoPhyt <strong>contient du yucca<\/strong> contenant lui-m\u00eame des saponines et des polyph\u00e9nols (qui poss\u00e8dent respectivement des propri\u00e9t\u00e9s antimicrobienne, anti-inflammatoire et anti-oxydante).<\/p>\n<p>Krytophyt<strong> prot\u00e8ge la muqueuse intestinale et favorise sa cicatrisation.<\/strong> La montmorillonite poss\u00e8de un fort pouvoir adsorbant et protecteur de la muqueuse intestinale. La pectine favorise la bonne qualit\u00e9 du mucus.<\/p>\n<p><em>Administrer par voie orale 20 mL de p\u00e2te, 1 fois par jour, pendant 3 jours.<\/em><\/p>\n","protected":false},"excerpt":{"rendered":"<p><strong>Stabilisation du bilan des \u00e9lectrolytes et de l&#8217;eau afin de faciliter la digestion physiologique.<\/strong><\/p>\n<p>Kryptophyt aide l&#8217;organisme des veaux \u00e0 lutter contre les agents opportunistes. KryptoPhyt <strong>contient du yucca<\/strong> contenant lui-m\u00eame des saponines et des polyph\u00e9nols (qui poss\u00e8dent respectivement des propri\u00e9t\u00e9s antimicrobienne, anti-inflammatoire et anti-oxydante).<\/p>\n<p>Krytophyt<strong> prot\u00e8ge la muqueuse intestinale et favorise sa cicatrisation.<\/strong> La montmorillonite poss\u00e8de un fort pouvoir adsorbant et protecteur de la muqueuse intestinale. La pectine favorise la bonne qualit\u00e9 du mucus.<\/p>\n<p><em>Administrer par voie orale 20 mL de p\u00e2te, 1 fois par jour, pendant 3 jours.<\/em><\/p>\n","protected":false},"featured_media":1432238,"template":"","meta":[],"product_cat":[6864,6870],"product_tag":[],"class_list":{"0":"post-187044","1":"product","2":"type-product","3":"status-publish","4":"has-post-thumbnail","6":"product_cat-animaux-delevage","7":"product_cat-bovins","8":"pa_marque-savetis","10":"first","11":"instock","12":"taxable","13":"shipping-taxable","14":"purchasable","15":"product-type-simple"},"yoast_head":"<!-- This site is optimized with the Yoast SEO plugin v27.3 - https:\/\/yoast.com\/product\/yoast-seo-wordpress\/ -->\n<title>Kryptophyt Savetis - V\u00e9torino<\/title>\n<meta name=\"description\" content=\"Stabilisation du bilan des \u00e9lectrolytes et de l&#039;eau afin de faciliter la digestion physiologique.  Kryptophyt aide l&#039;organisme des veaux \u00e0 lutter contre les agents opportunistes. KryptoPhyt contient du yucca contenant lui-m\u00eame des saponines et des polyph\u00e9nols (qui poss\u00e8dent respectivement des propri\u00e9t\u00e9s antimicrobienne, anti-inflammatoire et anti-oxydante).  Krytophyt prot\u00e8ge la muqueuse intestinale et favorise sa cicatrisation. La montmorillonite poss\u00e8de un fort pouvoir adsorbant et protecteur de la muqueuse intestinale. La pectine favorise la bonne qualit\u00e9 du mucus.  Administrer par voie orale 20 mL de p\u00e2te, 1 fois par jour, pendant 3 jours.\" \/>\n<meta name=\"robots\" content=\"noindex, nofollow\" \/>\n<meta property=\"og:locale\" content=\"fr_FR\" \/>\n<meta property=\"og:type\" content=\"article\" \/>\n<meta property=\"og:title\" content=\"Kryptophyt Savetis - V\u00e9torino\" \/>\n<meta property=\"og:description\" content=\"Stabilisation du bilan des \u00e9lectrolytes et de l&#039;eau afin de faciliter la digestion physiologique.  Kryptophyt aide l&#039;organisme des veaux \u00e0 lutter contre les agents opportunistes. KryptoPhyt contient du yucca contenant lui-m\u00eame des saponines et des polyph\u00e9nols (qui poss\u00e8dent respectivement des propri\u00e9t\u00e9s antimicrobienne, anti-inflammatoire et anti-oxydante).  Krytophyt prot\u00e8ge la muqueuse intestinale et favorise sa cicatrisation. La montmorillonite poss\u00e8de un fort pouvoir adsorbant et protecteur de la muqueuse intestinale. La pectine favorise la bonne qualit\u00e9 du mucus.  Administrer par voie orale 20 mL de p\u00e2te, 1 fois par jour, pendant 3 jours.\" \/>\n<meta property=\"og:url\" content=\"https:\/\/www.vetorino.com\/veterinaire\/ustaritz-64480\/boutique\/product\/cryptophyt\/\" \/>\n<meta property=\"og:site_name\" content=\"V\u00e9torino\" \/>\n<meta property=\"article:publisher\" content=\"https:\/\/www.facebook.com\/Vetorino\/\" \/>\n<meta property=\"article:modified_time\" content=\"2025-07-29T09:44:54+00:00\" \/>\n<meta property=\"og:image\" content=\"https:\/\/www.vetorino.com\/boutique\/wp-content\/uploads\/2021\/05\/kryptophyt.png\" \/>\n\t<meta property=\"og:image:width\" content=\"600\" \/>\n\t<meta property=\"og:image:height\" content=\"600\" \/>\n\t<meta property=\"og:image:type\" content=\"image\/png\" \/>\n<meta name=\"twitter:card\" content=\"summary_large_image\" \/>\n<meta name=\"twitter:label1\" content=\"Prix\" \/>\n\t<meta name=\"twitter:data1\" content=\"183,89&euro;\" \/>\n\t<meta name=\"twitter:label2\" content=\"Disponibilit\u00e9\" \/>\n\t<meta name=\"twitter:data2\" content=\"En stock\" \/>\n<script type=\"application\/ld+json\" class=\"yoast-schema-graph\">{\"@context\":\"https:\\\/\\\/schema.org\",\"@graph\":[{\"@type\":\"WebPage\",\"@id\":\"https:\\\/\\\/www.vetorino.com\\\/boutique\\\/product\\\/cryptophyt\\\/\",\"url\":\"https:\\\/\\\/www.vetorino.com\\\/boutique\\\/product\\\/cryptophyt\\\/\",\"name\":\"Kryptophyt Savetis - V\u00e9torino\",\"isPartOf\":{\"@id\":\"https:\\\/\\\/www.vetorino.com\\\/boutique\\\/#website\"},\"primaryImageOfPage\":{\"@id\":\"https:\\\/\\\/www.vetorino.com\\\/boutique\\\/product\\\/cryptophyt\\\/#primaryimage\"},\"image\":{\"@id\":\"https:\\\/\\\/www.vetorino.com\\\/boutique\\\/product\\\/cryptophyt\\\/#primaryimage\"},\"thumbnailUrl\":\"https:\\\/\\\/www.vetorino.com\\\/boutique\\\/wp-content\\\/uploads\\\/2021\\\/05\\\/kryptophyt.png\",\"datePublished\":\"2021-05-31T18:29:55+00:00\",\"dateModified\":\"2025-07-29T09:44:54+00:00\",\"description\":\"Stabilisation du bilan des \u00e9lectrolytes et de l'eau afin de faciliter la digestion physiologique. Kryptophyt aide l'organisme des veaux \u00e0 lutter contre les agents opportunistes. KryptoPhyt contient du yucca contenant lui-m\u00eame des saponines et des polyph\u00e9nols (qui poss\u00e8dent respectivement des propri\u00e9t\u00e9s antimicrobienne, anti-inflammatoire et anti-oxydante). Krytophyt prot\u00e8ge la muqueuse intestinale et favorise sa cicatrisation. La montmorillonite poss\u00e8de un fort pouvoir adsorbant et protecteur de la muqueuse intestinale. La pectine favorise la bonne qualit\u00e9 du mucus. Administrer par voie orale 20 mL de p\u00e2te, 1 fois par jour, pendant 3 jours.\",\"breadcrumb\":{\"@id\":\"https:\\\/\\\/www.vetorino.com\\\/boutique\\\/product\\\/cryptophyt\\\/#breadcrumb\"},\"inLanguage\":\"fr-FR\",\"potentialAction\":[{\"@type\":\"ReadAction\",\"target\":[\"https:\\\/\\\/www.vetorino.com\\\/boutique\\\/product\\\/cryptophyt\\\/\"]}]},{\"@type\":\"ImageObject\",\"inLanguage\":\"fr-FR\",\"@id\":\"https:\\\/\\\/www.vetorino.com\\\/boutique\\\/product\\\/cryptophyt\\\/#primaryimage\",\"url\":\"https:\\\/\\\/www.vetorino.com\\\/boutique\\\/wp-content\\\/uploads\\\/2021\\\/05\\\/kryptophyt.png\",\"contentUrl\":\"https:\\\/\\\/www.vetorino.com\\\/boutique\\\/wp-content\\\/uploads\\\/2021\\\/05\\\/kryptophyt.png\",\"width\":600,\"height\":600},{\"@type\":\"BreadcrumbList\",\"@id\":\"https:\\\/\\\/www.vetorino.com\\\/boutique\\\/product\\\/cryptophyt\\\/#breadcrumb\",\"itemListElement\":[{\"@type\":\"ListItem\",\"position\":1,\"name\":\"Accueil\",\"item\":\"https:\\\/\\\/www.vetorino.com\\\/boutique\\\/\"},{\"@type\":\"ListItem\",\"position\":2,\"name\":\"Produits\",\"item\":\"https:\\\/\\\/www.vetorino.com\\\/boutique\\\/\"},{\"@type\":\"ListItem\",\"position\":3,\"name\":\"Kryptophyt\"}]},{\"@type\":\"WebSite\",\"@id\":\"https:\\\/\\\/www.vetorino.com\\\/boutique\\\/#website\",\"url\":\"https:\\\/\\\/www.vetorino.com\\\/boutique\\\/\",\"name\":\"V\u00e9torino\",\"description\":\"\",\"publisher\":{\"@id\":\"https:\\\/\\\/www.vetorino.com\\\/boutique\\\/#organization\"},\"potentialAction\":[{\"@type\":\"SearchAction\",\"target\":{\"@type\":\"EntryPoint\",\"urlTemplate\":\"https:\\\/\\\/www.vetorino.com\\\/boutique\\\/?s={search_term_string}\"},\"query-input\":{\"@type\":\"PropertyValueSpecification\",\"valueRequired\":true,\"valueName\":\"search_term_string\"}}],\"inLanguage\":\"fr-FR\"},{\"@type\":\"Organization\",\"@id\":\"https:\\\/\\\/www.vetorino.com\\\/boutique\\\/#organization\",\"name\":\"V\u00e9torino\",\"url\":\"https:\\\/\\\/www.vetorino.com\\\/boutique\\\/\",\"logo\":{\"@type\":\"ImageObject\",\"inLanguage\":\"fr-FR\",\"@id\":\"https:\\\/\\\/www.vetorino.com\\\/boutique\\\/#\\\/schema\\\/logo\\\/image\\\/\",\"url\":\"https:\\\/\\\/www.vetorino.com\\\/boutique\\\/wp-content\\\/uploads\\\/2024\\\/10\\\/logo.jpg\",\"contentUrl\":\"https:\\\/\\\/www.vetorino.com\\\/boutique\\\/wp-content\\\/uploads\\\/2024\\\/10\\\/logo.jpg\",\"width\":1200,\"height\":610,\"caption\":\"V\u00e9torino\"},\"image\":{\"@id\":\"https:\\\/\\\/www.vetorino.com\\\/boutique\\\/#\\\/schema\\\/logo\\\/image\\\/\"},\"sameAs\":[\"https:\\\/\\\/www.facebook.com\\\/Vetorino\\\/\",\"https:\\\/\\\/www.instagram.com\\\/vetorino_off\\\/\",\"https:\\\/\\\/www.linkedin.com\\\/company\\\/vtorino\\\/\"]}]}<\/script>\n<meta property=\"product:brand\" content=\"Savetis\" \/>\n<meta property=\"product:price:amount\" content=\"183.89\" \/>\n<meta property=\"product:price:currency\" content=\"EUR\" \/>\n<meta property=\"og:availability\" content=\"instock\" \/>\n<meta property=\"product:availability\" content=\"instock\" \/>\n<meta property=\"product:retailer_item_id\" content=\"A-8096778\" \/>\n<meta property=\"product:condition\" content=\"new\" \/>\n<!-- \/ Yoast SEO plugin. -->","yoast_head_json":{"title":"Kryptophyt Savetis - V\u00e9torino","description":"Stabilisation du bilan des \u00e9lectrolytes et de l'eau afin de faciliter la digestion physiologique.  Kryptophyt aide l'organisme des veaux \u00e0 lutter contre les agents opportunistes. KryptoPhyt contient du yucca contenant lui-m\u00eame des saponines et des polyph\u00e9nols (qui poss\u00e8dent respectivement des propri\u00e9t\u00e9s antimicrobienne, anti-inflammatoire et anti-oxydante).  Krytophyt prot\u00e8ge la muqueuse intestinale et favorise sa cicatrisation. La montmorillonite poss\u00e8de un fort pouvoir adsorbant et protecteur de la muqueuse intestinale. La pectine favorise la bonne qualit\u00e9 du mucus.  Administrer par voie orale 20 mL de p\u00e2te, 1 fois par jour, pendant 3 jours.","robots":{"index":"noindex","follow":"nofollow"},"og_locale":"fr_FR","og_type":"article","og_title":"Kryptophyt Savetis - V\u00e9torino","og_description":"Stabilisation du bilan des \u00e9lectrolytes et de l'eau afin de faciliter la digestion physiologique.  Kryptophyt aide l'organisme des veaux \u00e0 lutter contre les agents opportunistes. KryptoPhyt contient du yucca contenant lui-m\u00eame des saponines et des polyph\u00e9nols (qui poss\u00e8dent respectivement des propri\u00e9t\u00e9s antimicrobienne, anti-inflammatoire et anti-oxydante).  Krytophyt prot\u00e8ge la muqueuse intestinale et favorise sa cicatrisation. La montmorillonite poss\u00e8de un fort pouvoir adsorbant et protecteur de la muqueuse intestinale. La pectine favorise la bonne qualit\u00e9 du mucus.  Administrer par voie orale 20 mL de p\u00e2te, 1 fois par jour, pendant 3 jours.","og_url":"https:\/\/www.vetorino.com\/veterinaire\/ustaritz-64480\/boutique\/product\/cryptophyt\/","og_site_name":"V\u00e9torino","article_publisher":"https:\/\/www.facebook.com\/Vetorino\/","article_modified_time":"2025-07-29T09:44:54+00:00","og_image":[{"width":600,"height":600,"url":"https:\/\/www.vetorino.com\/boutique\/wp-content\/uploads\/2021\/05\/kryptophyt.png","type":"image\/png"}],"twitter_card":"summary_large_image","twitter_misc":{"Prix":"183,89&euro;","Disponibilit\u00e9":"En stock"},"schema":{"@context":"https:\/\/schema.org","@graph":[{"@type":"WebPage","@id":"https:\/\/www.vetorino.com\/boutique\/product\/cryptophyt\/","url":"https:\/\/www.vetorino.com\/boutique\/product\/cryptophyt\/","name":"Kryptophyt Savetis - V\u00e9torino","isPartOf":{"@id":"https:\/\/www.vetorino.com\/boutique\/#website"},"primaryImageOfPage":{"@id":"https:\/\/www.vetorino.com\/boutique\/product\/cryptophyt\/#primaryimage"},"image":{"@id":"https:\/\/www.vetorino.com\/boutique\/product\/cryptophyt\/#primaryimage"},"thumbnailUrl":"https:\/\/www.vetorino.com\/boutique\/wp-content\/uploads\/2021\/05\/kryptophyt.png","datePublished":"2021-05-31T18:29:55+00:00","dateModified":"2025-07-29T09:44:54+00:00","description":"Stabilisation du bilan des \u00e9lectrolytes et de l'eau afin de faciliter la digestion physiologique. Kryptophyt aide l'organisme des veaux \u00e0 lutter contre les agents opportunistes. KryptoPhyt contient du yucca contenant lui-m\u00eame des saponines et des polyph\u00e9nols (qui poss\u00e8dent respectivement des propri\u00e9t\u00e9s antimicrobienne, anti-inflammatoire et anti-oxydante). Krytophyt prot\u00e8ge la muqueuse intestinale et favorise sa cicatrisation. La montmorillonite poss\u00e8de un fort pouvoir adsorbant et protecteur de la muqueuse intestinale. La pectine favorise la bonne qualit\u00e9 du mucus. Administrer par voie orale 20 mL de p\u00e2te, 1 fois par jour, pendant 3 jours.","breadcrumb":{"@id":"https:\/\/www.vetorino.com\/boutique\/product\/cryptophyt\/#breadcrumb"},"inLanguage":"fr-FR","potentialAction":[{"@type":"ReadAction","target":["https:\/\/www.vetorino.com\/boutique\/product\/cryptophyt\/"]}]},{"@type":"ImageObject","inLanguage":"fr-FR","@id":"https:\/\/www.vetorino.com\/boutique\/product\/cryptophyt\/#primaryimage","url":"https:\/\/www.vetorino.com\/boutique\/wp-content\/uploads\/2021\/05\/kryptophyt.png","contentUrl":"https:\/\/www.vetorino.com\/boutique\/wp-content\/uploads\/2021\/05\/kryptophyt.png","width":600,"height":600},{"@type":"BreadcrumbList","@id":"https:\/\/www.vetorino.com\/boutique\/product\/cryptophyt\/#breadcrumb","itemListElement":[{"@type":"ListItem","position":1,"name":"Accueil","item":"https:\/\/www.vetorino.com\/boutique\/"},{"@type":"ListItem","position":2,"name":"Produits","item":"https:\/\/www.vetorino.com\/boutique\/"},{"@type":"ListItem","position":3,"name":"Kryptophyt"}]},{"@type":"WebSite","@id":"https:\/\/www.vetorino.com\/boutique\/#website","url":"https:\/\/www.vetorino.com\/boutique\/","name":"V\u00e9torino","description":"","publisher":{"@id":"https:\/\/www.vetorino.com\/boutique\/#organization"},"potentialAction":[{"@type":"SearchAction","target":{"@type":"EntryPoint","urlTemplate":"https:\/\/www.vetorino.com\/boutique\/?s={search_term_string}"},"query-input":{"@type":"PropertyValueSpecification","valueRequired":true,"valueName":"search_term_string"}}],"inLanguage":"fr-FR"},{"@type":"Organization","@id":"https:\/\/www.vetorino.com\/boutique\/#organization","name":"V\u00e9torino","url":"https:\/\/www.vetorino.com\/boutique\/","logo":{"@type":"ImageObject","inLanguage":"fr-FR","@id":"https:\/\/www.vetorino.com\/boutique\/#\/schema\/logo\/image\/","url":"https:\/\/www.vetorino.com\/boutique\/wp-content\/uploads\/2024\/10\/logo.jpg","contentUrl":"https:\/\/www.vetorino.com\/boutique\/wp-content\/uploads\/2024\/10\/logo.jpg","width":1200,"height":610,"caption":"V\u00e9torino"},"image":{"@id":"https:\/\/www.vetorino.com\/boutique\/#\/schema\/logo\/image\/"},"sameAs":["https:\/\/www.facebook.com\/Vetorino\/","https:\/\/www.instagram.com\/vetorino_off\/","https:\/\/www.linkedin.com\/company\/vtorino\/"]}]},"product_brand":"Savetis","product_price_amount":"183.89","product_price_currency":"EUR","og_availability":"instock","product_availability":"instock","product_retailer_item_id":"A-8096778","product_condition":"new"},"_links":{"self":[{"href":"https:\/\/www.vetorino.com\/veterinaire\/ustaritz-64480\/boutique\/wp-json\/wp\/v2\/product\/187044","targetHints":{"allow":["GET"]}}],"collection":[{"href":"https:\/\/www.vetorino.com\/veterinaire\/ustaritz-64480\/boutique\/wp-json\/wp\/v2\/product"}],"about":[{"href":"https:\/\/www.vetorino.com\/veterinaire\/ustaritz-64480\/boutique\/wp-json\/wp\/v2\/types\/product"}],"wp:featuredmedia":[{"embeddable":true,"href":"https:\/\/www.vetorino.com\/veterinaire\/ustaritz-64480\/boutique\/wp-json\/wp\/v2\/media\/1432238"}],"wp:attachment":[{"href":"https:\/\/www.vetorino.com\/veterinaire\/ustaritz-64480\/boutique\/wp-json\/wp\/v2\/media?parent=187044"}],"wp:term":[{"taxonomy":"product_cat","embeddable":true,"href":"https:\/\/www.vetorino.com\/veterinaire\/ustaritz-64480\/boutique\/wp-json\/wp\/v2\/product_cat?post=187044"},{"taxonomy":"product_tag","embeddable":true,"href":"https:\/\/www.vetorino.com\/veterinaire\/ustaritz-64480\/boutique\/wp-json\/wp\/v2\/product_tag?post=187044"}],"curies":[{"name":"wp","href":"https:\/\/api.w.org\/{rel}","templated":true}]}}