{"id":187133,"date":"2021-05-31T20:32:08","date_gmt":"2021-05-31T18:32:08","guid":{"rendered":"https:\/\/www.vetorino.com\/boutique\/product\/actea-oto-3\/"},"modified":"2024-05-03T10:56:47","modified_gmt":"2024-05-03T08:56:47","slug":"actea-oto-3","status":"publish","type":"product","link":"https:\/\/www.vetorino.com\/veterinaire\/ustaritz-64480\/boutique\/product\/actea-oto-3\/","title":{"rendered":"Actea Oto"},"content":{"rendered":"<p><strong>Emulsion \u00e0 usage otologique chez le chat et le chien g\u00e9n\u00e9ralement recommand\u00e9 dans toutes les situations o\u00f9 les conditions physiologiques du conduit auditif doivent \u00eatre restaur\u00e9es.<\/strong><\/p>\n<p><strong>Utilisation :<\/strong><\/p>\n<ul>\n<li>Gouttes auriculaires pour chats et chiens<\/li>\n<li>Compl\u00e9ment du traitement des affections de l&#8217;oreille externe<\/li>\n<\/ul>\n<p><strong>Mode d&#8217;emploi :<\/strong><\/p>\n<ul>\n<li>Retirer le bouchon.<\/li>\n<li>Effectuer 4 \u00e0 8 pressions (gouttes) par oreille, selon la taille de l\u2019animal, deux fois par jour.<\/li>\n<li>Masser d\u00e9licatement la base de l\u2019oreille pour r\u00e9partir le produit dans l\u2019ensemble du canal auditif.<\/li>\n<li>Avec un coton ou une compresse, \u00e9liminer les salet\u00e9s et les exc\u00e8s de produit pr\u00e9sents \u00e0 l\u2019ouverture du conduit auriculaire.<\/li>\n<li>R\u00e9p\u00e9tez l\u2019op\u00e9ration pendant au moins 10 jours cons\u00e9cutifs jusqu\u2019\u00e0 ce que l\u2019oreille retrouve un aspect normal, puis adapter la fr\u00e9quence pour \u00e9viter les rechutes chez les animaux pr\u00e9dispos\u00e9s.<\/li>\n<\/ul>\n<p><strong>Avantages :<\/strong><\/p>\n<ul>\n<li>\u00a0Application facile<\/li>\n<li>Excellente tol\u00e9rance locale<\/li>\n<li>\u00c9mulsion thermo-fluidifiante pour une meilleure r\u00e9partition dans le canal auriculaire<\/li>\n<li>\u00c9limination rapide du c\u00e9rumen<\/li>\n<li>Utilisable en cas de pr\u00e9sence de levures et de bact\u00e9ries et en cas d\u2019inflammation mod\u00e9r\u00e9e<\/li>\n<li>Gr\u00e2ce \u00e0 ses propri\u00e9t\u00e9s c\u00e9rum\u00e9nolytiques, apaisantes et assainissantes, ACT\u00c9A OTO peut m\u00eame \u00eatre utilis\u00e9 pour limiter le d\u00e9veloppement des otites chez les sujets pr\u00e9dispos\u00e9s.<\/li>\n<\/ul>\n<p><strong>Avant utilisation ou prolongation de l\u2019utilisation, il est recommand\u00e9 de demander l\u2019avis d\u2019un v\u00e9t\u00e9rinair<\/strong><\/p>\n","protected":false},"excerpt":{"rendered":"<p><strong>Emulsion \u00e0 usage otologique chez le chat et le chien g\u00e9n\u00e9ralement recommand\u00e9 dans toutes les situations o\u00f9 les conditions physiologiques du conduit auditif doivent \u00eatre restaur\u00e9es.<\/strong><\/p>\n<p><strong>Utilisation :<\/strong><\/p>\n<ul>\n<li>Gouttes auriculaires pour chats et chiens<\/li>\n<li>Compl\u00e9ment du traitement des affections de l&#8217;oreille externe<\/li>\n<\/ul>\n","protected":false},"featured_media":912488,"template":"","meta":[],"product_cat":[2697,2698,12613,12614,12560,12561],"product_tag":[],"class_list":{"0":"post-187133","1":"product","2":"type-product","3":"status-publish","4":"has-post-thumbnail","6":"product_cat-chat","7":"product_cat-chien","8":"product_cat-hygiene-des-oreilles-du-chat","9":"product_cat-hygiene-des-oreilles-du-chien","10":"product_cat-hygiene-du-chat","11":"product_cat-hygiene-du-chien","12":"pa_marque-anidev","14":"first","15":"instock","16":"taxable","17":"shipping-taxable","18":"purchasable","19":"product-type-simple"},"yoast_head":"<!-- This site is optimized with the Yoast SEO plugin v27.3 - https:\/\/yoast.com\/product\/yoast-seo-wordpress\/ -->\n<title>Actea Oto Anidev - V\u00e9torino<\/title>\n<meta name=\"description\" content=\"Emulsion \u00e0 usage otologique chez le chat et le chien g\u00e9n\u00e9ralement recommand\u00e9 dans toutes les situations o\u00f9 les conditions physiologiques du conduit auditif doivent \u00eatre restaur\u00e9es.  Utilisation :   Gouttes auriculaires pour chats et chiens  Compl\u00e9ment du traitement des affections de l&#039;oreille externe\" \/>\n<meta name=\"robots\" content=\"noindex, nofollow\" \/>\n<meta property=\"og:locale\" content=\"fr_FR\" \/>\n<meta property=\"og:type\" content=\"article\" \/>\n<meta property=\"og:title\" content=\"Actea Oto Anidev - V\u00e9torino\" \/>\n<meta property=\"og:description\" content=\"Emulsion \u00e0 usage otologique chez le chat et le chien g\u00e9n\u00e9ralement recommand\u00e9 dans toutes les situations o\u00f9 les conditions physiologiques du conduit auditif doivent \u00eatre restaur\u00e9es.  Utilisation :   Gouttes auriculaires pour chats et chiens  Compl\u00e9ment du traitement des affections de l&#039;oreille externe\" \/>\n<meta property=\"og:url\" content=\"https:\/\/www.vetorino.com\/veterinaire\/ustaritz-64480\/boutique\/product\/actea-oto-3\/\" \/>\n<meta property=\"og:site_name\" content=\"V\u00e9torino\" \/>\n<meta property=\"article:publisher\" content=\"https:\/\/www.facebook.com\/Vetorino\/\" \/>\n<meta property=\"article:modified_time\" content=\"2024-05-03T08:56:47+00:00\" \/>\n<meta property=\"og:image\" content=\"https:\/\/www.vetorino.com\/boutique\/wp-content\/uploads\/2020\/02\/placeholder-os-chien-chat-nourriture.jpg\" \/>\n\t<meta property=\"og:image:width\" content=\"555\" \/>\n\t<meta property=\"og:image:height\" content=\"555\" \/>\n\t<meta property=\"og:image:type\" content=\"image\/jpeg\" \/>\n<meta name=\"twitter:card\" content=\"summary_large_image\" \/>\n<meta name=\"twitter:label1\" content=\"Prix\" \/>\n\t<meta name=\"twitter:data1\" content=\"14,63&euro;\" \/>\n\t<meta name=\"twitter:label2\" content=\"Disponibilit\u00e9\" \/>\n\t<meta name=\"twitter:data2\" content=\"En stock\" \/>\n<script type=\"application\/ld+json\" class=\"yoast-schema-graph\">{\"@context\":\"https:\\\/\\\/schema.org\",\"@graph\":[{\"@type\":\"WebPage\",\"@id\":\"https:\\\/\\\/www.vetorino.com\\\/boutique\\\/product\\\/actea-oto-3\\\/\",\"url\":\"https:\\\/\\\/www.vetorino.com\\\/boutique\\\/product\\\/actea-oto-3\\\/\",\"name\":\"Actea Oto Anidev - V\u00e9torino\",\"isPartOf\":{\"@id\":\"https:\\\/\\\/www.vetorino.com\\\/boutique\\\/#website\"},\"primaryImageOfPage\":{\"@id\":\"https:\\\/\\\/www.vetorino.com\\\/boutique\\\/product\\\/actea-oto-3\\\/#primaryimage\"},\"image\":{\"@id\":\"https:\\\/\\\/www.vetorino.com\\\/boutique\\\/product\\\/actea-oto-3\\\/#primaryimage\"},\"thumbnailUrl\":\"https:\\\/\\\/www.vetorino.com\\\/boutique\\\/wp-content\\\/uploads\\\/2020\\\/07\\\/actea-oto.webp\",\"datePublished\":\"2021-05-31T18:32:08+00:00\",\"dateModified\":\"2024-05-03T08:56:47+00:00\",\"description\":\"Emulsion \u00e0 usage otologique chez le chat et le chien g\u00e9n\u00e9ralement recommand\u00e9 dans toutes les situations o\u00f9 les conditions physiologiques du conduit auditif doivent \u00eatre restaur\u00e9es. Utilisation : Gouttes auriculaires pour chats et chiens Compl\u00e9ment du traitement des affections de l'oreille externe\",\"breadcrumb\":{\"@id\":\"https:\\\/\\\/www.vetorino.com\\\/boutique\\\/product\\\/actea-oto-3\\\/#breadcrumb\"},\"inLanguage\":\"fr-FR\",\"potentialAction\":[{\"@type\":\"ReadAction\",\"target\":[\"https:\\\/\\\/www.vetorino.com\\\/boutique\\\/product\\\/actea-oto-3\\\/\"]}]},{\"@type\":\"ImageObject\",\"inLanguage\":\"fr-FR\",\"@id\":\"https:\\\/\\\/www.vetorino.com\\\/boutique\\\/product\\\/actea-oto-3\\\/#primaryimage\",\"url\":\"https:\\\/\\\/www.vetorino.com\\\/boutique\\\/wp-content\\\/uploads\\\/2020\\\/07\\\/actea-oto.webp\",\"contentUrl\":\"https:\\\/\\\/www.vetorino.com\\\/boutique\\\/wp-content\\\/uploads\\\/2020\\\/07\\\/actea-oto.webp\",\"width\":458,\"height\":458},{\"@type\":\"BreadcrumbList\",\"@id\":\"https:\\\/\\\/www.vetorino.com\\\/boutique\\\/product\\\/actea-oto-3\\\/#breadcrumb\",\"itemListElement\":[{\"@type\":\"ListItem\",\"position\":1,\"name\":\"Accueil\",\"item\":\"https:\\\/\\\/www.vetorino.com\\\/boutique\\\/\"},{\"@type\":\"ListItem\",\"position\":2,\"name\":\"Produits\",\"item\":\"https:\\\/\\\/www.vetorino.com\\\/boutique\\\/\"},{\"@type\":\"ListItem\",\"position\":3,\"name\":\"Actea Oto\"}]},{\"@type\":\"WebSite\",\"@id\":\"https:\\\/\\\/www.vetorino.com\\\/boutique\\\/#website\",\"url\":\"https:\\\/\\\/www.vetorino.com\\\/boutique\\\/\",\"name\":\"V\u00e9torino\",\"description\":\"\",\"publisher\":{\"@id\":\"https:\\\/\\\/www.vetorino.com\\\/boutique\\\/#organization\"},\"potentialAction\":[{\"@type\":\"SearchAction\",\"target\":{\"@type\":\"EntryPoint\",\"urlTemplate\":\"https:\\\/\\\/www.vetorino.com\\\/boutique\\\/?s={search_term_string}\"},\"query-input\":{\"@type\":\"PropertyValueSpecification\",\"valueRequired\":true,\"valueName\":\"search_term_string\"}}],\"inLanguage\":\"fr-FR\"},{\"@type\":\"Organization\",\"@id\":\"https:\\\/\\\/www.vetorino.com\\\/boutique\\\/#organization\",\"name\":\"V\u00e9torino\",\"url\":\"https:\\\/\\\/www.vetorino.com\\\/boutique\\\/\",\"logo\":{\"@type\":\"ImageObject\",\"inLanguage\":\"fr-FR\",\"@id\":\"https:\\\/\\\/www.vetorino.com\\\/boutique\\\/#\\\/schema\\\/logo\\\/image\\\/\",\"url\":\"https:\\\/\\\/www.vetorino.com\\\/boutique\\\/wp-content\\\/uploads\\\/2024\\\/10\\\/logo.jpg\",\"contentUrl\":\"https:\\\/\\\/www.vetorino.com\\\/boutique\\\/wp-content\\\/uploads\\\/2024\\\/10\\\/logo.jpg\",\"width\":1200,\"height\":610,\"caption\":\"V\u00e9torino\"},\"image\":{\"@id\":\"https:\\\/\\\/www.vetorino.com\\\/boutique\\\/#\\\/schema\\\/logo\\\/image\\\/\"},\"sameAs\":[\"https:\\\/\\\/www.facebook.com\\\/Vetorino\\\/\",\"https:\\\/\\\/www.instagram.com\\\/vetorino_off\\\/\",\"https:\\\/\\\/www.linkedin.com\\\/company\\\/vtorino\\\/\"]}]}<\/script>\n<meta property=\"product:brand\" content=\"Anidev\" \/>\n<meta property=\"product:price:amount\" content=\"14.63\" \/>\n<meta property=\"product:price:currency\" content=\"EUR\" \/>\n<meta property=\"og:availability\" content=\"instock\" \/>\n<meta property=\"product:availability\" content=\"instock\" \/>\n<meta property=\"product:retailer_item_id\" content=\"A-1849130\" \/>\n<meta property=\"product:condition\" content=\"new\" \/>\n<!-- \/ Yoast SEO plugin. -->","yoast_head_json":{"title":"Actea Oto Anidev - V\u00e9torino","description":"Emulsion \u00e0 usage otologique chez le chat et le chien g\u00e9n\u00e9ralement recommand\u00e9 dans toutes les situations o\u00f9 les conditions physiologiques du conduit auditif doivent \u00eatre restaur\u00e9es.  Utilisation :   Gouttes auriculaires pour chats et chiens  Compl\u00e9ment du traitement des affections de l'oreille externe","robots":{"index":"noindex","follow":"nofollow"},"og_locale":"fr_FR","og_type":"article","og_title":"Actea Oto Anidev - V\u00e9torino","og_description":"Emulsion \u00e0 usage otologique chez le chat et le chien g\u00e9n\u00e9ralement recommand\u00e9 dans toutes les situations o\u00f9 les conditions physiologiques du conduit auditif doivent \u00eatre restaur\u00e9es.  Utilisation :   Gouttes auriculaires pour chats et chiens  Compl\u00e9ment du traitement des affections de l'oreille externe","og_url":"https:\/\/www.vetorino.com\/veterinaire\/ustaritz-64480\/boutique\/product\/actea-oto-3\/","og_site_name":"V\u00e9torino","article_publisher":"https:\/\/www.facebook.com\/Vetorino\/","article_modified_time":"2024-05-03T08:56:47+00:00","og_image":[{"width":555,"height":555,"url":"https:\/\/www.vetorino.com\/boutique\/wp-content\/uploads\/2020\/02\/placeholder-os-chien-chat-nourriture.jpg","type":"image\/jpeg"}],"twitter_card":"summary_large_image","twitter_misc":{"Prix":"14,63&euro;","Disponibilit\u00e9":"En stock"},"schema":{"@context":"https:\/\/schema.org","@graph":[{"@type":"WebPage","@id":"https:\/\/www.vetorino.com\/boutique\/product\/actea-oto-3\/","url":"https:\/\/www.vetorino.com\/boutique\/product\/actea-oto-3\/","name":"Actea Oto Anidev - V\u00e9torino","isPartOf":{"@id":"https:\/\/www.vetorino.com\/boutique\/#website"},"primaryImageOfPage":{"@id":"https:\/\/www.vetorino.com\/boutique\/product\/actea-oto-3\/#primaryimage"},"image":{"@id":"https:\/\/www.vetorino.com\/boutique\/product\/actea-oto-3\/#primaryimage"},"thumbnailUrl":"https:\/\/www.vetorino.com\/boutique\/wp-content\/uploads\/2020\/07\/actea-oto.webp","datePublished":"2021-05-31T18:32:08+00:00","dateModified":"2024-05-03T08:56:47+00:00","description":"Emulsion \u00e0 usage otologique chez le chat et le chien g\u00e9n\u00e9ralement recommand\u00e9 dans toutes les situations o\u00f9 les conditions physiologiques du conduit auditif doivent \u00eatre restaur\u00e9es. Utilisation : Gouttes auriculaires pour chats et chiens Compl\u00e9ment du traitement des affections de l'oreille externe","breadcrumb":{"@id":"https:\/\/www.vetorino.com\/boutique\/product\/actea-oto-3\/#breadcrumb"},"inLanguage":"fr-FR","potentialAction":[{"@type":"ReadAction","target":["https:\/\/www.vetorino.com\/boutique\/product\/actea-oto-3\/"]}]},{"@type":"ImageObject","inLanguage":"fr-FR","@id":"https:\/\/www.vetorino.com\/boutique\/product\/actea-oto-3\/#primaryimage","url":"https:\/\/www.vetorino.com\/boutique\/wp-content\/uploads\/2020\/07\/actea-oto.webp","contentUrl":"https:\/\/www.vetorino.com\/boutique\/wp-content\/uploads\/2020\/07\/actea-oto.webp","width":458,"height":458},{"@type":"BreadcrumbList","@id":"https:\/\/www.vetorino.com\/boutique\/product\/actea-oto-3\/#breadcrumb","itemListElement":[{"@type":"ListItem","position":1,"name":"Accueil","item":"https:\/\/www.vetorino.com\/boutique\/"},{"@type":"ListItem","position":2,"name":"Produits","item":"https:\/\/www.vetorino.com\/boutique\/"},{"@type":"ListItem","position":3,"name":"Actea Oto"}]},{"@type":"WebSite","@id":"https:\/\/www.vetorino.com\/boutique\/#website","url":"https:\/\/www.vetorino.com\/boutique\/","name":"V\u00e9torino","description":"","publisher":{"@id":"https:\/\/www.vetorino.com\/boutique\/#organization"},"potentialAction":[{"@type":"SearchAction","target":{"@type":"EntryPoint","urlTemplate":"https:\/\/www.vetorino.com\/boutique\/?s={search_term_string}"},"query-input":{"@type":"PropertyValueSpecification","valueRequired":true,"valueName":"search_term_string"}}],"inLanguage":"fr-FR"},{"@type":"Organization","@id":"https:\/\/www.vetorino.com\/boutique\/#organization","name":"V\u00e9torino","url":"https:\/\/www.vetorino.com\/boutique\/","logo":{"@type":"ImageObject","inLanguage":"fr-FR","@id":"https:\/\/www.vetorino.com\/boutique\/#\/schema\/logo\/image\/","url":"https:\/\/www.vetorino.com\/boutique\/wp-content\/uploads\/2024\/10\/logo.jpg","contentUrl":"https:\/\/www.vetorino.com\/boutique\/wp-content\/uploads\/2024\/10\/logo.jpg","width":1200,"height":610,"caption":"V\u00e9torino"},"image":{"@id":"https:\/\/www.vetorino.com\/boutique\/#\/schema\/logo\/image\/"},"sameAs":["https:\/\/www.facebook.com\/Vetorino\/","https:\/\/www.instagram.com\/vetorino_off\/","https:\/\/www.linkedin.com\/company\/vtorino\/"]}]},"product_brand":"Anidev","product_price_amount":"14.63","product_price_currency":"EUR","og_availability":"instock","product_availability":"instock","product_retailer_item_id":"A-1849130","product_condition":"new"},"_links":{"self":[{"href":"https:\/\/www.vetorino.com\/veterinaire\/ustaritz-64480\/boutique\/wp-json\/wp\/v2\/product\/187133","targetHints":{"allow":["GET"]}}],"collection":[{"href":"https:\/\/www.vetorino.com\/veterinaire\/ustaritz-64480\/boutique\/wp-json\/wp\/v2\/product"}],"about":[{"href":"https:\/\/www.vetorino.com\/veterinaire\/ustaritz-64480\/boutique\/wp-json\/wp\/v2\/types\/product"}],"wp:featuredmedia":[{"embeddable":true,"href":"https:\/\/www.vetorino.com\/veterinaire\/ustaritz-64480\/boutique\/wp-json\/wp\/v2\/media\/912488"}],"wp:attachment":[{"href":"https:\/\/www.vetorino.com\/veterinaire\/ustaritz-64480\/boutique\/wp-json\/wp\/v2\/media?parent=187133"}],"wp:term":[{"taxonomy":"product_cat","embeddable":true,"href":"https:\/\/www.vetorino.com\/veterinaire\/ustaritz-64480\/boutique\/wp-json\/wp\/v2\/product_cat?post=187133"},{"taxonomy":"product_tag","embeddable":true,"href":"https:\/\/www.vetorino.com\/veterinaire\/ustaritz-64480\/boutique\/wp-json\/wp\/v2\/product_tag?post=187133"}],"curies":[{"name":"wp","href":"https:\/\/api.w.org\/{rel}","templated":true}]}}