{"id":187417,"date":"2021-05-31T20:40:19","date_gmt":"2021-05-31T18:40:19","guid":{"rendered":"https:\/\/www.vetorino.com\/boutique\/product\/yoos-collier-chiens-de-plus-de-10-kg\/"},"modified":"2024-04-25T12:19:29","modified_gmt":"2024-04-25T10:19:29","slug":"yoos-collier-chiens-de-plus-de-10-kg","status":"publish","type":"product","link":"https:\/\/www.vetorino.com\/veterinaire\/ustaritz-64480\/boutique\/product\/yoos-collier-chiens-de-plus-de-10-kg\/","title":{"rendered":"Yoos collier Moyen et Grand chien"},"content":{"rendered":"<p><strong>Le collier Yoos agit naturellement et durablement sur le confort articulaire et la mobilit\u00e9 de votre chien.<\/strong><\/p>\n<p><strong>Utilisation :<\/strong><\/p>\n<ul>\n<li>Chien adulte ou senior<\/li>\n<li>Efficace pendant 4 semaines<\/li>\n<li>Petit chien (moins de 10 kg)<\/li>\n<\/ul>\n<p><strong>Avantages :<\/strong><\/p>\n<ul>\n<li><strong>Impr\u00e9gn\u00e9 d\u2019un complexe de\u00a04\u00a0huiles essentielles<\/strong>, parmi lesquelles la gaulth\u00e9rie et le romarin, s\u00e9lectionn\u00e9es pour leurs vertus apaisantes sur l\u2019inconfort et les raideurs articulaires.<\/li>\n<li><strong>Simple d\u2019utilisation<\/strong>, il suffit de mettre le collier autour du cou de votre chien et de le laisser agir pendant 30 jours.<\/li>\n<li>Un essai men\u00e9 sur des chiens atteints d\u2019inconfort articulaire a montr\u00e9 que les premiers effets du collier YOOS sont per\u00e7us<strong> apr\u00e8s seulement 3 jours<\/strong>.<\/li>\n<\/ul>\n<p><strong>Ne pas utiliser sur le chat.<\/strong><\/p>\n","protected":false},"excerpt":{"rendered":"<p>Le\u00a0<strong>collier YOOS<\/strong>\u00a0est une innovation naturelle du laboratoire CEVA dans la gestion des difficult\u00e9s articulaires du chien.<\/p>\n<p><strong>Utilisation<\/strong>\u00a0:<\/p>\n<ul>\n<li>Chien avec probl\u00e8mes articulaires<\/li>\n<\/ul>\n","protected":false},"featured_media":905132,"template":"","meta":[],"product_cat":[2698,12633],"product_tag":[],"class_list":{"0":"post-187417","1":"product","2":"type-product","3":"status-publish","4":"has-post-thumbnail","6":"product_cat-chien","7":"product_cat-soutien-articulaire-du-chien","8":"pa_marque-ceva","10":"first","11":"instock","12":"taxable","13":"shipping-taxable","14":"purchasable","15":"product-type-simple"},"yoast_head":"<!-- This site is optimized with the Yoast SEO plugin v27.3 - https:\/\/yoast.com\/product\/yoast-seo-wordpress\/ -->\n<title>Yoos collier Moyen et Grand chien Ceva - V\u00e9torino<\/title>\n<meta name=\"description\" content=\"Le\u00a0collier YOOS\u00a0est une innovation naturelle du laboratoire CEVA dans la gestion des difficult\u00e9s articulaires du chien.  Utilisation\u00a0:   Chien avec probl\u00e8mes articulaires\" \/>\n<meta name=\"robots\" content=\"noindex, nofollow\" \/>\n<meta property=\"og:locale\" content=\"fr_FR\" \/>\n<meta property=\"og:type\" content=\"article\" \/>\n<meta property=\"og:title\" content=\"Yoos collier Moyen et Grand chien Ceva - V\u00e9torino\" \/>\n<meta property=\"og:description\" content=\"Le\u00a0collier YOOS\u00a0est une innovation naturelle du laboratoire CEVA dans la gestion des difficult\u00e9s articulaires du chien.  Utilisation\u00a0:   Chien avec probl\u00e8mes articulaires\" \/>\n<meta property=\"og:url\" content=\"https:\/\/www.vetorino.com\/veterinaire\/ustaritz-64480\/boutique\/product\/yoos-collier-chiens-de-plus-de-10-kg\/\" \/>\n<meta property=\"og:site_name\" content=\"V\u00e9torino\" \/>\n<meta property=\"article:publisher\" content=\"https:\/\/www.facebook.com\/Vetorino\/\" \/>\n<meta property=\"article:modified_time\" content=\"2024-04-25T10:19:29+00:00\" \/>\n<meta property=\"og:image\" content=\"https:\/\/www.vetorino.com\/boutique\/wp-content\/uploads\/2021\/05\/CEVA-18259701.png\" \/>\n\t<meta property=\"og:image:width\" content=\"1772\" \/>\n\t<meta property=\"og:image:height\" content=\"2613\" \/>\n\t<meta property=\"og:image:type\" content=\"image\/png\" \/>\n<meta name=\"twitter:card\" content=\"summary_large_image\" \/>\n<meta name=\"twitter:label1\" content=\"Prix\" \/>\n\t<meta name=\"twitter:data1\" content=\"22,27&euro;\" \/>\n\t<meta name=\"twitter:label2\" content=\"Disponibilit\u00e9\" \/>\n\t<meta name=\"twitter:data2\" content=\"En stock\" \/>\n<script type=\"application\/ld+json\" class=\"yoast-schema-graph\">{\"@context\":\"https:\\\/\\\/schema.org\",\"@graph\":[{\"@type\":\"WebPage\",\"@id\":\"https:\\\/\\\/www.vetorino.com\\\/boutique\\\/product\\\/yoos-collier-chiens-de-plus-de-10-kg\\\/\",\"url\":\"https:\\\/\\\/www.vetorino.com\\\/boutique\\\/product\\\/yoos-collier-chiens-de-plus-de-10-kg\\\/\",\"name\":\"Yoos collier Moyen et Grand chien Ceva - V\u00e9torino\",\"isPartOf\":{\"@id\":\"https:\\\/\\\/www.vetorino.com\\\/boutique\\\/#website\"},\"primaryImageOfPage\":{\"@id\":\"https:\\\/\\\/www.vetorino.com\\\/boutique\\\/product\\\/yoos-collier-chiens-de-plus-de-10-kg\\\/#primaryimage\"},\"image\":{\"@id\":\"https:\\\/\\\/www.vetorino.com\\\/boutique\\\/product\\\/yoos-collier-chiens-de-plus-de-10-kg\\\/#primaryimage\"},\"thumbnailUrl\":\"https:\\\/\\\/www.vetorino.com\\\/boutique\\\/wp-content\\\/uploads\\\/2021\\\/05\\\/CEVA-18259701.png\",\"datePublished\":\"2021-05-31T18:40:19+00:00\",\"dateModified\":\"2024-04-25T10:19:29+00:00\",\"description\":\"Le\u00a0collier YOOS\u00a0est une innovation naturelle du laboratoire CEVA dans la gestion des difficult\u00e9s articulaires du chien. Utilisation\u00a0: Chien avec probl\u00e8mes articulaires\",\"breadcrumb\":{\"@id\":\"https:\\\/\\\/www.vetorino.com\\\/boutique\\\/product\\\/yoos-collier-chiens-de-plus-de-10-kg\\\/#breadcrumb\"},\"inLanguage\":\"fr-FR\",\"potentialAction\":[{\"@type\":\"ReadAction\",\"target\":[\"https:\\\/\\\/www.vetorino.com\\\/boutique\\\/product\\\/yoos-collier-chiens-de-plus-de-10-kg\\\/\"]}]},{\"@type\":\"ImageObject\",\"inLanguage\":\"fr-FR\",\"@id\":\"https:\\\/\\\/www.vetorino.com\\\/boutique\\\/product\\\/yoos-collier-chiens-de-plus-de-10-kg\\\/#primaryimage\",\"url\":\"https:\\\/\\\/www.vetorino.com\\\/boutique\\\/wp-content\\\/uploads\\\/2021\\\/05\\\/CEVA-18259701.png\",\"contentUrl\":\"https:\\\/\\\/www.vetorino.com\\\/boutique\\\/wp-content\\\/uploads\\\/2021\\\/05\\\/CEVA-18259701.png\",\"width\":1772,\"height\":2613},{\"@type\":\"BreadcrumbList\",\"@id\":\"https:\\\/\\\/www.vetorino.com\\\/boutique\\\/product\\\/yoos-collier-chiens-de-plus-de-10-kg\\\/#breadcrumb\",\"itemListElement\":[{\"@type\":\"ListItem\",\"position\":1,\"name\":\"Accueil\",\"item\":\"https:\\\/\\\/www.vetorino.com\\\/boutique\\\/\"},{\"@type\":\"ListItem\",\"position\":2,\"name\":\"Produits\",\"item\":\"https:\\\/\\\/www.vetorino.com\\\/boutique\\\/\"},{\"@type\":\"ListItem\",\"position\":3,\"name\":\"Yoos collier Moyen et Grand chien\"}]},{\"@type\":\"WebSite\",\"@id\":\"https:\\\/\\\/www.vetorino.com\\\/boutique\\\/#website\",\"url\":\"https:\\\/\\\/www.vetorino.com\\\/boutique\\\/\",\"name\":\"V\u00e9torino\",\"description\":\"\",\"publisher\":{\"@id\":\"https:\\\/\\\/www.vetorino.com\\\/boutique\\\/#organization\"},\"potentialAction\":[{\"@type\":\"SearchAction\",\"target\":{\"@type\":\"EntryPoint\",\"urlTemplate\":\"https:\\\/\\\/www.vetorino.com\\\/boutique\\\/?s={search_term_string}\"},\"query-input\":{\"@type\":\"PropertyValueSpecification\",\"valueRequired\":true,\"valueName\":\"search_term_string\"}}],\"inLanguage\":\"fr-FR\"},{\"@type\":\"Organization\",\"@id\":\"https:\\\/\\\/www.vetorino.com\\\/boutique\\\/#organization\",\"name\":\"V\u00e9torino\",\"url\":\"https:\\\/\\\/www.vetorino.com\\\/boutique\\\/\",\"logo\":{\"@type\":\"ImageObject\",\"inLanguage\":\"fr-FR\",\"@id\":\"https:\\\/\\\/www.vetorino.com\\\/boutique\\\/#\\\/schema\\\/logo\\\/image\\\/\",\"url\":\"https:\\\/\\\/www.vetorino.com\\\/boutique\\\/wp-content\\\/uploads\\\/2024\\\/10\\\/logo.jpg\",\"contentUrl\":\"https:\\\/\\\/www.vetorino.com\\\/boutique\\\/wp-content\\\/uploads\\\/2024\\\/10\\\/logo.jpg\",\"width\":1200,\"height\":610,\"caption\":\"V\u00e9torino\"},\"image\":{\"@id\":\"https:\\\/\\\/www.vetorino.com\\\/boutique\\\/#\\\/schema\\\/logo\\\/image\\\/\"},\"sameAs\":[\"https:\\\/\\\/www.facebook.com\\\/Vetorino\\\/\",\"https:\\\/\\\/www.instagram.com\\\/vetorino_off\\\/\",\"https:\\\/\\\/www.linkedin.com\\\/company\\\/vtorino\\\/\"]}]}<\/script>\n<meta property=\"product:brand\" content=\"Ceva\" \/>\n<meta property=\"product:price:amount\" content=\"22.27\" \/>\n<meta property=\"product:price:currency\" content=\"EUR\" \/>\n<meta property=\"og:availability\" content=\"instock\" \/>\n<meta property=\"product:availability\" content=\"instock\" \/>\n<meta property=\"product:retailer_item_id\" content=\"A-1825970\" \/>\n<meta property=\"product:condition\" content=\"new\" \/>\n<!-- \/ Yoast SEO plugin. -->","yoast_head_json":{"title":"Yoos collier Moyen et Grand chien Ceva - V\u00e9torino","description":"Le\u00a0collier YOOS\u00a0est une innovation naturelle du laboratoire CEVA dans la gestion des difficult\u00e9s articulaires du chien.  Utilisation\u00a0:   Chien avec probl\u00e8mes articulaires","robots":{"index":"noindex","follow":"nofollow"},"og_locale":"fr_FR","og_type":"article","og_title":"Yoos collier Moyen et Grand chien Ceva - V\u00e9torino","og_description":"Le\u00a0collier YOOS\u00a0est une innovation naturelle du laboratoire CEVA dans la gestion des difficult\u00e9s articulaires du chien.  Utilisation\u00a0:   Chien avec probl\u00e8mes articulaires","og_url":"https:\/\/www.vetorino.com\/veterinaire\/ustaritz-64480\/boutique\/product\/yoos-collier-chiens-de-plus-de-10-kg\/","og_site_name":"V\u00e9torino","article_publisher":"https:\/\/www.facebook.com\/Vetorino\/","article_modified_time":"2024-04-25T10:19:29+00:00","og_image":[{"width":1772,"height":2613,"url":"https:\/\/www.vetorino.com\/boutique\/wp-content\/uploads\/2021\/05\/CEVA-18259701.png","type":"image\/png"}],"twitter_card":"summary_large_image","twitter_misc":{"Prix":"22,27&euro;","Disponibilit\u00e9":"En stock"},"schema":{"@context":"https:\/\/schema.org","@graph":[{"@type":"WebPage","@id":"https:\/\/www.vetorino.com\/boutique\/product\/yoos-collier-chiens-de-plus-de-10-kg\/","url":"https:\/\/www.vetorino.com\/boutique\/product\/yoos-collier-chiens-de-plus-de-10-kg\/","name":"Yoos collier Moyen et Grand chien Ceva - V\u00e9torino","isPartOf":{"@id":"https:\/\/www.vetorino.com\/boutique\/#website"},"primaryImageOfPage":{"@id":"https:\/\/www.vetorino.com\/boutique\/product\/yoos-collier-chiens-de-plus-de-10-kg\/#primaryimage"},"image":{"@id":"https:\/\/www.vetorino.com\/boutique\/product\/yoos-collier-chiens-de-plus-de-10-kg\/#primaryimage"},"thumbnailUrl":"https:\/\/www.vetorino.com\/boutique\/wp-content\/uploads\/2021\/05\/CEVA-18259701.png","datePublished":"2021-05-31T18:40:19+00:00","dateModified":"2024-04-25T10:19:29+00:00","description":"Le\u00a0collier YOOS\u00a0est une innovation naturelle du laboratoire CEVA dans la gestion des difficult\u00e9s articulaires du chien. Utilisation\u00a0: Chien avec probl\u00e8mes articulaires","breadcrumb":{"@id":"https:\/\/www.vetorino.com\/boutique\/product\/yoos-collier-chiens-de-plus-de-10-kg\/#breadcrumb"},"inLanguage":"fr-FR","potentialAction":[{"@type":"ReadAction","target":["https:\/\/www.vetorino.com\/boutique\/product\/yoos-collier-chiens-de-plus-de-10-kg\/"]}]},{"@type":"ImageObject","inLanguage":"fr-FR","@id":"https:\/\/www.vetorino.com\/boutique\/product\/yoos-collier-chiens-de-plus-de-10-kg\/#primaryimage","url":"https:\/\/www.vetorino.com\/boutique\/wp-content\/uploads\/2021\/05\/CEVA-18259701.png","contentUrl":"https:\/\/www.vetorino.com\/boutique\/wp-content\/uploads\/2021\/05\/CEVA-18259701.png","width":1772,"height":2613},{"@type":"BreadcrumbList","@id":"https:\/\/www.vetorino.com\/boutique\/product\/yoos-collier-chiens-de-plus-de-10-kg\/#breadcrumb","itemListElement":[{"@type":"ListItem","position":1,"name":"Accueil","item":"https:\/\/www.vetorino.com\/boutique\/"},{"@type":"ListItem","position":2,"name":"Produits","item":"https:\/\/www.vetorino.com\/boutique\/"},{"@type":"ListItem","position":3,"name":"Yoos collier Moyen et Grand chien"}]},{"@type":"WebSite","@id":"https:\/\/www.vetorino.com\/boutique\/#website","url":"https:\/\/www.vetorino.com\/boutique\/","name":"V\u00e9torino","description":"","publisher":{"@id":"https:\/\/www.vetorino.com\/boutique\/#organization"},"potentialAction":[{"@type":"SearchAction","target":{"@type":"EntryPoint","urlTemplate":"https:\/\/www.vetorino.com\/boutique\/?s={search_term_string}"},"query-input":{"@type":"PropertyValueSpecification","valueRequired":true,"valueName":"search_term_string"}}],"inLanguage":"fr-FR"},{"@type":"Organization","@id":"https:\/\/www.vetorino.com\/boutique\/#organization","name":"V\u00e9torino","url":"https:\/\/www.vetorino.com\/boutique\/","logo":{"@type":"ImageObject","inLanguage":"fr-FR","@id":"https:\/\/www.vetorino.com\/boutique\/#\/schema\/logo\/image\/","url":"https:\/\/www.vetorino.com\/boutique\/wp-content\/uploads\/2024\/10\/logo.jpg","contentUrl":"https:\/\/www.vetorino.com\/boutique\/wp-content\/uploads\/2024\/10\/logo.jpg","width":1200,"height":610,"caption":"V\u00e9torino"},"image":{"@id":"https:\/\/www.vetorino.com\/boutique\/#\/schema\/logo\/image\/"},"sameAs":["https:\/\/www.facebook.com\/Vetorino\/","https:\/\/www.instagram.com\/vetorino_off\/","https:\/\/www.linkedin.com\/company\/vtorino\/"]}]},"product_brand":"Ceva","product_price_amount":"22.27","product_price_currency":"EUR","og_availability":"instock","product_availability":"instock","product_retailer_item_id":"A-1825970","product_condition":"new"},"_links":{"self":[{"href":"https:\/\/www.vetorino.com\/veterinaire\/ustaritz-64480\/boutique\/wp-json\/wp\/v2\/product\/187417","targetHints":{"allow":["GET"]}}],"collection":[{"href":"https:\/\/www.vetorino.com\/veterinaire\/ustaritz-64480\/boutique\/wp-json\/wp\/v2\/product"}],"about":[{"href":"https:\/\/www.vetorino.com\/veterinaire\/ustaritz-64480\/boutique\/wp-json\/wp\/v2\/types\/product"}],"wp:featuredmedia":[{"embeddable":true,"href":"https:\/\/www.vetorino.com\/veterinaire\/ustaritz-64480\/boutique\/wp-json\/wp\/v2\/media\/905132"}],"wp:attachment":[{"href":"https:\/\/www.vetorino.com\/veterinaire\/ustaritz-64480\/boutique\/wp-json\/wp\/v2\/media?parent=187417"}],"wp:term":[{"taxonomy":"product_cat","embeddable":true,"href":"https:\/\/www.vetorino.com\/veterinaire\/ustaritz-64480\/boutique\/wp-json\/wp\/v2\/product_cat?post=187417"},{"taxonomy":"product_tag","embeddable":true,"href":"https:\/\/www.vetorino.com\/veterinaire\/ustaritz-64480\/boutique\/wp-json\/wp\/v2\/product_tag?post=187417"}],"curies":[{"name":"wp","href":"https:\/\/api.w.org\/{rel}","templated":true}]}}