{"id":192370,"date":"2021-06-14T10:06:56","date_gmt":"2021-06-14T08:06:56","guid":{"rendered":"https:\/\/www.vetorino.com\/boutique\/product\/tondeuse-oster-golden-a5\/"},"modified":"2024-07-12T11:18:54","modified_gmt":"2024-07-12T09:18:54","slug":"tondeuse-oster-golden-a5","status":"publish","type":"product","link":"https:\/\/www.vetorino.com\/veterinaire\/ustaritz-64480\/boutique\/product\/tondeuse-oster-golden-a5\/","title":{"rendered":"Tondeuse Oster Golden A5"},"content":{"rendered":"<p>Oster, la marque des professionnels, vous propose d\u00e9sormais la tondeuse pour chien Golden A5 en deux variantes : la Golden A5 1speed noire \u00e0 une vitesse et effectuant 2 200 tours par minute, et la Golden A5 2speed bordeaux \u00e0 deux vitesses et effectuant 3 300 tours par minute (soit 2 200 et 3 300 mouvements de &#8220;va-et-vient&#8221; de la t\u00eate de coupe \u00e0 une puissance de 45 Watt).<br \/>\nCes deux tondeuses pour chien sont dot\u00e9es d&#8217;un moteur d&#8217;une puissance de 45 Watt et conviennent autant \u00e0 un usage priv\u00e9 que professionnel. De plus, la tondeuse Oster Golden A5 est silencieuse et ne vibre pas. Les t\u00eates de coupe sont faciles \u00e0 embo\u00eeter et \u00e0 changer \u2013 le syst\u00e8me est simple \u00e0 utiliser m\u00eame pour les d\u00e9butants.<\/p>\n<p><b>Caract\u00e9ristiques de la tondeuse Oster Golden A5 pour chien :<\/b><\/p>\n<ul>\n<li>dimensions 1speed \/ 2speed : L 17 x l 5 x H 5 cm<\/li>\n<li>t\u00eates de coupe amovibles faciles et rapides \u00e0 manier<\/li>\n<li>moteur universel silencieux<\/li>\n<li>grande performance :\n<ul>\n<li>1speed (noire) : 2 200 allers-retours par minute<\/li>\n<li>2speed (bordeaux) : 3 300 allers-retours par minute<\/li>\n<\/ul>\n<\/li>\n<li>con\u00e7ues pour un usage prolong\u00e9<\/li>\n<li>convient \u00e0 un usage professionnel<\/li>\n<li>fournie avec une brosse de nettoyage, de la graisse pour un bon fonctionnement et de l&#8217;huile de nettoyage pour les t\u00eates de coupe<\/li>\n<\/ul>\n<p>Comme les besoins sont diff\u00e9rents d&#8217;une race de chien \u00e0 une autre, <b>aucune t\u00eate de coupe n&#8217;est fournie.<\/b><br \/>\nVous pouvez cependant commander s\u00e9par\u00e9ment une t\u00eate de coupe de taille appropri\u00e9e en cliquant sur le lien suivant :<\/p>\n<p><b><span style=\"color: red\">Important : pour garantir une bonne dur\u00e9e de vie de la tondeuse, il est indispensable d&#8217;huiler r\u00e9guli\u00e8rement la t\u00eate de coupe toutes les 3 \u00e0 4 minutes comme indiqu\u00e9 dans le mode d&#8217;emploi. En effet s&#8217;il n&#8217;y a pas suffisamment d&#8217;huile entre les dents, les parties m\u00e9talliques vont se frotter entre elles, ce qui usera plus rapidement la t\u00eate de coupe.<\/span><\/b><\/p>\n","protected":false},"excerpt":{"rendered":"<p><strong>Tondeuse Oster Goden A5<\/strong> &#8211; 2 vitesses. Puissante gr\u00e2ce \u00e0 ses 45 W elle permet de tondre facilement votre chien &#8211; Machine de qualit\u00e9 professionnelle<\/p>\n","protected":false},"featured_media":192383,"template":"","meta":[],"product_cat":[12573,2791,12550,2698],"product_tag":[],"class_list":{"0":"post-192370","1":"product","2":"type-product","3":"status-publish","4":"has-post-thumbnail","6":"product_cat-accessoire-pour-lhygiene-du-chien","7":"product_cat-accessoires-de-toilettage-pour-chien","8":"product_cat-accessoires-du-chien","9":"product_cat-chien","10":"pa_marque-oster","12":"first","13":"instock","14":"taxable","15":"shipping-taxable","16":"purchasable","17":"product-type-variable"},"yoast_head":"<!-- This site is optimized with the Yoast SEO plugin v27.3 - https:\/\/yoast.com\/product\/yoast-seo-wordpress\/ -->\n<title>Tondeuse Oster Golden A5 Oster - V\u00e9torino<\/title>\n<meta name=\"description\" content=\"Tondeuse Oster Goden A5 - 2 vitesses. Puissante gr\u00e2ce \u00e0 ses 45 W elle permet de tondre facilement votre chien - Machine de qualit\u00e9 professionnelle\" \/>\n<meta name=\"robots\" content=\"noindex, nofollow\" \/>\n<meta property=\"og:locale\" content=\"fr_FR\" \/>\n<meta property=\"og:type\" content=\"article\" \/>\n<meta property=\"og:title\" content=\"Tondeuse Oster Golden A5 Oster - V\u00e9torino\" \/>\n<meta property=\"og:description\" content=\"Tondeuse Oster Goden A5 - 2 vitesses. Puissante gr\u00e2ce \u00e0 ses 45 W elle permet de tondre facilement votre chien - Machine de qualit\u00e9 professionnelle\" \/>\n<meta property=\"og:url\" content=\"https:\/\/www.vetorino.com\/veterinaire\/ustaritz-64480\/boutique\/product\/tondeuse-oster-golden-a5\/\" \/>\n<meta property=\"og:site_name\" content=\"V\u00e9torino\" \/>\n<meta property=\"article:publisher\" content=\"https:\/\/www.facebook.com\/Vetorino\/\" \/>\n<meta property=\"article:modified_time\" content=\"2024-07-12T09:18:54+00:00\" \/>\n<meta property=\"og:image\" content=\"https:\/\/www.vetorino.com\/boutique\/wp-content\/uploads\/2021\/06\/22216_PLA_Oster_Schermaschine_Golden_A5_2.jpg\" \/>\n\t<meta property=\"og:image:width\" content=\"400\" \/>\n\t<meta property=\"og:image:height\" content=\"400\" \/>\n\t<meta property=\"og:image:type\" content=\"image\/jpeg\" \/>\n<meta name=\"twitter:card\" content=\"summary_large_image\" \/>\n<meta name=\"twitter:label1\" content=\"Disponibilit\u00e9\" \/>\n\t<meta name=\"twitter:data1\" content=\"En stock\" \/>\n<script type=\"application\/ld+json\" class=\"yoast-schema-graph\">{\"@context\":\"https:\\\/\\\/schema.org\",\"@graph\":[{\"@type\":\"WebPage\",\"@id\":\"https:\\\/\\\/www.vetorino.com\\\/boutique\\\/product\\\/tondeuse-oster-golden-a5\\\/\",\"url\":\"https:\\\/\\\/www.vetorino.com\\\/boutique\\\/product\\\/tondeuse-oster-golden-a5\\\/\",\"name\":\"Tondeuse Oster Golden A5 Oster - V\u00e9torino\",\"isPartOf\":{\"@id\":\"https:\\\/\\\/www.vetorino.com\\\/boutique\\\/#website\"},\"primaryImageOfPage\":{\"@id\":\"https:\\\/\\\/www.vetorino.com\\\/boutique\\\/product\\\/tondeuse-oster-golden-a5\\\/#primaryimage\"},\"image\":{\"@id\":\"https:\\\/\\\/www.vetorino.com\\\/boutique\\\/product\\\/tondeuse-oster-golden-a5\\\/#primaryimage\"},\"thumbnailUrl\":\"https:\\\/\\\/www.vetorino.com\\\/boutique\\\/wp-content\\\/uploads\\\/2021\\\/06\\\/22216_PLA_Oster_Schermaschine_Golden_A5_2.jpg\",\"datePublished\":\"2021-06-14T08:06:56+00:00\",\"dateModified\":\"2024-07-12T09:18:54+00:00\",\"description\":\"Tondeuse Oster Goden A5 - 2 vitesses. Puissante gr\u00e2ce \u00e0 ses 45 W elle permet de tondre facilement votre chien - Machine de qualit\u00e9 professionnelle\",\"breadcrumb\":{\"@id\":\"https:\\\/\\\/www.vetorino.com\\\/boutique\\\/product\\\/tondeuse-oster-golden-a5\\\/#breadcrumb\"},\"inLanguage\":\"fr-FR\",\"potentialAction\":[{\"@type\":\"ReadAction\",\"target\":[\"https:\\\/\\\/www.vetorino.com\\\/boutique\\\/product\\\/tondeuse-oster-golden-a5\\\/\"]}]},{\"@type\":\"ImageObject\",\"inLanguage\":\"fr-FR\",\"@id\":\"https:\\\/\\\/www.vetorino.com\\\/boutique\\\/product\\\/tondeuse-oster-golden-a5\\\/#primaryimage\",\"url\":\"https:\\\/\\\/www.vetorino.com\\\/boutique\\\/wp-content\\\/uploads\\\/2021\\\/06\\\/22216_PLA_Oster_Schermaschine_Golden_A5_2.jpg\",\"contentUrl\":\"https:\\\/\\\/www.vetorino.com\\\/boutique\\\/wp-content\\\/uploads\\\/2021\\\/06\\\/22216_PLA_Oster_Schermaschine_Golden_A5_2.jpg\",\"width\":400,\"height\":400},{\"@type\":\"BreadcrumbList\",\"@id\":\"https:\\\/\\\/www.vetorino.com\\\/boutique\\\/product\\\/tondeuse-oster-golden-a5\\\/#breadcrumb\",\"itemListElement\":[{\"@type\":\"ListItem\",\"position\":1,\"name\":\"Accueil\",\"item\":\"https:\\\/\\\/www.vetorino.com\\\/boutique\\\/\"},{\"@type\":\"ListItem\",\"position\":2,\"name\":\"Produits\",\"item\":\"https:\\\/\\\/www.vetorino.com\\\/boutique\\\/\"},{\"@type\":\"ListItem\",\"position\":3,\"name\":\"Tondeuse Oster Golden A5\"}]},{\"@type\":\"WebSite\",\"@id\":\"https:\\\/\\\/www.vetorino.com\\\/boutique\\\/#website\",\"url\":\"https:\\\/\\\/www.vetorino.com\\\/boutique\\\/\",\"name\":\"V\u00e9torino\",\"description\":\"\",\"publisher\":{\"@id\":\"https:\\\/\\\/www.vetorino.com\\\/boutique\\\/#organization\"},\"potentialAction\":[{\"@type\":\"SearchAction\",\"target\":{\"@type\":\"EntryPoint\",\"urlTemplate\":\"https:\\\/\\\/www.vetorino.com\\\/boutique\\\/?s={search_term_string}\"},\"query-input\":{\"@type\":\"PropertyValueSpecification\",\"valueRequired\":true,\"valueName\":\"search_term_string\"}}],\"inLanguage\":\"fr-FR\"},{\"@type\":\"Organization\",\"@id\":\"https:\\\/\\\/www.vetorino.com\\\/boutique\\\/#organization\",\"name\":\"V\u00e9torino\",\"url\":\"https:\\\/\\\/www.vetorino.com\\\/boutique\\\/\",\"logo\":{\"@type\":\"ImageObject\",\"inLanguage\":\"fr-FR\",\"@id\":\"https:\\\/\\\/www.vetorino.com\\\/boutique\\\/#\\\/schema\\\/logo\\\/image\\\/\",\"url\":\"https:\\\/\\\/www.vetorino.com\\\/boutique\\\/wp-content\\\/uploads\\\/2024\\\/10\\\/logo.jpg\",\"contentUrl\":\"https:\\\/\\\/www.vetorino.com\\\/boutique\\\/wp-content\\\/uploads\\\/2024\\\/10\\\/logo.jpg\",\"width\":1200,\"height\":610,\"caption\":\"V\u00e9torino\"},\"image\":{\"@id\":\"https:\\\/\\\/www.vetorino.com\\\/boutique\\\/#\\\/schema\\\/logo\\\/image\\\/\"},\"sameAs\":[\"https:\\\/\\\/www.facebook.com\\\/Vetorino\\\/\",\"https:\\\/\\\/www.instagram.com\\\/vetorino_off\\\/\",\"https:\\\/\\\/www.linkedin.com\\\/company\\\/vtorino\\\/\"]}]}<\/script>\n<meta property=\"product:brand\" content=\"Oster\" \/>\n<meta property=\"og:availability\" content=\"instock\" \/>\n<meta property=\"product:availability\" content=\"instock\" \/>\n<meta property=\"product:condition\" content=\"new\" \/>\n<!-- \/ Yoast SEO plugin. -->","yoast_head_json":{"title":"Tondeuse Oster Golden A5 Oster - V\u00e9torino","description":"Tondeuse Oster Goden A5 - 2 vitesses. Puissante gr\u00e2ce \u00e0 ses 45 W elle permet de tondre facilement votre chien - Machine de qualit\u00e9 professionnelle","robots":{"index":"noindex","follow":"nofollow"},"og_locale":"fr_FR","og_type":"article","og_title":"Tondeuse Oster Golden A5 Oster - V\u00e9torino","og_description":"Tondeuse Oster Goden A5 - 2 vitesses. Puissante gr\u00e2ce \u00e0 ses 45 W elle permet de tondre facilement votre chien - Machine de qualit\u00e9 professionnelle","og_url":"https:\/\/www.vetorino.com\/veterinaire\/ustaritz-64480\/boutique\/product\/tondeuse-oster-golden-a5\/","og_site_name":"V\u00e9torino","article_publisher":"https:\/\/www.facebook.com\/Vetorino\/","article_modified_time":"2024-07-12T09:18:54+00:00","og_image":[{"width":400,"height":400,"url":"https:\/\/www.vetorino.com\/boutique\/wp-content\/uploads\/2021\/06\/22216_PLA_Oster_Schermaschine_Golden_A5_2.jpg","type":"image\/jpeg"}],"twitter_card":"summary_large_image","twitter_misc":{"Disponibilit\u00e9":"En stock"},"schema":{"@context":"https:\/\/schema.org","@graph":[{"@type":"WebPage","@id":"https:\/\/www.vetorino.com\/boutique\/product\/tondeuse-oster-golden-a5\/","url":"https:\/\/www.vetorino.com\/boutique\/product\/tondeuse-oster-golden-a5\/","name":"Tondeuse Oster Golden A5 Oster - V\u00e9torino","isPartOf":{"@id":"https:\/\/www.vetorino.com\/boutique\/#website"},"primaryImageOfPage":{"@id":"https:\/\/www.vetorino.com\/boutique\/product\/tondeuse-oster-golden-a5\/#primaryimage"},"image":{"@id":"https:\/\/www.vetorino.com\/boutique\/product\/tondeuse-oster-golden-a5\/#primaryimage"},"thumbnailUrl":"https:\/\/www.vetorino.com\/boutique\/wp-content\/uploads\/2021\/06\/22216_PLA_Oster_Schermaschine_Golden_A5_2.jpg","datePublished":"2021-06-14T08:06:56+00:00","dateModified":"2024-07-12T09:18:54+00:00","description":"Tondeuse Oster Goden A5 - 2 vitesses. Puissante gr\u00e2ce \u00e0 ses 45 W elle permet de tondre facilement votre chien - Machine de qualit\u00e9 professionnelle","breadcrumb":{"@id":"https:\/\/www.vetorino.com\/boutique\/product\/tondeuse-oster-golden-a5\/#breadcrumb"},"inLanguage":"fr-FR","potentialAction":[{"@type":"ReadAction","target":["https:\/\/www.vetorino.com\/boutique\/product\/tondeuse-oster-golden-a5\/"]}]},{"@type":"ImageObject","inLanguage":"fr-FR","@id":"https:\/\/www.vetorino.com\/boutique\/product\/tondeuse-oster-golden-a5\/#primaryimage","url":"https:\/\/www.vetorino.com\/boutique\/wp-content\/uploads\/2021\/06\/22216_PLA_Oster_Schermaschine_Golden_A5_2.jpg","contentUrl":"https:\/\/www.vetorino.com\/boutique\/wp-content\/uploads\/2021\/06\/22216_PLA_Oster_Schermaschine_Golden_A5_2.jpg","width":400,"height":400},{"@type":"BreadcrumbList","@id":"https:\/\/www.vetorino.com\/boutique\/product\/tondeuse-oster-golden-a5\/#breadcrumb","itemListElement":[{"@type":"ListItem","position":1,"name":"Accueil","item":"https:\/\/www.vetorino.com\/boutique\/"},{"@type":"ListItem","position":2,"name":"Produits","item":"https:\/\/www.vetorino.com\/boutique\/"},{"@type":"ListItem","position":3,"name":"Tondeuse Oster Golden A5"}]},{"@type":"WebSite","@id":"https:\/\/www.vetorino.com\/boutique\/#website","url":"https:\/\/www.vetorino.com\/boutique\/","name":"V\u00e9torino","description":"","publisher":{"@id":"https:\/\/www.vetorino.com\/boutique\/#organization"},"potentialAction":[{"@type":"SearchAction","target":{"@type":"EntryPoint","urlTemplate":"https:\/\/www.vetorino.com\/boutique\/?s={search_term_string}"},"query-input":{"@type":"PropertyValueSpecification","valueRequired":true,"valueName":"search_term_string"}}],"inLanguage":"fr-FR"},{"@type":"Organization","@id":"https:\/\/www.vetorino.com\/boutique\/#organization","name":"V\u00e9torino","url":"https:\/\/www.vetorino.com\/boutique\/","logo":{"@type":"ImageObject","inLanguage":"fr-FR","@id":"https:\/\/www.vetorino.com\/boutique\/#\/schema\/logo\/image\/","url":"https:\/\/www.vetorino.com\/boutique\/wp-content\/uploads\/2024\/10\/logo.jpg","contentUrl":"https:\/\/www.vetorino.com\/boutique\/wp-content\/uploads\/2024\/10\/logo.jpg","width":1200,"height":610,"caption":"V\u00e9torino"},"image":{"@id":"https:\/\/www.vetorino.com\/boutique\/#\/schema\/logo\/image\/"},"sameAs":["https:\/\/www.facebook.com\/Vetorino\/","https:\/\/www.instagram.com\/vetorino_off\/","https:\/\/www.linkedin.com\/company\/vtorino\/"]}]},"product_brand":"Oster","og_availability":"instock","product_availability":"instock","product_condition":"new"},"_links":{"self":[{"href":"https:\/\/www.vetorino.com\/veterinaire\/ustaritz-64480\/boutique\/wp-json\/wp\/v2\/product\/192370","targetHints":{"allow":["GET"]}}],"collection":[{"href":"https:\/\/www.vetorino.com\/veterinaire\/ustaritz-64480\/boutique\/wp-json\/wp\/v2\/product"}],"about":[{"href":"https:\/\/www.vetorino.com\/veterinaire\/ustaritz-64480\/boutique\/wp-json\/wp\/v2\/types\/product"}],"wp:featuredmedia":[{"embeddable":true,"href":"https:\/\/www.vetorino.com\/veterinaire\/ustaritz-64480\/boutique\/wp-json\/wp\/v2\/media\/192383"}],"wp:attachment":[{"href":"https:\/\/www.vetorino.com\/veterinaire\/ustaritz-64480\/boutique\/wp-json\/wp\/v2\/media?parent=192370"}],"wp:term":[{"taxonomy":"product_cat","embeddable":true,"href":"https:\/\/www.vetorino.com\/veterinaire\/ustaritz-64480\/boutique\/wp-json\/wp\/v2\/product_cat?post=192370"},{"taxonomy":"product_tag","embeddable":true,"href":"https:\/\/www.vetorino.com\/veterinaire\/ustaritz-64480\/boutique\/wp-json\/wp\/v2\/product_tag?post=192370"}],"curies":[{"name":"wp","href":"https:\/\/api.w.org\/{rel}","templated":true}]}}