{"id":326044,"date":"2022-05-24T10:53:37","date_gmt":"2022-05-24T08:53:37","guid":{"rendered":"https:\/\/www.vetorino.com\/boutique\/product\/wamine-permeabilite\/"},"modified":"2022-05-24T12:29:56","modified_gmt":"2022-05-24T10:29:56","slug":"wamine-permeabilite","status":"publish","type":"product","link":"https:\/\/www.vetorino.com\/veterinaire\/ustaritz-64480\/boutique\/product\/wamine-permeabilite\/","title":{"rendered":"Permeabilite petits animaux"},"content":{"rendered":"<p><span data-sheets-value=\"{&quot;1&quot;:2,&quot;2&quot;:&quot;Inuline et fructo-oligosaccharides (FOS) de chicor\u00e9e, L-glutamine (30,51%), extrait de th\u00e9 vert Camellia sinensis L. (feuille) (2,44%).\\nAdditifs technologiques : Silice collo\u00efdale (E551b) ; Alginate (E401) et gomme d\u2019acacia (E414).\\nAdditifs sensoriels : M\u00e9lange de substances aromatiques.\\nAdditifs nutritionnels : Oxyde de zinc (E6) (0,11%), b\u00eatacarot\u00e8ne (E160a) (0,029%).&quot;}\" data-sheets-userformat=\"{&quot;2&quot;:12733,&quot;3&quot;:{&quot;1&quot;:0,&quot;3&quot;:1},&quot;5&quot;:{&quot;1&quot;:[{&quot;1&quot;:2,&quot;2&quot;:0,&quot;5&quot;:{&quot;1&quot;:2,&quot;2&quot;:0}},{&quot;1&quot;:0,&quot;2&quot;:0,&quot;3&quot;:3},{&quot;1&quot;:1,&quot;2&quot;:0,&quot;4&quot;:1}]},&quot;6&quot;:{&quot;1&quot;:[{&quot;1&quot;:2,&quot;2&quot;:0,&quot;5&quot;:{&quot;1&quot;:2,&quot;2&quot;:0}},{&quot;1&quot;:0,&quot;2&quot;:0,&quot;3&quot;:3},{&quot;1&quot;:1,&quot;2&quot;:0,&quot;4&quot;:1}]},&quot;7&quot;:{&quot;1&quot;:[{&quot;1&quot;:2,&quot;2&quot;:0,&quot;5&quot;:{&quot;1&quot;:2,&quot;2&quot;:0}},{&quot;1&quot;:0,&quot;2&quot;:0,&quot;3&quot;:3},{&quot;1&quot;:1,&quot;2&quot;:0,&quot;4&quot;:1}]},&quot;8&quot;:{&quot;1&quot;:[{&quot;1&quot;:2,&quot;2&quot;:0,&quot;5&quot;:{&quot;1&quot;:2,&quot;2&quot;:0}},{&quot;1&quot;:0,&quot;2&quot;:0,&quot;3&quot;:3},{&quot;1&quot;:1,&quot;2&quot;:0,&quot;4&quot;:1}]},&quot;10&quot;:0,&quot;11&quot;:4,&quot;15&quot;:&quot;Calibri&quot;,&quot;16&quot;:11}\" data-sheets-textstyleruns=\"{&quot;1&quot;:0}\uee10{&quot;1&quot;:96,&quot;2&quot;:{&quot;3&quot;:&quot;Calibri&quot;,&quot;4&quot;:11,&quot;6&quot;:1}}\uee10{&quot;1&quot;:113,&quot;2&quot;:{&quot;3&quot;:&quot;Calibri&quot;,&quot;4&quot;:11}}\uee10{&quot;1&quot;:136,&quot;2&quot;:{&quot;3&quot;:&quot;Calibri&quot;,&quot;4&quot;:11,&quot;5&quot;:1}}\uee10{&quot;1&quot;:159,&quot;2&quot;:{&quot;3&quot;:&quot;Calibri&quot;,&quot;4&quot;:11}}\uee10{&quot;1&quot;:232,&quot;2&quot;:{&quot;3&quot;:&quot;Calibri&quot;,&quot;4&quot;:11,&quot;5&quot;:1}}\uee10{&quot;1&quot;:251,&quot;2&quot;:{&quot;3&quot;:&quot;Calibri&quot;,&quot;4&quot;:11}}\uee10{&quot;1&quot;:289,&quot;2&quot;:{&quot;3&quot;:&quot;Calibri&quot;,&quot;4&quot;:11,&quot;5&quot;:1}}\uee10{&quot;1&quot;:311,&quot;2&quot;:{&quot;3&quot;:&quot;Calibri&quot;,&quot;4&quot;:11}}\">Inuline et fructo-oligosaccharides (FOS) de chicor\u00e9e, L-glutamine (30,51%), extrait de th\u00e9 vert Camellia sinensis L. (feuille) (2,44%).<br \/>\nAdditifs technologiques : Silice collo\u00efdale (E551b) ; Alginate (E401) et gomme d\u2019acacia (E414).<br \/>\nAdditifs sensoriels : M\u00e9lange de substances aromatiques.<br \/>\nAdditifs nutritionnels : Oxyde de zinc (E6) (0,11%), b\u00eatacarot\u00e8ne (E160a) (0,029%).<\/span><\/p>\n<p><span data-sheets-value=\"{&quot;1&quot;:2,&quot;2&quot;:&quot;Chez les chiens et chats : 1 sachet pour 15 kg par jour. Modulable en fonction du poids. Poudre app\u00e9tente pouvant \u00eatre ajout\u00e9e \u00e0 la ration alimentaire.\\nDur\u00e9e de la compl\u00e9mentation : 15 jours, \u00e0 renouveler si besoin.&quot;}\" data-sheets-userformat=\"{&quot;2&quot;:14781,&quot;3&quot;:{&quot;1&quot;:0,&quot;3&quot;:1},&quot;5&quot;:{&quot;1&quot;:[{&quot;1&quot;:2,&quot;2&quot;:0,&quot;5&quot;:{&quot;1&quot;:2,&quot;2&quot;:0}},{&quot;1&quot;:0,&quot;2&quot;:0,&quot;3&quot;:3},{&quot;1&quot;:1,&quot;2&quot;:0,&quot;4&quot;:1}]},&quot;6&quot;:{&quot;1&quot;:[{&quot;1&quot;:2,&quot;2&quot;:0,&quot;5&quot;:{&quot;1&quot;:2,&quot;2&quot;:0}},{&quot;1&quot;:0,&quot;2&quot;:0,&quot;3&quot;:3},{&quot;1&quot;:1,&quot;2&quot;:0,&quot;4&quot;:1}]},&quot;7&quot;:{&quot;1&quot;:[{&quot;1&quot;:2,&quot;2&quot;:0,&quot;5&quot;:{&quot;1&quot;:2,&quot;2&quot;:0}},{&quot;1&quot;:0,&quot;2&quot;:0,&quot;3&quot;:3},{&quot;1&quot;:1,&quot;2&quot;:0,&quot;4&quot;:1}]},&quot;8&quot;:{&quot;1&quot;:[{&quot;1&quot;:2,&quot;2&quot;:0,&quot;5&quot;:{&quot;1&quot;:2,&quot;2&quot;:0}},{&quot;1&quot;:0,&quot;2&quot;:0,&quot;3&quot;:3},{&quot;1&quot;:1,&quot;2&quot;:0,&quot;4&quot;:1}]},&quot;10&quot;:0,&quot;11&quot;:4,&quot;14&quot;:{&quot;1&quot;:3,&quot;3&quot;:1},&quot;15&quot;:&quot;Calibri&quot;,&quot;16&quot;:11}\">Chez les chiens et chats : 1 sachet pour 15 kg par jour. Modulable en fonction du poids. Poudre app\u00e9tente pouvant \u00eatre ajout\u00e9e \u00e0 la ration alimentaire.<br \/>\nDur\u00e9e de la compl\u00e9mentation : 15 jours, \u00e0 renouveler si besoin.<\/span><\/p>\n","protected":false},"excerpt":{"rendered":"<p><strong>Aliment compl\u00e9mentaire pour chiens et chats<\/strong><\/p>\n<p><span data-sheets-value=\"{&quot;1&quot;:2,&quot;2&quot;:&quot;Participe \u00e0 la coh\u00e9sion des jonctions serr\u00e9es de l\u2019\u00e9pith\u00e9lium intestinal&quot;}\" data-sheets-userformat=\"{&quot;2&quot;:12733,&quot;3&quot;:{&quot;1&quot;:0,&quot;3&quot;:1},&quot;5&quot;:{&quot;1&quot;:[{&quot;1&quot;:2,&quot;2&quot;:0,&quot;5&quot;:{&quot;1&quot;:2,&quot;2&quot;:0}},{&quot;1&quot;:0,&quot;2&quot;:0,&quot;3&quot;:3},{&quot;1&quot;:1,&quot;2&quot;:0,&quot;4&quot;:1}]},&quot;6&quot;:{&quot;1&quot;:[{&quot;1&quot;:2,&quot;2&quot;:0,&quot;5&quot;:{&quot;1&quot;:2,&quot;2&quot;:0}},{&quot;1&quot;:0,&quot;2&quot;:0,&quot;3&quot;:3},{&quot;1&quot;:1,&quot;2&quot;:0,&quot;4&quot;:1}]},&quot;7&quot;:{&quot;1&quot;:[{&quot;1&quot;:2,&quot;2&quot;:0,&quot;5&quot;:{&quot;1&quot;:2,&quot;2&quot;:0}},{&quot;1&quot;:0,&quot;2&quot;:0,&quot;3&quot;:3},{&quot;1&quot;:1,&quot;2&quot;:0,&quot;4&quot;:1}]},&quot;8&quot;:{&quot;1&quot;:[{&quot;1&quot;:2,&quot;2&quot;:0,&quot;5&quot;:{&quot;1&quot;:2,&quot;2&quot;:0}},{&quot;1&quot;:0,&quot;2&quot;:0,&quot;3&quot;:3},{&quot;1&quot;:1,&quot;2&quot;:0,&quot;4&quot;:1}]},&quot;10&quot;:0,&quot;11&quot;:4,&quot;15&quot;:&quot;Calibri&quot;,&quot;16&quot;:11}\">Participe \u00e0 la coh\u00e9sion des jonctions serr\u00e9es de l\u2019\u00e9pith\u00e9lium intestinal<\/span><\/p>\n","protected":false},"featured_media":326047,"template":"","meta":[],"product_cat":[2697,2698,2727],"product_tag":[],"class_list":{"0":"post-326044","1":"product","2":"type-product","3":"status-publish","4":"has-post-thumbnail","6":"product_cat-chat","7":"product_cat-chien","8":"product_cat-nac","9":"pa_marque-wamine","11":"first","12":"instock","13":"taxable","14":"shipping-taxable","15":"purchasable","16":"product-type-simple"},"yoast_head":"<!-- This site is optimized with the Yoast SEO plugin v27.3 - https:\/\/yoast.com\/product\/yoast-seo-wordpress\/ -->\n<title>Permeabilite petits animaux Wamine - V\u00e9torino<\/title>\n<meta name=\"description\" content=\"Aliment compl\u00e9mentaire pour chiens et chats  Participe \u00e0 la coh\u00e9sion des jonctions serr\u00e9es de l\u2019\u00e9pith\u00e9lium intestinal\" \/>\n<meta name=\"robots\" content=\"noindex, nofollow\" \/>\n<meta property=\"og:locale\" content=\"fr_FR\" \/>\n<meta property=\"og:type\" content=\"article\" \/>\n<meta property=\"og:title\" content=\"Permeabilite petits animaux Wamine - V\u00e9torino\" \/>\n<meta property=\"og:description\" content=\"Aliment compl\u00e9mentaire pour chiens et chats  Participe \u00e0 la coh\u00e9sion des jonctions serr\u00e9es de l\u2019\u00e9pith\u00e9lium intestinal\" \/>\n<meta property=\"og:url\" content=\"https:\/\/www.vetorino.com\/veterinaire\/ustaritz-64480\/boutique\/product\/wamine-permeabilite\/\" \/>\n<meta property=\"og:site_name\" content=\"V\u00e9torino\" \/>\n<meta property=\"article:publisher\" content=\"https:\/\/www.facebook.com\/Vetorino\/\" \/>\n<meta property=\"article:modified_time\" content=\"2022-05-24T10:29:56+00:00\" \/>\n<meta property=\"og:image\" content=\"https:\/\/www.vetorino.com\/boutique\/wp-content\/uploads\/2022\/05\/PERMEABILITE-15S.jpg\" \/>\n\t<meta property=\"og:image:width\" content=\"2031\" \/>\n\t<meta property=\"og:image:height\" content=\"2244\" \/>\n\t<meta property=\"og:image:type\" content=\"image\/jpeg\" \/>\n<meta name=\"twitter:card\" content=\"summary_large_image\" \/>\n<meta name=\"twitter:label1\" content=\"Prix\" \/>\n\t<meta name=\"twitter:data1\" content=\"28,87&euro;\" \/>\n\t<meta name=\"twitter:label2\" content=\"Disponibilit\u00e9\" \/>\n\t<meta name=\"twitter:data2\" content=\"En stock\" \/>\n<script type=\"application\/ld+json\" class=\"yoast-schema-graph\">{\"@context\":\"https:\\\/\\\/schema.org\",\"@graph\":[{\"@type\":\"WebPage\",\"@id\":\"https:\\\/\\\/www.vetorino.com\\\/boutique\\\/product\\\/wamine-permeabilite\\\/\",\"url\":\"https:\\\/\\\/www.vetorino.com\\\/boutique\\\/product\\\/wamine-permeabilite\\\/\",\"name\":\"Permeabilite petits animaux Wamine - V\u00e9torino\",\"isPartOf\":{\"@id\":\"https:\\\/\\\/www.vetorino.com\\\/boutique\\\/#website\"},\"primaryImageOfPage\":{\"@id\":\"https:\\\/\\\/www.vetorino.com\\\/boutique\\\/product\\\/wamine-permeabilite\\\/#primaryimage\"},\"image\":{\"@id\":\"https:\\\/\\\/www.vetorino.com\\\/boutique\\\/product\\\/wamine-permeabilite\\\/#primaryimage\"},\"thumbnailUrl\":\"https:\\\/\\\/www.vetorino.com\\\/boutique\\\/wp-content\\\/uploads\\\/2022\\\/05\\\/PERMEABILITE-15S.jpg\",\"datePublished\":\"2022-05-24T08:53:37+00:00\",\"dateModified\":\"2022-05-24T10:29:56+00:00\",\"description\":\"Aliment compl\u00e9mentaire pour chiens et chats Participe \u00e0 la coh\u00e9sion des jonctions serr\u00e9es de l\u2019\u00e9pith\u00e9lium intestinal\",\"breadcrumb\":{\"@id\":\"https:\\\/\\\/www.vetorino.com\\\/boutique\\\/product\\\/wamine-permeabilite\\\/#breadcrumb\"},\"inLanguage\":\"fr-FR\",\"potentialAction\":[{\"@type\":\"ReadAction\",\"target\":[\"https:\\\/\\\/www.vetorino.com\\\/boutique\\\/product\\\/wamine-permeabilite\\\/\"]}]},{\"@type\":\"ImageObject\",\"inLanguage\":\"fr-FR\",\"@id\":\"https:\\\/\\\/www.vetorino.com\\\/boutique\\\/product\\\/wamine-permeabilite\\\/#primaryimage\",\"url\":\"https:\\\/\\\/www.vetorino.com\\\/boutique\\\/wp-content\\\/uploads\\\/2022\\\/05\\\/PERMEABILITE-15S.jpg\",\"contentUrl\":\"https:\\\/\\\/www.vetorino.com\\\/boutique\\\/wp-content\\\/uploads\\\/2022\\\/05\\\/PERMEABILITE-15S.jpg\",\"width\":2031,\"height\":2244},{\"@type\":\"BreadcrumbList\",\"@id\":\"https:\\\/\\\/www.vetorino.com\\\/boutique\\\/product\\\/wamine-permeabilite\\\/#breadcrumb\",\"itemListElement\":[{\"@type\":\"ListItem\",\"position\":1,\"name\":\"Accueil\",\"item\":\"https:\\\/\\\/www.vetorino.com\\\/boutique\\\/\"},{\"@type\":\"ListItem\",\"position\":2,\"name\":\"Produits\",\"item\":\"https:\\\/\\\/www.vetorino.com\\\/boutique\\\/\"},{\"@type\":\"ListItem\",\"position\":3,\"name\":\"Permeabilite petits animaux\"}]},{\"@type\":\"WebSite\",\"@id\":\"https:\\\/\\\/www.vetorino.com\\\/boutique\\\/#website\",\"url\":\"https:\\\/\\\/www.vetorino.com\\\/boutique\\\/\",\"name\":\"V\u00e9torino\",\"description\":\"\",\"publisher\":{\"@id\":\"https:\\\/\\\/www.vetorino.com\\\/boutique\\\/#organization\"},\"potentialAction\":[{\"@type\":\"SearchAction\",\"target\":{\"@type\":\"EntryPoint\",\"urlTemplate\":\"https:\\\/\\\/www.vetorino.com\\\/boutique\\\/?s={search_term_string}\"},\"query-input\":{\"@type\":\"PropertyValueSpecification\",\"valueRequired\":true,\"valueName\":\"search_term_string\"}}],\"inLanguage\":\"fr-FR\"},{\"@type\":\"Organization\",\"@id\":\"https:\\\/\\\/www.vetorino.com\\\/boutique\\\/#organization\",\"name\":\"V\u00e9torino\",\"url\":\"https:\\\/\\\/www.vetorino.com\\\/boutique\\\/\",\"logo\":{\"@type\":\"ImageObject\",\"inLanguage\":\"fr-FR\",\"@id\":\"https:\\\/\\\/www.vetorino.com\\\/boutique\\\/#\\\/schema\\\/logo\\\/image\\\/\",\"url\":\"https:\\\/\\\/www.vetorino.com\\\/boutique\\\/wp-content\\\/uploads\\\/2024\\\/10\\\/logo.jpg\",\"contentUrl\":\"https:\\\/\\\/www.vetorino.com\\\/boutique\\\/wp-content\\\/uploads\\\/2024\\\/10\\\/logo.jpg\",\"width\":1200,\"height\":610,\"caption\":\"V\u00e9torino\"},\"image\":{\"@id\":\"https:\\\/\\\/www.vetorino.com\\\/boutique\\\/#\\\/schema\\\/logo\\\/image\\\/\"},\"sameAs\":[\"https:\\\/\\\/www.facebook.com\\\/Vetorino\\\/\",\"https:\\\/\\\/www.instagram.com\\\/vetorino_off\\\/\",\"https:\\\/\\\/www.linkedin.com\\\/company\\\/vtorino\\\/\"]}]}<\/script>\n<meta property=\"product:brand\" content=\"Wamine\" \/>\n<meta property=\"product:price:amount\" content=\"28.87\" \/>\n<meta property=\"product:price:currency\" content=\"EUR\" \/>\n<meta property=\"og:availability\" content=\"instock\" \/>\n<meta property=\"product:availability\" content=\"instock\" \/>\n<meta property=\"product:retailer_item_id\" content=\"A-8116854\" \/>\n<meta property=\"product:condition\" content=\"new\" \/>\n<!-- \/ Yoast SEO plugin. -->","yoast_head_json":{"title":"Permeabilite petits animaux Wamine - V\u00e9torino","description":"Aliment compl\u00e9mentaire pour chiens et chats  Participe \u00e0 la coh\u00e9sion des jonctions serr\u00e9es de l\u2019\u00e9pith\u00e9lium intestinal","robots":{"index":"noindex","follow":"nofollow"},"og_locale":"fr_FR","og_type":"article","og_title":"Permeabilite petits animaux Wamine - V\u00e9torino","og_description":"Aliment compl\u00e9mentaire pour chiens et chats  Participe \u00e0 la coh\u00e9sion des jonctions serr\u00e9es de l\u2019\u00e9pith\u00e9lium intestinal","og_url":"https:\/\/www.vetorino.com\/veterinaire\/ustaritz-64480\/boutique\/product\/wamine-permeabilite\/","og_site_name":"V\u00e9torino","article_publisher":"https:\/\/www.facebook.com\/Vetorino\/","article_modified_time":"2022-05-24T10:29:56+00:00","og_image":[{"width":2031,"height":2244,"url":"https:\/\/www.vetorino.com\/boutique\/wp-content\/uploads\/2022\/05\/PERMEABILITE-15S.jpg","type":"image\/jpeg"}],"twitter_card":"summary_large_image","twitter_misc":{"Prix":"28,87&euro;","Disponibilit\u00e9":"En stock"},"schema":{"@context":"https:\/\/schema.org","@graph":[{"@type":"WebPage","@id":"https:\/\/www.vetorino.com\/boutique\/product\/wamine-permeabilite\/","url":"https:\/\/www.vetorino.com\/boutique\/product\/wamine-permeabilite\/","name":"Permeabilite petits animaux Wamine - V\u00e9torino","isPartOf":{"@id":"https:\/\/www.vetorino.com\/boutique\/#website"},"primaryImageOfPage":{"@id":"https:\/\/www.vetorino.com\/boutique\/product\/wamine-permeabilite\/#primaryimage"},"image":{"@id":"https:\/\/www.vetorino.com\/boutique\/product\/wamine-permeabilite\/#primaryimage"},"thumbnailUrl":"https:\/\/www.vetorino.com\/boutique\/wp-content\/uploads\/2022\/05\/PERMEABILITE-15S.jpg","datePublished":"2022-05-24T08:53:37+00:00","dateModified":"2022-05-24T10:29:56+00:00","description":"Aliment compl\u00e9mentaire pour chiens et chats Participe \u00e0 la coh\u00e9sion des jonctions serr\u00e9es de l\u2019\u00e9pith\u00e9lium intestinal","breadcrumb":{"@id":"https:\/\/www.vetorino.com\/boutique\/product\/wamine-permeabilite\/#breadcrumb"},"inLanguage":"fr-FR","potentialAction":[{"@type":"ReadAction","target":["https:\/\/www.vetorino.com\/boutique\/product\/wamine-permeabilite\/"]}]},{"@type":"ImageObject","inLanguage":"fr-FR","@id":"https:\/\/www.vetorino.com\/boutique\/product\/wamine-permeabilite\/#primaryimage","url":"https:\/\/www.vetorino.com\/boutique\/wp-content\/uploads\/2022\/05\/PERMEABILITE-15S.jpg","contentUrl":"https:\/\/www.vetorino.com\/boutique\/wp-content\/uploads\/2022\/05\/PERMEABILITE-15S.jpg","width":2031,"height":2244},{"@type":"BreadcrumbList","@id":"https:\/\/www.vetorino.com\/boutique\/product\/wamine-permeabilite\/#breadcrumb","itemListElement":[{"@type":"ListItem","position":1,"name":"Accueil","item":"https:\/\/www.vetorino.com\/boutique\/"},{"@type":"ListItem","position":2,"name":"Produits","item":"https:\/\/www.vetorino.com\/boutique\/"},{"@type":"ListItem","position":3,"name":"Permeabilite petits animaux"}]},{"@type":"WebSite","@id":"https:\/\/www.vetorino.com\/boutique\/#website","url":"https:\/\/www.vetorino.com\/boutique\/","name":"V\u00e9torino","description":"","publisher":{"@id":"https:\/\/www.vetorino.com\/boutique\/#organization"},"potentialAction":[{"@type":"SearchAction","target":{"@type":"EntryPoint","urlTemplate":"https:\/\/www.vetorino.com\/boutique\/?s={search_term_string}"},"query-input":{"@type":"PropertyValueSpecification","valueRequired":true,"valueName":"search_term_string"}}],"inLanguage":"fr-FR"},{"@type":"Organization","@id":"https:\/\/www.vetorino.com\/boutique\/#organization","name":"V\u00e9torino","url":"https:\/\/www.vetorino.com\/boutique\/","logo":{"@type":"ImageObject","inLanguage":"fr-FR","@id":"https:\/\/www.vetorino.com\/boutique\/#\/schema\/logo\/image\/","url":"https:\/\/www.vetorino.com\/boutique\/wp-content\/uploads\/2024\/10\/logo.jpg","contentUrl":"https:\/\/www.vetorino.com\/boutique\/wp-content\/uploads\/2024\/10\/logo.jpg","width":1200,"height":610,"caption":"V\u00e9torino"},"image":{"@id":"https:\/\/www.vetorino.com\/boutique\/#\/schema\/logo\/image\/"},"sameAs":["https:\/\/www.facebook.com\/Vetorino\/","https:\/\/www.instagram.com\/vetorino_off\/","https:\/\/www.linkedin.com\/company\/vtorino\/"]}]},"product_brand":"Wamine","product_price_amount":"28.87","product_price_currency":"EUR","og_availability":"instock","product_availability":"instock","product_retailer_item_id":"A-8116854","product_condition":"new"},"_links":{"self":[{"href":"https:\/\/www.vetorino.com\/veterinaire\/ustaritz-64480\/boutique\/wp-json\/wp\/v2\/product\/326044","targetHints":{"allow":["GET"]}}],"collection":[{"href":"https:\/\/www.vetorino.com\/veterinaire\/ustaritz-64480\/boutique\/wp-json\/wp\/v2\/product"}],"about":[{"href":"https:\/\/www.vetorino.com\/veterinaire\/ustaritz-64480\/boutique\/wp-json\/wp\/v2\/types\/product"}],"wp:featuredmedia":[{"embeddable":true,"href":"https:\/\/www.vetorino.com\/veterinaire\/ustaritz-64480\/boutique\/wp-json\/wp\/v2\/media\/326047"}],"wp:attachment":[{"href":"https:\/\/www.vetorino.com\/veterinaire\/ustaritz-64480\/boutique\/wp-json\/wp\/v2\/media?parent=326044"}],"wp:term":[{"taxonomy":"product_cat","embeddable":true,"href":"https:\/\/www.vetorino.com\/veterinaire\/ustaritz-64480\/boutique\/wp-json\/wp\/v2\/product_cat?post=326044"},{"taxonomy":"product_tag","embeddable":true,"href":"https:\/\/www.vetorino.com\/veterinaire\/ustaritz-64480\/boutique\/wp-json\/wp\/v2\/product_tag?post=326044"}],"curies":[{"name":"wp","href":"https:\/\/api.w.org\/{rel}","templated":true}]}}