{"id":32960,"date":"2020-03-04T21:54:25","date_gmt":"2020-03-04T20:54:25","guid":{"rendered":"https:\/\/www.vetorino.com\/boutique\/product\/lait-chiots-et-chatons\/"},"modified":"2022-01-04T13:51:57","modified_gmt":"2022-01-04T12:51:57","slug":"lait-chiots-et-chatons","status":"publish","type":"product","link":"https:\/\/www.vetorino.com\/veterinaire\/ustaritz-64480\/boutique\/product\/lait-chiots-et-chatons\/","title":{"rendered":"Lait chiots et chatons"},"content":{"rendered":"<div class='hidden'> Sv <\/div>\n<p>Conditionnement : Bo\u00eete de 400 g. <br \/><b>Bon \u00e0 savoir<\/b><br \/> Convient aux chiots, chatons, lapins, furets, hamsters&#8230;  Aliment th\u00e9rapeutique, il doit \u00eatre prescrit par votre v\u00e9t\u00e9rinaire selon l&#8217;\u00e9tat de sant\u00e9 de votre animal. Les rations journali\u00e8res conseill\u00e9es doivent \u00eatre adapt\u00e9es aux conditions climatiques, \u00e0 lactivit\u00e9 de lanimal et \u00e0 sa condition physique selon les conseils de votre v\u00e9t\u00e9rinaire. De leau fra\u00eeche et propre doit \u00eatre disponible \u00e0 tout moment de la journ\u00e9e. Chiot et chaton : m\u00e9langer 1 dosette de poudre rase pour 20 ml d&#8217;eau chaude (soit 3 dosettes pour 1 biberon de 60 ml). Pour conna\u00eetre les quantit\u00e9s selon le poids de l&#8217;animal, consult\u00e9 la notice.  NAC : furets : 1 dosette pour 20 ml (3 dosettes pour un biberon), lapins et les rongeurs de compagnie (gerbille, rat, souris, etc.) 1 dosette pour 10 ml (6 dosettes pour un biberon de 60 ml), cobayes : 2 dosettes pour 60 ml en ajoutant de la vitamine C.  Ne convient pas \u00e0 l&#8217;allaitement du h\u00e9risson.INGREDIENTS Lait \u00e9cr\u00e9m\u00e9 en poudre, huile de palme (Green palm), prot\u00e9ine de lactos\u00e9rum, huile de coprah, fructo-oligosaccharides, phosphate bicalcique. Constituants analytiques : Prot\u00e9ines brutes 30%, Mati\u00e8res grasses brutes 28%, Cendres brutes 15%, Humidit\u00e9 3,30%, Cellulose brute 0,2 %, Calcium 1,30%, Potassium 1,03%, Phosphore 0,90%.Additifs : Oligo-\u00e9l\u00e9ments : fer (s.f. de ch\u00e9late de glycine hydrat\u00e9) 100 mg\/kg, cuivre (s.f. de sulfate pentahydrat\u00e9) 15 mg\/kg, zinc (s.f. de ch\u00e9late de glycine hydrat\u00e9) 125 mg\/kg, mangan\u00e8se (s.f. de ch\u00e9late de glycine hydrat\u00e9) 50 mg\/kg, iode (s.f. de iodure de potassium) 2 mg\/kg, s\u00e9l\u00e9nium (organique) 0,2 mg\/kg.<\/p>\n","protected":false},"excerpt":{"rendered":"<p>Lait en poudre pour chiot, chaton et NAC, apporte une alimentation compl\u00e8te d&#8217;allaitement en remplacement ou en compl\u00e9ment du lait maternel.<\/p>\n","protected":false},"featured_media":76384,"template":"","meta":[],"product_cat":[12551,2697],"product_tag":[],"class_list":{"0":"post-32960","1":"product","2":"type-product","3":"status-publish","4":"has-post-thumbnail","6":"product_cat-alimentation-du-chat","7":"product_cat-chat","8":"pa_marque-sv","10":"first","11":"instock","12":"taxable","13":"shipping-taxable","14":"purchasable","15":"product-type-variable"},"yoast_head":"<!-- This site is optimized with the Yoast SEO plugin v27.3 - https:\/\/yoast.com\/product\/yoast-seo-wordpress\/ -->\n<title>Lait chiots et chatons SV - V\u00e9torino<\/title>\n<meta name=\"description\" content=\"Lait en poudre pour chiot, chaton et NAC, apporte une alimentation compl\u00e8te d&#039;allaitement en remplacement ou en compl\u00e9ment du lait maternel.\" \/>\n<meta name=\"robots\" content=\"noindex, nofollow\" \/>\n<meta property=\"og:locale\" content=\"fr_FR\" \/>\n<meta property=\"og:type\" content=\"article\" \/>\n<meta property=\"og:title\" content=\"Lait chiots et chatons SV - V\u00e9torino\" \/>\n<meta property=\"og:description\" content=\"Lait en poudre pour chiot, chaton et NAC, apporte une alimentation compl\u00e8te d&#039;allaitement en remplacement ou en compl\u00e9ment du lait maternel.\" \/>\n<meta property=\"og:url\" content=\"https:\/\/www.vetorino.com\/veterinaire\/ustaritz-64480\/boutique\/product\/lait-chiots-et-chatons\/\" \/>\n<meta property=\"og:site_name\" content=\"V\u00e9torino\" \/>\n<meta property=\"article:publisher\" content=\"https:\/\/www.facebook.com\/Vetorino\/\" \/>\n<meta property=\"article:modified_time\" content=\"2022-01-04T12:51:57+00:00\" \/>\n<meta property=\"og:image\" content=\"https:\/\/www.vetorino.com\/boutique\/wp-content\/uploads\/2020\/03\/lait-en-poudre-chiot-chaton-nac-17.jpg\" \/>\n\t<meta property=\"og:image:width\" content=\"700\" \/>\n\t<meta property=\"og:image:height\" content=\"800\" \/>\n\t<meta property=\"og:image:type\" content=\"image\/jpeg\" \/>\n<meta name=\"twitter:card\" content=\"summary_large_image\" \/>\n<meta name=\"twitter:label1\" content=\"Disponibilit\u00e9\" \/>\n\t<meta name=\"twitter:data1\" content=\"En stock\" \/>\n<script type=\"application\/ld+json\" class=\"yoast-schema-graph\">{\"@context\":\"https:\\\/\\\/schema.org\",\"@graph\":[{\"@type\":\"WebPage\",\"@id\":\"https:\\\/\\\/www.vetorino.com\\\/boutique\\\/product\\\/lait-chiots-et-chatons\\\/\",\"url\":\"https:\\\/\\\/www.vetorino.com\\\/boutique\\\/product\\\/lait-chiots-et-chatons\\\/\",\"name\":\"Lait chiots et chatons SV - V\u00e9torino\",\"isPartOf\":{\"@id\":\"https:\\\/\\\/www.vetorino.com\\\/boutique\\\/#website\"},\"primaryImageOfPage\":{\"@id\":\"https:\\\/\\\/www.vetorino.com\\\/boutique\\\/product\\\/lait-chiots-et-chatons\\\/#primaryimage\"},\"image\":{\"@id\":\"https:\\\/\\\/www.vetorino.com\\\/boutique\\\/product\\\/lait-chiots-et-chatons\\\/#primaryimage\"},\"thumbnailUrl\":\"https:\\\/\\\/www.vetorino.com\\\/boutique\\\/wp-content\\\/uploads\\\/2020\\\/03\\\/lait-en-poudre-chiot-chaton-nac-17.jpg\",\"datePublished\":\"2020-03-04T20:54:25+00:00\",\"dateModified\":\"2022-01-04T12:51:57+00:00\",\"description\":\"Lait en poudre pour chiot, chaton et NAC, apporte une alimentation compl\u00e8te d'allaitement en remplacement ou en compl\u00e9ment du lait maternel.\",\"breadcrumb\":{\"@id\":\"https:\\\/\\\/www.vetorino.com\\\/boutique\\\/product\\\/lait-chiots-et-chatons\\\/#breadcrumb\"},\"inLanguage\":\"fr-FR\",\"potentialAction\":[{\"@type\":\"ReadAction\",\"target\":[\"https:\\\/\\\/www.vetorino.com\\\/boutique\\\/product\\\/lait-chiots-et-chatons\\\/\"]}]},{\"@type\":\"ImageObject\",\"inLanguage\":\"fr-FR\",\"@id\":\"https:\\\/\\\/www.vetorino.com\\\/boutique\\\/product\\\/lait-chiots-et-chatons\\\/#primaryimage\",\"url\":\"https:\\\/\\\/www.vetorino.com\\\/boutique\\\/wp-content\\\/uploads\\\/2020\\\/03\\\/lait-en-poudre-chiot-chaton-nac-17.jpg\",\"contentUrl\":\"https:\\\/\\\/www.vetorino.com\\\/boutique\\\/wp-content\\\/uploads\\\/2020\\\/03\\\/lait-en-poudre-chiot-chaton-nac-17.jpg\",\"width\":700,\"height\":800},{\"@type\":\"BreadcrumbList\",\"@id\":\"https:\\\/\\\/www.vetorino.com\\\/boutique\\\/product\\\/lait-chiots-et-chatons\\\/#breadcrumb\",\"itemListElement\":[{\"@type\":\"ListItem\",\"position\":1,\"name\":\"Accueil\",\"item\":\"https:\\\/\\\/www.vetorino.com\\\/boutique\\\/\"},{\"@type\":\"ListItem\",\"position\":2,\"name\":\"Produits\",\"item\":\"https:\\\/\\\/www.vetorino.com\\\/boutique\\\/\"},{\"@type\":\"ListItem\",\"position\":3,\"name\":\"Lait chiots et chatons\"}]},{\"@type\":\"WebSite\",\"@id\":\"https:\\\/\\\/www.vetorino.com\\\/boutique\\\/#website\",\"url\":\"https:\\\/\\\/www.vetorino.com\\\/boutique\\\/\",\"name\":\"V\u00e9torino\",\"description\":\"\",\"publisher\":{\"@id\":\"https:\\\/\\\/www.vetorino.com\\\/boutique\\\/#organization\"},\"potentialAction\":[{\"@type\":\"SearchAction\",\"target\":{\"@type\":\"EntryPoint\",\"urlTemplate\":\"https:\\\/\\\/www.vetorino.com\\\/boutique\\\/?s={search_term_string}\"},\"query-input\":{\"@type\":\"PropertyValueSpecification\",\"valueRequired\":true,\"valueName\":\"search_term_string\"}}],\"inLanguage\":\"fr-FR\"},{\"@type\":\"Organization\",\"@id\":\"https:\\\/\\\/www.vetorino.com\\\/boutique\\\/#organization\",\"name\":\"V\u00e9torino\",\"url\":\"https:\\\/\\\/www.vetorino.com\\\/boutique\\\/\",\"logo\":{\"@type\":\"ImageObject\",\"inLanguage\":\"fr-FR\",\"@id\":\"https:\\\/\\\/www.vetorino.com\\\/boutique\\\/#\\\/schema\\\/logo\\\/image\\\/\",\"url\":\"https:\\\/\\\/www.vetorino.com\\\/boutique\\\/wp-content\\\/uploads\\\/2024\\\/10\\\/logo.jpg\",\"contentUrl\":\"https:\\\/\\\/www.vetorino.com\\\/boutique\\\/wp-content\\\/uploads\\\/2024\\\/10\\\/logo.jpg\",\"width\":1200,\"height\":610,\"caption\":\"V\u00e9torino\"},\"image\":{\"@id\":\"https:\\\/\\\/www.vetorino.com\\\/boutique\\\/#\\\/schema\\\/logo\\\/image\\\/\"},\"sameAs\":[\"https:\\\/\\\/www.facebook.com\\\/Vetorino\\\/\",\"https:\\\/\\\/www.instagram.com\\\/vetorino_off\\\/\",\"https:\\\/\\\/www.linkedin.com\\\/company\\\/vtorino\\\/\"]}]}<\/script>\n<meta property=\"product:brand\" content=\"SV\" \/>\n<meta property=\"og:availability\" content=\"instock\" \/>\n<meta property=\"product:availability\" content=\"instock\" \/>\n<meta property=\"product:condition\" content=\"new\" \/>\n<!-- \/ Yoast SEO plugin. -->","yoast_head_json":{"title":"Lait chiots et chatons SV - V\u00e9torino","description":"Lait en poudre pour chiot, chaton et NAC, apporte une alimentation compl\u00e8te d'allaitement en remplacement ou en compl\u00e9ment du lait maternel.","robots":{"index":"noindex","follow":"nofollow"},"og_locale":"fr_FR","og_type":"article","og_title":"Lait chiots et chatons SV - V\u00e9torino","og_description":"Lait en poudre pour chiot, chaton et NAC, apporte une alimentation compl\u00e8te d'allaitement en remplacement ou en compl\u00e9ment du lait maternel.","og_url":"https:\/\/www.vetorino.com\/veterinaire\/ustaritz-64480\/boutique\/product\/lait-chiots-et-chatons\/","og_site_name":"V\u00e9torino","article_publisher":"https:\/\/www.facebook.com\/Vetorino\/","article_modified_time":"2022-01-04T12:51:57+00:00","og_image":[{"width":700,"height":800,"url":"https:\/\/www.vetorino.com\/boutique\/wp-content\/uploads\/2020\/03\/lait-en-poudre-chiot-chaton-nac-17.jpg","type":"image\/jpeg"}],"twitter_card":"summary_large_image","twitter_misc":{"Disponibilit\u00e9":"En stock"},"schema":{"@context":"https:\/\/schema.org","@graph":[{"@type":"WebPage","@id":"https:\/\/www.vetorino.com\/boutique\/product\/lait-chiots-et-chatons\/","url":"https:\/\/www.vetorino.com\/boutique\/product\/lait-chiots-et-chatons\/","name":"Lait chiots et chatons SV - V\u00e9torino","isPartOf":{"@id":"https:\/\/www.vetorino.com\/boutique\/#website"},"primaryImageOfPage":{"@id":"https:\/\/www.vetorino.com\/boutique\/product\/lait-chiots-et-chatons\/#primaryimage"},"image":{"@id":"https:\/\/www.vetorino.com\/boutique\/product\/lait-chiots-et-chatons\/#primaryimage"},"thumbnailUrl":"https:\/\/www.vetorino.com\/boutique\/wp-content\/uploads\/2020\/03\/lait-en-poudre-chiot-chaton-nac-17.jpg","datePublished":"2020-03-04T20:54:25+00:00","dateModified":"2022-01-04T12:51:57+00:00","description":"Lait en poudre pour chiot, chaton et NAC, apporte une alimentation compl\u00e8te d'allaitement en remplacement ou en compl\u00e9ment du lait maternel.","breadcrumb":{"@id":"https:\/\/www.vetorino.com\/boutique\/product\/lait-chiots-et-chatons\/#breadcrumb"},"inLanguage":"fr-FR","potentialAction":[{"@type":"ReadAction","target":["https:\/\/www.vetorino.com\/boutique\/product\/lait-chiots-et-chatons\/"]}]},{"@type":"ImageObject","inLanguage":"fr-FR","@id":"https:\/\/www.vetorino.com\/boutique\/product\/lait-chiots-et-chatons\/#primaryimage","url":"https:\/\/www.vetorino.com\/boutique\/wp-content\/uploads\/2020\/03\/lait-en-poudre-chiot-chaton-nac-17.jpg","contentUrl":"https:\/\/www.vetorino.com\/boutique\/wp-content\/uploads\/2020\/03\/lait-en-poudre-chiot-chaton-nac-17.jpg","width":700,"height":800},{"@type":"BreadcrumbList","@id":"https:\/\/www.vetorino.com\/boutique\/product\/lait-chiots-et-chatons\/#breadcrumb","itemListElement":[{"@type":"ListItem","position":1,"name":"Accueil","item":"https:\/\/www.vetorino.com\/boutique\/"},{"@type":"ListItem","position":2,"name":"Produits","item":"https:\/\/www.vetorino.com\/boutique\/"},{"@type":"ListItem","position":3,"name":"Lait chiots et chatons"}]},{"@type":"WebSite","@id":"https:\/\/www.vetorino.com\/boutique\/#website","url":"https:\/\/www.vetorino.com\/boutique\/","name":"V\u00e9torino","description":"","publisher":{"@id":"https:\/\/www.vetorino.com\/boutique\/#organization"},"potentialAction":[{"@type":"SearchAction","target":{"@type":"EntryPoint","urlTemplate":"https:\/\/www.vetorino.com\/boutique\/?s={search_term_string}"},"query-input":{"@type":"PropertyValueSpecification","valueRequired":true,"valueName":"search_term_string"}}],"inLanguage":"fr-FR"},{"@type":"Organization","@id":"https:\/\/www.vetorino.com\/boutique\/#organization","name":"V\u00e9torino","url":"https:\/\/www.vetorino.com\/boutique\/","logo":{"@type":"ImageObject","inLanguage":"fr-FR","@id":"https:\/\/www.vetorino.com\/boutique\/#\/schema\/logo\/image\/","url":"https:\/\/www.vetorino.com\/boutique\/wp-content\/uploads\/2024\/10\/logo.jpg","contentUrl":"https:\/\/www.vetorino.com\/boutique\/wp-content\/uploads\/2024\/10\/logo.jpg","width":1200,"height":610,"caption":"V\u00e9torino"},"image":{"@id":"https:\/\/www.vetorino.com\/boutique\/#\/schema\/logo\/image\/"},"sameAs":["https:\/\/www.facebook.com\/Vetorino\/","https:\/\/www.instagram.com\/vetorino_off\/","https:\/\/www.linkedin.com\/company\/vtorino\/"]}]},"product_brand":"SV","og_availability":"instock","product_availability":"instock","product_condition":"new"},"_links":{"self":[{"href":"https:\/\/www.vetorino.com\/veterinaire\/ustaritz-64480\/boutique\/wp-json\/wp\/v2\/product\/32960","targetHints":{"allow":["GET"]}}],"collection":[{"href":"https:\/\/www.vetorino.com\/veterinaire\/ustaritz-64480\/boutique\/wp-json\/wp\/v2\/product"}],"about":[{"href":"https:\/\/www.vetorino.com\/veterinaire\/ustaritz-64480\/boutique\/wp-json\/wp\/v2\/types\/product"}],"wp:featuredmedia":[{"embeddable":true,"href":"https:\/\/www.vetorino.com\/veterinaire\/ustaritz-64480\/boutique\/wp-json\/wp\/v2\/media\/76384"}],"wp:attachment":[{"href":"https:\/\/www.vetorino.com\/veterinaire\/ustaritz-64480\/boutique\/wp-json\/wp\/v2\/media?parent=32960"}],"wp:term":[{"taxonomy":"product_cat","embeddable":true,"href":"https:\/\/www.vetorino.com\/veterinaire\/ustaritz-64480\/boutique\/wp-json\/wp\/v2\/product_cat?post=32960"},{"taxonomy":"product_tag","embeddable":true,"href":"https:\/\/www.vetorino.com\/veterinaire\/ustaritz-64480\/boutique\/wp-json\/wp\/v2\/product_tag?post=32960"}],"curies":[{"name":"wp","href":"https:\/\/api.w.org\/{rel}","templated":true}]}}