{"id":33007,"date":"2020-03-04T21:54:40","date_gmt":"2020-03-04T20:54:40","guid":{"rendered":"https:\/\/www.vetorino.com\/boutique\/product\/os-greenies\/"},"modified":"2023-10-20T15:23:03","modified_gmt":"2023-10-20T13:23:03","slug":"os-greenies","status":"publish","type":"product","link":"https:\/\/www.vetorino.com\/veterinaire\/ustaritz-64480\/boutique\/product\/os-greenies\/","title":{"rendered":"Os Greenies"},"content":{"rendered":"<div class=\"hidden\">Mars<\/div>\n<p><b>Caract\u00e9risiques<\/b><br \/>\nFabriqu\u00e9s avec des ingr\u00e9dients 100% solubles et faciles \u00e0 dig\u00e9rer, ces os \u00e0 m\u00e2cher compl\u00e8tent l&#8217;\u00e9quilibre nutritionnel de l&#8217;alimentation de votre chien. Ces os sont certifi\u00e9s par le Veterinary Oral Health Council (VOHC) pour lutter efficacement contre la plaque dentaire et le tartre (certification approuv\u00e9e par la European Veterinary Dental Society). Conditionnement : 6 sachets de 10 os (170 g).<br \/>\n<b>Bon \u00e0 savoir<\/b><br \/>\nNe convient pas aux chiots de moins de 6 mois. Convient aux chiens pesant entre 8 et 11 kg. Demandez conseil \u00e0 votre v\u00e9t\u00e9rinaire. De l&#8217;eau fra\u00eeche et propre doit \u00eatre disponible \u00e0 tout moment de la journ\u00e9e. Donnez 1 stick par jour. Surveillez votre chien pour vous assurer qu&#8217;il m\u00e2che correctement. Avaler un produit sans le m\u00e2cher peut \u00eatre nuisible pour sa sant\u00e9. Se conserve 4 semaines apr\u00e8s ouverture. A conserver dans un endroit frais et sec. Veillez \u00e0 toujours laisser un bol d&#8217;eau fra\u00eeche \u00e0 disposition. Pour \u00e9viter les risques d&#8217;\u00e9touffement, laisser cet emballage hors d&#8217;atteinte des b\u00e9b\u00e9s, jeunes enfants et animaux de compagnie. INGREDIENTS C\u00e9r\u00e9ales, sous-produits d&#8217;origine v\u00e9g\u00e9tale, viandes et sous-produits animaux, substances min\u00e9rales, levures, fruit, sucres, huiles et graisses. Constituants analytiques (%) : Prot\u00e9ine : 34.0 %, Teneur en mati\u00e8res grasses : 6.0 %, Mati\u00e8re inorganique : 6.0 %, Cellulose brute : 4.0 %, Valeur \u00e9nerg\u00e9tique : 319 kcal. Additifs par kg : Vitamine A : 8015 IU, Vitamine D3 : 1643 IU, Ch\u00e9late cuivreux d&#8217;acides amin\u00e9s hydrat\u00e9 : 82.9 mg, Ch\u00e9late de fer (II) d&#8217;acides amin\u00e9s hydrat\u00e9 : 274.0 mg, Ch\u00e9late de mangan\u00e8se d&#8217;acides amin\u00e9s hydrat\u00e9 : 52.6 mg, Iodide de potassium : 3.0 mg, S\u00e9l\u00e9nite de sodium : 17.20 mg, Ch\u00e9late de zinc d&#8217;acides amin\u00e9s hydrat\u00e9 : 871 mg.<\/p>\n","protected":false},"excerpt":{"rendered":"<p>Les os \u00e0 m\u00e2cher GREENIES, pour petit chien, contribuent au maintien de la bonne hygi\u00e8ne dentaire de votre compagnon.<\/p>\n","protected":false},"featured_media":722459,"template":"","meta":[],"product_cat":[2698,12603],"product_tag":[],"class_list":{"0":"post-33007","1":"product","2":"type-product","3":"status-publish","4":"has-post-thumbnail","6":"product_cat-chien","7":"product_cat-friandises-pour-chien","8":"pa_marque-mars","10":"first","11":"outofstock","12":"taxable","13":"shipping-taxable","14":"purchasable","15":"product-type-variable"},"yoast_head":"<!-- This site is optimized with the Yoast SEO plugin v27.3 - https:\/\/yoast.com\/product\/yoast-seo-wordpress\/ -->\n<title>Os Greenies Mars - V\u00e9torino<\/title>\n<meta name=\"description\" content=\"Les os \u00e0 m\u00e2cher GREENIES, pour petit chien, contribuent au maintien de la bonne hygi\u00e8ne dentaire de votre compagnon.\" \/>\n<meta name=\"robots\" content=\"noindex, nofollow\" \/>\n<meta property=\"og:locale\" content=\"fr_FR\" \/>\n<meta property=\"og:type\" content=\"article\" \/>\n<meta property=\"og:title\" content=\"Os Greenies Mars - V\u00e9torino\" \/>\n<meta property=\"og:description\" content=\"Les os \u00e0 m\u00e2cher GREENIES, pour petit chien, contribuent au maintien de la bonne hygi\u00e8ne dentaire de votre compagnon.\" \/>\n<meta property=\"og:url\" content=\"https:\/\/www.vetorino.com\/veterinaire\/ustaritz-64480\/boutique\/product\/os-greenies\/\" \/>\n<meta property=\"og:site_name\" content=\"V\u00e9torino\" \/>\n<meta property=\"article:publisher\" content=\"https:\/\/www.facebook.com\/Vetorino\/\" \/>\n<meta property=\"article:modified_time\" content=\"2023-10-20T13:23:03+00:00\" \/>\n<meta property=\"og:image\" content=\"https:\/\/www.vetorino.com\/boutique\/wp-content\/uploads\/2020\/03\/os-a-macher-greenies-petite-chien-17-555x634-1.jpg\" \/>\n\t<meta property=\"og:image:width\" content=\"555\" \/>\n\t<meta property=\"og:image:height\" content=\"634\" \/>\n\t<meta property=\"og:image:type\" content=\"image\/jpeg\" \/>\n<meta name=\"twitter:card\" content=\"summary_large_image\" \/>\n<meta name=\"twitter:label1\" content=\"Disponibilit\u00e9\" \/>\n\t<meta name=\"twitter:data1\" content=\"Rupture de stock\" \/>\n<script type=\"application\/ld+json\" class=\"yoast-schema-graph\">{\"@context\":\"https:\\\/\\\/schema.org\",\"@graph\":[{\"@type\":\"WebPage\",\"@id\":\"https:\\\/\\\/www.vetorino.com\\\/boutique\\\/product\\\/os-greenies\\\/\",\"url\":\"https:\\\/\\\/www.vetorino.com\\\/boutique\\\/product\\\/os-greenies\\\/\",\"name\":\"Os Greenies Mars - V\u00e9torino\",\"isPartOf\":{\"@id\":\"https:\\\/\\\/www.vetorino.com\\\/boutique\\\/#website\"},\"primaryImageOfPage\":{\"@id\":\"https:\\\/\\\/www.vetorino.com\\\/boutique\\\/product\\\/os-greenies\\\/#primaryimage\"},\"image\":{\"@id\":\"https:\\\/\\\/www.vetorino.com\\\/boutique\\\/product\\\/os-greenies\\\/#primaryimage\"},\"thumbnailUrl\":\"https:\\\/\\\/www.vetorino.com\\\/boutique\\\/wp-content\\\/uploads\\\/2020\\\/03\\\/os-a-macher-greenies-petite-chien-17-555x634-1.jpg\",\"datePublished\":\"2020-03-04T20:54:40+00:00\",\"dateModified\":\"2023-10-20T13:23:03+00:00\",\"description\":\"Les os \u00e0 m\u00e2cher GREENIES, pour petit chien, contribuent au maintien de la bonne hygi\u00e8ne dentaire de votre compagnon.\",\"breadcrumb\":{\"@id\":\"https:\\\/\\\/www.vetorino.com\\\/boutique\\\/product\\\/os-greenies\\\/#breadcrumb\"},\"inLanguage\":\"fr-FR\",\"potentialAction\":[{\"@type\":\"ReadAction\",\"target\":[\"https:\\\/\\\/www.vetorino.com\\\/boutique\\\/product\\\/os-greenies\\\/\"]}]},{\"@type\":\"ImageObject\",\"inLanguage\":\"fr-FR\",\"@id\":\"https:\\\/\\\/www.vetorino.com\\\/boutique\\\/product\\\/os-greenies\\\/#primaryimage\",\"url\":\"https:\\\/\\\/www.vetorino.com\\\/boutique\\\/wp-content\\\/uploads\\\/2020\\\/03\\\/os-a-macher-greenies-petite-chien-17-555x634-1.jpg\",\"contentUrl\":\"https:\\\/\\\/www.vetorino.com\\\/boutique\\\/wp-content\\\/uploads\\\/2020\\\/03\\\/os-a-macher-greenies-petite-chien-17-555x634-1.jpg\",\"width\":555,\"height\":634},{\"@type\":\"BreadcrumbList\",\"@id\":\"https:\\\/\\\/www.vetorino.com\\\/boutique\\\/product\\\/os-greenies\\\/#breadcrumb\",\"itemListElement\":[{\"@type\":\"ListItem\",\"position\":1,\"name\":\"Accueil\",\"item\":\"https:\\\/\\\/www.vetorino.com\\\/boutique\\\/\"},{\"@type\":\"ListItem\",\"position\":2,\"name\":\"Produits\",\"item\":\"https:\\\/\\\/www.vetorino.com\\\/boutique\\\/\"},{\"@type\":\"ListItem\",\"position\":3,\"name\":\"Os Greenies\"}]},{\"@type\":\"WebSite\",\"@id\":\"https:\\\/\\\/www.vetorino.com\\\/boutique\\\/#website\",\"url\":\"https:\\\/\\\/www.vetorino.com\\\/boutique\\\/\",\"name\":\"V\u00e9torino\",\"description\":\"\",\"publisher\":{\"@id\":\"https:\\\/\\\/www.vetorino.com\\\/boutique\\\/#organization\"},\"potentialAction\":[{\"@type\":\"SearchAction\",\"target\":{\"@type\":\"EntryPoint\",\"urlTemplate\":\"https:\\\/\\\/www.vetorino.com\\\/boutique\\\/?s={search_term_string}\"},\"query-input\":{\"@type\":\"PropertyValueSpecification\",\"valueRequired\":true,\"valueName\":\"search_term_string\"}}],\"inLanguage\":\"fr-FR\"},{\"@type\":\"Organization\",\"@id\":\"https:\\\/\\\/www.vetorino.com\\\/boutique\\\/#organization\",\"name\":\"V\u00e9torino\",\"url\":\"https:\\\/\\\/www.vetorino.com\\\/boutique\\\/\",\"logo\":{\"@type\":\"ImageObject\",\"inLanguage\":\"fr-FR\",\"@id\":\"https:\\\/\\\/www.vetorino.com\\\/boutique\\\/#\\\/schema\\\/logo\\\/image\\\/\",\"url\":\"https:\\\/\\\/www.vetorino.com\\\/boutique\\\/wp-content\\\/uploads\\\/2024\\\/10\\\/logo.jpg\",\"contentUrl\":\"https:\\\/\\\/www.vetorino.com\\\/boutique\\\/wp-content\\\/uploads\\\/2024\\\/10\\\/logo.jpg\",\"width\":1200,\"height\":610,\"caption\":\"V\u00e9torino\"},\"image\":{\"@id\":\"https:\\\/\\\/www.vetorino.com\\\/boutique\\\/#\\\/schema\\\/logo\\\/image\\\/\"},\"sameAs\":[\"https:\\\/\\\/www.facebook.com\\\/Vetorino\\\/\",\"https:\\\/\\\/www.instagram.com\\\/vetorino_off\\\/\",\"https:\\\/\\\/www.linkedin.com\\\/company\\\/vtorino\\\/\"]}]}<\/script>\n<meta property=\"product:brand\" content=\"Mars\" \/>\n<meta property=\"og:availability\" content=\"out of stock\" \/>\n<meta property=\"product:availability\" content=\"out of stock\" \/>\n<meta property=\"product:condition\" content=\"new\" \/>\n<!-- \/ Yoast SEO plugin. -->","yoast_head_json":{"title":"Os Greenies Mars - V\u00e9torino","description":"Les os \u00e0 m\u00e2cher GREENIES, pour petit chien, contribuent au maintien de la bonne hygi\u00e8ne dentaire de votre compagnon.","robots":{"index":"noindex","follow":"nofollow"},"og_locale":"fr_FR","og_type":"article","og_title":"Os Greenies Mars - V\u00e9torino","og_description":"Les os \u00e0 m\u00e2cher GREENIES, pour petit chien, contribuent au maintien de la bonne hygi\u00e8ne dentaire de votre compagnon.","og_url":"https:\/\/www.vetorino.com\/veterinaire\/ustaritz-64480\/boutique\/product\/os-greenies\/","og_site_name":"V\u00e9torino","article_publisher":"https:\/\/www.facebook.com\/Vetorino\/","article_modified_time":"2023-10-20T13:23:03+00:00","og_image":[{"width":555,"height":634,"url":"https:\/\/www.vetorino.com\/boutique\/wp-content\/uploads\/2020\/03\/os-a-macher-greenies-petite-chien-17-555x634-1.jpg","type":"image\/jpeg"}],"twitter_card":"summary_large_image","twitter_misc":{"Disponibilit\u00e9":"Rupture de stock"},"schema":{"@context":"https:\/\/schema.org","@graph":[{"@type":"WebPage","@id":"https:\/\/www.vetorino.com\/boutique\/product\/os-greenies\/","url":"https:\/\/www.vetorino.com\/boutique\/product\/os-greenies\/","name":"Os Greenies Mars - V\u00e9torino","isPartOf":{"@id":"https:\/\/www.vetorino.com\/boutique\/#website"},"primaryImageOfPage":{"@id":"https:\/\/www.vetorino.com\/boutique\/product\/os-greenies\/#primaryimage"},"image":{"@id":"https:\/\/www.vetorino.com\/boutique\/product\/os-greenies\/#primaryimage"},"thumbnailUrl":"https:\/\/www.vetorino.com\/boutique\/wp-content\/uploads\/2020\/03\/os-a-macher-greenies-petite-chien-17-555x634-1.jpg","datePublished":"2020-03-04T20:54:40+00:00","dateModified":"2023-10-20T13:23:03+00:00","description":"Les os \u00e0 m\u00e2cher GREENIES, pour petit chien, contribuent au maintien de la bonne hygi\u00e8ne dentaire de votre compagnon.","breadcrumb":{"@id":"https:\/\/www.vetorino.com\/boutique\/product\/os-greenies\/#breadcrumb"},"inLanguage":"fr-FR","potentialAction":[{"@type":"ReadAction","target":["https:\/\/www.vetorino.com\/boutique\/product\/os-greenies\/"]}]},{"@type":"ImageObject","inLanguage":"fr-FR","@id":"https:\/\/www.vetorino.com\/boutique\/product\/os-greenies\/#primaryimage","url":"https:\/\/www.vetorino.com\/boutique\/wp-content\/uploads\/2020\/03\/os-a-macher-greenies-petite-chien-17-555x634-1.jpg","contentUrl":"https:\/\/www.vetorino.com\/boutique\/wp-content\/uploads\/2020\/03\/os-a-macher-greenies-petite-chien-17-555x634-1.jpg","width":555,"height":634},{"@type":"BreadcrumbList","@id":"https:\/\/www.vetorino.com\/boutique\/product\/os-greenies\/#breadcrumb","itemListElement":[{"@type":"ListItem","position":1,"name":"Accueil","item":"https:\/\/www.vetorino.com\/boutique\/"},{"@type":"ListItem","position":2,"name":"Produits","item":"https:\/\/www.vetorino.com\/boutique\/"},{"@type":"ListItem","position":3,"name":"Os Greenies"}]},{"@type":"WebSite","@id":"https:\/\/www.vetorino.com\/boutique\/#website","url":"https:\/\/www.vetorino.com\/boutique\/","name":"V\u00e9torino","description":"","publisher":{"@id":"https:\/\/www.vetorino.com\/boutique\/#organization"},"potentialAction":[{"@type":"SearchAction","target":{"@type":"EntryPoint","urlTemplate":"https:\/\/www.vetorino.com\/boutique\/?s={search_term_string}"},"query-input":{"@type":"PropertyValueSpecification","valueRequired":true,"valueName":"search_term_string"}}],"inLanguage":"fr-FR"},{"@type":"Organization","@id":"https:\/\/www.vetorino.com\/boutique\/#organization","name":"V\u00e9torino","url":"https:\/\/www.vetorino.com\/boutique\/","logo":{"@type":"ImageObject","inLanguage":"fr-FR","@id":"https:\/\/www.vetorino.com\/boutique\/#\/schema\/logo\/image\/","url":"https:\/\/www.vetorino.com\/boutique\/wp-content\/uploads\/2024\/10\/logo.jpg","contentUrl":"https:\/\/www.vetorino.com\/boutique\/wp-content\/uploads\/2024\/10\/logo.jpg","width":1200,"height":610,"caption":"V\u00e9torino"},"image":{"@id":"https:\/\/www.vetorino.com\/boutique\/#\/schema\/logo\/image\/"},"sameAs":["https:\/\/www.facebook.com\/Vetorino\/","https:\/\/www.instagram.com\/vetorino_off\/","https:\/\/www.linkedin.com\/company\/vtorino\/"]}]},"product_brand":"Mars","og_availability":"out of stock","product_availability":"out of stock","product_condition":"new"},"_links":{"self":[{"href":"https:\/\/www.vetorino.com\/veterinaire\/ustaritz-64480\/boutique\/wp-json\/wp\/v2\/product\/33007","targetHints":{"allow":["GET"]}}],"collection":[{"href":"https:\/\/www.vetorino.com\/veterinaire\/ustaritz-64480\/boutique\/wp-json\/wp\/v2\/product"}],"about":[{"href":"https:\/\/www.vetorino.com\/veterinaire\/ustaritz-64480\/boutique\/wp-json\/wp\/v2\/types\/product"}],"wp:featuredmedia":[{"embeddable":true,"href":"https:\/\/www.vetorino.com\/veterinaire\/ustaritz-64480\/boutique\/wp-json\/wp\/v2\/media\/722459"}],"wp:attachment":[{"href":"https:\/\/www.vetorino.com\/veterinaire\/ustaritz-64480\/boutique\/wp-json\/wp\/v2\/media?parent=33007"}],"wp:term":[{"taxonomy":"product_cat","embeddable":true,"href":"https:\/\/www.vetorino.com\/veterinaire\/ustaritz-64480\/boutique\/wp-json\/wp\/v2\/product_cat?post=33007"},{"taxonomy":"product_tag","embeddable":true,"href":"https:\/\/www.vetorino.com\/veterinaire\/ustaritz-64480\/boutique\/wp-json\/wp\/v2\/product_tag?post=33007"}],"curies":[{"name":"wp","href":"https:\/\/api.w.org\/{rel}","templated":true}]}}