{"id":33553,"date":"2020-03-04T21:57:33","date_gmt":"2020-03-04T20:57:33","guid":{"rendered":"https:\/\/www.vetorino.com\/boutique\/product\/cage-pliante-dog-residence\/"},"modified":"2024-04-10T17:36:22","modified_gmt":"2024-04-10T15:36:22","slug":"cage-pliante-dog-residence","status":"publish","type":"product","link":"https:\/\/www.vetorino.com\/veterinaire\/ustaritz-64480\/boutique\/product\/cage-pliante-dog-residence\/","title":{"rendered":"Cage pliante Dog Residence"},"content":{"rendered":"<div>Cette <b>cage pliante en m\u00e9tal Dog residence Savic pour chien ou chat<\/b>\u00a0est tr\u00e8s efficace afin d\u2019isoler votre animal de compagnie pendant votre absence.<\/div>\n<div>Elle constitue aussi un refuge pratique pendant les chaleurs intenses.<\/div>\n<div>Outre cela, cette <strong>cage de transport<\/strong> peut \u00e9galement servir d\u2019enclos afin de garder en s\u00e9curit\u00e9 votre prot\u00e9g\u00e9 pendant ses premiers mois.<\/div>\n<h2>Cage pliante Savic<\/h2>\n<div><\/div>\n<div>Fabriqu\u00e9e \u00e0 partir de fil d\u2019acier soud\u00e9, elle est tr\u00e8s solide et s\u00e9curisante<\/div>\n<div>En effet, celle-ci est trait\u00e9e par \u00e9lectro-zinquage ou\u00a0peinture \u00e9poxy.<\/div>\n<div><\/div>\n<div>De plus, cette <strong>cage pour animaux de compagnie<\/strong> est dot\u00e9e de deux acc\u00e8s lat\u00e9raux utilisables dans deux sens (sauf Taille 1 : ouverture de la 2i\u00e8me porte par le dessus).<\/div>\n<div><\/div>\n<div>Un bac inf\u00e9rieur amovible en plastique est livr\u00e9 avec la poign\u00e9e, ce qui simplifie sa manutention.<\/div>\n<div><\/div>\n<div>Sachez \u00e9galement que la <strong>cage est pliante<\/strong> pour un rangement \u00e9conomique.<\/div>\n<div>Par ailleurs,\u00a0elle est confortable et hygi\u00e9nique.<\/div>\n<div><\/div>\n<div>\n<p>A noter que les cages sont \u00e9quip\u00e9es de 2\u00a0portes lat\u00e9rales\u00a0(mis \u00e0 part le mod\u00e8le T1 qui est muni d&#8217;une ouverture sur le devant et le dessus).<\/p>\n<p>La\u00a0cage pliante en m\u00e9tal pour chien ou chat\u00a0est disponible en 5 dimensions :<\/p>\n<\/div>\n<div>\n<div>Taille 1 :\u00a0Longueur\u00a061 x Largeur 46 x Hauteur 53 cm\u00a0 \u00a0 \u00a0 \u00a0 \u00a0 Poids de la cage : 10 kg\u00a0 \u00a0 \u00a0 \u00a0 \u00a0 \u00a0 \u00a0 \u00a0Traitement\u00a0zinc<\/div>\n<div><\/div>\n<div>Taille 2\u00a0: Longueur\u00a076 x Largeur 53 x Hauteur 61 cm\u00a0 \u00a0 \u00a0 \u00a0 \u00a0 Poids de la cage : 11 kg\u00a0 \u00a0 \u00a0 \u00a0 \u00a0 \u00a0 \u00a0 \u00a0 Traitement \u00e9poxy<\/div>\n<div><\/div>\n<div>Taille 3\u00a0:\u00a0Longueur 91 x Largeur 61 x Hauteur 71 cm\u00a0 \u00a0 \u00a0 \u00a0 \u00a0 Poids de la cage : 13 kg\u00a0 \u00a0 \u00a0 \u00a0 \u00a0 \u00a0 \u00a0 \u00a0 Traitement \u00e9poxy<\/div>\n<div><\/div>\n<div>Taille 4\u00a0:\u00a0Longueur 107 x Largeur 71 x Hauteur 81 cm\u00a0 \u00a0 \u00a0 \u00a0 \u00a0Poids de la cage : 18 kg\u00a0 \u00a0 \u00a0 \u00a0 \u00a0 \u00a0 \u00a0 \u00a0 Traitement \u00e9poxy<\/div>\n<div><\/div>\n<div>Taille 5\u00a0:\u00a0Longueur 118 x Largeur 76 x Hauteur 88 cm\u00a0 \u00a0 \u00a0 \u00a0 \u00a0 Poids de la cage : 22\u00a0kg\u00a0 \u00a0 \u00a0 \u00a0 \u00a0 \u00a0 \u00a0 \u00a0Traitement \u00e9poxy<\/div>\n<div><\/div>\n<\/div>\n","protected":false},"excerpt":{"rendered":"<p>Le jeu de 4 roulettes RESIDENCE Cage pliante en m\u00e9tal Dog residence Savic pour chien ou chat<\/p>\n","protected":false},"featured_media":721810,"template":"","meta":[],"product_cat":[12548,12550,2776,2697,2698],"product_tag":[],"class_list":{"0":"post-33553","1":"product","2":"type-product","3":"status-publish","4":"has-post-thumbnail","6":"product_cat-accessoire-du-chat","7":"product_cat-accessoires-du-chien","8":"product_cat-cages-et-transport-pour-chien","9":"product_cat-chat","10":"product_cat-chien","11":"pa_marque-savic","13":"first","14":"instock","15":"taxable","16":"shipping-taxable","17":"purchasable","18":"product-type-variable"},"yoast_head":"<!-- This site is optimized with the Yoast SEO plugin v27.3 - https:\/\/yoast.com\/product\/yoast-seo-wordpress\/ -->\n<title>Cage pliante Dog Residence Savic - V\u00e9torino<\/title>\n<meta name=\"description\" content=\"Le jeu de 4 roulettes RESIDENCE Cage pliante en m\u00e9tal Dog residence Savic pour chien ou chat\" \/>\n<meta name=\"robots\" content=\"noindex, nofollow\" \/>\n<meta property=\"og:locale\" content=\"fr_FR\" \/>\n<meta property=\"og:type\" content=\"article\" \/>\n<meta property=\"og:title\" content=\"Cage pliante Dog Residence Savic - V\u00e9torino\" \/>\n<meta property=\"og:description\" content=\"Le jeu de 4 roulettes RESIDENCE Cage pliante en m\u00e9tal Dog residence Savic pour chien ou chat\" \/>\n<meta property=\"og:url\" content=\"https:\/\/www.vetorino.com\/veterinaire\/ustaritz-64480\/boutique\/product\/cage-pliante-dog-residence\/\" \/>\n<meta property=\"og:site_name\" content=\"V\u00e9torino\" \/>\n<meta property=\"article:publisher\" content=\"https:\/\/www.facebook.com\/Vetorino\/\" \/>\n<meta property=\"article:modified_time\" content=\"2024-04-10T15:36:22+00:00\" \/>\n<meta property=\"og:image\" content=\"https:\/\/www.vetorino.com\/boutique\/wp-content\/uploads\/2020\/03\/cage-pliante-residence-t4-chien-24-555x555-1.jpg\" \/>\n\t<meta property=\"og:image:width\" content=\"555\" \/>\n\t<meta property=\"og:image:height\" content=\"555\" \/>\n\t<meta property=\"og:image:type\" content=\"image\/jpeg\" \/>\n<meta name=\"twitter:card\" content=\"summary_large_image\" \/>\n<meta name=\"twitter:label1\" content=\"Disponibilit\u00e9\" \/>\n\t<meta name=\"twitter:data1\" content=\"En stock\" \/>\n<script type=\"application\/ld+json\" class=\"yoast-schema-graph\">{\"@context\":\"https:\\\/\\\/schema.org\",\"@graph\":[{\"@type\":\"WebPage\",\"@id\":\"https:\\\/\\\/www.vetorino.com\\\/boutique\\\/product\\\/cage-pliante-dog-residence\\\/\",\"url\":\"https:\\\/\\\/www.vetorino.com\\\/boutique\\\/product\\\/cage-pliante-dog-residence\\\/\",\"name\":\"Cage pliante Dog Residence Savic - V\u00e9torino\",\"isPartOf\":{\"@id\":\"https:\\\/\\\/www.vetorino.com\\\/boutique\\\/#website\"},\"primaryImageOfPage\":{\"@id\":\"https:\\\/\\\/www.vetorino.com\\\/boutique\\\/product\\\/cage-pliante-dog-residence\\\/#primaryimage\"},\"image\":{\"@id\":\"https:\\\/\\\/www.vetorino.com\\\/boutique\\\/product\\\/cage-pliante-dog-residence\\\/#primaryimage\"},\"thumbnailUrl\":\"https:\\\/\\\/www.vetorino.com\\\/boutique\\\/wp-content\\\/uploads\\\/2020\\\/03\\\/cage-pliante-residence-t4-chien-24-555x555-1.jpg\",\"datePublished\":\"2020-03-04T20:57:33+00:00\",\"dateModified\":\"2024-04-10T15:36:22+00:00\",\"description\":\"Le jeu de 4 roulettes RESIDENCE Cage pliante en m\u00e9tal Dog residence Savic pour chien ou chat\",\"breadcrumb\":{\"@id\":\"https:\\\/\\\/www.vetorino.com\\\/boutique\\\/product\\\/cage-pliante-dog-residence\\\/#breadcrumb\"},\"inLanguage\":\"fr-FR\",\"potentialAction\":[{\"@type\":\"ReadAction\",\"target\":[\"https:\\\/\\\/www.vetorino.com\\\/boutique\\\/product\\\/cage-pliante-dog-residence\\\/\"]}]},{\"@type\":\"ImageObject\",\"inLanguage\":\"fr-FR\",\"@id\":\"https:\\\/\\\/www.vetorino.com\\\/boutique\\\/product\\\/cage-pliante-dog-residence\\\/#primaryimage\",\"url\":\"https:\\\/\\\/www.vetorino.com\\\/boutique\\\/wp-content\\\/uploads\\\/2020\\\/03\\\/cage-pliante-residence-t4-chien-24-555x555-1.jpg\",\"contentUrl\":\"https:\\\/\\\/www.vetorino.com\\\/boutique\\\/wp-content\\\/uploads\\\/2020\\\/03\\\/cage-pliante-residence-t4-chien-24-555x555-1.jpg\",\"width\":555,\"height\":555},{\"@type\":\"BreadcrumbList\",\"@id\":\"https:\\\/\\\/www.vetorino.com\\\/boutique\\\/product\\\/cage-pliante-dog-residence\\\/#breadcrumb\",\"itemListElement\":[{\"@type\":\"ListItem\",\"position\":1,\"name\":\"Accueil\",\"item\":\"https:\\\/\\\/www.vetorino.com\\\/boutique\\\/\"},{\"@type\":\"ListItem\",\"position\":2,\"name\":\"Produits\",\"item\":\"https:\\\/\\\/www.vetorino.com\\\/boutique\\\/\"},{\"@type\":\"ListItem\",\"position\":3,\"name\":\"Cage pliante Dog Residence\"}]},{\"@type\":\"WebSite\",\"@id\":\"https:\\\/\\\/www.vetorino.com\\\/boutique\\\/#website\",\"url\":\"https:\\\/\\\/www.vetorino.com\\\/boutique\\\/\",\"name\":\"V\u00e9torino\",\"description\":\"\",\"publisher\":{\"@id\":\"https:\\\/\\\/www.vetorino.com\\\/boutique\\\/#organization\"},\"potentialAction\":[{\"@type\":\"SearchAction\",\"target\":{\"@type\":\"EntryPoint\",\"urlTemplate\":\"https:\\\/\\\/www.vetorino.com\\\/boutique\\\/?s={search_term_string}\"},\"query-input\":{\"@type\":\"PropertyValueSpecification\",\"valueRequired\":true,\"valueName\":\"search_term_string\"}}],\"inLanguage\":\"fr-FR\"},{\"@type\":\"Organization\",\"@id\":\"https:\\\/\\\/www.vetorino.com\\\/boutique\\\/#organization\",\"name\":\"V\u00e9torino\",\"url\":\"https:\\\/\\\/www.vetorino.com\\\/boutique\\\/\",\"logo\":{\"@type\":\"ImageObject\",\"inLanguage\":\"fr-FR\",\"@id\":\"https:\\\/\\\/www.vetorino.com\\\/boutique\\\/#\\\/schema\\\/logo\\\/image\\\/\",\"url\":\"https:\\\/\\\/www.vetorino.com\\\/boutique\\\/wp-content\\\/uploads\\\/2024\\\/10\\\/logo.jpg\",\"contentUrl\":\"https:\\\/\\\/www.vetorino.com\\\/boutique\\\/wp-content\\\/uploads\\\/2024\\\/10\\\/logo.jpg\",\"width\":1200,\"height\":610,\"caption\":\"V\u00e9torino\"},\"image\":{\"@id\":\"https:\\\/\\\/www.vetorino.com\\\/boutique\\\/#\\\/schema\\\/logo\\\/image\\\/\"},\"sameAs\":[\"https:\\\/\\\/www.facebook.com\\\/Vetorino\\\/\",\"https:\\\/\\\/www.instagram.com\\\/vetorino_off\\\/\",\"https:\\\/\\\/www.linkedin.com\\\/company\\\/vtorino\\\/\"]}]}<\/script>\n<meta property=\"product:brand\" content=\"Savic\" \/>\n<meta property=\"og:availability\" content=\"instock\" \/>\n<meta property=\"product:availability\" content=\"instock\" \/>\n<meta property=\"product:condition\" content=\"new\" \/>\n<!-- \/ Yoast SEO plugin. -->","yoast_head_json":{"title":"Cage pliante Dog Residence Savic - V\u00e9torino","description":"Le jeu de 4 roulettes RESIDENCE Cage pliante en m\u00e9tal Dog residence Savic pour chien ou chat","robots":{"index":"noindex","follow":"nofollow"},"og_locale":"fr_FR","og_type":"article","og_title":"Cage pliante Dog Residence Savic - V\u00e9torino","og_description":"Le jeu de 4 roulettes RESIDENCE Cage pliante en m\u00e9tal Dog residence Savic pour chien ou chat","og_url":"https:\/\/www.vetorino.com\/veterinaire\/ustaritz-64480\/boutique\/product\/cage-pliante-dog-residence\/","og_site_name":"V\u00e9torino","article_publisher":"https:\/\/www.facebook.com\/Vetorino\/","article_modified_time":"2024-04-10T15:36:22+00:00","og_image":[{"width":555,"height":555,"url":"https:\/\/www.vetorino.com\/boutique\/wp-content\/uploads\/2020\/03\/cage-pliante-residence-t4-chien-24-555x555-1.jpg","type":"image\/jpeg"}],"twitter_card":"summary_large_image","twitter_misc":{"Disponibilit\u00e9":"En stock"},"schema":{"@context":"https:\/\/schema.org","@graph":[{"@type":"WebPage","@id":"https:\/\/www.vetorino.com\/boutique\/product\/cage-pliante-dog-residence\/","url":"https:\/\/www.vetorino.com\/boutique\/product\/cage-pliante-dog-residence\/","name":"Cage pliante Dog Residence Savic - V\u00e9torino","isPartOf":{"@id":"https:\/\/www.vetorino.com\/boutique\/#website"},"primaryImageOfPage":{"@id":"https:\/\/www.vetorino.com\/boutique\/product\/cage-pliante-dog-residence\/#primaryimage"},"image":{"@id":"https:\/\/www.vetorino.com\/boutique\/product\/cage-pliante-dog-residence\/#primaryimage"},"thumbnailUrl":"https:\/\/www.vetorino.com\/boutique\/wp-content\/uploads\/2020\/03\/cage-pliante-residence-t4-chien-24-555x555-1.jpg","datePublished":"2020-03-04T20:57:33+00:00","dateModified":"2024-04-10T15:36:22+00:00","description":"Le jeu de 4 roulettes RESIDENCE Cage pliante en m\u00e9tal Dog residence Savic pour chien ou chat","breadcrumb":{"@id":"https:\/\/www.vetorino.com\/boutique\/product\/cage-pliante-dog-residence\/#breadcrumb"},"inLanguage":"fr-FR","potentialAction":[{"@type":"ReadAction","target":["https:\/\/www.vetorino.com\/boutique\/product\/cage-pliante-dog-residence\/"]}]},{"@type":"ImageObject","inLanguage":"fr-FR","@id":"https:\/\/www.vetorino.com\/boutique\/product\/cage-pliante-dog-residence\/#primaryimage","url":"https:\/\/www.vetorino.com\/boutique\/wp-content\/uploads\/2020\/03\/cage-pliante-residence-t4-chien-24-555x555-1.jpg","contentUrl":"https:\/\/www.vetorino.com\/boutique\/wp-content\/uploads\/2020\/03\/cage-pliante-residence-t4-chien-24-555x555-1.jpg","width":555,"height":555},{"@type":"BreadcrumbList","@id":"https:\/\/www.vetorino.com\/boutique\/product\/cage-pliante-dog-residence\/#breadcrumb","itemListElement":[{"@type":"ListItem","position":1,"name":"Accueil","item":"https:\/\/www.vetorino.com\/boutique\/"},{"@type":"ListItem","position":2,"name":"Produits","item":"https:\/\/www.vetorino.com\/boutique\/"},{"@type":"ListItem","position":3,"name":"Cage pliante Dog Residence"}]},{"@type":"WebSite","@id":"https:\/\/www.vetorino.com\/boutique\/#website","url":"https:\/\/www.vetorino.com\/boutique\/","name":"V\u00e9torino","description":"","publisher":{"@id":"https:\/\/www.vetorino.com\/boutique\/#organization"},"potentialAction":[{"@type":"SearchAction","target":{"@type":"EntryPoint","urlTemplate":"https:\/\/www.vetorino.com\/boutique\/?s={search_term_string}"},"query-input":{"@type":"PropertyValueSpecification","valueRequired":true,"valueName":"search_term_string"}}],"inLanguage":"fr-FR"},{"@type":"Organization","@id":"https:\/\/www.vetorino.com\/boutique\/#organization","name":"V\u00e9torino","url":"https:\/\/www.vetorino.com\/boutique\/","logo":{"@type":"ImageObject","inLanguage":"fr-FR","@id":"https:\/\/www.vetorino.com\/boutique\/#\/schema\/logo\/image\/","url":"https:\/\/www.vetorino.com\/boutique\/wp-content\/uploads\/2024\/10\/logo.jpg","contentUrl":"https:\/\/www.vetorino.com\/boutique\/wp-content\/uploads\/2024\/10\/logo.jpg","width":1200,"height":610,"caption":"V\u00e9torino"},"image":{"@id":"https:\/\/www.vetorino.com\/boutique\/#\/schema\/logo\/image\/"},"sameAs":["https:\/\/www.facebook.com\/Vetorino\/","https:\/\/www.instagram.com\/vetorino_off\/","https:\/\/www.linkedin.com\/company\/vtorino\/"]}]},"product_brand":"Savic","og_availability":"instock","product_availability":"instock","product_condition":"new"},"_links":{"self":[{"href":"https:\/\/www.vetorino.com\/veterinaire\/ustaritz-64480\/boutique\/wp-json\/wp\/v2\/product\/33553","targetHints":{"allow":["GET"]}}],"collection":[{"href":"https:\/\/www.vetorino.com\/veterinaire\/ustaritz-64480\/boutique\/wp-json\/wp\/v2\/product"}],"about":[{"href":"https:\/\/www.vetorino.com\/veterinaire\/ustaritz-64480\/boutique\/wp-json\/wp\/v2\/types\/product"}],"wp:featuredmedia":[{"embeddable":true,"href":"https:\/\/www.vetorino.com\/veterinaire\/ustaritz-64480\/boutique\/wp-json\/wp\/v2\/media\/721810"}],"wp:attachment":[{"href":"https:\/\/www.vetorino.com\/veterinaire\/ustaritz-64480\/boutique\/wp-json\/wp\/v2\/media?parent=33553"}],"wp:term":[{"taxonomy":"product_cat","embeddable":true,"href":"https:\/\/www.vetorino.com\/veterinaire\/ustaritz-64480\/boutique\/wp-json\/wp\/v2\/product_cat?post=33553"},{"taxonomy":"product_tag","embeddable":true,"href":"https:\/\/www.vetorino.com\/veterinaire\/ustaritz-64480\/boutique\/wp-json\/wp\/v2\/product_tag?post=33553"}],"curies":[{"name":"wp","href":"https:\/\/api.w.org\/{rel}","templated":true}]}}