{"id":33618,"date":"2020-03-04T21:57:51","date_gmt":"2020-03-04T20:57:51","guid":{"rendered":"https:\/\/www.vetorino.com\/boutique\/product\/pull-british\/"},"modified":"2024-07-12T15:41:12","modified_gmt":"2024-07-12T13:41:12","slug":"pull-british","status":"publish","type":"product","link":"https:\/\/www.vetorino.com\/veterinaire\/ustaritz-64480\/boutique\/product\/pull-british\/","title":{"rendered":"Pull British"},"content":{"rendered":"<p>Pull British d&#8217;excellente qualit\u00e9 pour votre chien, bien chaud et ultra confortable. Ce v\u00eatement pour chien de la marque BOBBY est un classique de la garde robe.<\/p>\n<p>L&#8217;angleterre est un pays qui adore les uniformes avec les \u00e9cussons comme pour leurs \u00e9coliers, leur militaires&#8230; Cette nouvelle collection de pull pour chien s&#8217;inspire de ce style anglais unique pour en faire un ind\u00e9modable de son dressing.<\/p>\n<ul>\n<li>C&#8217;est un pull pour toutes les tailles de chiens du plus petit chien jusqu&#8217;au grand chien de la taille 26 \u00e0 80 cm<\/li>\n<li>Pull pour chien classique et ind\u00e9modable au style british revisit\u00e9<\/li>\n<li>Pull avec son \u00e9cusson brod\u00e9 sur l&#8217;\u00e9paule<\/li>\n<li>Facile \u00e0 mettre, il s&#8217;enfile par la t\u00eate<\/li>\n<li>Fermeture rapide par scratch<\/li>\n<li>Ventri\u00e8re en c\u00f4tes 2\/2 pour un confort optimal<\/li>\n<li><b>Lavage<\/b> en machine \u00e0 laver \u00e0 30\u00b0<\/li>\n<li>Pull pour chien de la taille 26 \u00e0 50 cm<\/li>\n<li>Composition : 100 % acrylique<\/li>\n<li>Ce pull est d\u00e9clin\u00e9 dans deux coloris<\/li>\n<li>Disponible de la taille 26 \u00e0 80 cm<\/li>\n<li>Couleur du pull : <b>ROUGE<\/b><\/li>\n<\/ul>\n","protected":false},"excerpt":{"rendered":"<p>Pull British d&#8217;excellente qualit\u00e9 pour votre chien, bien chaud et ultra confortable. Ce v\u00eatement pour chien de la marque BOBBY est un classique de la garde robe.<\/p>\n<p>L&#8217;angleterre est un pays qui adore les uniformes avec les \u00e9cussons comme pour leurs \u00e9coliers, leur militaires&#8230; Cette nouvelle collection de pull pour chien s&#8217;inspire de ce style anglais unique pour en faire un ind\u00e9modable de son dressing.<\/p>\n","protected":false},"featured_media":971913,"template":"","meta":[],"product_cat":[12550,2775,2698],"product_tag":[],"class_list":{"0":"post-33618","1":"product","2":"type-product","3":"status-publish","4":"has-post-thumbnail","6":"product_cat-accessoires-du-chien","7":"product_cat-aliments-medicalises-pour-chien","8":"product_cat-chien","9":"pa_marque-bobby","11":"first","12":"instock","13":"taxable","14":"shipping-taxable","15":"purchasable","16":"product-type-variable"},"yoast_head":"<!-- This site is optimized with the Yoast SEO plugin v27.3 - https:\/\/yoast.com\/product\/yoast-seo-wordpress\/ -->\n<title>Pull British Bobby - V\u00e9torino<\/title>\n<meta name=\"description\" content=\"Pull British d&#039;excellente qualit\u00e9 pour votre chien, bien chaud et ultra confortable. Ce v\u00eatement pour chien de la marque BOBBY est un classique de la garde robe.  L&#039;angleterre est un pays qui adore les uniformes avec les \u00e9cussons comme pour leurs \u00e9coliers, leur militaires... Cette nouvelle collection de pull pour chien s&#039;inspire de ce style anglais unique pour en faire un ind\u00e9modable de son dressing.\" \/>\n<meta name=\"robots\" content=\"noindex, nofollow\" \/>\n<meta property=\"og:locale\" content=\"fr_FR\" \/>\n<meta property=\"og:type\" content=\"article\" \/>\n<meta property=\"og:title\" content=\"Pull British Bobby - V\u00e9torino\" \/>\n<meta property=\"og:description\" content=\"Pull British d&#039;excellente qualit\u00e9 pour votre chien, bien chaud et ultra confortable. Ce v\u00eatement pour chien de la marque BOBBY est un classique de la garde robe.  L&#039;angleterre est un pays qui adore les uniformes avec les \u00e9cussons comme pour leurs \u00e9coliers, leur militaires... Cette nouvelle collection de pull pour chien s&#039;inspire de ce style anglais unique pour en faire un ind\u00e9modable de son dressing.\" \/>\n<meta property=\"og:url\" content=\"https:\/\/www.vetorino.com\/veterinaire\/ustaritz-64480\/boutique\/product\/pull-british\/\" \/>\n<meta property=\"og:site_name\" content=\"V\u00e9torino\" \/>\n<meta property=\"article:publisher\" content=\"https:\/\/www.facebook.com\/Vetorino\/\" \/>\n<meta property=\"article:modified_time\" content=\"2024-07-12T13:41:12+00:00\" \/>\n<meta property=\"og:image\" content=\"https:\/\/www.vetorino.com\/boutique\/wp-content\/uploads\/2020\/03\/chiens-bobby-pull-chien-british-rouge-83151404327-560x560-quality82.jpeg\" \/>\n\t<meta property=\"og:image:width\" content=\"500\" \/>\n\t<meta property=\"og:image:height\" content=\"500\" \/>\n\t<meta property=\"og:image:type\" content=\"image\/jpeg\" \/>\n<meta name=\"twitter:card\" content=\"summary_large_image\" \/>\n<meta name=\"twitter:label1\" content=\"Disponibilit\u00e9\" \/>\n\t<meta name=\"twitter:data1\" content=\"En stock\" \/>\n<script type=\"application\/ld+json\" class=\"yoast-schema-graph\">{\"@context\":\"https:\\\/\\\/schema.org\",\"@graph\":[{\"@type\":\"WebPage\",\"@id\":\"https:\\\/\\\/www.vetorino.com\\\/boutique\\\/product\\\/pull-british\\\/\",\"url\":\"https:\\\/\\\/www.vetorino.com\\\/boutique\\\/product\\\/pull-british\\\/\",\"name\":\"Pull British Bobby - V\u00e9torino\",\"isPartOf\":{\"@id\":\"https:\\\/\\\/www.vetorino.com\\\/boutique\\\/#website\"},\"primaryImageOfPage\":{\"@id\":\"https:\\\/\\\/www.vetorino.com\\\/boutique\\\/product\\\/pull-british\\\/#primaryimage\"},\"image\":{\"@id\":\"https:\\\/\\\/www.vetorino.com\\\/boutique\\\/product\\\/pull-british\\\/#primaryimage\"},\"thumbnailUrl\":\"https:\\\/\\\/www.vetorino.com\\\/boutique\\\/wp-content\\\/uploads\\\/2020\\\/03\\\/chiens-bobby-pull-chien-british-rouge-83151404327-560x560-quality82.jpeg\",\"datePublished\":\"2020-03-04T20:57:51+00:00\",\"dateModified\":\"2024-07-12T13:41:12+00:00\",\"description\":\"Pull British d'excellente qualit\u00e9 pour votre chien, bien chaud et ultra confortable. Ce v\u00eatement pour chien de la marque BOBBY est un classique de la garde robe. L'angleterre est un pays qui adore les uniformes avec les \u00e9cussons comme pour leurs \u00e9coliers, leur militaires... Cette nouvelle collection de pull pour chien s'inspire de ce style anglais unique pour en faire un ind\u00e9modable de son dressing.\",\"breadcrumb\":{\"@id\":\"https:\\\/\\\/www.vetorino.com\\\/boutique\\\/product\\\/pull-british\\\/#breadcrumb\"},\"inLanguage\":\"fr-FR\",\"potentialAction\":[{\"@type\":\"ReadAction\",\"target\":[\"https:\\\/\\\/www.vetorino.com\\\/boutique\\\/product\\\/pull-british\\\/\"]}]},{\"@type\":\"ImageObject\",\"inLanguage\":\"fr-FR\",\"@id\":\"https:\\\/\\\/www.vetorino.com\\\/boutique\\\/product\\\/pull-british\\\/#primaryimage\",\"url\":\"https:\\\/\\\/www.vetorino.com\\\/boutique\\\/wp-content\\\/uploads\\\/2020\\\/03\\\/chiens-bobby-pull-chien-british-rouge-83151404327-560x560-quality82.jpeg\",\"contentUrl\":\"https:\\\/\\\/www.vetorino.com\\\/boutique\\\/wp-content\\\/uploads\\\/2020\\\/03\\\/chiens-bobby-pull-chien-british-rouge-83151404327-560x560-quality82.jpeg\",\"width\":500,\"height\":500},{\"@type\":\"BreadcrumbList\",\"@id\":\"https:\\\/\\\/www.vetorino.com\\\/boutique\\\/product\\\/pull-british\\\/#breadcrumb\",\"itemListElement\":[{\"@type\":\"ListItem\",\"position\":1,\"name\":\"Accueil\",\"item\":\"https:\\\/\\\/www.vetorino.com\\\/boutique\\\/\"},{\"@type\":\"ListItem\",\"position\":2,\"name\":\"Produits\",\"item\":\"https:\\\/\\\/www.vetorino.com\\\/boutique\\\/\"},{\"@type\":\"ListItem\",\"position\":3,\"name\":\"Pull British\"}]},{\"@type\":\"WebSite\",\"@id\":\"https:\\\/\\\/www.vetorino.com\\\/boutique\\\/#website\",\"url\":\"https:\\\/\\\/www.vetorino.com\\\/boutique\\\/\",\"name\":\"V\u00e9torino\",\"description\":\"\",\"publisher\":{\"@id\":\"https:\\\/\\\/www.vetorino.com\\\/boutique\\\/#organization\"},\"potentialAction\":[{\"@type\":\"SearchAction\",\"target\":{\"@type\":\"EntryPoint\",\"urlTemplate\":\"https:\\\/\\\/www.vetorino.com\\\/boutique\\\/?s={search_term_string}\"},\"query-input\":{\"@type\":\"PropertyValueSpecification\",\"valueRequired\":true,\"valueName\":\"search_term_string\"}}],\"inLanguage\":\"fr-FR\"},{\"@type\":\"Organization\",\"@id\":\"https:\\\/\\\/www.vetorino.com\\\/boutique\\\/#organization\",\"name\":\"V\u00e9torino\",\"url\":\"https:\\\/\\\/www.vetorino.com\\\/boutique\\\/\",\"logo\":{\"@type\":\"ImageObject\",\"inLanguage\":\"fr-FR\",\"@id\":\"https:\\\/\\\/www.vetorino.com\\\/boutique\\\/#\\\/schema\\\/logo\\\/image\\\/\",\"url\":\"https:\\\/\\\/www.vetorino.com\\\/boutique\\\/wp-content\\\/uploads\\\/2024\\\/10\\\/logo.jpg\",\"contentUrl\":\"https:\\\/\\\/www.vetorino.com\\\/boutique\\\/wp-content\\\/uploads\\\/2024\\\/10\\\/logo.jpg\",\"width\":1200,\"height\":610,\"caption\":\"V\u00e9torino\"},\"image\":{\"@id\":\"https:\\\/\\\/www.vetorino.com\\\/boutique\\\/#\\\/schema\\\/logo\\\/image\\\/\"},\"sameAs\":[\"https:\\\/\\\/www.facebook.com\\\/Vetorino\\\/\",\"https:\\\/\\\/www.instagram.com\\\/vetorino_off\\\/\",\"https:\\\/\\\/www.linkedin.com\\\/company\\\/vtorino\\\/\"]}]}<\/script>\n<meta property=\"product:brand\" content=\"Bobby\" \/>\n<meta property=\"og:availability\" content=\"instock\" \/>\n<meta property=\"product:availability\" content=\"instock\" \/>\n<meta property=\"product:condition\" content=\"new\" \/>\n<!-- \/ Yoast SEO plugin. -->","yoast_head_json":{"title":"Pull British Bobby - V\u00e9torino","description":"Pull British d'excellente qualit\u00e9 pour votre chien, bien chaud et ultra confortable. Ce v\u00eatement pour chien de la marque BOBBY est un classique de la garde robe.  L'angleterre est un pays qui adore les uniformes avec les \u00e9cussons comme pour leurs \u00e9coliers, leur militaires... Cette nouvelle collection de pull pour chien s'inspire de ce style anglais unique pour en faire un ind\u00e9modable de son dressing.","robots":{"index":"noindex","follow":"nofollow"},"og_locale":"fr_FR","og_type":"article","og_title":"Pull British Bobby - V\u00e9torino","og_description":"Pull British d'excellente qualit\u00e9 pour votre chien, bien chaud et ultra confortable. Ce v\u00eatement pour chien de la marque BOBBY est un classique de la garde robe.  L'angleterre est un pays qui adore les uniformes avec les \u00e9cussons comme pour leurs \u00e9coliers, leur militaires... Cette nouvelle collection de pull pour chien s'inspire de ce style anglais unique pour en faire un ind\u00e9modable de son dressing.","og_url":"https:\/\/www.vetorino.com\/veterinaire\/ustaritz-64480\/boutique\/product\/pull-british\/","og_site_name":"V\u00e9torino","article_publisher":"https:\/\/www.facebook.com\/Vetorino\/","article_modified_time":"2024-07-12T13:41:12+00:00","og_image":[{"width":500,"height":500,"url":"https:\/\/www.vetorino.com\/boutique\/wp-content\/uploads\/2020\/03\/chiens-bobby-pull-chien-british-rouge-83151404327-560x560-quality82.jpeg","type":"image\/jpeg"}],"twitter_card":"summary_large_image","twitter_misc":{"Disponibilit\u00e9":"En stock"},"schema":{"@context":"https:\/\/schema.org","@graph":[{"@type":"WebPage","@id":"https:\/\/www.vetorino.com\/boutique\/product\/pull-british\/","url":"https:\/\/www.vetorino.com\/boutique\/product\/pull-british\/","name":"Pull British Bobby - V\u00e9torino","isPartOf":{"@id":"https:\/\/www.vetorino.com\/boutique\/#website"},"primaryImageOfPage":{"@id":"https:\/\/www.vetorino.com\/boutique\/product\/pull-british\/#primaryimage"},"image":{"@id":"https:\/\/www.vetorino.com\/boutique\/product\/pull-british\/#primaryimage"},"thumbnailUrl":"https:\/\/www.vetorino.com\/boutique\/wp-content\/uploads\/2020\/03\/chiens-bobby-pull-chien-british-rouge-83151404327-560x560-quality82.jpeg","datePublished":"2020-03-04T20:57:51+00:00","dateModified":"2024-07-12T13:41:12+00:00","description":"Pull British d'excellente qualit\u00e9 pour votre chien, bien chaud et ultra confortable. Ce v\u00eatement pour chien de la marque BOBBY est un classique de la garde robe. L'angleterre est un pays qui adore les uniformes avec les \u00e9cussons comme pour leurs \u00e9coliers, leur militaires... Cette nouvelle collection de pull pour chien s'inspire de ce style anglais unique pour en faire un ind\u00e9modable de son dressing.","breadcrumb":{"@id":"https:\/\/www.vetorino.com\/boutique\/product\/pull-british\/#breadcrumb"},"inLanguage":"fr-FR","potentialAction":[{"@type":"ReadAction","target":["https:\/\/www.vetorino.com\/boutique\/product\/pull-british\/"]}]},{"@type":"ImageObject","inLanguage":"fr-FR","@id":"https:\/\/www.vetorino.com\/boutique\/product\/pull-british\/#primaryimage","url":"https:\/\/www.vetorino.com\/boutique\/wp-content\/uploads\/2020\/03\/chiens-bobby-pull-chien-british-rouge-83151404327-560x560-quality82.jpeg","contentUrl":"https:\/\/www.vetorino.com\/boutique\/wp-content\/uploads\/2020\/03\/chiens-bobby-pull-chien-british-rouge-83151404327-560x560-quality82.jpeg","width":500,"height":500},{"@type":"BreadcrumbList","@id":"https:\/\/www.vetorino.com\/boutique\/product\/pull-british\/#breadcrumb","itemListElement":[{"@type":"ListItem","position":1,"name":"Accueil","item":"https:\/\/www.vetorino.com\/boutique\/"},{"@type":"ListItem","position":2,"name":"Produits","item":"https:\/\/www.vetorino.com\/boutique\/"},{"@type":"ListItem","position":3,"name":"Pull British"}]},{"@type":"WebSite","@id":"https:\/\/www.vetorino.com\/boutique\/#website","url":"https:\/\/www.vetorino.com\/boutique\/","name":"V\u00e9torino","description":"","publisher":{"@id":"https:\/\/www.vetorino.com\/boutique\/#organization"},"potentialAction":[{"@type":"SearchAction","target":{"@type":"EntryPoint","urlTemplate":"https:\/\/www.vetorino.com\/boutique\/?s={search_term_string}"},"query-input":{"@type":"PropertyValueSpecification","valueRequired":true,"valueName":"search_term_string"}}],"inLanguage":"fr-FR"},{"@type":"Organization","@id":"https:\/\/www.vetorino.com\/boutique\/#organization","name":"V\u00e9torino","url":"https:\/\/www.vetorino.com\/boutique\/","logo":{"@type":"ImageObject","inLanguage":"fr-FR","@id":"https:\/\/www.vetorino.com\/boutique\/#\/schema\/logo\/image\/","url":"https:\/\/www.vetorino.com\/boutique\/wp-content\/uploads\/2024\/10\/logo.jpg","contentUrl":"https:\/\/www.vetorino.com\/boutique\/wp-content\/uploads\/2024\/10\/logo.jpg","width":1200,"height":610,"caption":"V\u00e9torino"},"image":{"@id":"https:\/\/www.vetorino.com\/boutique\/#\/schema\/logo\/image\/"},"sameAs":["https:\/\/www.facebook.com\/Vetorino\/","https:\/\/www.instagram.com\/vetorino_off\/","https:\/\/www.linkedin.com\/company\/vtorino\/"]}]},"product_brand":"Bobby","og_availability":"instock","product_availability":"instock","product_condition":"new"},"_links":{"self":[{"href":"https:\/\/www.vetorino.com\/veterinaire\/ustaritz-64480\/boutique\/wp-json\/wp\/v2\/product\/33618","targetHints":{"allow":["GET"]}}],"collection":[{"href":"https:\/\/www.vetorino.com\/veterinaire\/ustaritz-64480\/boutique\/wp-json\/wp\/v2\/product"}],"about":[{"href":"https:\/\/www.vetorino.com\/veterinaire\/ustaritz-64480\/boutique\/wp-json\/wp\/v2\/types\/product"}],"wp:featuredmedia":[{"embeddable":true,"href":"https:\/\/www.vetorino.com\/veterinaire\/ustaritz-64480\/boutique\/wp-json\/wp\/v2\/media\/971913"}],"wp:attachment":[{"href":"https:\/\/www.vetorino.com\/veterinaire\/ustaritz-64480\/boutique\/wp-json\/wp\/v2\/media?parent=33618"}],"wp:term":[{"taxonomy":"product_cat","embeddable":true,"href":"https:\/\/www.vetorino.com\/veterinaire\/ustaritz-64480\/boutique\/wp-json\/wp\/v2\/product_cat?post=33618"},{"taxonomy":"product_tag","embeddable":true,"href":"https:\/\/www.vetorino.com\/veterinaire\/ustaritz-64480\/boutique\/wp-json\/wp\/v2\/product_tag?post=33618"}],"curies":[{"name":"wp","href":"https:\/\/api.w.org\/{rel}","templated":true}]}}