{"id":33738,"date":"2020-03-04T21:58:27","date_gmt":"2020-03-04T20:58:27","guid":{"rendered":"https:\/\/www.vetorino.com\/boutique\/product\/jouet-kong-blue-veterinary\/"},"modified":"2024-02-09T17:56:30","modified_gmt":"2024-02-09T16:56:30","slug":"jouet-kong-blue-veterinary","status":"publish","type":"product","link":"https:\/\/www.vetorino.com\/veterinaire\/ustaritz-64480\/boutique\/product\/jouet-kong-blue-veterinary\/","title":{"rendered":"Jouet KONG Blue Veterinary"},"content":{"rendered":"<div class=\"product-description\">\n<p>Le <strong>Kong Blue<\/strong> est une gamme cr\u00e9\u00e9e exclusivement pour les v\u00e9t\u00e9rinaires. Il est 25% plus r\u00e9sistant que le Kong Rouge classique. Le caoutchouc est radio-opaque, ce qui le rend visible au rayon de X en cas d&#8217;ingestion. Il aide \u00e0 la convalescence post-op\u00e9ratoire et est id\u00e9al pour lutter contre l&#8217;ennui, le stress et l&#8217;anxi\u00e9t\u00e9 de s\u00e9paration.<\/p>\n<ul>\n<li>Jouet id\u00e9al pour les s\u00e9ances de mastication, r\u00e9cup\u00e9ration et r\u00e9compense.<\/li>\n<li>Facilite l&#8217;\u00e9ducation, aide au r\u00e9tablissement post-op\u00e9ratoire,<\/li>\n<li>R\u00e9duit l&#8217;ennui, le stress et l&#8217;anxi\u00e9t\u00e9.<\/li>\n<li>Fabriqu\u00e9 \u00e0 partir d&#8217;un caoutchouc naturel,<\/li>\n<li>25% plus fort que le KONG Classic (rouge) et r\u00e9siste aux perforations.<\/li>\n<li>Son caoutchouc est\u00a0radio-opaque\u00a0et il sera visible lors d&#8217;une radio en cas d&#8217;ingestion accidentelle.<\/li>\n<\/ul>\n<p>Caract\u00e9ristiques du\u00a0KONG Blue Veterinary pour chien:<\/p>\n<ul>\n<li><strong>Small <\/strong>(chien jusqu&#8217;\u00e0 9 kg)<strong>: <\/strong>4,5 cm x H 7,5 cm<\/li>\n<li><strong>Medium <\/strong>(chien de 7 \u00e0 16 kg)<strong>: <\/strong>5,5 cm x H 8,5 cm<\/li>\n<li><strong>Large <\/strong>(chien de 13 \u00e0 30 kg)<strong>: <\/strong>6,5 cm x H 10,5 cm<\/li>\n<li><strong>XLarge <\/strong>(chien de 27 \u00e0 41 kg)<strong>:\u00a0<\/strong>9 cm x H 13 cm<\/li>\n<li><strong>XXLarge\u00a0<\/strong>(chien de + 38 kg)<strong>:<\/strong> H 15,5 cm<\/li>\n<li><strong>Mati\u00e8re: <\/strong>Caoutchouc 100 % naturel<\/li>\n<\/ul>\n<\/div>\n","protected":false},"excerpt":{"rendered":"<p>Le <strong>Kong Blue<\/strong> est une gamme cr\u00e9\u00e9e exclusivement pour les v\u00e9t\u00e9rinaires. Il est 25% plus r\u00e9sistant que le Kong Rouge classique. Le caoutchouc est radio-opaque, ce qui le rend visible au rayon de X en cas d&#8217;ingestion. Il aide \u00e0 la convalescence post-op\u00e9ratoire et est id\u00e9al pour lutter contre l&#8217;ennui, le stress et l&#8217;anxi\u00e9t\u00e9 de s\u00e9paration.<\/p>\n","protected":false},"featured_media":833018,"template":"","meta":[],"product_cat":[12550,2698,2802,12621],"product_tag":[],"class_list":{"0":"post-33738","1":"product","2":"type-product","3":"status-publish","4":"has-post-thumbnail","6":"product_cat-accessoires-du-chien","7":"product_cat-chien","8":"product_cat-jouets-a-macher-pour-chien","9":"product_cat-jeux-educatifs-pour-chien","10":"pa_marque-kong","12":"first","13":"instock","14":"taxable","15":"shipping-taxable","16":"purchasable","17":"product-type-variable"},"yoast_head":"<!-- This site is optimized with the Yoast SEO plugin v27.3 - https:\/\/yoast.com\/product\/yoast-seo-wordpress\/ -->\n<title>Jouet KONG Blue Veterinary Kong - V\u00e9torino<\/title>\n<meta name=\"description\" content=\"Le Kong Blue est une gamme cr\u00e9\u00e9e exclusivement pour les v\u00e9t\u00e9rinaires. Il est 25% plus r\u00e9sistant que le Kong Rouge classique. Le caoutchouc est radio-opaque, ce qui le rend visible au rayon de X en cas d&#039;ingestion. Il aide \u00e0 la convalescence post-op\u00e9ratoire et est id\u00e9al pour lutter contre l&#039;ennui, le stress et l&#039;anxi\u00e9t\u00e9 de s\u00e9paration.\" \/>\n<meta name=\"robots\" content=\"noindex, nofollow\" \/>\n<meta property=\"og:locale\" content=\"fr_FR\" \/>\n<meta property=\"og:type\" content=\"article\" \/>\n<meta property=\"og:title\" content=\"Jouet KONG Blue Veterinary Kong - V\u00e9torino\" \/>\n<meta property=\"og:description\" content=\"Le Kong Blue est une gamme cr\u00e9\u00e9e exclusivement pour les v\u00e9t\u00e9rinaires. Il est 25% plus r\u00e9sistant que le Kong Rouge classique. Le caoutchouc est radio-opaque, ce qui le rend visible au rayon de X en cas d&#039;ingestion. Il aide \u00e0 la convalescence post-op\u00e9ratoire et est id\u00e9al pour lutter contre l&#039;ennui, le stress et l&#039;anxi\u00e9t\u00e9 de s\u00e9paration.\" \/>\n<meta property=\"og:url\" content=\"https:\/\/www.vetorino.com\/veterinaire\/ustaritz-64480\/boutique\/product\/jouet-kong-blue-veterinary\/\" \/>\n<meta property=\"og:site_name\" content=\"V\u00e9torino\" \/>\n<meta property=\"article:publisher\" content=\"https:\/\/www.facebook.com\/Vetorino\/\" \/>\n<meta property=\"article:modified_time\" content=\"2024-02-09T16:56:30+00:00\" \/>\n<meta property=\"og:image\" content=\"https:\/\/www.vetorino.com\/boutique\/wp-content\/uploads\/2020\/03\/kong-blue.webp\" \/>\n\t<meta property=\"og:image:width\" content=\"800\" \/>\n\t<meta property=\"og:image:height\" content=\"800\" \/>\n\t<meta property=\"og:image:type\" content=\"image\/webp\" \/>\n<meta name=\"twitter:card\" content=\"summary_large_image\" \/>\n<meta name=\"twitter:label1\" content=\"Disponibilit\u00e9\" \/>\n\t<meta name=\"twitter:data1\" content=\"En stock\" \/>\n<script type=\"application\/ld+json\" class=\"yoast-schema-graph\">{\"@context\":\"https:\\\/\\\/schema.org\",\"@graph\":[{\"@type\":\"WebPage\",\"@id\":\"https:\\\/\\\/www.vetorino.com\\\/boutique\\\/product\\\/jouet-kong-blue-veterinary\\\/\",\"url\":\"https:\\\/\\\/www.vetorino.com\\\/boutique\\\/product\\\/jouet-kong-blue-veterinary\\\/\",\"name\":\"Jouet KONG Blue Veterinary Kong - V\u00e9torino\",\"isPartOf\":{\"@id\":\"https:\\\/\\\/www.vetorino.com\\\/boutique\\\/#website\"},\"primaryImageOfPage\":{\"@id\":\"https:\\\/\\\/www.vetorino.com\\\/boutique\\\/product\\\/jouet-kong-blue-veterinary\\\/#primaryimage\"},\"image\":{\"@id\":\"https:\\\/\\\/www.vetorino.com\\\/boutique\\\/product\\\/jouet-kong-blue-veterinary\\\/#primaryimage\"},\"thumbnailUrl\":\"https:\\\/\\\/www.vetorino.com\\\/boutique\\\/wp-content\\\/uploads\\\/2020\\\/03\\\/kong-blue.webp\",\"datePublished\":\"2020-03-04T20:58:27+00:00\",\"dateModified\":\"2024-02-09T16:56:30+00:00\",\"description\":\"Le Kong Blue est une gamme cr\u00e9\u00e9e exclusivement pour les v\u00e9t\u00e9rinaires. Il est 25% plus r\u00e9sistant que le Kong Rouge classique. Le caoutchouc est radio-opaque, ce qui le rend visible au rayon de X en cas d'ingestion. Il aide \u00e0 la convalescence post-op\u00e9ratoire et est id\u00e9al pour lutter contre l'ennui, le stress et l'anxi\u00e9t\u00e9 de s\u00e9paration.\",\"breadcrumb\":{\"@id\":\"https:\\\/\\\/www.vetorino.com\\\/boutique\\\/product\\\/jouet-kong-blue-veterinary\\\/#breadcrumb\"},\"inLanguage\":\"fr-FR\",\"potentialAction\":[{\"@type\":\"ReadAction\",\"target\":[\"https:\\\/\\\/www.vetorino.com\\\/boutique\\\/product\\\/jouet-kong-blue-veterinary\\\/\"]}]},{\"@type\":\"ImageObject\",\"inLanguage\":\"fr-FR\",\"@id\":\"https:\\\/\\\/www.vetorino.com\\\/boutique\\\/product\\\/jouet-kong-blue-veterinary\\\/#primaryimage\",\"url\":\"https:\\\/\\\/www.vetorino.com\\\/boutique\\\/wp-content\\\/uploads\\\/2020\\\/03\\\/kong-blue.webp\",\"contentUrl\":\"https:\\\/\\\/www.vetorino.com\\\/boutique\\\/wp-content\\\/uploads\\\/2020\\\/03\\\/kong-blue.webp\",\"width\":800,\"height\":800},{\"@type\":\"BreadcrumbList\",\"@id\":\"https:\\\/\\\/www.vetorino.com\\\/boutique\\\/product\\\/jouet-kong-blue-veterinary\\\/#breadcrumb\",\"itemListElement\":[{\"@type\":\"ListItem\",\"position\":1,\"name\":\"Accueil\",\"item\":\"https:\\\/\\\/www.vetorino.com\\\/boutique\\\/\"},{\"@type\":\"ListItem\",\"position\":2,\"name\":\"Produits\",\"item\":\"https:\\\/\\\/www.vetorino.com\\\/boutique\\\/\"},{\"@type\":\"ListItem\",\"position\":3,\"name\":\"Jouet KONG Blue Veterinary\"}]},{\"@type\":\"WebSite\",\"@id\":\"https:\\\/\\\/www.vetorino.com\\\/boutique\\\/#website\",\"url\":\"https:\\\/\\\/www.vetorino.com\\\/boutique\\\/\",\"name\":\"V\u00e9torino\",\"description\":\"\",\"publisher\":{\"@id\":\"https:\\\/\\\/www.vetorino.com\\\/boutique\\\/#organization\"},\"potentialAction\":[{\"@type\":\"SearchAction\",\"target\":{\"@type\":\"EntryPoint\",\"urlTemplate\":\"https:\\\/\\\/www.vetorino.com\\\/boutique\\\/?s={search_term_string}\"},\"query-input\":{\"@type\":\"PropertyValueSpecification\",\"valueRequired\":true,\"valueName\":\"search_term_string\"}}],\"inLanguage\":\"fr-FR\"},{\"@type\":\"Organization\",\"@id\":\"https:\\\/\\\/www.vetorino.com\\\/boutique\\\/#organization\",\"name\":\"V\u00e9torino\",\"url\":\"https:\\\/\\\/www.vetorino.com\\\/boutique\\\/\",\"logo\":{\"@type\":\"ImageObject\",\"inLanguage\":\"fr-FR\",\"@id\":\"https:\\\/\\\/www.vetorino.com\\\/boutique\\\/#\\\/schema\\\/logo\\\/image\\\/\",\"url\":\"https:\\\/\\\/www.vetorino.com\\\/boutique\\\/wp-content\\\/uploads\\\/2024\\\/10\\\/logo.jpg\",\"contentUrl\":\"https:\\\/\\\/www.vetorino.com\\\/boutique\\\/wp-content\\\/uploads\\\/2024\\\/10\\\/logo.jpg\",\"width\":1200,\"height\":610,\"caption\":\"V\u00e9torino\"},\"image\":{\"@id\":\"https:\\\/\\\/www.vetorino.com\\\/boutique\\\/#\\\/schema\\\/logo\\\/image\\\/\"},\"sameAs\":[\"https:\\\/\\\/www.facebook.com\\\/Vetorino\\\/\",\"https:\\\/\\\/www.instagram.com\\\/vetorino_off\\\/\",\"https:\\\/\\\/www.linkedin.com\\\/company\\\/vtorino\\\/\"]}]}<\/script>\n<meta property=\"product:brand\" content=\"Kong\" \/>\n<meta property=\"og:availability\" content=\"instock\" \/>\n<meta property=\"product:availability\" content=\"instock\" \/>\n<meta property=\"product:condition\" content=\"new\" \/>\n<!-- \/ Yoast SEO plugin. -->","yoast_head_json":{"title":"Jouet KONG Blue Veterinary Kong - V\u00e9torino","description":"Le Kong Blue est une gamme cr\u00e9\u00e9e exclusivement pour les v\u00e9t\u00e9rinaires. Il est 25% plus r\u00e9sistant que le Kong Rouge classique. Le caoutchouc est radio-opaque, ce qui le rend visible au rayon de X en cas d'ingestion. Il aide \u00e0 la convalescence post-op\u00e9ratoire et est id\u00e9al pour lutter contre l'ennui, le stress et l'anxi\u00e9t\u00e9 de s\u00e9paration.","robots":{"index":"noindex","follow":"nofollow"},"og_locale":"fr_FR","og_type":"article","og_title":"Jouet KONG Blue Veterinary Kong - V\u00e9torino","og_description":"Le Kong Blue est une gamme cr\u00e9\u00e9e exclusivement pour les v\u00e9t\u00e9rinaires. Il est 25% plus r\u00e9sistant que le Kong Rouge classique. Le caoutchouc est radio-opaque, ce qui le rend visible au rayon de X en cas d'ingestion. Il aide \u00e0 la convalescence post-op\u00e9ratoire et est id\u00e9al pour lutter contre l'ennui, le stress et l'anxi\u00e9t\u00e9 de s\u00e9paration.","og_url":"https:\/\/www.vetorino.com\/veterinaire\/ustaritz-64480\/boutique\/product\/jouet-kong-blue-veterinary\/","og_site_name":"V\u00e9torino","article_publisher":"https:\/\/www.facebook.com\/Vetorino\/","article_modified_time":"2024-02-09T16:56:30+00:00","og_image":[{"width":800,"height":800,"url":"https:\/\/www.vetorino.com\/boutique\/wp-content\/uploads\/2020\/03\/kong-blue.webp","type":"image\/webp"}],"twitter_card":"summary_large_image","twitter_misc":{"Disponibilit\u00e9":"En stock"},"schema":{"@context":"https:\/\/schema.org","@graph":[{"@type":"WebPage","@id":"https:\/\/www.vetorino.com\/boutique\/product\/jouet-kong-blue-veterinary\/","url":"https:\/\/www.vetorino.com\/boutique\/product\/jouet-kong-blue-veterinary\/","name":"Jouet KONG Blue Veterinary Kong - V\u00e9torino","isPartOf":{"@id":"https:\/\/www.vetorino.com\/boutique\/#website"},"primaryImageOfPage":{"@id":"https:\/\/www.vetorino.com\/boutique\/product\/jouet-kong-blue-veterinary\/#primaryimage"},"image":{"@id":"https:\/\/www.vetorino.com\/boutique\/product\/jouet-kong-blue-veterinary\/#primaryimage"},"thumbnailUrl":"https:\/\/www.vetorino.com\/boutique\/wp-content\/uploads\/2020\/03\/kong-blue.webp","datePublished":"2020-03-04T20:58:27+00:00","dateModified":"2024-02-09T16:56:30+00:00","description":"Le Kong Blue est une gamme cr\u00e9\u00e9e exclusivement pour les v\u00e9t\u00e9rinaires. Il est 25% plus r\u00e9sistant que le Kong Rouge classique. Le caoutchouc est radio-opaque, ce qui le rend visible au rayon de X en cas d'ingestion. Il aide \u00e0 la convalescence post-op\u00e9ratoire et est id\u00e9al pour lutter contre l'ennui, le stress et l'anxi\u00e9t\u00e9 de s\u00e9paration.","breadcrumb":{"@id":"https:\/\/www.vetorino.com\/boutique\/product\/jouet-kong-blue-veterinary\/#breadcrumb"},"inLanguage":"fr-FR","potentialAction":[{"@type":"ReadAction","target":["https:\/\/www.vetorino.com\/boutique\/product\/jouet-kong-blue-veterinary\/"]}]},{"@type":"ImageObject","inLanguage":"fr-FR","@id":"https:\/\/www.vetorino.com\/boutique\/product\/jouet-kong-blue-veterinary\/#primaryimage","url":"https:\/\/www.vetorino.com\/boutique\/wp-content\/uploads\/2020\/03\/kong-blue.webp","contentUrl":"https:\/\/www.vetorino.com\/boutique\/wp-content\/uploads\/2020\/03\/kong-blue.webp","width":800,"height":800},{"@type":"BreadcrumbList","@id":"https:\/\/www.vetorino.com\/boutique\/product\/jouet-kong-blue-veterinary\/#breadcrumb","itemListElement":[{"@type":"ListItem","position":1,"name":"Accueil","item":"https:\/\/www.vetorino.com\/boutique\/"},{"@type":"ListItem","position":2,"name":"Produits","item":"https:\/\/www.vetorino.com\/boutique\/"},{"@type":"ListItem","position":3,"name":"Jouet KONG Blue Veterinary"}]},{"@type":"WebSite","@id":"https:\/\/www.vetorino.com\/boutique\/#website","url":"https:\/\/www.vetorino.com\/boutique\/","name":"V\u00e9torino","description":"","publisher":{"@id":"https:\/\/www.vetorino.com\/boutique\/#organization"},"potentialAction":[{"@type":"SearchAction","target":{"@type":"EntryPoint","urlTemplate":"https:\/\/www.vetorino.com\/boutique\/?s={search_term_string}"},"query-input":{"@type":"PropertyValueSpecification","valueRequired":true,"valueName":"search_term_string"}}],"inLanguage":"fr-FR"},{"@type":"Organization","@id":"https:\/\/www.vetorino.com\/boutique\/#organization","name":"V\u00e9torino","url":"https:\/\/www.vetorino.com\/boutique\/","logo":{"@type":"ImageObject","inLanguage":"fr-FR","@id":"https:\/\/www.vetorino.com\/boutique\/#\/schema\/logo\/image\/","url":"https:\/\/www.vetorino.com\/boutique\/wp-content\/uploads\/2024\/10\/logo.jpg","contentUrl":"https:\/\/www.vetorino.com\/boutique\/wp-content\/uploads\/2024\/10\/logo.jpg","width":1200,"height":610,"caption":"V\u00e9torino"},"image":{"@id":"https:\/\/www.vetorino.com\/boutique\/#\/schema\/logo\/image\/"},"sameAs":["https:\/\/www.facebook.com\/Vetorino\/","https:\/\/www.instagram.com\/vetorino_off\/","https:\/\/www.linkedin.com\/company\/vtorino\/"]}]},"product_brand":"Kong","og_availability":"instock","product_availability":"instock","product_condition":"new"},"_links":{"self":[{"href":"https:\/\/www.vetorino.com\/veterinaire\/ustaritz-64480\/boutique\/wp-json\/wp\/v2\/product\/33738","targetHints":{"allow":["GET"]}}],"collection":[{"href":"https:\/\/www.vetorino.com\/veterinaire\/ustaritz-64480\/boutique\/wp-json\/wp\/v2\/product"}],"about":[{"href":"https:\/\/www.vetorino.com\/veterinaire\/ustaritz-64480\/boutique\/wp-json\/wp\/v2\/types\/product"}],"wp:featuredmedia":[{"embeddable":true,"href":"https:\/\/www.vetorino.com\/veterinaire\/ustaritz-64480\/boutique\/wp-json\/wp\/v2\/media\/833018"}],"wp:attachment":[{"href":"https:\/\/www.vetorino.com\/veterinaire\/ustaritz-64480\/boutique\/wp-json\/wp\/v2\/media?parent=33738"}],"wp:term":[{"taxonomy":"product_cat","embeddable":true,"href":"https:\/\/www.vetorino.com\/veterinaire\/ustaritz-64480\/boutique\/wp-json\/wp\/v2\/product_cat?post=33738"},{"taxonomy":"product_tag","embeddable":true,"href":"https:\/\/www.vetorino.com\/veterinaire\/ustaritz-64480\/boutique\/wp-json\/wp\/v2\/product_tag?post=33738"}],"curies":[{"name":"wp","href":"https:\/\/api.w.org\/{rel}","templated":true}]}}