{"id":34650,"date":"2020-03-04T22:03:04","date_gmt":"2020-03-04T21:03:04","guid":{"rendered":"https:\/\/www.vetorino.com\/boutique\/product\/diatogreen\/"},"modified":"2024-03-04T19:20:11","modified_gmt":"2024-03-04T18:20:11","slug":"diatogreen","status":"publish","type":"product","link":"https:\/\/www.vetorino.com\/veterinaire\/ustaritz-64480\/boutique\/product\/diatogreen\/","title":{"rendered":"Diatogreen"},"content":{"rendered":"<div class=\"hidden\">Greenvet<\/div>\n<p><b>Caract\u00e9risiques<\/b><br \/>\nCette poudre est fabriqu\u00e9e avec de la terre de diatom\u00e9e et de l&#8217;argile verte au fort pouvoir absorbant. Elle contient \u00e9galement un complexe d&#8217;huiles essentielles bio, pour assainir et \u00e9liminer l&#8217;humidit\u00e9 ainsi que les mauvaises odeurs. Elle peut \u00eatre utilis\u00e9e directement sur l&#8217;animal ou saupoudr\u00e9e sur la liti\u00e8re des animaux (cage, voli\u00e8re). Conditionnement : Pot de 200 g.<br \/>\n<b>Bon \u00e0 savoir<\/b><br \/>\nUsage externe. Tenir hors de port\u00e9e des enfants. Demandez conseil \u00e0 votre v\u00e9t\u00e9rinaire. Lire attentivement la notice. Animaux de basse-cour (1 \u00e0 2 fois par semaine) : saupoudrer sur les oiseaux\/volailles (1 g de poudre par kilo de poids corporel) en \u00e9vitant les yeux puis masser pour faire p\u00e9n\u00e9trer le produit sous les plumes. Chats, chiens et lapins (1 \u00e0 2 fois par semaine) : mettre l&#8217;animal \u00e0 l&#8217;ext\u00e9rieur de l&#8217;habitat, lui prot\u00e9ger les yeux et les oreilles. Saupoudrer et r\u00e9partir la poudre sur le pelage en \u00e9vitant la t\u00eate. Frictionner \u00e0 rebrousse-poil, pour faire p\u00e9n\u00e9trer le produit dans le pelage puis brosser l&#8217;animal. Liti\u00e8re : changer et nettoyer la liti\u00e8re avant toute application puis saupoudrer (50 \u00e0 100 g par m2) dans tout le poulailler, la cage ou la voli\u00e8re. Renouveler l&#8217;op\u00e9ration r\u00e9guli\u00e8rement, la terre de diatom\u00e9e agit lorsqu&#8217;elle est bien s\u00e8che. Contient de l&#8217;HE d&#8217;eucalyptus, peut provoquer une allergie, porter des gants lors de l&#8217;utilisation, un masque et des lunettes de protection lors de l&#8217;utilisation sur l&#8217;animal. Eviter les yeux, l&#8217;int\u00e9rieur des oreilles et les voies respiratoires. Bien refermer le flacon apr\u00e8s utilisation et conserver dans un endroit sec. INGREDIENTS Terre de diatom\u00e9e nature amorphe, non calcin\u00e9e, argile verte, complexe d&#8217;huiles essentielles bio (eucalyptus citronn\u00e9, lavande, tea tree).<\/p>\n","protected":false},"excerpt":{"rendered":"<p>La poudre DIATOGREEN pour chien, chat, oiseau et lapin, aide \u00e0 \u00e9liminer les odeurs et l&#8217;humidit\u00e9.<\/p>\n","protected":false},"featured_media":762507,"template":"","meta":[],"product_cat":[2698,12612,12561],"product_tag":[],"class_list":{"0":"post-34650","1":"product","2":"type-product","3":"status-publish","4":"has-post-thumbnail","6":"product_cat-chien","7":"product_cat-hygiene-de-la-peau-et-du-pelage-du-chien","8":"product_cat-hygiene-du-chien","9":"pa_marque-greenvet","11":"first","12":"instock","13":"taxable","14":"shipping-taxable","15":"purchasable","16":"product-type-variable"},"yoast_head":"<!-- This site is optimized with the Yoast SEO plugin v27.3 - https:\/\/yoast.com\/product\/yoast-seo-wordpress\/ -->\n<title>Diatogreen Greenvet - V\u00e9torino<\/title>\n<meta name=\"description\" content=\"La poudre DIATOGREEN pour chien, chat, oiseau et lapin, aide \u00e0 \u00e9liminer les odeurs et l&#039;humidit\u00e9.\" \/>\n<meta name=\"robots\" content=\"noindex, nofollow\" \/>\n<meta property=\"og:locale\" content=\"fr_FR\" \/>\n<meta property=\"og:type\" content=\"article\" \/>\n<meta property=\"og:title\" content=\"Diatogreen Greenvet - V\u00e9torino\" \/>\n<meta property=\"og:description\" content=\"La poudre DIATOGREEN pour chien, chat, oiseau et lapin, aide \u00e0 \u00e9liminer les odeurs et l&#039;humidit\u00e9.\" \/>\n<meta property=\"og:url\" content=\"https:\/\/www.vetorino.com\/veterinaire\/ustaritz-64480\/boutique\/product\/diatogreen\/\" \/>\n<meta property=\"og:site_name\" content=\"V\u00e9torino\" \/>\n<meta property=\"article:publisher\" content=\"https:\/\/www.facebook.com\/Vetorino\/\" \/>\n<meta property=\"article:modified_time\" content=\"2024-03-04T18:20:11+00:00\" \/>\n<meta property=\"og:image\" content=\"https:\/\/www.vetorino.com\/boutique\/wp-content\/uploads\/2020\/03\/GREENVET-1837870_1837880.jpg\" \/>\n\t<meta property=\"og:image:width\" content=\"600\" \/>\n\t<meta property=\"og:image:height\" content=\"900\" \/>\n\t<meta property=\"og:image:type\" content=\"image\/jpeg\" \/>\n<meta name=\"twitter:card\" content=\"summary_large_image\" \/>\n<meta name=\"twitter:label1\" content=\"Disponibilit\u00e9\" \/>\n\t<meta name=\"twitter:data1\" content=\"En stock\" \/>\n<script type=\"application\/ld+json\" class=\"yoast-schema-graph\">{\"@context\":\"https:\\\/\\\/schema.org\",\"@graph\":[{\"@type\":\"WebPage\",\"@id\":\"https:\\\/\\\/www.vetorino.com\\\/boutique\\\/product\\\/diatogreen\\\/\",\"url\":\"https:\\\/\\\/www.vetorino.com\\\/boutique\\\/product\\\/diatogreen\\\/\",\"name\":\"Diatogreen Greenvet - V\u00e9torino\",\"isPartOf\":{\"@id\":\"https:\\\/\\\/www.vetorino.com\\\/boutique\\\/#website\"},\"primaryImageOfPage\":{\"@id\":\"https:\\\/\\\/www.vetorino.com\\\/boutique\\\/product\\\/diatogreen\\\/#primaryimage\"},\"image\":{\"@id\":\"https:\\\/\\\/www.vetorino.com\\\/boutique\\\/product\\\/diatogreen\\\/#primaryimage\"},\"thumbnailUrl\":\"https:\\\/\\\/www.vetorino.com\\\/boutique\\\/wp-content\\\/uploads\\\/2020\\\/03\\\/GREENVET-1837870_1837880.jpg\",\"datePublished\":\"2020-03-04T21:03:04+00:00\",\"dateModified\":\"2024-03-04T18:20:11+00:00\",\"description\":\"La poudre DIATOGREEN pour chien, chat, oiseau et lapin, aide \u00e0 \u00e9liminer les odeurs et l'humidit\u00e9.\",\"breadcrumb\":{\"@id\":\"https:\\\/\\\/www.vetorino.com\\\/boutique\\\/product\\\/diatogreen\\\/#breadcrumb\"},\"inLanguage\":\"fr-FR\",\"potentialAction\":[{\"@type\":\"ReadAction\",\"target\":[\"https:\\\/\\\/www.vetorino.com\\\/boutique\\\/product\\\/diatogreen\\\/\"]}]},{\"@type\":\"ImageObject\",\"inLanguage\":\"fr-FR\",\"@id\":\"https:\\\/\\\/www.vetorino.com\\\/boutique\\\/product\\\/diatogreen\\\/#primaryimage\",\"url\":\"https:\\\/\\\/www.vetorino.com\\\/boutique\\\/wp-content\\\/uploads\\\/2020\\\/03\\\/GREENVET-1837870_1837880.jpg\",\"contentUrl\":\"https:\\\/\\\/www.vetorino.com\\\/boutique\\\/wp-content\\\/uploads\\\/2020\\\/03\\\/GREENVET-1837870_1837880.jpg\",\"width\":600,\"height\":900},{\"@type\":\"BreadcrumbList\",\"@id\":\"https:\\\/\\\/www.vetorino.com\\\/boutique\\\/product\\\/diatogreen\\\/#breadcrumb\",\"itemListElement\":[{\"@type\":\"ListItem\",\"position\":1,\"name\":\"Accueil\",\"item\":\"https:\\\/\\\/www.vetorino.com\\\/boutique\\\/\"},{\"@type\":\"ListItem\",\"position\":2,\"name\":\"Produits\",\"item\":\"https:\\\/\\\/www.vetorino.com\\\/boutique\\\/\"},{\"@type\":\"ListItem\",\"position\":3,\"name\":\"Diatogreen\"}]},{\"@type\":\"WebSite\",\"@id\":\"https:\\\/\\\/www.vetorino.com\\\/boutique\\\/#website\",\"url\":\"https:\\\/\\\/www.vetorino.com\\\/boutique\\\/\",\"name\":\"V\u00e9torino\",\"description\":\"\",\"publisher\":{\"@id\":\"https:\\\/\\\/www.vetorino.com\\\/boutique\\\/#organization\"},\"potentialAction\":[{\"@type\":\"SearchAction\",\"target\":{\"@type\":\"EntryPoint\",\"urlTemplate\":\"https:\\\/\\\/www.vetorino.com\\\/boutique\\\/?s={search_term_string}\"},\"query-input\":{\"@type\":\"PropertyValueSpecification\",\"valueRequired\":true,\"valueName\":\"search_term_string\"}}],\"inLanguage\":\"fr-FR\"},{\"@type\":\"Organization\",\"@id\":\"https:\\\/\\\/www.vetorino.com\\\/boutique\\\/#organization\",\"name\":\"V\u00e9torino\",\"url\":\"https:\\\/\\\/www.vetorino.com\\\/boutique\\\/\",\"logo\":{\"@type\":\"ImageObject\",\"inLanguage\":\"fr-FR\",\"@id\":\"https:\\\/\\\/www.vetorino.com\\\/boutique\\\/#\\\/schema\\\/logo\\\/image\\\/\",\"url\":\"https:\\\/\\\/www.vetorino.com\\\/boutique\\\/wp-content\\\/uploads\\\/2024\\\/10\\\/logo.jpg\",\"contentUrl\":\"https:\\\/\\\/www.vetorino.com\\\/boutique\\\/wp-content\\\/uploads\\\/2024\\\/10\\\/logo.jpg\",\"width\":1200,\"height\":610,\"caption\":\"V\u00e9torino\"},\"image\":{\"@id\":\"https:\\\/\\\/www.vetorino.com\\\/boutique\\\/#\\\/schema\\\/logo\\\/image\\\/\"},\"sameAs\":[\"https:\\\/\\\/www.facebook.com\\\/Vetorino\\\/\",\"https:\\\/\\\/www.instagram.com\\\/vetorino_off\\\/\",\"https:\\\/\\\/www.linkedin.com\\\/company\\\/vtorino\\\/\"]}]}<\/script>\n<meta property=\"product:brand\" content=\"Greenvet\" \/>\n<meta property=\"og:availability\" content=\"instock\" \/>\n<meta property=\"product:availability\" content=\"instock\" \/>\n<meta property=\"product:condition\" content=\"new\" \/>\n<!-- \/ Yoast SEO plugin. -->","yoast_head_json":{"title":"Diatogreen Greenvet - V\u00e9torino","description":"La poudre DIATOGREEN pour chien, chat, oiseau et lapin, aide \u00e0 \u00e9liminer les odeurs et l'humidit\u00e9.","robots":{"index":"noindex","follow":"nofollow"},"og_locale":"fr_FR","og_type":"article","og_title":"Diatogreen Greenvet - V\u00e9torino","og_description":"La poudre DIATOGREEN pour chien, chat, oiseau et lapin, aide \u00e0 \u00e9liminer les odeurs et l'humidit\u00e9.","og_url":"https:\/\/www.vetorino.com\/veterinaire\/ustaritz-64480\/boutique\/product\/diatogreen\/","og_site_name":"V\u00e9torino","article_publisher":"https:\/\/www.facebook.com\/Vetorino\/","article_modified_time":"2024-03-04T18:20:11+00:00","og_image":[{"width":600,"height":900,"url":"https:\/\/www.vetorino.com\/boutique\/wp-content\/uploads\/2020\/03\/GREENVET-1837870_1837880.jpg","type":"image\/jpeg"}],"twitter_card":"summary_large_image","twitter_misc":{"Disponibilit\u00e9":"En stock"},"schema":{"@context":"https:\/\/schema.org","@graph":[{"@type":"WebPage","@id":"https:\/\/www.vetorino.com\/boutique\/product\/diatogreen\/","url":"https:\/\/www.vetorino.com\/boutique\/product\/diatogreen\/","name":"Diatogreen Greenvet - V\u00e9torino","isPartOf":{"@id":"https:\/\/www.vetorino.com\/boutique\/#website"},"primaryImageOfPage":{"@id":"https:\/\/www.vetorino.com\/boutique\/product\/diatogreen\/#primaryimage"},"image":{"@id":"https:\/\/www.vetorino.com\/boutique\/product\/diatogreen\/#primaryimage"},"thumbnailUrl":"https:\/\/www.vetorino.com\/boutique\/wp-content\/uploads\/2020\/03\/GREENVET-1837870_1837880.jpg","datePublished":"2020-03-04T21:03:04+00:00","dateModified":"2024-03-04T18:20:11+00:00","description":"La poudre DIATOGREEN pour chien, chat, oiseau et lapin, aide \u00e0 \u00e9liminer les odeurs et l'humidit\u00e9.","breadcrumb":{"@id":"https:\/\/www.vetorino.com\/boutique\/product\/diatogreen\/#breadcrumb"},"inLanguage":"fr-FR","potentialAction":[{"@type":"ReadAction","target":["https:\/\/www.vetorino.com\/boutique\/product\/diatogreen\/"]}]},{"@type":"ImageObject","inLanguage":"fr-FR","@id":"https:\/\/www.vetorino.com\/boutique\/product\/diatogreen\/#primaryimage","url":"https:\/\/www.vetorino.com\/boutique\/wp-content\/uploads\/2020\/03\/GREENVET-1837870_1837880.jpg","contentUrl":"https:\/\/www.vetorino.com\/boutique\/wp-content\/uploads\/2020\/03\/GREENVET-1837870_1837880.jpg","width":600,"height":900},{"@type":"BreadcrumbList","@id":"https:\/\/www.vetorino.com\/boutique\/product\/diatogreen\/#breadcrumb","itemListElement":[{"@type":"ListItem","position":1,"name":"Accueil","item":"https:\/\/www.vetorino.com\/boutique\/"},{"@type":"ListItem","position":2,"name":"Produits","item":"https:\/\/www.vetorino.com\/boutique\/"},{"@type":"ListItem","position":3,"name":"Diatogreen"}]},{"@type":"WebSite","@id":"https:\/\/www.vetorino.com\/boutique\/#website","url":"https:\/\/www.vetorino.com\/boutique\/","name":"V\u00e9torino","description":"","publisher":{"@id":"https:\/\/www.vetorino.com\/boutique\/#organization"},"potentialAction":[{"@type":"SearchAction","target":{"@type":"EntryPoint","urlTemplate":"https:\/\/www.vetorino.com\/boutique\/?s={search_term_string}"},"query-input":{"@type":"PropertyValueSpecification","valueRequired":true,"valueName":"search_term_string"}}],"inLanguage":"fr-FR"},{"@type":"Organization","@id":"https:\/\/www.vetorino.com\/boutique\/#organization","name":"V\u00e9torino","url":"https:\/\/www.vetorino.com\/boutique\/","logo":{"@type":"ImageObject","inLanguage":"fr-FR","@id":"https:\/\/www.vetorino.com\/boutique\/#\/schema\/logo\/image\/","url":"https:\/\/www.vetorino.com\/boutique\/wp-content\/uploads\/2024\/10\/logo.jpg","contentUrl":"https:\/\/www.vetorino.com\/boutique\/wp-content\/uploads\/2024\/10\/logo.jpg","width":1200,"height":610,"caption":"V\u00e9torino"},"image":{"@id":"https:\/\/www.vetorino.com\/boutique\/#\/schema\/logo\/image\/"},"sameAs":["https:\/\/www.facebook.com\/Vetorino\/","https:\/\/www.instagram.com\/vetorino_off\/","https:\/\/www.linkedin.com\/company\/vtorino\/"]}]},"product_brand":"Greenvet","og_availability":"instock","product_availability":"instock","product_condition":"new"},"_links":{"self":[{"href":"https:\/\/www.vetorino.com\/veterinaire\/ustaritz-64480\/boutique\/wp-json\/wp\/v2\/product\/34650","targetHints":{"allow":["GET"]}}],"collection":[{"href":"https:\/\/www.vetorino.com\/veterinaire\/ustaritz-64480\/boutique\/wp-json\/wp\/v2\/product"}],"about":[{"href":"https:\/\/www.vetorino.com\/veterinaire\/ustaritz-64480\/boutique\/wp-json\/wp\/v2\/types\/product"}],"wp:featuredmedia":[{"embeddable":true,"href":"https:\/\/www.vetorino.com\/veterinaire\/ustaritz-64480\/boutique\/wp-json\/wp\/v2\/media\/762507"}],"wp:attachment":[{"href":"https:\/\/www.vetorino.com\/veterinaire\/ustaritz-64480\/boutique\/wp-json\/wp\/v2\/media?parent=34650"}],"wp:term":[{"taxonomy":"product_cat","embeddable":true,"href":"https:\/\/www.vetorino.com\/veterinaire\/ustaritz-64480\/boutique\/wp-json\/wp\/v2\/product_cat?post=34650"},{"taxonomy":"product_tag","embeddable":true,"href":"https:\/\/www.vetorino.com\/veterinaire\/ustaritz-64480\/boutique\/wp-json\/wp\/v2\/product_tag?post=34650"}],"curies":[{"name":"wp","href":"https:\/\/api.w.org\/{rel}","templated":true}]}}