{"id":34706,"date":"2020-03-04T22:03:25","date_gmt":"2020-03-04T21:03:25","guid":{"rendered":"https:\/\/www.vetorino.com\/boutique\/product\/litiere-tumble-fresh\/"},"modified":"2022-09-22T15:46:28","modified_gmt":"2022-09-22T13:46:28","slug":"litiere-tumble-fresh","status":"publish","type":"product","link":"https:\/\/www.vetorino.com\/veterinaire\/ustaritz-64480\/boutique\/product\/litiere-tumble-fresh\/","title":{"rendered":"Litiere Tumble Fresh"},"content":{"rendered":"<p><strong>Tumble Fresh<\/strong>\u00a0est une liti\u00e8re ultra-absorbante pour tous les lapins, cochons d&#8217;Inde, hamsters, gerbilles, chinchillas, d\u00e9gus, souris, rats, furets, reptiles et oiseaux.<\/p>\n<p><strong>Bienfaits :<\/strong><\/p>\n<ul>\n<li>Ultra absorbante, elle aide ralentit l&#8217;apparition des mauvaises odeurs et dure longtemps.<\/li>\n<li>Confortable, elle est douce pour vos animaux gr\u00e2ce \u00e0 sa mati\u00e8re en cellulose<\/li>\n<li>Respectueuse de l&#8217;environnement, sa fabrication ne n\u00e9cessite pas de couper des arbres puisqu&#8217;elle est \u00e9labor\u00e9e \u00e0 partir d&#8217;exc\u00e9dents de p\u00e2te de bois vierge, qui donne un compost de qualit\u00e9 apr\u00e8s utilisation.<\/li>\n<\/ul>\n","protected":false},"excerpt":{"rendered":"<p><strong>Tumble Fresh<\/strong>\u00a0est une liti\u00e8re ultra-absorbante pour tous les lapins, cochons d&#8217;Inde, hamsters, gerbilles, chinchillas, d\u00e9gus, souris, rats, furets, reptiles et oiseaux.<\/p>\n","protected":false},"featured_media":480979,"template":"","meta":[],"product_cat":[2744,2826,12625,12626,12627,2727,12570],"product_tag":[],"class_list":{"0":"post-34706","1":"product","2":"type-product","3":"status-publish","4":"has-post-thumbnail","6":"product_cat-furet","7":"product_cat-habitat-du-reptile","8":"product_cat-litiere-pour-furet","9":"product_cat-litiere-pour-lapin","10":"product_cat-litiere-pour-rongeur","11":"product_cat-nac","12":"product_cat-rongeur","13":"pa_marque-supreme-petfoods","15":"first","16":"instock","17":"taxable","18":"shipping-taxable","19":"purchasable","20":"product-type-variable"},"yoast_head":"<!-- This site is optimized with the Yoast SEO plugin v27.3 - https:\/\/yoast.com\/product\/yoast-seo-wordpress\/ -->\n<title>Litiere Tumble Fresh Supreme Petfoods - V\u00e9torino<\/title>\n<meta name=\"description\" content=\"Tumble Fresh\u00a0est une liti\u00e8re ultra-absorbante pour tous les lapins, cochons d&#039;Inde, hamsters, gerbilles, chinchillas, d\u00e9gus, souris, rats, furets, reptiles et oiseaux.\" \/>\n<meta name=\"robots\" content=\"noindex, nofollow\" \/>\n<meta property=\"og:locale\" content=\"fr_FR\" \/>\n<meta property=\"og:type\" content=\"article\" \/>\n<meta property=\"og:title\" content=\"Litiere Tumble Fresh Supreme Petfoods - V\u00e9torino\" \/>\n<meta property=\"og:description\" content=\"Tumble Fresh\u00a0est une liti\u00e8re ultra-absorbante pour tous les lapins, cochons d&#039;Inde, hamsters, gerbilles, chinchillas, d\u00e9gus, souris, rats, furets, reptiles et oiseaux.\" \/>\n<meta property=\"og:url\" content=\"https:\/\/www.vetorino.com\/veterinaire\/ustaritz-64480\/boutique\/product\/litiere-tumble-fresh\/\" \/>\n<meta property=\"og:site_name\" content=\"V\u00e9torino\" \/>\n<meta property=\"article:publisher\" content=\"https:\/\/www.facebook.com\/Vetorino\/\" \/>\n<meta property=\"article:modified_time\" content=\"2022-09-22T13:46:28+00:00\" \/>\n<meta property=\"og:image\" content=\"https:\/\/www.vetorino.com\/boutique\/wp-content\/uploads\/2020\/06\/litiere-rongeur-tumble-fresh_2.jpg\" \/>\n\t<meta property=\"og:image:width\" content=\"600\" \/>\n\t<meta property=\"og:image:height\" content=\"600\" \/>\n\t<meta property=\"og:image:type\" content=\"image\/jpeg\" \/>\n<meta name=\"twitter:card\" content=\"summary_large_image\" \/>\n<meta name=\"twitter:label1\" content=\"Disponibilit\u00e9\" \/>\n\t<meta name=\"twitter:data1\" content=\"En stock\" \/>\n<script type=\"application\/ld+json\" class=\"yoast-schema-graph\">{\"@context\":\"https:\\\/\\\/schema.org\",\"@graph\":[{\"@type\":\"WebPage\",\"@id\":\"https:\\\/\\\/www.vetorino.com\\\/boutique\\\/product\\\/litiere-tumble-fresh\\\/\",\"url\":\"https:\\\/\\\/www.vetorino.com\\\/boutique\\\/product\\\/litiere-tumble-fresh\\\/\",\"name\":\"Litiere Tumble Fresh Supreme Petfoods - V\u00e9torino\",\"isPartOf\":{\"@id\":\"https:\\\/\\\/www.vetorino.com\\\/boutique\\\/#website\"},\"primaryImageOfPage\":{\"@id\":\"https:\\\/\\\/www.vetorino.com\\\/boutique\\\/product\\\/litiere-tumble-fresh\\\/#primaryimage\"},\"image\":{\"@id\":\"https:\\\/\\\/www.vetorino.com\\\/boutique\\\/product\\\/litiere-tumble-fresh\\\/#primaryimage\"},\"thumbnailUrl\":\"https:\\\/\\\/www.vetorino.com\\\/boutique\\\/wp-content\\\/uploads\\\/2020\\\/06\\\/litiere-rongeur-tumble-fresh_2.jpg\",\"datePublished\":\"2020-03-04T21:03:25+00:00\",\"dateModified\":\"2022-09-22T13:46:28+00:00\",\"description\":\"Tumble Fresh\u00a0est une liti\u00e8re ultra-absorbante pour tous les lapins, cochons d'Inde, hamsters, gerbilles, chinchillas, d\u00e9gus, souris, rats, furets, reptiles et oiseaux.\",\"breadcrumb\":{\"@id\":\"https:\\\/\\\/www.vetorino.com\\\/boutique\\\/product\\\/litiere-tumble-fresh\\\/#breadcrumb\"},\"inLanguage\":\"fr-FR\",\"potentialAction\":[{\"@type\":\"ReadAction\",\"target\":[\"https:\\\/\\\/www.vetorino.com\\\/boutique\\\/product\\\/litiere-tumble-fresh\\\/\"]}]},{\"@type\":\"ImageObject\",\"inLanguage\":\"fr-FR\",\"@id\":\"https:\\\/\\\/www.vetorino.com\\\/boutique\\\/product\\\/litiere-tumble-fresh\\\/#primaryimage\",\"url\":\"https:\\\/\\\/www.vetorino.com\\\/boutique\\\/wp-content\\\/uploads\\\/2020\\\/06\\\/litiere-rongeur-tumble-fresh_2.jpg\",\"contentUrl\":\"https:\\\/\\\/www.vetorino.com\\\/boutique\\\/wp-content\\\/uploads\\\/2020\\\/06\\\/litiere-rongeur-tumble-fresh_2.jpg\",\"width\":600,\"height\":600,\"caption\":\"litiere tumble fresh rongeurs\"},{\"@type\":\"BreadcrumbList\",\"@id\":\"https:\\\/\\\/www.vetorino.com\\\/boutique\\\/product\\\/litiere-tumble-fresh\\\/#breadcrumb\",\"itemListElement\":[{\"@type\":\"ListItem\",\"position\":1,\"name\":\"Accueil\",\"item\":\"https:\\\/\\\/www.vetorino.com\\\/boutique\\\/\"},{\"@type\":\"ListItem\",\"position\":2,\"name\":\"Produits\",\"item\":\"https:\\\/\\\/www.vetorino.com\\\/boutique\\\/\"},{\"@type\":\"ListItem\",\"position\":3,\"name\":\"Litiere Tumble Fresh\"}]},{\"@type\":\"WebSite\",\"@id\":\"https:\\\/\\\/www.vetorino.com\\\/boutique\\\/#website\",\"url\":\"https:\\\/\\\/www.vetorino.com\\\/boutique\\\/\",\"name\":\"V\u00e9torino\",\"description\":\"\",\"publisher\":{\"@id\":\"https:\\\/\\\/www.vetorino.com\\\/boutique\\\/#organization\"},\"potentialAction\":[{\"@type\":\"SearchAction\",\"target\":{\"@type\":\"EntryPoint\",\"urlTemplate\":\"https:\\\/\\\/www.vetorino.com\\\/boutique\\\/?s={search_term_string}\"},\"query-input\":{\"@type\":\"PropertyValueSpecification\",\"valueRequired\":true,\"valueName\":\"search_term_string\"}}],\"inLanguage\":\"fr-FR\"},{\"@type\":\"Organization\",\"@id\":\"https:\\\/\\\/www.vetorino.com\\\/boutique\\\/#organization\",\"name\":\"V\u00e9torino\",\"url\":\"https:\\\/\\\/www.vetorino.com\\\/boutique\\\/\",\"logo\":{\"@type\":\"ImageObject\",\"inLanguage\":\"fr-FR\",\"@id\":\"https:\\\/\\\/www.vetorino.com\\\/boutique\\\/#\\\/schema\\\/logo\\\/image\\\/\",\"url\":\"https:\\\/\\\/www.vetorino.com\\\/boutique\\\/wp-content\\\/uploads\\\/2024\\\/10\\\/logo.jpg\",\"contentUrl\":\"https:\\\/\\\/www.vetorino.com\\\/boutique\\\/wp-content\\\/uploads\\\/2024\\\/10\\\/logo.jpg\",\"width\":1200,\"height\":610,\"caption\":\"V\u00e9torino\"},\"image\":{\"@id\":\"https:\\\/\\\/www.vetorino.com\\\/boutique\\\/#\\\/schema\\\/logo\\\/image\\\/\"},\"sameAs\":[\"https:\\\/\\\/www.facebook.com\\\/Vetorino\\\/\",\"https:\\\/\\\/www.instagram.com\\\/vetorino_off\\\/\",\"https:\\\/\\\/www.linkedin.com\\\/company\\\/vtorino\\\/\"]}]}<\/script>\n<meta property=\"product:brand\" content=\"Supreme Petfoods\" \/>\n<meta property=\"og:availability\" content=\"instock\" \/>\n<meta property=\"product:availability\" content=\"instock\" \/>\n<meta property=\"product:condition\" content=\"new\" \/>\n<!-- \/ Yoast SEO plugin. -->","yoast_head_json":{"title":"Litiere Tumble Fresh Supreme Petfoods - V\u00e9torino","description":"Tumble Fresh\u00a0est une liti\u00e8re ultra-absorbante pour tous les lapins, cochons d'Inde, hamsters, gerbilles, chinchillas, d\u00e9gus, souris, rats, furets, reptiles et oiseaux.","robots":{"index":"noindex","follow":"nofollow"},"og_locale":"fr_FR","og_type":"article","og_title":"Litiere Tumble Fresh Supreme Petfoods - V\u00e9torino","og_description":"Tumble Fresh\u00a0est une liti\u00e8re ultra-absorbante pour tous les lapins, cochons d'Inde, hamsters, gerbilles, chinchillas, d\u00e9gus, souris, rats, furets, reptiles et oiseaux.","og_url":"https:\/\/www.vetorino.com\/veterinaire\/ustaritz-64480\/boutique\/product\/litiere-tumble-fresh\/","og_site_name":"V\u00e9torino","article_publisher":"https:\/\/www.facebook.com\/Vetorino\/","article_modified_time":"2022-09-22T13:46:28+00:00","og_image":[{"width":600,"height":600,"url":"https:\/\/www.vetorino.com\/boutique\/wp-content\/uploads\/2020\/06\/litiere-rongeur-tumble-fresh_2.jpg","type":"image\/jpeg"}],"twitter_card":"summary_large_image","twitter_misc":{"Disponibilit\u00e9":"En stock"},"schema":{"@context":"https:\/\/schema.org","@graph":[{"@type":"WebPage","@id":"https:\/\/www.vetorino.com\/boutique\/product\/litiere-tumble-fresh\/","url":"https:\/\/www.vetorino.com\/boutique\/product\/litiere-tumble-fresh\/","name":"Litiere Tumble Fresh Supreme Petfoods - V\u00e9torino","isPartOf":{"@id":"https:\/\/www.vetorino.com\/boutique\/#website"},"primaryImageOfPage":{"@id":"https:\/\/www.vetorino.com\/boutique\/product\/litiere-tumble-fresh\/#primaryimage"},"image":{"@id":"https:\/\/www.vetorino.com\/boutique\/product\/litiere-tumble-fresh\/#primaryimage"},"thumbnailUrl":"https:\/\/www.vetorino.com\/boutique\/wp-content\/uploads\/2020\/06\/litiere-rongeur-tumble-fresh_2.jpg","datePublished":"2020-03-04T21:03:25+00:00","dateModified":"2022-09-22T13:46:28+00:00","description":"Tumble Fresh\u00a0est une liti\u00e8re ultra-absorbante pour tous les lapins, cochons d'Inde, hamsters, gerbilles, chinchillas, d\u00e9gus, souris, rats, furets, reptiles et oiseaux.","breadcrumb":{"@id":"https:\/\/www.vetorino.com\/boutique\/product\/litiere-tumble-fresh\/#breadcrumb"},"inLanguage":"fr-FR","potentialAction":[{"@type":"ReadAction","target":["https:\/\/www.vetorino.com\/boutique\/product\/litiere-tumble-fresh\/"]}]},{"@type":"ImageObject","inLanguage":"fr-FR","@id":"https:\/\/www.vetorino.com\/boutique\/product\/litiere-tumble-fresh\/#primaryimage","url":"https:\/\/www.vetorino.com\/boutique\/wp-content\/uploads\/2020\/06\/litiere-rongeur-tumble-fresh_2.jpg","contentUrl":"https:\/\/www.vetorino.com\/boutique\/wp-content\/uploads\/2020\/06\/litiere-rongeur-tumble-fresh_2.jpg","width":600,"height":600,"caption":"litiere tumble fresh rongeurs"},{"@type":"BreadcrumbList","@id":"https:\/\/www.vetorino.com\/boutique\/product\/litiere-tumble-fresh\/#breadcrumb","itemListElement":[{"@type":"ListItem","position":1,"name":"Accueil","item":"https:\/\/www.vetorino.com\/boutique\/"},{"@type":"ListItem","position":2,"name":"Produits","item":"https:\/\/www.vetorino.com\/boutique\/"},{"@type":"ListItem","position":3,"name":"Litiere Tumble Fresh"}]},{"@type":"WebSite","@id":"https:\/\/www.vetorino.com\/boutique\/#website","url":"https:\/\/www.vetorino.com\/boutique\/","name":"V\u00e9torino","description":"","publisher":{"@id":"https:\/\/www.vetorino.com\/boutique\/#organization"},"potentialAction":[{"@type":"SearchAction","target":{"@type":"EntryPoint","urlTemplate":"https:\/\/www.vetorino.com\/boutique\/?s={search_term_string}"},"query-input":{"@type":"PropertyValueSpecification","valueRequired":true,"valueName":"search_term_string"}}],"inLanguage":"fr-FR"},{"@type":"Organization","@id":"https:\/\/www.vetorino.com\/boutique\/#organization","name":"V\u00e9torino","url":"https:\/\/www.vetorino.com\/boutique\/","logo":{"@type":"ImageObject","inLanguage":"fr-FR","@id":"https:\/\/www.vetorino.com\/boutique\/#\/schema\/logo\/image\/","url":"https:\/\/www.vetorino.com\/boutique\/wp-content\/uploads\/2024\/10\/logo.jpg","contentUrl":"https:\/\/www.vetorino.com\/boutique\/wp-content\/uploads\/2024\/10\/logo.jpg","width":1200,"height":610,"caption":"V\u00e9torino"},"image":{"@id":"https:\/\/www.vetorino.com\/boutique\/#\/schema\/logo\/image\/"},"sameAs":["https:\/\/www.facebook.com\/Vetorino\/","https:\/\/www.instagram.com\/vetorino_off\/","https:\/\/www.linkedin.com\/company\/vtorino\/"]}]},"product_brand":"Supreme Petfoods","og_availability":"instock","product_availability":"instock","product_condition":"new"},"_links":{"self":[{"href":"https:\/\/www.vetorino.com\/veterinaire\/ustaritz-64480\/boutique\/wp-json\/wp\/v2\/product\/34706","targetHints":{"allow":["GET"]}}],"collection":[{"href":"https:\/\/www.vetorino.com\/veterinaire\/ustaritz-64480\/boutique\/wp-json\/wp\/v2\/product"}],"about":[{"href":"https:\/\/www.vetorino.com\/veterinaire\/ustaritz-64480\/boutique\/wp-json\/wp\/v2\/types\/product"}],"wp:featuredmedia":[{"embeddable":true,"href":"https:\/\/www.vetorino.com\/veterinaire\/ustaritz-64480\/boutique\/wp-json\/wp\/v2\/media\/480979"}],"wp:attachment":[{"href":"https:\/\/www.vetorino.com\/veterinaire\/ustaritz-64480\/boutique\/wp-json\/wp\/v2\/media?parent=34706"}],"wp:term":[{"taxonomy":"product_cat","embeddable":true,"href":"https:\/\/www.vetorino.com\/veterinaire\/ustaritz-64480\/boutique\/wp-json\/wp\/v2\/product_cat?post=34706"},{"taxonomy":"product_tag","embeddable":true,"href":"https:\/\/www.vetorino.com\/veterinaire\/ustaritz-64480\/boutique\/wp-json\/wp\/v2\/product_tag?post=34706"}],"curies":[{"name":"wp","href":"https:\/\/api.w.org\/{rel}","templated":true}]}}