{"id":34730,"date":"2020-03-04T22:03:32","date_gmt":"2020-03-04T21:03:32","guid":{"rendered":"https:\/\/www.vetorino.com\/boutique\/product\/specific-chien-cdw-food-allergy-management-barquettes\/"},"modified":"2025-08-26T11:09:06","modified_gmt":"2025-08-26T09:09:06","slug":"specific-chien-cdw-food-allergy-management-barquettes","status":"publish","type":"product","link":"https:\/\/www.vetorino.com\/veterinaire\/ustaritz-64480\/boutique\/product\/specific-chien-cdw-food-allergy-management-barquettes\/","title":{"rendered":"CDW Food Allergen Management \u2013 chien"},"content":{"rendered":"<p><strong>Aliment complet et \u00e9quilibr\u00e9 pour chien adulte, qui ne contient qu\u2019un nombre tr\u00e8s limit\u00e9 d\u2019ingr\u00e9dients. Pour le propri\u00e9taire, l\u2019aliment est simple d\u2019utilisation compar\u00e9 \u00e0 une ration m\u00e9nag\u00e8re hypoallerg\u00e9nique.<\/strong><\/p>\n<p><strong>Utilisation :<\/strong><\/p>\n<ul>\n<li>Allergie ou intol\u00e9rance alimentaire, pouvant g\u00e9n\u00e9rer des troubles dermatologiques et\/ou gastro-intestinaux.<\/li>\n<li>Insuffisance pancr\u00e9atique exocrine.<\/li>\n<li>Troubles gastro-intestinaux tels que diarrh\u00e9e, vomissements et flatulences.<\/li>\n<li>Malabsorption\/maldigestion.<\/li>\n<\/ul>\n<p><strong>Contre indications :<\/strong><\/p>\n<ul>\n<li>Chiot et chienne gestante ou allaitante.<\/li>\n<li>Hypersensibilit\u00e9 connue \u00e0 l\u2019agneau et\/ou au riz.<\/li>\n<\/ul>\n<p><strong>Bienfaits essentiels :<\/strong><\/p>\n<ul>\n<li>L\u2019aliment contient un nombre limit\u00e9 d\u2019ingr\u00e9dients. Les deux principaux ingr\u00e9dients, l\u2019agneau et le riz, sont faiblement allerg\u00e8nes, et donc parfaitement adapt\u00e9s \u00e0 la composition d\u2019aliments hypoallerg\u00e9niques.<\/li>\n<li>Gr\u00e2ce \u00e0 ses ingr\u00e9dients hautement digestibles et d\u2019excellente qualit\u00e9, l\u2019aliment est particuli\u00e8rement indiqu\u00e9 chez les chiens souffrant de diarrh\u00e9e au niveau de l\u2019intestin gr\u00eale.<\/li>\n<li>Le psyllium est une fibre soluble mucilagineuse qui a la capacit\u00e9 d\u2019absorber plusieurs fois son poids en eau. Il est connu pour son effet b\u00e9n\u00e9fique sur la r\u00e9gulation du transit intestinal.<\/li>\n<\/ul>\n<p><strong>Cet aliment est destin\u00e9 \u00e0 la prise en charge nutritionnelle d\u2019une maladie. Pour la sant\u00e9 de votre chien, il est recommand\u00e9 de consulter votre v\u00e9t\u00e9rinaire et de respecter scrupuleusement ses recommandations nutritionnelles.<\/strong><\/p>\n","protected":false},"excerpt":{"rendered":"<p><strong>Aliment complet et \u00e9quilibr\u00e9 pour chien adulte, qui ne contient qu\u2019un nombre tr\u00e8s limit\u00e9 d\u2019ingr\u00e9dients. Pour le propri\u00e9taire, l\u2019aliment est simple d\u2019utilisation compar\u00e9 \u00e0 une ration m\u00e9nag\u00e8re hypoallerg\u00e9nique.<\/strong><\/p>\n<p><strong>Utilisation :<\/strong><\/p>\n<ul>\n<li>Allergie ou intol\u00e9rance alimentaire, pouvant g\u00e9n\u00e9rer des troubles dermatologiques et\/ou gastro-intestinaux<\/li>\n<li>Insuffisance pancr\u00e9atique exocrine<\/li>\n<li>Troubles gastro-intestinaux tels que diarrh\u00e9e, vomissements et flatulences<\/li>\n<li>Malabsorption\/maldigestion<\/li>\n<\/ul>\n<p><strong>Cet aliment est destin\u00e9 \u00e0 la prise en charge nutritionnelle d\u2019une maladie. Il est recommand\u00e9 de consulter votre v\u00e9t\u00e9rinaire.<\/strong><\/p>\n","protected":false},"featured_media":1465235,"template":"","meta":[],"product_cat":[12552,12582,2698],"product_tag":[],"class_list":{"0":"post-34730","1":"product","2":"type-product","3":"status-publish","4":"has-post-thumbnail","6":"product_cat-alimentation-du-chien","7":"product_cat-alimentation-medicalisee-pour-chien","8":"product_cat-chien","9":"pa_marque-specific","11":"first","12":"instock","13":"taxable","14":"shipping-taxable","15":"purchasable","16":"product-type-simple"},"yoast_head":"<!-- This site is optimized with the Yoast SEO plugin v27.3 - https:\/\/yoast.com\/product\/yoast-seo-wordpress\/ -->\n<title>CDW Food Allergen Management \u2013 chien Specific - V\u00e9torino<\/title>\n<meta name=\"description\" content=\"Aliment complet et \u00e9quilibr\u00e9 pour chien adulte, qui ne contient qu\u2019un nombre tr\u00e8s limit\u00e9 d\u2019ingr\u00e9dients. Pour le propri\u00e9taire, l\u2019aliment est simple d\u2019utilisation compar\u00e9 \u00e0 une ration m\u00e9nag\u00e8re hypoallerg\u00e9nique.  Utilisation :   Allergie ou intol\u00e9rance alimentaire, pouvant g\u00e9n\u00e9rer des troubles dermatologiques et\/ou gastro-intestinaux  Insuffisance pancr\u00e9atique exocrine  Troubles gastro-intestinaux tels que diarrh\u00e9e, vomissements et flatulences  Malabsorption\/maldigestion  Cet aliment est destin\u00e9 \u00e0 la prise en charge nutritionnelle d\u2019une maladie. Il est recommand\u00e9 de consulter votre v\u00e9t\u00e9rinaire.\" \/>\n<meta name=\"robots\" content=\"noindex, nofollow\" \/>\n<meta property=\"og:locale\" content=\"fr_FR\" \/>\n<meta property=\"og:type\" content=\"article\" \/>\n<meta property=\"og:title\" content=\"CDW Food Allergen Management \u2013 chien Specific - V\u00e9torino\" \/>\n<meta property=\"og:description\" content=\"Aliment complet et \u00e9quilibr\u00e9 pour chien adulte, qui ne contient qu\u2019un nombre tr\u00e8s limit\u00e9 d\u2019ingr\u00e9dients. Pour le propri\u00e9taire, l\u2019aliment est simple d\u2019utilisation compar\u00e9 \u00e0 une ration m\u00e9nag\u00e8re hypoallerg\u00e9nique.  Utilisation :   Allergie ou intol\u00e9rance alimentaire, pouvant g\u00e9n\u00e9rer des troubles dermatologiques et\/ou gastro-intestinaux  Insuffisance pancr\u00e9atique exocrine  Troubles gastro-intestinaux tels que diarrh\u00e9e, vomissements et flatulences  Malabsorption\/maldigestion  Cet aliment est destin\u00e9 \u00e0 la prise en charge nutritionnelle d\u2019une maladie. Il est recommand\u00e9 de consulter votre v\u00e9t\u00e9rinaire.\" \/>\n<meta property=\"og:url\" content=\"https:\/\/www.vetorino.com\/veterinaire\/ustaritz-64480\/boutique\/product\/specific-chien-cdw-food-allergy-management-barquettes\/\" \/>\n<meta property=\"og:site_name\" content=\"V\u00e9torino\" \/>\n<meta property=\"article:publisher\" content=\"https:\/\/www.facebook.com\/Vetorino\/\" \/>\n<meta property=\"article:modified_time\" content=\"2025-08-26T09:09:06+00:00\" \/>\n<meta property=\"og:image\" content=\"https:\/\/www.vetorino.com\/boutique\/wp-content\/uploads\/2020\/03\/chien-cdw-food-allergy-management.webp\" \/>\n\t<meta property=\"og:image:width\" content=\"800\" \/>\n\t<meta property=\"og:image:height\" content=\"800\" \/>\n\t<meta property=\"og:image:type\" content=\"image\/webp\" \/>\n<meta name=\"twitter:card\" content=\"summary_large_image\" \/>\n<meta name=\"twitter:label1\" content=\"Prix\" \/>\n\t<meta name=\"twitter:data1\" content=\"19,42&euro;\" \/>\n\t<meta name=\"twitter:label2\" content=\"Disponibilit\u00e9\" \/>\n\t<meta name=\"twitter:data2\" content=\"En stock\" \/>\n<script type=\"application\/ld+json\" class=\"yoast-schema-graph\">{\"@context\":\"https:\\\/\\\/schema.org\",\"@graph\":[{\"@type\":\"WebPage\",\"@id\":\"https:\\\/\\\/www.vetorino.com\\\/boutique\\\/product\\\/specific-chien-cdw-food-allergy-management-barquettes\\\/\",\"url\":\"https:\\\/\\\/www.vetorino.com\\\/boutique\\\/product\\\/specific-chien-cdw-food-allergy-management-barquettes\\\/\",\"name\":\"CDW Food Allergen Management \u2013 chien Specific - V\u00e9torino\",\"isPartOf\":{\"@id\":\"https:\\\/\\\/www.vetorino.com\\\/boutique\\\/#website\"},\"primaryImageOfPage\":{\"@id\":\"https:\\\/\\\/www.vetorino.com\\\/boutique\\\/product\\\/specific-chien-cdw-food-allergy-management-barquettes\\\/#primaryimage\"},\"image\":{\"@id\":\"https:\\\/\\\/www.vetorino.com\\\/boutique\\\/product\\\/specific-chien-cdw-food-allergy-management-barquettes\\\/#primaryimage\"},\"thumbnailUrl\":\"https:\\\/\\\/www.vetorino.com\\\/boutique\\\/wp-content\\\/uploads\\\/2020\\\/03\\\/chien-cdw-food-allergy-management.webp\",\"datePublished\":\"2020-03-04T21:03:32+00:00\",\"dateModified\":\"2025-08-26T09:09:06+00:00\",\"description\":\"Aliment complet et \u00e9quilibr\u00e9 pour chien adulte, qui ne contient qu\u2019un nombre tr\u00e8s limit\u00e9 d\u2019ingr\u00e9dients. Pour le propri\u00e9taire, l\u2019aliment est simple d\u2019utilisation compar\u00e9 \u00e0 une ration m\u00e9nag\u00e8re hypoallerg\u00e9nique. Utilisation : Allergie ou intol\u00e9rance alimentaire, pouvant g\u00e9n\u00e9rer des troubles dermatologiques et\\\/ou gastro-intestinaux Insuffisance pancr\u00e9atique exocrine Troubles gastro-intestinaux tels que diarrh\u00e9e, vomissements et flatulences Malabsorption\\\/maldigestion Cet aliment est destin\u00e9 \u00e0 la prise en charge nutritionnelle d\u2019une maladie. Il est recommand\u00e9 de consulter votre v\u00e9t\u00e9rinaire.\",\"breadcrumb\":{\"@id\":\"https:\\\/\\\/www.vetorino.com\\\/boutique\\\/product\\\/specific-chien-cdw-food-allergy-management-barquettes\\\/#breadcrumb\"},\"inLanguage\":\"fr-FR\",\"potentialAction\":[{\"@type\":\"ReadAction\",\"target\":[\"https:\\\/\\\/www.vetorino.com\\\/boutique\\\/product\\\/specific-chien-cdw-food-allergy-management-barquettes\\\/\"]}]},{\"@type\":\"ImageObject\",\"inLanguage\":\"fr-FR\",\"@id\":\"https:\\\/\\\/www.vetorino.com\\\/boutique\\\/product\\\/specific-chien-cdw-food-allergy-management-barquettes\\\/#primaryimage\",\"url\":\"https:\\\/\\\/www.vetorino.com\\\/boutique\\\/wp-content\\\/uploads\\\/2020\\\/03\\\/chien-cdw-food-allergy-management.webp\",\"contentUrl\":\"https:\\\/\\\/www.vetorino.com\\\/boutique\\\/wp-content\\\/uploads\\\/2020\\\/03\\\/chien-cdw-food-allergy-management.webp\",\"width\":800,\"height\":800},{\"@type\":\"BreadcrumbList\",\"@id\":\"https:\\\/\\\/www.vetorino.com\\\/boutique\\\/product\\\/specific-chien-cdw-food-allergy-management-barquettes\\\/#breadcrumb\",\"itemListElement\":[{\"@type\":\"ListItem\",\"position\":1,\"name\":\"Accueil\",\"item\":\"https:\\\/\\\/www.vetorino.com\\\/boutique\\\/\"},{\"@type\":\"ListItem\",\"position\":2,\"name\":\"Produits\",\"item\":\"https:\\\/\\\/www.vetorino.com\\\/boutique\\\/\"},{\"@type\":\"ListItem\",\"position\":3,\"name\":\"CDW Food Allergen Management \u2013 chien\"}]},{\"@type\":\"WebSite\",\"@id\":\"https:\\\/\\\/www.vetorino.com\\\/boutique\\\/#website\",\"url\":\"https:\\\/\\\/www.vetorino.com\\\/boutique\\\/\",\"name\":\"V\u00e9torino\",\"description\":\"\",\"publisher\":{\"@id\":\"https:\\\/\\\/www.vetorino.com\\\/boutique\\\/#organization\"},\"potentialAction\":[{\"@type\":\"SearchAction\",\"target\":{\"@type\":\"EntryPoint\",\"urlTemplate\":\"https:\\\/\\\/www.vetorino.com\\\/boutique\\\/?s={search_term_string}\"},\"query-input\":{\"@type\":\"PropertyValueSpecification\",\"valueRequired\":true,\"valueName\":\"search_term_string\"}}],\"inLanguage\":\"fr-FR\"},{\"@type\":\"Organization\",\"@id\":\"https:\\\/\\\/www.vetorino.com\\\/boutique\\\/#organization\",\"name\":\"V\u00e9torino\",\"url\":\"https:\\\/\\\/www.vetorino.com\\\/boutique\\\/\",\"logo\":{\"@type\":\"ImageObject\",\"inLanguage\":\"fr-FR\",\"@id\":\"https:\\\/\\\/www.vetorino.com\\\/boutique\\\/#\\\/schema\\\/logo\\\/image\\\/\",\"url\":\"https:\\\/\\\/www.vetorino.com\\\/boutique\\\/wp-content\\\/uploads\\\/2024\\\/10\\\/logo.jpg\",\"contentUrl\":\"https:\\\/\\\/www.vetorino.com\\\/boutique\\\/wp-content\\\/uploads\\\/2024\\\/10\\\/logo.jpg\",\"width\":1200,\"height\":610,\"caption\":\"V\u00e9torino\"},\"image\":{\"@id\":\"https:\\\/\\\/www.vetorino.com\\\/boutique\\\/#\\\/schema\\\/logo\\\/image\\\/\"},\"sameAs\":[\"https:\\\/\\\/www.facebook.com\\\/Vetorino\\\/\",\"https:\\\/\\\/www.instagram.com\\\/vetorino_off\\\/\",\"https:\\\/\\\/www.linkedin.com\\\/company\\\/vtorino\\\/\"]}]}<\/script>\n<meta property=\"product:brand\" content=\"Specific\" \/>\n<meta property=\"product:price:amount\" content=\"19.42\" \/>\n<meta property=\"product:price:currency\" content=\"EUR\" \/>\n<meta property=\"og:availability\" content=\"instock\" \/>\n<meta property=\"product:availability\" content=\"instock\" \/>\n<meta property=\"product:retailer_item_id\" content=\"A-1840010\" \/>\n<meta property=\"product:condition\" content=\"new\" \/>\n<!-- \/ Yoast SEO plugin. -->","yoast_head_json":{"title":"CDW Food Allergen Management \u2013 chien Specific - V\u00e9torino","description":"Aliment complet et \u00e9quilibr\u00e9 pour chien adulte, qui ne contient qu\u2019un nombre tr\u00e8s limit\u00e9 d\u2019ingr\u00e9dients. Pour le propri\u00e9taire, l\u2019aliment est simple d\u2019utilisation compar\u00e9 \u00e0 une ration m\u00e9nag\u00e8re hypoallerg\u00e9nique.  Utilisation :   Allergie ou intol\u00e9rance alimentaire, pouvant g\u00e9n\u00e9rer des troubles dermatologiques et\/ou gastro-intestinaux  Insuffisance pancr\u00e9atique exocrine  Troubles gastro-intestinaux tels que diarrh\u00e9e, vomissements et flatulences  Malabsorption\/maldigestion  Cet aliment est destin\u00e9 \u00e0 la prise en charge nutritionnelle d\u2019une maladie. Il est recommand\u00e9 de consulter votre v\u00e9t\u00e9rinaire.","robots":{"index":"noindex","follow":"nofollow"},"og_locale":"fr_FR","og_type":"article","og_title":"CDW Food Allergen Management \u2013 chien Specific - V\u00e9torino","og_description":"Aliment complet et \u00e9quilibr\u00e9 pour chien adulte, qui ne contient qu\u2019un nombre tr\u00e8s limit\u00e9 d\u2019ingr\u00e9dients. Pour le propri\u00e9taire, l\u2019aliment est simple d\u2019utilisation compar\u00e9 \u00e0 une ration m\u00e9nag\u00e8re hypoallerg\u00e9nique.  Utilisation :   Allergie ou intol\u00e9rance alimentaire, pouvant g\u00e9n\u00e9rer des troubles dermatologiques et\/ou gastro-intestinaux  Insuffisance pancr\u00e9atique exocrine  Troubles gastro-intestinaux tels que diarrh\u00e9e, vomissements et flatulences  Malabsorption\/maldigestion  Cet aliment est destin\u00e9 \u00e0 la prise en charge nutritionnelle d\u2019une maladie. Il est recommand\u00e9 de consulter votre v\u00e9t\u00e9rinaire.","og_url":"https:\/\/www.vetorino.com\/veterinaire\/ustaritz-64480\/boutique\/product\/specific-chien-cdw-food-allergy-management-barquettes\/","og_site_name":"V\u00e9torino","article_publisher":"https:\/\/www.facebook.com\/Vetorino\/","article_modified_time":"2025-08-26T09:09:06+00:00","og_image":[{"width":800,"height":800,"url":"https:\/\/www.vetorino.com\/boutique\/wp-content\/uploads\/2020\/03\/chien-cdw-food-allergy-management.webp","type":"image\/webp"}],"twitter_card":"summary_large_image","twitter_misc":{"Prix":"19,42&euro;","Disponibilit\u00e9":"En stock"},"schema":{"@context":"https:\/\/schema.org","@graph":[{"@type":"WebPage","@id":"https:\/\/www.vetorino.com\/boutique\/product\/specific-chien-cdw-food-allergy-management-barquettes\/","url":"https:\/\/www.vetorino.com\/boutique\/product\/specific-chien-cdw-food-allergy-management-barquettes\/","name":"CDW Food Allergen Management \u2013 chien Specific - V\u00e9torino","isPartOf":{"@id":"https:\/\/www.vetorino.com\/boutique\/#website"},"primaryImageOfPage":{"@id":"https:\/\/www.vetorino.com\/boutique\/product\/specific-chien-cdw-food-allergy-management-barquettes\/#primaryimage"},"image":{"@id":"https:\/\/www.vetorino.com\/boutique\/product\/specific-chien-cdw-food-allergy-management-barquettes\/#primaryimage"},"thumbnailUrl":"https:\/\/www.vetorino.com\/boutique\/wp-content\/uploads\/2020\/03\/chien-cdw-food-allergy-management.webp","datePublished":"2020-03-04T21:03:32+00:00","dateModified":"2025-08-26T09:09:06+00:00","description":"Aliment complet et \u00e9quilibr\u00e9 pour chien adulte, qui ne contient qu\u2019un nombre tr\u00e8s limit\u00e9 d\u2019ingr\u00e9dients. Pour le propri\u00e9taire, l\u2019aliment est simple d\u2019utilisation compar\u00e9 \u00e0 une ration m\u00e9nag\u00e8re hypoallerg\u00e9nique. Utilisation : Allergie ou intol\u00e9rance alimentaire, pouvant g\u00e9n\u00e9rer des troubles dermatologiques et\/ou gastro-intestinaux Insuffisance pancr\u00e9atique exocrine Troubles gastro-intestinaux tels que diarrh\u00e9e, vomissements et flatulences Malabsorption\/maldigestion Cet aliment est destin\u00e9 \u00e0 la prise en charge nutritionnelle d\u2019une maladie. Il est recommand\u00e9 de consulter votre v\u00e9t\u00e9rinaire.","breadcrumb":{"@id":"https:\/\/www.vetorino.com\/boutique\/product\/specific-chien-cdw-food-allergy-management-barquettes\/#breadcrumb"},"inLanguage":"fr-FR","potentialAction":[{"@type":"ReadAction","target":["https:\/\/www.vetorino.com\/boutique\/product\/specific-chien-cdw-food-allergy-management-barquettes\/"]}]},{"@type":"ImageObject","inLanguage":"fr-FR","@id":"https:\/\/www.vetorino.com\/boutique\/product\/specific-chien-cdw-food-allergy-management-barquettes\/#primaryimage","url":"https:\/\/www.vetorino.com\/boutique\/wp-content\/uploads\/2020\/03\/chien-cdw-food-allergy-management.webp","contentUrl":"https:\/\/www.vetorino.com\/boutique\/wp-content\/uploads\/2020\/03\/chien-cdw-food-allergy-management.webp","width":800,"height":800},{"@type":"BreadcrumbList","@id":"https:\/\/www.vetorino.com\/boutique\/product\/specific-chien-cdw-food-allergy-management-barquettes\/#breadcrumb","itemListElement":[{"@type":"ListItem","position":1,"name":"Accueil","item":"https:\/\/www.vetorino.com\/boutique\/"},{"@type":"ListItem","position":2,"name":"Produits","item":"https:\/\/www.vetorino.com\/boutique\/"},{"@type":"ListItem","position":3,"name":"CDW Food Allergen Management \u2013 chien"}]},{"@type":"WebSite","@id":"https:\/\/www.vetorino.com\/boutique\/#website","url":"https:\/\/www.vetorino.com\/boutique\/","name":"V\u00e9torino","description":"","publisher":{"@id":"https:\/\/www.vetorino.com\/boutique\/#organization"},"potentialAction":[{"@type":"SearchAction","target":{"@type":"EntryPoint","urlTemplate":"https:\/\/www.vetorino.com\/boutique\/?s={search_term_string}"},"query-input":{"@type":"PropertyValueSpecification","valueRequired":true,"valueName":"search_term_string"}}],"inLanguage":"fr-FR"},{"@type":"Organization","@id":"https:\/\/www.vetorino.com\/boutique\/#organization","name":"V\u00e9torino","url":"https:\/\/www.vetorino.com\/boutique\/","logo":{"@type":"ImageObject","inLanguage":"fr-FR","@id":"https:\/\/www.vetorino.com\/boutique\/#\/schema\/logo\/image\/","url":"https:\/\/www.vetorino.com\/boutique\/wp-content\/uploads\/2024\/10\/logo.jpg","contentUrl":"https:\/\/www.vetorino.com\/boutique\/wp-content\/uploads\/2024\/10\/logo.jpg","width":1200,"height":610,"caption":"V\u00e9torino"},"image":{"@id":"https:\/\/www.vetorino.com\/boutique\/#\/schema\/logo\/image\/"},"sameAs":["https:\/\/www.facebook.com\/Vetorino\/","https:\/\/www.instagram.com\/vetorino_off\/","https:\/\/www.linkedin.com\/company\/vtorino\/"]}]},"product_brand":"Specific","product_price_amount":"19.42","product_price_currency":"EUR","og_availability":"instock","product_availability":"instock","product_retailer_item_id":"A-1840010","product_condition":"new"},"_links":{"self":[{"href":"https:\/\/www.vetorino.com\/veterinaire\/ustaritz-64480\/boutique\/wp-json\/wp\/v2\/product\/34730","targetHints":{"allow":["GET"]}}],"collection":[{"href":"https:\/\/www.vetorino.com\/veterinaire\/ustaritz-64480\/boutique\/wp-json\/wp\/v2\/product"}],"about":[{"href":"https:\/\/www.vetorino.com\/veterinaire\/ustaritz-64480\/boutique\/wp-json\/wp\/v2\/types\/product"}],"wp:featuredmedia":[{"embeddable":true,"href":"https:\/\/www.vetorino.com\/veterinaire\/ustaritz-64480\/boutique\/wp-json\/wp\/v2\/media\/1465235"}],"wp:attachment":[{"href":"https:\/\/www.vetorino.com\/veterinaire\/ustaritz-64480\/boutique\/wp-json\/wp\/v2\/media?parent=34730"}],"wp:term":[{"taxonomy":"product_cat","embeddable":true,"href":"https:\/\/www.vetorino.com\/veterinaire\/ustaritz-64480\/boutique\/wp-json\/wp\/v2\/product_cat?post=34730"},{"taxonomy":"product_tag","embeddable":true,"href":"https:\/\/www.vetorino.com\/veterinaire\/ustaritz-64480\/boutique\/wp-json\/wp\/v2\/product_tag?post=34730"}],"curies":[{"name":"wp","href":"https:\/\/api.w.org\/{rel}","templated":true}]}}