{"id":35020,"date":"2020-03-04T22:05:19","date_gmt":"2020-03-04T21:05:19","guid":{"rendered":"https:\/\/www.vetorino.com\/boutique\/product\/specific-chien-ckw-kidney-support-barquette\/"},"modified":"2025-09-01T11:09:58","modified_gmt":"2025-09-01T09:09:58","slug":"specific-chien-ckw-kidney-support-barquette","status":"publish","type":"product","link":"https:\/\/www.vetorino.com\/veterinaire\/ustaritz-64480\/boutique\/product\/specific-chien-ckw-kidney-support-barquette\/","title":{"rendered":"CKW Kidney Support &#8211; chien"},"content":{"rendered":"<p><strong>SPECIFIC Chien CKW Kidney Support<\/strong> <strong>est un aliment di\u00e9t\u00e9tique complet pour le soutien des fonctions cardiaque et r\u00e9nale et\/ou en cas d\u2019insuffisance h\u00e9patique chez le chien adulte.<\/strong><\/p>\n<p><strong>Utilisation :<\/strong><\/p>\n<ul>\n<li>Insuffisance cardiaque, hypertension, \u0153d\u00e8me.<\/li>\n<li>Insuffisance r\u00e9nale chronique.<\/li>\n<li>Insuffisance h\u00e9patique (sauf en cas de cholestase).<\/li>\n<li>Urolithiases \u00e0 urate, oxalate ou cystine.<\/li>\n<\/ul>\n<p><strong>B\u00e9n\u00e9fices :<\/strong><\/p>\n<ul>\n<li>SPECIFIC\u00ae CKW Heart &amp; Kidney Support poss\u00e8de des teneurs tr\u00e8s \u00e9lev\u00e9es en acides gras Om\u00e9ga-3 EPA et DHA (issus d\u2019huile de poisson). Chez les chiens atteints d\u2019affections cardiaques, l\u2019EPA contribue au <strong>maintien de la masse musculaire et de l\u2019app\u00e9tit, et \u00e0 la normalisation du rythme cardiaque, de la tension art\u00e9rielle et de l\u2019agr\u00e9gation plaquettaire.<\/strong> Ces acides gras Om\u00e9ga-3 aident aussi \u00e0 ralentir la progression de l\u2019insuffisance r\u00e9nale.<\/li>\n<li>Lors d\u2019insuffisance cardiaque congestive, la mise en place de m\u00e9canismes compensateurs s\u2019opposant \u00e0 la diminution du d\u00e9bit cardiaque conduit \u00e0 une r\u00e9tention d\u2019eau et de sodium. La teneur r\u00e9duite en sodium de cet aliment contribue \u00e0 briser le cercle vicieux de la r\u00e9tention hydrique, ce qui est essentiel pour les chiens souffrant d\u2019insuffisance r\u00e9nale, h\u00e9patique et\/ou cardiaque.<\/li>\n<li>Une teneur limit\u00e9e en phosphore est essentielle pour r\u00e9duire l\u2019hyperphosphat\u00e9mie et ralentir la progression de l\u2019insuffisance r\u00e9nale.<\/li>\n<li>L\u2019association de la teneur r\u00e9duite en prot\u00e9ines et de l\u2019utilisation de prot\u00e9ines de haute valeur biologique r\u00e9duit l\u2019azot\u00e9mie chez les chiens insuffisants r\u00e9naux. En pr\u00e9sence d\u2019insuffisance h\u00e9patique, cela r\u00e9duit le risque d\u2019hyperammoni\u00e9mie et d\u2019enc\u00e9phalopathie h\u00e9patique. La valeur biologique \u00e9lev\u00e9e des prot\u00e9ines assure un apport suffisant d\u2019acides amin\u00e9s essentiels.<\/li>\n<li>La teneur r\u00e9duite en prot\u00e9ines permet de baisser les concentrations urinaires d\u2019oxalate, de cystine et d\u2019urate. Combin\u00e9e \u00e0 un pH urinaire alcalin, cela pr\u00e9vient la formation de cristaux d\u2019oxalate de calcium, de cystine et d\u2019urate et <strong>favorise la bonne sant\u00e9 du syst\u00e8me urinaire.<\/strong> L\u2019ajout de citrate de potassium aide \u00e0 maintenir le calcium en solution.<\/li>\n<\/ul>\n<p><strong>Cet aliment est destin\u00e9 \u00e0 la prise en charge nutritionnelle d\u2019une maladie. Pour la sant\u00e9 de votre chien, il est recommand\u00e9 de consulter votre v\u00e9t\u00e9rinaire et de respecter scrupuleusement ses recommandations nutritionnelles.<\/strong><\/p>\n","protected":false},"excerpt":{"rendered":"<p><strong>Aliment di\u00e9t\u00e9tique complet pour le soutien des fonctions cardiaque et r\u00e9nale et\/ou en cas d\u2019insuffisance h\u00e9patique chez le chien adulte.<\/strong><\/p>\n<p><strong>Utilisation :<\/strong><\/p>\n<ul>\n<li>Insuffisance cardiaque, hypertension, \u0153d\u00e8me.<\/li>\n<li>Insuffisance r\u00e9nale chronique.<\/li>\n<li>Insuffisance h\u00e9patique (sauf en cas de cholestase).<\/li>\n<li>Urolithiases \u00e0 urate, oxalate ou cystine.<\/li>\n<\/ul>\n<p><strong>Cet aliment est destin\u00e9 \u00e0 la prise en charge nutritionnelle d\u2019une maladie. Il est recommand\u00e9 de consulter votre v\u00e9t\u00e9rinaire.<\/strong><\/p>\n","protected":false},"featured_media":1472942,"template":"","meta":[],"product_cat":[12552,12582,2698],"product_tag":[],"class_list":{"0":"post-35020","1":"product","2":"type-product","3":"status-publish","4":"has-post-thumbnail","6":"product_cat-alimentation-du-chien","7":"product_cat-alimentation-medicalisee-pour-chien","8":"product_cat-chien","9":"pa_marque-specific","11":"first","12":"instock","13":"taxable","14":"shipping-taxable","15":"purchasable","16":"product-type-variable"},"yoast_head":"<!-- This site is optimized with the Yoast SEO plugin v27.3 - https:\/\/yoast.com\/product\/yoast-seo-wordpress\/ -->\n<title>CKW Kidney Support - chien Specific - V\u00e9torino<\/title>\n<meta name=\"description\" content=\"SPECIFIC Chien CKW Kidney Support est un aliment di\u00e9t\u00e9tique complet pour le soutien des fonctions cardiaque et r\u00e9nale et\/ou en cas d\u2019insuffisance h\u00e9patique chez le chien adulte.\" \/>\n<meta name=\"robots\" content=\"noindex, nofollow\" \/>\n<meta property=\"og:locale\" content=\"fr_FR\" \/>\n<meta property=\"og:type\" content=\"article\" \/>\n<meta property=\"og:title\" content=\"CKW Kidney Support - chien Specific - V\u00e9torino\" \/>\n<meta property=\"og:description\" content=\"SPECIFIC Chien CKW Kidney Support est un aliment di\u00e9t\u00e9tique complet pour le soutien des fonctions cardiaque et r\u00e9nale et\/ou en cas d\u2019insuffisance h\u00e9patique chez le chien adulte.\" \/>\n<meta property=\"og:url\" content=\"https:\/\/www.vetorino.com\/veterinaire\/ustaritz-64480\/boutique\/product\/specific-chien-ckw-kidney-support-barquette\/\" \/>\n<meta property=\"og:site_name\" content=\"V\u00e9torino\" \/>\n<meta property=\"article:publisher\" content=\"https:\/\/www.facebook.com\/Vetorino\/\" \/>\n<meta property=\"article:modified_time\" content=\"2025-09-01T09:09:58+00:00\" \/>\n<meta property=\"og:image\" content=\"https:\/\/www.vetorino.com\/boutique\/wp-content\/uploads\/2020\/03\/chien-ckw-kidney-support.webp\" \/>\n\t<meta property=\"og:image:width\" content=\"800\" \/>\n\t<meta property=\"og:image:height\" content=\"800\" \/>\n\t<meta property=\"og:image:type\" content=\"image\/webp\" \/>\n<meta name=\"twitter:card\" content=\"summary_large_image\" \/>\n<meta name=\"twitter:label1\" content=\"Disponibilit\u00e9\" \/>\n\t<meta name=\"twitter:data1\" content=\"En stock\" \/>\n<script type=\"application\/ld+json\" class=\"yoast-schema-graph\">{\"@context\":\"https:\\\/\\\/schema.org\",\"@graph\":[{\"@type\":\"WebPage\",\"@id\":\"https:\\\/\\\/www.vetorino.com\\\/boutique\\\/product\\\/specific-chien-ckw-kidney-support-barquette\\\/\",\"url\":\"https:\\\/\\\/www.vetorino.com\\\/boutique\\\/product\\\/specific-chien-ckw-kidney-support-barquette\\\/\",\"name\":\"CKW Kidney Support - chien Specific - V\u00e9torino\",\"isPartOf\":{\"@id\":\"https:\\\/\\\/www.vetorino.com\\\/boutique\\\/#website\"},\"primaryImageOfPage\":{\"@id\":\"https:\\\/\\\/www.vetorino.com\\\/boutique\\\/product\\\/specific-chien-ckw-kidney-support-barquette\\\/#primaryimage\"},\"image\":{\"@id\":\"https:\\\/\\\/www.vetorino.com\\\/boutique\\\/product\\\/specific-chien-ckw-kidney-support-barquette\\\/#primaryimage\"},\"thumbnailUrl\":\"https:\\\/\\\/www.vetorino.com\\\/boutique\\\/wp-content\\\/uploads\\\/2020\\\/03\\\/chien-ckw-kidney-support.webp\",\"datePublished\":\"2020-03-04T21:05:19+00:00\",\"dateModified\":\"2025-09-01T09:09:58+00:00\",\"description\":\"SPECIFIC Chien CKW Kidney Support est un aliment di\u00e9t\u00e9tique complet pour le soutien des fonctions cardiaque et r\u00e9nale et\\\/ou en cas d\u2019insuffisance h\u00e9patique chez le chien adulte.\",\"breadcrumb\":{\"@id\":\"https:\\\/\\\/www.vetorino.com\\\/boutique\\\/product\\\/specific-chien-ckw-kidney-support-barquette\\\/#breadcrumb\"},\"inLanguage\":\"fr-FR\",\"potentialAction\":[{\"@type\":\"ReadAction\",\"target\":[\"https:\\\/\\\/www.vetorino.com\\\/boutique\\\/product\\\/specific-chien-ckw-kidney-support-barquette\\\/\"]}]},{\"@type\":\"ImageObject\",\"inLanguage\":\"fr-FR\",\"@id\":\"https:\\\/\\\/www.vetorino.com\\\/boutique\\\/product\\\/specific-chien-ckw-kidney-support-barquette\\\/#primaryimage\",\"url\":\"https:\\\/\\\/www.vetorino.com\\\/boutique\\\/wp-content\\\/uploads\\\/2020\\\/03\\\/chien-ckw-kidney-support.webp\",\"contentUrl\":\"https:\\\/\\\/www.vetorino.com\\\/boutique\\\/wp-content\\\/uploads\\\/2020\\\/03\\\/chien-ckw-kidney-support.webp\",\"width\":800,\"height\":800},{\"@type\":\"BreadcrumbList\",\"@id\":\"https:\\\/\\\/www.vetorino.com\\\/boutique\\\/product\\\/specific-chien-ckw-kidney-support-barquette\\\/#breadcrumb\",\"itemListElement\":[{\"@type\":\"ListItem\",\"position\":1,\"name\":\"Accueil\",\"item\":\"https:\\\/\\\/www.vetorino.com\\\/boutique\\\/\"},{\"@type\":\"ListItem\",\"position\":2,\"name\":\"Produits\",\"item\":\"https:\\\/\\\/www.vetorino.com\\\/boutique\\\/\"},{\"@type\":\"ListItem\",\"position\":3,\"name\":\"CKW Kidney Support &#8211; chien\"}]},{\"@type\":\"WebSite\",\"@id\":\"https:\\\/\\\/www.vetorino.com\\\/boutique\\\/#website\",\"url\":\"https:\\\/\\\/www.vetorino.com\\\/boutique\\\/\",\"name\":\"V\u00e9torino\",\"description\":\"\",\"publisher\":{\"@id\":\"https:\\\/\\\/www.vetorino.com\\\/boutique\\\/#organization\"},\"potentialAction\":[{\"@type\":\"SearchAction\",\"target\":{\"@type\":\"EntryPoint\",\"urlTemplate\":\"https:\\\/\\\/www.vetorino.com\\\/boutique\\\/?s={search_term_string}\"},\"query-input\":{\"@type\":\"PropertyValueSpecification\",\"valueRequired\":true,\"valueName\":\"search_term_string\"}}],\"inLanguage\":\"fr-FR\"},{\"@type\":\"Organization\",\"@id\":\"https:\\\/\\\/www.vetorino.com\\\/boutique\\\/#organization\",\"name\":\"V\u00e9torino\",\"url\":\"https:\\\/\\\/www.vetorino.com\\\/boutique\\\/\",\"logo\":{\"@type\":\"ImageObject\",\"inLanguage\":\"fr-FR\",\"@id\":\"https:\\\/\\\/www.vetorino.com\\\/boutique\\\/#\\\/schema\\\/logo\\\/image\\\/\",\"url\":\"https:\\\/\\\/www.vetorino.com\\\/boutique\\\/wp-content\\\/uploads\\\/2024\\\/10\\\/logo.jpg\",\"contentUrl\":\"https:\\\/\\\/www.vetorino.com\\\/boutique\\\/wp-content\\\/uploads\\\/2024\\\/10\\\/logo.jpg\",\"width\":1200,\"height\":610,\"caption\":\"V\u00e9torino\"},\"image\":{\"@id\":\"https:\\\/\\\/www.vetorino.com\\\/boutique\\\/#\\\/schema\\\/logo\\\/image\\\/\"},\"sameAs\":[\"https:\\\/\\\/www.facebook.com\\\/Vetorino\\\/\",\"https:\\\/\\\/www.instagram.com\\\/vetorino_off\\\/\",\"https:\\\/\\\/www.linkedin.com\\\/company\\\/vtorino\\\/\"]}]}<\/script>\n<meta property=\"product:brand\" content=\"Specific\" \/>\n<meta property=\"og:availability\" content=\"instock\" \/>\n<meta property=\"product:availability\" content=\"instock\" \/>\n<meta property=\"product:condition\" content=\"new\" \/>\n<!-- \/ Yoast SEO plugin. -->","yoast_head_json":{"title":"CKW Kidney Support - chien Specific - V\u00e9torino","description":"SPECIFIC Chien CKW Kidney Support est un aliment di\u00e9t\u00e9tique complet pour le soutien des fonctions cardiaque et r\u00e9nale et\/ou en cas d\u2019insuffisance h\u00e9patique chez le chien adulte.","robots":{"index":"noindex","follow":"nofollow"},"og_locale":"fr_FR","og_type":"article","og_title":"CKW Kidney Support - chien Specific - V\u00e9torino","og_description":"SPECIFIC Chien CKW Kidney Support est un aliment di\u00e9t\u00e9tique complet pour le soutien des fonctions cardiaque et r\u00e9nale et\/ou en cas d\u2019insuffisance h\u00e9patique chez le chien adulte.","og_url":"https:\/\/www.vetorino.com\/veterinaire\/ustaritz-64480\/boutique\/product\/specific-chien-ckw-kidney-support-barquette\/","og_site_name":"V\u00e9torino","article_publisher":"https:\/\/www.facebook.com\/Vetorino\/","article_modified_time":"2025-09-01T09:09:58+00:00","og_image":[{"width":800,"height":800,"url":"https:\/\/www.vetorino.com\/boutique\/wp-content\/uploads\/2020\/03\/chien-ckw-kidney-support.webp","type":"image\/webp"}],"twitter_card":"summary_large_image","twitter_misc":{"Disponibilit\u00e9":"En stock"},"schema":{"@context":"https:\/\/schema.org","@graph":[{"@type":"WebPage","@id":"https:\/\/www.vetorino.com\/boutique\/product\/specific-chien-ckw-kidney-support-barquette\/","url":"https:\/\/www.vetorino.com\/boutique\/product\/specific-chien-ckw-kidney-support-barquette\/","name":"CKW Kidney Support - chien Specific - V\u00e9torino","isPartOf":{"@id":"https:\/\/www.vetorino.com\/boutique\/#website"},"primaryImageOfPage":{"@id":"https:\/\/www.vetorino.com\/boutique\/product\/specific-chien-ckw-kidney-support-barquette\/#primaryimage"},"image":{"@id":"https:\/\/www.vetorino.com\/boutique\/product\/specific-chien-ckw-kidney-support-barquette\/#primaryimage"},"thumbnailUrl":"https:\/\/www.vetorino.com\/boutique\/wp-content\/uploads\/2020\/03\/chien-ckw-kidney-support.webp","datePublished":"2020-03-04T21:05:19+00:00","dateModified":"2025-09-01T09:09:58+00:00","description":"SPECIFIC Chien CKW Kidney Support est un aliment di\u00e9t\u00e9tique complet pour le soutien des fonctions cardiaque et r\u00e9nale et\/ou en cas d\u2019insuffisance h\u00e9patique chez le chien adulte.","breadcrumb":{"@id":"https:\/\/www.vetorino.com\/boutique\/product\/specific-chien-ckw-kidney-support-barquette\/#breadcrumb"},"inLanguage":"fr-FR","potentialAction":[{"@type":"ReadAction","target":["https:\/\/www.vetorino.com\/boutique\/product\/specific-chien-ckw-kidney-support-barquette\/"]}]},{"@type":"ImageObject","inLanguage":"fr-FR","@id":"https:\/\/www.vetorino.com\/boutique\/product\/specific-chien-ckw-kidney-support-barquette\/#primaryimage","url":"https:\/\/www.vetorino.com\/boutique\/wp-content\/uploads\/2020\/03\/chien-ckw-kidney-support.webp","contentUrl":"https:\/\/www.vetorino.com\/boutique\/wp-content\/uploads\/2020\/03\/chien-ckw-kidney-support.webp","width":800,"height":800},{"@type":"BreadcrumbList","@id":"https:\/\/www.vetorino.com\/boutique\/product\/specific-chien-ckw-kidney-support-barquette\/#breadcrumb","itemListElement":[{"@type":"ListItem","position":1,"name":"Accueil","item":"https:\/\/www.vetorino.com\/boutique\/"},{"@type":"ListItem","position":2,"name":"Produits","item":"https:\/\/www.vetorino.com\/boutique\/"},{"@type":"ListItem","position":3,"name":"CKW Kidney Support &#8211; chien"}]},{"@type":"WebSite","@id":"https:\/\/www.vetorino.com\/boutique\/#website","url":"https:\/\/www.vetorino.com\/boutique\/","name":"V\u00e9torino","description":"","publisher":{"@id":"https:\/\/www.vetorino.com\/boutique\/#organization"},"potentialAction":[{"@type":"SearchAction","target":{"@type":"EntryPoint","urlTemplate":"https:\/\/www.vetorino.com\/boutique\/?s={search_term_string}"},"query-input":{"@type":"PropertyValueSpecification","valueRequired":true,"valueName":"search_term_string"}}],"inLanguage":"fr-FR"},{"@type":"Organization","@id":"https:\/\/www.vetorino.com\/boutique\/#organization","name":"V\u00e9torino","url":"https:\/\/www.vetorino.com\/boutique\/","logo":{"@type":"ImageObject","inLanguage":"fr-FR","@id":"https:\/\/www.vetorino.com\/boutique\/#\/schema\/logo\/image\/","url":"https:\/\/www.vetorino.com\/boutique\/wp-content\/uploads\/2024\/10\/logo.jpg","contentUrl":"https:\/\/www.vetorino.com\/boutique\/wp-content\/uploads\/2024\/10\/logo.jpg","width":1200,"height":610,"caption":"V\u00e9torino"},"image":{"@id":"https:\/\/www.vetorino.com\/boutique\/#\/schema\/logo\/image\/"},"sameAs":["https:\/\/www.facebook.com\/Vetorino\/","https:\/\/www.instagram.com\/vetorino_off\/","https:\/\/www.linkedin.com\/company\/vtorino\/"]}]},"product_brand":"Specific","og_availability":"instock","product_availability":"instock","product_condition":"new"},"_links":{"self":[{"href":"https:\/\/www.vetorino.com\/veterinaire\/ustaritz-64480\/boutique\/wp-json\/wp\/v2\/product\/35020","targetHints":{"allow":["GET"]}}],"collection":[{"href":"https:\/\/www.vetorino.com\/veterinaire\/ustaritz-64480\/boutique\/wp-json\/wp\/v2\/product"}],"about":[{"href":"https:\/\/www.vetorino.com\/veterinaire\/ustaritz-64480\/boutique\/wp-json\/wp\/v2\/types\/product"}],"wp:featuredmedia":[{"embeddable":true,"href":"https:\/\/www.vetorino.com\/veterinaire\/ustaritz-64480\/boutique\/wp-json\/wp\/v2\/media\/1472942"}],"wp:attachment":[{"href":"https:\/\/www.vetorino.com\/veterinaire\/ustaritz-64480\/boutique\/wp-json\/wp\/v2\/media?parent=35020"}],"wp:term":[{"taxonomy":"product_cat","embeddable":true,"href":"https:\/\/www.vetorino.com\/veterinaire\/ustaritz-64480\/boutique\/wp-json\/wp\/v2\/product_cat?post=35020"},{"taxonomy":"product_tag","embeddable":true,"href":"https:\/\/www.vetorino.com\/veterinaire\/ustaritz-64480\/boutique\/wp-json\/wp\/v2\/product_tag?post=35020"}],"curies":[{"name":"wp","href":"https:\/\/api.w.org\/{rel}","templated":true}]}}