{"id":35140,"date":"2020-03-04T22:54:05","date_gmt":"2020-03-04T21:54:05","guid":{"rendered":"https:\/\/www.vetorino.com\/boutique\/product\/vet-hpm-dog-adult-neutered-sensitive-digest-large-medium\/"},"modified":"2025-07-18T10:57:21","modified_gmt":"2025-07-18T08:57:21","slug":"vet-hpm-dog-adult-neutered-sensitive-digest-large-medium","status":"publish","type":"product","link":"https:\/\/www.vetorino.com\/veterinaire\/ustaritz-64480\/boutique\/product\/vet-hpm-dog-adult-neutered-sensitive-digest-large-medium\/","title":{"rendered":"Adult Sensitive Neutered Large &amp; Medium &#8211; chien"},"content":{"rendered":"<p><strong>Les croquettes pour chien Neutered Dog Sensitive Digest Large &amp; Medium sont compl\u00e8tes et \u00e9quilibr\u00e9es.<\/strong><\/p>\n<p><strong> Elles sont cr\u00e9\u00e9es sp\u00e9cialement pour les chiens st\u00e9rilis\u00e9s de moyennes et grandes races dont le tracus gastro-intestinal est particuli\u00e8rement sensible en raison de leurs caract\u00e9ristiques anatomiques et physiologiques.<\/strong><\/p>\n<ul>\n<li>Digestion sensible chez le chien st\u00e9rilis\u00e9.<\/li>\n<li>Grand chien de plus de 25 kg de plus de 18 mois.<\/li>\n<li>Chien de taille moyenne (entre 11 et 25 kg) et de plus d&#8217;un an.<\/li>\n<\/ul>\n<p><strong><br \/>\n<\/strong><strong>Bienfaits essentiels<\/strong><strong> :<\/strong><\/p>\n<ul>\n<li>Alimentation \u00e9quilibr\u00e9e <strong>hautement digeste<\/strong>.<\/li>\n<li>Soutient d&#8217;une peau et d&#8217;un pelages<strong> sains et brillants<\/strong>.<\/li>\n<li>Soutient une<strong> flore gastro-intestinale \u00e9quilibr\u00e9e<\/strong> et saine et am\u00e9liore la digestibilit\u00e9.<\/li>\n<li><strong>Am\u00e9liore<\/strong> la consistance l&#8217;odeur des selles.<\/li>\n<li>Sans grain, ma\u00efs, gluten, soja, \u0153uf, boeuf et poisson pour <strong>r\u00e9duire au maximum le risque d&#8217;intol\u00e9rance alimentaire.<\/strong><\/li>\n<li>Am\u00e9liore la masse musculaire et limite le stockage des graisses dans les tissus adipeux pour une <strong>atteinte d&#8217;un poids optimal<\/strong>.<\/li>\n<li>Donne une <strong>sensation de sati\u00e9t\u00e9<\/strong> adapt\u00e9e au chien st\u00e9rilis\u00e9.<\/li>\n<\/ul>\n","protected":false},"excerpt":{"rendered":"<p><strong>Croquettes cr\u00e9\u00e9es sp\u00e9cialement pour les chiens st\u00e9rilis\u00e9s de moyennes et grandes races dont le tracus\u00a0gastro-intestinal est particuli\u00e8rement sensible.<\/strong><\/p>\n<ul>\n<li>Digestion sensible chez le chien st\u00e9rilis\u00e9.<\/li>\n<li>Grand chien de plus de 25 kg de plus de 18 mois.<\/li>\n<li>Chien de taille moyenne (entre 11 et 25 kg) et de plus d&#8217;un an.<\/li>\n<\/ul>\n","protected":false},"featured_media":1356631,"template":"","meta":[],"product_cat":[12552,12584,2698],"product_tag":[],"class_list":{"0":"post-35140","1":"product","2":"type-product","3":"status-publish","4":"has-post-thumbnail","6":"product_cat-alimentation-du-chien","7":"product_cat-alimentation-premium-pour-chien","8":"product_cat-chien","9":"pa_marque-virbac","11":"first","12":"instock","13":"taxable","14":"shipping-taxable","15":"purchasable","16":"product-type-variable"},"yoast_head":"<!-- This site is optimized with the Yoast SEO plugin v27.3 - https:\/\/yoast.com\/product\/yoast-seo-wordpress\/ -->\n<title>Veterinary HPM (Virbac) Adult Sensitive Neutered Large &amp; Medium - chien Virbac - V\u00e9torino<\/title>\n<meta name=\"description\" content=\"Croquettes cr\u00e9\u00e9es sp\u00e9cialement pour les chiens st\u00e9rilis\u00e9s de moyennes et grandes races dont le tracus\u00a0gastro-intestinal est particuli\u00e8rement sensible.   Digestion sensible chez le chien st\u00e9rilis\u00e9.  Grand chien de plus de 25 kg de plus de 18 mois.  Chien de taille moyenne (entre 11 et 25 kg) et de plus d&#039;un an.\" \/>\n<meta name=\"robots\" content=\"noindex, nofollow\" \/>\n<meta property=\"og:locale\" content=\"fr_FR\" \/>\n<meta property=\"og:type\" content=\"article\" \/>\n<meta property=\"og:title\" content=\"Veterinary HPM (Virbac) Adult Sensitive Neutered Large &amp; Medium - chien Virbac - V\u00e9torino\" \/>\n<meta property=\"og:description\" content=\"Croquettes cr\u00e9\u00e9es sp\u00e9cialement pour les chiens st\u00e9rilis\u00e9s de moyennes et grandes races dont le tracus\u00a0gastro-intestinal est particuli\u00e8rement sensible.   Digestion sensible chez le chien st\u00e9rilis\u00e9.  Grand chien de plus de 25 kg de plus de 18 mois.  Chien de taille moyenne (entre 11 et 25 kg) et de plus d&#039;un an.\" \/>\n<meta property=\"og:url\" content=\"https:\/\/www.vetorino.com\/veterinaire\/ustaritz-64480\/boutique\/product\/vet-hpm-dog-adult-neutered-sensitive-digest-large-medium\/\" \/>\n<meta property=\"og:site_name\" content=\"V\u00e9torino\" \/>\n<meta property=\"article:publisher\" content=\"https:\/\/www.facebook.com\/Vetorino\/\" \/>\n<meta property=\"article:modified_time\" content=\"2025-07-18T08:57:21+00:00\" \/>\n<meta property=\"og:image\" content=\"https:\/\/www.vetorino.com\/boutique\/wp-content\/uploads\/2025\/06\/sensitive-neutered-large-meidum-virbac.jpg\" \/>\n\t<meta property=\"og:image:width\" content=\"800\" \/>\n\t<meta property=\"og:image:height\" content=\"800\" \/>\n\t<meta property=\"og:image:type\" content=\"image\/jpeg\" \/>\n<meta name=\"twitter:card\" content=\"summary_large_image\" \/>\n<meta name=\"twitter:label1\" content=\"Disponibilit\u00e9\" \/>\n\t<meta name=\"twitter:data1\" content=\"En stock\" \/>\n<script type=\"application\/ld+json\" class=\"yoast-schema-graph\">{\"@context\":\"https:\\\/\\\/schema.org\",\"@graph\":[{\"@type\":\"WebPage\",\"@id\":\"https:\\\/\\\/www.vetorino.com\\\/boutique\\\/product\\\/vet-hpm-dog-adult-neutered-sensitive-digest-large-medium\\\/\",\"url\":\"https:\\\/\\\/www.vetorino.com\\\/boutique\\\/product\\\/vet-hpm-dog-adult-neutered-sensitive-digest-large-medium\\\/\",\"name\":\"Veterinary HPM (Virbac) Adult Sensitive Neutered Large &amp; Medium - chien Virbac - V\u00e9torino\",\"isPartOf\":{\"@id\":\"https:\\\/\\\/www.vetorino.com\\\/boutique\\\/#website\"},\"primaryImageOfPage\":{\"@id\":\"https:\\\/\\\/www.vetorino.com\\\/boutique\\\/product\\\/vet-hpm-dog-adult-neutered-sensitive-digest-large-medium\\\/#primaryimage\"},\"image\":{\"@id\":\"https:\\\/\\\/www.vetorino.com\\\/boutique\\\/product\\\/vet-hpm-dog-adult-neutered-sensitive-digest-large-medium\\\/#primaryimage\"},\"thumbnailUrl\":\"https:\\\/\\\/www.vetorino.com\\\/boutique\\\/wp-content\\\/uploads\\\/2025\\\/06\\\/sensitive-neutered-large-meidum-virbac.jpg\",\"datePublished\":\"2020-03-04T21:54:05+00:00\",\"dateModified\":\"2025-07-18T08:57:21+00:00\",\"description\":\"Croquettes cr\u00e9\u00e9es sp\u00e9cialement pour les chiens st\u00e9rilis\u00e9s de moyennes et grandes races dont le tracus\u00a0gastro-intestinal est particuli\u00e8rement sensible. Digestion sensible chez le chien st\u00e9rilis\u00e9. Grand chien de plus de 25 kg de plus de 18 mois. Chien de taille moyenne (entre 11 et 25 kg) et de plus d'un an.\",\"breadcrumb\":{\"@id\":\"https:\\\/\\\/www.vetorino.com\\\/boutique\\\/product\\\/vet-hpm-dog-adult-neutered-sensitive-digest-large-medium\\\/#breadcrumb\"},\"inLanguage\":\"fr-FR\",\"potentialAction\":[{\"@type\":\"ReadAction\",\"target\":[\"https:\\\/\\\/www.vetorino.com\\\/boutique\\\/product\\\/vet-hpm-dog-adult-neutered-sensitive-digest-large-medium\\\/\"]}]},{\"@type\":\"ImageObject\",\"inLanguage\":\"fr-FR\",\"@id\":\"https:\\\/\\\/www.vetorino.com\\\/boutique\\\/product\\\/vet-hpm-dog-adult-neutered-sensitive-digest-large-medium\\\/#primaryimage\",\"url\":\"https:\\\/\\\/www.vetorino.com\\\/boutique\\\/wp-content\\\/uploads\\\/2025\\\/06\\\/sensitive-neutered-large-meidum-virbac.jpg\",\"contentUrl\":\"https:\\\/\\\/www.vetorino.com\\\/boutique\\\/wp-content\\\/uploads\\\/2025\\\/06\\\/sensitive-neutered-large-meidum-virbac.jpg\",\"width\":800,\"height\":800},{\"@type\":\"BreadcrumbList\",\"@id\":\"https:\\\/\\\/www.vetorino.com\\\/boutique\\\/product\\\/vet-hpm-dog-adult-neutered-sensitive-digest-large-medium\\\/#breadcrumb\",\"itemListElement\":[{\"@type\":\"ListItem\",\"position\":1,\"name\":\"Accueil\",\"item\":\"https:\\\/\\\/www.vetorino.com\\\/boutique\\\/\"},{\"@type\":\"ListItem\",\"position\":2,\"name\":\"Produits\",\"item\":\"https:\\\/\\\/www.vetorino.com\\\/boutique\\\/\"},{\"@type\":\"ListItem\",\"position\":3,\"name\":\"Adult Sensitive Neutered Large &amp; Medium &#8211; chien\"}]},{\"@type\":\"WebSite\",\"@id\":\"https:\\\/\\\/www.vetorino.com\\\/boutique\\\/#website\",\"url\":\"https:\\\/\\\/www.vetorino.com\\\/boutique\\\/\",\"name\":\"V\u00e9torino\",\"description\":\"\",\"publisher\":{\"@id\":\"https:\\\/\\\/www.vetorino.com\\\/boutique\\\/#organization\"},\"potentialAction\":[{\"@type\":\"SearchAction\",\"target\":{\"@type\":\"EntryPoint\",\"urlTemplate\":\"https:\\\/\\\/www.vetorino.com\\\/boutique\\\/?s={search_term_string}\"},\"query-input\":{\"@type\":\"PropertyValueSpecification\",\"valueRequired\":true,\"valueName\":\"search_term_string\"}}],\"inLanguage\":\"fr-FR\"},{\"@type\":\"Organization\",\"@id\":\"https:\\\/\\\/www.vetorino.com\\\/boutique\\\/#organization\",\"name\":\"V\u00e9torino\",\"url\":\"https:\\\/\\\/www.vetorino.com\\\/boutique\\\/\",\"logo\":{\"@type\":\"ImageObject\",\"inLanguage\":\"fr-FR\",\"@id\":\"https:\\\/\\\/www.vetorino.com\\\/boutique\\\/#\\\/schema\\\/logo\\\/image\\\/\",\"url\":\"https:\\\/\\\/www.vetorino.com\\\/boutique\\\/wp-content\\\/uploads\\\/2024\\\/10\\\/logo.jpg\",\"contentUrl\":\"https:\\\/\\\/www.vetorino.com\\\/boutique\\\/wp-content\\\/uploads\\\/2024\\\/10\\\/logo.jpg\",\"width\":1200,\"height\":610,\"caption\":\"V\u00e9torino\"},\"image\":{\"@id\":\"https:\\\/\\\/www.vetorino.com\\\/boutique\\\/#\\\/schema\\\/logo\\\/image\\\/\"},\"sameAs\":[\"https:\\\/\\\/www.facebook.com\\\/Vetorino\\\/\",\"https:\\\/\\\/www.instagram.com\\\/vetorino_off\\\/\",\"https:\\\/\\\/www.linkedin.com\\\/company\\\/vtorino\\\/\"]}]}<\/script>\n<meta property=\"product:brand\" content=\"Virbac\" \/>\n<meta property=\"og:availability\" content=\"instock\" \/>\n<meta property=\"product:availability\" content=\"instock\" \/>\n<meta property=\"product:condition\" content=\"new\" \/>\n<!-- \/ Yoast SEO plugin. -->","yoast_head_json":{"title":"Veterinary HPM (Virbac) Adult Sensitive Neutered Large &amp; Medium - chien Virbac - V\u00e9torino","description":"Croquettes cr\u00e9\u00e9es sp\u00e9cialement pour les chiens st\u00e9rilis\u00e9s de moyennes et grandes races dont le tracus\u00a0gastro-intestinal est particuli\u00e8rement sensible.   Digestion sensible chez le chien st\u00e9rilis\u00e9.  Grand chien de plus de 25 kg de plus de 18 mois.  Chien de taille moyenne (entre 11 et 25 kg) et de plus d'un an.","robots":{"index":"noindex","follow":"nofollow"},"og_locale":"fr_FR","og_type":"article","og_title":"Veterinary HPM (Virbac) Adult Sensitive Neutered Large &amp; Medium - chien Virbac - V\u00e9torino","og_description":"Croquettes cr\u00e9\u00e9es sp\u00e9cialement pour les chiens st\u00e9rilis\u00e9s de moyennes et grandes races dont le tracus\u00a0gastro-intestinal est particuli\u00e8rement sensible.   Digestion sensible chez le chien st\u00e9rilis\u00e9.  Grand chien de plus de 25 kg de plus de 18 mois.  Chien de taille moyenne (entre 11 et 25 kg) et de plus d'un an.","og_url":"https:\/\/www.vetorino.com\/veterinaire\/ustaritz-64480\/boutique\/product\/vet-hpm-dog-adult-neutered-sensitive-digest-large-medium\/","og_site_name":"V\u00e9torino","article_publisher":"https:\/\/www.facebook.com\/Vetorino\/","article_modified_time":"2025-07-18T08:57:21+00:00","og_image":[{"width":800,"height":800,"url":"https:\/\/www.vetorino.com\/boutique\/wp-content\/uploads\/2025\/06\/sensitive-neutered-large-meidum-virbac.jpg","type":"image\/jpeg"}],"twitter_card":"summary_large_image","twitter_misc":{"Disponibilit\u00e9":"En stock"},"schema":{"@context":"https:\/\/schema.org","@graph":[{"@type":"WebPage","@id":"https:\/\/www.vetorino.com\/boutique\/product\/vet-hpm-dog-adult-neutered-sensitive-digest-large-medium\/","url":"https:\/\/www.vetorino.com\/boutique\/product\/vet-hpm-dog-adult-neutered-sensitive-digest-large-medium\/","name":"Veterinary HPM (Virbac) Adult Sensitive Neutered Large &amp; Medium - chien Virbac - V\u00e9torino","isPartOf":{"@id":"https:\/\/www.vetorino.com\/boutique\/#website"},"primaryImageOfPage":{"@id":"https:\/\/www.vetorino.com\/boutique\/product\/vet-hpm-dog-adult-neutered-sensitive-digest-large-medium\/#primaryimage"},"image":{"@id":"https:\/\/www.vetorino.com\/boutique\/product\/vet-hpm-dog-adult-neutered-sensitive-digest-large-medium\/#primaryimage"},"thumbnailUrl":"https:\/\/www.vetorino.com\/boutique\/wp-content\/uploads\/2025\/06\/sensitive-neutered-large-meidum-virbac.jpg","datePublished":"2020-03-04T21:54:05+00:00","dateModified":"2025-07-18T08:57:21+00:00","description":"Croquettes cr\u00e9\u00e9es sp\u00e9cialement pour les chiens st\u00e9rilis\u00e9s de moyennes et grandes races dont le tracus\u00a0gastro-intestinal est particuli\u00e8rement sensible. Digestion sensible chez le chien st\u00e9rilis\u00e9. Grand chien de plus de 25 kg de plus de 18 mois. Chien de taille moyenne (entre 11 et 25 kg) et de plus d'un an.","breadcrumb":{"@id":"https:\/\/www.vetorino.com\/boutique\/product\/vet-hpm-dog-adult-neutered-sensitive-digest-large-medium\/#breadcrumb"},"inLanguage":"fr-FR","potentialAction":[{"@type":"ReadAction","target":["https:\/\/www.vetorino.com\/boutique\/product\/vet-hpm-dog-adult-neutered-sensitive-digest-large-medium\/"]}]},{"@type":"ImageObject","inLanguage":"fr-FR","@id":"https:\/\/www.vetorino.com\/boutique\/product\/vet-hpm-dog-adult-neutered-sensitive-digest-large-medium\/#primaryimage","url":"https:\/\/www.vetorino.com\/boutique\/wp-content\/uploads\/2025\/06\/sensitive-neutered-large-meidum-virbac.jpg","contentUrl":"https:\/\/www.vetorino.com\/boutique\/wp-content\/uploads\/2025\/06\/sensitive-neutered-large-meidum-virbac.jpg","width":800,"height":800},{"@type":"BreadcrumbList","@id":"https:\/\/www.vetorino.com\/boutique\/product\/vet-hpm-dog-adult-neutered-sensitive-digest-large-medium\/#breadcrumb","itemListElement":[{"@type":"ListItem","position":1,"name":"Accueil","item":"https:\/\/www.vetorino.com\/boutique\/"},{"@type":"ListItem","position":2,"name":"Produits","item":"https:\/\/www.vetorino.com\/boutique\/"},{"@type":"ListItem","position":3,"name":"Adult Sensitive Neutered Large &amp; Medium &#8211; chien"}]},{"@type":"WebSite","@id":"https:\/\/www.vetorino.com\/boutique\/#website","url":"https:\/\/www.vetorino.com\/boutique\/","name":"V\u00e9torino","description":"","publisher":{"@id":"https:\/\/www.vetorino.com\/boutique\/#organization"},"potentialAction":[{"@type":"SearchAction","target":{"@type":"EntryPoint","urlTemplate":"https:\/\/www.vetorino.com\/boutique\/?s={search_term_string}"},"query-input":{"@type":"PropertyValueSpecification","valueRequired":true,"valueName":"search_term_string"}}],"inLanguage":"fr-FR"},{"@type":"Organization","@id":"https:\/\/www.vetorino.com\/boutique\/#organization","name":"V\u00e9torino","url":"https:\/\/www.vetorino.com\/boutique\/","logo":{"@type":"ImageObject","inLanguage":"fr-FR","@id":"https:\/\/www.vetorino.com\/boutique\/#\/schema\/logo\/image\/","url":"https:\/\/www.vetorino.com\/boutique\/wp-content\/uploads\/2024\/10\/logo.jpg","contentUrl":"https:\/\/www.vetorino.com\/boutique\/wp-content\/uploads\/2024\/10\/logo.jpg","width":1200,"height":610,"caption":"V\u00e9torino"},"image":{"@id":"https:\/\/www.vetorino.com\/boutique\/#\/schema\/logo\/image\/"},"sameAs":["https:\/\/www.facebook.com\/Vetorino\/","https:\/\/www.instagram.com\/vetorino_off\/","https:\/\/www.linkedin.com\/company\/vtorino\/"]}]},"product_brand":"Virbac","og_availability":"instock","product_availability":"instock","product_condition":"new"},"_links":{"self":[{"href":"https:\/\/www.vetorino.com\/veterinaire\/ustaritz-64480\/boutique\/wp-json\/wp\/v2\/product\/35140","targetHints":{"allow":["GET"]}}],"collection":[{"href":"https:\/\/www.vetorino.com\/veterinaire\/ustaritz-64480\/boutique\/wp-json\/wp\/v2\/product"}],"about":[{"href":"https:\/\/www.vetorino.com\/veterinaire\/ustaritz-64480\/boutique\/wp-json\/wp\/v2\/types\/product"}],"wp:featuredmedia":[{"embeddable":true,"href":"https:\/\/www.vetorino.com\/veterinaire\/ustaritz-64480\/boutique\/wp-json\/wp\/v2\/media\/1356631"}],"wp:attachment":[{"href":"https:\/\/www.vetorino.com\/veterinaire\/ustaritz-64480\/boutique\/wp-json\/wp\/v2\/media?parent=35140"}],"wp:term":[{"taxonomy":"product_cat","embeddable":true,"href":"https:\/\/www.vetorino.com\/veterinaire\/ustaritz-64480\/boutique\/wp-json\/wp\/v2\/product_cat?post=35140"},{"taxonomy":"product_tag","embeddable":true,"href":"https:\/\/www.vetorino.com\/veterinaire\/ustaritz-64480\/boutique\/wp-json\/wp\/v2\/product_tag?post=35140"}],"curies":[{"name":"wp","href":"https:\/\/api.w.org\/{rel}","templated":true}]}}