{"id":35433,"date":"2020-03-04T22:55:43","date_gmt":"2020-03-04T21:55:43","guid":{"rendered":"https:\/\/www.vetorino.com\/boutique\/product\/plaisir-tartre-chiens\/"},"modified":"2024-06-28T16:03:52","modified_gmt":"2024-06-28T14:03:52","slug":"plaisir-tartre-chiens","status":"publish","type":"product","link":"https:\/\/www.vetorino.com\/veterinaire\/ustaritz-64480\/boutique\/product\/plaisir-tartre-chiens\/","title":{"rendered":"Plaisir Tartre Chiens"},"content":{"rendered":"<div class='hidden'> Sv <\/div>\n<p><b>Caract\u00e9risiques<\/b><br \/>  Pr\u00e9sent\u00e9 sous forme de lamelles \u00e0 m\u00e2cher, ce compl\u00e9ment stimule la mastication et sa consistance croquante et riche en lignocellulose \u00e9limine les d\u00e9bris alimentaires. Les lamelles procurent une action abrasive gr\u00e2ce au riz et \u00e0 l&#8217;amidon de riz. Elles aident ainsi \u00e0 l&#8217;\u00e9limination du tartre et \u00e0 lutter contre la mauvaise haleine. Fabriqu\u00e9 sans ingr\u00e9dients d&#8217;origine animale, sans sucre ajout\u00e9 ni colorant artificiel, ce compl\u00e9ment allie plaisir et sant\u00e9.  Existe en deux tailles de lamelles pour s&#8217;adapter \u00e0 la morphologie du chien.  Conditionnement : Sachet de 100 g. <br \/><b>Bon \u00e0 savoir<\/b><br \/>   Convient aux chiens pesant moins de 10 kg.  Demandez conseil \u00e0 votre v\u00e9t\u00e9rinaire.  Donner une barre par jour ou tous les deux jours en dehors des repas. Laisser de l&#8217;eau propre \u00e0 disposition en permanence. Dur\u00e9e de conservation : 24 mois \u00e0 partir de sa date de fabrication. Conserver \u00e0 l&#8217;abri de la chaleur et de l&#8217;humidit\u00e9.INGREDIENTS  Farine et produits v\u00e9g\u00e9taux, amidon de riz, riz, f\u00e9cule, glyc\u00e9rine, cellulose. Valeur \u00e9nerg\u00e9tique : 263 kcal \/ 100 g. Constituants analytiques : Prot\u00e9ines brutes : 1,00 %, Cendres brutes : 1,20 %, Mati\u00e8res grasses brutes : 1,00 %, Fibres brutes : 5,00 %.<\/p>\n","protected":false},"excerpt":{"rendered":"<p>L&#8217;aliment compl\u00e9mentaire TARTRE, pour petit chien adulte, aide \u00e0 limiter la formation du tartre et la mauvaise haleine.<\/p>\n","protected":false},"featured_media":77622,"template":"","meta":[],"product_cat":[2738,2698],"product_tag":[],"class_list":{"0":"post-35433","1":"product","2":"type-product","3":"status-publish","4":"has-post-thumbnail","6":"product_cat-aliments-complementaires-pour-chien","7":"product_cat-chien","8":"pa_marque-sv","10":"first","11":"instock","12":"taxable","13":"shipping-taxable","14":"purchasable","15":"product-type-variable"},"yoast_head":"<!-- This site is optimized with the Yoast SEO plugin v27.3 - https:\/\/yoast.com\/product\/yoast-seo-wordpress\/ -->\n<title>Plaisir Tartre Chiens SV - V\u00e9torino<\/title>\n<meta name=\"description\" content=\"L&#039;aliment compl\u00e9mentaire TARTRE, pour petit chien adulte, aide \u00e0 limiter la formation du tartre et la mauvaise haleine.\" \/>\n<meta name=\"robots\" content=\"noindex, nofollow\" \/>\n<meta property=\"og:locale\" content=\"fr_FR\" \/>\n<meta property=\"og:type\" content=\"article\" \/>\n<meta property=\"og:title\" content=\"Plaisir Tartre Chiens SV - V\u00e9torino\" \/>\n<meta property=\"og:description\" content=\"L&#039;aliment compl\u00e9mentaire TARTRE, pour petit chien adulte, aide \u00e0 limiter la formation du tartre et la mauvaise haleine.\" \/>\n<meta property=\"og:url\" content=\"https:\/\/www.vetorino.com\/veterinaire\/ustaritz-64480\/boutique\/product\/plaisir-tartre-chiens\/\" \/>\n<meta property=\"og:site_name\" content=\"V\u00e9torino\" \/>\n<meta property=\"article:publisher\" content=\"https:\/\/www.facebook.com\/Vetorino\/\" \/>\n<meta property=\"article:modified_time\" content=\"2024-06-28T14:03:52+00:00\" \/>\n<meta property=\"og:image\" content=\"https:\/\/www.vetorino.com\/boutique\/wp-content\/uploads\/2020\/03\/complement-tartre-petit-chien-12.jpg\" \/>\n\t<meta property=\"og:image:width\" content=\"700\" \/>\n\t<meta property=\"og:image:height\" content=\"800\" \/>\n\t<meta property=\"og:image:type\" content=\"image\/jpeg\" \/>\n<meta name=\"twitter:card\" content=\"summary_large_image\" \/>\n<meta name=\"twitter:label1\" content=\"Disponibilit\u00e9\" \/>\n\t<meta name=\"twitter:data1\" content=\"En stock\" \/>\n<script type=\"application\/ld+json\" class=\"yoast-schema-graph\">{\"@context\":\"https:\\\/\\\/schema.org\",\"@graph\":[{\"@type\":\"WebPage\",\"@id\":\"https:\\\/\\\/www.vetorino.com\\\/boutique\\\/product\\\/plaisir-tartre-chiens\\\/\",\"url\":\"https:\\\/\\\/www.vetorino.com\\\/boutique\\\/product\\\/plaisir-tartre-chiens\\\/\",\"name\":\"Plaisir Tartre Chiens SV - V\u00e9torino\",\"isPartOf\":{\"@id\":\"https:\\\/\\\/www.vetorino.com\\\/boutique\\\/#website\"},\"primaryImageOfPage\":{\"@id\":\"https:\\\/\\\/www.vetorino.com\\\/boutique\\\/product\\\/plaisir-tartre-chiens\\\/#primaryimage\"},\"image\":{\"@id\":\"https:\\\/\\\/www.vetorino.com\\\/boutique\\\/product\\\/plaisir-tartre-chiens\\\/#primaryimage\"},\"thumbnailUrl\":\"https:\\\/\\\/www.vetorino.com\\\/boutique\\\/wp-content\\\/uploads\\\/2020\\\/03\\\/complement-tartre-petit-chien-12.jpg\",\"datePublished\":\"2020-03-04T21:55:43+00:00\",\"dateModified\":\"2024-06-28T14:03:52+00:00\",\"description\":\"L'aliment compl\u00e9mentaire TARTRE, pour petit chien adulte, aide \u00e0 limiter la formation du tartre et la mauvaise haleine.\",\"breadcrumb\":{\"@id\":\"https:\\\/\\\/www.vetorino.com\\\/boutique\\\/product\\\/plaisir-tartre-chiens\\\/#breadcrumb\"},\"inLanguage\":\"fr-FR\",\"potentialAction\":[{\"@type\":\"ReadAction\",\"target\":[\"https:\\\/\\\/www.vetorino.com\\\/boutique\\\/product\\\/plaisir-tartre-chiens\\\/\"]}]},{\"@type\":\"ImageObject\",\"inLanguage\":\"fr-FR\",\"@id\":\"https:\\\/\\\/www.vetorino.com\\\/boutique\\\/product\\\/plaisir-tartre-chiens\\\/#primaryimage\",\"url\":\"https:\\\/\\\/www.vetorino.com\\\/boutique\\\/wp-content\\\/uploads\\\/2020\\\/03\\\/complement-tartre-petit-chien-12.jpg\",\"contentUrl\":\"https:\\\/\\\/www.vetorino.com\\\/boutique\\\/wp-content\\\/uploads\\\/2020\\\/03\\\/complement-tartre-petit-chien-12.jpg\",\"width\":700,\"height\":800},{\"@type\":\"BreadcrumbList\",\"@id\":\"https:\\\/\\\/www.vetorino.com\\\/boutique\\\/product\\\/plaisir-tartre-chiens\\\/#breadcrumb\",\"itemListElement\":[{\"@type\":\"ListItem\",\"position\":1,\"name\":\"Accueil\",\"item\":\"https:\\\/\\\/www.vetorino.com\\\/boutique\\\/\"},{\"@type\":\"ListItem\",\"position\":2,\"name\":\"Produits\",\"item\":\"https:\\\/\\\/www.vetorino.com\\\/boutique\\\/\"},{\"@type\":\"ListItem\",\"position\":3,\"name\":\"Plaisir Tartre Chiens\"}]},{\"@type\":\"WebSite\",\"@id\":\"https:\\\/\\\/www.vetorino.com\\\/boutique\\\/#website\",\"url\":\"https:\\\/\\\/www.vetorino.com\\\/boutique\\\/\",\"name\":\"V\u00e9torino\",\"description\":\"\",\"publisher\":{\"@id\":\"https:\\\/\\\/www.vetorino.com\\\/boutique\\\/#organization\"},\"potentialAction\":[{\"@type\":\"SearchAction\",\"target\":{\"@type\":\"EntryPoint\",\"urlTemplate\":\"https:\\\/\\\/www.vetorino.com\\\/boutique\\\/?s={search_term_string}\"},\"query-input\":{\"@type\":\"PropertyValueSpecification\",\"valueRequired\":true,\"valueName\":\"search_term_string\"}}],\"inLanguage\":\"fr-FR\"},{\"@type\":\"Organization\",\"@id\":\"https:\\\/\\\/www.vetorino.com\\\/boutique\\\/#organization\",\"name\":\"V\u00e9torino\",\"url\":\"https:\\\/\\\/www.vetorino.com\\\/boutique\\\/\",\"logo\":{\"@type\":\"ImageObject\",\"inLanguage\":\"fr-FR\",\"@id\":\"https:\\\/\\\/www.vetorino.com\\\/boutique\\\/#\\\/schema\\\/logo\\\/image\\\/\",\"url\":\"https:\\\/\\\/www.vetorino.com\\\/boutique\\\/wp-content\\\/uploads\\\/2024\\\/10\\\/logo.jpg\",\"contentUrl\":\"https:\\\/\\\/www.vetorino.com\\\/boutique\\\/wp-content\\\/uploads\\\/2024\\\/10\\\/logo.jpg\",\"width\":1200,\"height\":610,\"caption\":\"V\u00e9torino\"},\"image\":{\"@id\":\"https:\\\/\\\/www.vetorino.com\\\/boutique\\\/#\\\/schema\\\/logo\\\/image\\\/\"},\"sameAs\":[\"https:\\\/\\\/www.facebook.com\\\/Vetorino\\\/\",\"https:\\\/\\\/www.instagram.com\\\/vetorino_off\\\/\",\"https:\\\/\\\/www.linkedin.com\\\/company\\\/vtorino\\\/\"]}]}<\/script>\n<meta property=\"product:brand\" content=\"SV\" \/>\n<meta property=\"og:availability\" content=\"instock\" \/>\n<meta property=\"product:availability\" content=\"instock\" \/>\n<meta property=\"product:condition\" content=\"new\" \/>\n<!-- \/ Yoast SEO plugin. -->","yoast_head_json":{"title":"Plaisir Tartre Chiens SV - V\u00e9torino","description":"L'aliment compl\u00e9mentaire TARTRE, pour petit chien adulte, aide \u00e0 limiter la formation du tartre et la mauvaise haleine.","robots":{"index":"noindex","follow":"nofollow"},"og_locale":"fr_FR","og_type":"article","og_title":"Plaisir Tartre Chiens SV - V\u00e9torino","og_description":"L'aliment compl\u00e9mentaire TARTRE, pour petit chien adulte, aide \u00e0 limiter la formation du tartre et la mauvaise haleine.","og_url":"https:\/\/www.vetorino.com\/veterinaire\/ustaritz-64480\/boutique\/product\/plaisir-tartre-chiens\/","og_site_name":"V\u00e9torino","article_publisher":"https:\/\/www.facebook.com\/Vetorino\/","article_modified_time":"2024-06-28T14:03:52+00:00","og_image":[{"width":700,"height":800,"url":"https:\/\/www.vetorino.com\/boutique\/wp-content\/uploads\/2020\/03\/complement-tartre-petit-chien-12.jpg","type":"image\/jpeg"}],"twitter_card":"summary_large_image","twitter_misc":{"Disponibilit\u00e9":"En stock"},"schema":{"@context":"https:\/\/schema.org","@graph":[{"@type":"WebPage","@id":"https:\/\/www.vetorino.com\/boutique\/product\/plaisir-tartre-chiens\/","url":"https:\/\/www.vetorino.com\/boutique\/product\/plaisir-tartre-chiens\/","name":"Plaisir Tartre Chiens SV - V\u00e9torino","isPartOf":{"@id":"https:\/\/www.vetorino.com\/boutique\/#website"},"primaryImageOfPage":{"@id":"https:\/\/www.vetorino.com\/boutique\/product\/plaisir-tartre-chiens\/#primaryimage"},"image":{"@id":"https:\/\/www.vetorino.com\/boutique\/product\/plaisir-tartre-chiens\/#primaryimage"},"thumbnailUrl":"https:\/\/www.vetorino.com\/boutique\/wp-content\/uploads\/2020\/03\/complement-tartre-petit-chien-12.jpg","datePublished":"2020-03-04T21:55:43+00:00","dateModified":"2024-06-28T14:03:52+00:00","description":"L'aliment compl\u00e9mentaire TARTRE, pour petit chien adulte, aide \u00e0 limiter la formation du tartre et la mauvaise haleine.","breadcrumb":{"@id":"https:\/\/www.vetorino.com\/boutique\/product\/plaisir-tartre-chiens\/#breadcrumb"},"inLanguage":"fr-FR","potentialAction":[{"@type":"ReadAction","target":["https:\/\/www.vetorino.com\/boutique\/product\/plaisir-tartre-chiens\/"]}]},{"@type":"ImageObject","inLanguage":"fr-FR","@id":"https:\/\/www.vetorino.com\/boutique\/product\/plaisir-tartre-chiens\/#primaryimage","url":"https:\/\/www.vetorino.com\/boutique\/wp-content\/uploads\/2020\/03\/complement-tartre-petit-chien-12.jpg","contentUrl":"https:\/\/www.vetorino.com\/boutique\/wp-content\/uploads\/2020\/03\/complement-tartre-petit-chien-12.jpg","width":700,"height":800},{"@type":"BreadcrumbList","@id":"https:\/\/www.vetorino.com\/boutique\/product\/plaisir-tartre-chiens\/#breadcrumb","itemListElement":[{"@type":"ListItem","position":1,"name":"Accueil","item":"https:\/\/www.vetorino.com\/boutique\/"},{"@type":"ListItem","position":2,"name":"Produits","item":"https:\/\/www.vetorino.com\/boutique\/"},{"@type":"ListItem","position":3,"name":"Plaisir Tartre Chiens"}]},{"@type":"WebSite","@id":"https:\/\/www.vetorino.com\/boutique\/#website","url":"https:\/\/www.vetorino.com\/boutique\/","name":"V\u00e9torino","description":"","publisher":{"@id":"https:\/\/www.vetorino.com\/boutique\/#organization"},"potentialAction":[{"@type":"SearchAction","target":{"@type":"EntryPoint","urlTemplate":"https:\/\/www.vetorino.com\/boutique\/?s={search_term_string}"},"query-input":{"@type":"PropertyValueSpecification","valueRequired":true,"valueName":"search_term_string"}}],"inLanguage":"fr-FR"},{"@type":"Organization","@id":"https:\/\/www.vetorino.com\/boutique\/#organization","name":"V\u00e9torino","url":"https:\/\/www.vetorino.com\/boutique\/","logo":{"@type":"ImageObject","inLanguage":"fr-FR","@id":"https:\/\/www.vetorino.com\/boutique\/#\/schema\/logo\/image\/","url":"https:\/\/www.vetorino.com\/boutique\/wp-content\/uploads\/2024\/10\/logo.jpg","contentUrl":"https:\/\/www.vetorino.com\/boutique\/wp-content\/uploads\/2024\/10\/logo.jpg","width":1200,"height":610,"caption":"V\u00e9torino"},"image":{"@id":"https:\/\/www.vetorino.com\/boutique\/#\/schema\/logo\/image\/"},"sameAs":["https:\/\/www.facebook.com\/Vetorino\/","https:\/\/www.instagram.com\/vetorino_off\/","https:\/\/www.linkedin.com\/company\/vtorino\/"]}]},"product_brand":"SV","og_availability":"instock","product_availability":"instock","product_condition":"new"},"_links":{"self":[{"href":"https:\/\/www.vetorino.com\/veterinaire\/ustaritz-64480\/boutique\/wp-json\/wp\/v2\/product\/35433","targetHints":{"allow":["GET"]}}],"collection":[{"href":"https:\/\/www.vetorino.com\/veterinaire\/ustaritz-64480\/boutique\/wp-json\/wp\/v2\/product"}],"about":[{"href":"https:\/\/www.vetorino.com\/veterinaire\/ustaritz-64480\/boutique\/wp-json\/wp\/v2\/types\/product"}],"wp:featuredmedia":[{"embeddable":true,"href":"https:\/\/www.vetorino.com\/veterinaire\/ustaritz-64480\/boutique\/wp-json\/wp\/v2\/media\/77622"}],"wp:attachment":[{"href":"https:\/\/www.vetorino.com\/veterinaire\/ustaritz-64480\/boutique\/wp-json\/wp\/v2\/media?parent=35433"}],"wp:term":[{"taxonomy":"product_cat","embeddable":true,"href":"https:\/\/www.vetorino.com\/veterinaire\/ustaritz-64480\/boutique\/wp-json\/wp\/v2\/product_cat?post=35433"},{"taxonomy":"product_tag","embeddable":true,"href":"https:\/\/www.vetorino.com\/veterinaire\/ustaritz-64480\/boutique\/wp-json\/wp\/v2\/product_tag?post=35433"}],"curies":[{"name":"wp","href":"https:\/\/api.w.org\/{rel}","templated":true}]}}