{"id":35515,"date":"2020-03-04T22:56:11","date_gmt":"2020-03-04T21:56:11","guid":{"rendered":"https:\/\/www.vetorino.com\/boutique\/product\/proplan-dog-optiderma-small-mini-puppy-sensitive-skin-saumon\/"},"modified":"2024-01-19T11:46:40","modified_gmt":"2024-01-19T10:46:40","slug":"proplan-dog-optiderma-small-mini-puppy-sensitive-skin-saumon","status":"publish","type":"product","link":"https:\/\/www.vetorino.com\/veterinaire\/ustaritz-64480\/boutique\/product\/proplan-dog-optiderma-small-mini-puppy-sensitive-skin-saumon\/","title":{"rendered":"Dog Puppy Small &#038; Mini Sensitive Skin"},"content":{"rendered":"<p><strong>Dog Puppy Small &amp; Mini Sensitive Skin est une alimentation compl\u00e8te pour le chiot sous forme de croquettes, contenant une combinaison sp\u00e9cifique de nutriments essentiels, cliniquement prouv\u00e9s pour aider \u00e0 maintenir la bonne sant\u00e9 de la peau et du poil.<\/strong><\/p>\n<p><strong>Utilisation :<\/strong><\/p>\n<ul>\n<li>Chiot de petite race (moins de 10 kg une fois adulte)<\/li>\n<li>Chiot sensible<\/li>\n<\/ul>\n<p><strong>Bienfaits essentiels :<\/strong><\/p>\n<ul>\n<li>Aide \u00e0 maintenir un\u00a0<strong>syst\u00e8me immunitaire sain<\/strong><\/li>\n<li><strong>Sources de prot\u00e9ines<\/strong>\u00a0s\u00e9lectionn\u00e9es pour les chiens sensibles<\/li>\n<li>Cliniquement prouv\u00e9 pour<strong>\u00a0aider \u00e0 maintenir une peau saine<\/strong><\/li>\n<li>Une combinaison de nutriments essentiels pour\u00a0<strong>aider \u00e0 soutenir la bonne sant\u00e9 des articulations de votre chiot<\/strong><\/li>\n<li>Contient des<strong>\u00a0prot\u00e9ines de saumon de haute qualit\u00e9<\/strong><\/li>\n<li>Contient notamment des prot\u00e9ines, des sources d&#8217;acides amin\u00e9s, d&#8217;acides gras essentiels, des vitamines B, du zinc, ainsi que du calcium, phosphore et de la vitamine D pour\u00a0<strong>aider au d\u00e9veloppement des os solides de votre chiot de petite taille<\/strong>.<\/li>\n<\/ul>\n","protected":false},"excerpt":{"rendered":"<p>Les croquettes premium <strong>Optiderma Small &amp; Mini Puppy Sensitive Skin<\/strong>\u00a0apportent une alimentation \u00e9labor\u00e9e pour soutenir la croissance des chiots de petites races \u00e0 la peau sensible et sujets aux r\u00e9actions cutan\u00e9es. Existent en plusieurs conditionnements.<\/p>\n","protected":false},"featured_media":810098,"template":"","meta":[],"product_cat":[12552,12584,2698],"product_tag":[],"class_list":{"0":"post-35515","1":"product","2":"type-product","3":"status-publish","4":"has-post-thumbnail","6":"product_cat-alimentation-du-chien","7":"product_cat-alimentation-premium-pour-chien","8":"product_cat-chien","9":"pa_marque-purina","11":"first","12":"instock","13":"taxable","14":"shipping-taxable","15":"product-type-variable"},"yoast_head":"<!-- This site is optimized with the Yoast SEO plugin v27.3 - https:\/\/yoast.com\/product\/yoast-seo-wordpress\/ -->\n<title>Proplan Dog Puppy Small &amp; Mini Sensitive Skin Purina Pro Plan - V\u00e9torino<\/title>\n<meta name=\"description\" content=\"Les croquettes premium Optiderma Small &amp; Mini Puppy Sensitive Skin\u00a0apportent une alimentation \u00e9labor\u00e9e pour soutenir la croissance des chiots de petites races \u00e0 la peau sensible et sujets aux r\u00e9actions cutan\u00e9es. Existent en plusieurs conditionnements.\" \/>\n<meta name=\"robots\" content=\"noindex, nofollow\" \/>\n<meta property=\"og:locale\" content=\"fr_FR\" \/>\n<meta property=\"og:type\" content=\"article\" \/>\n<meta property=\"og:title\" content=\"Proplan Dog Puppy Small &amp; Mini Sensitive Skin Purina Pro Plan - V\u00e9torino\" \/>\n<meta property=\"og:description\" content=\"Les croquettes premium Optiderma Small &amp; Mini Puppy Sensitive Skin\u00a0apportent une alimentation \u00e9labor\u00e9e pour soutenir la croissance des chiots de petites races \u00e0 la peau sensible et sujets aux r\u00e9actions cutan\u00e9es. Existent en plusieurs conditionnements.\" \/>\n<meta property=\"og:url\" content=\"https:\/\/www.vetorino.com\/veterinaire\/ustaritz-64480\/boutique\/product\/proplan-dog-optiderma-small-mini-puppy-sensitive-skin-saumon\/\" \/>\n<meta property=\"og:site_name\" content=\"V\u00e9torino\" \/>\n<meta property=\"article:publisher\" content=\"https:\/\/www.facebook.com\/Vetorino\/\" \/>\n<meta property=\"article:modified_time\" content=\"2024-01-19T10:46:40+00:00\" \/>\n<meta property=\"og:image\" content=\"https:\/\/www.vetorino.com\/boutique\/wp-content\/uploads\/2020\/03\/dog-puppy-small-mini-sensitive-skin-saumon.webp\" \/>\n\t<meta property=\"og:image:width\" content=\"540\" \/>\n\t<meta property=\"og:image:height\" content=\"540\" \/>\n\t<meta property=\"og:image:type\" content=\"image\/webp\" \/>\n<meta name=\"twitter:card\" content=\"summary_large_image\" \/>\n<meta name=\"twitter:label1\" content=\"Disponibilit\u00e9\" \/>\n\t<meta name=\"twitter:data1\" content=\"En stock\" \/>\n<script type=\"application\/ld+json\" class=\"yoast-schema-graph\">{\"@context\":\"https:\\\/\\\/schema.org\",\"@graph\":[{\"@type\":\"WebPage\",\"@id\":\"https:\\\/\\\/www.vetorino.com\\\/veterinaire\\\/briancon-05100\\\/boutique\\\/product\\\/proplan-dog-optiderma-small-mini-puppy-sensitive-skin-saumon\\\/\",\"url\":\"https:\\\/\\\/www.vetorino.com\\\/veterinaire\\\/briancon-05100\\\/boutique\\\/product\\\/proplan-dog-optiderma-small-mini-puppy-sensitive-skin-saumon\\\/\",\"name\":\"Proplan Dog Puppy Small & Mini Sensitive Skin Purina Pro Plan - V\u00e9torino\",\"isPartOf\":{\"@id\":\"https:\\\/\\\/www.vetorino.com\\\/boutique\\\/#website\"},\"primaryImageOfPage\":{\"@id\":\"https:\\\/\\\/www.vetorino.com\\\/veterinaire\\\/briancon-05100\\\/boutique\\\/product\\\/proplan-dog-optiderma-small-mini-puppy-sensitive-skin-saumon\\\/#primaryimage\"},\"image\":{\"@id\":\"https:\\\/\\\/www.vetorino.com\\\/veterinaire\\\/briancon-05100\\\/boutique\\\/product\\\/proplan-dog-optiderma-small-mini-puppy-sensitive-skin-saumon\\\/#primaryimage\"},\"thumbnailUrl\":\"https:\\\/\\\/www.vetorino.com\\\/boutique\\\/wp-content\\\/uploads\\\/2020\\\/03\\\/dog-puppy-small-mini-sensitive-skin-saumon.webp\",\"datePublished\":\"2020-03-04T21:56:11+00:00\",\"dateModified\":\"2024-01-19T10:46:40+00:00\",\"description\":\"Les croquettes premium Optiderma Small &amp; Mini Puppy Sensitive Skin\u00a0apportent une alimentation \u00e9labor\u00e9e pour soutenir la croissance des chiots de petites races \u00e0 la peau sensible et sujets aux r\u00e9actions cutan\u00e9es. Existent en plusieurs conditionnements.\",\"breadcrumb\":{\"@id\":\"https:\\\/\\\/www.vetorino.com\\\/veterinaire\\\/briancon-05100\\\/boutique\\\/product\\\/proplan-dog-optiderma-small-mini-puppy-sensitive-skin-saumon\\\/#breadcrumb\"},\"inLanguage\":\"fr-FR\",\"potentialAction\":[{\"@type\":\"ReadAction\",\"target\":[\"https:\\\/\\\/www.vetorino.com\\\/veterinaire\\\/briancon-05100\\\/boutique\\\/product\\\/proplan-dog-optiderma-small-mini-puppy-sensitive-skin-saumon\\\/\"]}]},{\"@type\":\"ImageObject\",\"inLanguage\":\"fr-FR\",\"@id\":\"https:\\\/\\\/www.vetorino.com\\\/veterinaire\\\/briancon-05100\\\/boutique\\\/product\\\/proplan-dog-optiderma-small-mini-puppy-sensitive-skin-saumon\\\/#primaryimage\",\"url\":\"https:\\\/\\\/www.vetorino.com\\\/boutique\\\/wp-content\\\/uploads\\\/2020\\\/03\\\/dog-puppy-small-mini-sensitive-skin-saumon.webp\",\"contentUrl\":\"https:\\\/\\\/www.vetorino.com\\\/boutique\\\/wp-content\\\/uploads\\\/2020\\\/03\\\/dog-puppy-small-mini-sensitive-skin-saumon.webp\",\"width\":540,\"height\":540},{\"@type\":\"BreadcrumbList\",\"@id\":\"https:\\\/\\\/www.vetorino.com\\\/veterinaire\\\/briancon-05100\\\/boutique\\\/product\\\/proplan-dog-optiderma-small-mini-puppy-sensitive-skin-saumon\\\/#breadcrumb\",\"itemListElement\":[{\"@type\":\"ListItem\",\"position\":1,\"name\":\"Accueil\",\"item\":\"https:\\\/\\\/www.vetorino.com\\\/boutique\\\/\"},{\"@type\":\"ListItem\",\"position\":2,\"name\":\"Produits\",\"item\":\"https:\\\/\\\/www.vetorino.com\\\/boutique\\\/\"},{\"@type\":\"ListItem\",\"position\":3,\"name\":\"Dog Puppy Small &#038; Mini Sensitive Skin\"}]},{\"@type\":\"WebSite\",\"@id\":\"https:\\\/\\\/www.vetorino.com\\\/boutique\\\/#website\",\"url\":\"https:\\\/\\\/www.vetorino.com\\\/boutique\\\/\",\"name\":\"V\u00e9torino\",\"description\":\"\",\"publisher\":{\"@id\":\"https:\\\/\\\/www.vetorino.com\\\/boutique\\\/#organization\"},\"potentialAction\":[{\"@type\":\"SearchAction\",\"target\":{\"@type\":\"EntryPoint\",\"urlTemplate\":\"https:\\\/\\\/www.vetorino.com\\\/boutique\\\/?s={search_term_string}\"},\"query-input\":{\"@type\":\"PropertyValueSpecification\",\"valueRequired\":true,\"valueName\":\"search_term_string\"}}],\"inLanguage\":\"fr-FR\"},{\"@type\":\"Organization\",\"@id\":\"https:\\\/\\\/www.vetorino.com\\\/boutique\\\/#organization\",\"name\":\"V\u00e9torino\",\"url\":\"https:\\\/\\\/www.vetorino.com\\\/boutique\\\/\",\"logo\":{\"@type\":\"ImageObject\",\"inLanguage\":\"fr-FR\",\"@id\":\"https:\\\/\\\/www.vetorino.com\\\/boutique\\\/#\\\/schema\\\/logo\\\/image\\\/\",\"url\":\"https:\\\/\\\/www.vetorino.com\\\/boutique\\\/wp-content\\\/uploads\\\/2024\\\/10\\\/logo.jpg\",\"contentUrl\":\"https:\\\/\\\/www.vetorino.com\\\/boutique\\\/wp-content\\\/uploads\\\/2024\\\/10\\\/logo.jpg\",\"width\":1200,\"height\":610,\"caption\":\"V\u00e9torino\"},\"image\":{\"@id\":\"https:\\\/\\\/www.vetorino.com\\\/boutique\\\/#\\\/schema\\\/logo\\\/image\\\/\"},\"sameAs\":[\"https:\\\/\\\/www.facebook.com\\\/Vetorino\\\/\",\"https:\\\/\\\/www.instagram.com\\\/vetorino_off\\\/\",\"https:\\\/\\\/www.linkedin.com\\\/company\\\/vtorino\\\/\"]}]}<\/script>\n<meta property=\"product:brand\" content=\"Purina Pro Plan\" \/>\n<meta property=\"og:availability\" content=\"instock\" \/>\n<meta property=\"product:availability\" content=\"instock\" \/>\n<meta property=\"product:condition\" content=\"new\" \/>\n<!-- \/ Yoast SEO plugin. -->","yoast_head_json":{"title":"Proplan Dog Puppy Small & Mini Sensitive Skin Purina Pro Plan - V\u00e9torino","description":"Les croquettes premium Optiderma Small &amp; Mini Puppy Sensitive Skin\u00a0apportent une alimentation \u00e9labor\u00e9e pour soutenir la croissance des chiots de petites races \u00e0 la peau sensible et sujets aux r\u00e9actions cutan\u00e9es. Existent en plusieurs conditionnements.","robots":{"index":"noindex","follow":"nofollow"},"og_locale":"fr_FR","og_type":"article","og_title":"Proplan Dog Puppy Small & Mini Sensitive Skin Purina Pro Plan - V\u00e9torino","og_description":"Les croquettes premium Optiderma Small &amp; Mini Puppy Sensitive Skin\u00a0apportent une alimentation \u00e9labor\u00e9e pour soutenir la croissance des chiots de petites races \u00e0 la peau sensible et sujets aux r\u00e9actions cutan\u00e9es. Existent en plusieurs conditionnements.","og_url":"https:\/\/www.vetorino.com\/veterinaire\/ustaritz-64480\/boutique\/product\/proplan-dog-optiderma-small-mini-puppy-sensitive-skin-saumon\/","og_site_name":"V\u00e9torino","article_publisher":"https:\/\/www.facebook.com\/Vetorino\/","article_modified_time":"2024-01-19T10:46:40+00:00","og_image":[{"width":540,"height":540,"url":"https:\/\/www.vetorino.com\/boutique\/wp-content\/uploads\/2020\/03\/dog-puppy-small-mini-sensitive-skin-saumon.webp","type":"image\/webp"}],"twitter_card":"summary_large_image","twitter_misc":{"Disponibilit\u00e9":"En stock"},"schema":{"@context":"https:\/\/schema.org","@graph":[{"@type":"WebPage","@id":"https:\/\/www.vetorino.com\/veterinaire\/briancon-05100\/boutique\/product\/proplan-dog-optiderma-small-mini-puppy-sensitive-skin-saumon\/","url":"https:\/\/www.vetorino.com\/veterinaire\/briancon-05100\/boutique\/product\/proplan-dog-optiderma-small-mini-puppy-sensitive-skin-saumon\/","name":"Proplan Dog Puppy Small & Mini Sensitive Skin Purina Pro Plan - V\u00e9torino","isPartOf":{"@id":"https:\/\/www.vetorino.com\/boutique\/#website"},"primaryImageOfPage":{"@id":"https:\/\/www.vetorino.com\/veterinaire\/briancon-05100\/boutique\/product\/proplan-dog-optiderma-small-mini-puppy-sensitive-skin-saumon\/#primaryimage"},"image":{"@id":"https:\/\/www.vetorino.com\/veterinaire\/briancon-05100\/boutique\/product\/proplan-dog-optiderma-small-mini-puppy-sensitive-skin-saumon\/#primaryimage"},"thumbnailUrl":"https:\/\/www.vetorino.com\/boutique\/wp-content\/uploads\/2020\/03\/dog-puppy-small-mini-sensitive-skin-saumon.webp","datePublished":"2020-03-04T21:56:11+00:00","dateModified":"2024-01-19T10:46:40+00:00","description":"Les croquettes premium Optiderma Small &amp; Mini Puppy Sensitive Skin\u00a0apportent une alimentation \u00e9labor\u00e9e pour soutenir la croissance des chiots de petites races \u00e0 la peau sensible et sujets aux r\u00e9actions cutan\u00e9es. Existent en plusieurs conditionnements.","breadcrumb":{"@id":"https:\/\/www.vetorino.com\/veterinaire\/briancon-05100\/boutique\/product\/proplan-dog-optiderma-small-mini-puppy-sensitive-skin-saumon\/#breadcrumb"},"inLanguage":"fr-FR","potentialAction":[{"@type":"ReadAction","target":["https:\/\/www.vetorino.com\/veterinaire\/briancon-05100\/boutique\/product\/proplan-dog-optiderma-small-mini-puppy-sensitive-skin-saumon\/"]}]},{"@type":"ImageObject","inLanguage":"fr-FR","@id":"https:\/\/www.vetorino.com\/veterinaire\/briancon-05100\/boutique\/product\/proplan-dog-optiderma-small-mini-puppy-sensitive-skin-saumon\/#primaryimage","url":"https:\/\/www.vetorino.com\/boutique\/wp-content\/uploads\/2020\/03\/dog-puppy-small-mini-sensitive-skin-saumon.webp","contentUrl":"https:\/\/www.vetorino.com\/boutique\/wp-content\/uploads\/2020\/03\/dog-puppy-small-mini-sensitive-skin-saumon.webp","width":540,"height":540},{"@type":"BreadcrumbList","@id":"https:\/\/www.vetorino.com\/veterinaire\/briancon-05100\/boutique\/product\/proplan-dog-optiderma-small-mini-puppy-sensitive-skin-saumon\/#breadcrumb","itemListElement":[{"@type":"ListItem","position":1,"name":"Accueil","item":"https:\/\/www.vetorino.com\/boutique\/"},{"@type":"ListItem","position":2,"name":"Produits","item":"https:\/\/www.vetorino.com\/boutique\/"},{"@type":"ListItem","position":3,"name":"Dog Puppy Small &#038; Mini Sensitive Skin"}]},{"@type":"WebSite","@id":"https:\/\/www.vetorino.com\/boutique\/#website","url":"https:\/\/www.vetorino.com\/boutique\/","name":"V\u00e9torino","description":"","publisher":{"@id":"https:\/\/www.vetorino.com\/boutique\/#organization"},"potentialAction":[{"@type":"SearchAction","target":{"@type":"EntryPoint","urlTemplate":"https:\/\/www.vetorino.com\/boutique\/?s={search_term_string}"},"query-input":{"@type":"PropertyValueSpecification","valueRequired":true,"valueName":"search_term_string"}}],"inLanguage":"fr-FR"},{"@type":"Organization","@id":"https:\/\/www.vetorino.com\/boutique\/#organization","name":"V\u00e9torino","url":"https:\/\/www.vetorino.com\/boutique\/","logo":{"@type":"ImageObject","inLanguage":"fr-FR","@id":"https:\/\/www.vetorino.com\/boutique\/#\/schema\/logo\/image\/","url":"https:\/\/www.vetorino.com\/boutique\/wp-content\/uploads\/2024\/10\/logo.jpg","contentUrl":"https:\/\/www.vetorino.com\/boutique\/wp-content\/uploads\/2024\/10\/logo.jpg","width":1200,"height":610,"caption":"V\u00e9torino"},"image":{"@id":"https:\/\/www.vetorino.com\/boutique\/#\/schema\/logo\/image\/"},"sameAs":["https:\/\/www.facebook.com\/Vetorino\/","https:\/\/www.instagram.com\/vetorino_off\/","https:\/\/www.linkedin.com\/company\/vtorino\/"]}]},"product_brand":"Purina Pro Plan","og_availability":"instock","product_availability":"instock","product_condition":"new"},"_links":{"self":[{"href":"https:\/\/www.vetorino.com\/veterinaire\/ustaritz-64480\/boutique\/wp-json\/wp\/v2\/product\/35515","targetHints":{"allow":["GET"]}}],"collection":[{"href":"https:\/\/www.vetorino.com\/veterinaire\/ustaritz-64480\/boutique\/wp-json\/wp\/v2\/product"}],"about":[{"href":"https:\/\/www.vetorino.com\/veterinaire\/ustaritz-64480\/boutique\/wp-json\/wp\/v2\/types\/product"}],"wp:featuredmedia":[{"embeddable":true,"href":"https:\/\/www.vetorino.com\/veterinaire\/ustaritz-64480\/boutique\/wp-json\/wp\/v2\/media\/810098"}],"wp:attachment":[{"href":"https:\/\/www.vetorino.com\/veterinaire\/ustaritz-64480\/boutique\/wp-json\/wp\/v2\/media?parent=35515"}],"wp:term":[{"taxonomy":"product_cat","embeddable":true,"href":"https:\/\/www.vetorino.com\/veterinaire\/ustaritz-64480\/boutique\/wp-json\/wp\/v2\/product_cat?post=35515"},{"taxonomy":"product_tag","embeddable":true,"href":"https:\/\/www.vetorino.com\/veterinaire\/ustaritz-64480\/boutique\/wp-json\/wp\/v2\/product_tag?post=35515"}],"curies":[{"name":"wp","href":"https:\/\/api.w.org\/{rel}","templated":true}]}}