{"id":35669,"date":"2020-03-04T22:56:59","date_gmt":"2020-03-04T21:56:59","guid":{"rendered":"https:\/\/www.vetorino.com\/boutique\/product\/proplan-dog-optiderma-medium-large-adult-7-sensitive-skin-saumon\/"},"modified":"2024-01-19T16:31:21","modified_gmt":"2024-01-19T15:31:21","slug":"proplan-dog-optiderma-medium-large-adult-7-sensitive-skin-saumon","status":"publish","type":"product","link":"https:\/\/www.vetorino.com\/veterinaire\/ustaritz-64480\/boutique\/product\/proplan-dog-optiderma-medium-large-adult-7-sensitive-skin-saumon\/","title":{"rendered":"Dog Adult 7+ Medium &#038; Large Sensitive Skin Saumon"},"content":{"rendered":"<p><strong>Dog Adult 7+ Medium &amp; Large Sensitive Skin est une alimentation compl\u00e8te pour chien senior, avec des sources de prot\u00e9ines s\u00e9lectionn\u00e9es (saumon, ma\u00efs, soja, \u0153uf d\u00e9shydrat\u00e9, riz et pulpe de betterave d\u00e9shydrat\u00e9e). Elle contient des nutriments essentiels cliniquement prouv\u00e9s pour aider \u00e0 maintenir une peau saine.<\/strong><\/p>\n<p>Nos croquettes aident \u00e9galement \u00e0 r\u00e9duire une sensibilit\u00e9 cutan\u00e9e possible chez le chien mature et aide \u00e0 maintenir la peau saine et le poil brillant.<\/p>\n<p><strong>Utilisation :<\/strong><\/p>\n<ul>\n<li>Chien de plus de 10 kg et ag\u00e9 de plus de 7 ans<\/li>\n<li>Sensiblit\u00e9 cutan\u00e9e<\/li>\n<\/ul>\n<p><strong>Bienfaits essentiels :<\/strong><\/p>\n<ul>\n<li class=\"icon\">Sources de prot\u00e9ines s\u00e9lectionn\u00e9es pour les <strong>chiens sensibles<\/strong><\/li>\n<li class=\"icon\">Cliniquement prouv\u00e9 pour aider \u00e0<strong> maintenir une peau saine<\/strong><\/li>\n<li class=\"icon\"><strong>Soutient la bonne sant\u00e9 des chiens vieillissants<\/strong> gr\u00e2ce \u00e0 une nutrition adapt\u00e9e<\/li>\n<li class=\"icon\">Une combinaison de nutriments essentiels pour <strong>aider \u00e0 soutenir des articulations en bonne sant\u00e9<\/strong><\/li>\n<li class=\"icon\">Contient des prot\u00e9ines de <strong>saumon de haute qualit\u00e9<\/strong><\/li>\n<\/ul>\n","protected":false},"excerpt":{"rendered":"<p><strong>Dog <\/strong><b>Medium\/Large Adult 7+ Sensitive Skin Saumon<\/b>\u00a0est un aliment complet pour chien senior, avec des sources de prot\u00e9ines s\u00e9lectionn\u00e9es. Contient des nutriments essentiels cliniquement prouv\u00e9s pour aider \u00e0 maintenir une peau saine.<\/p>\n","protected":false},"featured_media":796045,"template":"","meta":[],"product_cat":[12552,12584,2698],"product_tag":[],"class_list":{"0":"post-35669","1":"product","2":"type-product","3":"status-publish","4":"has-post-thumbnail","6":"product_cat-alimentation-du-chien","7":"product_cat-alimentation-premium-pour-chien","8":"product_cat-chien","9":"pa_marque-purina","11":"first","12":"instock","13":"taxable","14":"shipping-taxable","15":"product-type-variable"},"yoast_head":"<!-- This site is optimized with the Yoast SEO plugin v27.3 - https:\/\/yoast.com\/product\/yoast-seo-wordpress\/ -->\n<title>Proplan Dog Adult 7+ Medium &amp; Large Sensitive Skin Saumon Purina Pro Plan - V\u00e9torino<\/title>\n<meta name=\"description\" content=\"Dog Medium\/Large Adult 7+ Sensitive Skin Saumon\u00a0est un aliment complet pour chien senior, avec des sources de prot\u00e9ines s\u00e9lectionn\u00e9es. Contient des nutriments essentiels cliniquement prouv\u00e9s pour aider \u00e0 maintenir une peau saine.\" \/>\n<meta name=\"robots\" content=\"noindex, nofollow\" \/>\n<meta property=\"og:locale\" content=\"fr_FR\" \/>\n<meta property=\"og:type\" content=\"article\" \/>\n<meta property=\"og:title\" content=\"Proplan Dog Adult 7+ Medium &amp; Large Sensitive Skin Saumon Purina Pro Plan - V\u00e9torino\" \/>\n<meta property=\"og:description\" content=\"Dog Medium\/Large Adult 7+ Sensitive Skin Saumon\u00a0est un aliment complet pour chien senior, avec des sources de prot\u00e9ines s\u00e9lectionn\u00e9es. Contient des nutriments essentiels cliniquement prouv\u00e9s pour aider \u00e0 maintenir une peau saine.\" \/>\n<meta property=\"og:url\" content=\"https:\/\/www.vetorino.com\/veterinaire\/ustaritz-64480\/boutique\/product\/proplan-dog-optiderma-medium-large-adult-7-sensitive-skin-saumon\/\" \/>\n<meta property=\"og:site_name\" content=\"V\u00e9torino\" \/>\n<meta property=\"article:publisher\" content=\"https:\/\/www.facebook.com\/Vetorino\/\" \/>\n<meta property=\"article:modified_time\" content=\"2024-01-19T15:31:21+00:00\" \/>\n<meta property=\"og:image\" content=\"https:\/\/www.vetorino.com\/boutique\/wp-content\/uploads\/2020\/03\/dog-adult-7-medium-large-sensitive-skin-saumon.webp\" \/>\n\t<meta property=\"og:image:width\" content=\"540\" \/>\n\t<meta property=\"og:image:height\" content=\"540\" \/>\n\t<meta property=\"og:image:type\" content=\"image\/webp\" \/>\n<meta name=\"twitter:card\" content=\"summary_large_image\" \/>\n<meta name=\"twitter:label1\" content=\"Disponibilit\u00e9\" \/>\n\t<meta name=\"twitter:data1\" content=\"En stock\" \/>\n<script type=\"application\/ld+json\" class=\"yoast-schema-graph\">{\"@context\":\"https:\\\/\\\/schema.org\",\"@graph\":[{\"@type\":\"WebPage\",\"@id\":\"https:\\\/\\\/www.vetorino.com\\\/veterinaire\\\/briancon-05100\\\/boutique\\\/product\\\/proplan-dog-optiderma-medium-large-adult-7-sensitive-skin-saumon\\\/\",\"url\":\"https:\\\/\\\/www.vetorino.com\\\/veterinaire\\\/briancon-05100\\\/boutique\\\/product\\\/proplan-dog-optiderma-medium-large-adult-7-sensitive-skin-saumon\\\/\",\"name\":\"Proplan Dog Adult 7+ Medium & Large Sensitive Skin Saumon Purina Pro Plan - V\u00e9torino\",\"isPartOf\":{\"@id\":\"https:\\\/\\\/www.vetorino.com\\\/boutique\\\/#website\"},\"primaryImageOfPage\":{\"@id\":\"https:\\\/\\\/www.vetorino.com\\\/veterinaire\\\/briancon-05100\\\/boutique\\\/product\\\/proplan-dog-optiderma-medium-large-adult-7-sensitive-skin-saumon\\\/#primaryimage\"},\"image\":{\"@id\":\"https:\\\/\\\/www.vetorino.com\\\/veterinaire\\\/briancon-05100\\\/boutique\\\/product\\\/proplan-dog-optiderma-medium-large-adult-7-sensitive-skin-saumon\\\/#primaryimage\"},\"thumbnailUrl\":\"https:\\\/\\\/www.vetorino.com\\\/boutique\\\/wp-content\\\/uploads\\\/2020\\\/03\\\/dog-adult-7-medium-large-sensitive-skin-saumon.webp\",\"datePublished\":\"2020-03-04T21:56:59+00:00\",\"dateModified\":\"2024-01-19T15:31:21+00:00\",\"description\":\"Dog Medium\\\/Large Adult 7+ Sensitive Skin Saumon\u00a0est un aliment complet pour chien senior, avec des sources de prot\u00e9ines s\u00e9lectionn\u00e9es. Contient des nutriments essentiels cliniquement prouv\u00e9s pour aider \u00e0 maintenir une peau saine.\",\"breadcrumb\":{\"@id\":\"https:\\\/\\\/www.vetorino.com\\\/veterinaire\\\/briancon-05100\\\/boutique\\\/product\\\/proplan-dog-optiderma-medium-large-adult-7-sensitive-skin-saumon\\\/#breadcrumb\"},\"inLanguage\":\"fr-FR\",\"potentialAction\":[{\"@type\":\"ReadAction\",\"target\":[\"https:\\\/\\\/www.vetorino.com\\\/veterinaire\\\/briancon-05100\\\/boutique\\\/product\\\/proplan-dog-optiderma-medium-large-adult-7-sensitive-skin-saumon\\\/\"]}]},{\"@type\":\"ImageObject\",\"inLanguage\":\"fr-FR\",\"@id\":\"https:\\\/\\\/www.vetorino.com\\\/veterinaire\\\/briancon-05100\\\/boutique\\\/product\\\/proplan-dog-optiderma-medium-large-adult-7-sensitive-skin-saumon\\\/#primaryimage\",\"url\":\"https:\\\/\\\/www.vetorino.com\\\/boutique\\\/wp-content\\\/uploads\\\/2020\\\/03\\\/dog-adult-7-medium-large-sensitive-skin-saumon.webp\",\"contentUrl\":\"https:\\\/\\\/www.vetorino.com\\\/boutique\\\/wp-content\\\/uploads\\\/2020\\\/03\\\/dog-adult-7-medium-large-sensitive-skin-saumon.webp\",\"width\":540,\"height\":540},{\"@type\":\"BreadcrumbList\",\"@id\":\"https:\\\/\\\/www.vetorino.com\\\/veterinaire\\\/briancon-05100\\\/boutique\\\/product\\\/proplan-dog-optiderma-medium-large-adult-7-sensitive-skin-saumon\\\/#breadcrumb\",\"itemListElement\":[{\"@type\":\"ListItem\",\"position\":1,\"name\":\"Accueil\",\"item\":\"https:\\\/\\\/www.vetorino.com\\\/boutique\\\/\"},{\"@type\":\"ListItem\",\"position\":2,\"name\":\"Produits\",\"item\":\"https:\\\/\\\/www.vetorino.com\\\/boutique\\\/\"},{\"@type\":\"ListItem\",\"position\":3,\"name\":\"Dog Adult 7+ Medium &#038; Large Sensitive Skin Saumon\"}]},{\"@type\":\"WebSite\",\"@id\":\"https:\\\/\\\/www.vetorino.com\\\/boutique\\\/#website\",\"url\":\"https:\\\/\\\/www.vetorino.com\\\/boutique\\\/\",\"name\":\"V\u00e9torino\",\"description\":\"\",\"publisher\":{\"@id\":\"https:\\\/\\\/www.vetorino.com\\\/boutique\\\/#organization\"},\"potentialAction\":[{\"@type\":\"SearchAction\",\"target\":{\"@type\":\"EntryPoint\",\"urlTemplate\":\"https:\\\/\\\/www.vetorino.com\\\/boutique\\\/?s={search_term_string}\"},\"query-input\":{\"@type\":\"PropertyValueSpecification\",\"valueRequired\":true,\"valueName\":\"search_term_string\"}}],\"inLanguage\":\"fr-FR\"},{\"@type\":\"Organization\",\"@id\":\"https:\\\/\\\/www.vetorino.com\\\/boutique\\\/#organization\",\"name\":\"V\u00e9torino\",\"url\":\"https:\\\/\\\/www.vetorino.com\\\/boutique\\\/\",\"logo\":{\"@type\":\"ImageObject\",\"inLanguage\":\"fr-FR\",\"@id\":\"https:\\\/\\\/www.vetorino.com\\\/boutique\\\/#\\\/schema\\\/logo\\\/image\\\/\",\"url\":\"https:\\\/\\\/www.vetorino.com\\\/boutique\\\/wp-content\\\/uploads\\\/2024\\\/10\\\/logo.jpg\",\"contentUrl\":\"https:\\\/\\\/www.vetorino.com\\\/boutique\\\/wp-content\\\/uploads\\\/2024\\\/10\\\/logo.jpg\",\"width\":1200,\"height\":610,\"caption\":\"V\u00e9torino\"},\"image\":{\"@id\":\"https:\\\/\\\/www.vetorino.com\\\/boutique\\\/#\\\/schema\\\/logo\\\/image\\\/\"},\"sameAs\":[\"https:\\\/\\\/www.facebook.com\\\/Vetorino\\\/\",\"https:\\\/\\\/www.instagram.com\\\/vetorino_off\\\/\",\"https:\\\/\\\/www.linkedin.com\\\/company\\\/vtorino\\\/\"]}]}<\/script>\n<meta property=\"product:brand\" content=\"Purina Pro Plan\" \/>\n<meta property=\"og:availability\" content=\"instock\" \/>\n<meta property=\"product:availability\" content=\"instock\" \/>\n<meta property=\"product:condition\" content=\"new\" \/>\n<!-- \/ Yoast SEO plugin. -->","yoast_head_json":{"title":"Proplan Dog Adult 7+ Medium & Large Sensitive Skin Saumon Purina Pro Plan - V\u00e9torino","description":"Dog Medium\/Large Adult 7+ Sensitive Skin Saumon\u00a0est un aliment complet pour chien senior, avec des sources de prot\u00e9ines s\u00e9lectionn\u00e9es. Contient des nutriments essentiels cliniquement prouv\u00e9s pour aider \u00e0 maintenir une peau saine.","robots":{"index":"noindex","follow":"nofollow"},"og_locale":"fr_FR","og_type":"article","og_title":"Proplan Dog Adult 7+ Medium & Large Sensitive Skin Saumon Purina Pro Plan - V\u00e9torino","og_description":"Dog Medium\/Large Adult 7+ Sensitive Skin Saumon\u00a0est un aliment complet pour chien senior, avec des sources de prot\u00e9ines s\u00e9lectionn\u00e9es. Contient des nutriments essentiels cliniquement prouv\u00e9s pour aider \u00e0 maintenir une peau saine.","og_url":"https:\/\/www.vetorino.com\/veterinaire\/ustaritz-64480\/boutique\/product\/proplan-dog-optiderma-medium-large-adult-7-sensitive-skin-saumon\/","og_site_name":"V\u00e9torino","article_publisher":"https:\/\/www.facebook.com\/Vetorino\/","article_modified_time":"2024-01-19T15:31:21+00:00","og_image":[{"width":540,"height":540,"url":"https:\/\/www.vetorino.com\/boutique\/wp-content\/uploads\/2020\/03\/dog-adult-7-medium-large-sensitive-skin-saumon.webp","type":"image\/webp"}],"twitter_card":"summary_large_image","twitter_misc":{"Disponibilit\u00e9":"En stock"},"schema":{"@context":"https:\/\/schema.org","@graph":[{"@type":"WebPage","@id":"https:\/\/www.vetorino.com\/veterinaire\/briancon-05100\/boutique\/product\/proplan-dog-optiderma-medium-large-adult-7-sensitive-skin-saumon\/","url":"https:\/\/www.vetorino.com\/veterinaire\/briancon-05100\/boutique\/product\/proplan-dog-optiderma-medium-large-adult-7-sensitive-skin-saumon\/","name":"Proplan Dog Adult 7+ Medium & Large Sensitive Skin Saumon Purina Pro Plan - V\u00e9torino","isPartOf":{"@id":"https:\/\/www.vetorino.com\/boutique\/#website"},"primaryImageOfPage":{"@id":"https:\/\/www.vetorino.com\/veterinaire\/briancon-05100\/boutique\/product\/proplan-dog-optiderma-medium-large-adult-7-sensitive-skin-saumon\/#primaryimage"},"image":{"@id":"https:\/\/www.vetorino.com\/veterinaire\/briancon-05100\/boutique\/product\/proplan-dog-optiderma-medium-large-adult-7-sensitive-skin-saumon\/#primaryimage"},"thumbnailUrl":"https:\/\/www.vetorino.com\/boutique\/wp-content\/uploads\/2020\/03\/dog-adult-7-medium-large-sensitive-skin-saumon.webp","datePublished":"2020-03-04T21:56:59+00:00","dateModified":"2024-01-19T15:31:21+00:00","description":"Dog Medium\/Large Adult 7+ Sensitive Skin Saumon\u00a0est un aliment complet pour chien senior, avec des sources de prot\u00e9ines s\u00e9lectionn\u00e9es. Contient des nutriments essentiels cliniquement prouv\u00e9s pour aider \u00e0 maintenir une peau saine.","breadcrumb":{"@id":"https:\/\/www.vetorino.com\/veterinaire\/briancon-05100\/boutique\/product\/proplan-dog-optiderma-medium-large-adult-7-sensitive-skin-saumon\/#breadcrumb"},"inLanguage":"fr-FR","potentialAction":[{"@type":"ReadAction","target":["https:\/\/www.vetorino.com\/veterinaire\/briancon-05100\/boutique\/product\/proplan-dog-optiderma-medium-large-adult-7-sensitive-skin-saumon\/"]}]},{"@type":"ImageObject","inLanguage":"fr-FR","@id":"https:\/\/www.vetorino.com\/veterinaire\/briancon-05100\/boutique\/product\/proplan-dog-optiderma-medium-large-adult-7-sensitive-skin-saumon\/#primaryimage","url":"https:\/\/www.vetorino.com\/boutique\/wp-content\/uploads\/2020\/03\/dog-adult-7-medium-large-sensitive-skin-saumon.webp","contentUrl":"https:\/\/www.vetorino.com\/boutique\/wp-content\/uploads\/2020\/03\/dog-adult-7-medium-large-sensitive-skin-saumon.webp","width":540,"height":540},{"@type":"BreadcrumbList","@id":"https:\/\/www.vetorino.com\/veterinaire\/briancon-05100\/boutique\/product\/proplan-dog-optiderma-medium-large-adult-7-sensitive-skin-saumon\/#breadcrumb","itemListElement":[{"@type":"ListItem","position":1,"name":"Accueil","item":"https:\/\/www.vetorino.com\/boutique\/"},{"@type":"ListItem","position":2,"name":"Produits","item":"https:\/\/www.vetorino.com\/boutique\/"},{"@type":"ListItem","position":3,"name":"Dog Adult 7+ Medium &#038; Large Sensitive Skin Saumon"}]},{"@type":"WebSite","@id":"https:\/\/www.vetorino.com\/boutique\/#website","url":"https:\/\/www.vetorino.com\/boutique\/","name":"V\u00e9torino","description":"","publisher":{"@id":"https:\/\/www.vetorino.com\/boutique\/#organization"},"potentialAction":[{"@type":"SearchAction","target":{"@type":"EntryPoint","urlTemplate":"https:\/\/www.vetorino.com\/boutique\/?s={search_term_string}"},"query-input":{"@type":"PropertyValueSpecification","valueRequired":true,"valueName":"search_term_string"}}],"inLanguage":"fr-FR"},{"@type":"Organization","@id":"https:\/\/www.vetorino.com\/boutique\/#organization","name":"V\u00e9torino","url":"https:\/\/www.vetorino.com\/boutique\/","logo":{"@type":"ImageObject","inLanguage":"fr-FR","@id":"https:\/\/www.vetorino.com\/boutique\/#\/schema\/logo\/image\/","url":"https:\/\/www.vetorino.com\/boutique\/wp-content\/uploads\/2024\/10\/logo.jpg","contentUrl":"https:\/\/www.vetorino.com\/boutique\/wp-content\/uploads\/2024\/10\/logo.jpg","width":1200,"height":610,"caption":"V\u00e9torino"},"image":{"@id":"https:\/\/www.vetorino.com\/boutique\/#\/schema\/logo\/image\/"},"sameAs":["https:\/\/www.facebook.com\/Vetorino\/","https:\/\/www.instagram.com\/vetorino_off\/","https:\/\/www.linkedin.com\/company\/vtorino\/"]}]},"product_brand":"Purina Pro Plan","og_availability":"instock","product_availability":"instock","product_condition":"new"},"_links":{"self":[{"href":"https:\/\/www.vetorino.com\/veterinaire\/ustaritz-64480\/boutique\/wp-json\/wp\/v2\/product\/35669","targetHints":{"allow":["GET"]}}],"collection":[{"href":"https:\/\/www.vetorino.com\/veterinaire\/ustaritz-64480\/boutique\/wp-json\/wp\/v2\/product"}],"about":[{"href":"https:\/\/www.vetorino.com\/veterinaire\/ustaritz-64480\/boutique\/wp-json\/wp\/v2\/types\/product"}],"wp:featuredmedia":[{"embeddable":true,"href":"https:\/\/www.vetorino.com\/veterinaire\/ustaritz-64480\/boutique\/wp-json\/wp\/v2\/media\/796045"}],"wp:attachment":[{"href":"https:\/\/www.vetorino.com\/veterinaire\/ustaritz-64480\/boutique\/wp-json\/wp\/v2\/media?parent=35669"}],"wp:term":[{"taxonomy":"product_cat","embeddable":true,"href":"https:\/\/www.vetorino.com\/veterinaire\/ustaritz-64480\/boutique\/wp-json\/wp\/v2\/product_cat?post=35669"},{"taxonomy":"product_tag","embeddable":true,"href":"https:\/\/www.vetorino.com\/veterinaire\/ustaritz-64480\/boutique\/wp-json\/wp\/v2\/product_tag?post=35669"}],"curies":[{"name":"wp","href":"https:\/\/api.w.org\/{rel}","templated":true}]}}