{"id":36015,"date":"2020-03-04T23:01:19","date_gmt":"2020-03-04T22:01:19","guid":{"rendered":"https:\/\/www.vetorino.com\/boutique\/product\/dermoscent-efa-physio-shampooing\/"},"modified":"2025-05-07T11:22:13","modified_gmt":"2025-05-07T09:22:13","slug":"dermoscent-efa-physio-shampooing","status":"publish","type":"product","link":"https:\/\/www.vetorino.com\/veterinaire\/ustaritz-64480\/boutique\/product\/dermoscent-efa-physio-shampooing\/","title":{"rendered":"Dermoscent EFA Physio \u2013 Shampoing Nourrissant"},"content":{"rendered":"<p><b>Dermoscent\u00ae EFA Physio Shampoo, est un shampooing doux con\u00e7u pour l\u2019hygi\u00e8ne r\u00e9guli\u00e8re de tous les types de peaux et pelages, incluant les plus fragiles tels que ceux des chiots et des chatons.<\/b><\/p>\n<p><strong>Utilisation :<\/strong><\/p>\n<ul>\n<li>Entretien, hygi\u00e8ne physiologique.<\/li>\n<li>Bain fr\u00e9quent.<\/li>\n<li>1er bain des chiots et chatons.<\/li>\n<\/ul>\n<p><strong>Mode d&#8217;emploi :<\/strong><\/p>\n<ul>\n<li>Appliquer le shampoing sur le pelage pr\u00e9alablement mouill\u00e9 \u00e0 l&#8217;eau ti\u00e8de.<\/li>\n<li>R\u00e9partir en massant pour d\u00e9velopper une mousse onctueuse sur tout le corps.<\/li>\n<li>Laisser agir au moins deux minutes.<\/li>\n<li>Rincer abondament puis s\u00e9cher l&#8217;animal.<\/li>\n<\/ul>\n<p><strong>Avantages :<\/strong><\/p>\n<ul>\n<li>Par un entretien r\u00e9gulier, apporte brillance et volume et\u00a0<strong>facilite le brossage<\/strong>.<\/li>\n<li>Particuli\u00e8rement indiqu\u00e9 pour alterner avec les shampoings dermatologiques et ainsi\u00a0<strong>reconstruire la barri\u00e8re cutan\u00e9e fragilis\u00e9e<\/strong>.<\/li>\n<li>Parfait pour la peau sensible des\u00a0<strong>chiots et chatons<\/strong>.<\/li>\n<\/ul>\n","protected":false},"excerpt":{"rendered":"<p><b>\u00a0Dermoscent\u00ae EFA Physio Shampoo, est un shampoing doux con\u00e7u pour l\u2019hygi\u00e8ne r\u00e9guli\u00e8re de tous les types de peaux et pelages, incluant les plus fragiles tels que ceux des chiots et des chatons.<\/b><\/p>\n<p><strong>Utilisation :<\/strong><\/p>\n<ul>\n<li>Entretien, hygi\u00e8ne physiologique.<\/li>\n<li>Bain fr\u00e9quent.<\/li>\n<li>1er bain des chiots et chatons.<\/li>\n<\/ul>\n","protected":false},"featured_media":912629,"template":"","meta":[],"product_cat":[2697,2698,12611,12612,12560,12561],"product_tag":[],"class_list":{"0":"post-36015","1":"product","2":"type-product","3":"status-publish","4":"has-post-thumbnail","6":"product_cat-chat","7":"product_cat-chien","8":"product_cat-hygiene-de-la-peau-et-du-pelage-du-chat","9":"product_cat-hygiene-de-la-peau-et-du-pelage-du-chien","10":"product_cat-hygiene-du-chat","11":"product_cat-hygiene-du-chien","12":"pa_marque-dermoscent","14":"first","15":"instock","16":"taxable","17":"shipping-taxable","18":"purchasable","19":"product-type-variable"},"yoast_head":"<!-- This site is optimized with the Yoast SEO plugin v27.3 - https:\/\/yoast.com\/product\/yoast-seo-wordpress\/ -->\n<title>Dermoscent EFA Physio \u2013 Shampoing Nourrissant Dermoscent - V\u00e9torino<\/title>\n<meta name=\"description\" content=\"\u00a0Dermoscent\u00ae EFA Physio Shampoo, est un shampoing doux con\u00e7u pour l\u2019hygi\u00e8ne r\u00e9guli\u00e8re de tous les types de peaux et pelages, incluant les plus fragiles tels que ceux des chiots et des chatons.  Utilisation :   Entretien, hygi\u00e8ne physiologique.  Bain fr\u00e9quent.  1er bain des chiots et chatons.\" \/>\n<meta name=\"robots\" content=\"noindex, nofollow\" \/>\n<meta property=\"og:locale\" content=\"fr_FR\" \/>\n<meta property=\"og:type\" content=\"article\" \/>\n<meta property=\"og:title\" content=\"Dermoscent EFA Physio \u2013 Shampoing Nourrissant Dermoscent - V\u00e9torino\" \/>\n<meta property=\"og:description\" content=\"\u00a0Dermoscent\u00ae EFA Physio Shampoo, est un shampoing doux con\u00e7u pour l\u2019hygi\u00e8ne r\u00e9guli\u00e8re de tous les types de peaux et pelages, incluant les plus fragiles tels que ceux des chiots et des chatons.  Utilisation :   Entretien, hygi\u00e8ne physiologique.  Bain fr\u00e9quent.  1er bain des chiots et chatons.\" \/>\n<meta property=\"og:url\" content=\"https:\/\/www.vetorino.com\/veterinaire\/ustaritz-64480\/boutique\/product\/dermoscent-efa-physio-shampooing\/\" \/>\n<meta property=\"og:site_name\" content=\"V\u00e9torino\" \/>\n<meta property=\"article:publisher\" content=\"https:\/\/www.facebook.com\/Vetorino\/\" \/>\n<meta property=\"article:modified_time\" content=\"2025-05-07T09:22:13+00:00\" \/>\n<meta property=\"og:image\" content=\"https:\/\/www.vetorino.com\/boutique\/wp-content\/uploads\/2020\/06\/efa-physio-shampoo.png\" \/>\n\t<meta property=\"og:image:width\" content=\"540\" \/>\n\t<meta property=\"og:image:height\" content=\"540\" \/>\n\t<meta property=\"og:image:type\" content=\"image\/png\" \/>\n<meta name=\"twitter:card\" content=\"summary_large_image\" \/>\n<meta name=\"twitter:label1\" content=\"Disponibilit\u00e9\" \/>\n\t<meta name=\"twitter:data1\" content=\"En stock\" \/>\n<script type=\"application\/ld+json\" class=\"yoast-schema-graph\">{\"@context\":\"https:\\\/\\\/schema.org\",\"@graph\":[{\"@type\":\"WebPage\",\"@id\":\"https:\\\/\\\/www.vetorino.com\\\/boutique\\\/product\\\/dermoscent-efa-physio-shampooing\\\/\",\"url\":\"https:\\\/\\\/www.vetorino.com\\\/boutique\\\/product\\\/dermoscent-efa-physio-shampooing\\\/\",\"name\":\"Dermoscent EFA Physio \u2013 Shampoing Nourrissant Dermoscent - V\u00e9torino\",\"isPartOf\":{\"@id\":\"https:\\\/\\\/www.vetorino.com\\\/boutique\\\/#website\"},\"primaryImageOfPage\":{\"@id\":\"https:\\\/\\\/www.vetorino.com\\\/boutique\\\/product\\\/dermoscent-efa-physio-shampooing\\\/#primaryimage\"},\"image\":{\"@id\":\"https:\\\/\\\/www.vetorino.com\\\/boutique\\\/product\\\/dermoscent-efa-physio-shampooing\\\/#primaryimage\"},\"thumbnailUrl\":\"https:\\\/\\\/www.vetorino.com\\\/boutique\\\/wp-content\\\/uploads\\\/2020\\\/06\\\/efa-physio-shampoo.png\",\"datePublished\":\"2020-03-04T22:01:19+00:00\",\"dateModified\":\"2025-05-07T09:22:13+00:00\",\"description\":\"\u00a0Dermoscent\u00ae EFA Physio Shampoo, est un shampoing doux con\u00e7u pour l\u2019hygi\u00e8ne r\u00e9guli\u00e8re de tous les types de peaux et pelages, incluant les plus fragiles tels que ceux des chiots et des chatons. Utilisation : Entretien, hygi\u00e8ne physiologique. Bain fr\u00e9quent. 1er bain des chiots et chatons.\",\"breadcrumb\":{\"@id\":\"https:\\\/\\\/www.vetorino.com\\\/boutique\\\/product\\\/dermoscent-efa-physio-shampooing\\\/#breadcrumb\"},\"inLanguage\":\"fr-FR\",\"potentialAction\":[{\"@type\":\"ReadAction\",\"target\":[\"https:\\\/\\\/www.vetorino.com\\\/boutique\\\/product\\\/dermoscent-efa-physio-shampooing\\\/\"]}]},{\"@type\":\"ImageObject\",\"inLanguage\":\"fr-FR\",\"@id\":\"https:\\\/\\\/www.vetorino.com\\\/boutique\\\/product\\\/dermoscent-efa-physio-shampooing\\\/#primaryimage\",\"url\":\"https:\\\/\\\/www.vetorino.com\\\/boutique\\\/wp-content\\\/uploads\\\/2020\\\/06\\\/efa-physio-shampoo.png\",\"contentUrl\":\"https:\\\/\\\/www.vetorino.com\\\/boutique\\\/wp-content\\\/uploads\\\/2020\\\/06\\\/efa-physio-shampoo.png\",\"width\":540,\"height\":540},{\"@type\":\"BreadcrumbList\",\"@id\":\"https:\\\/\\\/www.vetorino.com\\\/boutique\\\/product\\\/dermoscent-efa-physio-shampooing\\\/#breadcrumb\",\"itemListElement\":[{\"@type\":\"ListItem\",\"position\":1,\"name\":\"Accueil\",\"item\":\"https:\\\/\\\/www.vetorino.com\\\/boutique\\\/\"},{\"@type\":\"ListItem\",\"position\":2,\"name\":\"Produits\",\"item\":\"https:\\\/\\\/www.vetorino.com\\\/boutique\\\/\"},{\"@type\":\"ListItem\",\"position\":3,\"name\":\"Dermoscent EFA Physio \u2013 Shampoing Nourrissant\"}]},{\"@type\":\"WebSite\",\"@id\":\"https:\\\/\\\/www.vetorino.com\\\/boutique\\\/#website\",\"url\":\"https:\\\/\\\/www.vetorino.com\\\/boutique\\\/\",\"name\":\"V\u00e9torino\",\"description\":\"\",\"publisher\":{\"@id\":\"https:\\\/\\\/www.vetorino.com\\\/boutique\\\/#organization\"},\"potentialAction\":[{\"@type\":\"SearchAction\",\"target\":{\"@type\":\"EntryPoint\",\"urlTemplate\":\"https:\\\/\\\/www.vetorino.com\\\/boutique\\\/?s={search_term_string}\"},\"query-input\":{\"@type\":\"PropertyValueSpecification\",\"valueRequired\":true,\"valueName\":\"search_term_string\"}}],\"inLanguage\":\"fr-FR\"},{\"@type\":\"Organization\",\"@id\":\"https:\\\/\\\/www.vetorino.com\\\/boutique\\\/#organization\",\"name\":\"V\u00e9torino\",\"url\":\"https:\\\/\\\/www.vetorino.com\\\/boutique\\\/\",\"logo\":{\"@type\":\"ImageObject\",\"inLanguage\":\"fr-FR\",\"@id\":\"https:\\\/\\\/www.vetorino.com\\\/boutique\\\/#\\\/schema\\\/logo\\\/image\\\/\",\"url\":\"https:\\\/\\\/www.vetorino.com\\\/boutique\\\/wp-content\\\/uploads\\\/2024\\\/10\\\/logo.jpg\",\"contentUrl\":\"https:\\\/\\\/www.vetorino.com\\\/boutique\\\/wp-content\\\/uploads\\\/2024\\\/10\\\/logo.jpg\",\"width\":1200,\"height\":610,\"caption\":\"V\u00e9torino\"},\"image\":{\"@id\":\"https:\\\/\\\/www.vetorino.com\\\/boutique\\\/#\\\/schema\\\/logo\\\/image\\\/\"},\"sameAs\":[\"https:\\\/\\\/www.facebook.com\\\/Vetorino\\\/\",\"https:\\\/\\\/www.instagram.com\\\/vetorino_off\\\/\",\"https:\\\/\\\/www.linkedin.com\\\/company\\\/vtorino\\\/\"]}]}<\/script>\n<meta property=\"product:brand\" content=\"Dermoscent\" \/>\n<meta property=\"og:availability\" content=\"instock\" \/>\n<meta property=\"product:availability\" content=\"instock\" \/>\n<meta property=\"product:condition\" content=\"new\" \/>\n<!-- \/ Yoast SEO plugin. -->","yoast_head_json":{"title":"Dermoscent EFA Physio \u2013 Shampoing Nourrissant Dermoscent - V\u00e9torino","description":"\u00a0Dermoscent\u00ae EFA Physio Shampoo, est un shampoing doux con\u00e7u pour l\u2019hygi\u00e8ne r\u00e9guli\u00e8re de tous les types de peaux et pelages, incluant les plus fragiles tels que ceux des chiots et des chatons.  Utilisation :   Entretien, hygi\u00e8ne physiologique.  Bain fr\u00e9quent.  1er bain des chiots et chatons.","robots":{"index":"noindex","follow":"nofollow"},"og_locale":"fr_FR","og_type":"article","og_title":"Dermoscent EFA Physio \u2013 Shampoing Nourrissant Dermoscent - V\u00e9torino","og_description":"\u00a0Dermoscent\u00ae EFA Physio Shampoo, est un shampoing doux con\u00e7u pour l\u2019hygi\u00e8ne r\u00e9guli\u00e8re de tous les types de peaux et pelages, incluant les plus fragiles tels que ceux des chiots et des chatons.  Utilisation :   Entretien, hygi\u00e8ne physiologique.  Bain fr\u00e9quent.  1er bain des chiots et chatons.","og_url":"https:\/\/www.vetorino.com\/veterinaire\/ustaritz-64480\/boutique\/product\/dermoscent-efa-physio-shampooing\/","og_site_name":"V\u00e9torino","article_publisher":"https:\/\/www.facebook.com\/Vetorino\/","article_modified_time":"2025-05-07T09:22:13+00:00","og_image":[{"width":540,"height":540,"url":"https:\/\/www.vetorino.com\/boutique\/wp-content\/uploads\/2020\/06\/efa-physio-shampoo.png","type":"image\/png"}],"twitter_card":"summary_large_image","twitter_misc":{"Disponibilit\u00e9":"En stock"},"schema":{"@context":"https:\/\/schema.org","@graph":[{"@type":"WebPage","@id":"https:\/\/www.vetorino.com\/boutique\/product\/dermoscent-efa-physio-shampooing\/","url":"https:\/\/www.vetorino.com\/boutique\/product\/dermoscent-efa-physio-shampooing\/","name":"Dermoscent EFA Physio \u2013 Shampoing Nourrissant Dermoscent - V\u00e9torino","isPartOf":{"@id":"https:\/\/www.vetorino.com\/boutique\/#website"},"primaryImageOfPage":{"@id":"https:\/\/www.vetorino.com\/boutique\/product\/dermoscent-efa-physio-shampooing\/#primaryimage"},"image":{"@id":"https:\/\/www.vetorino.com\/boutique\/product\/dermoscent-efa-physio-shampooing\/#primaryimage"},"thumbnailUrl":"https:\/\/www.vetorino.com\/boutique\/wp-content\/uploads\/2020\/06\/efa-physio-shampoo.png","datePublished":"2020-03-04T22:01:19+00:00","dateModified":"2025-05-07T09:22:13+00:00","description":"\u00a0Dermoscent\u00ae EFA Physio Shampoo, est un shampoing doux con\u00e7u pour l\u2019hygi\u00e8ne r\u00e9guli\u00e8re de tous les types de peaux et pelages, incluant les plus fragiles tels que ceux des chiots et des chatons. Utilisation : Entretien, hygi\u00e8ne physiologique. Bain fr\u00e9quent. 1er bain des chiots et chatons.","breadcrumb":{"@id":"https:\/\/www.vetorino.com\/boutique\/product\/dermoscent-efa-physio-shampooing\/#breadcrumb"},"inLanguage":"fr-FR","potentialAction":[{"@type":"ReadAction","target":["https:\/\/www.vetorino.com\/boutique\/product\/dermoscent-efa-physio-shampooing\/"]}]},{"@type":"ImageObject","inLanguage":"fr-FR","@id":"https:\/\/www.vetorino.com\/boutique\/product\/dermoscent-efa-physio-shampooing\/#primaryimage","url":"https:\/\/www.vetorino.com\/boutique\/wp-content\/uploads\/2020\/06\/efa-physio-shampoo.png","contentUrl":"https:\/\/www.vetorino.com\/boutique\/wp-content\/uploads\/2020\/06\/efa-physio-shampoo.png","width":540,"height":540},{"@type":"BreadcrumbList","@id":"https:\/\/www.vetorino.com\/boutique\/product\/dermoscent-efa-physio-shampooing\/#breadcrumb","itemListElement":[{"@type":"ListItem","position":1,"name":"Accueil","item":"https:\/\/www.vetorino.com\/boutique\/"},{"@type":"ListItem","position":2,"name":"Produits","item":"https:\/\/www.vetorino.com\/boutique\/"},{"@type":"ListItem","position":3,"name":"Dermoscent EFA Physio \u2013 Shampoing Nourrissant"}]},{"@type":"WebSite","@id":"https:\/\/www.vetorino.com\/boutique\/#website","url":"https:\/\/www.vetorino.com\/boutique\/","name":"V\u00e9torino","description":"","publisher":{"@id":"https:\/\/www.vetorino.com\/boutique\/#organization"},"potentialAction":[{"@type":"SearchAction","target":{"@type":"EntryPoint","urlTemplate":"https:\/\/www.vetorino.com\/boutique\/?s={search_term_string}"},"query-input":{"@type":"PropertyValueSpecification","valueRequired":true,"valueName":"search_term_string"}}],"inLanguage":"fr-FR"},{"@type":"Organization","@id":"https:\/\/www.vetorino.com\/boutique\/#organization","name":"V\u00e9torino","url":"https:\/\/www.vetorino.com\/boutique\/","logo":{"@type":"ImageObject","inLanguage":"fr-FR","@id":"https:\/\/www.vetorino.com\/boutique\/#\/schema\/logo\/image\/","url":"https:\/\/www.vetorino.com\/boutique\/wp-content\/uploads\/2024\/10\/logo.jpg","contentUrl":"https:\/\/www.vetorino.com\/boutique\/wp-content\/uploads\/2024\/10\/logo.jpg","width":1200,"height":610,"caption":"V\u00e9torino"},"image":{"@id":"https:\/\/www.vetorino.com\/boutique\/#\/schema\/logo\/image\/"},"sameAs":["https:\/\/www.facebook.com\/Vetorino\/","https:\/\/www.instagram.com\/vetorino_off\/","https:\/\/www.linkedin.com\/company\/vtorino\/"]}]},"product_brand":"Dermoscent","og_availability":"instock","product_availability":"instock","product_condition":"new"},"_links":{"self":[{"href":"https:\/\/www.vetorino.com\/veterinaire\/ustaritz-64480\/boutique\/wp-json\/wp\/v2\/product\/36015","targetHints":{"allow":["GET"]}}],"collection":[{"href":"https:\/\/www.vetorino.com\/veterinaire\/ustaritz-64480\/boutique\/wp-json\/wp\/v2\/product"}],"about":[{"href":"https:\/\/www.vetorino.com\/veterinaire\/ustaritz-64480\/boutique\/wp-json\/wp\/v2\/types\/product"}],"wp:featuredmedia":[{"embeddable":true,"href":"https:\/\/www.vetorino.com\/veterinaire\/ustaritz-64480\/boutique\/wp-json\/wp\/v2\/media\/912629"}],"wp:attachment":[{"href":"https:\/\/www.vetorino.com\/veterinaire\/ustaritz-64480\/boutique\/wp-json\/wp\/v2\/media?parent=36015"}],"wp:term":[{"taxonomy":"product_cat","embeddable":true,"href":"https:\/\/www.vetorino.com\/veterinaire\/ustaritz-64480\/boutique\/wp-json\/wp\/v2\/product_cat?post=36015"},{"taxonomy":"product_tag","embeddable":true,"href":"https:\/\/www.vetorino.com\/veterinaire\/ustaritz-64480\/boutique\/wp-json\/wp\/v2\/product_tag?post=36015"}],"curies":[{"name":"wp","href":"https:\/\/api.w.org\/{rel}","templated":true}]}}