{"id":36255,"date":"2020-03-04T23:02:39","date_gmt":"2020-03-04T22:02:39","guid":{"rendered":"https:\/\/www.vetorino.com\/boutique\/product\/vetessentials-canine-puppy-mini\/"},"modified":"2025-01-16T11:05:26","modified_gmt":"2025-01-16T10:05:26","slug":"vetessentials-canine-puppy-mini","status":"publish","type":"product","link":"https:\/\/www.vetorino.com\/veterinaire\/ustaritz-64480\/boutique\/product\/vetessentials-canine-puppy-mini\/","title":{"rendered":"Multi-Benefit Puppy Small&amp;Mini Poulet"},"content":{"rendered":"<p><strong>Hill&#8217;s VetEssentials\u00a0Canine Puppy Growth Small &amp; Mini est une\u00a0nutrition de pointe pour une alimentation compl\u00e8te et \u00e9quilibr\u00e9e qui permet de r\u00e9pondre aux 5 besoins essentiels de votre chiot d\u00e8s l&#8217;\u00e2ge de 4 semaines pour une croissance optimale et un d\u00e9veloppement en parfaite sant\u00e9.\u00a0<\/strong><\/p>\n<p>Taille des croquettes :\u00a08.1x6mm<\/p>\n<p><strong>Utilisation :<br \/>\n<\/strong><\/p>\n<ul>\n<li>Chiot de petite race (moins de 10 kg une fois adulte).<\/li>\n<li>Chienne en gestation ou en lactation.<\/li>\n<\/ul>\n<p><strong>Bienfaits essentiels :<\/strong><\/p>\n<ul>\n<li><strong>Immunit\u00e9<\/strong>\u00a0: Des antioxydants \u00e0 l\u2019efficacit\u00e9 cliniquement prouv\u00e9e avec notamment des taux \u00e9lev\u00e9s en vitamine E pour soutenir un syst\u00e8me immunitaire sain.<\/li>\n<li><strong>Vitalit\u00e9<\/strong>\u00a0: Un \u00e9quilibre pr\u00e9cis de min\u00e9raux et d\u2019acides gras Om\u00e9ga-3 pour un d\u00e9veloppement osseux et articulaire sain.<\/li>\n<li><strong>Digestion<\/strong>\u00a0: Des prot\u00e9ines hautement digestibles et une quantit\u00e9 \u00e9quilibr\u00e9e de fibres pour favoriser la bonne sant\u00e9 du syst\u00e8me digestif.<\/li>\n<li><strong>Sant\u00e9 bucco-dentaire<\/strong>\u00a0: Le juste \u00e9quilibre en vitamines et min\u00e9raux pour une croissance saine des dents.<\/li>\n<li><strong>Peau &amp; Pelage<\/strong>\u00a0: Des niveaux \u00e9lev\u00e9s d\u2019acides gras Om\u00e9ga-6 favorisent une peau saine et un pelage brillant.<\/li>\n<\/ul>\n<p><strong>Contient des ingr\u00e9dients de haute qualit\u00e9, sans conservateur, ni ar\u00f4me, ni colorant artificiel, ni exc\u00e8s de sel.<\/strong><\/p>\n","protected":false},"excerpt":{"rendered":"<div id=\"product-description-short-3081\">\n<div>\n<p dir=\"ltr\"><strong>Nutrition de pointe pour une alimentation compl\u00e8te et \u00e9quilibr\u00e9e d\u00e8s l&#8217;\u00e2ge de 4 semaines pour une croissance optimale et un d\u00e9veloppement en parfaite sant\u00e9.<\/strong><\/p>\n<\/div>\n<p><strong>Utilisation :<\/strong><\/p>\n<ul>\n<li>Chiot de petite race (moins de 10 kg une fois adulte).<\/li>\n<li>Chienne en gestation ou en lactation.<\/li>\n<\/ul>\n<\/div>\n<div class=\"product-actions\"><\/div>\n","protected":false},"featured_media":983068,"template":"","meta":[],"product_cat":[12552,12584,2698],"product_tag":[],"class_list":{"0":"post-36255","1":"product","2":"type-product","3":"status-publish","4":"has-post-thumbnail","6":"product_cat-alimentation-du-chien","7":"product_cat-alimentation-premium-pour-chien","8":"product_cat-chien","9":"pa_marque-hills-pet-nutrition","11":"first","12":"instock","13":"taxable","14":"shipping-taxable","15":"purchasable","16":"product-type-variable"},"yoast_head":"<!-- This site is optimized with the Yoast SEO plugin v27.3 - https:\/\/yoast.com\/product\/yoast-seo-wordpress\/ -->\n<title>Vetessentials (Hill&#039;s) Multi-Benefit Puppy Small&amp;Mini Poulet Hill&#039;s - V\u00e9torino<\/title>\n<meta name=\"description\" content=\"Canine Puppy Growth Small&amp;Mini est une alimentation compl\u00e8te et \u00e9quilibr\u00e9e d\u00e8s l&#039;\u00e2ge de 4 semaines pour une croissance optimale et un d\u00e9veloppement en parfaite sant\u00e9.\" \/>\n<meta name=\"robots\" content=\"noindex, nofollow\" \/>\n<meta property=\"og:locale\" content=\"fr_FR\" \/>\n<meta property=\"og:type\" content=\"article\" \/>\n<meta property=\"og:title\" content=\"Vetessentials (Hill&#039;s) Multi-Benefit Puppy Small&amp;Mini Poulet Hill&#039;s - V\u00e9torino\" \/>\n<meta property=\"og:description\" content=\"Canine Puppy Growth Small&amp;Mini est une alimentation compl\u00e8te et \u00e9quilibr\u00e9e d\u00e8s l&#039;\u00e2ge de 4 semaines pour une croissance optimale et un d\u00e9veloppement en parfaite sant\u00e9.\" \/>\n<meta property=\"og:url\" content=\"https:\/\/www.vetorino.com\/veterinaire\/ustaritz-64480\/boutique\/product\/vetessentials-canine-puppy-mini\/\" \/>\n<meta property=\"og:site_name\" content=\"V\u00e9torino\" \/>\n<meta property=\"article:publisher\" content=\"https:\/\/www.facebook.com\/Vetorino\/\" \/>\n<meta property=\"article:modified_time\" content=\"2025-01-16T10:05:26+00:00\" \/>\n<meta property=\"og:image\" content=\"https:\/\/www.vetorino.com\/boutique\/wp-content\/uploads\/2023\/04\/52742054742-1-Vet-Essentials-Multi-Benefit-Puppy-Small_Mini-Poulet-555x555-1.jpg\" \/>\n\t<meta property=\"og:image:width\" content=\"555\" \/>\n\t<meta property=\"og:image:height\" content=\"555\" \/>\n\t<meta property=\"og:image:type\" content=\"image\/jpeg\" \/>\n<meta name=\"twitter:card\" content=\"summary_large_image\" \/>\n<meta name=\"twitter:label1\" content=\"Disponibilit\u00e9\" \/>\n\t<meta name=\"twitter:data1\" content=\"En stock\" \/>\n<script type=\"application\/ld+json\" class=\"yoast-schema-graph\">{\"@context\":\"https:\\\/\\\/schema.org\",\"@graph\":[{\"@type\":\"WebPage\",\"@id\":\"https:\\\/\\\/www.vetorino.com\\\/veterinaire\\\/briancon-05100\\\/boutique\\\/product\\\/vetessentials-canine-puppy-mini\\\/\",\"url\":\"https:\\\/\\\/www.vetorino.com\\\/veterinaire\\\/briancon-05100\\\/boutique\\\/product\\\/vetessentials-canine-puppy-mini\\\/\",\"name\":\"Vetessentials (Hill's) Multi-Benefit Puppy Small&amp;Mini Poulet Hill's - V\u00e9torino\",\"isPartOf\":{\"@id\":\"https:\\\/\\\/www.vetorino.com\\\/boutique\\\/#website\"},\"primaryImageOfPage\":{\"@id\":\"https:\\\/\\\/www.vetorino.com\\\/veterinaire\\\/briancon-05100\\\/boutique\\\/product\\\/vetessentials-canine-puppy-mini\\\/#primaryimage\"},\"image\":{\"@id\":\"https:\\\/\\\/www.vetorino.com\\\/veterinaire\\\/briancon-05100\\\/boutique\\\/product\\\/vetessentials-canine-puppy-mini\\\/#primaryimage\"},\"thumbnailUrl\":\"https:\\\/\\\/www.vetorino.com\\\/boutique\\\/wp-content\\\/uploads\\\/2023\\\/04\\\/52742054742-1-Vet-Essentials-Multi-Benefit-Puppy-Small_Mini-Poulet-555x555-1.jpg\",\"datePublished\":\"2020-03-04T22:02:39+00:00\",\"dateModified\":\"2025-01-16T10:05:26+00:00\",\"description\":\"Canine Puppy Growth Small&Mini est une alimentation compl\u00e8te et \u00e9quilibr\u00e9e d\u00e8s l'\u00e2ge de 4 semaines pour une croissance optimale et un d\u00e9veloppement en parfaite sant\u00e9.\",\"breadcrumb\":{\"@id\":\"https:\\\/\\\/www.vetorino.com\\\/veterinaire\\\/briancon-05100\\\/boutique\\\/product\\\/vetessentials-canine-puppy-mini\\\/#breadcrumb\"},\"inLanguage\":\"fr-FR\",\"potentialAction\":[{\"@type\":\"ReadAction\",\"target\":[\"https:\\\/\\\/www.vetorino.com\\\/veterinaire\\\/briancon-05100\\\/boutique\\\/product\\\/vetessentials-canine-puppy-mini\\\/\"]}]},{\"@type\":\"ImageObject\",\"inLanguage\":\"fr-FR\",\"@id\":\"https:\\\/\\\/www.vetorino.com\\\/veterinaire\\\/briancon-05100\\\/boutique\\\/product\\\/vetessentials-canine-puppy-mini\\\/#primaryimage\",\"url\":\"https:\\\/\\\/www.vetorino.com\\\/boutique\\\/wp-content\\\/uploads\\\/2023\\\/04\\\/52742054742-1-Vet-Essentials-Multi-Benefit-Puppy-Small_Mini-Poulet-555x555-1.jpg\",\"contentUrl\":\"https:\\\/\\\/www.vetorino.com\\\/boutique\\\/wp-content\\\/uploads\\\/2023\\\/04\\\/52742054742-1-Vet-Essentials-Multi-Benefit-Puppy-Small_Mini-Poulet-555x555-1.jpg\",\"width\":555,\"height\":555},{\"@type\":\"BreadcrumbList\",\"@id\":\"https:\\\/\\\/www.vetorino.com\\\/veterinaire\\\/briancon-05100\\\/boutique\\\/product\\\/vetessentials-canine-puppy-mini\\\/#breadcrumb\",\"itemListElement\":[{\"@type\":\"ListItem\",\"position\":1,\"name\":\"Accueil\",\"item\":\"https:\\\/\\\/www.vetorino.com\\\/boutique\\\/\"},{\"@type\":\"ListItem\",\"position\":2,\"name\":\"Produits\",\"item\":\"https:\\\/\\\/www.vetorino.com\\\/boutique\\\/\"},{\"@type\":\"ListItem\",\"position\":3,\"name\":\"Multi-Benefit Puppy Small&amp;Mini Poulet\"}]},{\"@type\":\"WebSite\",\"@id\":\"https:\\\/\\\/www.vetorino.com\\\/boutique\\\/#website\",\"url\":\"https:\\\/\\\/www.vetorino.com\\\/boutique\\\/\",\"name\":\"V\u00e9torino\",\"description\":\"\",\"publisher\":{\"@id\":\"https:\\\/\\\/www.vetorino.com\\\/boutique\\\/#organization\"},\"potentialAction\":[{\"@type\":\"SearchAction\",\"target\":{\"@type\":\"EntryPoint\",\"urlTemplate\":\"https:\\\/\\\/www.vetorino.com\\\/boutique\\\/?s={search_term_string}\"},\"query-input\":{\"@type\":\"PropertyValueSpecification\",\"valueRequired\":true,\"valueName\":\"search_term_string\"}}],\"inLanguage\":\"fr-FR\"},{\"@type\":\"Organization\",\"@id\":\"https:\\\/\\\/www.vetorino.com\\\/boutique\\\/#organization\",\"name\":\"V\u00e9torino\",\"url\":\"https:\\\/\\\/www.vetorino.com\\\/boutique\\\/\",\"logo\":{\"@type\":\"ImageObject\",\"inLanguage\":\"fr-FR\",\"@id\":\"https:\\\/\\\/www.vetorino.com\\\/boutique\\\/#\\\/schema\\\/logo\\\/image\\\/\",\"url\":\"https:\\\/\\\/www.vetorino.com\\\/boutique\\\/wp-content\\\/uploads\\\/2024\\\/10\\\/logo.jpg\",\"contentUrl\":\"https:\\\/\\\/www.vetorino.com\\\/boutique\\\/wp-content\\\/uploads\\\/2024\\\/10\\\/logo.jpg\",\"width\":1200,\"height\":610,\"caption\":\"V\u00e9torino\"},\"image\":{\"@id\":\"https:\\\/\\\/www.vetorino.com\\\/boutique\\\/#\\\/schema\\\/logo\\\/image\\\/\"},\"sameAs\":[\"https:\\\/\\\/www.facebook.com\\\/Vetorino\\\/\",\"https:\\\/\\\/www.instagram.com\\\/vetorino_off\\\/\",\"https:\\\/\\\/www.linkedin.com\\\/company\\\/vtorino\\\/\"]}]}<\/script>\n<meta property=\"product:brand\" content=\"Hill&#039;s\" \/>\n<meta property=\"og:availability\" content=\"instock\" \/>\n<meta property=\"product:availability\" content=\"instock\" \/>\n<meta property=\"product:condition\" content=\"new\" \/>\n<!-- \/ Yoast SEO plugin. -->","yoast_head_json":{"title":"Vetessentials (Hill's) Multi-Benefit Puppy Small&amp;Mini Poulet Hill's - V\u00e9torino","description":"Canine Puppy Growth Small&Mini est une alimentation compl\u00e8te et \u00e9quilibr\u00e9e d\u00e8s l'\u00e2ge de 4 semaines pour une croissance optimale et un d\u00e9veloppement en parfaite sant\u00e9.","robots":{"index":"noindex","follow":"nofollow"},"og_locale":"fr_FR","og_type":"article","og_title":"Vetessentials (Hill's) Multi-Benefit Puppy Small&amp;Mini Poulet Hill's - V\u00e9torino","og_description":"Canine Puppy Growth Small&Mini est une alimentation compl\u00e8te et \u00e9quilibr\u00e9e d\u00e8s l'\u00e2ge de 4 semaines pour une croissance optimale et un d\u00e9veloppement en parfaite sant\u00e9.","og_url":"https:\/\/www.vetorino.com\/veterinaire\/ustaritz-64480\/boutique\/product\/vetessentials-canine-puppy-mini\/","og_site_name":"V\u00e9torino","article_publisher":"https:\/\/www.facebook.com\/Vetorino\/","article_modified_time":"2025-01-16T10:05:26+00:00","og_image":[{"width":555,"height":555,"url":"https:\/\/www.vetorino.com\/boutique\/wp-content\/uploads\/2023\/04\/52742054742-1-Vet-Essentials-Multi-Benefit-Puppy-Small_Mini-Poulet-555x555-1.jpg","type":"image\/jpeg"}],"twitter_card":"summary_large_image","twitter_misc":{"Disponibilit\u00e9":"En stock"},"schema":{"@context":"https:\/\/schema.org","@graph":[{"@type":"WebPage","@id":"https:\/\/www.vetorino.com\/veterinaire\/briancon-05100\/boutique\/product\/vetessentials-canine-puppy-mini\/","url":"https:\/\/www.vetorino.com\/veterinaire\/briancon-05100\/boutique\/product\/vetessentials-canine-puppy-mini\/","name":"Vetessentials (Hill's) Multi-Benefit Puppy Small&amp;Mini Poulet Hill's - V\u00e9torino","isPartOf":{"@id":"https:\/\/www.vetorino.com\/boutique\/#website"},"primaryImageOfPage":{"@id":"https:\/\/www.vetorino.com\/veterinaire\/briancon-05100\/boutique\/product\/vetessentials-canine-puppy-mini\/#primaryimage"},"image":{"@id":"https:\/\/www.vetorino.com\/veterinaire\/briancon-05100\/boutique\/product\/vetessentials-canine-puppy-mini\/#primaryimage"},"thumbnailUrl":"https:\/\/www.vetorino.com\/boutique\/wp-content\/uploads\/2023\/04\/52742054742-1-Vet-Essentials-Multi-Benefit-Puppy-Small_Mini-Poulet-555x555-1.jpg","datePublished":"2020-03-04T22:02:39+00:00","dateModified":"2025-01-16T10:05:26+00:00","description":"Canine Puppy Growth Small&Mini est une alimentation compl\u00e8te et \u00e9quilibr\u00e9e d\u00e8s l'\u00e2ge de 4 semaines pour une croissance optimale et un d\u00e9veloppement en parfaite sant\u00e9.","breadcrumb":{"@id":"https:\/\/www.vetorino.com\/veterinaire\/briancon-05100\/boutique\/product\/vetessentials-canine-puppy-mini\/#breadcrumb"},"inLanguage":"fr-FR","potentialAction":[{"@type":"ReadAction","target":["https:\/\/www.vetorino.com\/veterinaire\/briancon-05100\/boutique\/product\/vetessentials-canine-puppy-mini\/"]}]},{"@type":"ImageObject","inLanguage":"fr-FR","@id":"https:\/\/www.vetorino.com\/veterinaire\/briancon-05100\/boutique\/product\/vetessentials-canine-puppy-mini\/#primaryimage","url":"https:\/\/www.vetorino.com\/boutique\/wp-content\/uploads\/2023\/04\/52742054742-1-Vet-Essentials-Multi-Benefit-Puppy-Small_Mini-Poulet-555x555-1.jpg","contentUrl":"https:\/\/www.vetorino.com\/boutique\/wp-content\/uploads\/2023\/04\/52742054742-1-Vet-Essentials-Multi-Benefit-Puppy-Small_Mini-Poulet-555x555-1.jpg","width":555,"height":555},{"@type":"BreadcrumbList","@id":"https:\/\/www.vetorino.com\/veterinaire\/briancon-05100\/boutique\/product\/vetessentials-canine-puppy-mini\/#breadcrumb","itemListElement":[{"@type":"ListItem","position":1,"name":"Accueil","item":"https:\/\/www.vetorino.com\/boutique\/"},{"@type":"ListItem","position":2,"name":"Produits","item":"https:\/\/www.vetorino.com\/boutique\/"},{"@type":"ListItem","position":3,"name":"Multi-Benefit Puppy Small&amp;Mini Poulet"}]},{"@type":"WebSite","@id":"https:\/\/www.vetorino.com\/boutique\/#website","url":"https:\/\/www.vetorino.com\/boutique\/","name":"V\u00e9torino","description":"","publisher":{"@id":"https:\/\/www.vetorino.com\/boutique\/#organization"},"potentialAction":[{"@type":"SearchAction","target":{"@type":"EntryPoint","urlTemplate":"https:\/\/www.vetorino.com\/boutique\/?s={search_term_string}"},"query-input":{"@type":"PropertyValueSpecification","valueRequired":true,"valueName":"search_term_string"}}],"inLanguage":"fr-FR"},{"@type":"Organization","@id":"https:\/\/www.vetorino.com\/boutique\/#organization","name":"V\u00e9torino","url":"https:\/\/www.vetorino.com\/boutique\/","logo":{"@type":"ImageObject","inLanguage":"fr-FR","@id":"https:\/\/www.vetorino.com\/boutique\/#\/schema\/logo\/image\/","url":"https:\/\/www.vetorino.com\/boutique\/wp-content\/uploads\/2024\/10\/logo.jpg","contentUrl":"https:\/\/www.vetorino.com\/boutique\/wp-content\/uploads\/2024\/10\/logo.jpg","width":1200,"height":610,"caption":"V\u00e9torino"},"image":{"@id":"https:\/\/www.vetorino.com\/boutique\/#\/schema\/logo\/image\/"},"sameAs":["https:\/\/www.facebook.com\/Vetorino\/","https:\/\/www.instagram.com\/vetorino_off\/","https:\/\/www.linkedin.com\/company\/vtorino\/"]}]},"product_brand":"Hill's","og_availability":"instock","product_availability":"instock","product_condition":"new"},"_links":{"self":[{"href":"https:\/\/www.vetorino.com\/veterinaire\/ustaritz-64480\/boutique\/wp-json\/wp\/v2\/product\/36255","targetHints":{"allow":["GET"]}}],"collection":[{"href":"https:\/\/www.vetorino.com\/veterinaire\/ustaritz-64480\/boutique\/wp-json\/wp\/v2\/product"}],"about":[{"href":"https:\/\/www.vetorino.com\/veterinaire\/ustaritz-64480\/boutique\/wp-json\/wp\/v2\/types\/product"}],"wp:featuredmedia":[{"embeddable":true,"href":"https:\/\/www.vetorino.com\/veterinaire\/ustaritz-64480\/boutique\/wp-json\/wp\/v2\/media\/983068"}],"wp:attachment":[{"href":"https:\/\/www.vetorino.com\/veterinaire\/ustaritz-64480\/boutique\/wp-json\/wp\/v2\/media?parent=36255"}],"wp:term":[{"taxonomy":"product_cat","embeddable":true,"href":"https:\/\/www.vetorino.com\/veterinaire\/ustaritz-64480\/boutique\/wp-json\/wp\/v2\/product_cat?post=36255"},{"taxonomy":"product_tag","embeddable":true,"href":"https:\/\/www.vetorino.com\/veterinaire\/ustaritz-64480\/boutique\/wp-json\/wp\/v2\/product_tag?post=36255"}],"curies":[{"name":"wp","href":"https:\/\/api.w.org\/{rel}","templated":true}]}}