{"id":36287,"date":"2020-03-04T23:02:50","date_gmt":"2020-03-04T22:02:50","guid":{"rendered":"https:\/\/www.vetorino.com\/boutique\/product\/dermoscent-cicafolia-chien-chat\/"},"modified":"2024-03-14T10:37:41","modified_gmt":"2024-03-14T09:37:41","slug":"dermoscent-cicafolia-chien-chat","status":"publish","type":"product","link":"https:\/\/www.vetorino.com\/veterinaire\/ustaritz-64480\/boutique\/product\/dermoscent-cicafolia-chien-chat\/","title":{"rendered":"Cicafolia Chien et Chat"},"content":{"rendered":"<p><strong>Cicafolia est un soin r\u00e9g\u00e9n\u00e9rateur pour les peaux fragilis\u00e9es ou irrit\u00e9es des chiens et des chats.<\/strong><\/p>\n<p><strong>Utilisation :<\/strong><\/p>\n<ul>\n<li>Ce s\u00e9rum-gel r\u00e9pare, purifie et cr\u00e9e un environnement propice pour promouvoir la r\u00e9g\u00e9n\u00e9ration de la peau<\/li>\n<\/ul>\n<p><strong>Mode d&#8217;emploi :<\/strong><\/p>\n<ul>\n<li>Nettoyer la zone alt\u00e9r\u00e9e puis appliquer directement sur la peau au moins deux fois par jour.<\/li>\n<li>Utiliser aussi longtemps que n\u00e9cessaire, jusqu&#8217;\u00e0 restauration compl\u00e8te de la surface cutan\u00e9e.<\/li>\n<\/ul>\n<p><strong>Avantages :<\/strong><\/p>\n<ul>\n<li><strong>Soutien<\/strong> efficace de l&#8217;int\u00e9grit\u00e9 cutan\u00e9e pour la peau fragilis\u00e9e.<\/li>\n<li>Propri\u00e9t\u00e9s <strong>antiseptiques<\/strong>, <strong>r\u00e9paratrices<\/strong> et <strong>protectrices<\/strong> : r\u00e9pare, purifie et prot\u00e8ge.<\/li>\n<li><strong>Pansement effet seconde peau<\/strong> : aisance des mouvements pour l&#8217;animal du fait de l&#8217;absence de pansement.<\/li>\n<li><strong>Anti-l\u00e9chage<\/strong> gr\u00e2ce \u00e0 son go\u00fbt amer et ne pique pas.<\/li>\n<\/ul>\n","protected":false},"excerpt":{"rendered":"<p><strong>Cicafolia est un soin r\u00e9g\u00e9n\u00e9rateur pour les peaux fragilis\u00e9es ou irrit\u00e9es des chiens et des chats.<\/strong><\/p>\n<p><strong>Utilisation :<\/strong><\/p>\n<ul>\n<li>Ce s\u00e9rum-gel r\u00e9pare, purifie et cr\u00e9e un environnement propice pour promouvoir la r\u00e9g\u00e9n\u00e9ration de la peau<\/li>\n<\/ul>\n","protected":false},"featured_media":867010,"template":"","meta":[],"product_cat":[2697,2698,12611,12612,12560,12561],"product_tag":[],"class_list":{"0":"post-36287","1":"product","2":"type-product","3":"status-publish","4":"has-post-thumbnail","6":"product_cat-chat","7":"product_cat-chien","8":"product_cat-hygiene-de-la-peau-et-du-pelage-du-chat","9":"product_cat-hygiene-de-la-peau-et-du-pelage-du-chien","10":"product_cat-hygiene-du-chat","11":"product_cat-hygiene-du-chien","12":"pa_marque-dermoscent","14":"first","15":"instock","16":"taxable","17":"shipping-taxable","18":"purchasable","19":"product-type-simple"},"yoast_head":"<!-- This site is optimized with the Yoast SEO plugin v27.3 - https:\/\/yoast.com\/product\/yoast-seo-wordpress\/ -->\n<title>Cicafolia Chien et Chat Dermoscent - V\u00e9torino<\/title>\n<meta name=\"description\" content=\"Cicafolia est un soin r\u00e9g\u00e9n\u00e9rateur pour les peaux fragilis\u00e9es ou irrit\u00e9es des chiens et des chats.  Utilisation :   Ce s\u00e9rum-gel r\u00e9pare, purifie et cr\u00e9e un environnement propice pour promouvoir la r\u00e9g\u00e9n\u00e9ration de la peau\" \/>\n<meta name=\"robots\" content=\"noindex, nofollow\" \/>\n<meta property=\"og:locale\" content=\"fr_FR\" \/>\n<meta property=\"og:type\" content=\"article\" \/>\n<meta property=\"og:title\" content=\"Cicafolia Chien et Chat Dermoscent - V\u00e9torino\" \/>\n<meta property=\"og:description\" content=\"Cicafolia est un soin r\u00e9g\u00e9n\u00e9rateur pour les peaux fragilis\u00e9es ou irrit\u00e9es des chiens et des chats.  Utilisation :   Ce s\u00e9rum-gel r\u00e9pare, purifie et cr\u00e9e un environnement propice pour promouvoir la r\u00e9g\u00e9n\u00e9ration de la peau\" \/>\n<meta property=\"og:url\" content=\"https:\/\/www.vetorino.com\/veterinaire\/ustaritz-64480\/boutique\/product\/dermoscent-cicafolia-chien-chat\/\" \/>\n<meta property=\"og:site_name\" content=\"V\u00e9torino\" \/>\n<meta property=\"article:publisher\" content=\"https:\/\/www.facebook.com\/Vetorino\/\" \/>\n<meta property=\"article:modified_time\" content=\"2024-03-14T09:37:41+00:00\" \/>\n<meta property=\"og:image\" content=\"https:\/\/www.vetorino.com\/boutique\/wp-content\/uploads\/2020\/03\/cicafolia-chien-et-chat.png\" \/>\n\t<meta property=\"og:image:width\" content=\"540\" \/>\n\t<meta property=\"og:image:height\" content=\"540\" \/>\n\t<meta property=\"og:image:type\" content=\"image\/png\" \/>\n<meta name=\"twitter:card\" content=\"summary_large_image\" \/>\n<meta name=\"twitter:label1\" content=\"Prix\" \/>\n\t<meta name=\"twitter:data1\" content=\"14,09&euro;\" \/>\n\t<meta name=\"twitter:label2\" content=\"Disponibilit\u00e9\" \/>\n\t<meta name=\"twitter:data2\" content=\"En stock\" \/>\n<script type=\"application\/ld+json\" class=\"yoast-schema-graph\">{\"@context\":\"https:\\\/\\\/schema.org\",\"@graph\":[{\"@type\":\"WebPage\",\"@id\":\"https:\\\/\\\/www.vetorino.com\\\/boutique\\\/product\\\/dermoscent-cicafolia-chien-chat\\\/\",\"url\":\"https:\\\/\\\/www.vetorino.com\\\/boutique\\\/product\\\/dermoscent-cicafolia-chien-chat\\\/\",\"name\":\"Cicafolia Chien et Chat Dermoscent - V\u00e9torino\",\"isPartOf\":{\"@id\":\"https:\\\/\\\/www.vetorino.com\\\/boutique\\\/#website\"},\"primaryImageOfPage\":{\"@id\":\"https:\\\/\\\/www.vetorino.com\\\/boutique\\\/product\\\/dermoscent-cicafolia-chien-chat\\\/#primaryimage\"},\"image\":{\"@id\":\"https:\\\/\\\/www.vetorino.com\\\/boutique\\\/product\\\/dermoscent-cicafolia-chien-chat\\\/#primaryimage\"},\"thumbnailUrl\":\"https:\\\/\\\/www.vetorino.com\\\/boutique\\\/wp-content\\\/uploads\\\/2020\\\/03\\\/cicafolia-chien-et-chat.png\",\"datePublished\":\"2020-03-04T22:02:50+00:00\",\"dateModified\":\"2024-03-14T09:37:41+00:00\",\"description\":\"Cicafolia est un soin r\u00e9g\u00e9n\u00e9rateur pour les peaux fragilis\u00e9es ou irrit\u00e9es des chiens et des chats. Utilisation : Ce s\u00e9rum-gel r\u00e9pare, purifie et cr\u00e9e un environnement propice pour promouvoir la r\u00e9g\u00e9n\u00e9ration de la peau\",\"breadcrumb\":{\"@id\":\"https:\\\/\\\/www.vetorino.com\\\/boutique\\\/product\\\/dermoscent-cicafolia-chien-chat\\\/#breadcrumb\"},\"inLanguage\":\"fr-FR\",\"potentialAction\":[{\"@type\":\"ReadAction\",\"target\":[\"https:\\\/\\\/www.vetorino.com\\\/boutique\\\/product\\\/dermoscent-cicafolia-chien-chat\\\/\"]}]},{\"@type\":\"ImageObject\",\"inLanguage\":\"fr-FR\",\"@id\":\"https:\\\/\\\/www.vetorino.com\\\/boutique\\\/product\\\/dermoscent-cicafolia-chien-chat\\\/#primaryimage\",\"url\":\"https:\\\/\\\/www.vetorino.com\\\/boutique\\\/wp-content\\\/uploads\\\/2020\\\/03\\\/cicafolia-chien-et-chat.png\",\"contentUrl\":\"https:\\\/\\\/www.vetorino.com\\\/boutique\\\/wp-content\\\/uploads\\\/2020\\\/03\\\/cicafolia-chien-et-chat.png\",\"width\":540,\"height\":540},{\"@type\":\"BreadcrumbList\",\"@id\":\"https:\\\/\\\/www.vetorino.com\\\/boutique\\\/product\\\/dermoscent-cicafolia-chien-chat\\\/#breadcrumb\",\"itemListElement\":[{\"@type\":\"ListItem\",\"position\":1,\"name\":\"Accueil\",\"item\":\"https:\\\/\\\/www.vetorino.com\\\/boutique\\\/\"},{\"@type\":\"ListItem\",\"position\":2,\"name\":\"Produits\",\"item\":\"https:\\\/\\\/www.vetorino.com\\\/boutique\\\/\"},{\"@type\":\"ListItem\",\"position\":3,\"name\":\"Cicafolia Chien et Chat\"}]},{\"@type\":\"WebSite\",\"@id\":\"https:\\\/\\\/www.vetorino.com\\\/boutique\\\/#website\",\"url\":\"https:\\\/\\\/www.vetorino.com\\\/boutique\\\/\",\"name\":\"V\u00e9torino\",\"description\":\"\",\"publisher\":{\"@id\":\"https:\\\/\\\/www.vetorino.com\\\/boutique\\\/#organization\"},\"potentialAction\":[{\"@type\":\"SearchAction\",\"target\":{\"@type\":\"EntryPoint\",\"urlTemplate\":\"https:\\\/\\\/www.vetorino.com\\\/boutique\\\/?s={search_term_string}\"},\"query-input\":{\"@type\":\"PropertyValueSpecification\",\"valueRequired\":true,\"valueName\":\"search_term_string\"}}],\"inLanguage\":\"fr-FR\"},{\"@type\":\"Organization\",\"@id\":\"https:\\\/\\\/www.vetorino.com\\\/boutique\\\/#organization\",\"name\":\"V\u00e9torino\",\"url\":\"https:\\\/\\\/www.vetorino.com\\\/boutique\\\/\",\"logo\":{\"@type\":\"ImageObject\",\"inLanguage\":\"fr-FR\",\"@id\":\"https:\\\/\\\/www.vetorino.com\\\/boutique\\\/#\\\/schema\\\/logo\\\/image\\\/\",\"url\":\"https:\\\/\\\/www.vetorino.com\\\/boutique\\\/wp-content\\\/uploads\\\/2024\\\/10\\\/logo.jpg\",\"contentUrl\":\"https:\\\/\\\/www.vetorino.com\\\/boutique\\\/wp-content\\\/uploads\\\/2024\\\/10\\\/logo.jpg\",\"width\":1200,\"height\":610,\"caption\":\"V\u00e9torino\"},\"image\":{\"@id\":\"https:\\\/\\\/www.vetorino.com\\\/boutique\\\/#\\\/schema\\\/logo\\\/image\\\/\"},\"sameAs\":[\"https:\\\/\\\/www.facebook.com\\\/Vetorino\\\/\",\"https:\\\/\\\/www.instagram.com\\\/vetorino_off\\\/\",\"https:\\\/\\\/www.linkedin.com\\\/company\\\/vtorino\\\/\"]}]}<\/script>\n<meta property=\"product:brand\" content=\"Dermoscent\" \/>\n<meta property=\"product:price:amount\" content=\"14.09\" \/>\n<meta property=\"product:price:currency\" content=\"EUR\" \/>\n<meta property=\"og:availability\" content=\"instock\" \/>\n<meta property=\"product:availability\" content=\"instock\" \/>\n<meta property=\"product:retailer_item_id\" content=\"A-8116995\" \/>\n<meta property=\"product:condition\" content=\"new\" \/>\n<!-- \/ Yoast SEO plugin. -->","yoast_head_json":{"title":"Cicafolia Chien et Chat Dermoscent - V\u00e9torino","description":"Cicafolia est un soin r\u00e9g\u00e9n\u00e9rateur pour les peaux fragilis\u00e9es ou irrit\u00e9es des chiens et des chats.  Utilisation :   Ce s\u00e9rum-gel r\u00e9pare, purifie et cr\u00e9e un environnement propice pour promouvoir la r\u00e9g\u00e9n\u00e9ration de la peau","robots":{"index":"noindex","follow":"nofollow"},"og_locale":"fr_FR","og_type":"article","og_title":"Cicafolia Chien et Chat Dermoscent - V\u00e9torino","og_description":"Cicafolia est un soin r\u00e9g\u00e9n\u00e9rateur pour les peaux fragilis\u00e9es ou irrit\u00e9es des chiens et des chats.  Utilisation :   Ce s\u00e9rum-gel r\u00e9pare, purifie et cr\u00e9e un environnement propice pour promouvoir la r\u00e9g\u00e9n\u00e9ration de la peau","og_url":"https:\/\/www.vetorino.com\/veterinaire\/ustaritz-64480\/boutique\/product\/dermoscent-cicafolia-chien-chat\/","og_site_name":"V\u00e9torino","article_publisher":"https:\/\/www.facebook.com\/Vetorino\/","article_modified_time":"2024-03-14T09:37:41+00:00","og_image":[{"width":540,"height":540,"url":"https:\/\/www.vetorino.com\/boutique\/wp-content\/uploads\/2020\/03\/cicafolia-chien-et-chat.png","type":"image\/png"}],"twitter_card":"summary_large_image","twitter_misc":{"Prix":"14,09&euro;","Disponibilit\u00e9":"En stock"},"schema":{"@context":"https:\/\/schema.org","@graph":[{"@type":"WebPage","@id":"https:\/\/www.vetorino.com\/boutique\/product\/dermoscent-cicafolia-chien-chat\/","url":"https:\/\/www.vetorino.com\/boutique\/product\/dermoscent-cicafolia-chien-chat\/","name":"Cicafolia Chien et Chat Dermoscent - V\u00e9torino","isPartOf":{"@id":"https:\/\/www.vetorino.com\/boutique\/#website"},"primaryImageOfPage":{"@id":"https:\/\/www.vetorino.com\/boutique\/product\/dermoscent-cicafolia-chien-chat\/#primaryimage"},"image":{"@id":"https:\/\/www.vetorino.com\/boutique\/product\/dermoscent-cicafolia-chien-chat\/#primaryimage"},"thumbnailUrl":"https:\/\/www.vetorino.com\/boutique\/wp-content\/uploads\/2020\/03\/cicafolia-chien-et-chat.png","datePublished":"2020-03-04T22:02:50+00:00","dateModified":"2024-03-14T09:37:41+00:00","description":"Cicafolia est un soin r\u00e9g\u00e9n\u00e9rateur pour les peaux fragilis\u00e9es ou irrit\u00e9es des chiens et des chats. Utilisation : Ce s\u00e9rum-gel r\u00e9pare, purifie et cr\u00e9e un environnement propice pour promouvoir la r\u00e9g\u00e9n\u00e9ration de la peau","breadcrumb":{"@id":"https:\/\/www.vetorino.com\/boutique\/product\/dermoscent-cicafolia-chien-chat\/#breadcrumb"},"inLanguage":"fr-FR","potentialAction":[{"@type":"ReadAction","target":["https:\/\/www.vetorino.com\/boutique\/product\/dermoscent-cicafolia-chien-chat\/"]}]},{"@type":"ImageObject","inLanguage":"fr-FR","@id":"https:\/\/www.vetorino.com\/boutique\/product\/dermoscent-cicafolia-chien-chat\/#primaryimage","url":"https:\/\/www.vetorino.com\/boutique\/wp-content\/uploads\/2020\/03\/cicafolia-chien-et-chat.png","contentUrl":"https:\/\/www.vetorino.com\/boutique\/wp-content\/uploads\/2020\/03\/cicafolia-chien-et-chat.png","width":540,"height":540},{"@type":"BreadcrumbList","@id":"https:\/\/www.vetorino.com\/boutique\/product\/dermoscent-cicafolia-chien-chat\/#breadcrumb","itemListElement":[{"@type":"ListItem","position":1,"name":"Accueil","item":"https:\/\/www.vetorino.com\/boutique\/"},{"@type":"ListItem","position":2,"name":"Produits","item":"https:\/\/www.vetorino.com\/boutique\/"},{"@type":"ListItem","position":3,"name":"Cicafolia Chien et Chat"}]},{"@type":"WebSite","@id":"https:\/\/www.vetorino.com\/boutique\/#website","url":"https:\/\/www.vetorino.com\/boutique\/","name":"V\u00e9torino","description":"","publisher":{"@id":"https:\/\/www.vetorino.com\/boutique\/#organization"},"potentialAction":[{"@type":"SearchAction","target":{"@type":"EntryPoint","urlTemplate":"https:\/\/www.vetorino.com\/boutique\/?s={search_term_string}"},"query-input":{"@type":"PropertyValueSpecification","valueRequired":true,"valueName":"search_term_string"}}],"inLanguage":"fr-FR"},{"@type":"Organization","@id":"https:\/\/www.vetorino.com\/boutique\/#organization","name":"V\u00e9torino","url":"https:\/\/www.vetorino.com\/boutique\/","logo":{"@type":"ImageObject","inLanguage":"fr-FR","@id":"https:\/\/www.vetorino.com\/boutique\/#\/schema\/logo\/image\/","url":"https:\/\/www.vetorino.com\/boutique\/wp-content\/uploads\/2024\/10\/logo.jpg","contentUrl":"https:\/\/www.vetorino.com\/boutique\/wp-content\/uploads\/2024\/10\/logo.jpg","width":1200,"height":610,"caption":"V\u00e9torino"},"image":{"@id":"https:\/\/www.vetorino.com\/boutique\/#\/schema\/logo\/image\/"},"sameAs":["https:\/\/www.facebook.com\/Vetorino\/","https:\/\/www.instagram.com\/vetorino_off\/","https:\/\/www.linkedin.com\/company\/vtorino\/"]}]},"product_brand":"Dermoscent","product_price_amount":"14.09","product_price_currency":"EUR","og_availability":"instock","product_availability":"instock","product_retailer_item_id":"A-8116995","product_condition":"new"},"_links":{"self":[{"href":"https:\/\/www.vetorino.com\/veterinaire\/ustaritz-64480\/boutique\/wp-json\/wp\/v2\/product\/36287","targetHints":{"allow":["GET"]}}],"collection":[{"href":"https:\/\/www.vetorino.com\/veterinaire\/ustaritz-64480\/boutique\/wp-json\/wp\/v2\/product"}],"about":[{"href":"https:\/\/www.vetorino.com\/veterinaire\/ustaritz-64480\/boutique\/wp-json\/wp\/v2\/types\/product"}],"wp:featuredmedia":[{"embeddable":true,"href":"https:\/\/www.vetorino.com\/veterinaire\/ustaritz-64480\/boutique\/wp-json\/wp\/v2\/media\/867010"}],"wp:attachment":[{"href":"https:\/\/www.vetorino.com\/veterinaire\/ustaritz-64480\/boutique\/wp-json\/wp\/v2\/media?parent=36287"}],"wp:term":[{"taxonomy":"product_cat","embeddable":true,"href":"https:\/\/www.vetorino.com\/veterinaire\/ustaritz-64480\/boutique\/wp-json\/wp\/v2\/product_cat?post=36287"},{"taxonomy":"product_tag","embeddable":true,"href":"https:\/\/www.vetorino.com\/veterinaire\/ustaritz-64480\/boutique\/wp-json\/wp\/v2\/product_tag?post=36287"}],"curies":[{"name":"wp","href":"https:\/\/api.w.org\/{rel}","templated":true}]}}