{"id":36432,"date":"2020-03-04T23:03:42","date_gmt":"2020-03-04T22:03:42","guid":{"rendered":"https:\/\/www.vetorino.com\/boutique\/product\/os-a-macher-marrow-bone\/"},"modified":"2023-10-12T11:46:29","modified_gmt":"2023-10-12T09:46:29","slug":"os-a-macher-marrow-bone","status":"publish","type":"product","link":"https:\/\/www.vetorino.com\/veterinaire\/ustaritz-64480\/boutique\/product\/os-a-macher-marrow-bone\/","title":{"rendered":"Os a macher Marrow Bone"},"content":{"rendered":"<div class=\"hidden\">Company Of Animals<\/div>\n<p><b>Caract\u00e9risiques<\/b><br \/>\nCet os \u00e0 m\u00e2cher, en nylon sans danger et non toxique, est le seul os avec un go\u00fbt de boeuf s\u00e9ch\u00e9 \u00e0 l&#8217;int\u00e9rieur. Il est tr\u00e8s efficace contre le tartre et la plaque dentaire et r\u00e9siste aux mastications vigoureuses.<br \/>\n<b>Bon \u00e0 savoir<\/b><br \/>\nDemandez conseil \u00e0 votre v\u00e9t\u00e9rinaire et lire attentivement la notice avant utilisation. V\u00e9rifier r\u00e9guli\u00e8rement l?\u00e9tat du jouet pour vous assurer qu?aucun petit morceau ne pr\u00e9sente un risque d?\u00e9touffement pour votre animalINGREDIENTS Nylon.<\/p>\n","protected":false},"excerpt":{"rendered":"<p>Os \u00e0 m\u00e2cher MARROW\u00a0BONE, pour chien, qui contribue \u00e0 la bonne hygi\u00e8ne dentaire de votre compagnon.\u00a0 Existe en plusieurs tailles.<\/p>\n","protected":false},"featured_media":716482,"template":"","meta":[],"product_cat":[2698,12603],"product_tag":[],"class_list":{"0":"post-36432","1":"product","2":"type-product","3":"status-publish","4":"has-post-thumbnail","6":"product_cat-chien","7":"product_cat-friandises-pour-chien","8":"pa_marque-company-of-animals","10":"first","11":"instock","12":"taxable","13":"shipping-taxable","14":"purchasable","15":"product-type-variable"},"yoast_head":"<!-- This site is optimized with the Yoast SEO plugin v27.3 - https:\/\/yoast.com\/product\/yoast-seo-wordpress\/ -->\n<title>Os a macher Marrow Bone Company of Animals - V\u00e9torino<\/title>\n<meta name=\"description\" content=\"Os \u00e0 m\u00e2cher MARROW\u00a0BONE, pour chien, qui contribue \u00e0 la bonne hygi\u00e8ne dentaire de votre compagnon.\u00a0 Existe en plusieurs tailles.\" \/>\n<meta name=\"robots\" content=\"noindex, nofollow\" \/>\n<meta property=\"og:locale\" content=\"fr_FR\" \/>\n<meta property=\"og:type\" content=\"article\" \/>\n<meta property=\"og:title\" content=\"Os a macher Marrow Bone Company of Animals - V\u00e9torino\" \/>\n<meta property=\"og:description\" content=\"Os \u00e0 m\u00e2cher MARROW\u00a0BONE, pour chien, qui contribue \u00e0 la bonne hygi\u00e8ne dentaire de votre compagnon.\u00a0 Existe en plusieurs tailles.\" \/>\n<meta property=\"og:url\" content=\"https:\/\/www.vetorino.com\/veterinaire\/ustaritz-64480\/boutique\/product\/os-a-macher-marrow-bone\/\" \/>\n<meta property=\"og:site_name\" content=\"V\u00e9torino\" \/>\n<meta property=\"article:publisher\" content=\"https:\/\/www.facebook.com\/Vetorino\/\" \/>\n<meta property=\"article:modified_time\" content=\"2023-10-12T09:46:29+00:00\" \/>\n<meta property=\"og:image\" content=\"https:\/\/www.vetorino.com\/boutique\/wp-content\/uploads\/2020\/03\/marrow-bone-xl-os-a-macher-12-300x300-1.jpg\" \/>\n\t<meta property=\"og:image:width\" content=\"300\" \/>\n\t<meta property=\"og:image:height\" content=\"300\" \/>\n\t<meta property=\"og:image:type\" content=\"image\/jpeg\" \/>\n<meta name=\"twitter:card\" content=\"summary_large_image\" \/>\n<meta name=\"twitter:label1\" content=\"Disponibilit\u00e9\" \/>\n\t<meta name=\"twitter:data1\" content=\"En stock\" \/>\n<script type=\"application\/ld+json\" class=\"yoast-schema-graph\">{\"@context\":\"https:\\\/\\\/schema.org\",\"@graph\":[{\"@type\":\"WebPage\",\"@id\":\"https:\\\/\\\/www.vetorino.com\\\/veterinaire\\\/toulon-83000-gomet\\\/boutique\\\/product\\\/os-a-macher-marrow-bone\\\/\",\"url\":\"https:\\\/\\\/www.vetorino.com\\\/veterinaire\\\/toulon-83000-gomet\\\/boutique\\\/product\\\/os-a-macher-marrow-bone\\\/\",\"name\":\"Os a macher Marrow Bone Company of Animals - V\u00e9torino\",\"isPartOf\":{\"@id\":\"https:\\\/\\\/www.vetorino.com\\\/boutique\\\/#website\"},\"primaryImageOfPage\":{\"@id\":\"https:\\\/\\\/www.vetorino.com\\\/veterinaire\\\/toulon-83000-gomet\\\/boutique\\\/product\\\/os-a-macher-marrow-bone\\\/#primaryimage\"},\"image\":{\"@id\":\"https:\\\/\\\/www.vetorino.com\\\/veterinaire\\\/toulon-83000-gomet\\\/boutique\\\/product\\\/os-a-macher-marrow-bone\\\/#primaryimage\"},\"thumbnailUrl\":\"https:\\\/\\\/www.vetorino.com\\\/boutique\\\/wp-content\\\/uploads\\\/2020\\\/03\\\/marrow-bone-xl-os-a-macher-12-300x300-1.jpg\",\"datePublished\":\"2020-03-04T22:03:42+00:00\",\"dateModified\":\"2023-10-12T09:46:29+00:00\",\"description\":\"Os \u00e0 m\u00e2cher MARROW\u00a0BONE, pour chien, qui contribue \u00e0 la bonne hygi\u00e8ne dentaire de votre compagnon.\u00a0 Existe en plusieurs tailles.\",\"breadcrumb\":{\"@id\":\"https:\\\/\\\/www.vetorino.com\\\/veterinaire\\\/toulon-83000-gomet\\\/boutique\\\/product\\\/os-a-macher-marrow-bone\\\/#breadcrumb\"},\"inLanguage\":\"fr-FR\",\"potentialAction\":[{\"@type\":\"ReadAction\",\"target\":[\"https:\\\/\\\/www.vetorino.com\\\/veterinaire\\\/toulon-83000-gomet\\\/boutique\\\/product\\\/os-a-macher-marrow-bone\\\/\"]}]},{\"@type\":\"ImageObject\",\"inLanguage\":\"fr-FR\",\"@id\":\"https:\\\/\\\/www.vetorino.com\\\/veterinaire\\\/toulon-83000-gomet\\\/boutique\\\/product\\\/os-a-macher-marrow-bone\\\/#primaryimage\",\"url\":\"https:\\\/\\\/www.vetorino.com\\\/boutique\\\/wp-content\\\/uploads\\\/2020\\\/03\\\/marrow-bone-xl-os-a-macher-12-300x300-1.jpg\",\"contentUrl\":\"https:\\\/\\\/www.vetorino.com\\\/boutique\\\/wp-content\\\/uploads\\\/2020\\\/03\\\/marrow-bone-xl-os-a-macher-12-300x300-1.jpg\",\"width\":300,\"height\":300},{\"@type\":\"BreadcrumbList\",\"@id\":\"https:\\\/\\\/www.vetorino.com\\\/veterinaire\\\/toulon-83000-gomet\\\/boutique\\\/product\\\/os-a-macher-marrow-bone\\\/#breadcrumb\",\"itemListElement\":[{\"@type\":\"ListItem\",\"position\":1,\"name\":\"Accueil\",\"item\":\"https:\\\/\\\/www.vetorino.com\\\/boutique\\\/\"},{\"@type\":\"ListItem\",\"position\":2,\"name\":\"Produits\",\"item\":\"https:\\\/\\\/www.vetorino.com\\\/boutique\\\/\"},{\"@type\":\"ListItem\",\"position\":3,\"name\":\"Os a macher Marrow Bone\"}]},{\"@type\":\"WebSite\",\"@id\":\"https:\\\/\\\/www.vetorino.com\\\/boutique\\\/#website\",\"url\":\"https:\\\/\\\/www.vetorino.com\\\/boutique\\\/\",\"name\":\"V\u00e9torino\",\"description\":\"\",\"publisher\":{\"@id\":\"https:\\\/\\\/www.vetorino.com\\\/boutique\\\/#organization\"},\"potentialAction\":[{\"@type\":\"SearchAction\",\"target\":{\"@type\":\"EntryPoint\",\"urlTemplate\":\"https:\\\/\\\/www.vetorino.com\\\/boutique\\\/?s={search_term_string}\"},\"query-input\":{\"@type\":\"PropertyValueSpecification\",\"valueRequired\":true,\"valueName\":\"search_term_string\"}}],\"inLanguage\":\"fr-FR\"},{\"@type\":\"Organization\",\"@id\":\"https:\\\/\\\/www.vetorino.com\\\/boutique\\\/#organization\",\"name\":\"V\u00e9torino\",\"url\":\"https:\\\/\\\/www.vetorino.com\\\/boutique\\\/\",\"logo\":{\"@type\":\"ImageObject\",\"inLanguage\":\"fr-FR\",\"@id\":\"https:\\\/\\\/www.vetorino.com\\\/boutique\\\/#\\\/schema\\\/logo\\\/image\\\/\",\"url\":\"https:\\\/\\\/www.vetorino.com\\\/boutique\\\/wp-content\\\/uploads\\\/2024\\\/10\\\/logo.jpg\",\"contentUrl\":\"https:\\\/\\\/www.vetorino.com\\\/boutique\\\/wp-content\\\/uploads\\\/2024\\\/10\\\/logo.jpg\",\"width\":1200,\"height\":610,\"caption\":\"V\u00e9torino\"},\"image\":{\"@id\":\"https:\\\/\\\/www.vetorino.com\\\/boutique\\\/#\\\/schema\\\/logo\\\/image\\\/\"},\"sameAs\":[\"https:\\\/\\\/www.facebook.com\\\/Vetorino\\\/\",\"https:\\\/\\\/www.instagram.com\\\/vetorino_off\\\/\",\"https:\\\/\\\/www.linkedin.com\\\/company\\\/vtorino\\\/\"]}]}<\/script>\n<meta property=\"product:brand\" content=\"Company of Animals\" \/>\n<meta property=\"og:availability\" content=\"instock\" \/>\n<meta property=\"product:availability\" content=\"instock\" \/>\n<meta property=\"product:condition\" content=\"new\" \/>\n<!-- \/ Yoast SEO plugin. -->","yoast_head_json":{"title":"Os a macher Marrow Bone Company of Animals - V\u00e9torino","description":"Os \u00e0 m\u00e2cher MARROW\u00a0BONE, pour chien, qui contribue \u00e0 la bonne hygi\u00e8ne dentaire de votre compagnon.\u00a0 Existe en plusieurs tailles.","robots":{"index":"noindex","follow":"nofollow"},"og_locale":"fr_FR","og_type":"article","og_title":"Os a macher Marrow Bone Company of Animals - V\u00e9torino","og_description":"Os \u00e0 m\u00e2cher MARROW\u00a0BONE, pour chien, qui contribue \u00e0 la bonne hygi\u00e8ne dentaire de votre compagnon.\u00a0 Existe en plusieurs tailles.","og_url":"https:\/\/www.vetorino.com\/veterinaire\/ustaritz-64480\/boutique\/product\/os-a-macher-marrow-bone\/","og_site_name":"V\u00e9torino","article_publisher":"https:\/\/www.facebook.com\/Vetorino\/","article_modified_time":"2023-10-12T09:46:29+00:00","og_image":[{"width":300,"height":300,"url":"https:\/\/www.vetorino.com\/boutique\/wp-content\/uploads\/2020\/03\/marrow-bone-xl-os-a-macher-12-300x300-1.jpg","type":"image\/jpeg"}],"twitter_card":"summary_large_image","twitter_misc":{"Disponibilit\u00e9":"En stock"},"schema":{"@context":"https:\/\/schema.org","@graph":[{"@type":"WebPage","@id":"https:\/\/www.vetorino.com\/veterinaire\/toulon-83000-gomet\/boutique\/product\/os-a-macher-marrow-bone\/","url":"https:\/\/www.vetorino.com\/veterinaire\/toulon-83000-gomet\/boutique\/product\/os-a-macher-marrow-bone\/","name":"Os a macher Marrow Bone Company of Animals - V\u00e9torino","isPartOf":{"@id":"https:\/\/www.vetorino.com\/boutique\/#website"},"primaryImageOfPage":{"@id":"https:\/\/www.vetorino.com\/veterinaire\/toulon-83000-gomet\/boutique\/product\/os-a-macher-marrow-bone\/#primaryimage"},"image":{"@id":"https:\/\/www.vetorino.com\/veterinaire\/toulon-83000-gomet\/boutique\/product\/os-a-macher-marrow-bone\/#primaryimage"},"thumbnailUrl":"https:\/\/www.vetorino.com\/boutique\/wp-content\/uploads\/2020\/03\/marrow-bone-xl-os-a-macher-12-300x300-1.jpg","datePublished":"2020-03-04T22:03:42+00:00","dateModified":"2023-10-12T09:46:29+00:00","description":"Os \u00e0 m\u00e2cher MARROW\u00a0BONE, pour chien, qui contribue \u00e0 la bonne hygi\u00e8ne dentaire de votre compagnon.\u00a0 Existe en plusieurs tailles.","breadcrumb":{"@id":"https:\/\/www.vetorino.com\/veterinaire\/toulon-83000-gomet\/boutique\/product\/os-a-macher-marrow-bone\/#breadcrumb"},"inLanguage":"fr-FR","potentialAction":[{"@type":"ReadAction","target":["https:\/\/www.vetorino.com\/veterinaire\/toulon-83000-gomet\/boutique\/product\/os-a-macher-marrow-bone\/"]}]},{"@type":"ImageObject","inLanguage":"fr-FR","@id":"https:\/\/www.vetorino.com\/veterinaire\/toulon-83000-gomet\/boutique\/product\/os-a-macher-marrow-bone\/#primaryimage","url":"https:\/\/www.vetorino.com\/boutique\/wp-content\/uploads\/2020\/03\/marrow-bone-xl-os-a-macher-12-300x300-1.jpg","contentUrl":"https:\/\/www.vetorino.com\/boutique\/wp-content\/uploads\/2020\/03\/marrow-bone-xl-os-a-macher-12-300x300-1.jpg","width":300,"height":300},{"@type":"BreadcrumbList","@id":"https:\/\/www.vetorino.com\/veterinaire\/toulon-83000-gomet\/boutique\/product\/os-a-macher-marrow-bone\/#breadcrumb","itemListElement":[{"@type":"ListItem","position":1,"name":"Accueil","item":"https:\/\/www.vetorino.com\/boutique\/"},{"@type":"ListItem","position":2,"name":"Produits","item":"https:\/\/www.vetorino.com\/boutique\/"},{"@type":"ListItem","position":3,"name":"Os a macher Marrow Bone"}]},{"@type":"WebSite","@id":"https:\/\/www.vetorino.com\/boutique\/#website","url":"https:\/\/www.vetorino.com\/boutique\/","name":"V\u00e9torino","description":"","publisher":{"@id":"https:\/\/www.vetorino.com\/boutique\/#organization"},"potentialAction":[{"@type":"SearchAction","target":{"@type":"EntryPoint","urlTemplate":"https:\/\/www.vetorino.com\/boutique\/?s={search_term_string}"},"query-input":{"@type":"PropertyValueSpecification","valueRequired":true,"valueName":"search_term_string"}}],"inLanguage":"fr-FR"},{"@type":"Organization","@id":"https:\/\/www.vetorino.com\/boutique\/#organization","name":"V\u00e9torino","url":"https:\/\/www.vetorino.com\/boutique\/","logo":{"@type":"ImageObject","inLanguage":"fr-FR","@id":"https:\/\/www.vetorino.com\/boutique\/#\/schema\/logo\/image\/","url":"https:\/\/www.vetorino.com\/boutique\/wp-content\/uploads\/2024\/10\/logo.jpg","contentUrl":"https:\/\/www.vetorino.com\/boutique\/wp-content\/uploads\/2024\/10\/logo.jpg","width":1200,"height":610,"caption":"V\u00e9torino"},"image":{"@id":"https:\/\/www.vetorino.com\/boutique\/#\/schema\/logo\/image\/"},"sameAs":["https:\/\/www.facebook.com\/Vetorino\/","https:\/\/www.instagram.com\/vetorino_off\/","https:\/\/www.linkedin.com\/company\/vtorino\/"]}]},"product_brand":"Company of Animals","og_availability":"instock","product_availability":"instock","product_condition":"new"},"_links":{"self":[{"href":"https:\/\/www.vetorino.com\/veterinaire\/ustaritz-64480\/boutique\/wp-json\/wp\/v2\/product\/36432","targetHints":{"allow":["GET"]}}],"collection":[{"href":"https:\/\/www.vetorino.com\/veterinaire\/ustaritz-64480\/boutique\/wp-json\/wp\/v2\/product"}],"about":[{"href":"https:\/\/www.vetorino.com\/veterinaire\/ustaritz-64480\/boutique\/wp-json\/wp\/v2\/types\/product"}],"wp:featuredmedia":[{"embeddable":true,"href":"https:\/\/www.vetorino.com\/veterinaire\/ustaritz-64480\/boutique\/wp-json\/wp\/v2\/media\/716482"}],"wp:attachment":[{"href":"https:\/\/www.vetorino.com\/veterinaire\/ustaritz-64480\/boutique\/wp-json\/wp\/v2\/media?parent=36432"}],"wp:term":[{"taxonomy":"product_cat","embeddable":true,"href":"https:\/\/www.vetorino.com\/veterinaire\/ustaritz-64480\/boutique\/wp-json\/wp\/v2\/product_cat?post=36432"},{"taxonomy":"product_tag","embeddable":true,"href":"https:\/\/www.vetorino.com\/veterinaire\/ustaritz-64480\/boutique\/wp-json\/wp\/v2\/product_tag?post=36432"}],"curies":[{"name":"wp","href":"https:\/\/api.w.org\/{rel}","templated":true}]}}