{"id":36733,"date":"2020-03-04T23:10:03","date_gmt":"2020-03-04T22:10:03","guid":{"rendered":"https:\/\/www.vetorino.com\/boutique\/product\/carnitonic\/"},"modified":"2026-02-26T16:55:46","modified_gmt":"2026-02-26T15:55:46","slug":"carnitonic","status":"publish","type":"product","link":"https:\/\/www.vetorino.com\/veterinaire\/ustaritz-64480\/boutique\/product\/carnitonic\/","title":{"rendered":"Carnitonic"},"content":{"rendered":"<div class=\"hidden\">\n<p><strong>Carnitonic\u00ae aide \u00e0 la pr\u00e9paration et \u00e0 la r\u00e9cup\u00e9ration de l\u2019effort physique. Il peut \u00eatre utilis\u00e9 comme stimulant g\u00e9n\u00e9ral, durant la convalescence, apr\u00e8s une intervention chirurgicale, chez l\u2019animal \u00e2g\u00e9\u2026<\/strong><\/p>\n<p><strong>Utilisation :<\/strong><\/p>\n<ul>\n<li>Chien de chasse, de travail, de course, ring, agility<\/li>\n<li>Convalescence, animaux \u00e2g\u00e9s<\/li>\n<li>Stimulant g\u00e9n\u00e9ral<\/li>\n<\/ul>\n<p><strong>Avantages :<\/strong><\/p>\n<ul>\n<li>Riche en L-carnitine.<\/li>\n<li>Aliment compl\u00e9mentaire riche en L-carnitine qui aide \u00e0 la pr\u00e9paration et \u00e0 la r\u00e9cup\u00e9ration de l&#8217;effort physique (chien de chasse, de travail, de course, ring, agility &#8230;).<\/li>\n<li>Carnitonic\u00ae favorise l\u2019adaptation de l\u2019organisme aux agressions internes et externes. Il facilite l\u2019effort physique en retardant l\u2019apparition de la fatigue et augmente la vitesse de r\u00e9cup\u00e9ration. La L-carnitine stimule le m\u00e9tabolisme des mitochondries des fibres musculaires. Le kola et l\u2019\u00e9leuth\u00e9rocoque sont adaptog\u00e8nes.<\/li>\n<\/ul>\n<p><strong>Demandez conseil \u00e0 votre v\u00e9t\u00e9rinaire.<\/strong><\/p>\n<\/div>\n","protected":false},"excerpt":{"rendered":"<p><strong>Carnitonic\u00ae aide \u00e0 la pr\u00e9paration et \u00e0 la r\u00e9cup\u00e9ration de l\u2019effort physique. Il peut \u00eatre utilis\u00e9 comme stimulant g\u00e9n\u00e9ral, durant la convalescence, apr\u00e8s une intervention chirurgicale, chez l\u2019animal \u00e2g\u00e9\u2026<\/strong><\/p>\n<p><strong>Utilisation :<\/strong><\/p>\n<ul>\n<li>Chien de chasse, de travail, de course, ring, agility<\/li>\n<li>Convalescence, animaux \u00e2g\u00e9s<\/li>\n<li>Stimulant g\u00e9n\u00e9ral<\/li>\n<\/ul>\n","protected":false},"featured_media":1720626,"template":"","meta":[],"product_cat":[12551,12552,2730,2738,2697,2698],"product_tag":[],"class_list":{"0":"post-36733","1":"product","2":"type-product","3":"status-publish","4":"has-post-thumbnail","6":"product_cat-alimentation-du-chat","7":"product_cat-alimentation-du-chien","8":"product_cat-aliments-complementaires-pour-chat","9":"product_cat-aliments-complementaires-pour-chien","10":"product_cat-chat","11":"product_cat-chien","12":"pa_marque-mp-labo","14":"first","15":"instock","16":"taxable","17":"shipping-taxable","18":"purchasable","19":"product-type-simple"},"yoast_head":"<!-- This site is optimized with the Yoast SEO plugin v27.3 - https:\/\/yoast.com\/product\/yoast-seo-wordpress\/ -->\n<title>Carnitonic Mp Labo - V\u00e9torino<\/title>\n<meta name=\"description\" content=\"Carnitonic\u00ae aide \u00e0 la pr\u00e9paration et \u00e0 la r\u00e9cup\u00e9ration de l\u2019effort physique. Il peut \u00eatre utilis\u00e9 comme stimulant g\u00e9n\u00e9ral, durant la convalescence, apr\u00e8s une intervention chirurgicale, chez l\u2019animal \u00e2g\u00e9\u2026  Utilisation :   Chien de chasse, de travail, de course, ring, agility  Convalescence, animaux \u00e2g\u00e9s  Stimulant g\u00e9n\u00e9ral\" \/>\n<meta name=\"robots\" content=\"noindex, nofollow\" \/>\n<meta property=\"og:locale\" content=\"fr_FR\" \/>\n<meta property=\"og:type\" content=\"article\" \/>\n<meta property=\"og:title\" content=\"Carnitonic Mp Labo - V\u00e9torino\" \/>\n<meta property=\"og:description\" content=\"Carnitonic\u00ae aide \u00e0 la pr\u00e9paration et \u00e0 la r\u00e9cup\u00e9ration de l\u2019effort physique. Il peut \u00eatre utilis\u00e9 comme stimulant g\u00e9n\u00e9ral, durant la convalescence, apr\u00e8s une intervention chirurgicale, chez l\u2019animal \u00e2g\u00e9\u2026  Utilisation :   Chien de chasse, de travail, de course, ring, agility  Convalescence, animaux \u00e2g\u00e9s  Stimulant g\u00e9n\u00e9ral\" \/>\n<meta property=\"og:url\" content=\"https:\/\/www.vetorino.com\/veterinaire\/ustaritz-64480\/boutique\/product\/carnitonic\/\" \/>\n<meta property=\"og:site_name\" content=\"V\u00e9torino\" \/>\n<meta property=\"article:publisher\" content=\"https:\/\/www.facebook.com\/Vetorino\/\" \/>\n<meta property=\"article:modified_time\" content=\"2026-02-26T15:55:46+00:00\" \/>\n<meta property=\"og:image\" content=\"https:\/\/www.vetorino.com\/boutique\/wp-content\/uploads\/2020\/03\/carnitonic.webp\" \/>\n\t<meta property=\"og:image:width\" content=\"800\" \/>\n\t<meta property=\"og:image:height\" content=\"800\" \/>\n\t<meta property=\"og:image:type\" content=\"image\/webp\" \/>\n<meta name=\"twitter:card\" content=\"summary_large_image\" \/>\n<meta name=\"twitter:label1\" content=\"Prix\" \/>\n\t<meta name=\"twitter:data1\" content=\"16,57&euro;\" \/>\n\t<meta name=\"twitter:label2\" content=\"Disponibilit\u00e9\" \/>\n\t<meta name=\"twitter:data2\" content=\"En stock\" \/>\n<script type=\"application\/ld+json\" class=\"yoast-schema-graph\">{\"@context\":\"https:\\\/\\\/schema.org\",\"@graph\":[{\"@type\":\"WebPage\",\"@id\":\"https:\\\/\\\/www.vetorino.com\\\/boutique\\\/product\\\/carnitonic\\\/\",\"url\":\"https:\\\/\\\/www.vetorino.com\\\/boutique\\\/product\\\/carnitonic\\\/\",\"name\":\"Carnitonic Mp Labo - V\u00e9torino\",\"isPartOf\":{\"@id\":\"https:\\\/\\\/www.vetorino.com\\\/boutique\\\/#website\"},\"primaryImageOfPage\":{\"@id\":\"https:\\\/\\\/www.vetorino.com\\\/boutique\\\/product\\\/carnitonic\\\/#primaryimage\"},\"image\":{\"@id\":\"https:\\\/\\\/www.vetorino.com\\\/boutique\\\/product\\\/carnitonic\\\/#primaryimage\"},\"thumbnailUrl\":\"https:\\\/\\\/www.vetorino.com\\\/boutique\\\/wp-content\\\/uploads\\\/2020\\\/03\\\/carnitonic.webp\",\"datePublished\":\"2020-03-04T22:10:03+00:00\",\"dateModified\":\"2026-02-26T15:55:46+00:00\",\"description\":\"Carnitonic\u00ae aide \u00e0 la pr\u00e9paration et \u00e0 la r\u00e9cup\u00e9ration de l\u2019effort physique. Il peut \u00eatre utilis\u00e9 comme stimulant g\u00e9n\u00e9ral, durant la convalescence, apr\u00e8s une intervention chirurgicale, chez l\u2019animal \u00e2g\u00e9\u2026 Utilisation : Chien de chasse, de travail, de course, ring, agility Convalescence, animaux \u00e2g\u00e9s Stimulant g\u00e9n\u00e9ral\",\"breadcrumb\":{\"@id\":\"https:\\\/\\\/www.vetorino.com\\\/boutique\\\/product\\\/carnitonic\\\/#breadcrumb\"},\"inLanguage\":\"fr-FR\",\"potentialAction\":[{\"@type\":\"ReadAction\",\"target\":[\"https:\\\/\\\/www.vetorino.com\\\/boutique\\\/product\\\/carnitonic\\\/\"]}]},{\"@type\":\"ImageObject\",\"inLanguage\":\"fr-FR\",\"@id\":\"https:\\\/\\\/www.vetorino.com\\\/boutique\\\/product\\\/carnitonic\\\/#primaryimage\",\"url\":\"https:\\\/\\\/www.vetorino.com\\\/boutique\\\/wp-content\\\/uploads\\\/2020\\\/03\\\/carnitonic.webp\",\"contentUrl\":\"https:\\\/\\\/www.vetorino.com\\\/boutique\\\/wp-content\\\/uploads\\\/2020\\\/03\\\/carnitonic.webp\",\"width\":800,\"height\":800},{\"@type\":\"BreadcrumbList\",\"@id\":\"https:\\\/\\\/www.vetorino.com\\\/boutique\\\/product\\\/carnitonic\\\/#breadcrumb\",\"itemListElement\":[{\"@type\":\"ListItem\",\"position\":1,\"name\":\"Accueil\",\"item\":\"https:\\\/\\\/www.vetorino.com\\\/boutique\\\/\"},{\"@type\":\"ListItem\",\"position\":2,\"name\":\"Produits\",\"item\":\"https:\\\/\\\/www.vetorino.com\\\/boutique\\\/\"},{\"@type\":\"ListItem\",\"position\":3,\"name\":\"Carnitonic\"}]},{\"@type\":\"WebSite\",\"@id\":\"https:\\\/\\\/www.vetorino.com\\\/boutique\\\/#website\",\"url\":\"https:\\\/\\\/www.vetorino.com\\\/boutique\\\/\",\"name\":\"V\u00e9torino\",\"description\":\"\",\"publisher\":{\"@id\":\"https:\\\/\\\/www.vetorino.com\\\/boutique\\\/#organization\"},\"potentialAction\":[{\"@type\":\"SearchAction\",\"target\":{\"@type\":\"EntryPoint\",\"urlTemplate\":\"https:\\\/\\\/www.vetorino.com\\\/boutique\\\/?s={search_term_string}\"},\"query-input\":{\"@type\":\"PropertyValueSpecification\",\"valueRequired\":true,\"valueName\":\"search_term_string\"}}],\"inLanguage\":\"fr-FR\"},{\"@type\":\"Organization\",\"@id\":\"https:\\\/\\\/www.vetorino.com\\\/boutique\\\/#organization\",\"name\":\"V\u00e9torino\",\"url\":\"https:\\\/\\\/www.vetorino.com\\\/boutique\\\/\",\"logo\":{\"@type\":\"ImageObject\",\"inLanguage\":\"fr-FR\",\"@id\":\"https:\\\/\\\/www.vetorino.com\\\/boutique\\\/#\\\/schema\\\/logo\\\/image\\\/\",\"url\":\"https:\\\/\\\/www.vetorino.com\\\/boutique\\\/wp-content\\\/uploads\\\/2024\\\/10\\\/logo.jpg\",\"contentUrl\":\"https:\\\/\\\/www.vetorino.com\\\/boutique\\\/wp-content\\\/uploads\\\/2024\\\/10\\\/logo.jpg\",\"width\":1200,\"height\":610,\"caption\":\"V\u00e9torino\"},\"image\":{\"@id\":\"https:\\\/\\\/www.vetorino.com\\\/boutique\\\/#\\\/schema\\\/logo\\\/image\\\/\"},\"sameAs\":[\"https:\\\/\\\/www.facebook.com\\\/Vetorino\\\/\",\"https:\\\/\\\/www.instagram.com\\\/vetorino_off\\\/\",\"https:\\\/\\\/www.linkedin.com\\\/company\\\/vtorino\\\/\"]}]}<\/script>\n<meta property=\"product:brand\" content=\"Mp Labo\" \/>\n<meta property=\"product:price:amount\" content=\"16.57\" \/>\n<meta property=\"product:price:currency\" content=\"EUR\" \/>\n<meta property=\"og:availability\" content=\"instock\" \/>\n<meta property=\"product:availability\" content=\"instock\" \/>\n<meta property=\"product:retailer_item_id\" content=\"A-4427161\" \/>\n<meta property=\"product:condition\" content=\"new\" \/>\n<!-- \/ Yoast SEO plugin. -->","yoast_head_json":{"title":"Carnitonic Mp Labo - V\u00e9torino","description":"Carnitonic\u00ae aide \u00e0 la pr\u00e9paration et \u00e0 la r\u00e9cup\u00e9ration de l\u2019effort physique. Il peut \u00eatre utilis\u00e9 comme stimulant g\u00e9n\u00e9ral, durant la convalescence, apr\u00e8s une intervention chirurgicale, chez l\u2019animal \u00e2g\u00e9\u2026  Utilisation :   Chien de chasse, de travail, de course, ring, agility  Convalescence, animaux \u00e2g\u00e9s  Stimulant g\u00e9n\u00e9ral","robots":{"index":"noindex","follow":"nofollow"},"og_locale":"fr_FR","og_type":"article","og_title":"Carnitonic Mp Labo - V\u00e9torino","og_description":"Carnitonic\u00ae aide \u00e0 la pr\u00e9paration et \u00e0 la r\u00e9cup\u00e9ration de l\u2019effort physique. Il peut \u00eatre utilis\u00e9 comme stimulant g\u00e9n\u00e9ral, durant la convalescence, apr\u00e8s une intervention chirurgicale, chez l\u2019animal \u00e2g\u00e9\u2026  Utilisation :   Chien de chasse, de travail, de course, ring, agility  Convalescence, animaux \u00e2g\u00e9s  Stimulant g\u00e9n\u00e9ral","og_url":"https:\/\/www.vetorino.com\/veterinaire\/ustaritz-64480\/boutique\/product\/carnitonic\/","og_site_name":"V\u00e9torino","article_publisher":"https:\/\/www.facebook.com\/Vetorino\/","article_modified_time":"2026-02-26T15:55:46+00:00","og_image":[{"width":800,"height":800,"url":"https:\/\/www.vetorino.com\/boutique\/wp-content\/uploads\/2020\/03\/carnitonic.webp","type":"image\/webp"}],"twitter_card":"summary_large_image","twitter_misc":{"Prix":"16,57&euro;","Disponibilit\u00e9":"En stock"},"schema":{"@context":"https:\/\/schema.org","@graph":[{"@type":"WebPage","@id":"https:\/\/www.vetorino.com\/boutique\/product\/carnitonic\/","url":"https:\/\/www.vetorino.com\/boutique\/product\/carnitonic\/","name":"Carnitonic Mp Labo - V\u00e9torino","isPartOf":{"@id":"https:\/\/www.vetorino.com\/boutique\/#website"},"primaryImageOfPage":{"@id":"https:\/\/www.vetorino.com\/boutique\/product\/carnitonic\/#primaryimage"},"image":{"@id":"https:\/\/www.vetorino.com\/boutique\/product\/carnitonic\/#primaryimage"},"thumbnailUrl":"https:\/\/www.vetorino.com\/boutique\/wp-content\/uploads\/2020\/03\/carnitonic.webp","datePublished":"2020-03-04T22:10:03+00:00","dateModified":"2026-02-26T15:55:46+00:00","description":"Carnitonic\u00ae aide \u00e0 la pr\u00e9paration et \u00e0 la r\u00e9cup\u00e9ration de l\u2019effort physique. Il peut \u00eatre utilis\u00e9 comme stimulant g\u00e9n\u00e9ral, durant la convalescence, apr\u00e8s une intervention chirurgicale, chez l\u2019animal \u00e2g\u00e9\u2026 Utilisation : Chien de chasse, de travail, de course, ring, agility Convalescence, animaux \u00e2g\u00e9s Stimulant g\u00e9n\u00e9ral","breadcrumb":{"@id":"https:\/\/www.vetorino.com\/boutique\/product\/carnitonic\/#breadcrumb"},"inLanguage":"fr-FR","potentialAction":[{"@type":"ReadAction","target":["https:\/\/www.vetorino.com\/boutique\/product\/carnitonic\/"]}]},{"@type":"ImageObject","inLanguage":"fr-FR","@id":"https:\/\/www.vetorino.com\/boutique\/product\/carnitonic\/#primaryimage","url":"https:\/\/www.vetorino.com\/boutique\/wp-content\/uploads\/2020\/03\/carnitonic.webp","contentUrl":"https:\/\/www.vetorino.com\/boutique\/wp-content\/uploads\/2020\/03\/carnitonic.webp","width":800,"height":800},{"@type":"BreadcrumbList","@id":"https:\/\/www.vetorino.com\/boutique\/product\/carnitonic\/#breadcrumb","itemListElement":[{"@type":"ListItem","position":1,"name":"Accueil","item":"https:\/\/www.vetorino.com\/boutique\/"},{"@type":"ListItem","position":2,"name":"Produits","item":"https:\/\/www.vetorino.com\/boutique\/"},{"@type":"ListItem","position":3,"name":"Carnitonic"}]},{"@type":"WebSite","@id":"https:\/\/www.vetorino.com\/boutique\/#website","url":"https:\/\/www.vetorino.com\/boutique\/","name":"V\u00e9torino","description":"","publisher":{"@id":"https:\/\/www.vetorino.com\/boutique\/#organization"},"potentialAction":[{"@type":"SearchAction","target":{"@type":"EntryPoint","urlTemplate":"https:\/\/www.vetorino.com\/boutique\/?s={search_term_string}"},"query-input":{"@type":"PropertyValueSpecification","valueRequired":true,"valueName":"search_term_string"}}],"inLanguage":"fr-FR"},{"@type":"Organization","@id":"https:\/\/www.vetorino.com\/boutique\/#organization","name":"V\u00e9torino","url":"https:\/\/www.vetorino.com\/boutique\/","logo":{"@type":"ImageObject","inLanguage":"fr-FR","@id":"https:\/\/www.vetorino.com\/boutique\/#\/schema\/logo\/image\/","url":"https:\/\/www.vetorino.com\/boutique\/wp-content\/uploads\/2024\/10\/logo.jpg","contentUrl":"https:\/\/www.vetorino.com\/boutique\/wp-content\/uploads\/2024\/10\/logo.jpg","width":1200,"height":610,"caption":"V\u00e9torino"},"image":{"@id":"https:\/\/www.vetorino.com\/boutique\/#\/schema\/logo\/image\/"},"sameAs":["https:\/\/www.facebook.com\/Vetorino\/","https:\/\/www.instagram.com\/vetorino_off\/","https:\/\/www.linkedin.com\/company\/vtorino\/"]}]},"product_brand":"Mp Labo","product_price_amount":"16.57","product_price_currency":"EUR","og_availability":"instock","product_availability":"instock","product_retailer_item_id":"A-4427161","product_condition":"new"},"_links":{"self":[{"href":"https:\/\/www.vetorino.com\/veterinaire\/ustaritz-64480\/boutique\/wp-json\/wp\/v2\/product\/36733","targetHints":{"allow":["GET"]}}],"collection":[{"href":"https:\/\/www.vetorino.com\/veterinaire\/ustaritz-64480\/boutique\/wp-json\/wp\/v2\/product"}],"about":[{"href":"https:\/\/www.vetorino.com\/veterinaire\/ustaritz-64480\/boutique\/wp-json\/wp\/v2\/types\/product"}],"wp:featuredmedia":[{"embeddable":true,"href":"https:\/\/www.vetorino.com\/veterinaire\/ustaritz-64480\/boutique\/wp-json\/wp\/v2\/media\/1720626"}],"wp:attachment":[{"href":"https:\/\/www.vetorino.com\/veterinaire\/ustaritz-64480\/boutique\/wp-json\/wp\/v2\/media?parent=36733"}],"wp:term":[{"taxonomy":"product_cat","embeddable":true,"href":"https:\/\/www.vetorino.com\/veterinaire\/ustaritz-64480\/boutique\/wp-json\/wp\/v2\/product_cat?post=36733"},{"taxonomy":"product_tag","embeddable":true,"href":"https:\/\/www.vetorino.com\/veterinaire\/ustaritz-64480\/boutique\/wp-json\/wp\/v2\/product_tag?post=36733"}],"curies":[{"name":"wp","href":"https:\/\/api.w.org\/{rel}","templated":true}]}}