{"id":36766,"date":"2020-03-04T23:10:15","date_gmt":"2020-03-04T22:10:15","guid":{"rendered":"https:\/\/www.vetorino.com\/boutique\/product\/cartimax-mini\/"},"modified":"2026-02-24T15:02:09","modified_gmt":"2026-02-24T14:02:09","slug":"cartimax-mini","status":"publish","type":"product","link":"https:\/\/www.vetorino.com\/veterinaire\/ustaritz-64480\/boutique\/product\/cartimax-mini\/","title":{"rendered":"Cartimax Mini &#8211; chien &#038; chat"},"content":{"rendered":"<div class=\"hidden\">\n<p><strong>Aliment compl\u00e9mentaire sous forme de g\u00e9lules, destin\u00e9 aux chiens et chats arthrosiques ou pr\u00e9dispos\u00e9s aux probl\u00e8mes articulaires.<\/strong><\/p>\n<p><strong>Utilisation :<\/strong><\/p>\n<ul>\n<li>Suppl\u00e9ment nutritionnel pour chiens et chats.<\/li>\n<li>Soutien du m\u00e9tabolisme articulaire et des troubles locomoteurs d&#8217;origine arthrosique.<\/li>\n<li>Acc\u00e9l\u00e8re aussi la r\u00e9cup\u00e9ration fonctionnelle de la mobilit\u00e9 articulaire.<\/li>\n<\/ul>\n<p><strong>Avantages :<\/strong><\/p>\n<ul>\n<li>La D-glucosamine sulfate est le pr\u00e9curseur essentiel des glycosaminoglycanes (GAGs) dans l\u2019organisme. En effet, elle est le seul et unique pr\u00e9curseur de l\u2019acide hyaluronique, des chondro\u00eftines et de nombreux prot\u00e9oglycanes, dont elle stimule les synth\u00e8ses. Absorb\u00e9e \u00e0 plus de 90 % par voie digestive, elle se concentre pr\u00e9f\u00e9rentiellement dans les articulations o\u00f9 elle exerce une action anticatabolique. Il semble acquis que la glucosamine sulfate inhibe l\u2019expression d\u2019un certain nombre de cytokines pro-inflammatoires ou de mol\u00e9cules connues pour leur action catabolique au niveau du cartilage (Cox-2, iNOS, MMP-3, TNF\u03b1, IL-6, IL-1).<\/li>\n<li>L\u2019harpagophytum poss\u00e8de plusieurs propri\u00e9t\u00e9s d\u00e9crites chez l\u2019homme. Parmi celles-ci, une r\u00e9duction de la g\u00eane articulaire.<\/li>\n<li>La reine des pr\u00e9s est utilis\u00e9e traditionnellement en Europe pour am\u00e9liorer la mobilit\u00e9 articulaire.<\/li>\n<li>Les oligo-\u00e9l\u00e9ments sont des cofacteurs fondamentaux dans la synth\u00e8se des GAGs et contribuent \u00e0 potentialiser l\u2019action des autres constituants du Cartimax\u00ae.<\/li>\n<\/ul>\n<\/div>\n","protected":false},"excerpt":{"rendered":"<p><strong>Aliment compl\u00e9mentaire sous forme de g\u00e9lules, destin\u00e9 aux chiens et chats arthrosiques ou pr\u00e9dispos\u00e9s aux probl\u00e8mes articulaires.<\/strong><\/p>\n<p><strong>Utilisation :<\/strong><\/p>\n<ul>\n<li>Suppl\u00e9ment nutritionnel pour chiens et chats de moins de 4 kg<\/li>\n<li>Soutien du m\u00e9tabolisme articulaire et des troubles locomoteurs d&#8217;origine arthrosique<\/li>\n<li>Acc\u00e9l\u00e8re aussi la r\u00e9cup\u00e9ration fonctionnelle de la mobilit\u00e9 articulaire<\/li>\n<\/ul>\n","protected":false},"featured_media":1222272,"template":"","meta":[],"product_cat":[12551,2730,2738,2697,2698,12568,12633],"product_tag":[],"class_list":{"0":"post-36766","1":"product","2":"type-product","3":"status-publish","4":"has-post-thumbnail","6":"product_cat-alimentation-du-chat","7":"product_cat-aliments-complementaires-pour-chat","8":"product_cat-aliments-complementaires-pour-chien","9":"product_cat-chat","10":"product_cat-chien","11":"product_cat-produit-veterinaire-du-chien","12":"product_cat-soutien-articulaire-du-chien","13":"pa_marque-mp-labo","15":"first","16":"instock","17":"taxable","18":"shipping-taxable","19":"purchasable","20":"product-type-simple"},"yoast_head":"<!-- This site is optimized with the Yoast SEO plugin v27.3 - https:\/\/yoast.com\/product\/yoast-seo-wordpress\/ -->\n<title>Cartimax Mini - chien &amp; chat Mp Labo - V\u00e9torino<\/title>\n<meta name=\"description\" content=\"Aliment compl\u00e9mentaire sous forme de g\u00e9lules, destin\u00e9 aux chiens et chats arthrosiques ou pr\u00e9dispos\u00e9s aux probl\u00e8mes articulaires.  Utilisation :   Suppl\u00e9ment nutritionnel pour chiens et chats de moins de 4 kg  Soutien du m\u00e9tabolisme articulaire et des troubles locomoteurs d&#039;origine arthrosique  Acc\u00e9l\u00e8re aussi la r\u00e9cup\u00e9ration fonctionnelle de la mobilit\u00e9 articulaire\" \/>\n<meta name=\"robots\" content=\"noindex, nofollow\" \/>\n<meta property=\"og:locale\" content=\"fr_FR\" \/>\n<meta property=\"og:type\" content=\"article\" \/>\n<meta property=\"og:title\" content=\"Cartimax Mini - chien &amp; chat Mp Labo - V\u00e9torino\" \/>\n<meta property=\"og:description\" content=\"Aliment compl\u00e9mentaire sous forme de g\u00e9lules, destin\u00e9 aux chiens et chats arthrosiques ou pr\u00e9dispos\u00e9s aux probl\u00e8mes articulaires.  Utilisation :   Suppl\u00e9ment nutritionnel pour chiens et chats de moins de 4 kg  Soutien du m\u00e9tabolisme articulaire et des troubles locomoteurs d&#039;origine arthrosique  Acc\u00e9l\u00e8re aussi la r\u00e9cup\u00e9ration fonctionnelle de la mobilit\u00e9 articulaire\" \/>\n<meta property=\"og:url\" content=\"https:\/\/www.vetorino.com\/veterinaire\/ustaritz-64480\/boutique\/product\/cartimax-mini\/\" \/>\n<meta property=\"og:site_name\" content=\"V\u00e9torino\" \/>\n<meta property=\"article:publisher\" content=\"https:\/\/www.facebook.com\/Vetorino\/\" \/>\n<meta property=\"article:modified_time\" content=\"2026-02-24T14:02:09+00:00\" \/>\n<meta property=\"og:image\" content=\"https:\/\/www.vetorino.com\/boutique\/wp-content\/uploads\/2020\/03\/cartimax-mini.webp\" \/>\n\t<meta property=\"og:image:width\" content=\"800\" \/>\n\t<meta property=\"og:image:height\" content=\"800\" \/>\n\t<meta property=\"og:image:type\" content=\"image\/webp\" \/>\n<meta name=\"twitter:card\" content=\"summary_large_image\" \/>\n<meta name=\"twitter:label1\" content=\"Prix\" \/>\n\t<meta name=\"twitter:data1\" content=\"11,85&euro;\" \/>\n\t<meta name=\"twitter:label2\" content=\"Disponibilit\u00e9\" \/>\n\t<meta name=\"twitter:data2\" content=\"En stock\" \/>\n<script type=\"application\/ld+json\" class=\"yoast-schema-graph\">{\"@context\":\"https:\\\/\\\/schema.org\",\"@graph\":[{\"@type\":\"WebPage\",\"@id\":\"https:\\\/\\\/www.vetorino.com\\\/boutique\\\/product\\\/cartimax-mini\\\/\",\"url\":\"https:\\\/\\\/www.vetorino.com\\\/boutique\\\/product\\\/cartimax-mini\\\/\",\"name\":\"Cartimax Mini - chien & chat Mp Labo - V\u00e9torino\",\"isPartOf\":{\"@id\":\"https:\\\/\\\/www.vetorino.com\\\/boutique\\\/#website\"},\"primaryImageOfPage\":{\"@id\":\"https:\\\/\\\/www.vetorino.com\\\/boutique\\\/product\\\/cartimax-mini\\\/#primaryimage\"},\"image\":{\"@id\":\"https:\\\/\\\/www.vetorino.com\\\/boutique\\\/product\\\/cartimax-mini\\\/#primaryimage\"},\"thumbnailUrl\":\"https:\\\/\\\/www.vetorino.com\\\/boutique\\\/wp-content\\\/uploads\\\/2020\\\/03\\\/cartimax-mini.webp\",\"datePublished\":\"2020-03-04T22:10:15+00:00\",\"dateModified\":\"2026-02-24T14:02:09+00:00\",\"description\":\"Aliment compl\u00e9mentaire sous forme de g\u00e9lules, destin\u00e9 aux chiens et chats arthrosiques ou pr\u00e9dispos\u00e9s aux probl\u00e8mes articulaires. Utilisation : Suppl\u00e9ment nutritionnel pour chiens et chats de moins de 4 kg Soutien du m\u00e9tabolisme articulaire et des troubles locomoteurs d'origine arthrosique Acc\u00e9l\u00e8re aussi la r\u00e9cup\u00e9ration fonctionnelle de la mobilit\u00e9 articulaire\",\"breadcrumb\":{\"@id\":\"https:\\\/\\\/www.vetorino.com\\\/boutique\\\/product\\\/cartimax-mini\\\/#breadcrumb\"},\"inLanguage\":\"fr-FR\",\"potentialAction\":[{\"@type\":\"ReadAction\",\"target\":[\"https:\\\/\\\/www.vetorino.com\\\/boutique\\\/product\\\/cartimax-mini\\\/\"]}]},{\"@type\":\"ImageObject\",\"inLanguage\":\"fr-FR\",\"@id\":\"https:\\\/\\\/www.vetorino.com\\\/boutique\\\/product\\\/cartimax-mini\\\/#primaryimage\",\"url\":\"https:\\\/\\\/www.vetorino.com\\\/boutique\\\/wp-content\\\/uploads\\\/2020\\\/03\\\/cartimax-mini.webp\",\"contentUrl\":\"https:\\\/\\\/www.vetorino.com\\\/boutique\\\/wp-content\\\/uploads\\\/2020\\\/03\\\/cartimax-mini.webp\",\"width\":800,\"height\":800},{\"@type\":\"BreadcrumbList\",\"@id\":\"https:\\\/\\\/www.vetorino.com\\\/boutique\\\/product\\\/cartimax-mini\\\/#breadcrumb\",\"itemListElement\":[{\"@type\":\"ListItem\",\"position\":1,\"name\":\"Accueil\",\"item\":\"https:\\\/\\\/www.vetorino.com\\\/boutique\\\/\"},{\"@type\":\"ListItem\",\"position\":2,\"name\":\"Produits\",\"item\":\"https:\\\/\\\/www.vetorino.com\\\/boutique\\\/\"},{\"@type\":\"ListItem\",\"position\":3,\"name\":\"Cartimax Mini &#8211; chien &#038; chat\"}]},{\"@type\":\"WebSite\",\"@id\":\"https:\\\/\\\/www.vetorino.com\\\/boutique\\\/#website\",\"url\":\"https:\\\/\\\/www.vetorino.com\\\/boutique\\\/\",\"name\":\"V\u00e9torino\",\"description\":\"\",\"publisher\":{\"@id\":\"https:\\\/\\\/www.vetorino.com\\\/boutique\\\/#organization\"},\"potentialAction\":[{\"@type\":\"SearchAction\",\"target\":{\"@type\":\"EntryPoint\",\"urlTemplate\":\"https:\\\/\\\/www.vetorino.com\\\/boutique\\\/?s={search_term_string}\"},\"query-input\":{\"@type\":\"PropertyValueSpecification\",\"valueRequired\":true,\"valueName\":\"search_term_string\"}}],\"inLanguage\":\"fr-FR\"},{\"@type\":\"Organization\",\"@id\":\"https:\\\/\\\/www.vetorino.com\\\/boutique\\\/#organization\",\"name\":\"V\u00e9torino\",\"url\":\"https:\\\/\\\/www.vetorino.com\\\/boutique\\\/\",\"logo\":{\"@type\":\"ImageObject\",\"inLanguage\":\"fr-FR\",\"@id\":\"https:\\\/\\\/www.vetorino.com\\\/boutique\\\/#\\\/schema\\\/logo\\\/image\\\/\",\"url\":\"https:\\\/\\\/www.vetorino.com\\\/boutique\\\/wp-content\\\/uploads\\\/2024\\\/10\\\/logo.jpg\",\"contentUrl\":\"https:\\\/\\\/www.vetorino.com\\\/boutique\\\/wp-content\\\/uploads\\\/2024\\\/10\\\/logo.jpg\",\"width\":1200,\"height\":610,\"caption\":\"V\u00e9torino\"},\"image\":{\"@id\":\"https:\\\/\\\/www.vetorino.com\\\/boutique\\\/#\\\/schema\\\/logo\\\/image\\\/\"},\"sameAs\":[\"https:\\\/\\\/www.facebook.com\\\/Vetorino\\\/\",\"https:\\\/\\\/www.instagram.com\\\/vetorino_off\\\/\",\"https:\\\/\\\/www.linkedin.com\\\/company\\\/vtorino\\\/\"]}]}<\/script>\n<meta property=\"product:brand\" content=\"Mp Labo\" \/>\n<meta property=\"product:price:amount\" content=\"11.85\" \/>\n<meta property=\"product:price:currency\" content=\"EUR\" \/>\n<meta property=\"og:availability\" content=\"instock\" \/>\n<meta property=\"product:availability\" content=\"instock\" \/>\n<meta property=\"product:retailer_item_id\" content=\"A-4582737\" \/>\n<meta property=\"product:condition\" content=\"new\" \/>\n<!-- \/ Yoast SEO plugin. -->","yoast_head_json":{"title":"Cartimax Mini - chien & chat Mp Labo - V\u00e9torino","description":"Aliment compl\u00e9mentaire sous forme de g\u00e9lules, destin\u00e9 aux chiens et chats arthrosiques ou pr\u00e9dispos\u00e9s aux probl\u00e8mes articulaires.  Utilisation :   Suppl\u00e9ment nutritionnel pour chiens et chats de moins de 4 kg  Soutien du m\u00e9tabolisme articulaire et des troubles locomoteurs d'origine arthrosique  Acc\u00e9l\u00e8re aussi la r\u00e9cup\u00e9ration fonctionnelle de la mobilit\u00e9 articulaire","robots":{"index":"noindex","follow":"nofollow"},"og_locale":"fr_FR","og_type":"article","og_title":"Cartimax Mini - chien & chat Mp Labo - V\u00e9torino","og_description":"Aliment compl\u00e9mentaire sous forme de g\u00e9lules, destin\u00e9 aux chiens et chats arthrosiques ou pr\u00e9dispos\u00e9s aux probl\u00e8mes articulaires.  Utilisation :   Suppl\u00e9ment nutritionnel pour chiens et chats de moins de 4 kg  Soutien du m\u00e9tabolisme articulaire et des troubles locomoteurs d'origine arthrosique  Acc\u00e9l\u00e8re aussi la r\u00e9cup\u00e9ration fonctionnelle de la mobilit\u00e9 articulaire","og_url":"https:\/\/www.vetorino.com\/veterinaire\/ustaritz-64480\/boutique\/product\/cartimax-mini\/","og_site_name":"V\u00e9torino","article_publisher":"https:\/\/www.facebook.com\/Vetorino\/","article_modified_time":"2026-02-24T14:02:09+00:00","og_image":[{"width":800,"height":800,"url":"https:\/\/www.vetorino.com\/boutique\/wp-content\/uploads\/2020\/03\/cartimax-mini.webp","type":"image\/webp"}],"twitter_card":"summary_large_image","twitter_misc":{"Prix":"11,85&euro;","Disponibilit\u00e9":"En stock"},"schema":{"@context":"https:\/\/schema.org","@graph":[{"@type":"WebPage","@id":"https:\/\/www.vetorino.com\/boutique\/product\/cartimax-mini\/","url":"https:\/\/www.vetorino.com\/boutique\/product\/cartimax-mini\/","name":"Cartimax Mini - chien & chat Mp Labo - V\u00e9torino","isPartOf":{"@id":"https:\/\/www.vetorino.com\/boutique\/#website"},"primaryImageOfPage":{"@id":"https:\/\/www.vetorino.com\/boutique\/product\/cartimax-mini\/#primaryimage"},"image":{"@id":"https:\/\/www.vetorino.com\/boutique\/product\/cartimax-mini\/#primaryimage"},"thumbnailUrl":"https:\/\/www.vetorino.com\/boutique\/wp-content\/uploads\/2020\/03\/cartimax-mini.webp","datePublished":"2020-03-04T22:10:15+00:00","dateModified":"2026-02-24T14:02:09+00:00","description":"Aliment compl\u00e9mentaire sous forme de g\u00e9lules, destin\u00e9 aux chiens et chats arthrosiques ou pr\u00e9dispos\u00e9s aux probl\u00e8mes articulaires. Utilisation : Suppl\u00e9ment nutritionnel pour chiens et chats de moins de 4 kg Soutien du m\u00e9tabolisme articulaire et des troubles locomoteurs d'origine arthrosique Acc\u00e9l\u00e8re aussi la r\u00e9cup\u00e9ration fonctionnelle de la mobilit\u00e9 articulaire","breadcrumb":{"@id":"https:\/\/www.vetorino.com\/boutique\/product\/cartimax-mini\/#breadcrumb"},"inLanguage":"fr-FR","potentialAction":[{"@type":"ReadAction","target":["https:\/\/www.vetorino.com\/boutique\/product\/cartimax-mini\/"]}]},{"@type":"ImageObject","inLanguage":"fr-FR","@id":"https:\/\/www.vetorino.com\/boutique\/product\/cartimax-mini\/#primaryimage","url":"https:\/\/www.vetorino.com\/boutique\/wp-content\/uploads\/2020\/03\/cartimax-mini.webp","contentUrl":"https:\/\/www.vetorino.com\/boutique\/wp-content\/uploads\/2020\/03\/cartimax-mini.webp","width":800,"height":800},{"@type":"BreadcrumbList","@id":"https:\/\/www.vetorino.com\/boutique\/product\/cartimax-mini\/#breadcrumb","itemListElement":[{"@type":"ListItem","position":1,"name":"Accueil","item":"https:\/\/www.vetorino.com\/boutique\/"},{"@type":"ListItem","position":2,"name":"Produits","item":"https:\/\/www.vetorino.com\/boutique\/"},{"@type":"ListItem","position":3,"name":"Cartimax Mini &#8211; chien &#038; chat"}]},{"@type":"WebSite","@id":"https:\/\/www.vetorino.com\/boutique\/#website","url":"https:\/\/www.vetorino.com\/boutique\/","name":"V\u00e9torino","description":"","publisher":{"@id":"https:\/\/www.vetorino.com\/boutique\/#organization"},"potentialAction":[{"@type":"SearchAction","target":{"@type":"EntryPoint","urlTemplate":"https:\/\/www.vetorino.com\/boutique\/?s={search_term_string}"},"query-input":{"@type":"PropertyValueSpecification","valueRequired":true,"valueName":"search_term_string"}}],"inLanguage":"fr-FR"},{"@type":"Organization","@id":"https:\/\/www.vetorino.com\/boutique\/#organization","name":"V\u00e9torino","url":"https:\/\/www.vetorino.com\/boutique\/","logo":{"@type":"ImageObject","inLanguage":"fr-FR","@id":"https:\/\/www.vetorino.com\/boutique\/#\/schema\/logo\/image\/","url":"https:\/\/www.vetorino.com\/boutique\/wp-content\/uploads\/2024\/10\/logo.jpg","contentUrl":"https:\/\/www.vetorino.com\/boutique\/wp-content\/uploads\/2024\/10\/logo.jpg","width":1200,"height":610,"caption":"V\u00e9torino"},"image":{"@id":"https:\/\/www.vetorino.com\/boutique\/#\/schema\/logo\/image\/"},"sameAs":["https:\/\/www.facebook.com\/Vetorino\/","https:\/\/www.instagram.com\/vetorino_off\/","https:\/\/www.linkedin.com\/company\/vtorino\/"]}]},"product_brand":"Mp Labo","product_price_amount":"11.85","product_price_currency":"EUR","og_availability":"instock","product_availability":"instock","product_retailer_item_id":"A-4582737","product_condition":"new"},"_links":{"self":[{"href":"https:\/\/www.vetorino.com\/veterinaire\/ustaritz-64480\/boutique\/wp-json\/wp\/v2\/product\/36766","targetHints":{"allow":["GET"]}}],"collection":[{"href":"https:\/\/www.vetorino.com\/veterinaire\/ustaritz-64480\/boutique\/wp-json\/wp\/v2\/product"}],"about":[{"href":"https:\/\/www.vetorino.com\/veterinaire\/ustaritz-64480\/boutique\/wp-json\/wp\/v2\/types\/product"}],"wp:featuredmedia":[{"embeddable":true,"href":"https:\/\/www.vetorino.com\/veterinaire\/ustaritz-64480\/boutique\/wp-json\/wp\/v2\/media\/1222272"}],"wp:attachment":[{"href":"https:\/\/www.vetorino.com\/veterinaire\/ustaritz-64480\/boutique\/wp-json\/wp\/v2\/media?parent=36766"}],"wp:term":[{"taxonomy":"product_cat","embeddable":true,"href":"https:\/\/www.vetorino.com\/veterinaire\/ustaritz-64480\/boutique\/wp-json\/wp\/v2\/product_cat?post=36766"},{"taxonomy":"product_tag","embeddable":true,"href":"https:\/\/www.vetorino.com\/veterinaire\/ustaritz-64480\/boutique\/wp-json\/wp\/v2\/product_tag?post=36766"}],"curies":[{"name":"wp","href":"https:\/\/api.w.org\/{rel}","templated":true}]}}