{"id":36778,"date":"2020-03-04T23:10:19","date_gmt":"2020-03-04T22:10:19","guid":{"rendered":"https:\/\/www.vetorino.com\/boutique\/product\/pyoderm-glycotek\/"},"modified":"2024-05-31T15:08:11","modified_gmt":"2024-05-31T13:08:11","slug":"pyoderm-glycotek","status":"publish","type":"product","link":"https:\/\/www.vetorino.com\/veterinaire\/ustaritz-64480\/boutique\/product\/pyoderm-glycotek\/","title":{"rendered":"Shampoing Pyoderm"},"content":{"rendered":"<p><strong>Pyoderm est un shampooing dermatologique d<\/strong><b>oux, sans savon, hypoallerg\u00e9nique, con\u00e7u pour un usage fr\u00e9quent afin d\u2019am\u00e9liorer l&#8217;\u00e9tat de la peau et du pelage des chiens et des chats de tout \u00e2ges en cas de d\u00e9s\u00e9quilibre microbien.<\/b><\/p>\n<p><strong>Pyoderm est un nettoyant unique \u00e0 base de chlorhexidine utilisant la Glycotechnologie, une association de saccharides connus pour r\u00e9duire l&#8217;adh\u00e9sion de certains micro-organismes ind\u00e9sirables \u00e0 la peau.<\/strong><\/p>\n<p><strong>Utilisation :<\/strong><\/p>\n<ul>\n<li>Chiens et chats pr\u00e9sentant un d\u00e9s\u00e9quilibre microbien<\/li>\n<\/ul>\n<p><strong>Avantages :\u00a0<\/strong><\/p>\n<ul>\n<li>Contient du digluconate de chlorhexidine qui contribue \u00e0 lutter contre la prolif\u00e9ration bact\u00e9rienne et la prolif\u00e9ration fongique.<\/li>\n<li>Aide au contr\u00f4le des prolif\u00e9rations microbiennes et de l\u2019inflammation cutan\u00e9e<\/li>\n<li>Se pr\u00e9sente dans une bouteille facile \u00e0 ouvrir et \u00e0 tenir. La valve permet une lib\u00e9ration contr\u00f4l\u00e9e, pour un \u00e9coulement pratique et efficace.Mode d&#8217;emploi :<\/li>\n<\/ul>\n<p>Agiter le produit avant emploi.<\/p>\n<p>Mouiller le pelage, appliquer le shampooing, masser et rincer. R\u00e9p\u00e9ter l&#8217;application, laisser agir 5 \u00e0 10 minutes puis rincer de nouveau.<br \/>\nUtiliser 2 \u00e0 3 fois par semaine pendant 3 semaines ou selon les conseils de votre v\u00e9t\u00e9rinaire.<br \/>\nPour les chats et chiens, utiliser une pression (environ 10 mL) jusqu&#8217;\u00e0 10 kg, puis 1 pression suppl\u00e9mentaire pour 10 kg de poids corporel.<\/p>\n","protected":false},"excerpt":{"rendered":"<p><strong>P<\/strong><strong>yoderm est un shampooing dermatologique d<\/strong><b>oux, sans savon, hypoallerg\u00e9nique, con\u00e7u pour un usage fr\u00e9quent afin d\u2019am\u00e9liorer l&#8217;\u00e9tat de la peau et du pelage des chiens et des chats de tout \u00e2ges en cas de d\u00e9s\u00e9quilibre microbien<\/b><\/p>\n<p><strong>Utilisation :<\/strong><\/p>\n<p>Chiens et chats pr\u00e9sentant une infection de la peau<\/p>\n","protected":false},"featured_media":860898,"template":"","meta":[],"product_cat":[2697,2698,12611,12612,12560,12561],"product_tag":[],"class_list":{"0":"post-36778","1":"product","2":"type-product","3":"status-publish","4":"has-post-thumbnail","6":"product_cat-chat","7":"product_cat-chien","8":"product_cat-hygiene-de-la-peau-et-du-pelage-du-chat","9":"product_cat-hygiene-de-la-peau-et-du-pelage-du-chien","10":"product_cat-hygiene-du-chat","11":"product_cat-hygiene-du-chien","12":"pa_marque-virbac","14":"first","15":"instock","16":"taxable","17":"shipping-taxable","18":"purchasable","19":"product-type-variable"},"yoast_head":"<!-- This site is optimized with the Yoast SEO plugin v27.3 - https:\/\/yoast.com\/product\/yoast-seo-wordpress\/ -->\n<title>Shampoing Pyoderm Virbac - V\u00e9torino<\/title>\n<meta name=\"description\" content=\"Pyoderm est un shampooing dermatologique doux, sans savon, hypoallerg\u00e9nique, con\u00e7u pour un usage fr\u00e9quent afin d\u2019am\u00e9liorer l&#039;\u00e9tat de la peau et du pelage des chiens et des chats de tout \u00e2ges en cas de d\u00e9s\u00e9quilibre microbien  Utilisation :  Chiens et chats pr\u00e9sentant une infection de la peau\" \/>\n<meta name=\"robots\" content=\"noindex, nofollow\" \/>\n<meta property=\"og:locale\" content=\"fr_FR\" \/>\n<meta property=\"og:type\" content=\"article\" \/>\n<meta property=\"og:title\" content=\"Shampoing Pyoderm Virbac - V\u00e9torino\" \/>\n<meta property=\"og:description\" content=\"Pyoderm est un shampooing dermatologique doux, sans savon, hypoallerg\u00e9nique, con\u00e7u pour un usage fr\u00e9quent afin d\u2019am\u00e9liorer l&#039;\u00e9tat de la peau et du pelage des chiens et des chats de tout \u00e2ges en cas de d\u00e9s\u00e9quilibre microbien  Utilisation :  Chiens et chats pr\u00e9sentant une infection de la peau\" \/>\n<meta property=\"og:url\" content=\"https:\/\/www.vetorino.com\/veterinaire\/ustaritz-64480\/boutique\/product\/pyoderm-glycotek\/\" \/>\n<meta property=\"og:site_name\" content=\"V\u00e9torino\" \/>\n<meta property=\"article:publisher\" content=\"https:\/\/www.facebook.com\/Vetorino\/\" \/>\n<meta property=\"article:modified_time\" content=\"2024-05-31T13:08:11+00:00\" \/>\n<meta property=\"og:image\" content=\"https:\/\/www.vetorino.com\/boutique\/wp-content\/uploads\/2020\/03\/shampoing-pyoderm.webp\" \/>\n\t<meta property=\"og:image:width\" content=\"800\" \/>\n\t<meta property=\"og:image:height\" content=\"800\" \/>\n\t<meta property=\"og:image:type\" content=\"image\/webp\" \/>\n<meta name=\"twitter:card\" content=\"summary_large_image\" \/>\n<meta name=\"twitter:label1\" content=\"Disponibilit\u00e9\" \/>\n\t<meta name=\"twitter:data1\" content=\"En stock\" \/>\n<script type=\"application\/ld+json\" class=\"yoast-schema-graph\">{\"@context\":\"https:\\\/\\\/schema.org\",\"@graph\":[{\"@type\":\"WebPage\",\"@id\":\"https:\\\/\\\/www.vetorino.com\\\/veterinaire\\\/pontarlier-25300\\\/boutique\\\/product\\\/pyoderm-glycotek\\\/\",\"url\":\"https:\\\/\\\/www.vetorino.com\\\/veterinaire\\\/pontarlier-25300\\\/boutique\\\/product\\\/pyoderm-glycotek\\\/\",\"name\":\"Shampoing Pyoderm Virbac - V\u00e9torino\",\"isPartOf\":{\"@id\":\"https:\\\/\\\/www.vetorino.com\\\/boutique\\\/#website\"},\"primaryImageOfPage\":{\"@id\":\"https:\\\/\\\/www.vetorino.com\\\/veterinaire\\\/pontarlier-25300\\\/boutique\\\/product\\\/pyoderm-glycotek\\\/#primaryimage\"},\"image\":{\"@id\":\"https:\\\/\\\/www.vetorino.com\\\/veterinaire\\\/pontarlier-25300\\\/boutique\\\/product\\\/pyoderm-glycotek\\\/#primaryimage\"},\"thumbnailUrl\":\"https:\\\/\\\/www.vetorino.com\\\/boutique\\\/wp-content\\\/uploads\\\/2020\\\/03\\\/shampoing-pyoderm.webp\",\"datePublished\":\"2020-03-04T22:10:19+00:00\",\"dateModified\":\"2024-05-31T13:08:11+00:00\",\"description\":\"Pyoderm est un shampooing dermatologique doux, sans savon, hypoallerg\u00e9nique, con\u00e7u pour un usage fr\u00e9quent afin d\u2019am\u00e9liorer l'\u00e9tat de la peau et du pelage des chiens et des chats de tout \u00e2ges en cas de d\u00e9s\u00e9quilibre microbien Utilisation : Chiens et chats pr\u00e9sentant une infection de la peau\",\"breadcrumb\":{\"@id\":\"https:\\\/\\\/www.vetorino.com\\\/veterinaire\\\/pontarlier-25300\\\/boutique\\\/product\\\/pyoderm-glycotek\\\/#breadcrumb\"},\"inLanguage\":\"fr-FR\",\"potentialAction\":[{\"@type\":\"ReadAction\",\"target\":[\"https:\\\/\\\/www.vetorino.com\\\/veterinaire\\\/pontarlier-25300\\\/boutique\\\/product\\\/pyoderm-glycotek\\\/\"]}]},{\"@type\":\"ImageObject\",\"inLanguage\":\"fr-FR\",\"@id\":\"https:\\\/\\\/www.vetorino.com\\\/veterinaire\\\/pontarlier-25300\\\/boutique\\\/product\\\/pyoderm-glycotek\\\/#primaryimage\",\"url\":\"https:\\\/\\\/www.vetorino.com\\\/boutique\\\/wp-content\\\/uploads\\\/2020\\\/03\\\/shampoing-pyoderm.webp\",\"contentUrl\":\"https:\\\/\\\/www.vetorino.com\\\/boutique\\\/wp-content\\\/uploads\\\/2020\\\/03\\\/shampoing-pyoderm.webp\",\"width\":800,\"height\":800},{\"@type\":\"BreadcrumbList\",\"@id\":\"https:\\\/\\\/www.vetorino.com\\\/veterinaire\\\/pontarlier-25300\\\/boutique\\\/product\\\/pyoderm-glycotek\\\/#breadcrumb\",\"itemListElement\":[{\"@type\":\"ListItem\",\"position\":1,\"name\":\"Accueil\",\"item\":\"https:\\\/\\\/www.vetorino.com\\\/boutique\\\/\"},{\"@type\":\"ListItem\",\"position\":2,\"name\":\"Produits\",\"item\":\"https:\\\/\\\/www.vetorino.com\\\/boutique\\\/\"},{\"@type\":\"ListItem\",\"position\":3,\"name\":\"Shampoing Pyoderm\"}]},{\"@type\":\"WebSite\",\"@id\":\"https:\\\/\\\/www.vetorino.com\\\/boutique\\\/#website\",\"url\":\"https:\\\/\\\/www.vetorino.com\\\/boutique\\\/\",\"name\":\"V\u00e9torino\",\"description\":\"\",\"publisher\":{\"@id\":\"https:\\\/\\\/www.vetorino.com\\\/boutique\\\/#organization\"},\"potentialAction\":[{\"@type\":\"SearchAction\",\"target\":{\"@type\":\"EntryPoint\",\"urlTemplate\":\"https:\\\/\\\/www.vetorino.com\\\/boutique\\\/?s={search_term_string}\"},\"query-input\":{\"@type\":\"PropertyValueSpecification\",\"valueRequired\":true,\"valueName\":\"search_term_string\"}}],\"inLanguage\":\"fr-FR\"},{\"@type\":\"Organization\",\"@id\":\"https:\\\/\\\/www.vetorino.com\\\/boutique\\\/#organization\",\"name\":\"V\u00e9torino\",\"url\":\"https:\\\/\\\/www.vetorino.com\\\/boutique\\\/\",\"logo\":{\"@type\":\"ImageObject\",\"inLanguage\":\"fr-FR\",\"@id\":\"https:\\\/\\\/www.vetorino.com\\\/boutique\\\/#\\\/schema\\\/logo\\\/image\\\/\",\"url\":\"https:\\\/\\\/www.vetorino.com\\\/boutique\\\/wp-content\\\/uploads\\\/2024\\\/10\\\/logo.jpg\",\"contentUrl\":\"https:\\\/\\\/www.vetorino.com\\\/boutique\\\/wp-content\\\/uploads\\\/2024\\\/10\\\/logo.jpg\",\"width\":1200,\"height\":610,\"caption\":\"V\u00e9torino\"},\"image\":{\"@id\":\"https:\\\/\\\/www.vetorino.com\\\/boutique\\\/#\\\/schema\\\/logo\\\/image\\\/\"},\"sameAs\":[\"https:\\\/\\\/www.facebook.com\\\/Vetorino\\\/\",\"https:\\\/\\\/www.instagram.com\\\/vetorino_off\\\/\",\"https:\\\/\\\/www.linkedin.com\\\/company\\\/vtorino\\\/\"]}]}<\/script>\n<meta property=\"product:brand\" content=\"Virbac\" \/>\n<meta property=\"og:availability\" content=\"instock\" \/>\n<meta property=\"product:availability\" content=\"instock\" \/>\n<meta property=\"product:condition\" content=\"new\" \/>\n<!-- \/ Yoast SEO plugin. -->","yoast_head_json":{"title":"Shampoing Pyoderm Virbac - V\u00e9torino","description":"Pyoderm est un shampooing dermatologique doux, sans savon, hypoallerg\u00e9nique, con\u00e7u pour un usage fr\u00e9quent afin d\u2019am\u00e9liorer l'\u00e9tat de la peau et du pelage des chiens et des chats de tout \u00e2ges en cas de d\u00e9s\u00e9quilibre microbien  Utilisation :  Chiens et chats pr\u00e9sentant une infection de la peau","robots":{"index":"noindex","follow":"nofollow"},"og_locale":"fr_FR","og_type":"article","og_title":"Shampoing Pyoderm Virbac - V\u00e9torino","og_description":"Pyoderm est un shampooing dermatologique doux, sans savon, hypoallerg\u00e9nique, con\u00e7u pour un usage fr\u00e9quent afin d\u2019am\u00e9liorer l'\u00e9tat de la peau et du pelage des chiens et des chats de tout \u00e2ges en cas de d\u00e9s\u00e9quilibre microbien  Utilisation :  Chiens et chats pr\u00e9sentant une infection de la peau","og_url":"https:\/\/www.vetorino.com\/veterinaire\/ustaritz-64480\/boutique\/product\/pyoderm-glycotek\/","og_site_name":"V\u00e9torino","article_publisher":"https:\/\/www.facebook.com\/Vetorino\/","article_modified_time":"2024-05-31T13:08:11+00:00","og_image":[{"width":800,"height":800,"url":"https:\/\/www.vetorino.com\/boutique\/wp-content\/uploads\/2020\/03\/shampoing-pyoderm.webp","type":"image\/webp"}],"twitter_card":"summary_large_image","twitter_misc":{"Disponibilit\u00e9":"En stock"},"schema":{"@context":"https:\/\/schema.org","@graph":[{"@type":"WebPage","@id":"https:\/\/www.vetorino.com\/veterinaire\/pontarlier-25300\/boutique\/product\/pyoderm-glycotek\/","url":"https:\/\/www.vetorino.com\/veterinaire\/pontarlier-25300\/boutique\/product\/pyoderm-glycotek\/","name":"Shampoing Pyoderm Virbac - V\u00e9torino","isPartOf":{"@id":"https:\/\/www.vetorino.com\/boutique\/#website"},"primaryImageOfPage":{"@id":"https:\/\/www.vetorino.com\/veterinaire\/pontarlier-25300\/boutique\/product\/pyoderm-glycotek\/#primaryimage"},"image":{"@id":"https:\/\/www.vetorino.com\/veterinaire\/pontarlier-25300\/boutique\/product\/pyoderm-glycotek\/#primaryimage"},"thumbnailUrl":"https:\/\/www.vetorino.com\/boutique\/wp-content\/uploads\/2020\/03\/shampoing-pyoderm.webp","datePublished":"2020-03-04T22:10:19+00:00","dateModified":"2024-05-31T13:08:11+00:00","description":"Pyoderm est un shampooing dermatologique doux, sans savon, hypoallerg\u00e9nique, con\u00e7u pour un usage fr\u00e9quent afin d\u2019am\u00e9liorer l'\u00e9tat de la peau et du pelage des chiens et des chats de tout \u00e2ges en cas de d\u00e9s\u00e9quilibre microbien Utilisation : Chiens et chats pr\u00e9sentant une infection de la peau","breadcrumb":{"@id":"https:\/\/www.vetorino.com\/veterinaire\/pontarlier-25300\/boutique\/product\/pyoderm-glycotek\/#breadcrumb"},"inLanguage":"fr-FR","potentialAction":[{"@type":"ReadAction","target":["https:\/\/www.vetorino.com\/veterinaire\/pontarlier-25300\/boutique\/product\/pyoderm-glycotek\/"]}]},{"@type":"ImageObject","inLanguage":"fr-FR","@id":"https:\/\/www.vetorino.com\/veterinaire\/pontarlier-25300\/boutique\/product\/pyoderm-glycotek\/#primaryimage","url":"https:\/\/www.vetorino.com\/boutique\/wp-content\/uploads\/2020\/03\/shampoing-pyoderm.webp","contentUrl":"https:\/\/www.vetorino.com\/boutique\/wp-content\/uploads\/2020\/03\/shampoing-pyoderm.webp","width":800,"height":800},{"@type":"BreadcrumbList","@id":"https:\/\/www.vetorino.com\/veterinaire\/pontarlier-25300\/boutique\/product\/pyoderm-glycotek\/#breadcrumb","itemListElement":[{"@type":"ListItem","position":1,"name":"Accueil","item":"https:\/\/www.vetorino.com\/boutique\/"},{"@type":"ListItem","position":2,"name":"Produits","item":"https:\/\/www.vetorino.com\/boutique\/"},{"@type":"ListItem","position":3,"name":"Shampoing Pyoderm"}]},{"@type":"WebSite","@id":"https:\/\/www.vetorino.com\/boutique\/#website","url":"https:\/\/www.vetorino.com\/boutique\/","name":"V\u00e9torino","description":"","publisher":{"@id":"https:\/\/www.vetorino.com\/boutique\/#organization"},"potentialAction":[{"@type":"SearchAction","target":{"@type":"EntryPoint","urlTemplate":"https:\/\/www.vetorino.com\/boutique\/?s={search_term_string}"},"query-input":{"@type":"PropertyValueSpecification","valueRequired":true,"valueName":"search_term_string"}}],"inLanguage":"fr-FR"},{"@type":"Organization","@id":"https:\/\/www.vetorino.com\/boutique\/#organization","name":"V\u00e9torino","url":"https:\/\/www.vetorino.com\/boutique\/","logo":{"@type":"ImageObject","inLanguage":"fr-FR","@id":"https:\/\/www.vetorino.com\/boutique\/#\/schema\/logo\/image\/","url":"https:\/\/www.vetorino.com\/boutique\/wp-content\/uploads\/2024\/10\/logo.jpg","contentUrl":"https:\/\/www.vetorino.com\/boutique\/wp-content\/uploads\/2024\/10\/logo.jpg","width":1200,"height":610,"caption":"V\u00e9torino"},"image":{"@id":"https:\/\/www.vetorino.com\/boutique\/#\/schema\/logo\/image\/"},"sameAs":["https:\/\/www.facebook.com\/Vetorino\/","https:\/\/www.instagram.com\/vetorino_off\/","https:\/\/www.linkedin.com\/company\/vtorino\/"]}]},"product_brand":"Virbac","og_availability":"instock","product_availability":"instock","product_condition":"new"},"_links":{"self":[{"href":"https:\/\/www.vetorino.com\/veterinaire\/ustaritz-64480\/boutique\/wp-json\/wp\/v2\/product\/36778","targetHints":{"allow":["GET"]}}],"collection":[{"href":"https:\/\/www.vetorino.com\/veterinaire\/ustaritz-64480\/boutique\/wp-json\/wp\/v2\/product"}],"about":[{"href":"https:\/\/www.vetorino.com\/veterinaire\/ustaritz-64480\/boutique\/wp-json\/wp\/v2\/types\/product"}],"wp:featuredmedia":[{"embeddable":true,"href":"https:\/\/www.vetorino.com\/veterinaire\/ustaritz-64480\/boutique\/wp-json\/wp\/v2\/media\/860898"}],"wp:attachment":[{"href":"https:\/\/www.vetorino.com\/veterinaire\/ustaritz-64480\/boutique\/wp-json\/wp\/v2\/media?parent=36778"}],"wp:term":[{"taxonomy":"product_cat","embeddable":true,"href":"https:\/\/www.vetorino.com\/veterinaire\/ustaritz-64480\/boutique\/wp-json\/wp\/v2\/product_cat?post=36778"},{"taxonomy":"product_tag","embeddable":true,"href":"https:\/\/www.vetorino.com\/veterinaire\/ustaritz-64480\/boutique\/wp-json\/wp\/v2\/product_tag?post=36778"}],"curies":[{"name":"wp","href":"https:\/\/api.w.org\/{rel}","templated":true}]}}