{"id":36801,"date":"2020-03-04T23:10:27","date_gmt":"2020-03-04T22:10:27","guid":{"rendered":"https:\/\/www.vetorino.com\/boutique\/product\/vdiet-dog-urinary-uc-low-purine\/"},"modified":"2025-11-05T16:13:00","modified_gmt":"2025-11-05T15:13:00","slug":"royal-canin-dog-urinary-u-c-low-purine","status":"publish","type":"product","link":"https:\/\/www.vetorino.com\/veterinaire\/ustaritz-64480\/boutique\/product\/royal-canin-dog-urinary-u-c-low-purine\/","title":{"rendered":"Dog Urinary U\/C Low Purine"},"content":{"rendered":"<p class=\"page-title\"><strong>Dog Urinary U\/C Low Purine est un aliment sp\u00e9cialement \u00e9labor\u00e9 pour les chiens pr\u00e9sentant des urolithiases d&#8217;urate et de cystine.<\/strong><\/p>\n<p><strong>Utilisation :<\/strong><\/p>\n<ul>\n<li>Gestion des r\u00e9cidives des calculs m\u00e9taboliques (calculs d\u2019urate, de xanthine ou de cystine).<\/li>\n<li>Aliment de maintenance (indiqu\u00e9 notamment pour les chiens de races \u00e0 risque \u00e9lev\u00e9 de calculs m\u00e9taboliques, par exemple Dalmatiens).<\/li>\n<\/ul>\n<p><strong>Contre indications :<\/strong><\/p>\n<ul>\n<li>Gestation, lactation, croissance<\/li>\n<\/ul>\n<p><strong>Bienfaits essentiels :<\/strong><\/p>\n<ul>\n<li>\n<div class=\"text\">Urinary S\/O Canine permet de\u00a0<strong>dissoudre efficacement les calculs de struvite<\/strong>.<\/div>\n<\/li>\n<li>\n<div class=\"text\">Rend\u00a0le milieu urinaire\u00a0<strong>d\u00e9favorable au d\u00e9veloppement des cristaux de struvite et d&#8217;oxalate de calcium<\/strong>.<\/div>\n<\/li>\n<li>\n<div class=\"text\">Diluer l&#8217;urine permet de r\u00e9duire simultan\u00e9ment les concentrations urinaires de struvite et d&#8217;oxalate de calcium. De plus accro\u00eetre le volume urinaire permet un<strong>\u00a0rin\u00e7age r\u00e9gulier de la vessie<\/strong>.<\/div>\n<\/li>\n<\/ul>\n<p><strong>Cet aliment est destin\u00e9 \u00e0 la prise en charge nutritionnelle d\u2019une maladie. Pour la sant\u00e9 de votre chien, il est recommand\u00e9 de consulter votre v\u00e9t\u00e9rinaire et de respecter scrupuleusement ses recommandations nutritionnelles.<\/strong><\/p>\n","protected":false},"excerpt":{"rendered":"<p dir=\"ltr\"><strong>Dog Urinary U\/C Low Purine est un aliment sp\u00e9cialement \u00e9labor\u00e9 pour les chiens pr\u00e9sentant des urolithiases d&#8217;urate et de cystine.<\/strong><\/p>\n<p><strong>Utilisation :<\/strong><\/p>\n<ul>\n<li>Gestion des r\u00e9cidives des calculs m\u00e9taboliques (calculs d\u2019urate, de xanthine ou de cystine).<\/li>\n<li>Aliment de maintenance (indiqu\u00e9 notamment pour les chiens de races \u00e0 risque \u00e9lev\u00e9 de calculs m\u00e9taboliques, par exemple Dalmatiens).<\/li>\n<\/ul>\n","protected":false},"featured_media":896237,"template":"","meta":[],"product_cat":[12552,12582,2698,12646],"product_tag":[],"class_list":{"0":"post-36801","1":"product","2":"type-product","3":"status-publish","4":"has-post-thumbnail","6":"product_cat-alimentation-du-chien","7":"product_cat-alimentation-medicalisee-pour-chien","8":"product_cat-chien","9":"product_cat-systeme-urinaire-du-chien","10":"pa_marque-royal-canin","12":"first","13":"instock","14":"taxable","15":"shipping-taxable","16":"purchasable","17":"product-type-variable"},"yoast_head":"<!-- This site is optimized with the Yoast SEO plugin v27.3 - https:\/\/yoast.com\/product\/yoast-seo-wordpress\/ -->\n<title>Veterinary Diet (Royal Canin) Dog Urinary U\/C Low Purine Royal Canin - V\u00e9torino<\/title>\n<meta name=\"description\" content=\"Royal Canin Dog Urinary U\/C Low Purine\u00a0est un aliment sp\u00e9cialement \u00e9labor\u00e9 pour les chiens pr\u00e9sentant des urolithiases d&#039;urate et de cystine\" \/>\n<meta name=\"robots\" content=\"noindex, nofollow\" \/>\n<meta property=\"og:locale\" content=\"fr_FR\" \/>\n<meta property=\"og:type\" content=\"article\" \/>\n<meta property=\"og:title\" content=\"Veterinary Diet (Royal Canin) Dog Urinary U\/C Low Purine Royal Canin - V\u00e9torino\" \/>\n<meta property=\"og:description\" content=\"Royal Canin Dog Urinary U\/C Low Purine\u00a0est un aliment sp\u00e9cialement \u00e9labor\u00e9 pour les chiens pr\u00e9sentant des urolithiases d&#039;urate et de cystine\" \/>\n<meta property=\"og:url\" content=\"https:\/\/www.vetorino.com\/veterinaire\/ustaritz-64480\/boutique\/product\/royal-canin-dog-urinary-u-c-low-purine\/\" \/>\n<meta property=\"og:site_name\" content=\"V\u00e9torino\" \/>\n<meta property=\"article:publisher\" content=\"https:\/\/www.facebook.com\/Vetorino\/\" \/>\n<meta property=\"article:modified_time\" content=\"2025-11-05T15:13:00+00:00\" \/>\n<meta property=\"og:image\" content=\"https:\/\/www.vetorino.com\/boutique\/wp-content\/uploads\/2020\/06\/dog-urinary-uc-low-purine.jpg\" \/>\n\t<meta property=\"og:image:width\" content=\"800\" \/>\n\t<meta property=\"og:image:height\" content=\"800\" \/>\n\t<meta property=\"og:image:type\" content=\"image\/jpeg\" \/>\n<meta name=\"twitter:card\" content=\"summary_large_image\" \/>\n<meta name=\"twitter:label1\" content=\"Disponibilit\u00e9\" \/>\n\t<meta name=\"twitter:data1\" content=\"En stock\" \/>\n<script type=\"application\/ld+json\" class=\"yoast-schema-graph\">{\"@context\":\"https:\\\/\\\/schema.org\",\"@graph\":[{\"@type\":\"WebPage\",\"@id\":\"https:\\\/\\\/www.vetorino.com\\\/veterinaire\\\/briancon-05100\\\/boutique\\\/product\\\/royal-canin-dog-urinary-u-c-low-purine\\\/\",\"url\":\"https:\\\/\\\/www.vetorino.com\\\/veterinaire\\\/briancon-05100\\\/boutique\\\/product\\\/royal-canin-dog-urinary-u-c-low-purine\\\/\",\"name\":\"Veterinary Diet (Royal Canin) Dog Urinary U\\\/C Low Purine Royal Canin - V\u00e9torino\",\"isPartOf\":{\"@id\":\"https:\\\/\\\/www.vetorino.com\\\/boutique\\\/#website\"},\"primaryImageOfPage\":{\"@id\":\"https:\\\/\\\/www.vetorino.com\\\/veterinaire\\\/briancon-05100\\\/boutique\\\/product\\\/royal-canin-dog-urinary-u-c-low-purine\\\/#primaryimage\"},\"image\":{\"@id\":\"https:\\\/\\\/www.vetorino.com\\\/veterinaire\\\/briancon-05100\\\/boutique\\\/product\\\/royal-canin-dog-urinary-u-c-low-purine\\\/#primaryimage\"},\"thumbnailUrl\":\"https:\\\/\\\/www.vetorino.com\\\/boutique\\\/wp-content\\\/uploads\\\/2020\\\/06\\\/dog-urinary-uc-low-purine.jpg\",\"datePublished\":\"2020-03-04T22:10:27+00:00\",\"dateModified\":\"2025-11-05T15:13:00+00:00\",\"description\":\"Royal Canin Dog Urinary U\\\/C Low Purine\u00a0est un aliment sp\u00e9cialement \u00e9labor\u00e9 pour les chiens pr\u00e9sentant des urolithiases d'urate et de cystine\",\"breadcrumb\":{\"@id\":\"https:\\\/\\\/www.vetorino.com\\\/veterinaire\\\/briancon-05100\\\/boutique\\\/product\\\/royal-canin-dog-urinary-u-c-low-purine\\\/#breadcrumb\"},\"inLanguage\":\"fr-FR\",\"potentialAction\":[{\"@type\":\"ReadAction\",\"target\":[\"https:\\\/\\\/www.vetorino.com\\\/veterinaire\\\/briancon-05100\\\/boutique\\\/product\\\/royal-canin-dog-urinary-u-c-low-purine\\\/\"]}]},{\"@type\":\"ImageObject\",\"inLanguage\":\"fr-FR\",\"@id\":\"https:\\\/\\\/www.vetorino.com\\\/veterinaire\\\/briancon-05100\\\/boutique\\\/product\\\/royal-canin-dog-urinary-u-c-low-purine\\\/#primaryimage\",\"url\":\"https:\\\/\\\/www.vetorino.com\\\/boutique\\\/wp-content\\\/uploads\\\/2020\\\/06\\\/dog-urinary-uc-low-purine.jpg\",\"contentUrl\":\"https:\\\/\\\/www.vetorino.com\\\/boutique\\\/wp-content\\\/uploads\\\/2020\\\/06\\\/dog-urinary-uc-low-purine.jpg\",\"width\":800,\"height\":800},{\"@type\":\"BreadcrumbList\",\"@id\":\"https:\\\/\\\/www.vetorino.com\\\/veterinaire\\\/briancon-05100\\\/boutique\\\/product\\\/royal-canin-dog-urinary-u-c-low-purine\\\/#breadcrumb\",\"itemListElement\":[{\"@type\":\"ListItem\",\"position\":1,\"name\":\"Accueil\",\"item\":\"https:\\\/\\\/www.vetorino.com\\\/boutique\\\/\"},{\"@type\":\"ListItem\",\"position\":2,\"name\":\"Produits\",\"item\":\"https:\\\/\\\/www.vetorino.com\\\/boutique\\\/\"},{\"@type\":\"ListItem\",\"position\":3,\"name\":\"Dog Urinary U\\\/C Low Purine\"}]},{\"@type\":\"WebSite\",\"@id\":\"https:\\\/\\\/www.vetorino.com\\\/boutique\\\/#website\",\"url\":\"https:\\\/\\\/www.vetorino.com\\\/boutique\\\/\",\"name\":\"V\u00e9torino\",\"description\":\"\",\"publisher\":{\"@id\":\"https:\\\/\\\/www.vetorino.com\\\/boutique\\\/#organization\"},\"potentialAction\":[{\"@type\":\"SearchAction\",\"target\":{\"@type\":\"EntryPoint\",\"urlTemplate\":\"https:\\\/\\\/www.vetorino.com\\\/boutique\\\/?s={search_term_string}\"},\"query-input\":{\"@type\":\"PropertyValueSpecification\",\"valueRequired\":true,\"valueName\":\"search_term_string\"}}],\"inLanguage\":\"fr-FR\"},{\"@type\":\"Organization\",\"@id\":\"https:\\\/\\\/www.vetorino.com\\\/boutique\\\/#organization\",\"name\":\"V\u00e9torino\",\"url\":\"https:\\\/\\\/www.vetorino.com\\\/boutique\\\/\",\"logo\":{\"@type\":\"ImageObject\",\"inLanguage\":\"fr-FR\",\"@id\":\"https:\\\/\\\/www.vetorino.com\\\/boutique\\\/#\\\/schema\\\/logo\\\/image\\\/\",\"url\":\"https:\\\/\\\/www.vetorino.com\\\/boutique\\\/wp-content\\\/uploads\\\/2024\\\/10\\\/logo.jpg\",\"contentUrl\":\"https:\\\/\\\/www.vetorino.com\\\/boutique\\\/wp-content\\\/uploads\\\/2024\\\/10\\\/logo.jpg\",\"width\":1200,\"height\":610,\"caption\":\"V\u00e9torino\"},\"image\":{\"@id\":\"https:\\\/\\\/www.vetorino.com\\\/boutique\\\/#\\\/schema\\\/logo\\\/image\\\/\"},\"sameAs\":[\"https:\\\/\\\/www.facebook.com\\\/Vetorino\\\/\",\"https:\\\/\\\/www.instagram.com\\\/vetorino_off\\\/\",\"https:\\\/\\\/www.linkedin.com\\\/company\\\/vtorino\\\/\"]}]}<\/script>\n<meta property=\"product:brand\" content=\"Royal Canin\" \/>\n<meta property=\"og:availability\" content=\"instock\" \/>\n<meta property=\"product:availability\" content=\"instock\" \/>\n<meta property=\"product:condition\" content=\"new\" \/>\n<!-- \/ Yoast SEO plugin. -->","yoast_head_json":{"title":"Veterinary Diet (Royal Canin) Dog Urinary U\/C Low Purine Royal Canin - V\u00e9torino","description":"Royal Canin Dog Urinary U\/C Low Purine\u00a0est un aliment sp\u00e9cialement \u00e9labor\u00e9 pour les chiens pr\u00e9sentant des urolithiases d'urate et de cystine","robots":{"index":"noindex","follow":"nofollow"},"og_locale":"fr_FR","og_type":"article","og_title":"Veterinary Diet (Royal Canin) Dog Urinary U\/C Low Purine Royal Canin - V\u00e9torino","og_description":"Royal Canin Dog Urinary U\/C Low Purine\u00a0est un aliment sp\u00e9cialement \u00e9labor\u00e9 pour les chiens pr\u00e9sentant des urolithiases d'urate et de cystine","og_url":"https:\/\/www.vetorino.com\/veterinaire\/ustaritz-64480\/boutique\/product\/royal-canin-dog-urinary-u-c-low-purine\/","og_site_name":"V\u00e9torino","article_publisher":"https:\/\/www.facebook.com\/Vetorino\/","article_modified_time":"2025-11-05T15:13:00+00:00","og_image":[{"width":800,"height":800,"url":"https:\/\/www.vetorino.com\/boutique\/wp-content\/uploads\/2020\/06\/dog-urinary-uc-low-purine.jpg","type":"image\/jpeg"}],"twitter_card":"summary_large_image","twitter_misc":{"Disponibilit\u00e9":"En stock"},"schema":{"@context":"https:\/\/schema.org","@graph":[{"@type":"WebPage","@id":"https:\/\/www.vetorino.com\/veterinaire\/briancon-05100\/boutique\/product\/royal-canin-dog-urinary-u-c-low-purine\/","url":"https:\/\/www.vetorino.com\/veterinaire\/briancon-05100\/boutique\/product\/royal-canin-dog-urinary-u-c-low-purine\/","name":"Veterinary Diet (Royal Canin) Dog Urinary U\/C Low Purine Royal Canin - V\u00e9torino","isPartOf":{"@id":"https:\/\/www.vetorino.com\/boutique\/#website"},"primaryImageOfPage":{"@id":"https:\/\/www.vetorino.com\/veterinaire\/briancon-05100\/boutique\/product\/royal-canin-dog-urinary-u-c-low-purine\/#primaryimage"},"image":{"@id":"https:\/\/www.vetorino.com\/veterinaire\/briancon-05100\/boutique\/product\/royal-canin-dog-urinary-u-c-low-purine\/#primaryimage"},"thumbnailUrl":"https:\/\/www.vetorino.com\/boutique\/wp-content\/uploads\/2020\/06\/dog-urinary-uc-low-purine.jpg","datePublished":"2020-03-04T22:10:27+00:00","dateModified":"2025-11-05T15:13:00+00:00","description":"Royal Canin Dog Urinary U\/C Low Purine\u00a0est un aliment sp\u00e9cialement \u00e9labor\u00e9 pour les chiens pr\u00e9sentant des urolithiases d'urate et de cystine","breadcrumb":{"@id":"https:\/\/www.vetorino.com\/veterinaire\/briancon-05100\/boutique\/product\/royal-canin-dog-urinary-u-c-low-purine\/#breadcrumb"},"inLanguage":"fr-FR","potentialAction":[{"@type":"ReadAction","target":["https:\/\/www.vetorino.com\/veterinaire\/briancon-05100\/boutique\/product\/royal-canin-dog-urinary-u-c-low-purine\/"]}]},{"@type":"ImageObject","inLanguage":"fr-FR","@id":"https:\/\/www.vetorino.com\/veterinaire\/briancon-05100\/boutique\/product\/royal-canin-dog-urinary-u-c-low-purine\/#primaryimage","url":"https:\/\/www.vetorino.com\/boutique\/wp-content\/uploads\/2020\/06\/dog-urinary-uc-low-purine.jpg","contentUrl":"https:\/\/www.vetorino.com\/boutique\/wp-content\/uploads\/2020\/06\/dog-urinary-uc-low-purine.jpg","width":800,"height":800},{"@type":"BreadcrumbList","@id":"https:\/\/www.vetorino.com\/veterinaire\/briancon-05100\/boutique\/product\/royal-canin-dog-urinary-u-c-low-purine\/#breadcrumb","itemListElement":[{"@type":"ListItem","position":1,"name":"Accueil","item":"https:\/\/www.vetorino.com\/boutique\/"},{"@type":"ListItem","position":2,"name":"Produits","item":"https:\/\/www.vetorino.com\/boutique\/"},{"@type":"ListItem","position":3,"name":"Dog Urinary U\/C Low Purine"}]},{"@type":"WebSite","@id":"https:\/\/www.vetorino.com\/boutique\/#website","url":"https:\/\/www.vetorino.com\/boutique\/","name":"V\u00e9torino","description":"","publisher":{"@id":"https:\/\/www.vetorino.com\/boutique\/#organization"},"potentialAction":[{"@type":"SearchAction","target":{"@type":"EntryPoint","urlTemplate":"https:\/\/www.vetorino.com\/boutique\/?s={search_term_string}"},"query-input":{"@type":"PropertyValueSpecification","valueRequired":true,"valueName":"search_term_string"}}],"inLanguage":"fr-FR"},{"@type":"Organization","@id":"https:\/\/www.vetorino.com\/boutique\/#organization","name":"V\u00e9torino","url":"https:\/\/www.vetorino.com\/boutique\/","logo":{"@type":"ImageObject","inLanguage":"fr-FR","@id":"https:\/\/www.vetorino.com\/boutique\/#\/schema\/logo\/image\/","url":"https:\/\/www.vetorino.com\/boutique\/wp-content\/uploads\/2024\/10\/logo.jpg","contentUrl":"https:\/\/www.vetorino.com\/boutique\/wp-content\/uploads\/2024\/10\/logo.jpg","width":1200,"height":610,"caption":"V\u00e9torino"},"image":{"@id":"https:\/\/www.vetorino.com\/boutique\/#\/schema\/logo\/image\/"},"sameAs":["https:\/\/www.facebook.com\/Vetorino\/","https:\/\/www.instagram.com\/vetorino_off\/","https:\/\/www.linkedin.com\/company\/vtorino\/"]}]},"product_brand":"Royal Canin","og_availability":"instock","product_availability":"instock","product_condition":"new"},"_links":{"self":[{"href":"https:\/\/www.vetorino.com\/veterinaire\/ustaritz-64480\/boutique\/wp-json\/wp\/v2\/product\/36801","targetHints":{"allow":["GET"]}}],"collection":[{"href":"https:\/\/www.vetorino.com\/veterinaire\/ustaritz-64480\/boutique\/wp-json\/wp\/v2\/product"}],"about":[{"href":"https:\/\/www.vetorino.com\/veterinaire\/ustaritz-64480\/boutique\/wp-json\/wp\/v2\/types\/product"}],"wp:featuredmedia":[{"embeddable":true,"href":"https:\/\/www.vetorino.com\/veterinaire\/ustaritz-64480\/boutique\/wp-json\/wp\/v2\/media\/896237"}],"wp:attachment":[{"href":"https:\/\/www.vetorino.com\/veterinaire\/ustaritz-64480\/boutique\/wp-json\/wp\/v2\/media?parent=36801"}],"wp:term":[{"taxonomy":"product_cat","embeddable":true,"href":"https:\/\/www.vetorino.com\/veterinaire\/ustaritz-64480\/boutique\/wp-json\/wp\/v2\/product_cat?post=36801"},{"taxonomy":"product_tag","embeddable":true,"href":"https:\/\/www.vetorino.com\/veterinaire\/ustaritz-64480\/boutique\/wp-json\/wp\/v2\/product_tag?post=36801"}],"curies":[{"name":"wp","href":"https:\/\/api.w.org\/{rel}","templated":true}]}}