{"id":36941,"date":"2020-03-04T23:11:16","date_gmt":"2020-03-04T22:11:16","guid":{"rendered":"https:\/\/www.vetorino.com\/boutique\/product\/montmorillonite-mp-labo-chien-chat\/"},"modified":"2025-02-21T12:16:13","modified_gmt":"2025-02-21T11:16:13","slug":"montmorillonite-mp-labo-chien-chat","status":"publish","type":"product","link":"https:\/\/www.vetorino.com\/veterinaire\/ustaritz-64480\/boutique\/product\/montmorillonite-mp-labo-chien-chat\/","title":{"rendered":"Montmorillonite"},"content":{"rendered":"<div class=\"hidden\">\n<p><strong>Argile verte qui r\u00e9duit le risque de malabsorption intestinale aig\u00fce en cas de diarrh\u00e9e aig\u00fce et pendant la p\u00e9riode de r\u00e9tablissement gr\u00e2ce \u00e0 la cr\u00e9ation d&#8217;un film couvrant la muqueuse digestive.<\/strong><\/p>\n<p><strong>Utilisation :<\/strong><\/p>\n<ul>\n<li>Troubles du transit, ou apr\u00e8s des \u00e9carts alimentaires chez le chien et le chat.<\/li>\n<\/ul>\n<p><strong>Avantages :<\/strong><\/p>\n<ul>\n<li>Sa poudre surfine est facile \u00e0 distribuer : il suffit de la diluer dans un peu d\u2019eau, ou de la m\u00e9langer au repas.<\/li>\n<li>La montmorillonite, gr\u00e2ce \u00e0 son grand pouvoir adsorbant des gaz, des liquides et des toxines, cr\u00e9e un film couvrant la muqueuse digestive.<strong><br \/>\n<\/strong><\/li>\n<\/ul>\n<p><strong>Demandez conseil \u00e0 votre v\u00e9t\u00e9rinaire.<\/strong><\/p>\n<\/div>\n","protected":false},"excerpt":{"rendered":"<p><strong>Argile verte qui r\u00e9duit le risque de malabsorption intestinale aig\u00fce en cas de diarrh\u00e9e aig\u00fce et pendant la p\u00e9riode de r\u00e9tablissement gr\u00e2ce \u00e0 la cr\u00e9ation d&#8217;un film couvrant la muqueuse digestive.<\/strong><\/p>\n<p><strong>Utilisation :<\/strong><\/p>\n<ul>\n<li>Troubles du transit, ou apr\u00e8s des \u00e9carts alimentaires chez le chien et le chat.<\/li>\n<\/ul>\n","protected":false},"featured_media":1222095,"template":"","meta":[],"product_cat":[2697,2698,12567,12568,12635,12636],"product_tag":[],"class_list":{"0":"post-36941","1":"product","2":"type-product","3":"status-publish","4":"has-post-thumbnail","6":"product_cat-chat","7":"product_cat-chien","8":"product_cat-produit-veterinaire-du-chat","9":"product_cat-produit-veterinaire-du-chien","10":"product_cat-systeme-digestif-du-chat","11":"product_cat-systeme-digestif-du-chien","12":"pa_marque-mp-labo","14":"first","15":"instock","16":"taxable","17":"shipping-taxable","18":"purchasable","19":"product-type-simple"},"yoast_head":"<!-- This site is optimized with the Yoast SEO plugin v27.3 - https:\/\/yoast.com\/product\/yoast-seo-wordpress\/ -->\n<title>Montmorillonite Mp Labo - V\u00e9torino<\/title>\n<meta name=\"description\" content=\"Argile verte qui r\u00e9duit le risque de malabsorption intestinale aig\u00fce en cas de diarrh\u00e9e aig\u00fce et pendant la p\u00e9riode de r\u00e9tablissement gr\u00e2ce \u00e0 la cr\u00e9ation d&#039;un film couvrant la muqueuse digestive.  Utilisation :   Troubles du transit, ou apr\u00e8s des \u00e9carts alimentaires chez le chien et le chat.\" \/>\n<meta name=\"robots\" content=\"noindex, nofollow\" \/>\n<meta property=\"og:locale\" content=\"fr_FR\" \/>\n<meta property=\"og:type\" content=\"article\" \/>\n<meta property=\"og:title\" content=\"Montmorillonite Mp Labo - V\u00e9torino\" \/>\n<meta property=\"og:description\" content=\"Argile verte qui r\u00e9duit le risque de malabsorption intestinale aig\u00fce en cas de diarrh\u00e9e aig\u00fce et pendant la p\u00e9riode de r\u00e9tablissement gr\u00e2ce \u00e0 la cr\u00e9ation d&#039;un film couvrant la muqueuse digestive.  Utilisation :   Troubles du transit, ou apr\u00e8s des \u00e9carts alimentaires chez le chien et le chat.\" \/>\n<meta property=\"og:url\" content=\"https:\/\/www.vetorino.com\/veterinaire\/ustaritz-64480\/boutique\/product\/montmorillonite-mp-labo-chien-chat\/\" \/>\n<meta property=\"og:site_name\" content=\"V\u00e9torino\" \/>\n<meta property=\"article:publisher\" content=\"https:\/\/www.facebook.com\/Vetorino\/\" \/>\n<meta property=\"article:modified_time\" content=\"2025-02-21T11:16:13+00:00\" \/>\n<meta property=\"og:image\" content=\"https:\/\/www.vetorino.com\/boutique\/wp-content\/uploads\/2020\/03\/montmorillonite.webp\" \/>\n\t<meta property=\"og:image:width\" content=\"800\" \/>\n\t<meta property=\"og:image:height\" content=\"800\" \/>\n\t<meta property=\"og:image:type\" content=\"image\/webp\" \/>\n<meta name=\"twitter:card\" content=\"summary_large_image\" \/>\n<meta name=\"twitter:label1\" content=\"Prix\" \/>\n\t<meta name=\"twitter:data1\" content=\"11,89&euro;\" \/>\n\t<meta name=\"twitter:label2\" content=\"Disponibilit\u00e9\" \/>\n\t<meta name=\"twitter:data2\" content=\"En stock\" \/>\n<script type=\"application\/ld+json\" class=\"yoast-schema-graph\">{\"@context\":\"https:\\\/\\\/schema.org\",\"@graph\":[{\"@type\":\"WebPage\",\"@id\":\"https:\\\/\\\/www.vetorino.com\\\/boutique\\\/product\\\/montmorillonite-mp-labo-chien-chat\\\/\",\"url\":\"https:\\\/\\\/www.vetorino.com\\\/boutique\\\/product\\\/montmorillonite-mp-labo-chien-chat\\\/\",\"name\":\"Montmorillonite Mp Labo - V\u00e9torino\",\"isPartOf\":{\"@id\":\"https:\\\/\\\/www.vetorino.com\\\/boutique\\\/#website\"},\"primaryImageOfPage\":{\"@id\":\"https:\\\/\\\/www.vetorino.com\\\/boutique\\\/product\\\/montmorillonite-mp-labo-chien-chat\\\/#primaryimage\"},\"image\":{\"@id\":\"https:\\\/\\\/www.vetorino.com\\\/boutique\\\/product\\\/montmorillonite-mp-labo-chien-chat\\\/#primaryimage\"},\"thumbnailUrl\":\"https:\\\/\\\/www.vetorino.com\\\/boutique\\\/wp-content\\\/uploads\\\/2020\\\/03\\\/montmorillonite.webp\",\"datePublished\":\"2020-03-04T22:11:16+00:00\",\"dateModified\":\"2025-02-21T11:16:13+00:00\",\"description\":\"Argile verte qui r\u00e9duit le risque de malabsorption intestinale aig\u00fce en cas de diarrh\u00e9e aig\u00fce et pendant la p\u00e9riode de r\u00e9tablissement gr\u00e2ce \u00e0 la cr\u00e9ation d'un film couvrant la muqueuse digestive. Utilisation : Troubles du transit, ou apr\u00e8s des \u00e9carts alimentaires chez le chien et le chat.\",\"breadcrumb\":{\"@id\":\"https:\\\/\\\/www.vetorino.com\\\/boutique\\\/product\\\/montmorillonite-mp-labo-chien-chat\\\/#breadcrumb\"},\"inLanguage\":\"fr-FR\",\"potentialAction\":[{\"@type\":\"ReadAction\",\"target\":[\"https:\\\/\\\/www.vetorino.com\\\/boutique\\\/product\\\/montmorillonite-mp-labo-chien-chat\\\/\"]}]},{\"@type\":\"ImageObject\",\"inLanguage\":\"fr-FR\",\"@id\":\"https:\\\/\\\/www.vetorino.com\\\/boutique\\\/product\\\/montmorillonite-mp-labo-chien-chat\\\/#primaryimage\",\"url\":\"https:\\\/\\\/www.vetorino.com\\\/boutique\\\/wp-content\\\/uploads\\\/2020\\\/03\\\/montmorillonite.webp\",\"contentUrl\":\"https:\\\/\\\/www.vetorino.com\\\/boutique\\\/wp-content\\\/uploads\\\/2020\\\/03\\\/montmorillonite.webp\",\"width\":800,\"height\":800},{\"@type\":\"BreadcrumbList\",\"@id\":\"https:\\\/\\\/www.vetorino.com\\\/boutique\\\/product\\\/montmorillonite-mp-labo-chien-chat\\\/#breadcrumb\",\"itemListElement\":[{\"@type\":\"ListItem\",\"position\":1,\"name\":\"Accueil\",\"item\":\"https:\\\/\\\/www.vetorino.com\\\/boutique\\\/\"},{\"@type\":\"ListItem\",\"position\":2,\"name\":\"Produits\",\"item\":\"https:\\\/\\\/www.vetorino.com\\\/boutique\\\/\"},{\"@type\":\"ListItem\",\"position\":3,\"name\":\"Montmorillonite\"}]},{\"@type\":\"WebSite\",\"@id\":\"https:\\\/\\\/www.vetorino.com\\\/boutique\\\/#website\",\"url\":\"https:\\\/\\\/www.vetorino.com\\\/boutique\\\/\",\"name\":\"V\u00e9torino\",\"description\":\"\",\"publisher\":{\"@id\":\"https:\\\/\\\/www.vetorino.com\\\/boutique\\\/#organization\"},\"potentialAction\":[{\"@type\":\"SearchAction\",\"target\":{\"@type\":\"EntryPoint\",\"urlTemplate\":\"https:\\\/\\\/www.vetorino.com\\\/boutique\\\/?s={search_term_string}\"},\"query-input\":{\"@type\":\"PropertyValueSpecification\",\"valueRequired\":true,\"valueName\":\"search_term_string\"}}],\"inLanguage\":\"fr-FR\"},{\"@type\":\"Organization\",\"@id\":\"https:\\\/\\\/www.vetorino.com\\\/boutique\\\/#organization\",\"name\":\"V\u00e9torino\",\"url\":\"https:\\\/\\\/www.vetorino.com\\\/boutique\\\/\",\"logo\":{\"@type\":\"ImageObject\",\"inLanguage\":\"fr-FR\",\"@id\":\"https:\\\/\\\/www.vetorino.com\\\/boutique\\\/#\\\/schema\\\/logo\\\/image\\\/\",\"url\":\"https:\\\/\\\/www.vetorino.com\\\/boutique\\\/wp-content\\\/uploads\\\/2024\\\/10\\\/logo.jpg\",\"contentUrl\":\"https:\\\/\\\/www.vetorino.com\\\/boutique\\\/wp-content\\\/uploads\\\/2024\\\/10\\\/logo.jpg\",\"width\":1200,\"height\":610,\"caption\":\"V\u00e9torino\"},\"image\":{\"@id\":\"https:\\\/\\\/www.vetorino.com\\\/boutique\\\/#\\\/schema\\\/logo\\\/image\\\/\"},\"sameAs\":[\"https:\\\/\\\/www.facebook.com\\\/Vetorino\\\/\",\"https:\\\/\\\/www.instagram.com\\\/vetorino_off\\\/\",\"https:\\\/\\\/www.linkedin.com\\\/company\\\/vtorino\\\/\"]}]}<\/script>\n<meta property=\"product:brand\" content=\"Mp Labo\" \/>\n<meta property=\"product:price:amount\" content=\"11.89\" \/>\n<meta property=\"product:price:currency\" content=\"EUR\" \/>\n<meta property=\"og:availability\" content=\"instock\" \/>\n<meta property=\"product:availability\" content=\"instock\" \/>\n<meta property=\"product:retailer_item_id\" content=\"A-7368944\" \/>\n<meta property=\"product:condition\" content=\"new\" \/>\n<!-- \/ Yoast SEO plugin. -->","yoast_head_json":{"title":"Montmorillonite Mp Labo - V\u00e9torino","description":"Argile verte qui r\u00e9duit le risque de malabsorption intestinale aig\u00fce en cas de diarrh\u00e9e aig\u00fce et pendant la p\u00e9riode de r\u00e9tablissement gr\u00e2ce \u00e0 la cr\u00e9ation d'un film couvrant la muqueuse digestive.  Utilisation :   Troubles du transit, ou apr\u00e8s des \u00e9carts alimentaires chez le chien et le chat.","robots":{"index":"noindex","follow":"nofollow"},"og_locale":"fr_FR","og_type":"article","og_title":"Montmorillonite Mp Labo - V\u00e9torino","og_description":"Argile verte qui r\u00e9duit le risque de malabsorption intestinale aig\u00fce en cas de diarrh\u00e9e aig\u00fce et pendant la p\u00e9riode de r\u00e9tablissement gr\u00e2ce \u00e0 la cr\u00e9ation d'un film couvrant la muqueuse digestive.  Utilisation :   Troubles du transit, ou apr\u00e8s des \u00e9carts alimentaires chez le chien et le chat.","og_url":"https:\/\/www.vetorino.com\/veterinaire\/ustaritz-64480\/boutique\/product\/montmorillonite-mp-labo-chien-chat\/","og_site_name":"V\u00e9torino","article_publisher":"https:\/\/www.facebook.com\/Vetorino\/","article_modified_time":"2025-02-21T11:16:13+00:00","og_image":[{"width":800,"height":800,"url":"https:\/\/www.vetorino.com\/boutique\/wp-content\/uploads\/2020\/03\/montmorillonite.webp","type":"image\/webp"}],"twitter_card":"summary_large_image","twitter_misc":{"Prix":"11,89&euro;","Disponibilit\u00e9":"En stock"},"schema":{"@context":"https:\/\/schema.org","@graph":[{"@type":"WebPage","@id":"https:\/\/www.vetorino.com\/boutique\/product\/montmorillonite-mp-labo-chien-chat\/","url":"https:\/\/www.vetorino.com\/boutique\/product\/montmorillonite-mp-labo-chien-chat\/","name":"Montmorillonite Mp Labo - V\u00e9torino","isPartOf":{"@id":"https:\/\/www.vetorino.com\/boutique\/#website"},"primaryImageOfPage":{"@id":"https:\/\/www.vetorino.com\/boutique\/product\/montmorillonite-mp-labo-chien-chat\/#primaryimage"},"image":{"@id":"https:\/\/www.vetorino.com\/boutique\/product\/montmorillonite-mp-labo-chien-chat\/#primaryimage"},"thumbnailUrl":"https:\/\/www.vetorino.com\/boutique\/wp-content\/uploads\/2020\/03\/montmorillonite.webp","datePublished":"2020-03-04T22:11:16+00:00","dateModified":"2025-02-21T11:16:13+00:00","description":"Argile verte qui r\u00e9duit le risque de malabsorption intestinale aig\u00fce en cas de diarrh\u00e9e aig\u00fce et pendant la p\u00e9riode de r\u00e9tablissement gr\u00e2ce \u00e0 la cr\u00e9ation d'un film couvrant la muqueuse digestive. Utilisation : Troubles du transit, ou apr\u00e8s des \u00e9carts alimentaires chez le chien et le chat.","breadcrumb":{"@id":"https:\/\/www.vetorino.com\/boutique\/product\/montmorillonite-mp-labo-chien-chat\/#breadcrumb"},"inLanguage":"fr-FR","potentialAction":[{"@type":"ReadAction","target":["https:\/\/www.vetorino.com\/boutique\/product\/montmorillonite-mp-labo-chien-chat\/"]}]},{"@type":"ImageObject","inLanguage":"fr-FR","@id":"https:\/\/www.vetorino.com\/boutique\/product\/montmorillonite-mp-labo-chien-chat\/#primaryimage","url":"https:\/\/www.vetorino.com\/boutique\/wp-content\/uploads\/2020\/03\/montmorillonite.webp","contentUrl":"https:\/\/www.vetorino.com\/boutique\/wp-content\/uploads\/2020\/03\/montmorillonite.webp","width":800,"height":800},{"@type":"BreadcrumbList","@id":"https:\/\/www.vetorino.com\/boutique\/product\/montmorillonite-mp-labo-chien-chat\/#breadcrumb","itemListElement":[{"@type":"ListItem","position":1,"name":"Accueil","item":"https:\/\/www.vetorino.com\/boutique\/"},{"@type":"ListItem","position":2,"name":"Produits","item":"https:\/\/www.vetorino.com\/boutique\/"},{"@type":"ListItem","position":3,"name":"Montmorillonite"}]},{"@type":"WebSite","@id":"https:\/\/www.vetorino.com\/boutique\/#website","url":"https:\/\/www.vetorino.com\/boutique\/","name":"V\u00e9torino","description":"","publisher":{"@id":"https:\/\/www.vetorino.com\/boutique\/#organization"},"potentialAction":[{"@type":"SearchAction","target":{"@type":"EntryPoint","urlTemplate":"https:\/\/www.vetorino.com\/boutique\/?s={search_term_string}"},"query-input":{"@type":"PropertyValueSpecification","valueRequired":true,"valueName":"search_term_string"}}],"inLanguage":"fr-FR"},{"@type":"Organization","@id":"https:\/\/www.vetorino.com\/boutique\/#organization","name":"V\u00e9torino","url":"https:\/\/www.vetorino.com\/boutique\/","logo":{"@type":"ImageObject","inLanguage":"fr-FR","@id":"https:\/\/www.vetorino.com\/boutique\/#\/schema\/logo\/image\/","url":"https:\/\/www.vetorino.com\/boutique\/wp-content\/uploads\/2024\/10\/logo.jpg","contentUrl":"https:\/\/www.vetorino.com\/boutique\/wp-content\/uploads\/2024\/10\/logo.jpg","width":1200,"height":610,"caption":"V\u00e9torino"},"image":{"@id":"https:\/\/www.vetorino.com\/boutique\/#\/schema\/logo\/image\/"},"sameAs":["https:\/\/www.facebook.com\/Vetorino\/","https:\/\/www.instagram.com\/vetorino_off\/","https:\/\/www.linkedin.com\/company\/vtorino\/"]}]},"product_brand":"Mp Labo","product_price_amount":"11.89","product_price_currency":"EUR","og_availability":"instock","product_availability":"instock","product_retailer_item_id":"A-7368944","product_condition":"new"},"_links":{"self":[{"href":"https:\/\/www.vetorino.com\/veterinaire\/ustaritz-64480\/boutique\/wp-json\/wp\/v2\/product\/36941","targetHints":{"allow":["GET"]}}],"collection":[{"href":"https:\/\/www.vetorino.com\/veterinaire\/ustaritz-64480\/boutique\/wp-json\/wp\/v2\/product"}],"about":[{"href":"https:\/\/www.vetorino.com\/veterinaire\/ustaritz-64480\/boutique\/wp-json\/wp\/v2\/types\/product"}],"wp:featuredmedia":[{"embeddable":true,"href":"https:\/\/www.vetorino.com\/veterinaire\/ustaritz-64480\/boutique\/wp-json\/wp\/v2\/media\/1222095"}],"wp:attachment":[{"href":"https:\/\/www.vetorino.com\/veterinaire\/ustaritz-64480\/boutique\/wp-json\/wp\/v2\/media?parent=36941"}],"wp:term":[{"taxonomy":"product_cat","embeddable":true,"href":"https:\/\/www.vetorino.com\/veterinaire\/ustaritz-64480\/boutique\/wp-json\/wp\/v2\/product_cat?post=36941"},{"taxonomy":"product_tag","embeddable":true,"href":"https:\/\/www.vetorino.com\/veterinaire\/ustaritz-64480\/boutique\/wp-json\/wp\/v2\/product_tag?post=36941"}],"curies":[{"name":"wp","href":"https:\/\/api.w.org\/{rel}","templated":true}]}}