{"id":36943,"date":"2020-03-04T23:11:17","date_gmt":"2020-03-04T22:11:17","guid":{"rendered":"https:\/\/www.vetorino.com\/boutique\/product\/glycosane\/"},"modified":"2026-02-24T16:12:09","modified_gmt":"2026-02-24T15:12:09","slug":"glycosane","status":"publish","type":"product","link":"https:\/\/www.vetorino.com\/veterinaire\/ustaritz-64480\/boutique\/product\/glycosane\/","title":{"rendered":"Glycosane &#8211; chien &#038; chat"},"content":{"rendered":"<p><strong>Aliment compl\u00e9mentaire pour le soutien du m\u00e9tabolisme articulaire chez les chiens et chats.<\/strong><\/p>\n<p><strong>Utilisation :<\/strong><\/p>\n<ul>\n<li>Durant la croissance, en particulier chez les races \u00e0 risques de d\u00e9velopper des troubles de la mobilit\u00e9<\/li>\n<li>Chez le chien sportif, pour soutenir les cartilages sollicit\u00e9s<\/li>\n<li>Pendant la convalescence, pour aider \u00e0 la r\u00e9cup\u00e9ration du cartilage<\/li>\n<\/ul>\n<p><strong>Avantages :<\/strong><\/p>\n<ul>\n<li>Contient un complexe de glycosaminoglycanes (GAGs) et de collag\u00e8ne de type II et de la silice qui contribuent au confort articulaire et \u00e0 la mobilit\u00e9.<\/li>\n<li>Simplicit\u00e9 de la quantit\u00e9 recommand\u00e9e : 1 g\u00e9lule par jour jusqu&#8217;\u00e0 40 kg<\/li>\n<\/ul>\n<p><strong>Demandez conseil \u00e0 votre v\u00e9t\u00e9rinaire.<\/strong><\/p>\n","protected":false},"excerpt":{"rendered":"<p><strong>Aliment compl\u00e9mentaire pour le soutien du m\u00e9tabolisme articulaire chez les chiens et chats.<\/strong><\/p>\n<p><strong>Utilisation :<\/strong><\/p>\n<ul>\n<li>Durant la croissance, en particulier chez les races \u00e0 risques de d\u00e9velopper des troubles de la mobilit\u00e9<\/li>\n<li>Chez le chien sportif, pour soutenir les cartilages sollicit\u00e9s<\/li>\n<li>Pendant la convalescence, pour aider \u00e0 la r\u00e9cup\u00e9ration du cartilage<\/li>\n<\/ul>\n","protected":false},"featured_media":1717522,"template":"","meta":[],"product_cat":[12551,12552,2730,2738,2697,2698,12633],"product_tag":[],"class_list":{"0":"post-36943","1":"product","2":"type-product","3":"status-publish","4":"has-post-thumbnail","6":"product_cat-alimentation-du-chat","7":"product_cat-alimentation-du-chien","8":"product_cat-aliments-complementaires-pour-chat","9":"product_cat-aliments-complementaires-pour-chien","10":"product_cat-chat","11":"product_cat-chien","12":"product_cat-soutien-articulaire-du-chien","13":"pa_marque-mp-labo","15":"first","16":"instock","17":"taxable","18":"shipping-taxable","19":"purchasable","20":"product-type-variable"},"yoast_head":"<!-- This site is optimized with the Yoast SEO plugin v27.3 - https:\/\/yoast.com\/product\/yoast-seo-wordpress\/ -->\n<title>Glycosane - chien &amp; chat Mp Labo - V\u00e9torino<\/title>\n<meta name=\"description\" content=\"Aliment compl\u00e9mentaire pour le soutien du m\u00e9tabolisme articulaire chez les chiens et chats.  Utilisation :   Durant la croissance, en particulier chez les races \u00e0 risques de d\u00e9velopper des troubles de la mobilit\u00e9  Chez le chien sportif, pour soutenir les cartilages sollicit\u00e9s  Pendant la convalescence, pour aider \u00e0 la r\u00e9cup\u00e9ration du cartilage\" \/>\n<meta name=\"robots\" content=\"noindex, nofollow\" \/>\n<meta property=\"og:locale\" content=\"fr_FR\" \/>\n<meta property=\"og:type\" content=\"article\" \/>\n<meta property=\"og:title\" content=\"Glycosane - chien &amp; chat Mp Labo - V\u00e9torino\" \/>\n<meta property=\"og:description\" content=\"Aliment compl\u00e9mentaire pour le soutien du m\u00e9tabolisme articulaire chez les chiens et chats.  Utilisation :   Durant la croissance, en particulier chez les races \u00e0 risques de d\u00e9velopper des troubles de la mobilit\u00e9  Chez le chien sportif, pour soutenir les cartilages sollicit\u00e9s  Pendant la convalescence, pour aider \u00e0 la r\u00e9cup\u00e9ration du cartilage\" \/>\n<meta property=\"og:url\" content=\"https:\/\/www.vetorino.com\/veterinaire\/ustaritz-64480\/boutique\/product\/glycosane\/\" \/>\n<meta property=\"og:site_name\" content=\"V\u00e9torino\" \/>\n<meta property=\"article:publisher\" content=\"https:\/\/www.facebook.com\/Vetorino\/\" \/>\n<meta property=\"article:modified_time\" content=\"2026-02-24T15:12:09+00:00\" \/>\n<meta property=\"og:image\" content=\"https:\/\/www.vetorino.com\/boutique\/wp-content\/uploads\/2020\/03\/glycosane-1.webp\" \/>\n\t<meta property=\"og:image:width\" content=\"800\" \/>\n\t<meta property=\"og:image:height\" content=\"800\" \/>\n\t<meta property=\"og:image:type\" content=\"image\/webp\" \/>\n<meta name=\"twitter:card\" content=\"summary_large_image\" \/>\n<meta name=\"twitter:label1\" content=\"Disponibilit\u00e9\" \/>\n\t<meta name=\"twitter:data1\" content=\"En stock\" \/>\n<script type=\"application\/ld+json\" class=\"yoast-schema-graph\">{\"@context\":\"https:\\\/\\\/schema.org\",\"@graph\":[{\"@type\":\"WebPage\",\"@id\":\"https:\\\/\\\/www.vetorino.com\\\/boutique\\\/product\\\/glycosane\\\/\",\"url\":\"https:\\\/\\\/www.vetorino.com\\\/boutique\\\/product\\\/glycosane\\\/\",\"name\":\"Glycosane - chien & chat Mp Labo - V\u00e9torino\",\"isPartOf\":{\"@id\":\"https:\\\/\\\/www.vetorino.com\\\/boutique\\\/#website\"},\"primaryImageOfPage\":{\"@id\":\"https:\\\/\\\/www.vetorino.com\\\/boutique\\\/product\\\/glycosane\\\/#primaryimage\"},\"image\":{\"@id\":\"https:\\\/\\\/www.vetorino.com\\\/boutique\\\/product\\\/glycosane\\\/#primaryimage\"},\"thumbnailUrl\":\"https:\\\/\\\/www.vetorino.com\\\/boutique\\\/wp-content\\\/uploads\\\/2020\\\/03\\\/glycosane-1.webp\",\"datePublished\":\"2020-03-04T22:11:17+00:00\",\"dateModified\":\"2026-02-24T15:12:09+00:00\",\"description\":\"Aliment compl\u00e9mentaire pour le soutien du m\u00e9tabolisme articulaire chez les chiens et chats. Utilisation : Durant la croissance, en particulier chez les races \u00e0 risques de d\u00e9velopper des troubles de la mobilit\u00e9 Chez le chien sportif, pour soutenir les cartilages sollicit\u00e9s Pendant la convalescence, pour aider \u00e0 la r\u00e9cup\u00e9ration du cartilage\",\"breadcrumb\":{\"@id\":\"https:\\\/\\\/www.vetorino.com\\\/boutique\\\/product\\\/glycosane\\\/#breadcrumb\"},\"inLanguage\":\"fr-FR\",\"potentialAction\":[{\"@type\":\"ReadAction\",\"target\":[\"https:\\\/\\\/www.vetorino.com\\\/boutique\\\/product\\\/glycosane\\\/\"]}]},{\"@type\":\"ImageObject\",\"inLanguage\":\"fr-FR\",\"@id\":\"https:\\\/\\\/www.vetorino.com\\\/boutique\\\/product\\\/glycosane\\\/#primaryimage\",\"url\":\"https:\\\/\\\/www.vetorino.com\\\/boutique\\\/wp-content\\\/uploads\\\/2020\\\/03\\\/glycosane-1.webp\",\"contentUrl\":\"https:\\\/\\\/www.vetorino.com\\\/boutique\\\/wp-content\\\/uploads\\\/2020\\\/03\\\/glycosane-1.webp\",\"width\":800,\"height\":800},{\"@type\":\"BreadcrumbList\",\"@id\":\"https:\\\/\\\/www.vetorino.com\\\/boutique\\\/product\\\/glycosane\\\/#breadcrumb\",\"itemListElement\":[{\"@type\":\"ListItem\",\"position\":1,\"name\":\"Accueil\",\"item\":\"https:\\\/\\\/www.vetorino.com\\\/boutique\\\/\"},{\"@type\":\"ListItem\",\"position\":2,\"name\":\"Produits\",\"item\":\"https:\\\/\\\/www.vetorino.com\\\/boutique\\\/\"},{\"@type\":\"ListItem\",\"position\":3,\"name\":\"Glycosane &#8211; chien &#038; chat\"}]},{\"@type\":\"WebSite\",\"@id\":\"https:\\\/\\\/www.vetorino.com\\\/boutique\\\/#website\",\"url\":\"https:\\\/\\\/www.vetorino.com\\\/boutique\\\/\",\"name\":\"V\u00e9torino\",\"description\":\"\",\"publisher\":{\"@id\":\"https:\\\/\\\/www.vetorino.com\\\/boutique\\\/#organization\"},\"potentialAction\":[{\"@type\":\"SearchAction\",\"target\":{\"@type\":\"EntryPoint\",\"urlTemplate\":\"https:\\\/\\\/www.vetorino.com\\\/boutique\\\/?s={search_term_string}\"},\"query-input\":{\"@type\":\"PropertyValueSpecification\",\"valueRequired\":true,\"valueName\":\"search_term_string\"}}],\"inLanguage\":\"fr-FR\"},{\"@type\":\"Organization\",\"@id\":\"https:\\\/\\\/www.vetorino.com\\\/boutique\\\/#organization\",\"name\":\"V\u00e9torino\",\"url\":\"https:\\\/\\\/www.vetorino.com\\\/boutique\\\/\",\"logo\":{\"@type\":\"ImageObject\",\"inLanguage\":\"fr-FR\",\"@id\":\"https:\\\/\\\/www.vetorino.com\\\/boutique\\\/#\\\/schema\\\/logo\\\/image\\\/\",\"url\":\"https:\\\/\\\/www.vetorino.com\\\/boutique\\\/wp-content\\\/uploads\\\/2024\\\/10\\\/logo.jpg\",\"contentUrl\":\"https:\\\/\\\/www.vetorino.com\\\/boutique\\\/wp-content\\\/uploads\\\/2024\\\/10\\\/logo.jpg\",\"width\":1200,\"height\":610,\"caption\":\"V\u00e9torino\"},\"image\":{\"@id\":\"https:\\\/\\\/www.vetorino.com\\\/boutique\\\/#\\\/schema\\\/logo\\\/image\\\/\"},\"sameAs\":[\"https:\\\/\\\/www.facebook.com\\\/Vetorino\\\/\",\"https:\\\/\\\/www.instagram.com\\\/vetorino_off\\\/\",\"https:\\\/\\\/www.linkedin.com\\\/company\\\/vtorino\\\/\"]}]}<\/script>\n<meta property=\"product:brand\" content=\"Mp Labo\" \/>\n<meta property=\"og:availability\" content=\"instock\" \/>\n<meta property=\"product:availability\" content=\"instock\" \/>\n<meta property=\"product:condition\" content=\"new\" \/>\n<!-- \/ Yoast SEO plugin. -->","yoast_head_json":{"title":"Glycosane - chien & chat Mp Labo - V\u00e9torino","description":"Aliment compl\u00e9mentaire pour le soutien du m\u00e9tabolisme articulaire chez les chiens et chats.  Utilisation :   Durant la croissance, en particulier chez les races \u00e0 risques de d\u00e9velopper des troubles de la mobilit\u00e9  Chez le chien sportif, pour soutenir les cartilages sollicit\u00e9s  Pendant la convalescence, pour aider \u00e0 la r\u00e9cup\u00e9ration du cartilage","robots":{"index":"noindex","follow":"nofollow"},"og_locale":"fr_FR","og_type":"article","og_title":"Glycosane - chien & chat Mp Labo - V\u00e9torino","og_description":"Aliment compl\u00e9mentaire pour le soutien du m\u00e9tabolisme articulaire chez les chiens et chats.  Utilisation :   Durant la croissance, en particulier chez les races \u00e0 risques de d\u00e9velopper des troubles de la mobilit\u00e9  Chez le chien sportif, pour soutenir les cartilages sollicit\u00e9s  Pendant la convalescence, pour aider \u00e0 la r\u00e9cup\u00e9ration du cartilage","og_url":"https:\/\/www.vetorino.com\/veterinaire\/ustaritz-64480\/boutique\/product\/glycosane\/","og_site_name":"V\u00e9torino","article_publisher":"https:\/\/www.facebook.com\/Vetorino\/","article_modified_time":"2026-02-24T15:12:09+00:00","og_image":[{"width":800,"height":800,"url":"https:\/\/www.vetorino.com\/boutique\/wp-content\/uploads\/2020\/03\/glycosane-1.webp","type":"image\/webp"}],"twitter_card":"summary_large_image","twitter_misc":{"Disponibilit\u00e9":"En stock"},"schema":{"@context":"https:\/\/schema.org","@graph":[{"@type":"WebPage","@id":"https:\/\/www.vetorino.com\/boutique\/product\/glycosane\/","url":"https:\/\/www.vetorino.com\/boutique\/product\/glycosane\/","name":"Glycosane - chien & chat Mp Labo - V\u00e9torino","isPartOf":{"@id":"https:\/\/www.vetorino.com\/boutique\/#website"},"primaryImageOfPage":{"@id":"https:\/\/www.vetorino.com\/boutique\/product\/glycosane\/#primaryimage"},"image":{"@id":"https:\/\/www.vetorino.com\/boutique\/product\/glycosane\/#primaryimage"},"thumbnailUrl":"https:\/\/www.vetorino.com\/boutique\/wp-content\/uploads\/2020\/03\/glycosane-1.webp","datePublished":"2020-03-04T22:11:17+00:00","dateModified":"2026-02-24T15:12:09+00:00","description":"Aliment compl\u00e9mentaire pour le soutien du m\u00e9tabolisme articulaire chez les chiens et chats. Utilisation : Durant la croissance, en particulier chez les races \u00e0 risques de d\u00e9velopper des troubles de la mobilit\u00e9 Chez le chien sportif, pour soutenir les cartilages sollicit\u00e9s Pendant la convalescence, pour aider \u00e0 la r\u00e9cup\u00e9ration du cartilage","breadcrumb":{"@id":"https:\/\/www.vetorino.com\/boutique\/product\/glycosane\/#breadcrumb"},"inLanguage":"fr-FR","potentialAction":[{"@type":"ReadAction","target":["https:\/\/www.vetorino.com\/boutique\/product\/glycosane\/"]}]},{"@type":"ImageObject","inLanguage":"fr-FR","@id":"https:\/\/www.vetorino.com\/boutique\/product\/glycosane\/#primaryimage","url":"https:\/\/www.vetorino.com\/boutique\/wp-content\/uploads\/2020\/03\/glycosane-1.webp","contentUrl":"https:\/\/www.vetorino.com\/boutique\/wp-content\/uploads\/2020\/03\/glycosane-1.webp","width":800,"height":800},{"@type":"BreadcrumbList","@id":"https:\/\/www.vetorino.com\/boutique\/product\/glycosane\/#breadcrumb","itemListElement":[{"@type":"ListItem","position":1,"name":"Accueil","item":"https:\/\/www.vetorino.com\/boutique\/"},{"@type":"ListItem","position":2,"name":"Produits","item":"https:\/\/www.vetorino.com\/boutique\/"},{"@type":"ListItem","position":3,"name":"Glycosane &#8211; chien &#038; chat"}]},{"@type":"WebSite","@id":"https:\/\/www.vetorino.com\/boutique\/#website","url":"https:\/\/www.vetorino.com\/boutique\/","name":"V\u00e9torino","description":"","publisher":{"@id":"https:\/\/www.vetorino.com\/boutique\/#organization"},"potentialAction":[{"@type":"SearchAction","target":{"@type":"EntryPoint","urlTemplate":"https:\/\/www.vetorino.com\/boutique\/?s={search_term_string}"},"query-input":{"@type":"PropertyValueSpecification","valueRequired":true,"valueName":"search_term_string"}}],"inLanguage":"fr-FR"},{"@type":"Organization","@id":"https:\/\/www.vetorino.com\/boutique\/#organization","name":"V\u00e9torino","url":"https:\/\/www.vetorino.com\/boutique\/","logo":{"@type":"ImageObject","inLanguage":"fr-FR","@id":"https:\/\/www.vetorino.com\/boutique\/#\/schema\/logo\/image\/","url":"https:\/\/www.vetorino.com\/boutique\/wp-content\/uploads\/2024\/10\/logo.jpg","contentUrl":"https:\/\/www.vetorino.com\/boutique\/wp-content\/uploads\/2024\/10\/logo.jpg","width":1200,"height":610,"caption":"V\u00e9torino"},"image":{"@id":"https:\/\/www.vetorino.com\/boutique\/#\/schema\/logo\/image\/"},"sameAs":["https:\/\/www.facebook.com\/Vetorino\/","https:\/\/www.instagram.com\/vetorino_off\/","https:\/\/www.linkedin.com\/company\/vtorino\/"]}]},"product_brand":"Mp Labo","og_availability":"instock","product_availability":"instock","product_condition":"new"},"_links":{"self":[{"href":"https:\/\/www.vetorino.com\/veterinaire\/ustaritz-64480\/boutique\/wp-json\/wp\/v2\/product\/36943","targetHints":{"allow":["GET"]}}],"collection":[{"href":"https:\/\/www.vetorino.com\/veterinaire\/ustaritz-64480\/boutique\/wp-json\/wp\/v2\/product"}],"about":[{"href":"https:\/\/www.vetorino.com\/veterinaire\/ustaritz-64480\/boutique\/wp-json\/wp\/v2\/types\/product"}],"wp:featuredmedia":[{"embeddable":true,"href":"https:\/\/www.vetorino.com\/veterinaire\/ustaritz-64480\/boutique\/wp-json\/wp\/v2\/media\/1717522"}],"wp:attachment":[{"href":"https:\/\/www.vetorino.com\/veterinaire\/ustaritz-64480\/boutique\/wp-json\/wp\/v2\/media?parent=36943"}],"wp:term":[{"taxonomy":"product_cat","embeddable":true,"href":"https:\/\/www.vetorino.com\/veterinaire\/ustaritz-64480\/boutique\/wp-json\/wp\/v2\/product_cat?post=36943"},{"taxonomy":"product_tag","embeddable":true,"href":"https:\/\/www.vetorino.com\/veterinaire\/ustaritz-64480\/boutique\/wp-json\/wp\/v2\/product_tag?post=36943"}],"curies":[{"name":"wp","href":"https:\/\/api.w.org\/{rel}","templated":true}]}}