{"id":37060,"date":"2020-03-04T23:11:58","date_gmt":"2020-03-04T22:11:58","guid":{"rendered":"https:\/\/www.vetorino.com\/boutique\/product\/sofcanis-vitalite\/"},"modified":"2020-12-15T02:57:16","modified_gmt":"2020-12-15T01:57:16","slug":"sofcanis-vitalite","status":"publish","type":"product","link":"https:\/\/www.vetorino.com\/veterinaire\/ustaritz-64480\/boutique\/product\/sofcanis-vitalite\/","title":{"rendered":"Sofcanis Vitalite"},"content":{"rendered":"<div class=\"hidden\">Moureau<\/div>\n<p>&#8211; Apport en\u00a0quantit\u00e9s cons\u00e9quentes (sans risque d&#8217;ypervitaminose) des\u00a0vitamines, oligo-\u00e9l\u00e9ments et acides amin\u00e9s consolidant l&#8217;apport quotidien habituel.<\/p>\n","protected":false},"excerpt":{"rendered":"<p>Sofcanis Vitalit\u00e9 est un compl\u00e9ment alimentaire pour chien contenant d&#8217;excellents acides amin\u00e9s dont la taurine, des oligo-\u00e9l\u00e9ments et est riche en polyvitamine.<\/p>\n<p>Il permet de compenser les p\u00e9riodes difficiles que peuvent traverser les chiens. Il entretient la vitalit\u00e9 de votre animal en p\u00e9riode de lactation, de croissance, de gestation, pour les chiens convalescents, r\u00e9guli\u00e8rement actif ou de concours.<\/p>\n","protected":false},"featured_media":78631,"template":"","meta":[],"product_cat":[2738,2698],"product_tag":[],"class_list":{"0":"post-37060","1":"product","2":"type-product","3":"status-publish","4":"has-post-thumbnail","6":"product_cat-aliments-complementaires-pour-chien","7":"product_cat-chien","8":"pa_marque-moureau","10":"first","11":"instock","12":"taxable","13":"shipping-taxable","14":"purchasable","15":"product-type-variable"},"yoast_head":"<!-- This site is optimized with the Yoast SEO plugin v27.3 - https:\/\/yoast.com\/product\/yoast-seo-wordpress\/ -->\n<title>Sofcanis Vitalite Moureau - V\u00e9torino<\/title>\n<meta name=\"description\" content=\"Sofcanis Vitalit\u00e9 est un compl\u00e9ment alimentaire pour chien contenant d&#039;excellents acides amin\u00e9s dont la taurine, des oligo-\u00e9l\u00e9ments et est riche en polyvitamine.  Il permet de compenser les p\u00e9riodes difficiles que peuvent traverser les chiens. Il entretient la vitalit\u00e9 de votre animal en p\u00e9riode de lactation, de croissance, de gestation, pour les chiens convalescents, r\u00e9guli\u00e8rement actif ou de concours.\" \/>\n<meta name=\"robots\" content=\"noindex, nofollow\" \/>\n<meta property=\"og:locale\" content=\"fr_FR\" \/>\n<meta property=\"og:type\" content=\"article\" \/>\n<meta property=\"og:title\" content=\"Sofcanis Vitalite Moureau - V\u00e9torino\" \/>\n<meta property=\"og:description\" content=\"Sofcanis Vitalit\u00e9 est un compl\u00e9ment alimentaire pour chien contenant d&#039;excellents acides amin\u00e9s dont la taurine, des oligo-\u00e9l\u00e9ments et est riche en polyvitamine.  Il permet de compenser les p\u00e9riodes difficiles que peuvent traverser les chiens. Il entretient la vitalit\u00e9 de votre animal en p\u00e9riode de lactation, de croissance, de gestation, pour les chiens convalescents, r\u00e9guli\u00e8rement actif ou de concours.\" \/>\n<meta property=\"og:url\" content=\"https:\/\/www.vetorino.com\/veterinaire\/ustaritz-64480\/boutique\/product\/sofcanis-vitalite\/\" \/>\n<meta property=\"og:site_name\" content=\"V\u00e9torino\" \/>\n<meta property=\"article:publisher\" content=\"https:\/\/www.facebook.com\/Vetorino\/\" \/>\n<meta property=\"article:modified_time\" content=\"2020-12-15T01:57:16+00:00\" \/>\n<meta property=\"og:image\" content=\"https:\/\/www.vetorino.com\/boutique\/wp-content\/uploads\/2020\/03\/sofcanis-vitalite-bt-100-cp-12.jpg\" \/>\n\t<meta property=\"og:image:width\" content=\"800\" \/>\n\t<meta property=\"og:image:height\" content=\"800\" \/>\n\t<meta property=\"og:image:type\" content=\"image\/jpeg\" \/>\n<meta name=\"twitter:card\" content=\"summary_large_image\" \/>\n<meta name=\"twitter:label1\" content=\"Disponibilit\u00e9\" \/>\n\t<meta name=\"twitter:data1\" content=\"En stock\" \/>\n<script type=\"application\/ld+json\" class=\"yoast-schema-graph\">{\"@context\":\"https:\\\/\\\/schema.org\",\"@graph\":[{\"@type\":\"WebPage\",\"@id\":\"https:\\\/\\\/www.vetorino.com\\\/boutique\\\/product\\\/sofcanis-vitalite\\\/\",\"url\":\"https:\\\/\\\/www.vetorino.com\\\/boutique\\\/product\\\/sofcanis-vitalite\\\/\",\"name\":\"Sofcanis Vitalite Moureau - V\u00e9torino\",\"isPartOf\":{\"@id\":\"https:\\\/\\\/www.vetorino.com\\\/boutique\\\/#website\"},\"primaryImageOfPage\":{\"@id\":\"https:\\\/\\\/www.vetorino.com\\\/boutique\\\/product\\\/sofcanis-vitalite\\\/#primaryimage\"},\"image\":{\"@id\":\"https:\\\/\\\/www.vetorino.com\\\/boutique\\\/product\\\/sofcanis-vitalite\\\/#primaryimage\"},\"thumbnailUrl\":\"https:\\\/\\\/www.vetorino.com\\\/boutique\\\/wp-content\\\/uploads\\\/2020\\\/03\\\/sofcanis-vitalite-bt-100-cp-12.jpg\",\"datePublished\":\"2020-03-04T22:11:58+00:00\",\"dateModified\":\"2020-12-15T01:57:16+00:00\",\"description\":\"Sofcanis Vitalit\u00e9 est un compl\u00e9ment alimentaire pour chien contenant d'excellents acides amin\u00e9s dont la taurine, des oligo-\u00e9l\u00e9ments et est riche en polyvitamine. Il permet de compenser les p\u00e9riodes difficiles que peuvent traverser les chiens. Il entretient la vitalit\u00e9 de votre animal en p\u00e9riode de lactation, de croissance, de gestation, pour les chiens convalescents, r\u00e9guli\u00e8rement actif ou de concours.\",\"breadcrumb\":{\"@id\":\"https:\\\/\\\/www.vetorino.com\\\/boutique\\\/product\\\/sofcanis-vitalite\\\/#breadcrumb\"},\"inLanguage\":\"fr-FR\",\"potentialAction\":[{\"@type\":\"ReadAction\",\"target\":[\"https:\\\/\\\/www.vetorino.com\\\/boutique\\\/product\\\/sofcanis-vitalite\\\/\"]}]},{\"@type\":\"ImageObject\",\"inLanguage\":\"fr-FR\",\"@id\":\"https:\\\/\\\/www.vetorino.com\\\/boutique\\\/product\\\/sofcanis-vitalite\\\/#primaryimage\",\"url\":\"https:\\\/\\\/www.vetorino.com\\\/boutique\\\/wp-content\\\/uploads\\\/2020\\\/03\\\/sofcanis-vitalite-bt-100-cp-12.jpg\",\"contentUrl\":\"https:\\\/\\\/www.vetorino.com\\\/boutique\\\/wp-content\\\/uploads\\\/2020\\\/03\\\/sofcanis-vitalite-bt-100-cp-12.jpg\",\"width\":800,\"height\":800},{\"@type\":\"BreadcrumbList\",\"@id\":\"https:\\\/\\\/www.vetorino.com\\\/boutique\\\/product\\\/sofcanis-vitalite\\\/#breadcrumb\",\"itemListElement\":[{\"@type\":\"ListItem\",\"position\":1,\"name\":\"Accueil\",\"item\":\"https:\\\/\\\/www.vetorino.com\\\/boutique\\\/\"},{\"@type\":\"ListItem\",\"position\":2,\"name\":\"Produits\",\"item\":\"https:\\\/\\\/www.vetorino.com\\\/boutique\\\/\"},{\"@type\":\"ListItem\",\"position\":3,\"name\":\"Sofcanis Vitalite\"}]},{\"@type\":\"WebSite\",\"@id\":\"https:\\\/\\\/www.vetorino.com\\\/boutique\\\/#website\",\"url\":\"https:\\\/\\\/www.vetorino.com\\\/boutique\\\/\",\"name\":\"V\u00e9torino\",\"description\":\"\",\"publisher\":{\"@id\":\"https:\\\/\\\/www.vetorino.com\\\/boutique\\\/#organization\"},\"potentialAction\":[{\"@type\":\"SearchAction\",\"target\":{\"@type\":\"EntryPoint\",\"urlTemplate\":\"https:\\\/\\\/www.vetorino.com\\\/boutique\\\/?s={search_term_string}\"},\"query-input\":{\"@type\":\"PropertyValueSpecification\",\"valueRequired\":true,\"valueName\":\"search_term_string\"}}],\"inLanguage\":\"fr-FR\"},{\"@type\":\"Organization\",\"@id\":\"https:\\\/\\\/www.vetorino.com\\\/boutique\\\/#organization\",\"name\":\"V\u00e9torino\",\"url\":\"https:\\\/\\\/www.vetorino.com\\\/boutique\\\/\",\"logo\":{\"@type\":\"ImageObject\",\"inLanguage\":\"fr-FR\",\"@id\":\"https:\\\/\\\/www.vetorino.com\\\/boutique\\\/#\\\/schema\\\/logo\\\/image\\\/\",\"url\":\"https:\\\/\\\/www.vetorino.com\\\/boutique\\\/wp-content\\\/uploads\\\/2024\\\/10\\\/logo.jpg\",\"contentUrl\":\"https:\\\/\\\/www.vetorino.com\\\/boutique\\\/wp-content\\\/uploads\\\/2024\\\/10\\\/logo.jpg\",\"width\":1200,\"height\":610,\"caption\":\"V\u00e9torino\"},\"image\":{\"@id\":\"https:\\\/\\\/www.vetorino.com\\\/boutique\\\/#\\\/schema\\\/logo\\\/image\\\/\"},\"sameAs\":[\"https:\\\/\\\/www.facebook.com\\\/Vetorino\\\/\",\"https:\\\/\\\/www.instagram.com\\\/vetorino_off\\\/\",\"https:\\\/\\\/www.linkedin.com\\\/company\\\/vtorino\\\/\"]}]}<\/script>\n<meta property=\"product:brand\" content=\"Moureau\" \/>\n<meta property=\"og:availability\" content=\"instock\" \/>\n<meta property=\"product:availability\" content=\"instock\" \/>\n<meta property=\"product:condition\" content=\"new\" \/>\n<!-- \/ Yoast SEO plugin. -->","yoast_head_json":{"title":"Sofcanis Vitalite Moureau - V\u00e9torino","description":"Sofcanis Vitalit\u00e9 est un compl\u00e9ment alimentaire pour chien contenant d'excellents acides amin\u00e9s dont la taurine, des oligo-\u00e9l\u00e9ments et est riche en polyvitamine.  Il permet de compenser les p\u00e9riodes difficiles que peuvent traverser les chiens. Il entretient la vitalit\u00e9 de votre animal en p\u00e9riode de lactation, de croissance, de gestation, pour les chiens convalescents, r\u00e9guli\u00e8rement actif ou de concours.","robots":{"index":"noindex","follow":"nofollow"},"og_locale":"fr_FR","og_type":"article","og_title":"Sofcanis Vitalite Moureau - V\u00e9torino","og_description":"Sofcanis Vitalit\u00e9 est un compl\u00e9ment alimentaire pour chien contenant d'excellents acides amin\u00e9s dont la taurine, des oligo-\u00e9l\u00e9ments et est riche en polyvitamine.  Il permet de compenser les p\u00e9riodes difficiles que peuvent traverser les chiens. Il entretient la vitalit\u00e9 de votre animal en p\u00e9riode de lactation, de croissance, de gestation, pour les chiens convalescents, r\u00e9guli\u00e8rement actif ou de concours.","og_url":"https:\/\/www.vetorino.com\/veterinaire\/ustaritz-64480\/boutique\/product\/sofcanis-vitalite\/","og_site_name":"V\u00e9torino","article_publisher":"https:\/\/www.facebook.com\/Vetorino\/","article_modified_time":"2020-12-15T01:57:16+00:00","og_image":[{"width":800,"height":800,"url":"https:\/\/www.vetorino.com\/boutique\/wp-content\/uploads\/2020\/03\/sofcanis-vitalite-bt-100-cp-12.jpg","type":"image\/jpeg"}],"twitter_card":"summary_large_image","twitter_misc":{"Disponibilit\u00e9":"En stock"},"schema":{"@context":"https:\/\/schema.org","@graph":[{"@type":"WebPage","@id":"https:\/\/www.vetorino.com\/boutique\/product\/sofcanis-vitalite\/","url":"https:\/\/www.vetorino.com\/boutique\/product\/sofcanis-vitalite\/","name":"Sofcanis Vitalite Moureau - V\u00e9torino","isPartOf":{"@id":"https:\/\/www.vetorino.com\/boutique\/#website"},"primaryImageOfPage":{"@id":"https:\/\/www.vetorino.com\/boutique\/product\/sofcanis-vitalite\/#primaryimage"},"image":{"@id":"https:\/\/www.vetorino.com\/boutique\/product\/sofcanis-vitalite\/#primaryimage"},"thumbnailUrl":"https:\/\/www.vetorino.com\/boutique\/wp-content\/uploads\/2020\/03\/sofcanis-vitalite-bt-100-cp-12.jpg","datePublished":"2020-03-04T22:11:58+00:00","dateModified":"2020-12-15T01:57:16+00:00","description":"Sofcanis Vitalit\u00e9 est un compl\u00e9ment alimentaire pour chien contenant d'excellents acides amin\u00e9s dont la taurine, des oligo-\u00e9l\u00e9ments et est riche en polyvitamine. Il permet de compenser les p\u00e9riodes difficiles que peuvent traverser les chiens. Il entretient la vitalit\u00e9 de votre animal en p\u00e9riode de lactation, de croissance, de gestation, pour les chiens convalescents, r\u00e9guli\u00e8rement actif ou de concours.","breadcrumb":{"@id":"https:\/\/www.vetorino.com\/boutique\/product\/sofcanis-vitalite\/#breadcrumb"},"inLanguage":"fr-FR","potentialAction":[{"@type":"ReadAction","target":["https:\/\/www.vetorino.com\/boutique\/product\/sofcanis-vitalite\/"]}]},{"@type":"ImageObject","inLanguage":"fr-FR","@id":"https:\/\/www.vetorino.com\/boutique\/product\/sofcanis-vitalite\/#primaryimage","url":"https:\/\/www.vetorino.com\/boutique\/wp-content\/uploads\/2020\/03\/sofcanis-vitalite-bt-100-cp-12.jpg","contentUrl":"https:\/\/www.vetorino.com\/boutique\/wp-content\/uploads\/2020\/03\/sofcanis-vitalite-bt-100-cp-12.jpg","width":800,"height":800},{"@type":"BreadcrumbList","@id":"https:\/\/www.vetorino.com\/boutique\/product\/sofcanis-vitalite\/#breadcrumb","itemListElement":[{"@type":"ListItem","position":1,"name":"Accueil","item":"https:\/\/www.vetorino.com\/boutique\/"},{"@type":"ListItem","position":2,"name":"Produits","item":"https:\/\/www.vetorino.com\/boutique\/"},{"@type":"ListItem","position":3,"name":"Sofcanis Vitalite"}]},{"@type":"WebSite","@id":"https:\/\/www.vetorino.com\/boutique\/#website","url":"https:\/\/www.vetorino.com\/boutique\/","name":"V\u00e9torino","description":"","publisher":{"@id":"https:\/\/www.vetorino.com\/boutique\/#organization"},"potentialAction":[{"@type":"SearchAction","target":{"@type":"EntryPoint","urlTemplate":"https:\/\/www.vetorino.com\/boutique\/?s={search_term_string}"},"query-input":{"@type":"PropertyValueSpecification","valueRequired":true,"valueName":"search_term_string"}}],"inLanguage":"fr-FR"},{"@type":"Organization","@id":"https:\/\/www.vetorino.com\/boutique\/#organization","name":"V\u00e9torino","url":"https:\/\/www.vetorino.com\/boutique\/","logo":{"@type":"ImageObject","inLanguage":"fr-FR","@id":"https:\/\/www.vetorino.com\/boutique\/#\/schema\/logo\/image\/","url":"https:\/\/www.vetorino.com\/boutique\/wp-content\/uploads\/2024\/10\/logo.jpg","contentUrl":"https:\/\/www.vetorino.com\/boutique\/wp-content\/uploads\/2024\/10\/logo.jpg","width":1200,"height":610,"caption":"V\u00e9torino"},"image":{"@id":"https:\/\/www.vetorino.com\/boutique\/#\/schema\/logo\/image\/"},"sameAs":["https:\/\/www.facebook.com\/Vetorino\/","https:\/\/www.instagram.com\/vetorino_off\/","https:\/\/www.linkedin.com\/company\/vtorino\/"]}]},"product_brand":"Moureau","og_availability":"instock","product_availability":"instock","product_condition":"new"},"_links":{"self":[{"href":"https:\/\/www.vetorino.com\/veterinaire\/ustaritz-64480\/boutique\/wp-json\/wp\/v2\/product\/37060","targetHints":{"allow":["GET"]}}],"collection":[{"href":"https:\/\/www.vetorino.com\/veterinaire\/ustaritz-64480\/boutique\/wp-json\/wp\/v2\/product"}],"about":[{"href":"https:\/\/www.vetorino.com\/veterinaire\/ustaritz-64480\/boutique\/wp-json\/wp\/v2\/types\/product"}],"wp:featuredmedia":[{"embeddable":true,"href":"https:\/\/www.vetorino.com\/veterinaire\/ustaritz-64480\/boutique\/wp-json\/wp\/v2\/media\/78631"}],"wp:attachment":[{"href":"https:\/\/www.vetorino.com\/veterinaire\/ustaritz-64480\/boutique\/wp-json\/wp\/v2\/media?parent=37060"}],"wp:term":[{"taxonomy":"product_cat","embeddable":true,"href":"https:\/\/www.vetorino.com\/veterinaire\/ustaritz-64480\/boutique\/wp-json\/wp\/v2\/product_cat?post=37060"},{"taxonomy":"product_tag","embeddable":true,"href":"https:\/\/www.vetorino.com\/veterinaire\/ustaritz-64480\/boutique\/wp-json\/wp\/v2\/product_tag?post=37060"}],"curies":[{"name":"wp","href":"https:\/\/api.w.org\/{rel}","templated":true}]}}