{"id":37191,"date":"2020-03-04T23:53:15","date_gmt":"2020-03-04T22:53:15","guid":{"rendered":"https:\/\/www.vetorino.com\/boutique\/product\/shampooing-anti-demengeaison\/"},"modified":"2026-02-23T14:44:09","modified_gmt":"2026-02-23T13:44:09","slug":"shampooing-anti-demengeaison","status":"publish","type":"product","link":"https:\/\/www.vetorino.com\/veterinaire\/ustaritz-64480\/boutique\/product\/shampooing-anti-demengeaison\/","title":{"rendered":"Shampooing Anti-D\u00e9mangeaisons"},"content":{"rendered":"<div class=\"hidden\">\n<p>Le\u00a0<strong>Shampooing Anti-D\u00e9mangeaisons\u00a0<\/strong>est con\u00e7u pour les chiens et chats \u00e0 probl\u00e8mes cutan\u00e9s.<\/p>\n<p>L&#8217;effet conjugu\u00e9 des<strong> flavono\u00efdes d&#8217;Avoine et de la Camomille<\/strong> calme les d\u00e9mangeaisons.<\/p>\n<p>La <strong>Bardane<\/strong> est un r\u00e9gulateur de la sebhorr\u00e9e.<\/p>\n<p>Le complexe d&#8217;hydrolysats de prot\u00e9ines v\u00e9g\u00e9tales et d&#8217;acides gras hypoallerg\u00e9niques apporte un effet protecteur sur la peau et le poil.<\/p>\n<p><strong>Mode d&#8217;emploi :<\/strong><\/p>\n<ul>\n<li><em>Mouiller la totalit\u00e9 du corps de l&#8217;animal en impr\u00e9gnant totalement le sous-poil et la peau.<\/em><\/li>\n<li><em>Verser les premi\u00e8res dosessur le dos, r\u00e9partir sur la totalit\u00e9 du corps.<\/em><\/li>\n<li><em>Rincer.<\/em><\/li>\n<li><em>Proc\u00e9der \u00e0 une seconde application.<\/em><\/li>\n<li><em>Laisser agir 2 \u00e0 4 minutes, puis rincer soigneusement.<\/em><\/li>\n<li><em>S\u00e9cher l&#8217;animal.<\/em><\/li>\n<\/ul>\n<p><strong>Fr\u00e9quence :<\/strong>1 \u00e0 3 lavages \/ semaine le premier mois, puis : 2 lavages \/ mois en entretien r\u00e9gulier.<\/p>\n<p><strong>Test\u00e9 dermatologiquement par des v\u00e9t\u00e9rinaires sp\u00e9cialis\u00e9s.<\/strong><\/p>\n<p><em>Le Laboratoire Greenvet agit en faveur de l\u2019environnement : Ce flacon est en PE 100% v\u00e9g\u00e9tal, un plastique v\u00e9g\u00e9tal 100% recyclable. Il est fabriqu\u00e9 \u00e0 partir de la canne \u00e0 sucre, permettant une empreinte carbone sensiblement all\u00e9g\u00e9e par rapport au plastique p\u00e9trole.<\/em><\/p>\n<p>&nbsp;<\/p>\n<\/div>\n","protected":false},"excerpt":{"rendered":"<p>Le <strong>Shampooing Anti-D\u00e9mangeaisons<\/strong> de <strong>Greenvet<\/strong> est con\u00e7u pour les chiens et chats \u00e0 <strong>probl\u00e8mes cutan\u00e9s.<\/strong><\/p>\n<p>&nbsp;<\/p>\n","protected":false},"featured_media":1715805,"template":"","meta":[],"product_cat":[2697,2698,12611,12612,12560,12561],"product_tag":[],"class_list":{"0":"post-37191","1":"product","2":"type-product","3":"status-publish","4":"has-post-thumbnail","6":"product_cat-chat","7":"product_cat-chien","8":"product_cat-hygiene-de-la-peau-et-du-pelage-du-chat","9":"product_cat-hygiene-de-la-peau-et-du-pelage-du-chien","10":"product_cat-hygiene-du-chat","11":"product_cat-hygiene-du-chien","12":"pa_marque-greenvet","14":"first","15":"instock","16":"taxable","17":"shipping-taxable","18":"purchasable","19":"product-type-variable"},"yoast_head":"<!-- This site is optimized with the Yoast SEO plugin v27.3 - https:\/\/yoast.com\/product\/yoast-seo-wordpress\/ -->\n<title>Shampooing Anti-D\u00e9mangeaisons Greenvet - V\u00e9torino<\/title>\n<meta name=\"description\" content=\"Le Shampooing Anti-D\u00e9mangeaisons de Greenvet est con\u00e7u pour les chiens et chats \u00e0 probl\u00e8mes cutan\u00e9s.  &nbsp;\" \/>\n<meta name=\"robots\" content=\"noindex, nofollow\" \/>\n<meta property=\"og:locale\" content=\"fr_FR\" \/>\n<meta property=\"og:type\" content=\"article\" \/>\n<meta property=\"og:title\" content=\"Shampooing Anti-D\u00e9mangeaisons Greenvet - V\u00e9torino\" \/>\n<meta property=\"og:description\" content=\"Le Shampooing Anti-D\u00e9mangeaisons de Greenvet est con\u00e7u pour les chiens et chats \u00e0 probl\u00e8mes cutan\u00e9s.  &nbsp;\" \/>\n<meta property=\"og:url\" content=\"https:\/\/www.vetorino.com\/veterinaire\/ustaritz-64480\/boutique\/product\/shampooing-anti-demengeaison\/\" \/>\n<meta property=\"og:site_name\" content=\"V\u00e9torino\" \/>\n<meta property=\"article:publisher\" content=\"https:\/\/www.facebook.com\/Vetorino\/\" \/>\n<meta property=\"article:modified_time\" content=\"2026-02-23T13:44:09+00:00\" \/>\n<meta property=\"og:image\" content=\"https:\/\/www.vetorino.com\/boutique\/wp-content\/uploads\/2020\/03\/format_visuel_site_-_600x600_13.png\" \/>\n\t<meta property=\"og:image:width\" content=\"600\" \/>\n\t<meta property=\"og:image:height\" content=\"600\" \/>\n\t<meta property=\"og:image:type\" content=\"image\/png\" \/>\n<meta name=\"twitter:card\" content=\"summary_large_image\" \/>\n<meta name=\"twitter:label1\" content=\"Disponibilit\u00e9\" \/>\n\t<meta name=\"twitter:data1\" content=\"En stock\" \/>\n<script type=\"application\/ld+json\" class=\"yoast-schema-graph\">{\"@context\":\"https:\\\/\\\/schema.org\",\"@graph\":[{\"@type\":\"WebPage\",\"@id\":\"https:\\\/\\\/www.vetorino.com\\\/boutique\\\/product\\\/shampooing-anti-demengeaison\\\/\",\"url\":\"https:\\\/\\\/www.vetorino.com\\\/boutique\\\/product\\\/shampooing-anti-demengeaison\\\/\",\"name\":\"Shampooing Anti-D\u00e9mangeaisons Greenvet - V\u00e9torino\",\"isPartOf\":{\"@id\":\"https:\\\/\\\/www.vetorino.com\\\/boutique\\\/#website\"},\"primaryImageOfPage\":{\"@id\":\"https:\\\/\\\/www.vetorino.com\\\/boutique\\\/product\\\/shampooing-anti-demengeaison\\\/#primaryimage\"},\"image\":{\"@id\":\"https:\\\/\\\/www.vetorino.com\\\/boutique\\\/product\\\/shampooing-anti-demengeaison\\\/#primaryimage\"},\"thumbnailUrl\":\"https:\\\/\\\/www.vetorino.com\\\/boutique\\\/wp-content\\\/uploads\\\/2020\\\/03\\\/format_visuel_site_-_600x600_13.png\",\"datePublished\":\"2020-03-04T22:53:15+00:00\",\"dateModified\":\"2026-02-23T13:44:09+00:00\",\"description\":\"Le Shampooing Anti-D\u00e9mangeaisons de Greenvet est con\u00e7u pour les chiens et chats \u00e0 probl\u00e8mes cutan\u00e9s. &nbsp;\",\"breadcrumb\":{\"@id\":\"https:\\\/\\\/www.vetorino.com\\\/boutique\\\/product\\\/shampooing-anti-demengeaison\\\/#breadcrumb\"},\"inLanguage\":\"fr-FR\",\"potentialAction\":[{\"@type\":\"ReadAction\",\"target\":[\"https:\\\/\\\/www.vetorino.com\\\/boutique\\\/product\\\/shampooing-anti-demengeaison\\\/\"]}]},{\"@type\":\"ImageObject\",\"inLanguage\":\"fr-FR\",\"@id\":\"https:\\\/\\\/www.vetorino.com\\\/boutique\\\/product\\\/shampooing-anti-demengeaison\\\/#primaryimage\",\"url\":\"https:\\\/\\\/www.vetorino.com\\\/boutique\\\/wp-content\\\/uploads\\\/2020\\\/03\\\/format_visuel_site_-_600x600_13.png\",\"contentUrl\":\"https:\\\/\\\/www.vetorino.com\\\/boutique\\\/wp-content\\\/uploads\\\/2020\\\/03\\\/format_visuel_site_-_600x600_13.png\",\"width\":600,\"height\":600},{\"@type\":\"BreadcrumbList\",\"@id\":\"https:\\\/\\\/www.vetorino.com\\\/boutique\\\/product\\\/shampooing-anti-demengeaison\\\/#breadcrumb\",\"itemListElement\":[{\"@type\":\"ListItem\",\"position\":1,\"name\":\"Accueil\",\"item\":\"https:\\\/\\\/www.vetorino.com\\\/boutique\\\/\"},{\"@type\":\"ListItem\",\"position\":2,\"name\":\"Produits\",\"item\":\"https:\\\/\\\/www.vetorino.com\\\/boutique\\\/\"},{\"@type\":\"ListItem\",\"position\":3,\"name\":\"Shampooing Anti-D\u00e9mangeaisons\"}]},{\"@type\":\"WebSite\",\"@id\":\"https:\\\/\\\/www.vetorino.com\\\/boutique\\\/#website\",\"url\":\"https:\\\/\\\/www.vetorino.com\\\/boutique\\\/\",\"name\":\"V\u00e9torino\",\"description\":\"\",\"publisher\":{\"@id\":\"https:\\\/\\\/www.vetorino.com\\\/boutique\\\/#organization\"},\"potentialAction\":[{\"@type\":\"SearchAction\",\"target\":{\"@type\":\"EntryPoint\",\"urlTemplate\":\"https:\\\/\\\/www.vetorino.com\\\/boutique\\\/?s={search_term_string}\"},\"query-input\":{\"@type\":\"PropertyValueSpecification\",\"valueRequired\":true,\"valueName\":\"search_term_string\"}}],\"inLanguage\":\"fr-FR\"},{\"@type\":\"Organization\",\"@id\":\"https:\\\/\\\/www.vetorino.com\\\/boutique\\\/#organization\",\"name\":\"V\u00e9torino\",\"url\":\"https:\\\/\\\/www.vetorino.com\\\/boutique\\\/\",\"logo\":{\"@type\":\"ImageObject\",\"inLanguage\":\"fr-FR\",\"@id\":\"https:\\\/\\\/www.vetorino.com\\\/boutique\\\/#\\\/schema\\\/logo\\\/image\\\/\",\"url\":\"https:\\\/\\\/www.vetorino.com\\\/boutique\\\/wp-content\\\/uploads\\\/2024\\\/10\\\/logo.jpg\",\"contentUrl\":\"https:\\\/\\\/www.vetorino.com\\\/boutique\\\/wp-content\\\/uploads\\\/2024\\\/10\\\/logo.jpg\",\"width\":1200,\"height\":610,\"caption\":\"V\u00e9torino\"},\"image\":{\"@id\":\"https:\\\/\\\/www.vetorino.com\\\/boutique\\\/#\\\/schema\\\/logo\\\/image\\\/\"},\"sameAs\":[\"https:\\\/\\\/www.facebook.com\\\/Vetorino\\\/\",\"https:\\\/\\\/www.instagram.com\\\/vetorino_off\\\/\",\"https:\\\/\\\/www.linkedin.com\\\/company\\\/vtorino\\\/\"]}]}<\/script>\n<meta property=\"product:brand\" content=\"Greenvet\" \/>\n<meta property=\"og:availability\" content=\"instock\" \/>\n<meta property=\"product:availability\" content=\"instock\" \/>\n<meta property=\"product:condition\" content=\"new\" \/>\n<!-- \/ Yoast SEO plugin. -->","yoast_head_json":{"title":"Shampooing Anti-D\u00e9mangeaisons Greenvet - V\u00e9torino","description":"Le Shampooing Anti-D\u00e9mangeaisons de Greenvet est con\u00e7u pour les chiens et chats \u00e0 probl\u00e8mes cutan\u00e9s.  &nbsp;","robots":{"index":"noindex","follow":"nofollow"},"og_locale":"fr_FR","og_type":"article","og_title":"Shampooing Anti-D\u00e9mangeaisons Greenvet - V\u00e9torino","og_description":"Le Shampooing Anti-D\u00e9mangeaisons de Greenvet est con\u00e7u pour les chiens et chats \u00e0 probl\u00e8mes cutan\u00e9s.  &nbsp;","og_url":"https:\/\/www.vetorino.com\/veterinaire\/ustaritz-64480\/boutique\/product\/shampooing-anti-demengeaison\/","og_site_name":"V\u00e9torino","article_publisher":"https:\/\/www.facebook.com\/Vetorino\/","article_modified_time":"2026-02-23T13:44:09+00:00","og_image":[{"width":600,"height":600,"url":"https:\/\/www.vetorino.com\/boutique\/wp-content\/uploads\/2020\/03\/format_visuel_site_-_600x600_13.png","type":"image\/png"}],"twitter_card":"summary_large_image","twitter_misc":{"Disponibilit\u00e9":"En stock"},"schema":{"@context":"https:\/\/schema.org","@graph":[{"@type":"WebPage","@id":"https:\/\/www.vetorino.com\/boutique\/product\/shampooing-anti-demengeaison\/","url":"https:\/\/www.vetorino.com\/boutique\/product\/shampooing-anti-demengeaison\/","name":"Shampooing Anti-D\u00e9mangeaisons Greenvet - V\u00e9torino","isPartOf":{"@id":"https:\/\/www.vetorino.com\/boutique\/#website"},"primaryImageOfPage":{"@id":"https:\/\/www.vetorino.com\/boutique\/product\/shampooing-anti-demengeaison\/#primaryimage"},"image":{"@id":"https:\/\/www.vetorino.com\/boutique\/product\/shampooing-anti-demengeaison\/#primaryimage"},"thumbnailUrl":"https:\/\/www.vetorino.com\/boutique\/wp-content\/uploads\/2020\/03\/format_visuel_site_-_600x600_13.png","datePublished":"2020-03-04T22:53:15+00:00","dateModified":"2026-02-23T13:44:09+00:00","description":"Le Shampooing Anti-D\u00e9mangeaisons de Greenvet est con\u00e7u pour les chiens et chats \u00e0 probl\u00e8mes cutan\u00e9s. &nbsp;","breadcrumb":{"@id":"https:\/\/www.vetorino.com\/boutique\/product\/shampooing-anti-demengeaison\/#breadcrumb"},"inLanguage":"fr-FR","potentialAction":[{"@type":"ReadAction","target":["https:\/\/www.vetorino.com\/boutique\/product\/shampooing-anti-demengeaison\/"]}]},{"@type":"ImageObject","inLanguage":"fr-FR","@id":"https:\/\/www.vetorino.com\/boutique\/product\/shampooing-anti-demengeaison\/#primaryimage","url":"https:\/\/www.vetorino.com\/boutique\/wp-content\/uploads\/2020\/03\/format_visuel_site_-_600x600_13.png","contentUrl":"https:\/\/www.vetorino.com\/boutique\/wp-content\/uploads\/2020\/03\/format_visuel_site_-_600x600_13.png","width":600,"height":600},{"@type":"BreadcrumbList","@id":"https:\/\/www.vetorino.com\/boutique\/product\/shampooing-anti-demengeaison\/#breadcrumb","itemListElement":[{"@type":"ListItem","position":1,"name":"Accueil","item":"https:\/\/www.vetorino.com\/boutique\/"},{"@type":"ListItem","position":2,"name":"Produits","item":"https:\/\/www.vetorino.com\/boutique\/"},{"@type":"ListItem","position":3,"name":"Shampooing Anti-D\u00e9mangeaisons"}]},{"@type":"WebSite","@id":"https:\/\/www.vetorino.com\/boutique\/#website","url":"https:\/\/www.vetorino.com\/boutique\/","name":"V\u00e9torino","description":"","publisher":{"@id":"https:\/\/www.vetorino.com\/boutique\/#organization"},"potentialAction":[{"@type":"SearchAction","target":{"@type":"EntryPoint","urlTemplate":"https:\/\/www.vetorino.com\/boutique\/?s={search_term_string}"},"query-input":{"@type":"PropertyValueSpecification","valueRequired":true,"valueName":"search_term_string"}}],"inLanguage":"fr-FR"},{"@type":"Organization","@id":"https:\/\/www.vetorino.com\/boutique\/#organization","name":"V\u00e9torino","url":"https:\/\/www.vetorino.com\/boutique\/","logo":{"@type":"ImageObject","inLanguage":"fr-FR","@id":"https:\/\/www.vetorino.com\/boutique\/#\/schema\/logo\/image\/","url":"https:\/\/www.vetorino.com\/boutique\/wp-content\/uploads\/2024\/10\/logo.jpg","contentUrl":"https:\/\/www.vetorino.com\/boutique\/wp-content\/uploads\/2024\/10\/logo.jpg","width":1200,"height":610,"caption":"V\u00e9torino"},"image":{"@id":"https:\/\/www.vetorino.com\/boutique\/#\/schema\/logo\/image\/"},"sameAs":["https:\/\/www.facebook.com\/Vetorino\/","https:\/\/www.instagram.com\/vetorino_off\/","https:\/\/www.linkedin.com\/company\/vtorino\/"]}]},"product_brand":"Greenvet","og_availability":"instock","product_availability":"instock","product_condition":"new"},"_links":{"self":[{"href":"https:\/\/www.vetorino.com\/veterinaire\/ustaritz-64480\/boutique\/wp-json\/wp\/v2\/product\/37191","targetHints":{"allow":["GET"]}}],"collection":[{"href":"https:\/\/www.vetorino.com\/veterinaire\/ustaritz-64480\/boutique\/wp-json\/wp\/v2\/product"}],"about":[{"href":"https:\/\/www.vetorino.com\/veterinaire\/ustaritz-64480\/boutique\/wp-json\/wp\/v2\/types\/product"}],"wp:featuredmedia":[{"embeddable":true,"href":"https:\/\/www.vetorino.com\/veterinaire\/ustaritz-64480\/boutique\/wp-json\/wp\/v2\/media\/1715805"}],"wp:attachment":[{"href":"https:\/\/www.vetorino.com\/veterinaire\/ustaritz-64480\/boutique\/wp-json\/wp\/v2\/media?parent=37191"}],"wp:term":[{"taxonomy":"product_cat","embeddable":true,"href":"https:\/\/www.vetorino.com\/veterinaire\/ustaritz-64480\/boutique\/wp-json\/wp\/v2\/product_cat?post=37191"},{"taxonomy":"product_tag","embeddable":true,"href":"https:\/\/www.vetorino.com\/veterinaire\/ustaritz-64480\/boutique\/wp-json\/wp\/v2\/product_tag?post=37191"}],"curies":[{"name":"wp","href":"https:\/\/api.w.org\/{rel}","templated":true}]}}