{"id":37198,"date":"2020-03-04T23:53:18","date_gmt":"2020-03-04T22:53:18","guid":{"rendered":"https:\/\/www.vetorino.com\/boutique\/product\/medical-pet-shirt\/"},"modified":"2024-07-03T17:27:52","modified_gmt":"2024-07-03T15:27:52","slug":"medical-pet-shirt","status":"publish","type":"product","link":"https:\/\/www.vetorino.com\/veterinaire\/ustaritz-64480\/boutique\/product\/medical-pet-shirt\/","title":{"rendered":"Medical Pet Shirt"},"content":{"rendered":"<p><strong>Gilet protecteur permettant une totale libert\u00e9 de mouvement.<\/strong><\/p>\n<p>&#8211; Apr\u00e8s une intervention chirurgicale, remplace la collerette. Ne serre pas le ventre et maintient l&#8217;animal au chaud. Coloration ventrale bleu clair permettant le contr\u00f4le d&#8217;\u00e9ventuels suintements de la plaie. Ajout possible d&#8217;une compresse dans la doublure ventrale.<\/p>\n<p>&#8211; Prot\u00e8ge l&#8217;animal en cas d&#8217;affections dermatologiques.<\/p>\n<p>&#8211; Pendant les chaleurs ou en cas d&#8217;incontinence, possibilit\u00e9 d&#8217;incorporer une serviette hygi\u00e9nique. Rubans scratch \u00e0 hauteur de la queue.<\/p>\n<p>Lavable en machine \u00e0 30\u00b0C.<\/p>\n<table class=\"gridtable\">\n<tbody>\n<tr>\n<td><strong>Taille du gilet Medical Pet Shirt Pour chien<br \/>\n<\/strong><\/td>\n<td><strong>Longueur du cou \u00e0 la base de la queue<\/strong><\/td>\n<td><strong>Race correspondante<\/strong><\/td>\n<\/tr>\n<tr>\n<td>XXXS<\/td>\n<td>22 &#8211; 35 cm<\/td>\n<td>Petit Chihuahua<\/td>\n<\/tr>\n<tr>\n<td>XXS<\/td>\n<td>33 &#8211; 42 cm<\/td>\n<td>Chihuahua, Caniche nain<\/td>\n<\/tr>\n<tr>\n<td>XS<\/td>\n<td>40 &#8211; 45 cm<\/td>\n<td>Yorkshire terrier, Lhasa Apso, Chihuahua<\/td>\n<\/tr>\n<tr>\n<td>S<\/td>\n<td>43 &#8211; 51 cm<\/td>\n<td>Bichon Maltais, Pequinois, Bulldog Fran\u00e7ais<\/td>\n<\/tr>\n<tr>\n<td>S+<\/td>\n<td>49 &#8211; 57 cm<\/td>\n<td>Cocker Spaniel, Epagneul<\/td>\n<\/tr>\n<tr>\n<td>M<\/td>\n<td>55 &#8211; 69 cm<\/td>\n<td>Schnauzer, Beagle, Caniche, Fox Terrier<\/td>\n<\/tr>\n<tr>\n<td>M+<\/td>\n<td>61 &#8211; 72 cm<\/td>\n<td>Flat coated Retriever, Setter, Labrador<\/td>\n<\/tr>\n<tr>\n<td>L<\/td>\n<td>67 &#8211; 76 cm<\/td>\n<td>Collie, Boxer, Braque de Weimar, Labrador<\/td>\n<\/tr>\n<tr>\n<td>XL<\/td>\n<td>74 &#8211; 82 cm<\/td>\n<td>Rottweiler, Dalmatien, Retriever<\/td>\n<\/tr>\n<tr>\n<td>XXL<\/td>\n<td>80 &#8211; 92 cm<\/td>\n<td>Saint Bernard, Terre Neuve<\/td>\n<\/tr>\n<\/tbody>\n<\/table>\n<table class=\"gridtable\" style=\"height: 189px\" width=\"876\">\n<tbody>\n<tr>\n<td><strong>Taille du gilet Medical Pet Shirt<br \/>\nPour Chat<\/strong><\/td>\n<td><strong>Longueur du cou \u00e0 la base de la queue<\/strong><\/td>\n<td><strong>Race correspondante<\/strong><\/td>\n<\/tr>\n<tr>\n<td>Medical pet shirt chat XXXS<\/td>\n<td>29 &#8211; 37 cm<\/td>\n<td>Chaton<\/td>\n<\/tr>\n<tr>\n<td>Medical pet shirt chat XXS<\/td>\n<td>33 &#8211; 42 cm<\/td>\n<td>Chaton ou Jeune chat<\/td>\n<\/tr>\n<tr>\n<td>Medical pet shirt chat XS<\/td>\n<td>40 &#8211; 45 cm<\/td>\n<td>Chat normal<\/td>\n<\/tr>\n<tr>\n<td>Medical pet shirt chat S<\/td>\n<td>43 &#8211; 51 cm<\/td>\n<td>Grand chat<\/td>\n<\/tr>\n<\/tbody>\n<\/table>\n","protected":false},"excerpt":{"rendered":"<p>Gilet protecteur pour chat et chien, qui permet \u00e0 l&#8217;animal de garder sa libert\u00e9 de mouvement apr\u00e8s une intervention chirurgical. Existe en plusieurs tailles.<\/p>\n","protected":false},"featured_media":879920,"template":"","meta":[],"product_cat":[12550,2697,2698,12596,12560,12561,12630],"product_tag":[],"class_list":{"0":"post-37198","1":"product","2":"type-product","3":"status-publish","4":"has-post-thumbnail","6":"product_cat-accessoires-du-chien","7":"product_cat-chat","8":"product_cat-chien","9":"product_cat-confort-du-chien","10":"product_cat-hygiene-du-chat","11":"product_cat-hygiene-du-chien","12":"product_cat-protection-du-chat","13":"pa_marque-mps","15":"first","16":"instock","17":"taxable","18":"shipping-taxable","19":"purchasable","20":"product-type-variable"},"yoast_head":"<!-- This site is optimized with the Yoast SEO plugin v27.3 - https:\/\/yoast.com\/product\/yoast-seo-wordpress\/ -->\n<title>Medical Pet Shirt MPS - V\u00e9torino<\/title>\n<meta name=\"description\" content=\"Gilet protecteur pour chat et chien, qui permet \u00e0 l&#039;animal de garder sa libert\u00e9 de mouvement apr\u00e8s une intervention chirurgical. Existe en plusieurs tailles.\" \/>\n<meta name=\"robots\" content=\"noindex, nofollow\" \/>\n<meta property=\"og:locale\" content=\"fr_FR\" \/>\n<meta property=\"og:type\" content=\"article\" \/>\n<meta property=\"og:title\" content=\"Medical Pet Shirt MPS - V\u00e9torino\" \/>\n<meta property=\"og:description\" content=\"Gilet protecteur pour chat et chien, qui permet \u00e0 l&#039;animal de garder sa libert\u00e9 de mouvement apr\u00e8s une intervention chirurgical. Existe en plusieurs tailles.\" \/>\n<meta property=\"og:url\" content=\"https:\/\/www.vetorino.com\/veterinaire\/ustaritz-64480\/boutique\/product\/medical-pet-shirt\/\" \/>\n<meta property=\"og:site_name\" content=\"V\u00e9torino\" \/>\n<meta property=\"article:publisher\" content=\"https:\/\/www.facebook.com\/Vetorino\/\" \/>\n<meta property=\"article:modified_time\" content=\"2024-07-03T15:27:52+00:00\" \/>\n<meta property=\"og:image\" content=\"https:\/\/www.vetorino.com\/boutique\/wp-content\/uploads\/2020\/03\/8208527.jpg\" \/>\n\t<meta property=\"og:image:width\" content=\"1037\" \/>\n\t<meta property=\"og:image:height\" content=\"1555\" \/>\n\t<meta property=\"og:image:type\" content=\"image\/jpeg\" \/>\n<meta name=\"twitter:card\" content=\"summary_large_image\" \/>\n<meta name=\"twitter:label1\" content=\"Disponibilit\u00e9\" \/>\n\t<meta name=\"twitter:data1\" content=\"En stock\" \/>\n<script type=\"application\/ld+json\" class=\"yoast-schema-graph\">{\"@context\":\"https:\\\/\\\/schema.org\",\"@graph\":[{\"@type\":\"WebPage\",\"@id\":\"https:\\\/\\\/www.vetorino.com\\\/boutique\\\/product\\\/medical-pet-shirt\\\/\",\"url\":\"https:\\\/\\\/www.vetorino.com\\\/boutique\\\/product\\\/medical-pet-shirt\\\/\",\"name\":\"Medical Pet Shirt MPS - V\u00e9torino\",\"isPartOf\":{\"@id\":\"https:\\\/\\\/www.vetorino.com\\\/boutique\\\/#website\"},\"primaryImageOfPage\":{\"@id\":\"https:\\\/\\\/www.vetorino.com\\\/boutique\\\/product\\\/medical-pet-shirt\\\/#primaryimage\"},\"image\":{\"@id\":\"https:\\\/\\\/www.vetorino.com\\\/boutique\\\/product\\\/medical-pet-shirt\\\/#primaryimage\"},\"thumbnailUrl\":\"https:\\\/\\\/www.vetorino.com\\\/boutique\\\/wp-content\\\/uploads\\\/2020\\\/03\\\/8208527.jpg\",\"datePublished\":\"2020-03-04T22:53:18+00:00\",\"dateModified\":\"2024-07-03T15:27:52+00:00\",\"description\":\"Gilet protecteur pour chat et chien, qui permet \u00e0 l'animal de garder sa libert\u00e9 de mouvement apr\u00e8s une intervention chirurgical. Existe en plusieurs tailles.\",\"breadcrumb\":{\"@id\":\"https:\\\/\\\/www.vetorino.com\\\/boutique\\\/product\\\/medical-pet-shirt\\\/#breadcrumb\"},\"inLanguage\":\"fr-FR\",\"potentialAction\":[{\"@type\":\"ReadAction\",\"target\":[\"https:\\\/\\\/www.vetorino.com\\\/boutique\\\/product\\\/medical-pet-shirt\\\/\"]}]},{\"@type\":\"ImageObject\",\"inLanguage\":\"fr-FR\",\"@id\":\"https:\\\/\\\/www.vetorino.com\\\/boutique\\\/product\\\/medical-pet-shirt\\\/#primaryimage\",\"url\":\"https:\\\/\\\/www.vetorino.com\\\/boutique\\\/wp-content\\\/uploads\\\/2020\\\/03\\\/8208527.jpg\",\"contentUrl\":\"https:\\\/\\\/www.vetorino.com\\\/boutique\\\/wp-content\\\/uploads\\\/2020\\\/03\\\/8208527.jpg\",\"width\":1037,\"height\":1555},{\"@type\":\"BreadcrumbList\",\"@id\":\"https:\\\/\\\/www.vetorino.com\\\/boutique\\\/product\\\/medical-pet-shirt\\\/#breadcrumb\",\"itemListElement\":[{\"@type\":\"ListItem\",\"position\":1,\"name\":\"Accueil\",\"item\":\"https:\\\/\\\/www.vetorino.com\\\/boutique\\\/\"},{\"@type\":\"ListItem\",\"position\":2,\"name\":\"Produits\",\"item\":\"https:\\\/\\\/www.vetorino.com\\\/boutique\\\/\"},{\"@type\":\"ListItem\",\"position\":3,\"name\":\"Medical Pet Shirt\"}]},{\"@type\":\"WebSite\",\"@id\":\"https:\\\/\\\/www.vetorino.com\\\/boutique\\\/#website\",\"url\":\"https:\\\/\\\/www.vetorino.com\\\/boutique\\\/\",\"name\":\"V\u00e9torino\",\"description\":\"\",\"publisher\":{\"@id\":\"https:\\\/\\\/www.vetorino.com\\\/boutique\\\/#organization\"},\"potentialAction\":[{\"@type\":\"SearchAction\",\"target\":{\"@type\":\"EntryPoint\",\"urlTemplate\":\"https:\\\/\\\/www.vetorino.com\\\/boutique\\\/?s={search_term_string}\"},\"query-input\":{\"@type\":\"PropertyValueSpecification\",\"valueRequired\":true,\"valueName\":\"search_term_string\"}}],\"inLanguage\":\"fr-FR\"},{\"@type\":\"Organization\",\"@id\":\"https:\\\/\\\/www.vetorino.com\\\/boutique\\\/#organization\",\"name\":\"V\u00e9torino\",\"url\":\"https:\\\/\\\/www.vetorino.com\\\/boutique\\\/\",\"logo\":{\"@type\":\"ImageObject\",\"inLanguage\":\"fr-FR\",\"@id\":\"https:\\\/\\\/www.vetorino.com\\\/boutique\\\/#\\\/schema\\\/logo\\\/image\\\/\",\"url\":\"https:\\\/\\\/www.vetorino.com\\\/boutique\\\/wp-content\\\/uploads\\\/2024\\\/10\\\/logo.jpg\",\"contentUrl\":\"https:\\\/\\\/www.vetorino.com\\\/boutique\\\/wp-content\\\/uploads\\\/2024\\\/10\\\/logo.jpg\",\"width\":1200,\"height\":610,\"caption\":\"V\u00e9torino\"},\"image\":{\"@id\":\"https:\\\/\\\/www.vetorino.com\\\/boutique\\\/#\\\/schema\\\/logo\\\/image\\\/\"},\"sameAs\":[\"https:\\\/\\\/www.facebook.com\\\/Vetorino\\\/\",\"https:\\\/\\\/www.instagram.com\\\/vetorino_off\\\/\",\"https:\\\/\\\/www.linkedin.com\\\/company\\\/vtorino\\\/\"]}]}<\/script>\n<meta property=\"product:brand\" content=\"MPS\" \/>\n<meta property=\"og:availability\" content=\"instock\" \/>\n<meta property=\"product:availability\" content=\"instock\" \/>\n<meta property=\"product:condition\" content=\"new\" \/>\n<!-- \/ Yoast SEO plugin. -->","yoast_head_json":{"title":"Medical Pet Shirt MPS - V\u00e9torino","description":"Gilet protecteur pour chat et chien, qui permet \u00e0 l'animal de garder sa libert\u00e9 de mouvement apr\u00e8s une intervention chirurgical. Existe en plusieurs tailles.","robots":{"index":"noindex","follow":"nofollow"},"og_locale":"fr_FR","og_type":"article","og_title":"Medical Pet Shirt MPS - V\u00e9torino","og_description":"Gilet protecteur pour chat et chien, qui permet \u00e0 l'animal de garder sa libert\u00e9 de mouvement apr\u00e8s une intervention chirurgical. Existe en plusieurs tailles.","og_url":"https:\/\/www.vetorino.com\/veterinaire\/ustaritz-64480\/boutique\/product\/medical-pet-shirt\/","og_site_name":"V\u00e9torino","article_publisher":"https:\/\/www.facebook.com\/Vetorino\/","article_modified_time":"2024-07-03T15:27:52+00:00","og_image":[{"width":1037,"height":1555,"url":"https:\/\/www.vetorino.com\/boutique\/wp-content\/uploads\/2020\/03\/8208527.jpg","type":"image\/jpeg"}],"twitter_card":"summary_large_image","twitter_misc":{"Disponibilit\u00e9":"En stock"},"schema":{"@context":"https:\/\/schema.org","@graph":[{"@type":"WebPage","@id":"https:\/\/www.vetorino.com\/boutique\/product\/medical-pet-shirt\/","url":"https:\/\/www.vetorino.com\/boutique\/product\/medical-pet-shirt\/","name":"Medical Pet Shirt MPS - V\u00e9torino","isPartOf":{"@id":"https:\/\/www.vetorino.com\/boutique\/#website"},"primaryImageOfPage":{"@id":"https:\/\/www.vetorino.com\/boutique\/product\/medical-pet-shirt\/#primaryimage"},"image":{"@id":"https:\/\/www.vetorino.com\/boutique\/product\/medical-pet-shirt\/#primaryimage"},"thumbnailUrl":"https:\/\/www.vetorino.com\/boutique\/wp-content\/uploads\/2020\/03\/8208527.jpg","datePublished":"2020-03-04T22:53:18+00:00","dateModified":"2024-07-03T15:27:52+00:00","description":"Gilet protecteur pour chat et chien, qui permet \u00e0 l'animal de garder sa libert\u00e9 de mouvement apr\u00e8s une intervention chirurgical. Existe en plusieurs tailles.","breadcrumb":{"@id":"https:\/\/www.vetorino.com\/boutique\/product\/medical-pet-shirt\/#breadcrumb"},"inLanguage":"fr-FR","potentialAction":[{"@type":"ReadAction","target":["https:\/\/www.vetorino.com\/boutique\/product\/medical-pet-shirt\/"]}]},{"@type":"ImageObject","inLanguage":"fr-FR","@id":"https:\/\/www.vetorino.com\/boutique\/product\/medical-pet-shirt\/#primaryimage","url":"https:\/\/www.vetorino.com\/boutique\/wp-content\/uploads\/2020\/03\/8208527.jpg","contentUrl":"https:\/\/www.vetorino.com\/boutique\/wp-content\/uploads\/2020\/03\/8208527.jpg","width":1037,"height":1555},{"@type":"BreadcrumbList","@id":"https:\/\/www.vetorino.com\/boutique\/product\/medical-pet-shirt\/#breadcrumb","itemListElement":[{"@type":"ListItem","position":1,"name":"Accueil","item":"https:\/\/www.vetorino.com\/boutique\/"},{"@type":"ListItem","position":2,"name":"Produits","item":"https:\/\/www.vetorino.com\/boutique\/"},{"@type":"ListItem","position":3,"name":"Medical Pet Shirt"}]},{"@type":"WebSite","@id":"https:\/\/www.vetorino.com\/boutique\/#website","url":"https:\/\/www.vetorino.com\/boutique\/","name":"V\u00e9torino","description":"","publisher":{"@id":"https:\/\/www.vetorino.com\/boutique\/#organization"},"potentialAction":[{"@type":"SearchAction","target":{"@type":"EntryPoint","urlTemplate":"https:\/\/www.vetorino.com\/boutique\/?s={search_term_string}"},"query-input":{"@type":"PropertyValueSpecification","valueRequired":true,"valueName":"search_term_string"}}],"inLanguage":"fr-FR"},{"@type":"Organization","@id":"https:\/\/www.vetorino.com\/boutique\/#organization","name":"V\u00e9torino","url":"https:\/\/www.vetorino.com\/boutique\/","logo":{"@type":"ImageObject","inLanguage":"fr-FR","@id":"https:\/\/www.vetorino.com\/boutique\/#\/schema\/logo\/image\/","url":"https:\/\/www.vetorino.com\/boutique\/wp-content\/uploads\/2024\/10\/logo.jpg","contentUrl":"https:\/\/www.vetorino.com\/boutique\/wp-content\/uploads\/2024\/10\/logo.jpg","width":1200,"height":610,"caption":"V\u00e9torino"},"image":{"@id":"https:\/\/www.vetorino.com\/boutique\/#\/schema\/logo\/image\/"},"sameAs":["https:\/\/www.facebook.com\/Vetorino\/","https:\/\/www.instagram.com\/vetorino_off\/","https:\/\/www.linkedin.com\/company\/vtorino\/"]}]},"product_brand":"MPS","og_availability":"instock","product_availability":"instock","product_condition":"new"},"_links":{"self":[{"href":"https:\/\/www.vetorino.com\/veterinaire\/ustaritz-64480\/boutique\/wp-json\/wp\/v2\/product\/37198","targetHints":{"allow":["GET"]}}],"collection":[{"href":"https:\/\/www.vetorino.com\/veterinaire\/ustaritz-64480\/boutique\/wp-json\/wp\/v2\/product"}],"about":[{"href":"https:\/\/www.vetorino.com\/veterinaire\/ustaritz-64480\/boutique\/wp-json\/wp\/v2\/types\/product"}],"wp:featuredmedia":[{"embeddable":true,"href":"https:\/\/www.vetorino.com\/veterinaire\/ustaritz-64480\/boutique\/wp-json\/wp\/v2\/media\/879920"}],"wp:attachment":[{"href":"https:\/\/www.vetorino.com\/veterinaire\/ustaritz-64480\/boutique\/wp-json\/wp\/v2\/media?parent=37198"}],"wp:term":[{"taxonomy":"product_cat","embeddable":true,"href":"https:\/\/www.vetorino.com\/veterinaire\/ustaritz-64480\/boutique\/wp-json\/wp\/v2\/product_cat?post=37198"},{"taxonomy":"product_tag","embeddable":true,"href":"https:\/\/www.vetorino.com\/veterinaire\/ustaritz-64480\/boutique\/wp-json\/wp\/v2\/product_tag?post=37198"}],"curies":[{"name":"wp","href":"https:\/\/api.w.org\/{rel}","templated":true}]}}