{"id":37331,"date":"2020-03-04T23:54:04","date_gmt":"2020-03-04T22:54:04","guid":{"rendered":"https:\/\/www.vetorino.com\/boutique\/product\/otodine\/"},"modified":"2026-02-26T14:50:24","modified_gmt":"2026-02-26T13:50:24","slug":"otodine","status":"publish","type":"product","link":"https:\/\/www.vetorino.com\/veterinaire\/ustaritz-64480\/boutique\/product\/otodine\/","title":{"rendered":"Otodine"},"content":{"rendered":"<p><strong>Otodine<\/strong> est une solution brevet\u00e9e pour le <strong>nettoyage<\/strong> <strong>des<\/strong> <strong>oreilles<\/strong> <strong>des chiens et chats<\/strong> qui contient une combinaison unique de chlorhexidine et de Tris-EDTA. Ce soin peut \u00eatre utilis\u00e9 seul ou en compl\u00e9ment du traitement de l&#8217;otite (due par exemple \u00e0 des Malassezia (levures) et \u00e0 des bact\u00e9ries). Il ne pique pas, n&#8217;est pas ototoxique et peut \u00eatre utilis\u00e9 chez les chiens en cas de rupture du tympan (mais pas chez les chats pr\u00e9sentant une rupture du tympan).<\/p>\n<p><strong>Mode d&#8217;emploi<\/strong><\/p>\n<p>Ce soin peut \u00eatre utilis\u00e9 apr\u00e8s avoir nettoy\u00e9 l&#8217;oreille avec Otoact\u00ae. Ne pas toucher la peau avec l&#8217;embout du flacon.<\/p>\n<p>1. Appliquer la solution dans le conduit auditif jusqu&#8217;\u00e0 ce qu&#8217;il soit compl\u00e8tement rempli.<\/p>\n<p>2. Masser d\u00e9licatement la base de l&#8217;oreille pendant au moins 1 minute. 3. Laisser agir quelques minutes.<\/p>\n<p>4. S\u00e9cher soigneusement le conduit auditif \u00e0 l&#8217;aide d&#8217;une boule de coton ou d&#8217;une gaze enroul\u00e9e autour d&#8217;un doigt et retirer tous les d\u00e9bris r\u00e9siduels, y compris \u00e0 l&#8217;int\u00e9rieur du pavillon de l&#8217;oreille.<\/p>\n<p>6. D&#8217;autres produits auriculaires peuvent \u00eatre appliqu\u00e9s au bout de 10 minutes.<\/p>\n<p>7. Appliquer deux fois par jour pendant au moins 14 jours.<\/p>\n<p><strong>Avantages<\/strong><\/p>\n<p>Innovante et brevet\u00e9e, notre solution auriculaire assure une hygi\u00e8ne optimale des oreilles des chiens et des chats. Formul\u00e9e avec de la chlorhexidine et du Tris-EDTA, elle garantit une action assainissante efficace.<\/p>\n","protected":false},"excerpt":{"rendered":"<p><strong>Solution auriculaire assainissante brevet\u00e9e pour le nettoyage des oreilles des chiens et des chats, contenant de la chlorhexidine et du Tris-EDTA.<\/strong><\/p>\n<p>Ce soin peut \u00eatre utilis\u00e9 <strong>seul ou en compl\u00e9ment du traitement de l&#8217;otite<\/strong> et peut \u00eatre utilis\u00e9<strong> chez les chiens en cas de rupture du tympan<\/strong> (mais pas chez les chats pr\u00e9sentant une rupture du tympan).<\/p>\n<p><strong>Utilisation :<\/strong><\/p>\n<ul>\n<li>Chiens et chats<\/li>\n<\/ul>\n","protected":false},"featured_media":619341,"template":"","meta":[],"product_cat":[2697,2698,12613,12614,12560,12561],"product_tag":[],"class_list":{"0":"post-37331","1":"product","2":"type-product","3":"status-publish","4":"has-post-thumbnail","6":"product_cat-chat","7":"product_cat-chien","8":"product_cat-hygiene-des-oreilles-du-chat","9":"product_cat-hygiene-des-oreilles-du-chien","10":"product_cat-hygiene-du-chat","11":"product_cat-hygiene-du-chien","12":"pa_marque-mp-labo","14":"first","15":"instock","16":"taxable","17":"shipping-taxable","18":"purchasable","19":"product-type-simple"},"yoast_head":"<!-- This site is optimized with the Yoast SEO plugin v27.3 - https:\/\/yoast.com\/product\/yoast-seo-wordpress\/ -->\n<title>Otodine Mp Labo - V\u00e9torino<\/title>\n<meta name=\"description\" content=\"Solution auriculaire assainissante brevet\u00e9e pour le nettoyage des oreilles des chiens et des chats, contenant de la chlorhexidine et du Tris-EDTA.  Ce soin peut \u00eatre utilis\u00e9 seul ou en compl\u00e9ment du traitement de l&#039;otite et peut \u00eatre utilis\u00e9 chez les chiens en cas de rupture du tympan (mais pas chez les chats pr\u00e9sentant une rupture du tympan).  Utilisation :   Chiens et chats\" \/>\n<meta name=\"robots\" content=\"noindex, nofollow\" \/>\n<meta property=\"og:locale\" content=\"fr_FR\" \/>\n<meta property=\"og:type\" content=\"article\" \/>\n<meta property=\"og:title\" content=\"Otodine Mp Labo - V\u00e9torino\" \/>\n<meta property=\"og:description\" content=\"Solution auriculaire assainissante brevet\u00e9e pour le nettoyage des oreilles des chiens et des chats, contenant de la chlorhexidine et du Tris-EDTA.  Ce soin peut \u00eatre utilis\u00e9 seul ou en compl\u00e9ment du traitement de l&#039;otite et peut \u00eatre utilis\u00e9 chez les chiens en cas de rupture du tympan (mais pas chez les chats pr\u00e9sentant une rupture du tympan).  Utilisation :   Chiens et chats\" \/>\n<meta property=\"og:url\" content=\"https:\/\/www.vetorino.com\/veterinaire\/ustaritz-64480\/boutique\/product\/otodine\/\" \/>\n<meta property=\"og:site_name\" content=\"V\u00e9torino\" \/>\n<meta property=\"article:publisher\" content=\"https:\/\/www.facebook.com\/Vetorino\/\" \/>\n<meta property=\"article:modified_time\" content=\"2026-02-26T13:50:24+00:00\" \/>\n<meta property=\"og:image\" content=\"https:\/\/www.vetorino.com\/boutique\/wp-content\/uploads\/2023\/04\/otodine-solauriculaire-100ml.jpg\" \/>\n\t<meta property=\"og:image:width\" content=\"700\" \/>\n\t<meta property=\"og:image:height\" content=\"700\" \/>\n\t<meta property=\"og:image:type\" content=\"image\/jpeg\" \/>\n<meta name=\"twitter:card\" content=\"summary_large_image\" \/>\n<meta name=\"twitter:label1\" content=\"Prix\" \/>\n\t<meta name=\"twitter:data1\" content=\"19,85&euro;\" \/>\n\t<meta name=\"twitter:label2\" content=\"Disponibilit\u00e9\" \/>\n\t<meta name=\"twitter:data2\" content=\"En stock\" \/>\n<script type=\"application\/ld+json\" class=\"yoast-schema-graph\">{\"@context\":\"https:\\\/\\\/schema.org\",\"@graph\":[{\"@type\":\"WebPage\",\"@id\":\"https:\\\/\\\/www.vetorino.com\\\/boutique\\\/product\\\/otodine\\\/\",\"url\":\"https:\\\/\\\/www.vetorino.com\\\/boutique\\\/product\\\/otodine\\\/\",\"name\":\"Otodine Mp Labo - V\u00e9torino\",\"isPartOf\":{\"@id\":\"https:\\\/\\\/www.vetorino.com\\\/boutique\\\/#website\"},\"primaryImageOfPage\":{\"@id\":\"https:\\\/\\\/www.vetorino.com\\\/boutique\\\/product\\\/otodine\\\/#primaryimage\"},\"image\":{\"@id\":\"https:\\\/\\\/www.vetorino.com\\\/boutique\\\/product\\\/otodine\\\/#primaryimage\"},\"thumbnailUrl\":\"https:\\\/\\\/www.vetorino.com\\\/boutique\\\/wp-content\\\/uploads\\\/2023\\\/04\\\/otodine-solauriculaire-100ml.jpg\",\"datePublished\":\"2020-03-04T22:54:04+00:00\",\"dateModified\":\"2026-02-26T13:50:24+00:00\",\"description\":\"Solution auriculaire assainissante brevet\u00e9e pour le nettoyage des oreilles des chiens et des chats, contenant de la chlorhexidine et du Tris-EDTA. Ce soin peut \u00eatre utilis\u00e9 seul ou en compl\u00e9ment du traitement de l'otite et peut \u00eatre utilis\u00e9 chez les chiens en cas de rupture du tympan (mais pas chez les chats pr\u00e9sentant une rupture du tympan). Utilisation : Chiens et chats\",\"breadcrumb\":{\"@id\":\"https:\\\/\\\/www.vetorino.com\\\/boutique\\\/product\\\/otodine\\\/#breadcrumb\"},\"inLanguage\":\"fr-FR\",\"potentialAction\":[{\"@type\":\"ReadAction\",\"target\":[\"https:\\\/\\\/www.vetorino.com\\\/boutique\\\/product\\\/otodine\\\/\"]}]},{\"@type\":\"ImageObject\",\"inLanguage\":\"fr-FR\",\"@id\":\"https:\\\/\\\/www.vetorino.com\\\/boutique\\\/product\\\/otodine\\\/#primaryimage\",\"url\":\"https:\\\/\\\/www.vetorino.com\\\/boutique\\\/wp-content\\\/uploads\\\/2023\\\/04\\\/otodine-solauriculaire-100ml.jpg\",\"contentUrl\":\"https:\\\/\\\/www.vetorino.com\\\/boutique\\\/wp-content\\\/uploads\\\/2023\\\/04\\\/otodine-solauriculaire-100ml.jpg\",\"width\":700,\"height\":700},{\"@type\":\"BreadcrumbList\",\"@id\":\"https:\\\/\\\/www.vetorino.com\\\/boutique\\\/product\\\/otodine\\\/#breadcrumb\",\"itemListElement\":[{\"@type\":\"ListItem\",\"position\":1,\"name\":\"Accueil\",\"item\":\"https:\\\/\\\/www.vetorino.com\\\/boutique\\\/\"},{\"@type\":\"ListItem\",\"position\":2,\"name\":\"Produits\",\"item\":\"https:\\\/\\\/www.vetorino.com\\\/boutique\\\/\"},{\"@type\":\"ListItem\",\"position\":3,\"name\":\"Otodine\"}]},{\"@type\":\"WebSite\",\"@id\":\"https:\\\/\\\/www.vetorino.com\\\/boutique\\\/#website\",\"url\":\"https:\\\/\\\/www.vetorino.com\\\/boutique\\\/\",\"name\":\"V\u00e9torino\",\"description\":\"\",\"publisher\":{\"@id\":\"https:\\\/\\\/www.vetorino.com\\\/boutique\\\/#organization\"},\"potentialAction\":[{\"@type\":\"SearchAction\",\"target\":{\"@type\":\"EntryPoint\",\"urlTemplate\":\"https:\\\/\\\/www.vetorino.com\\\/boutique\\\/?s={search_term_string}\"},\"query-input\":{\"@type\":\"PropertyValueSpecification\",\"valueRequired\":true,\"valueName\":\"search_term_string\"}}],\"inLanguage\":\"fr-FR\"},{\"@type\":\"Organization\",\"@id\":\"https:\\\/\\\/www.vetorino.com\\\/boutique\\\/#organization\",\"name\":\"V\u00e9torino\",\"url\":\"https:\\\/\\\/www.vetorino.com\\\/boutique\\\/\",\"logo\":{\"@type\":\"ImageObject\",\"inLanguage\":\"fr-FR\",\"@id\":\"https:\\\/\\\/www.vetorino.com\\\/boutique\\\/#\\\/schema\\\/logo\\\/image\\\/\",\"url\":\"https:\\\/\\\/www.vetorino.com\\\/boutique\\\/wp-content\\\/uploads\\\/2024\\\/10\\\/logo.jpg\",\"contentUrl\":\"https:\\\/\\\/www.vetorino.com\\\/boutique\\\/wp-content\\\/uploads\\\/2024\\\/10\\\/logo.jpg\",\"width\":1200,\"height\":610,\"caption\":\"V\u00e9torino\"},\"image\":{\"@id\":\"https:\\\/\\\/www.vetorino.com\\\/boutique\\\/#\\\/schema\\\/logo\\\/image\\\/\"},\"sameAs\":[\"https:\\\/\\\/www.facebook.com\\\/Vetorino\\\/\",\"https:\\\/\\\/www.instagram.com\\\/vetorino_off\\\/\",\"https:\\\/\\\/www.linkedin.com\\\/company\\\/vtorino\\\/\"]}]}<\/script>\n<meta property=\"product:brand\" content=\"Mp Labo\" \/>\n<meta property=\"product:price:amount\" content=\"19.85\" \/>\n<meta property=\"product:price:currency\" content=\"EUR\" \/>\n<meta property=\"og:availability\" content=\"instock\" \/>\n<meta property=\"product:availability\" content=\"instock\" \/>\n<meta property=\"product:retailer_item_id\" content=\"A-9530047\" \/>\n<meta property=\"product:condition\" content=\"new\" \/>\n<!-- \/ Yoast SEO plugin. -->","yoast_head_json":{"title":"Otodine Mp Labo - V\u00e9torino","description":"Solution auriculaire assainissante brevet\u00e9e pour le nettoyage des oreilles des chiens et des chats, contenant de la chlorhexidine et du Tris-EDTA.  Ce soin peut \u00eatre utilis\u00e9 seul ou en compl\u00e9ment du traitement de l'otite et peut \u00eatre utilis\u00e9 chez les chiens en cas de rupture du tympan (mais pas chez les chats pr\u00e9sentant une rupture du tympan).  Utilisation :   Chiens et chats","robots":{"index":"noindex","follow":"nofollow"},"og_locale":"fr_FR","og_type":"article","og_title":"Otodine Mp Labo - V\u00e9torino","og_description":"Solution auriculaire assainissante brevet\u00e9e pour le nettoyage des oreilles des chiens et des chats, contenant de la chlorhexidine et du Tris-EDTA.  Ce soin peut \u00eatre utilis\u00e9 seul ou en compl\u00e9ment du traitement de l'otite et peut \u00eatre utilis\u00e9 chez les chiens en cas de rupture du tympan (mais pas chez les chats pr\u00e9sentant une rupture du tympan).  Utilisation :   Chiens et chats","og_url":"https:\/\/www.vetorino.com\/veterinaire\/ustaritz-64480\/boutique\/product\/otodine\/","og_site_name":"V\u00e9torino","article_publisher":"https:\/\/www.facebook.com\/Vetorino\/","article_modified_time":"2026-02-26T13:50:24+00:00","og_image":[{"width":700,"height":700,"url":"https:\/\/www.vetorino.com\/boutique\/wp-content\/uploads\/2023\/04\/otodine-solauriculaire-100ml.jpg","type":"image\/jpeg"}],"twitter_card":"summary_large_image","twitter_misc":{"Prix":"19,85&euro;","Disponibilit\u00e9":"En stock"},"schema":{"@context":"https:\/\/schema.org","@graph":[{"@type":"WebPage","@id":"https:\/\/www.vetorino.com\/boutique\/product\/otodine\/","url":"https:\/\/www.vetorino.com\/boutique\/product\/otodine\/","name":"Otodine Mp Labo - V\u00e9torino","isPartOf":{"@id":"https:\/\/www.vetorino.com\/boutique\/#website"},"primaryImageOfPage":{"@id":"https:\/\/www.vetorino.com\/boutique\/product\/otodine\/#primaryimage"},"image":{"@id":"https:\/\/www.vetorino.com\/boutique\/product\/otodine\/#primaryimage"},"thumbnailUrl":"https:\/\/www.vetorino.com\/boutique\/wp-content\/uploads\/2023\/04\/otodine-solauriculaire-100ml.jpg","datePublished":"2020-03-04T22:54:04+00:00","dateModified":"2026-02-26T13:50:24+00:00","description":"Solution auriculaire assainissante brevet\u00e9e pour le nettoyage des oreilles des chiens et des chats, contenant de la chlorhexidine et du Tris-EDTA. Ce soin peut \u00eatre utilis\u00e9 seul ou en compl\u00e9ment du traitement de l'otite et peut \u00eatre utilis\u00e9 chez les chiens en cas de rupture du tympan (mais pas chez les chats pr\u00e9sentant une rupture du tympan). Utilisation : Chiens et chats","breadcrumb":{"@id":"https:\/\/www.vetorino.com\/boutique\/product\/otodine\/#breadcrumb"},"inLanguage":"fr-FR","potentialAction":[{"@type":"ReadAction","target":["https:\/\/www.vetorino.com\/boutique\/product\/otodine\/"]}]},{"@type":"ImageObject","inLanguage":"fr-FR","@id":"https:\/\/www.vetorino.com\/boutique\/product\/otodine\/#primaryimage","url":"https:\/\/www.vetorino.com\/boutique\/wp-content\/uploads\/2023\/04\/otodine-solauriculaire-100ml.jpg","contentUrl":"https:\/\/www.vetorino.com\/boutique\/wp-content\/uploads\/2023\/04\/otodine-solauriculaire-100ml.jpg","width":700,"height":700},{"@type":"BreadcrumbList","@id":"https:\/\/www.vetorino.com\/boutique\/product\/otodine\/#breadcrumb","itemListElement":[{"@type":"ListItem","position":1,"name":"Accueil","item":"https:\/\/www.vetorino.com\/boutique\/"},{"@type":"ListItem","position":2,"name":"Produits","item":"https:\/\/www.vetorino.com\/boutique\/"},{"@type":"ListItem","position":3,"name":"Otodine"}]},{"@type":"WebSite","@id":"https:\/\/www.vetorino.com\/boutique\/#website","url":"https:\/\/www.vetorino.com\/boutique\/","name":"V\u00e9torino","description":"","publisher":{"@id":"https:\/\/www.vetorino.com\/boutique\/#organization"},"potentialAction":[{"@type":"SearchAction","target":{"@type":"EntryPoint","urlTemplate":"https:\/\/www.vetorino.com\/boutique\/?s={search_term_string}"},"query-input":{"@type":"PropertyValueSpecification","valueRequired":true,"valueName":"search_term_string"}}],"inLanguage":"fr-FR"},{"@type":"Organization","@id":"https:\/\/www.vetorino.com\/boutique\/#organization","name":"V\u00e9torino","url":"https:\/\/www.vetorino.com\/boutique\/","logo":{"@type":"ImageObject","inLanguage":"fr-FR","@id":"https:\/\/www.vetorino.com\/boutique\/#\/schema\/logo\/image\/","url":"https:\/\/www.vetorino.com\/boutique\/wp-content\/uploads\/2024\/10\/logo.jpg","contentUrl":"https:\/\/www.vetorino.com\/boutique\/wp-content\/uploads\/2024\/10\/logo.jpg","width":1200,"height":610,"caption":"V\u00e9torino"},"image":{"@id":"https:\/\/www.vetorino.com\/boutique\/#\/schema\/logo\/image\/"},"sameAs":["https:\/\/www.facebook.com\/Vetorino\/","https:\/\/www.instagram.com\/vetorino_off\/","https:\/\/www.linkedin.com\/company\/vtorino\/"]}]},"product_brand":"Mp Labo","product_price_amount":"19.85","product_price_currency":"EUR","og_availability":"instock","product_availability":"instock","product_retailer_item_id":"A-9530047","product_condition":"new"},"_links":{"self":[{"href":"https:\/\/www.vetorino.com\/veterinaire\/ustaritz-64480\/boutique\/wp-json\/wp\/v2\/product\/37331","targetHints":{"allow":["GET"]}}],"collection":[{"href":"https:\/\/www.vetorino.com\/veterinaire\/ustaritz-64480\/boutique\/wp-json\/wp\/v2\/product"}],"about":[{"href":"https:\/\/www.vetorino.com\/veterinaire\/ustaritz-64480\/boutique\/wp-json\/wp\/v2\/types\/product"}],"wp:featuredmedia":[{"embeddable":true,"href":"https:\/\/www.vetorino.com\/veterinaire\/ustaritz-64480\/boutique\/wp-json\/wp\/v2\/media\/619341"}],"wp:attachment":[{"href":"https:\/\/www.vetorino.com\/veterinaire\/ustaritz-64480\/boutique\/wp-json\/wp\/v2\/media?parent=37331"}],"wp:term":[{"taxonomy":"product_cat","embeddable":true,"href":"https:\/\/www.vetorino.com\/veterinaire\/ustaritz-64480\/boutique\/wp-json\/wp\/v2\/product_cat?post=37331"},{"taxonomy":"product_tag","embeddable":true,"href":"https:\/\/www.vetorino.com\/veterinaire\/ustaritz-64480\/boutique\/wp-json\/wp\/v2\/product_tag?post=37331"}],"curies":[{"name":"wp","href":"https:\/\/api.w.org\/{rel}","templated":true}]}}