{"id":38010,"date":"2020-03-04T23:57:58","date_gmt":"2020-03-04T22:57:58","guid":{"rendered":"https:\/\/www.vetorino.com\/boutique\/product\/selective-cochon-dinde\/"},"modified":"2024-04-25T10:04:34","modified_gmt":"2024-04-25T08:04:34","slug":"selective-cochon-dinde","status":"publish","type":"product","link":"https:\/\/www.vetorino.com\/veterinaire\/ustaritz-64480\/boutique\/product\/selective-cochon-dinde\/","title":{"rendered":"Selective Cochon d&#8217;Inde"},"content":{"rendered":"<p><strong>Selective Cochon d&#8217;Inde est un aliment pour cochons d\u2019Inde, complet et \u00e9quilibr\u00e9 sur le plan nutritionnel, qui contient un m\u00e9lange d\u2019herbes afin de faciliter l\u2019\u00e9limination naturelle de l\u2019eau accumul\u00e9e.<\/strong><\/p>\n<p><strong>Utilisation :<\/strong><\/p>\n<ul>\n<li>Granul\u00e9s pour cochon d&#8217;Inde<\/li>\n<\/ul>\n<p><strong>Bienfaits essentiels :<\/strong><\/p>\n<ul>\n<li>Aliment\u00a0<strong>complet et \u00e9quilibr\u00e9<\/strong>\u00a0sur le plan nutritionnel<\/li>\n<li><strong>Pr\u00e9vient l\u2019alimentation s\u00e9lective<\/strong>\u00a0\u2013 un probl\u00e8me fr\u00e9quemment observ\u00e9 chez le cochon d\u2019Inde<\/li>\n<li><strong>Enrichi en vitamine C<\/strong>\u00a0\u2013 800mg\/kg \u2013 un apport journalier essentiel<\/li>\n<li><strong>Am\u00e9liore la sant\u00e9 digestive et favorise l\u2019usure dentaire<\/strong>, gr\u00e2ce \u00e0 une teneur optimale en fibres<\/li>\n<li><strong>Riche en fibres<\/strong>\u00a0\u2013 15% de luzerne, connue pour sa teneur en fibres et en prot\u00e9ines de grande qualit\u00e9<\/li>\n<li>Contient des graines de lin \u2013 une excellente source d\u2019acides gras om\u00e9ga 3 et 6, pour une\u00a0<strong>peau et un pelage sains<\/strong><\/li>\n<li><strong>Sans sucres ajout\u00e9s<\/strong>, afin de lutter contre l\u2019ob\u00e9sit\u00e9<\/li>\n<li>Optimis\u00e9 sur le plan nutritionnel, afin de procurer un aliment\u00a0<strong>d\u00e9licieux<\/strong>\u00a0de qualit\u00e9 sup\u00e9rieure<\/li>\n<li><strong>Soulage les probl\u00e8mes de constipation<\/strong>, stimule la motilit\u00e9 gastrique, facilite la digestion et \u00e9vite les ballonnements, tout en favorisant le maintien d\u2019une vessie en bonne sant\u00e9.<\/li>\n<li><strong>Enrichi en vitamine<\/strong><\/li>\n<\/ul>\n","protected":false},"excerpt":{"rendered":"<p><strong>Selective Cochon d&#8217;Inde est un aliment pour cochons d\u2019Inde, complet et \u00e9quilibr\u00e9 sur le plan nutritionnel, qui contient un m\u00e9lange d\u2019herbes afin de faciliter l\u2019\u00e9limination naturelle de l\u2019eau accumul\u00e9e.<\/strong><\/p>\n<p><strong>Utilisation :<\/strong><\/p>\n<ul>\n<li>Granul\u00e9s pour cochon d&#8217;Inde<\/li>\n<\/ul>\n","protected":false},"featured_media":904932,"template":"","meta":[],"product_cat":[12580,2812,12672,2727,12570],"product_tag":[],"class_list":{"0":"post-38010","1":"product","2":"type-product","3":"status-publish","4":"has-post-thumbnail","6":"product_cat-alimentation-du-rongeur","7":"product_cat-alimentation-pour-lapin-rongeur","8":"product_cat-granule-et-melange-pour-rongeur","9":"product_cat-nac","10":"product_cat-rongeur","11":"pa_marque-supreme-petfood","13":"first","14":"instock","15":"taxable","16":"shipping-taxable","17":"purchasable","18":"product-type-variable"},"yoast_head":"<!-- This site is optimized with the Yoast SEO plugin v27.3 - https:\/\/yoast.com\/product\/yoast-seo-wordpress\/ -->\n<title>Selective Selective Cochon d&#039;Inde Supreme Petfood - V\u00e9torino<\/title>\n<meta name=\"description\" content=\"Selective Cochon d&#039;Inde est un aliment pour cochons d\u2019Inde, complet et \u00e9quilibr\u00e9 sur le plan nutritionnel, qui contient un m\u00e9lange d\u2019herbes afin de faciliter l\u2019\u00e9limination naturelle de l\u2019eau accumul\u00e9e.  Utilisation :   Granul\u00e9s pour cochon d&#039;Inde\" \/>\n<meta name=\"robots\" content=\"noindex, nofollow\" \/>\n<meta property=\"og:locale\" content=\"fr_FR\" \/>\n<meta property=\"og:type\" content=\"article\" \/>\n<meta property=\"og:title\" content=\"Selective Selective Cochon d&#039;Inde Supreme Petfood - V\u00e9torino\" \/>\n<meta property=\"og:description\" content=\"Selective Cochon d&#039;Inde est un aliment pour cochons d\u2019Inde, complet et \u00e9quilibr\u00e9 sur le plan nutritionnel, qui contient un m\u00e9lange d\u2019herbes afin de faciliter l\u2019\u00e9limination naturelle de l\u2019eau accumul\u00e9e.  Utilisation :   Granul\u00e9s pour cochon d&#039;Inde\" \/>\n<meta property=\"og:url\" content=\"https:\/\/www.vetorino.com\/veterinaire\/ustaritz-64480\/boutique\/product\/selective-cochon-dinde\/\" \/>\n<meta property=\"og:site_name\" content=\"V\u00e9torino\" \/>\n<meta property=\"article:publisher\" content=\"https:\/\/www.facebook.com\/Vetorino\/\" \/>\n<meta property=\"article:modified_time\" content=\"2024-04-25T08:04:34+00:00\" \/>\n<meta property=\"og:image\" content=\"https:\/\/www.vetorino.com\/boutique\/wp-content\/uploads\/2020\/03\/ALINA-8116765-1.jpg\" \/>\n\t<meta property=\"og:image:width\" content=\"1610\" \/>\n\t<meta property=\"og:image:height\" content=\"2000\" \/>\n\t<meta property=\"og:image:type\" content=\"image\/jpeg\" \/>\n<meta name=\"twitter:card\" content=\"summary_large_image\" \/>\n<meta name=\"twitter:label1\" content=\"Disponibilit\u00e9\" \/>\n\t<meta name=\"twitter:data1\" content=\"En stock\" \/>\n<script type=\"application\/ld+json\" class=\"yoast-schema-graph\">{\"@context\":\"https:\\\/\\\/schema.org\",\"@graph\":[{\"@type\":\"WebPage\",\"@id\":\"https:\\\/\\\/www.vetorino.com\\\/boutique\\\/product\\\/selective-cochon-dinde\\\/\",\"url\":\"https:\\\/\\\/www.vetorino.com\\\/boutique\\\/product\\\/selective-cochon-dinde\\\/\",\"name\":\"Selective Selective Cochon d'Inde Supreme Petfood - V\u00e9torino\",\"isPartOf\":{\"@id\":\"https:\\\/\\\/www.vetorino.com\\\/boutique\\\/#website\"},\"primaryImageOfPage\":{\"@id\":\"https:\\\/\\\/www.vetorino.com\\\/boutique\\\/product\\\/selective-cochon-dinde\\\/#primaryimage\"},\"image\":{\"@id\":\"https:\\\/\\\/www.vetorino.com\\\/boutique\\\/product\\\/selective-cochon-dinde\\\/#primaryimage\"},\"thumbnailUrl\":\"https:\\\/\\\/www.vetorino.com\\\/boutique\\\/wp-content\\\/uploads\\\/2020\\\/03\\\/ALINA-8116765-1.jpg\",\"datePublished\":\"2020-03-04T22:57:58+00:00\",\"dateModified\":\"2024-04-25T08:04:34+00:00\",\"description\":\"Selective Cochon d'Inde est un aliment pour cochons d\u2019Inde, complet et \u00e9quilibr\u00e9 sur le plan nutritionnel, qui contient un m\u00e9lange d\u2019herbes afin de faciliter l\u2019\u00e9limination naturelle de l\u2019eau accumul\u00e9e. Utilisation : Granul\u00e9s pour cochon d'Inde\",\"breadcrumb\":{\"@id\":\"https:\\\/\\\/www.vetorino.com\\\/boutique\\\/product\\\/selective-cochon-dinde\\\/#breadcrumb\"},\"inLanguage\":\"fr-FR\",\"potentialAction\":[{\"@type\":\"ReadAction\",\"target\":[\"https:\\\/\\\/www.vetorino.com\\\/boutique\\\/product\\\/selective-cochon-dinde\\\/\"]}]},{\"@type\":\"ImageObject\",\"inLanguage\":\"fr-FR\",\"@id\":\"https:\\\/\\\/www.vetorino.com\\\/boutique\\\/product\\\/selective-cochon-dinde\\\/#primaryimage\",\"url\":\"https:\\\/\\\/www.vetorino.com\\\/boutique\\\/wp-content\\\/uploads\\\/2020\\\/03\\\/ALINA-8116765-1.jpg\",\"contentUrl\":\"https:\\\/\\\/www.vetorino.com\\\/boutique\\\/wp-content\\\/uploads\\\/2020\\\/03\\\/ALINA-8116765-1.jpg\",\"width\":1610,\"height\":2000},{\"@type\":\"BreadcrumbList\",\"@id\":\"https:\\\/\\\/www.vetorino.com\\\/boutique\\\/product\\\/selective-cochon-dinde\\\/#breadcrumb\",\"itemListElement\":[{\"@type\":\"ListItem\",\"position\":1,\"name\":\"Accueil\",\"item\":\"https:\\\/\\\/www.vetorino.com\\\/boutique\\\/\"},{\"@type\":\"ListItem\",\"position\":2,\"name\":\"Produits\",\"item\":\"https:\\\/\\\/www.vetorino.com\\\/boutique\\\/\"},{\"@type\":\"ListItem\",\"position\":3,\"name\":\"Selective Cochon d&#8217;Inde\"}]},{\"@type\":\"WebSite\",\"@id\":\"https:\\\/\\\/www.vetorino.com\\\/boutique\\\/#website\",\"url\":\"https:\\\/\\\/www.vetorino.com\\\/boutique\\\/\",\"name\":\"V\u00e9torino\",\"description\":\"\",\"publisher\":{\"@id\":\"https:\\\/\\\/www.vetorino.com\\\/boutique\\\/#organization\"},\"potentialAction\":[{\"@type\":\"SearchAction\",\"target\":{\"@type\":\"EntryPoint\",\"urlTemplate\":\"https:\\\/\\\/www.vetorino.com\\\/boutique\\\/?s={search_term_string}\"},\"query-input\":{\"@type\":\"PropertyValueSpecification\",\"valueRequired\":true,\"valueName\":\"search_term_string\"}}],\"inLanguage\":\"fr-FR\"},{\"@type\":\"Organization\",\"@id\":\"https:\\\/\\\/www.vetorino.com\\\/boutique\\\/#organization\",\"name\":\"V\u00e9torino\",\"url\":\"https:\\\/\\\/www.vetorino.com\\\/boutique\\\/\",\"logo\":{\"@type\":\"ImageObject\",\"inLanguage\":\"fr-FR\",\"@id\":\"https:\\\/\\\/www.vetorino.com\\\/boutique\\\/#\\\/schema\\\/logo\\\/image\\\/\",\"url\":\"https:\\\/\\\/www.vetorino.com\\\/boutique\\\/wp-content\\\/uploads\\\/2024\\\/10\\\/logo.jpg\",\"contentUrl\":\"https:\\\/\\\/www.vetorino.com\\\/boutique\\\/wp-content\\\/uploads\\\/2024\\\/10\\\/logo.jpg\",\"width\":1200,\"height\":610,\"caption\":\"V\u00e9torino\"},\"image\":{\"@id\":\"https:\\\/\\\/www.vetorino.com\\\/boutique\\\/#\\\/schema\\\/logo\\\/image\\\/\"},\"sameAs\":[\"https:\\\/\\\/www.facebook.com\\\/Vetorino\\\/\",\"https:\\\/\\\/www.instagram.com\\\/vetorino_off\\\/\",\"https:\\\/\\\/www.linkedin.com\\\/company\\\/vtorino\\\/\"]}]}<\/script>\n<meta property=\"product:brand\" content=\"Supreme Petfood\" \/>\n<meta property=\"og:availability\" content=\"instock\" \/>\n<meta property=\"product:availability\" content=\"instock\" \/>\n<meta property=\"product:condition\" content=\"new\" \/>\n<!-- \/ Yoast SEO plugin. -->","yoast_head_json":{"title":"Selective Selective Cochon d'Inde Supreme Petfood - V\u00e9torino","description":"Selective Cochon d'Inde est un aliment pour cochons d\u2019Inde, complet et \u00e9quilibr\u00e9 sur le plan nutritionnel, qui contient un m\u00e9lange d\u2019herbes afin de faciliter l\u2019\u00e9limination naturelle de l\u2019eau accumul\u00e9e.  Utilisation :   Granul\u00e9s pour cochon d'Inde","robots":{"index":"noindex","follow":"nofollow"},"og_locale":"fr_FR","og_type":"article","og_title":"Selective Selective Cochon d'Inde Supreme Petfood - V\u00e9torino","og_description":"Selective Cochon d'Inde est un aliment pour cochons d\u2019Inde, complet et \u00e9quilibr\u00e9 sur le plan nutritionnel, qui contient un m\u00e9lange d\u2019herbes afin de faciliter l\u2019\u00e9limination naturelle de l\u2019eau accumul\u00e9e.  Utilisation :   Granul\u00e9s pour cochon d'Inde","og_url":"https:\/\/www.vetorino.com\/veterinaire\/ustaritz-64480\/boutique\/product\/selective-cochon-dinde\/","og_site_name":"V\u00e9torino","article_publisher":"https:\/\/www.facebook.com\/Vetorino\/","article_modified_time":"2024-04-25T08:04:34+00:00","og_image":[{"width":1610,"height":2000,"url":"https:\/\/www.vetorino.com\/boutique\/wp-content\/uploads\/2020\/03\/ALINA-8116765-1.jpg","type":"image\/jpeg"}],"twitter_card":"summary_large_image","twitter_misc":{"Disponibilit\u00e9":"En stock"},"schema":{"@context":"https:\/\/schema.org","@graph":[{"@type":"WebPage","@id":"https:\/\/www.vetorino.com\/boutique\/product\/selective-cochon-dinde\/","url":"https:\/\/www.vetorino.com\/boutique\/product\/selective-cochon-dinde\/","name":"Selective Selective Cochon d'Inde Supreme Petfood - V\u00e9torino","isPartOf":{"@id":"https:\/\/www.vetorino.com\/boutique\/#website"},"primaryImageOfPage":{"@id":"https:\/\/www.vetorino.com\/boutique\/product\/selective-cochon-dinde\/#primaryimage"},"image":{"@id":"https:\/\/www.vetorino.com\/boutique\/product\/selective-cochon-dinde\/#primaryimage"},"thumbnailUrl":"https:\/\/www.vetorino.com\/boutique\/wp-content\/uploads\/2020\/03\/ALINA-8116765-1.jpg","datePublished":"2020-03-04T22:57:58+00:00","dateModified":"2024-04-25T08:04:34+00:00","description":"Selective Cochon d'Inde est un aliment pour cochons d\u2019Inde, complet et \u00e9quilibr\u00e9 sur le plan nutritionnel, qui contient un m\u00e9lange d\u2019herbes afin de faciliter l\u2019\u00e9limination naturelle de l\u2019eau accumul\u00e9e. Utilisation : Granul\u00e9s pour cochon d'Inde","breadcrumb":{"@id":"https:\/\/www.vetorino.com\/boutique\/product\/selective-cochon-dinde\/#breadcrumb"},"inLanguage":"fr-FR","potentialAction":[{"@type":"ReadAction","target":["https:\/\/www.vetorino.com\/boutique\/product\/selective-cochon-dinde\/"]}]},{"@type":"ImageObject","inLanguage":"fr-FR","@id":"https:\/\/www.vetorino.com\/boutique\/product\/selective-cochon-dinde\/#primaryimage","url":"https:\/\/www.vetorino.com\/boutique\/wp-content\/uploads\/2020\/03\/ALINA-8116765-1.jpg","contentUrl":"https:\/\/www.vetorino.com\/boutique\/wp-content\/uploads\/2020\/03\/ALINA-8116765-1.jpg","width":1610,"height":2000},{"@type":"BreadcrumbList","@id":"https:\/\/www.vetorino.com\/boutique\/product\/selective-cochon-dinde\/#breadcrumb","itemListElement":[{"@type":"ListItem","position":1,"name":"Accueil","item":"https:\/\/www.vetorino.com\/boutique\/"},{"@type":"ListItem","position":2,"name":"Produits","item":"https:\/\/www.vetorino.com\/boutique\/"},{"@type":"ListItem","position":3,"name":"Selective Cochon d&#8217;Inde"}]},{"@type":"WebSite","@id":"https:\/\/www.vetorino.com\/boutique\/#website","url":"https:\/\/www.vetorino.com\/boutique\/","name":"V\u00e9torino","description":"","publisher":{"@id":"https:\/\/www.vetorino.com\/boutique\/#organization"},"potentialAction":[{"@type":"SearchAction","target":{"@type":"EntryPoint","urlTemplate":"https:\/\/www.vetorino.com\/boutique\/?s={search_term_string}"},"query-input":{"@type":"PropertyValueSpecification","valueRequired":true,"valueName":"search_term_string"}}],"inLanguage":"fr-FR"},{"@type":"Organization","@id":"https:\/\/www.vetorino.com\/boutique\/#organization","name":"V\u00e9torino","url":"https:\/\/www.vetorino.com\/boutique\/","logo":{"@type":"ImageObject","inLanguage":"fr-FR","@id":"https:\/\/www.vetorino.com\/boutique\/#\/schema\/logo\/image\/","url":"https:\/\/www.vetorino.com\/boutique\/wp-content\/uploads\/2024\/10\/logo.jpg","contentUrl":"https:\/\/www.vetorino.com\/boutique\/wp-content\/uploads\/2024\/10\/logo.jpg","width":1200,"height":610,"caption":"V\u00e9torino"},"image":{"@id":"https:\/\/www.vetorino.com\/boutique\/#\/schema\/logo\/image\/"},"sameAs":["https:\/\/www.facebook.com\/Vetorino\/","https:\/\/www.instagram.com\/vetorino_off\/","https:\/\/www.linkedin.com\/company\/vtorino\/"]}]},"product_brand":"Supreme Petfood","og_availability":"instock","product_availability":"instock","product_condition":"new"},"_links":{"self":[{"href":"https:\/\/www.vetorino.com\/veterinaire\/ustaritz-64480\/boutique\/wp-json\/wp\/v2\/product\/38010","targetHints":{"allow":["GET"]}}],"collection":[{"href":"https:\/\/www.vetorino.com\/veterinaire\/ustaritz-64480\/boutique\/wp-json\/wp\/v2\/product"}],"about":[{"href":"https:\/\/www.vetorino.com\/veterinaire\/ustaritz-64480\/boutique\/wp-json\/wp\/v2\/types\/product"}],"wp:featuredmedia":[{"embeddable":true,"href":"https:\/\/www.vetorino.com\/veterinaire\/ustaritz-64480\/boutique\/wp-json\/wp\/v2\/media\/904932"}],"wp:attachment":[{"href":"https:\/\/www.vetorino.com\/veterinaire\/ustaritz-64480\/boutique\/wp-json\/wp\/v2\/media?parent=38010"}],"wp:term":[{"taxonomy":"product_cat","embeddable":true,"href":"https:\/\/www.vetorino.com\/veterinaire\/ustaritz-64480\/boutique\/wp-json\/wp\/v2\/product_cat?post=38010"},{"taxonomy":"product_tag","embeddable":true,"href":"https:\/\/www.vetorino.com\/veterinaire\/ustaritz-64480\/boutique\/wp-json\/wp\/v2\/product_tag?post=38010"}],"curies":[{"name":"wp","href":"https:\/\/api.w.org\/{rel}","templated":true}]}}