{"id":507421,"date":"2022-11-17T20:25:10","date_gmt":"2022-11-17T19:25:10","guid":{"rendered":"https:\/\/www.vetorino.com\/boutique\/product\/carbogel-veau\/"},"modified":"2025-07-28T10:22:24","modified_gmt":"2025-07-28T08:22:24","slug":"carbogel-veau","status":"publish","type":"product","link":"https:\/\/www.vetorino.com\/veterinaire\/ustaritz-64480\/boutique\/product\/carbogel-veau\/","title":{"rendered":"Carbogel Veau"},"content":{"rendered":"<div id=\"description-short-section\" class=\"lg:mb-8\">\n<div class=\"product-section-content hidden lg:block\">Aliment compl\u00e9mentaire <strong>\u00e0 utiliser en cas de troubles digestifs<\/strong> chez les veaux, agneaux.<\/div>\n<div><\/div>\n<p><\/p>\n<div class=\"product-section-content hidden lg:block\"><strong>Caract\u00e9ristiques :<\/strong><\/div>\n<ul>\n<\/p>\n<li class=\"product-section-content hidden lg:block\">Acc\u00e9l\u00e8re la r\u00e9gulation digestive.<\/li>\n<li class=\"product-section-content hidden lg:block\">Amplifie l&#8217;action des tratitements mis en place.<\/li>\n<li class=\"product-section-content hidden lg:block\">R\u00e9pare plus rapidement la muqueuse intestinale.<\/li>\n<\/ul>\n<\/div>\n<p><\/p>\n<div id=\"description-section\" class=\"lg:mb-8\"><strong>Voie d&#8217;utilisation<\/strong> : orale.<\/div>\n","protected":false},"excerpt":{"rendered":"<div id=\"description-short-section\" class=\"lg:mb-8\">\n<div class=\"product-section-content hidden lg:block\">Aliment compl\u00e9mentaire <strong>\u00e0 utiliser en cas de troubles digestifs<\/strong> chez les veaux, agneaux.<\/div>\n<div><\/div>\n<p><\/p>\n<div class=\"product-section-content hidden lg:block\"><strong>Caract\u00e9ristiques :<\/strong><\/div>\n<ul>\n<\/p>\n<li class=\"product-section-content hidden lg:block\">Acc\u00e9l\u00e8re la r\u00e9gulation digestive.<\/li>\n<li class=\"product-section-content hidden lg:block\">Amplifie l&#8217;action des tratitements mis en place.<\/li>\n<li class=\"product-section-content hidden lg:block\">R\u00e9pare plus rapidement la muqueuse intestinale.<\/li>\n<\/ul>\n<\/div>\n<p><\/p>\n<div id=\"description-section\" class=\"lg:mb-8\"><\/div>\n","protected":false},"featured_media":1426521,"template":"","meta":[],"product_cat":[6864,6870,6873],"product_tag":[],"class_list":{"0":"post-507421","1":"product","2":"type-product","3":"status-publish","4":"has-post-thumbnail","6":"product_cat-animaux-delevage","7":"product_cat-bovins","8":"product_cat-ovins","9":"pa_marque-biove","11":"first","12":"instock","13":"taxable","14":"shipping-taxable","15":"purchasable","16":"product-type-simple"},"yoast_head":"<!-- This site is optimized with the Yoast SEO plugin v27.3 - https:\/\/yoast.com\/product\/yoast-seo-wordpress\/ -->\n<title>Carbogel Veau Biove - V\u00e9torino<\/title>\n<meta name=\"description\" content=\"Aliment compl\u00e9mentaire \u00e0 utiliser en cas de troubles digestifs chez les veaux, agneaux.   Caract\u00e9ristiques :    Acc\u00e9l\u00e8re la r\u00e9gulation digestive.  Amplifie l&#039;action des tratitements mis en place.  R\u00e9pare plus rapidement la muqueuse intestinale.\" \/>\n<meta name=\"robots\" content=\"noindex, nofollow\" \/>\n<meta property=\"og:locale\" content=\"fr_FR\" \/>\n<meta property=\"og:type\" content=\"article\" \/>\n<meta property=\"og:title\" content=\"Carbogel Veau Biove - V\u00e9torino\" \/>\n<meta property=\"og:description\" content=\"Aliment compl\u00e9mentaire \u00e0 utiliser en cas de troubles digestifs chez les veaux, agneaux.   Caract\u00e9ristiques :    Acc\u00e9l\u00e8re la r\u00e9gulation digestive.  Amplifie l&#039;action des tratitements mis en place.  R\u00e9pare plus rapidement la muqueuse intestinale.\" \/>\n<meta property=\"og:url\" content=\"https:\/\/www.vetorino.com\/veterinaire\/ustaritz-64480\/boutique\/product\/carbogel-veau\/\" \/>\n<meta property=\"og:site_name\" content=\"V\u00e9torino\" \/>\n<meta property=\"article:publisher\" content=\"https:\/\/www.facebook.com\/Vetorino\/\" \/>\n<meta property=\"article:modified_time\" content=\"2025-07-28T08:22:24+00:00\" \/>\n<meta property=\"og:image\" content=\"https:\/\/www.vetorino.com\/boutique\/wp-content\/uploads\/2022\/11\/6527bbec4139e-Carbogel-15x15ml-box-and-sering-new-FR-6527bbec4149a.png\" \/>\n\t<meta property=\"og:image:width\" content=\"354\" \/>\n\t<meta property=\"og:image:height\" content=\"500\" \/>\n\t<meta property=\"og:image:type\" content=\"image\/png\" \/>\n<meta name=\"twitter:card\" content=\"summary_large_image\" \/>\n<meta name=\"twitter:label1\" content=\"Prix\" \/>\n\t<meta name=\"twitter:data1\" content=\"97,44&euro;\" \/>\n\t<meta name=\"twitter:label2\" content=\"Disponibilit\u00e9\" \/>\n\t<meta name=\"twitter:data2\" content=\"En stock\" \/>\n<script type=\"application\/ld+json\" class=\"yoast-schema-graph\">{\"@context\":\"https:\\\/\\\/schema.org\",\"@graph\":[{\"@type\":\"WebPage\",\"@id\":\"https:\\\/\\\/www.vetorino.com\\\/boutique\\\/product\\\/carbogel-veau\\\/\",\"url\":\"https:\\\/\\\/www.vetorino.com\\\/boutique\\\/product\\\/carbogel-veau\\\/\",\"name\":\"Carbogel Veau Biove - V\u00e9torino\",\"isPartOf\":{\"@id\":\"https:\\\/\\\/www.vetorino.com\\\/boutique\\\/#website\"},\"primaryImageOfPage\":{\"@id\":\"https:\\\/\\\/www.vetorino.com\\\/boutique\\\/product\\\/carbogel-veau\\\/#primaryimage\"},\"image\":{\"@id\":\"https:\\\/\\\/www.vetorino.com\\\/boutique\\\/product\\\/carbogel-veau\\\/#primaryimage\"},\"thumbnailUrl\":\"https:\\\/\\\/www.vetorino.com\\\/boutique\\\/wp-content\\\/uploads\\\/2022\\\/11\\\/6527bbec4139e-Carbogel-15x15ml-box-and-sering-new-FR-6527bbec4149a.png\",\"datePublished\":\"2022-11-17T19:25:10+00:00\",\"dateModified\":\"2025-07-28T08:22:24+00:00\",\"description\":\"Aliment compl\u00e9mentaire \u00e0 utiliser en cas de troubles digestifs chez les veaux, agneaux. Caract\u00e9ristiques : Acc\u00e9l\u00e8re la r\u00e9gulation digestive. Amplifie l'action des tratitements mis en place. R\u00e9pare plus rapidement la muqueuse intestinale.\",\"breadcrumb\":{\"@id\":\"https:\\\/\\\/www.vetorino.com\\\/boutique\\\/product\\\/carbogel-veau\\\/#breadcrumb\"},\"inLanguage\":\"fr-FR\",\"potentialAction\":[{\"@type\":\"ReadAction\",\"target\":[\"https:\\\/\\\/www.vetorino.com\\\/boutique\\\/product\\\/carbogel-veau\\\/\"]}]},{\"@type\":\"ImageObject\",\"inLanguage\":\"fr-FR\",\"@id\":\"https:\\\/\\\/www.vetorino.com\\\/boutique\\\/product\\\/carbogel-veau\\\/#primaryimage\",\"url\":\"https:\\\/\\\/www.vetorino.com\\\/boutique\\\/wp-content\\\/uploads\\\/2022\\\/11\\\/6527bbec4139e-Carbogel-15x15ml-box-and-sering-new-FR-6527bbec4149a.png\",\"contentUrl\":\"https:\\\/\\\/www.vetorino.com\\\/boutique\\\/wp-content\\\/uploads\\\/2022\\\/11\\\/6527bbec4139e-Carbogel-15x15ml-box-and-sering-new-FR-6527bbec4149a.png\",\"width\":354,\"height\":500},{\"@type\":\"BreadcrumbList\",\"@id\":\"https:\\\/\\\/www.vetorino.com\\\/boutique\\\/product\\\/carbogel-veau\\\/#breadcrumb\",\"itemListElement\":[{\"@type\":\"ListItem\",\"position\":1,\"name\":\"Accueil\",\"item\":\"https:\\\/\\\/www.vetorino.com\\\/boutique\\\/\"},{\"@type\":\"ListItem\",\"position\":2,\"name\":\"Produits\",\"item\":\"https:\\\/\\\/www.vetorino.com\\\/boutique\\\/\"},{\"@type\":\"ListItem\",\"position\":3,\"name\":\"Carbogel Veau\"}]},{\"@type\":\"WebSite\",\"@id\":\"https:\\\/\\\/www.vetorino.com\\\/boutique\\\/#website\",\"url\":\"https:\\\/\\\/www.vetorino.com\\\/boutique\\\/\",\"name\":\"V\u00e9torino\",\"description\":\"\",\"publisher\":{\"@id\":\"https:\\\/\\\/www.vetorino.com\\\/boutique\\\/#organization\"},\"potentialAction\":[{\"@type\":\"SearchAction\",\"target\":{\"@type\":\"EntryPoint\",\"urlTemplate\":\"https:\\\/\\\/www.vetorino.com\\\/boutique\\\/?s={search_term_string}\"},\"query-input\":{\"@type\":\"PropertyValueSpecification\",\"valueRequired\":true,\"valueName\":\"search_term_string\"}}],\"inLanguage\":\"fr-FR\"},{\"@type\":\"Organization\",\"@id\":\"https:\\\/\\\/www.vetorino.com\\\/boutique\\\/#organization\",\"name\":\"V\u00e9torino\",\"url\":\"https:\\\/\\\/www.vetorino.com\\\/boutique\\\/\",\"logo\":{\"@type\":\"ImageObject\",\"inLanguage\":\"fr-FR\",\"@id\":\"https:\\\/\\\/www.vetorino.com\\\/boutique\\\/#\\\/schema\\\/logo\\\/image\\\/\",\"url\":\"https:\\\/\\\/www.vetorino.com\\\/boutique\\\/wp-content\\\/uploads\\\/2024\\\/10\\\/logo.jpg\",\"contentUrl\":\"https:\\\/\\\/www.vetorino.com\\\/boutique\\\/wp-content\\\/uploads\\\/2024\\\/10\\\/logo.jpg\",\"width\":1200,\"height\":610,\"caption\":\"V\u00e9torino\"},\"image\":{\"@id\":\"https:\\\/\\\/www.vetorino.com\\\/boutique\\\/#\\\/schema\\\/logo\\\/image\\\/\"},\"sameAs\":[\"https:\\\/\\\/www.facebook.com\\\/Vetorino\\\/\",\"https:\\\/\\\/www.instagram.com\\\/vetorino_off\\\/\",\"https:\\\/\\\/www.linkedin.com\\\/company\\\/vtorino\\\/\"]}]}<\/script>\n<meta property=\"product:brand\" content=\"Biove\" \/>\n<meta property=\"product:price:amount\" content=\"97.44\" \/>\n<meta property=\"product:price:currency\" content=\"EUR\" \/>\n<meta property=\"og:availability\" content=\"instock\" \/>\n<meta property=\"product:availability\" content=\"instock\" \/>\n<meta property=\"product:retailer_item_id\" content=\"A-9701069\" \/>\n<meta property=\"product:condition\" content=\"new\" \/>\n<!-- \/ Yoast SEO plugin. -->","yoast_head_json":{"title":"Carbogel Veau Biove - V\u00e9torino","description":"Aliment compl\u00e9mentaire \u00e0 utiliser en cas de troubles digestifs chez les veaux, agneaux.   Caract\u00e9ristiques :    Acc\u00e9l\u00e8re la r\u00e9gulation digestive.  Amplifie l'action des tratitements mis en place.  R\u00e9pare plus rapidement la muqueuse intestinale.","robots":{"index":"noindex","follow":"nofollow"},"og_locale":"fr_FR","og_type":"article","og_title":"Carbogel Veau Biove - V\u00e9torino","og_description":"Aliment compl\u00e9mentaire \u00e0 utiliser en cas de troubles digestifs chez les veaux, agneaux.   Caract\u00e9ristiques :    Acc\u00e9l\u00e8re la r\u00e9gulation digestive.  Amplifie l'action des tratitements mis en place.  R\u00e9pare plus rapidement la muqueuse intestinale.","og_url":"https:\/\/www.vetorino.com\/veterinaire\/ustaritz-64480\/boutique\/product\/carbogel-veau\/","og_site_name":"V\u00e9torino","article_publisher":"https:\/\/www.facebook.com\/Vetorino\/","article_modified_time":"2025-07-28T08:22:24+00:00","og_image":[{"width":354,"height":500,"url":"https:\/\/www.vetorino.com\/boutique\/wp-content\/uploads\/2022\/11\/6527bbec4139e-Carbogel-15x15ml-box-and-sering-new-FR-6527bbec4149a.png","type":"image\/png"}],"twitter_card":"summary_large_image","twitter_misc":{"Prix":"97,44&euro;","Disponibilit\u00e9":"En stock"},"schema":{"@context":"https:\/\/schema.org","@graph":[{"@type":"WebPage","@id":"https:\/\/www.vetorino.com\/boutique\/product\/carbogel-veau\/","url":"https:\/\/www.vetorino.com\/boutique\/product\/carbogel-veau\/","name":"Carbogel Veau Biove - V\u00e9torino","isPartOf":{"@id":"https:\/\/www.vetorino.com\/boutique\/#website"},"primaryImageOfPage":{"@id":"https:\/\/www.vetorino.com\/boutique\/product\/carbogel-veau\/#primaryimage"},"image":{"@id":"https:\/\/www.vetorino.com\/boutique\/product\/carbogel-veau\/#primaryimage"},"thumbnailUrl":"https:\/\/www.vetorino.com\/boutique\/wp-content\/uploads\/2022\/11\/6527bbec4139e-Carbogel-15x15ml-box-and-sering-new-FR-6527bbec4149a.png","datePublished":"2022-11-17T19:25:10+00:00","dateModified":"2025-07-28T08:22:24+00:00","description":"Aliment compl\u00e9mentaire \u00e0 utiliser en cas de troubles digestifs chez les veaux, agneaux. Caract\u00e9ristiques : Acc\u00e9l\u00e8re la r\u00e9gulation digestive. Amplifie l'action des tratitements mis en place. R\u00e9pare plus rapidement la muqueuse intestinale.","breadcrumb":{"@id":"https:\/\/www.vetorino.com\/boutique\/product\/carbogel-veau\/#breadcrumb"},"inLanguage":"fr-FR","potentialAction":[{"@type":"ReadAction","target":["https:\/\/www.vetorino.com\/boutique\/product\/carbogel-veau\/"]}]},{"@type":"ImageObject","inLanguage":"fr-FR","@id":"https:\/\/www.vetorino.com\/boutique\/product\/carbogel-veau\/#primaryimage","url":"https:\/\/www.vetorino.com\/boutique\/wp-content\/uploads\/2022\/11\/6527bbec4139e-Carbogel-15x15ml-box-and-sering-new-FR-6527bbec4149a.png","contentUrl":"https:\/\/www.vetorino.com\/boutique\/wp-content\/uploads\/2022\/11\/6527bbec4139e-Carbogel-15x15ml-box-and-sering-new-FR-6527bbec4149a.png","width":354,"height":500},{"@type":"BreadcrumbList","@id":"https:\/\/www.vetorino.com\/boutique\/product\/carbogel-veau\/#breadcrumb","itemListElement":[{"@type":"ListItem","position":1,"name":"Accueil","item":"https:\/\/www.vetorino.com\/boutique\/"},{"@type":"ListItem","position":2,"name":"Produits","item":"https:\/\/www.vetorino.com\/boutique\/"},{"@type":"ListItem","position":3,"name":"Carbogel Veau"}]},{"@type":"WebSite","@id":"https:\/\/www.vetorino.com\/boutique\/#website","url":"https:\/\/www.vetorino.com\/boutique\/","name":"V\u00e9torino","description":"","publisher":{"@id":"https:\/\/www.vetorino.com\/boutique\/#organization"},"potentialAction":[{"@type":"SearchAction","target":{"@type":"EntryPoint","urlTemplate":"https:\/\/www.vetorino.com\/boutique\/?s={search_term_string}"},"query-input":{"@type":"PropertyValueSpecification","valueRequired":true,"valueName":"search_term_string"}}],"inLanguage":"fr-FR"},{"@type":"Organization","@id":"https:\/\/www.vetorino.com\/boutique\/#organization","name":"V\u00e9torino","url":"https:\/\/www.vetorino.com\/boutique\/","logo":{"@type":"ImageObject","inLanguage":"fr-FR","@id":"https:\/\/www.vetorino.com\/boutique\/#\/schema\/logo\/image\/","url":"https:\/\/www.vetorino.com\/boutique\/wp-content\/uploads\/2024\/10\/logo.jpg","contentUrl":"https:\/\/www.vetorino.com\/boutique\/wp-content\/uploads\/2024\/10\/logo.jpg","width":1200,"height":610,"caption":"V\u00e9torino"},"image":{"@id":"https:\/\/www.vetorino.com\/boutique\/#\/schema\/logo\/image\/"},"sameAs":["https:\/\/www.facebook.com\/Vetorino\/","https:\/\/www.instagram.com\/vetorino_off\/","https:\/\/www.linkedin.com\/company\/vtorino\/"]}]},"product_brand":"Biove","product_price_amount":"97.44","product_price_currency":"EUR","og_availability":"instock","product_availability":"instock","product_retailer_item_id":"A-9701069","product_condition":"new"},"_links":{"self":[{"href":"https:\/\/www.vetorino.com\/veterinaire\/ustaritz-64480\/boutique\/wp-json\/wp\/v2\/product\/507421","targetHints":{"allow":["GET"]}}],"collection":[{"href":"https:\/\/www.vetorino.com\/veterinaire\/ustaritz-64480\/boutique\/wp-json\/wp\/v2\/product"}],"about":[{"href":"https:\/\/www.vetorino.com\/veterinaire\/ustaritz-64480\/boutique\/wp-json\/wp\/v2\/types\/product"}],"wp:featuredmedia":[{"embeddable":true,"href":"https:\/\/www.vetorino.com\/veterinaire\/ustaritz-64480\/boutique\/wp-json\/wp\/v2\/media\/1426521"}],"wp:attachment":[{"href":"https:\/\/www.vetorino.com\/veterinaire\/ustaritz-64480\/boutique\/wp-json\/wp\/v2\/media?parent=507421"}],"wp:term":[{"taxonomy":"product_cat","embeddable":true,"href":"https:\/\/www.vetorino.com\/veterinaire\/ustaritz-64480\/boutique\/wp-json\/wp\/v2\/product_cat?post=507421"},{"taxonomy":"product_tag","embeddable":true,"href":"https:\/\/www.vetorino.com\/veterinaire\/ustaritz-64480\/boutique\/wp-json\/wp\/v2\/product_tag?post=507421"}],"curies":[{"name":"wp","href":"https:\/\/api.w.org\/{rel}","templated":true}]}}