{"id":507550,"date":"2022-11-17T20:29:11","date_gmt":"2022-11-17T19:29:11","guid":{"rendered":"https:\/\/www.vetorino.com\/boutique\/product\/obipedi-3\/"},"modified":"2025-07-21T14:56:51","modified_gmt":"2025-07-21T12:56:51","slug":"obipedi-3","status":"publish","type":"product","link":"https:\/\/www.vetorino.com\/veterinaire\/ustaritz-64480\/boutique\/product\/obipedi-3\/","title":{"rendered":"Obipedi"},"content":{"rendered":"<div class=\"elementor-element elementor-element-1c54b2a elementor-widget elementor-widget-heading\" data-id=\"1c54b2a\" data-element_type=\"widget\" data-widget_type=\"heading.default\">\n<div class=\"elementor-widget-container\">Obip\u00e9di est un <strong>bolus pour vache<\/strong> compos\u00e9 de sorbitol, zinc, biotine, ortie et pr\u00eale, conseill\u00e9 <strong>lors de boiteries et de l\u00e9sions du pied<\/strong> de la vache.<\/div>\n<\/div>\n<div class=\"elementor-element elementor-element-8885996 elementor-widget elementor-widget-theme-post-content animated fadeInDown\" data-id=\"8885996\" data-element_type=\"widget\" data-settings=\"{&quot;_animation&quot;:&quot;fadeInDown&quot;}\" data-widget_type=\"theme-post-content.default\">\n<div class=\"elementor-widget-container\">\n<p>Il viendra compl\u00e9ter les mesures environnementales <strong>pour pr\u00e9server les sabots d\u2019une trop grande humidit\u00e9<\/strong>, des <strong>l\u00e9sions de la corne<\/strong> et des <strong>traitements sp\u00e9cifiques<\/strong> de la pathologie du pied.<\/p>\n<p>Obip\u00e9di est\u00a0<strong>riche en Biotine : 1 800 mg par bolus, sa formulation est compl\u00e9t\u00e9e par du \u00a0Sorbitol,\u00a0<\/strong><strong>\u00a0du Zinc qui est un nutriment indispensable<\/strong>\u00a0\u00e0 la qualit\u00e9 de la k\u00e9ratine constituant principal des sabots ; et par\u00a0<strong>l\u2019Ortie et la Pr\u00eale.<\/strong><\/p>\n<p><strong>Avant utilisation, il est recommand\u00e9 de consulter un v\u00e9t\u00e9rinaire.<\/strong><\/p>\n<\/div>\n<\/div>\n","protected":false},"excerpt":{"rendered":"<div class=\"elementor-element elementor-element-1c54b2a elementor-widget elementor-widget-heading\" data-id=\"1c54b2a\" data-element_type=\"widget\" data-widget_type=\"heading.default\">\n<div class=\"elementor-widget-container\">Obip\u00e9di est un <strong>bolus pour vache<\/strong> compos\u00e9 de sorbitol, zinc, biotine, ortie et pr\u00eale, conseill\u00e9 <strong>lors de boiteries et de l\u00e9sions du pied<\/strong> de la vache.<\/div>\n<\/div>\n<div class=\"elementor-element elementor-element-8885996 elementor-widget elementor-widget-theme-post-content animated fadeInDown\" data-id=\"8885996\" data-element_type=\"widget\" data-settings=\"{&quot;_animation&quot;:&quot;fadeInDown&quot;}\" data-widget_type=\"theme-post-content.default\">\n<div class=\"elementor-widget-container\">\n<p>Il viendra compl\u00e9ter les mesures environnementales <strong>pour pr\u00e9server les sabots d\u2019une trop grande humidit\u00e9<\/strong>, des <strong>l\u00e9sions de la corne<\/strong> et des <strong>traitements sp\u00e9cifiques<\/strong> de la pathologie du pied.<\/p>\n<p>Obip\u00e9di est\u00a0<strong>riche en Biotine : 1 800 mg par bolus, sa formulation est compl\u00e9t\u00e9e par du \u00a0Sorbitol,\u00a0<\/strong><strong>\u00a0du Zinc qui est un nutriment indispensable<\/strong>\u00a0\u00e0 la qualit\u00e9 de la k\u00e9ratine constituant principal des sabots ; et par\u00a0<strong>l\u2019Ortie et la Pr\u00eale.<\/strong><\/p>\n<p>&nbsp;<\/p>\n<\/div>\n<\/div>\n","protected":false},"featured_media":809300,"template":"","meta":[],"product_cat":[6864,6870],"product_tag":[],"class_list":{"0":"post-507550","1":"product","2":"type-product","3":"status-publish","4":"has-post-thumbnail","6":"product_cat-animaux-delevage","7":"product_cat-bovins","8":"pa_marque-nutri-science","10":"first","11":"outofstock","12":"taxable","13":"shipping-taxable","14":"purchasable","15":"product-type-simple"},"yoast_head":"<!-- This site is optimized with the Yoast SEO plugin v27.3 - https:\/\/yoast.com\/product\/yoast-seo-wordpress\/ -->\n<title>Obipedi Obione - V\u00e9torino<\/title>\n<meta name=\"description\" content=\"Obip\u00e9di est un bolus pour vache compos\u00e9 de sorbitol, zinc, biotine, ortie et pr\u00eale, conseill\u00e9 lors de boiteries et de l\u00e9sions du pied de la vache.     Il viendra compl\u00e9ter les mesures environnementales pour pr\u00e9server les sabots d\u2019une trop grande humidit\u00e9, des l\u00e9sions de la corne et des traitements sp\u00e9cifiques de la pathologie du pied.  Obip\u00e9di est\u00a0riche en Biotine : 1 800 mg par bolus, sa formulation est compl\u00e9t\u00e9e par du \u00a0Sorbitol,\u00a0\u00a0du Zinc qui est un nutriment indispensable\u00a0\u00e0 la qualit\u00e9 de la k\u00e9ratine constituant principal des sabots ; et par\u00a0l\u2019Ortie et la Pr\u00eale.  &nbsp;\" \/>\n<meta name=\"robots\" content=\"noindex, nofollow\" \/>\n<meta property=\"og:locale\" content=\"fr_FR\" \/>\n<meta property=\"og:type\" content=\"article\" \/>\n<meta property=\"og:title\" content=\"Obipedi Obione - V\u00e9torino\" \/>\n<meta property=\"og:description\" content=\"Obip\u00e9di est un bolus pour vache compos\u00e9 de sorbitol, zinc, biotine, ortie et pr\u00eale, conseill\u00e9 lors de boiteries et de l\u00e9sions du pied de la vache.     Il viendra compl\u00e9ter les mesures environnementales pour pr\u00e9server les sabots d\u2019une trop grande humidit\u00e9, des l\u00e9sions de la corne et des traitements sp\u00e9cifiques de la pathologie du pied.  Obip\u00e9di est\u00a0riche en Biotine : 1 800 mg par bolus, sa formulation est compl\u00e9t\u00e9e par du \u00a0Sorbitol,\u00a0\u00a0du Zinc qui est un nutriment indispensable\u00a0\u00e0 la qualit\u00e9 de la k\u00e9ratine constituant principal des sabots ; et par\u00a0l\u2019Ortie et la Pr\u00eale.  &nbsp;\" \/>\n<meta property=\"og:url\" content=\"https:\/\/www.vetorino.com\/veterinaire\/ustaritz-64480\/boutique\/product\/obipedi-3\/\" \/>\n<meta property=\"og:site_name\" content=\"V\u00e9torino\" \/>\n<meta property=\"article:publisher\" content=\"https:\/\/www.facebook.com\/Vetorino\/\" \/>\n<meta property=\"article:modified_time\" content=\"2025-07-21T12:56:51+00:00\" \/>\n<meta property=\"og:image\" content=\"https:\/\/www.vetorino.com\/boutique\/wp-content\/uploads\/2022\/11\/obipedi.png\" \/>\n\t<meta property=\"og:image:width\" content=\"3008\" \/>\n\t<meta property=\"og:image:height\" content=\"2000\" \/>\n\t<meta property=\"og:image:type\" content=\"image\/png\" \/>\n<meta name=\"twitter:card\" content=\"summary_large_image\" \/>\n<meta name=\"twitter:label1\" content=\"Prix\" \/>\n\t<meta name=\"twitter:data1\" content=\"179,65&euro;\" \/>\n\t<meta name=\"twitter:label2\" content=\"Disponibilit\u00e9\" \/>\n\t<meta name=\"twitter:data2\" content=\"Rupture de stock\" \/>\n<script type=\"application\/ld+json\" class=\"yoast-schema-graph\">{\"@context\":\"https:\\\/\\\/schema.org\",\"@graph\":[{\"@type\":\"WebPage\",\"@id\":\"https:\\\/\\\/www.vetorino.com\\\/boutique\\\/product\\\/obipedi-3\\\/\",\"url\":\"https:\\\/\\\/www.vetorino.com\\\/boutique\\\/product\\\/obipedi-3\\\/\",\"name\":\"Obipedi Obione - V\u00e9torino\",\"isPartOf\":{\"@id\":\"https:\\\/\\\/www.vetorino.com\\\/boutique\\\/#website\"},\"primaryImageOfPage\":{\"@id\":\"https:\\\/\\\/www.vetorino.com\\\/boutique\\\/product\\\/obipedi-3\\\/#primaryimage\"},\"image\":{\"@id\":\"https:\\\/\\\/www.vetorino.com\\\/boutique\\\/product\\\/obipedi-3\\\/#primaryimage\"},\"thumbnailUrl\":\"https:\\\/\\\/www.vetorino.com\\\/boutique\\\/wp-content\\\/uploads\\\/2022\\\/11\\\/obipedi.png\",\"datePublished\":\"2022-11-17T19:29:11+00:00\",\"dateModified\":\"2025-07-21T12:56:51+00:00\",\"description\":\"Obip\u00e9di est un bolus pour vache compos\u00e9 de sorbitol, zinc, biotine, ortie et pr\u00eale, conseill\u00e9 lors de boiteries et de l\u00e9sions du pied de la vache. Il viendra compl\u00e9ter les mesures environnementales pour pr\u00e9server les sabots d\u2019une trop grande humidit\u00e9, des l\u00e9sions de la corne et des traitements sp\u00e9cifiques de la pathologie du pied. Obip\u00e9di est\u00a0riche en Biotine : 1 800 mg par bolus, sa formulation est compl\u00e9t\u00e9e par du \u00a0Sorbitol,\u00a0\u00a0du Zinc qui est un nutriment indispensable\u00a0\u00e0 la qualit\u00e9 de la k\u00e9ratine constituant principal des sabots ; et par\u00a0l\u2019Ortie et la Pr\u00eale. &nbsp;\",\"breadcrumb\":{\"@id\":\"https:\\\/\\\/www.vetorino.com\\\/boutique\\\/product\\\/obipedi-3\\\/#breadcrumb\"},\"inLanguage\":\"fr-FR\",\"potentialAction\":[{\"@type\":\"ReadAction\",\"target\":[\"https:\\\/\\\/www.vetorino.com\\\/boutique\\\/product\\\/obipedi-3\\\/\"]}]},{\"@type\":\"ImageObject\",\"inLanguage\":\"fr-FR\",\"@id\":\"https:\\\/\\\/www.vetorino.com\\\/boutique\\\/product\\\/obipedi-3\\\/#primaryimage\",\"url\":\"https:\\\/\\\/www.vetorino.com\\\/boutique\\\/wp-content\\\/uploads\\\/2022\\\/11\\\/obipedi.png\",\"contentUrl\":\"https:\\\/\\\/www.vetorino.com\\\/boutique\\\/wp-content\\\/uploads\\\/2022\\\/11\\\/obipedi.png\",\"width\":3008,\"height\":2000},{\"@type\":\"BreadcrumbList\",\"@id\":\"https:\\\/\\\/www.vetorino.com\\\/boutique\\\/product\\\/obipedi-3\\\/#breadcrumb\",\"itemListElement\":[{\"@type\":\"ListItem\",\"position\":1,\"name\":\"Accueil\",\"item\":\"https:\\\/\\\/www.vetorino.com\\\/boutique\\\/\"},{\"@type\":\"ListItem\",\"position\":2,\"name\":\"Produits\",\"item\":\"https:\\\/\\\/www.vetorino.com\\\/boutique\\\/\"},{\"@type\":\"ListItem\",\"position\":3,\"name\":\"Obipedi\"}]},{\"@type\":\"WebSite\",\"@id\":\"https:\\\/\\\/www.vetorino.com\\\/boutique\\\/#website\",\"url\":\"https:\\\/\\\/www.vetorino.com\\\/boutique\\\/\",\"name\":\"V\u00e9torino\",\"description\":\"\",\"publisher\":{\"@id\":\"https:\\\/\\\/www.vetorino.com\\\/boutique\\\/#organization\"},\"potentialAction\":[{\"@type\":\"SearchAction\",\"target\":{\"@type\":\"EntryPoint\",\"urlTemplate\":\"https:\\\/\\\/www.vetorino.com\\\/boutique\\\/?s={search_term_string}\"},\"query-input\":{\"@type\":\"PropertyValueSpecification\",\"valueRequired\":true,\"valueName\":\"search_term_string\"}}],\"inLanguage\":\"fr-FR\"},{\"@type\":\"Organization\",\"@id\":\"https:\\\/\\\/www.vetorino.com\\\/boutique\\\/#organization\",\"name\":\"V\u00e9torino\",\"url\":\"https:\\\/\\\/www.vetorino.com\\\/boutique\\\/\",\"logo\":{\"@type\":\"ImageObject\",\"inLanguage\":\"fr-FR\",\"@id\":\"https:\\\/\\\/www.vetorino.com\\\/boutique\\\/#\\\/schema\\\/logo\\\/image\\\/\",\"url\":\"https:\\\/\\\/www.vetorino.com\\\/boutique\\\/wp-content\\\/uploads\\\/2024\\\/10\\\/logo.jpg\",\"contentUrl\":\"https:\\\/\\\/www.vetorino.com\\\/boutique\\\/wp-content\\\/uploads\\\/2024\\\/10\\\/logo.jpg\",\"width\":1200,\"height\":610,\"caption\":\"V\u00e9torino\"},\"image\":{\"@id\":\"https:\\\/\\\/www.vetorino.com\\\/boutique\\\/#\\\/schema\\\/logo\\\/image\\\/\"},\"sameAs\":[\"https:\\\/\\\/www.facebook.com\\\/Vetorino\\\/\",\"https:\\\/\\\/www.instagram.com\\\/vetorino_off\\\/\",\"https:\\\/\\\/www.linkedin.com\\\/company\\\/vtorino\\\/\"]}]}<\/script>\n<meta property=\"product:brand\" content=\"Obione\" \/>\n<meta property=\"product:price:amount\" content=\"179.65\" \/>\n<meta property=\"product:price:currency\" content=\"EUR\" \/>\n<meta property=\"og:availability\" content=\"out of stock\" \/>\n<meta property=\"product:availability\" content=\"out of stock\" \/>\n<meta property=\"product:retailer_item_id\" content=\"A-8130860\" \/>\n<meta property=\"product:condition\" content=\"new\" \/>\n<!-- \/ Yoast SEO plugin. -->","yoast_head_json":{"title":"Obipedi Obione - V\u00e9torino","description":"Obip\u00e9di est un bolus pour vache compos\u00e9 de sorbitol, zinc, biotine, ortie et pr\u00eale, conseill\u00e9 lors de boiteries et de l\u00e9sions du pied de la vache.     Il viendra compl\u00e9ter les mesures environnementales pour pr\u00e9server les sabots d\u2019une trop grande humidit\u00e9, des l\u00e9sions de la corne et des traitements sp\u00e9cifiques de la pathologie du pied.  Obip\u00e9di est\u00a0riche en Biotine : 1 800 mg par bolus, sa formulation est compl\u00e9t\u00e9e par du \u00a0Sorbitol,\u00a0\u00a0du Zinc qui est un nutriment indispensable\u00a0\u00e0 la qualit\u00e9 de la k\u00e9ratine constituant principal des sabots ; et par\u00a0l\u2019Ortie et la Pr\u00eale.  &nbsp;","robots":{"index":"noindex","follow":"nofollow"},"og_locale":"fr_FR","og_type":"article","og_title":"Obipedi Obione - V\u00e9torino","og_description":"Obip\u00e9di est un bolus pour vache compos\u00e9 de sorbitol, zinc, biotine, ortie et pr\u00eale, conseill\u00e9 lors de boiteries et de l\u00e9sions du pied de la vache.     Il viendra compl\u00e9ter les mesures environnementales pour pr\u00e9server les sabots d\u2019une trop grande humidit\u00e9, des l\u00e9sions de la corne et des traitements sp\u00e9cifiques de la pathologie du pied.  Obip\u00e9di est\u00a0riche en Biotine : 1 800 mg par bolus, sa formulation est compl\u00e9t\u00e9e par du \u00a0Sorbitol,\u00a0\u00a0du Zinc qui est un nutriment indispensable\u00a0\u00e0 la qualit\u00e9 de la k\u00e9ratine constituant principal des sabots ; et par\u00a0l\u2019Ortie et la Pr\u00eale.  &nbsp;","og_url":"https:\/\/www.vetorino.com\/veterinaire\/ustaritz-64480\/boutique\/product\/obipedi-3\/","og_site_name":"V\u00e9torino","article_publisher":"https:\/\/www.facebook.com\/Vetorino\/","article_modified_time":"2025-07-21T12:56:51+00:00","og_image":[{"width":3008,"height":2000,"url":"https:\/\/www.vetorino.com\/boutique\/wp-content\/uploads\/2022\/11\/obipedi.png","type":"image\/png"}],"twitter_card":"summary_large_image","twitter_misc":{"Prix":"179,65&euro;","Disponibilit\u00e9":"Rupture de stock"},"schema":{"@context":"https:\/\/schema.org","@graph":[{"@type":"WebPage","@id":"https:\/\/www.vetorino.com\/boutique\/product\/obipedi-3\/","url":"https:\/\/www.vetorino.com\/boutique\/product\/obipedi-3\/","name":"Obipedi Obione - V\u00e9torino","isPartOf":{"@id":"https:\/\/www.vetorino.com\/boutique\/#website"},"primaryImageOfPage":{"@id":"https:\/\/www.vetorino.com\/boutique\/product\/obipedi-3\/#primaryimage"},"image":{"@id":"https:\/\/www.vetorino.com\/boutique\/product\/obipedi-3\/#primaryimage"},"thumbnailUrl":"https:\/\/www.vetorino.com\/boutique\/wp-content\/uploads\/2022\/11\/obipedi.png","datePublished":"2022-11-17T19:29:11+00:00","dateModified":"2025-07-21T12:56:51+00:00","description":"Obip\u00e9di est un bolus pour vache compos\u00e9 de sorbitol, zinc, biotine, ortie et pr\u00eale, conseill\u00e9 lors de boiteries et de l\u00e9sions du pied de la vache. Il viendra compl\u00e9ter les mesures environnementales pour pr\u00e9server les sabots d\u2019une trop grande humidit\u00e9, des l\u00e9sions de la corne et des traitements sp\u00e9cifiques de la pathologie du pied. Obip\u00e9di est\u00a0riche en Biotine : 1 800 mg par bolus, sa formulation est compl\u00e9t\u00e9e par du \u00a0Sorbitol,\u00a0\u00a0du Zinc qui est un nutriment indispensable\u00a0\u00e0 la qualit\u00e9 de la k\u00e9ratine constituant principal des sabots ; et par\u00a0l\u2019Ortie et la Pr\u00eale. &nbsp;","breadcrumb":{"@id":"https:\/\/www.vetorino.com\/boutique\/product\/obipedi-3\/#breadcrumb"},"inLanguage":"fr-FR","potentialAction":[{"@type":"ReadAction","target":["https:\/\/www.vetorino.com\/boutique\/product\/obipedi-3\/"]}]},{"@type":"ImageObject","inLanguage":"fr-FR","@id":"https:\/\/www.vetorino.com\/boutique\/product\/obipedi-3\/#primaryimage","url":"https:\/\/www.vetorino.com\/boutique\/wp-content\/uploads\/2022\/11\/obipedi.png","contentUrl":"https:\/\/www.vetorino.com\/boutique\/wp-content\/uploads\/2022\/11\/obipedi.png","width":3008,"height":2000},{"@type":"BreadcrumbList","@id":"https:\/\/www.vetorino.com\/boutique\/product\/obipedi-3\/#breadcrumb","itemListElement":[{"@type":"ListItem","position":1,"name":"Accueil","item":"https:\/\/www.vetorino.com\/boutique\/"},{"@type":"ListItem","position":2,"name":"Produits","item":"https:\/\/www.vetorino.com\/boutique\/"},{"@type":"ListItem","position":3,"name":"Obipedi"}]},{"@type":"WebSite","@id":"https:\/\/www.vetorino.com\/boutique\/#website","url":"https:\/\/www.vetorino.com\/boutique\/","name":"V\u00e9torino","description":"","publisher":{"@id":"https:\/\/www.vetorino.com\/boutique\/#organization"},"potentialAction":[{"@type":"SearchAction","target":{"@type":"EntryPoint","urlTemplate":"https:\/\/www.vetorino.com\/boutique\/?s={search_term_string}"},"query-input":{"@type":"PropertyValueSpecification","valueRequired":true,"valueName":"search_term_string"}}],"inLanguage":"fr-FR"},{"@type":"Organization","@id":"https:\/\/www.vetorino.com\/boutique\/#organization","name":"V\u00e9torino","url":"https:\/\/www.vetorino.com\/boutique\/","logo":{"@type":"ImageObject","inLanguage":"fr-FR","@id":"https:\/\/www.vetorino.com\/boutique\/#\/schema\/logo\/image\/","url":"https:\/\/www.vetorino.com\/boutique\/wp-content\/uploads\/2024\/10\/logo.jpg","contentUrl":"https:\/\/www.vetorino.com\/boutique\/wp-content\/uploads\/2024\/10\/logo.jpg","width":1200,"height":610,"caption":"V\u00e9torino"},"image":{"@id":"https:\/\/www.vetorino.com\/boutique\/#\/schema\/logo\/image\/"},"sameAs":["https:\/\/www.facebook.com\/Vetorino\/","https:\/\/www.instagram.com\/vetorino_off\/","https:\/\/www.linkedin.com\/company\/vtorino\/"]}]},"product_brand":"Obione","product_price_amount":"179.65","product_price_currency":"EUR","og_availability":"out of stock","product_availability":"out of stock","product_retailer_item_id":"A-8130860","product_condition":"new"},"_links":{"self":[{"href":"https:\/\/www.vetorino.com\/veterinaire\/ustaritz-64480\/boutique\/wp-json\/wp\/v2\/product\/507550","targetHints":{"allow":["GET"]}}],"collection":[{"href":"https:\/\/www.vetorino.com\/veterinaire\/ustaritz-64480\/boutique\/wp-json\/wp\/v2\/product"}],"about":[{"href":"https:\/\/www.vetorino.com\/veterinaire\/ustaritz-64480\/boutique\/wp-json\/wp\/v2\/types\/product"}],"wp:featuredmedia":[{"embeddable":true,"href":"https:\/\/www.vetorino.com\/veterinaire\/ustaritz-64480\/boutique\/wp-json\/wp\/v2\/media\/809300"}],"wp:attachment":[{"href":"https:\/\/www.vetorino.com\/veterinaire\/ustaritz-64480\/boutique\/wp-json\/wp\/v2\/media?parent=507550"}],"wp:term":[{"taxonomy":"product_cat","embeddable":true,"href":"https:\/\/www.vetorino.com\/veterinaire\/ustaritz-64480\/boutique\/wp-json\/wp\/v2\/product_cat?post=507550"},{"taxonomy":"product_tag","embeddable":true,"href":"https:\/\/www.vetorino.com\/veterinaire\/ustaritz-64480\/boutique\/wp-json\/wp\/v2\/product_tag?post=507550"}],"curies":[{"name":"wp","href":"https:\/\/api.w.org\/{rel}","templated":true}]}}