{"id":507632,"date":"2022-11-17T20:32:12","date_gmt":"2022-11-17T19:32:12","guid":{"rendered":"https:\/\/www.vetorino.com\/boutique\/product\/vitaforce\/"},"modified":"2025-05-15T16:58:30","modified_gmt":"2025-05-15T14:58:30","slug":"vitaforce","status":"publish","type":"product","link":"https:\/\/www.vetorino.com\/veterinaire\/ustaritz-64480\/boutique\/product\/vitaforce\/","title":{"rendered":"Vitaforce"},"content":{"rendered":"<div id=\"description-short-section\" class=\"lg:mb-8\">\n<div class=\"product-section-content hidden lg:block\">\n<p>Vitaforce est un <strong>apport complet en vitamines et oligo-\u00e9l\u00e9ments<\/strong> afin d&#8217;<strong>optimiser les performances d&#8217;\u00e9levage.<\/strong><\/p>\n<p>Les indications sont multiples : phases critiques de <strong>croissance<\/strong>, pr\u00e9paration a l&#8217;oestrus et \u00e0 la <strong>reproduction<\/strong>, phases de <strong>production intensive<\/strong>, <strong>carences<\/strong>, optimisation <strong>sevrage<\/strong> etc.<\/p>\n<p>Il est \u00e9galement recommand\u00e9 en p\u00e9riode de d\u00e9marrage des<strong> jeunes,<\/strong> de<strong> reproduction<\/strong> (saillie, ins\u00e9mination), de productions intensives (ponte, lactation) et d&#8217;<strong>engraissement.<\/strong><\/p>\n<\/div>\n<\/div>\n<div id=\"description-section\" class=\"lg:mb-8\"><\/div>\n","protected":false},"excerpt":{"rendered":"<div id=\"description-short-section\" class=\"lg:mb-8\">\n<div class=\"product-section-content hidden lg:block\">\n<div id=\"description-short-section\" class=\"lg:mb-8\">\n<div class=\"product-section-content hidden lg:block\">\n<p>Vitaforce est un <strong>apport complet en vitamines et oligo-\u00e9l\u00e9ments<\/strong> afin d&#8217;<strong>optimiser les performances d&#8217;\u00e9levage.<\/strong><\/p>\n<p>Les indications sont multiples : phases critiques de <strong>croissance<\/strong>, pr\u00e9paration a l&#8217;oestrus et \u00e0 la <strong>reproduction<\/strong>, phases de <strong>production intensive<\/strong>, <strong>carences<\/strong>, optimisation<strong> sevrage<\/strong> etc.<\/p>\n<p>Il est \u00e9galement recommand\u00e9 en p\u00e9riode de d\u00e9marrage des <strong>jeunes,<\/strong> de <strong>reproduction<\/strong> (saillie, ins\u00e9mination), de productions intensives (ponte, lactation) et d&#8217;<strong>engraissement<\/strong>.<\/p>\n<\/div>\n<\/div>\n<div id=\"description-section\" class=\"lg:mb-8\"><\/div>\n<\/div>\n<\/div>\n","protected":false},"featured_media":1330461,"template":"","meta":[],"product_cat":[6864,6870,6871,6873,6874],"product_tag":[],"class_list":{"0":"post-507632","1":"product","2":"type-product","3":"status-publish","4":"has-post-thumbnail","6":"product_cat-animaux-delevage","7":"product_cat-bovins","8":"product_cat-caprins","9":"product_cat-ovins","10":"product_cat-porcins","12":"first","13":"instock","14":"taxable","15":"shipping-taxable","16":"purchasable","17":"product-type-variable"},"yoast_head":"<!-- This site is optimized with the Yoast SEO plugin v27.3 - https:\/\/yoast.com\/product\/yoast-seo-wordpress\/ -->\n<title>Vitaforce - V\u00e9torino<\/title>\n<meta name=\"description\" content=\"Vitaforce est un apport complet en vitamines et oligo-\u00e9l\u00e9ments afin d&#039;optimiser les performances d&#039;\u00e9levage.  Les indications sont multiples : phases critiques de croissance, pr\u00e9paration a l&#039;oestrus et \u00e0 la reproduction, phases de production intensive, carences, optimisation sevrage etc.  Il est \u00e9galement recommand\u00e9 en p\u00e9riode de d\u00e9marrage des jeunes, de reproduction (saillie, ins\u00e9mination), de productions intensives (ponte, lactation) et d&#039;engraissement.\" \/>\n<meta name=\"robots\" content=\"noindex, nofollow\" \/>\n<meta property=\"og:locale\" content=\"fr_FR\" \/>\n<meta property=\"og:type\" content=\"article\" \/>\n<meta property=\"og:title\" content=\"Vitaforce - V\u00e9torino\" \/>\n<meta property=\"og:description\" content=\"Vitaforce est un apport complet en vitamines et oligo-\u00e9l\u00e9ments afin d&#039;optimiser les performances d&#039;\u00e9levage.  Les indications sont multiples : phases critiques de croissance, pr\u00e9paration a l&#039;oestrus et \u00e0 la reproduction, phases de production intensive, carences, optimisation sevrage etc.  Il est \u00e9galement recommand\u00e9 en p\u00e9riode de d\u00e9marrage des jeunes, de reproduction (saillie, ins\u00e9mination), de productions intensives (ponte, lactation) et d&#039;engraissement.\" \/>\n<meta property=\"og:url\" content=\"https:\/\/www.vetorino.com\/veterinaire\/ustaritz-64480\/boutique\/product\/vitaforce\/\" \/>\n<meta property=\"og:site_name\" content=\"V\u00e9torino\" \/>\n<meta property=\"article:publisher\" content=\"https:\/\/www.facebook.com\/Vetorino\/\" \/>\n<meta property=\"article:modified_time\" content=\"2025-05-15T14:58:30+00:00\" \/>\n<meta property=\"og:image\" content=\"https:\/\/www.vetorino.com\/boutique\/wp-content\/uploads\/2022\/11\/vitaforce-1.jpg\" \/>\n\t<meta property=\"og:image:width\" content=\"1000\" \/>\n\t<meta property=\"og:image:height\" content=\"1080\" \/>\n\t<meta property=\"og:image:type\" content=\"image\/jpeg\" \/>\n<meta name=\"twitter:card\" content=\"summary_large_image\" \/>\n<meta name=\"twitter:label1\" content=\"Disponibilit\u00e9\" \/>\n\t<meta name=\"twitter:data1\" content=\"En stock\" \/>\n<script type=\"application\/ld+json\" class=\"yoast-schema-graph\">{\"@context\":\"https:\\\/\\\/schema.org\",\"@graph\":[{\"@type\":\"WebPage\",\"@id\":\"https:\\\/\\\/www.vetorino.com\\\/veterinaire\\\/pontarlier-25300\\\/boutique\\\/product\\\/vitaforce\\\/\",\"url\":\"https:\\\/\\\/www.vetorino.com\\\/veterinaire\\\/pontarlier-25300\\\/boutique\\\/product\\\/vitaforce\\\/\",\"name\":\"Vitaforce - V\u00e9torino\",\"isPartOf\":{\"@id\":\"https:\\\/\\\/www.vetorino.com\\\/boutique\\\/#website\"},\"primaryImageOfPage\":{\"@id\":\"https:\\\/\\\/www.vetorino.com\\\/veterinaire\\\/pontarlier-25300\\\/boutique\\\/product\\\/vitaforce\\\/#primaryimage\"},\"image\":{\"@id\":\"https:\\\/\\\/www.vetorino.com\\\/veterinaire\\\/pontarlier-25300\\\/boutique\\\/product\\\/vitaforce\\\/#primaryimage\"},\"thumbnailUrl\":\"https:\\\/\\\/www.vetorino.com\\\/boutique\\\/wp-content\\\/uploads\\\/2022\\\/11\\\/vitaforce-1.jpg\",\"datePublished\":\"2022-11-17T19:32:12+00:00\",\"dateModified\":\"2025-05-15T14:58:30+00:00\",\"description\":\"Vitaforce est un apport complet en vitamines et oligo-\u00e9l\u00e9ments afin d'optimiser les performances d'\u00e9levage. Les indications sont multiples : phases critiques de croissance, pr\u00e9paration a l'oestrus et \u00e0 la reproduction, phases de production intensive, carences, optimisation sevrage etc. Il est \u00e9galement recommand\u00e9 en p\u00e9riode de d\u00e9marrage des jeunes, de reproduction (saillie, ins\u00e9mination), de productions intensives (ponte, lactation) et d'engraissement.\",\"breadcrumb\":{\"@id\":\"https:\\\/\\\/www.vetorino.com\\\/veterinaire\\\/pontarlier-25300\\\/boutique\\\/product\\\/vitaforce\\\/#breadcrumb\"},\"inLanguage\":\"fr-FR\",\"potentialAction\":[{\"@type\":\"ReadAction\",\"target\":[\"https:\\\/\\\/www.vetorino.com\\\/veterinaire\\\/pontarlier-25300\\\/boutique\\\/product\\\/vitaforce\\\/\"]}]},{\"@type\":\"ImageObject\",\"inLanguage\":\"fr-FR\",\"@id\":\"https:\\\/\\\/www.vetorino.com\\\/veterinaire\\\/pontarlier-25300\\\/boutique\\\/product\\\/vitaforce\\\/#primaryimage\",\"url\":\"https:\\\/\\\/www.vetorino.com\\\/boutique\\\/wp-content\\\/uploads\\\/2022\\\/11\\\/vitaforce-1.jpg\",\"contentUrl\":\"https:\\\/\\\/www.vetorino.com\\\/boutique\\\/wp-content\\\/uploads\\\/2022\\\/11\\\/vitaforce-1.jpg\",\"width\":1000,\"height\":1080},{\"@type\":\"BreadcrumbList\",\"@id\":\"https:\\\/\\\/www.vetorino.com\\\/veterinaire\\\/pontarlier-25300\\\/boutique\\\/product\\\/vitaforce\\\/#breadcrumb\",\"itemListElement\":[{\"@type\":\"ListItem\",\"position\":1,\"name\":\"Accueil\",\"item\":\"https:\\\/\\\/www.vetorino.com\\\/boutique\\\/\"},{\"@type\":\"ListItem\",\"position\":2,\"name\":\"Produits\",\"item\":\"https:\\\/\\\/www.vetorino.com\\\/boutique\\\/\"},{\"@type\":\"ListItem\",\"position\":3,\"name\":\"Vitaforce\"}]},{\"@type\":\"WebSite\",\"@id\":\"https:\\\/\\\/www.vetorino.com\\\/boutique\\\/#website\",\"url\":\"https:\\\/\\\/www.vetorino.com\\\/boutique\\\/\",\"name\":\"V\u00e9torino\",\"description\":\"\",\"publisher\":{\"@id\":\"https:\\\/\\\/www.vetorino.com\\\/boutique\\\/#organization\"},\"potentialAction\":[{\"@type\":\"SearchAction\",\"target\":{\"@type\":\"EntryPoint\",\"urlTemplate\":\"https:\\\/\\\/www.vetorino.com\\\/boutique\\\/?s={search_term_string}\"},\"query-input\":{\"@type\":\"PropertyValueSpecification\",\"valueRequired\":true,\"valueName\":\"search_term_string\"}}],\"inLanguage\":\"fr-FR\"},{\"@type\":\"Organization\",\"@id\":\"https:\\\/\\\/www.vetorino.com\\\/boutique\\\/#organization\",\"name\":\"V\u00e9torino\",\"url\":\"https:\\\/\\\/www.vetorino.com\\\/boutique\\\/\",\"logo\":{\"@type\":\"ImageObject\",\"inLanguage\":\"fr-FR\",\"@id\":\"https:\\\/\\\/www.vetorino.com\\\/boutique\\\/#\\\/schema\\\/logo\\\/image\\\/\",\"url\":\"https:\\\/\\\/www.vetorino.com\\\/boutique\\\/wp-content\\\/uploads\\\/2024\\\/10\\\/logo.jpg\",\"contentUrl\":\"https:\\\/\\\/www.vetorino.com\\\/boutique\\\/wp-content\\\/uploads\\\/2024\\\/10\\\/logo.jpg\",\"width\":1200,\"height\":610,\"caption\":\"V\u00e9torino\"},\"image\":{\"@id\":\"https:\\\/\\\/www.vetorino.com\\\/boutique\\\/#\\\/schema\\\/logo\\\/image\\\/\"},\"sameAs\":[\"https:\\\/\\\/www.facebook.com\\\/Vetorino\\\/\",\"https:\\\/\\\/www.instagram.com\\\/vetorino_off\\\/\",\"https:\\\/\\\/www.linkedin.com\\\/company\\\/vtorino\\\/\"]}]}<\/script>\n<meta property=\"og:availability\" content=\"instock\" \/>\n<meta property=\"product:availability\" content=\"instock\" \/>\n<meta property=\"product:condition\" content=\"new\" \/>\n<!-- \/ Yoast SEO plugin. -->","yoast_head_json":{"title":"Vitaforce - V\u00e9torino","description":"Vitaforce est un apport complet en vitamines et oligo-\u00e9l\u00e9ments afin d'optimiser les performances d'\u00e9levage.  Les indications sont multiples : phases critiques de croissance, pr\u00e9paration a l'oestrus et \u00e0 la reproduction, phases de production intensive, carences, optimisation sevrage etc.  Il est \u00e9galement recommand\u00e9 en p\u00e9riode de d\u00e9marrage des jeunes, de reproduction (saillie, ins\u00e9mination), de productions intensives (ponte, lactation) et d'engraissement.","robots":{"index":"noindex","follow":"nofollow"},"og_locale":"fr_FR","og_type":"article","og_title":"Vitaforce - V\u00e9torino","og_description":"Vitaforce est un apport complet en vitamines et oligo-\u00e9l\u00e9ments afin d'optimiser les performances d'\u00e9levage.  Les indications sont multiples : phases critiques de croissance, pr\u00e9paration a l'oestrus et \u00e0 la reproduction, phases de production intensive, carences, optimisation sevrage etc.  Il est \u00e9galement recommand\u00e9 en p\u00e9riode de d\u00e9marrage des jeunes, de reproduction (saillie, ins\u00e9mination), de productions intensives (ponte, lactation) et d'engraissement.","og_url":"https:\/\/www.vetorino.com\/veterinaire\/ustaritz-64480\/boutique\/product\/vitaforce\/","og_site_name":"V\u00e9torino","article_publisher":"https:\/\/www.facebook.com\/Vetorino\/","article_modified_time":"2025-05-15T14:58:30+00:00","og_image":[{"width":1000,"height":1080,"url":"https:\/\/www.vetorino.com\/boutique\/wp-content\/uploads\/2022\/11\/vitaforce-1.jpg","type":"image\/jpeg"}],"twitter_card":"summary_large_image","twitter_misc":{"Disponibilit\u00e9":"En stock"},"schema":{"@context":"https:\/\/schema.org","@graph":[{"@type":"WebPage","@id":"https:\/\/www.vetorino.com\/veterinaire\/pontarlier-25300\/boutique\/product\/vitaforce\/","url":"https:\/\/www.vetorino.com\/veterinaire\/pontarlier-25300\/boutique\/product\/vitaforce\/","name":"Vitaforce - V\u00e9torino","isPartOf":{"@id":"https:\/\/www.vetorino.com\/boutique\/#website"},"primaryImageOfPage":{"@id":"https:\/\/www.vetorino.com\/veterinaire\/pontarlier-25300\/boutique\/product\/vitaforce\/#primaryimage"},"image":{"@id":"https:\/\/www.vetorino.com\/veterinaire\/pontarlier-25300\/boutique\/product\/vitaforce\/#primaryimage"},"thumbnailUrl":"https:\/\/www.vetorino.com\/boutique\/wp-content\/uploads\/2022\/11\/vitaforce-1.jpg","datePublished":"2022-11-17T19:32:12+00:00","dateModified":"2025-05-15T14:58:30+00:00","description":"Vitaforce est un apport complet en vitamines et oligo-\u00e9l\u00e9ments afin d'optimiser les performances d'\u00e9levage. Les indications sont multiples : phases critiques de croissance, pr\u00e9paration a l'oestrus et \u00e0 la reproduction, phases de production intensive, carences, optimisation sevrage etc. Il est \u00e9galement recommand\u00e9 en p\u00e9riode de d\u00e9marrage des jeunes, de reproduction (saillie, ins\u00e9mination), de productions intensives (ponte, lactation) et d'engraissement.","breadcrumb":{"@id":"https:\/\/www.vetorino.com\/veterinaire\/pontarlier-25300\/boutique\/product\/vitaforce\/#breadcrumb"},"inLanguage":"fr-FR","potentialAction":[{"@type":"ReadAction","target":["https:\/\/www.vetorino.com\/veterinaire\/pontarlier-25300\/boutique\/product\/vitaforce\/"]}]},{"@type":"ImageObject","inLanguage":"fr-FR","@id":"https:\/\/www.vetorino.com\/veterinaire\/pontarlier-25300\/boutique\/product\/vitaforce\/#primaryimage","url":"https:\/\/www.vetorino.com\/boutique\/wp-content\/uploads\/2022\/11\/vitaforce-1.jpg","contentUrl":"https:\/\/www.vetorino.com\/boutique\/wp-content\/uploads\/2022\/11\/vitaforce-1.jpg","width":1000,"height":1080},{"@type":"BreadcrumbList","@id":"https:\/\/www.vetorino.com\/veterinaire\/pontarlier-25300\/boutique\/product\/vitaforce\/#breadcrumb","itemListElement":[{"@type":"ListItem","position":1,"name":"Accueil","item":"https:\/\/www.vetorino.com\/boutique\/"},{"@type":"ListItem","position":2,"name":"Produits","item":"https:\/\/www.vetorino.com\/boutique\/"},{"@type":"ListItem","position":3,"name":"Vitaforce"}]},{"@type":"WebSite","@id":"https:\/\/www.vetorino.com\/boutique\/#website","url":"https:\/\/www.vetorino.com\/boutique\/","name":"V\u00e9torino","description":"","publisher":{"@id":"https:\/\/www.vetorino.com\/boutique\/#organization"},"potentialAction":[{"@type":"SearchAction","target":{"@type":"EntryPoint","urlTemplate":"https:\/\/www.vetorino.com\/boutique\/?s={search_term_string}"},"query-input":{"@type":"PropertyValueSpecification","valueRequired":true,"valueName":"search_term_string"}}],"inLanguage":"fr-FR"},{"@type":"Organization","@id":"https:\/\/www.vetorino.com\/boutique\/#organization","name":"V\u00e9torino","url":"https:\/\/www.vetorino.com\/boutique\/","logo":{"@type":"ImageObject","inLanguage":"fr-FR","@id":"https:\/\/www.vetorino.com\/boutique\/#\/schema\/logo\/image\/","url":"https:\/\/www.vetorino.com\/boutique\/wp-content\/uploads\/2024\/10\/logo.jpg","contentUrl":"https:\/\/www.vetorino.com\/boutique\/wp-content\/uploads\/2024\/10\/logo.jpg","width":1200,"height":610,"caption":"V\u00e9torino"},"image":{"@id":"https:\/\/www.vetorino.com\/boutique\/#\/schema\/logo\/image\/"},"sameAs":["https:\/\/www.facebook.com\/Vetorino\/","https:\/\/www.instagram.com\/vetorino_off\/","https:\/\/www.linkedin.com\/company\/vtorino\/"]}]},"og_availability":"instock","product_availability":"instock","product_condition":"new"},"_links":{"self":[{"href":"https:\/\/www.vetorino.com\/veterinaire\/ustaritz-64480\/boutique\/wp-json\/wp\/v2\/product\/507632","targetHints":{"allow":["GET"]}}],"collection":[{"href":"https:\/\/www.vetorino.com\/veterinaire\/ustaritz-64480\/boutique\/wp-json\/wp\/v2\/product"}],"about":[{"href":"https:\/\/www.vetorino.com\/veterinaire\/ustaritz-64480\/boutique\/wp-json\/wp\/v2\/types\/product"}],"wp:featuredmedia":[{"embeddable":true,"href":"https:\/\/www.vetorino.com\/veterinaire\/ustaritz-64480\/boutique\/wp-json\/wp\/v2\/media\/1330461"}],"wp:attachment":[{"href":"https:\/\/www.vetorino.com\/veterinaire\/ustaritz-64480\/boutique\/wp-json\/wp\/v2\/media?parent=507632"}],"wp:term":[{"taxonomy":"product_cat","embeddable":true,"href":"https:\/\/www.vetorino.com\/veterinaire\/ustaritz-64480\/boutique\/wp-json\/wp\/v2\/product_cat?post=507632"},{"taxonomy":"product_tag","embeddable":true,"href":"https:\/\/www.vetorino.com\/veterinaire\/ustaritz-64480\/boutique\/wp-json\/wp\/v2\/product_tag?post=507632"}],"curies":[{"name":"wp","href":"https:\/\/api.w.org\/{rel}","templated":true}]}}