{"id":507805,"date":"2022-11-17T20:37:55","date_gmt":"2022-11-17T19:37:55","guid":{"rendered":"https:\/\/www.vetorino.com\/boutique\/product\/vagizan-2\/"},"modified":"2025-08-12T16:48:36","modified_gmt":"2025-08-12T14:48:36","slug":"vagizan-2","status":"publish","type":"product","link":"https:\/\/www.vetorino.com\/veterinaire\/ustaritz-64480\/boutique\/product\/vagizan-2\/","title":{"rendered":"Vagizan"},"content":{"rendered":"<p><strong>Hygi\u00e8ne cutan\u00e9e et g\u00e9nitale chez les bovins, \u00e9quins, ovins, caprins, porcins<\/strong>.<\/p>\n<p>Vagizan contient un extrait glyc\u00e9rin\u00e9 de\u00a0<em>Calendula officinalis<\/em>\u00a0dont les propri\u00e9t\u00e9s b\u00e9n\u00e9fiques en usage topique sont reconnues depuis tr\u00e8s longtemps et d\u00e9crites dans les monographies de diverses institutions internationales, notamment des <strong>propri\u00e9t\u00e9s apaisantes, r\u00e9paratrices ou encore anti-inflammatoires.<\/strong><\/p>\n<p>La pr\u00e9sentation de Vagizan sous forme de mousse expansive permet une <strong>excellente r\u00e9partition<\/strong> du produit, y compris dans les zones cavitaires ou difficiles \u00e0 atteindre.<\/p>\n<p>Son usage peut \u00eatre r\u00e9p\u00e9t\u00e9 sans risque.<\/p>\n","protected":false},"excerpt":{"rendered":"<p><strong>Hygi\u00e8ne cutan\u00e9e et g\u00e9nitale chez les bovins, \u00e9quins, ovins, caprins, porcins<\/strong>.<\/p>\n<p>Vagizan contient un extrait glyc\u00e9rin\u00e9 de\u00a0<em>Calendula officinalis<\/em>\u00a0dont les propri\u00e9t\u00e9s b\u00e9n\u00e9fiques en usage topique sont reconnues depuis tr\u00e8s longtemps et d\u00e9crites dans les monographies de diverses institutions internationales, notamment des <strong>propri\u00e9t\u00e9s apaisantes, r\u00e9paratrices ou encore anti-inflammatoires.<\/strong><\/p>\n<p>La pr\u00e9sentation de Vagizan sous forme de mousse expansive permet une <strong>excellente r\u00e9partition<\/strong> du produit, y compris dans les zones cavitaires ou difficiles \u00e0 atteindre.<\/p>\n<p>Son usage peut \u00eatre r\u00e9p\u00e9t\u00e9 sans risque.<\/p>\n","protected":false},"featured_media":1449524,"template":"","meta":[],"product_cat":[6864,6870,6871,12547,6873,6874,12565],"product_tag":[],"class_list":{"0":"post-507805","1":"product","2":"type-product","3":"status-publish","4":"has-post-thumbnail","6":"product_cat-animaux-delevage","7":"product_cat-bovins","8":"product_cat-caprins","9":"product_cat-cheval","10":"product_cat-ovins","11":"product_cat-porcins","12":"product_cat-peau-corne-crin-du-cheval","13":"pa_marque-bimeda","15":"first","16":"instock","17":"taxable","18":"shipping-taxable","19":"purchasable","20":"product-type-simple"},"yoast_head":"<!-- This site is optimized with the Yoast SEO plugin v27.3 - https:\/\/yoast.com\/product\/yoast-seo-wordpress\/ -->\n<title>Vagizan Bimeda - V\u00e9torino<\/title>\n<meta name=\"description\" content=\"Hygi\u00e8ne cutan\u00e9e et g\u00e9nitale chez les bovins, \u00e9quins, ovins, caprins, porcins.  Vagizan contient un extrait glyc\u00e9rin\u00e9 de\u00a0Calendula officinalis\u00a0dont les propri\u00e9t\u00e9s b\u00e9n\u00e9fiques en usage topique sont reconnues depuis tr\u00e8s longtemps et d\u00e9crites dans les monographies de diverses institutions internationales, notamment des propri\u00e9t\u00e9s apaisantes, r\u00e9paratrices ou encore anti-inflammatoires.  La pr\u00e9sentation de Vagizan sous forme de mousse expansive permet une excellente r\u00e9partition du produit, y compris dans les zones cavitaires ou difficiles \u00e0 atteindre.  Son usage peut \u00eatre r\u00e9p\u00e9t\u00e9 sans risque.\" \/>\n<meta name=\"robots\" content=\"noindex, nofollow\" \/>\n<meta property=\"og:locale\" content=\"fr_FR\" \/>\n<meta property=\"og:type\" content=\"article\" \/>\n<meta property=\"og:title\" content=\"Vagizan Bimeda - V\u00e9torino\" \/>\n<meta property=\"og:description\" content=\"Hygi\u00e8ne cutan\u00e9e et g\u00e9nitale chez les bovins, \u00e9quins, ovins, caprins, porcins.  Vagizan contient un extrait glyc\u00e9rin\u00e9 de\u00a0Calendula officinalis\u00a0dont les propri\u00e9t\u00e9s b\u00e9n\u00e9fiques en usage topique sont reconnues depuis tr\u00e8s longtemps et d\u00e9crites dans les monographies de diverses institutions internationales, notamment des propri\u00e9t\u00e9s apaisantes, r\u00e9paratrices ou encore anti-inflammatoires.  La pr\u00e9sentation de Vagizan sous forme de mousse expansive permet une excellente r\u00e9partition du produit, y compris dans les zones cavitaires ou difficiles \u00e0 atteindre.  Son usage peut \u00eatre r\u00e9p\u00e9t\u00e9 sans risque.\" \/>\n<meta property=\"og:url\" content=\"https:\/\/www.vetorino.com\/veterinaire\/ustaritz-64480\/boutique\/product\/vagizan-2\/\" \/>\n<meta property=\"og:site_name\" content=\"V\u00e9torino\" \/>\n<meta property=\"article:publisher\" content=\"https:\/\/www.facebook.com\/Vetorino\/\" \/>\n<meta property=\"article:modified_time\" content=\"2025-08-12T14:48:36+00:00\" \/>\n<meta property=\"og:image\" content=\"https:\/\/www.vetorino.com\/boutique\/wp-content\/uploads\/2022\/11\/vagizan.png\" \/>\n\t<meta property=\"og:image:width\" content=\"750\" \/>\n\t<meta property=\"og:image:height\" content=\"571\" \/>\n\t<meta property=\"og:image:type\" content=\"image\/png\" \/>\n<meta name=\"twitter:card\" content=\"summary_large_image\" \/>\n<meta name=\"twitter:label1\" content=\"Prix\" \/>\n\t<meta name=\"twitter:data1\" content=\"128,77&euro;\" \/>\n\t<meta name=\"twitter:label2\" content=\"Disponibilit\u00e9\" \/>\n\t<meta name=\"twitter:data2\" content=\"En stock\" \/>\n<script type=\"application\/ld+json\" class=\"yoast-schema-graph\">{\"@context\":\"https:\\\/\\\/schema.org\",\"@graph\":[{\"@type\":\"WebPage\",\"@id\":\"https:\\\/\\\/www.vetorino.com\\\/boutique\\\/product\\\/vagizan-2\\\/\",\"url\":\"https:\\\/\\\/www.vetorino.com\\\/boutique\\\/product\\\/vagizan-2\\\/\",\"name\":\"Vagizan Bimeda - V\u00e9torino\",\"isPartOf\":{\"@id\":\"https:\\\/\\\/www.vetorino.com\\\/boutique\\\/#website\"},\"primaryImageOfPage\":{\"@id\":\"https:\\\/\\\/www.vetorino.com\\\/boutique\\\/product\\\/vagizan-2\\\/#primaryimage\"},\"image\":{\"@id\":\"https:\\\/\\\/www.vetorino.com\\\/boutique\\\/product\\\/vagizan-2\\\/#primaryimage\"},\"thumbnailUrl\":\"https:\\\/\\\/www.vetorino.com\\\/boutique\\\/wp-content\\\/uploads\\\/2022\\\/11\\\/vagizan.png\",\"datePublished\":\"2022-11-17T19:37:55+00:00\",\"dateModified\":\"2025-08-12T14:48:36+00:00\",\"description\":\"Hygi\u00e8ne cutan\u00e9e et g\u00e9nitale chez les bovins, \u00e9quins, ovins, caprins, porcins. Vagizan contient un extrait glyc\u00e9rin\u00e9 de\u00a0Calendula officinalis\u00a0dont les propri\u00e9t\u00e9s b\u00e9n\u00e9fiques en usage topique sont reconnues depuis tr\u00e8s longtemps et d\u00e9crites dans les monographies de diverses institutions internationales, notamment des propri\u00e9t\u00e9s apaisantes, r\u00e9paratrices ou encore anti-inflammatoires. La pr\u00e9sentation de Vagizan sous forme de mousse expansive permet une excellente r\u00e9partition du produit, y compris dans les zones cavitaires ou difficiles \u00e0 atteindre. Son usage peut \u00eatre r\u00e9p\u00e9t\u00e9 sans risque.\",\"breadcrumb\":{\"@id\":\"https:\\\/\\\/www.vetorino.com\\\/boutique\\\/product\\\/vagizan-2\\\/#breadcrumb\"},\"inLanguage\":\"fr-FR\",\"potentialAction\":[{\"@type\":\"ReadAction\",\"target\":[\"https:\\\/\\\/www.vetorino.com\\\/boutique\\\/product\\\/vagizan-2\\\/\"]}]},{\"@type\":\"ImageObject\",\"inLanguage\":\"fr-FR\",\"@id\":\"https:\\\/\\\/www.vetorino.com\\\/boutique\\\/product\\\/vagizan-2\\\/#primaryimage\",\"url\":\"https:\\\/\\\/www.vetorino.com\\\/boutique\\\/wp-content\\\/uploads\\\/2022\\\/11\\\/vagizan.png\",\"contentUrl\":\"https:\\\/\\\/www.vetorino.com\\\/boutique\\\/wp-content\\\/uploads\\\/2022\\\/11\\\/vagizan.png\",\"width\":750,\"height\":571},{\"@type\":\"BreadcrumbList\",\"@id\":\"https:\\\/\\\/www.vetorino.com\\\/boutique\\\/product\\\/vagizan-2\\\/#breadcrumb\",\"itemListElement\":[{\"@type\":\"ListItem\",\"position\":1,\"name\":\"Accueil\",\"item\":\"https:\\\/\\\/www.vetorino.com\\\/boutique\\\/\"},{\"@type\":\"ListItem\",\"position\":2,\"name\":\"Produits\",\"item\":\"https:\\\/\\\/www.vetorino.com\\\/boutique\\\/\"},{\"@type\":\"ListItem\",\"position\":3,\"name\":\"Vagizan\"}]},{\"@type\":\"WebSite\",\"@id\":\"https:\\\/\\\/www.vetorino.com\\\/boutique\\\/#website\",\"url\":\"https:\\\/\\\/www.vetorino.com\\\/boutique\\\/\",\"name\":\"V\u00e9torino\",\"description\":\"\",\"publisher\":{\"@id\":\"https:\\\/\\\/www.vetorino.com\\\/boutique\\\/#organization\"},\"potentialAction\":[{\"@type\":\"SearchAction\",\"target\":{\"@type\":\"EntryPoint\",\"urlTemplate\":\"https:\\\/\\\/www.vetorino.com\\\/boutique\\\/?s={search_term_string}\"},\"query-input\":{\"@type\":\"PropertyValueSpecification\",\"valueRequired\":true,\"valueName\":\"search_term_string\"}}],\"inLanguage\":\"fr-FR\"},{\"@type\":\"Organization\",\"@id\":\"https:\\\/\\\/www.vetorino.com\\\/boutique\\\/#organization\",\"name\":\"V\u00e9torino\",\"url\":\"https:\\\/\\\/www.vetorino.com\\\/boutique\\\/\",\"logo\":{\"@type\":\"ImageObject\",\"inLanguage\":\"fr-FR\",\"@id\":\"https:\\\/\\\/www.vetorino.com\\\/boutique\\\/#\\\/schema\\\/logo\\\/image\\\/\",\"url\":\"https:\\\/\\\/www.vetorino.com\\\/boutique\\\/wp-content\\\/uploads\\\/2024\\\/10\\\/logo.jpg\",\"contentUrl\":\"https:\\\/\\\/www.vetorino.com\\\/boutique\\\/wp-content\\\/uploads\\\/2024\\\/10\\\/logo.jpg\",\"width\":1200,\"height\":610,\"caption\":\"V\u00e9torino\"},\"image\":{\"@id\":\"https:\\\/\\\/www.vetorino.com\\\/boutique\\\/#\\\/schema\\\/logo\\\/image\\\/\"},\"sameAs\":[\"https:\\\/\\\/www.facebook.com\\\/Vetorino\\\/\",\"https:\\\/\\\/www.instagram.com\\\/vetorino_off\\\/\",\"https:\\\/\\\/www.linkedin.com\\\/company\\\/vtorino\\\/\"]}]}<\/script>\n<meta property=\"product:brand\" content=\"Bimeda\" \/>\n<meta property=\"product:price:amount\" content=\"128.77\" \/>\n<meta property=\"product:price:currency\" content=\"EUR\" \/>\n<meta property=\"og:availability\" content=\"instock\" \/>\n<meta property=\"product:availability\" content=\"instock\" \/>\n<meta property=\"product:retailer_item_id\" content=\"A-7264788\" \/>\n<meta property=\"product:condition\" content=\"new\" \/>\n<!-- \/ Yoast SEO plugin. -->","yoast_head_json":{"title":"Vagizan Bimeda - V\u00e9torino","description":"Hygi\u00e8ne cutan\u00e9e et g\u00e9nitale chez les bovins, \u00e9quins, ovins, caprins, porcins.  Vagizan contient un extrait glyc\u00e9rin\u00e9 de\u00a0Calendula officinalis\u00a0dont les propri\u00e9t\u00e9s b\u00e9n\u00e9fiques en usage topique sont reconnues depuis tr\u00e8s longtemps et d\u00e9crites dans les monographies de diverses institutions internationales, notamment des propri\u00e9t\u00e9s apaisantes, r\u00e9paratrices ou encore anti-inflammatoires.  La pr\u00e9sentation de Vagizan sous forme de mousse expansive permet une excellente r\u00e9partition du produit, y compris dans les zones cavitaires ou difficiles \u00e0 atteindre.  Son usage peut \u00eatre r\u00e9p\u00e9t\u00e9 sans risque.","robots":{"index":"noindex","follow":"nofollow"},"og_locale":"fr_FR","og_type":"article","og_title":"Vagizan Bimeda - V\u00e9torino","og_description":"Hygi\u00e8ne cutan\u00e9e et g\u00e9nitale chez les bovins, \u00e9quins, ovins, caprins, porcins.  Vagizan contient un extrait glyc\u00e9rin\u00e9 de\u00a0Calendula officinalis\u00a0dont les propri\u00e9t\u00e9s b\u00e9n\u00e9fiques en usage topique sont reconnues depuis tr\u00e8s longtemps et d\u00e9crites dans les monographies de diverses institutions internationales, notamment des propri\u00e9t\u00e9s apaisantes, r\u00e9paratrices ou encore anti-inflammatoires.  La pr\u00e9sentation de Vagizan sous forme de mousse expansive permet une excellente r\u00e9partition du produit, y compris dans les zones cavitaires ou difficiles \u00e0 atteindre.  Son usage peut \u00eatre r\u00e9p\u00e9t\u00e9 sans risque.","og_url":"https:\/\/www.vetorino.com\/veterinaire\/ustaritz-64480\/boutique\/product\/vagizan-2\/","og_site_name":"V\u00e9torino","article_publisher":"https:\/\/www.facebook.com\/Vetorino\/","article_modified_time":"2025-08-12T14:48:36+00:00","og_image":[{"width":750,"height":571,"url":"https:\/\/www.vetorino.com\/boutique\/wp-content\/uploads\/2022\/11\/vagizan.png","type":"image\/png"}],"twitter_card":"summary_large_image","twitter_misc":{"Prix":"128,77&euro;","Disponibilit\u00e9":"En stock"},"schema":{"@context":"https:\/\/schema.org","@graph":[{"@type":"WebPage","@id":"https:\/\/www.vetorino.com\/boutique\/product\/vagizan-2\/","url":"https:\/\/www.vetorino.com\/boutique\/product\/vagizan-2\/","name":"Vagizan Bimeda - V\u00e9torino","isPartOf":{"@id":"https:\/\/www.vetorino.com\/boutique\/#website"},"primaryImageOfPage":{"@id":"https:\/\/www.vetorino.com\/boutique\/product\/vagizan-2\/#primaryimage"},"image":{"@id":"https:\/\/www.vetorino.com\/boutique\/product\/vagizan-2\/#primaryimage"},"thumbnailUrl":"https:\/\/www.vetorino.com\/boutique\/wp-content\/uploads\/2022\/11\/vagizan.png","datePublished":"2022-11-17T19:37:55+00:00","dateModified":"2025-08-12T14:48:36+00:00","description":"Hygi\u00e8ne cutan\u00e9e et g\u00e9nitale chez les bovins, \u00e9quins, ovins, caprins, porcins. Vagizan contient un extrait glyc\u00e9rin\u00e9 de\u00a0Calendula officinalis\u00a0dont les propri\u00e9t\u00e9s b\u00e9n\u00e9fiques en usage topique sont reconnues depuis tr\u00e8s longtemps et d\u00e9crites dans les monographies de diverses institutions internationales, notamment des propri\u00e9t\u00e9s apaisantes, r\u00e9paratrices ou encore anti-inflammatoires. La pr\u00e9sentation de Vagizan sous forme de mousse expansive permet une excellente r\u00e9partition du produit, y compris dans les zones cavitaires ou difficiles \u00e0 atteindre. Son usage peut \u00eatre r\u00e9p\u00e9t\u00e9 sans risque.","breadcrumb":{"@id":"https:\/\/www.vetorino.com\/boutique\/product\/vagizan-2\/#breadcrumb"},"inLanguage":"fr-FR","potentialAction":[{"@type":"ReadAction","target":["https:\/\/www.vetorino.com\/boutique\/product\/vagizan-2\/"]}]},{"@type":"ImageObject","inLanguage":"fr-FR","@id":"https:\/\/www.vetorino.com\/boutique\/product\/vagizan-2\/#primaryimage","url":"https:\/\/www.vetorino.com\/boutique\/wp-content\/uploads\/2022\/11\/vagizan.png","contentUrl":"https:\/\/www.vetorino.com\/boutique\/wp-content\/uploads\/2022\/11\/vagizan.png","width":750,"height":571},{"@type":"BreadcrumbList","@id":"https:\/\/www.vetorino.com\/boutique\/product\/vagizan-2\/#breadcrumb","itemListElement":[{"@type":"ListItem","position":1,"name":"Accueil","item":"https:\/\/www.vetorino.com\/boutique\/"},{"@type":"ListItem","position":2,"name":"Produits","item":"https:\/\/www.vetorino.com\/boutique\/"},{"@type":"ListItem","position":3,"name":"Vagizan"}]},{"@type":"WebSite","@id":"https:\/\/www.vetorino.com\/boutique\/#website","url":"https:\/\/www.vetorino.com\/boutique\/","name":"V\u00e9torino","description":"","publisher":{"@id":"https:\/\/www.vetorino.com\/boutique\/#organization"},"potentialAction":[{"@type":"SearchAction","target":{"@type":"EntryPoint","urlTemplate":"https:\/\/www.vetorino.com\/boutique\/?s={search_term_string}"},"query-input":{"@type":"PropertyValueSpecification","valueRequired":true,"valueName":"search_term_string"}}],"inLanguage":"fr-FR"},{"@type":"Organization","@id":"https:\/\/www.vetorino.com\/boutique\/#organization","name":"V\u00e9torino","url":"https:\/\/www.vetorino.com\/boutique\/","logo":{"@type":"ImageObject","inLanguage":"fr-FR","@id":"https:\/\/www.vetorino.com\/boutique\/#\/schema\/logo\/image\/","url":"https:\/\/www.vetorino.com\/boutique\/wp-content\/uploads\/2024\/10\/logo.jpg","contentUrl":"https:\/\/www.vetorino.com\/boutique\/wp-content\/uploads\/2024\/10\/logo.jpg","width":1200,"height":610,"caption":"V\u00e9torino"},"image":{"@id":"https:\/\/www.vetorino.com\/boutique\/#\/schema\/logo\/image\/"},"sameAs":["https:\/\/www.facebook.com\/Vetorino\/","https:\/\/www.instagram.com\/vetorino_off\/","https:\/\/www.linkedin.com\/company\/vtorino\/"]}]},"product_brand":"Bimeda","product_price_amount":"128.77","product_price_currency":"EUR","og_availability":"instock","product_availability":"instock","product_retailer_item_id":"A-7264788","product_condition":"new"},"_links":{"self":[{"href":"https:\/\/www.vetorino.com\/veterinaire\/ustaritz-64480\/boutique\/wp-json\/wp\/v2\/product\/507805","targetHints":{"allow":["GET"]}}],"collection":[{"href":"https:\/\/www.vetorino.com\/veterinaire\/ustaritz-64480\/boutique\/wp-json\/wp\/v2\/product"}],"about":[{"href":"https:\/\/www.vetorino.com\/veterinaire\/ustaritz-64480\/boutique\/wp-json\/wp\/v2\/types\/product"}],"wp:featuredmedia":[{"embeddable":true,"href":"https:\/\/www.vetorino.com\/veterinaire\/ustaritz-64480\/boutique\/wp-json\/wp\/v2\/media\/1449524"}],"wp:attachment":[{"href":"https:\/\/www.vetorino.com\/veterinaire\/ustaritz-64480\/boutique\/wp-json\/wp\/v2\/media?parent=507805"}],"wp:term":[{"taxonomy":"product_cat","embeddable":true,"href":"https:\/\/www.vetorino.com\/veterinaire\/ustaritz-64480\/boutique\/wp-json\/wp\/v2\/product_cat?post=507805"},{"taxonomy":"product_tag","embeddable":true,"href":"https:\/\/www.vetorino.com\/veterinaire\/ustaritz-64480\/boutique\/wp-json\/wp\/v2\/product_tag?post=507805"}],"curies":[{"name":"wp","href":"https:\/\/api.w.org\/{rel}","templated":true}]}}