{"id":507894,"date":"2022-11-17T20:41:24","date_gmt":"2022-11-17T19:41:24","guid":{"rendered":"https:\/\/www.vetorino.com\/boutique\/product\/rumi-actif-3\/"},"modified":"2025-07-30T17:42:41","modified_gmt":"2025-07-30T15:42:41","slug":"rumi-actif-3","status":"publish","type":"product","link":"https:\/\/www.vetorino.com\/veterinaire\/ustaritz-64480\/boutique\/product\/rumi-actif-3\/","title":{"rendered":"Rumi Actif"},"content":{"rendered":"<div class=\"hidden\">\n<p>Rumi Actif est un <strong>aliment compl\u00e9mentaire di\u00e9t\u00e9tique<\/strong> pour ruminants <strong>destin\u00e9 \u00e0 r\u00e9duire le risque d&#8217;acidose du rumen.<\/strong><\/p>\n<p>Il apporte du bicarbonate de sodium et du carbonate de calcium, puissants tampons, qui stabilisent le pH du rumen. L&#8217;oxyde de magn\u00e9sium pr\u00e9sente un effet alcalinisant (remont\u00e9e du pH ruminal).<\/p>\n<p>La cas\u00e9ine constitue un apport prot\u00e9ique n\u00e9cessaire aux bact\u00e9ries de la panse.<\/p>\n<p><strong>Mode d&#8217;emploi :<\/strong><\/p>\n<p>Rumi Actif <strong>peut \u00eatre dilu\u00e9 dans l&#8217;eau et administr\u00e9 au pistolet drogueur ou distribu\u00e9 tel quel<\/strong> sur la ration.<\/p>\n<p><em><strong>Bovins adultes :<\/strong><\/em><br \/>\n<em>1 sachet voie orale matin et soir pendant 3 \u00e0 5 jours. Diluer 1 sachet dans 300 mL d&#8217;eau et administrer au pistolet drogueur.<\/em><\/p>\n<p><em>En p\u00e9riode de sevrage :<\/em><br \/>\n<em>Distribuer 30g par jour sur le concentr\u00e9 pendant 10 jours.<\/em><\/p>\n<p><em><strong>Ovins \/ caprins adultes :<\/strong><\/em><br \/>\n<em>Diluer 1\/4 du sachet de 160g dans 60ml d\u2019eau et administrer au pistolet drogueur matin et\/ou soir pendant 3 \u00e0 5 jours.<\/em><\/p>\n<p><em>En p\u00e9riode de sevrage :<\/em><br \/>\n<em>Distribuer 10g par jour sur le concentr\u00e9 pendant 8 jours.<\/em><\/p>\n<\/div>\n","protected":false},"excerpt":{"rendered":"<div class=\"hidden\">\n<p>Rumi Actif est un <strong>aliment compl\u00e9mentaire di\u00e9t\u00e9tique<\/strong> pour ruminants <strong>destin\u00e9 \u00e0 r\u00e9duire le risque d&#8217;acidose du rumen.<\/strong><\/p>\n<p>Il apporte du bicarbonate de sodium et du carbonate de calcium, puissants tampons, qui stabilisent le pH du rumen. L&#8217;oxyde de magn\u00e9sium pr\u00e9sente un effet alcalinisant (remont\u00e9e du pH ruminal).<\/p>\n<p>La cas\u00e9ine constitue un apport prot\u00e9ique n\u00e9cessaire aux bact\u00e9ries de la panse.<\/p>\n<\/div>\n","protected":false},"featured_media":1434073,"template":"","meta":[],"product_cat":[6864,6870,6871,6873],"product_tag":[],"class_list":{"0":"post-507894","1":"product","2":"type-product","3":"status-publish","4":"has-post-thumbnail","6":"product_cat-animaux-delevage","7":"product_cat-bovins","8":"product_cat-caprins","9":"product_cat-ovins","10":"pa_marque-savetis","12":"first","13":"instock","14":"taxable","15":"shipping-taxable","16":"purchasable","17":"product-type-variable"},"yoast_head":"<!-- This site is optimized with the Yoast SEO plugin v27.3 - https:\/\/yoast.com\/product\/yoast-seo-wordpress\/ -->\n<title>Rumi Actif Savetis - V\u00e9torino<\/title>\n<meta name=\"description\" content=\"Rumi Actif est un aliment compl\u00e9mentaire di\u00e9t\u00e9tique pour ruminants destin\u00e9 \u00e0 r\u00e9duire le risque d&#039;acidose du rumen.  Il apporte du bicarbonate de sodium et du carbonate de calcium, puissants tampons, qui stabilisent le pH du rumen. L&#039;oxyde de magn\u00e9sium pr\u00e9sente un effet alcalinisant (remont\u00e9e du pH ruminal).  La cas\u00e9ine constitue un apport prot\u00e9ique n\u00e9cessaire aux bact\u00e9ries de la panse.\" \/>\n<meta name=\"robots\" content=\"noindex, nofollow\" \/>\n<meta property=\"og:locale\" content=\"fr_FR\" \/>\n<meta property=\"og:type\" content=\"article\" \/>\n<meta property=\"og:title\" content=\"Rumi Actif Savetis - V\u00e9torino\" \/>\n<meta property=\"og:description\" content=\"Rumi Actif est un aliment compl\u00e9mentaire di\u00e9t\u00e9tique pour ruminants destin\u00e9 \u00e0 r\u00e9duire le risque d&#039;acidose du rumen.  Il apporte du bicarbonate de sodium et du carbonate de calcium, puissants tampons, qui stabilisent le pH du rumen. L&#039;oxyde de magn\u00e9sium pr\u00e9sente un effet alcalinisant (remont\u00e9e du pH ruminal).  La cas\u00e9ine constitue un apport prot\u00e9ique n\u00e9cessaire aux bact\u00e9ries de la panse.\" \/>\n<meta property=\"og:url\" content=\"https:\/\/www.vetorino.com\/veterinaire\/ustaritz-64480\/boutique\/product\/rumi-actif-3\/\" \/>\n<meta property=\"og:site_name\" content=\"V\u00e9torino\" \/>\n<meta property=\"article:publisher\" content=\"https:\/\/www.facebook.com\/Vetorino\/\" \/>\n<meta property=\"article:modified_time\" content=\"2025-07-30T15:42:41+00:00\" \/>\n<meta property=\"og:image\" content=\"https:\/\/www.vetorino.com\/boutique\/wp-content\/uploads\/2020\/06\/rumi-actif-pour-ruminants-1.jpg\" \/>\n\t<meta property=\"og:image:width\" content=\"800\" \/>\n\t<meta property=\"og:image:height\" content=\"800\" \/>\n\t<meta property=\"og:image:type\" content=\"image\/jpeg\" \/>\n<meta name=\"twitter:card\" content=\"summary_large_image\" \/>\n<meta name=\"twitter:label1\" content=\"Disponibilit\u00e9\" \/>\n\t<meta name=\"twitter:data1\" content=\"En stock\" \/>\n<script type=\"application\/ld+json\" class=\"yoast-schema-graph\">{\"@context\":\"https:\\\/\\\/schema.org\",\"@graph\":[{\"@type\":\"WebPage\",\"@id\":\"https:\\\/\\\/www.vetorino.com\\\/boutique\\\/product\\\/rumi-actif-3\\\/\",\"url\":\"https:\\\/\\\/www.vetorino.com\\\/boutique\\\/product\\\/rumi-actif-3\\\/\",\"name\":\"Rumi Actif Savetis - V\u00e9torino\",\"isPartOf\":{\"@id\":\"https:\\\/\\\/www.vetorino.com\\\/boutique\\\/#website\"},\"primaryImageOfPage\":{\"@id\":\"https:\\\/\\\/www.vetorino.com\\\/boutique\\\/product\\\/rumi-actif-3\\\/#primaryimage\"},\"image\":{\"@id\":\"https:\\\/\\\/www.vetorino.com\\\/boutique\\\/product\\\/rumi-actif-3\\\/#primaryimage\"},\"thumbnailUrl\":\"https:\\\/\\\/www.vetorino.com\\\/boutique\\\/wp-content\\\/uploads\\\/2020\\\/06\\\/rumi-actif-pour-ruminants-1.jpg\",\"datePublished\":\"2022-11-17T19:41:24+00:00\",\"dateModified\":\"2025-07-30T15:42:41+00:00\",\"description\":\"Rumi Actif est un aliment compl\u00e9mentaire di\u00e9t\u00e9tique pour ruminants destin\u00e9 \u00e0 r\u00e9duire le risque d'acidose du rumen. Il apporte du bicarbonate de sodium et du carbonate de calcium, puissants tampons, qui stabilisent le pH du rumen. L'oxyde de magn\u00e9sium pr\u00e9sente un effet alcalinisant (remont\u00e9e du pH ruminal). La cas\u00e9ine constitue un apport prot\u00e9ique n\u00e9cessaire aux bact\u00e9ries de la panse.\",\"breadcrumb\":{\"@id\":\"https:\\\/\\\/www.vetorino.com\\\/boutique\\\/product\\\/rumi-actif-3\\\/#breadcrumb\"},\"inLanguage\":\"fr-FR\",\"potentialAction\":[{\"@type\":\"ReadAction\",\"target\":[\"https:\\\/\\\/www.vetorino.com\\\/boutique\\\/product\\\/rumi-actif-3\\\/\"]}]},{\"@type\":\"ImageObject\",\"inLanguage\":\"fr-FR\",\"@id\":\"https:\\\/\\\/www.vetorino.com\\\/boutique\\\/product\\\/rumi-actif-3\\\/#primaryimage\",\"url\":\"https:\\\/\\\/www.vetorino.com\\\/boutique\\\/wp-content\\\/uploads\\\/2020\\\/06\\\/rumi-actif-pour-ruminants-1.jpg\",\"contentUrl\":\"https:\\\/\\\/www.vetorino.com\\\/boutique\\\/wp-content\\\/uploads\\\/2020\\\/06\\\/rumi-actif-pour-ruminants-1.jpg\",\"width\":800,\"height\":800},{\"@type\":\"BreadcrumbList\",\"@id\":\"https:\\\/\\\/www.vetorino.com\\\/boutique\\\/product\\\/rumi-actif-3\\\/#breadcrumb\",\"itemListElement\":[{\"@type\":\"ListItem\",\"position\":1,\"name\":\"Accueil\",\"item\":\"https:\\\/\\\/www.vetorino.com\\\/boutique\\\/\"},{\"@type\":\"ListItem\",\"position\":2,\"name\":\"Produits\",\"item\":\"https:\\\/\\\/www.vetorino.com\\\/boutique\\\/\"},{\"@type\":\"ListItem\",\"position\":3,\"name\":\"Rumi Actif\"}]},{\"@type\":\"WebSite\",\"@id\":\"https:\\\/\\\/www.vetorino.com\\\/boutique\\\/#website\",\"url\":\"https:\\\/\\\/www.vetorino.com\\\/boutique\\\/\",\"name\":\"V\u00e9torino\",\"description\":\"\",\"publisher\":{\"@id\":\"https:\\\/\\\/www.vetorino.com\\\/boutique\\\/#organization\"},\"potentialAction\":[{\"@type\":\"SearchAction\",\"target\":{\"@type\":\"EntryPoint\",\"urlTemplate\":\"https:\\\/\\\/www.vetorino.com\\\/boutique\\\/?s={search_term_string}\"},\"query-input\":{\"@type\":\"PropertyValueSpecification\",\"valueRequired\":true,\"valueName\":\"search_term_string\"}}],\"inLanguage\":\"fr-FR\"},{\"@type\":\"Organization\",\"@id\":\"https:\\\/\\\/www.vetorino.com\\\/boutique\\\/#organization\",\"name\":\"V\u00e9torino\",\"url\":\"https:\\\/\\\/www.vetorino.com\\\/boutique\\\/\",\"logo\":{\"@type\":\"ImageObject\",\"inLanguage\":\"fr-FR\",\"@id\":\"https:\\\/\\\/www.vetorino.com\\\/boutique\\\/#\\\/schema\\\/logo\\\/image\\\/\",\"url\":\"https:\\\/\\\/www.vetorino.com\\\/boutique\\\/wp-content\\\/uploads\\\/2024\\\/10\\\/logo.jpg\",\"contentUrl\":\"https:\\\/\\\/www.vetorino.com\\\/boutique\\\/wp-content\\\/uploads\\\/2024\\\/10\\\/logo.jpg\",\"width\":1200,\"height\":610,\"caption\":\"V\u00e9torino\"},\"image\":{\"@id\":\"https:\\\/\\\/www.vetorino.com\\\/boutique\\\/#\\\/schema\\\/logo\\\/image\\\/\"},\"sameAs\":[\"https:\\\/\\\/www.facebook.com\\\/Vetorino\\\/\",\"https:\\\/\\\/www.instagram.com\\\/vetorino_off\\\/\",\"https:\\\/\\\/www.linkedin.com\\\/company\\\/vtorino\\\/\"]}]}<\/script>\n<meta property=\"product:brand\" content=\"Savetis\" \/>\n<meta property=\"og:availability\" content=\"instock\" \/>\n<meta property=\"product:availability\" content=\"instock\" \/>\n<meta property=\"product:condition\" content=\"new\" \/>\n<!-- \/ Yoast SEO plugin. -->","yoast_head_json":{"title":"Rumi Actif Savetis - V\u00e9torino","description":"Rumi Actif est un aliment compl\u00e9mentaire di\u00e9t\u00e9tique pour ruminants destin\u00e9 \u00e0 r\u00e9duire le risque d'acidose du rumen.  Il apporte du bicarbonate de sodium et du carbonate de calcium, puissants tampons, qui stabilisent le pH du rumen. L'oxyde de magn\u00e9sium pr\u00e9sente un effet alcalinisant (remont\u00e9e du pH ruminal).  La cas\u00e9ine constitue un apport prot\u00e9ique n\u00e9cessaire aux bact\u00e9ries de la panse.","robots":{"index":"noindex","follow":"nofollow"},"og_locale":"fr_FR","og_type":"article","og_title":"Rumi Actif Savetis - V\u00e9torino","og_description":"Rumi Actif est un aliment compl\u00e9mentaire di\u00e9t\u00e9tique pour ruminants destin\u00e9 \u00e0 r\u00e9duire le risque d'acidose du rumen.  Il apporte du bicarbonate de sodium et du carbonate de calcium, puissants tampons, qui stabilisent le pH du rumen. L'oxyde de magn\u00e9sium pr\u00e9sente un effet alcalinisant (remont\u00e9e du pH ruminal).  La cas\u00e9ine constitue un apport prot\u00e9ique n\u00e9cessaire aux bact\u00e9ries de la panse.","og_url":"https:\/\/www.vetorino.com\/veterinaire\/ustaritz-64480\/boutique\/product\/rumi-actif-3\/","og_site_name":"V\u00e9torino","article_publisher":"https:\/\/www.facebook.com\/Vetorino\/","article_modified_time":"2025-07-30T15:42:41+00:00","og_image":[{"width":800,"height":800,"url":"https:\/\/www.vetorino.com\/boutique\/wp-content\/uploads\/2020\/06\/rumi-actif-pour-ruminants-1.jpg","type":"image\/jpeg"}],"twitter_card":"summary_large_image","twitter_misc":{"Disponibilit\u00e9":"En stock"},"schema":{"@context":"https:\/\/schema.org","@graph":[{"@type":"WebPage","@id":"https:\/\/www.vetorino.com\/boutique\/product\/rumi-actif-3\/","url":"https:\/\/www.vetorino.com\/boutique\/product\/rumi-actif-3\/","name":"Rumi Actif Savetis - V\u00e9torino","isPartOf":{"@id":"https:\/\/www.vetorino.com\/boutique\/#website"},"primaryImageOfPage":{"@id":"https:\/\/www.vetorino.com\/boutique\/product\/rumi-actif-3\/#primaryimage"},"image":{"@id":"https:\/\/www.vetorino.com\/boutique\/product\/rumi-actif-3\/#primaryimage"},"thumbnailUrl":"https:\/\/www.vetorino.com\/boutique\/wp-content\/uploads\/2020\/06\/rumi-actif-pour-ruminants-1.jpg","datePublished":"2022-11-17T19:41:24+00:00","dateModified":"2025-07-30T15:42:41+00:00","description":"Rumi Actif est un aliment compl\u00e9mentaire di\u00e9t\u00e9tique pour ruminants destin\u00e9 \u00e0 r\u00e9duire le risque d'acidose du rumen. Il apporte du bicarbonate de sodium et du carbonate de calcium, puissants tampons, qui stabilisent le pH du rumen. L'oxyde de magn\u00e9sium pr\u00e9sente un effet alcalinisant (remont\u00e9e du pH ruminal). La cas\u00e9ine constitue un apport prot\u00e9ique n\u00e9cessaire aux bact\u00e9ries de la panse.","breadcrumb":{"@id":"https:\/\/www.vetorino.com\/boutique\/product\/rumi-actif-3\/#breadcrumb"},"inLanguage":"fr-FR","potentialAction":[{"@type":"ReadAction","target":["https:\/\/www.vetorino.com\/boutique\/product\/rumi-actif-3\/"]}]},{"@type":"ImageObject","inLanguage":"fr-FR","@id":"https:\/\/www.vetorino.com\/boutique\/product\/rumi-actif-3\/#primaryimage","url":"https:\/\/www.vetorino.com\/boutique\/wp-content\/uploads\/2020\/06\/rumi-actif-pour-ruminants-1.jpg","contentUrl":"https:\/\/www.vetorino.com\/boutique\/wp-content\/uploads\/2020\/06\/rumi-actif-pour-ruminants-1.jpg","width":800,"height":800},{"@type":"BreadcrumbList","@id":"https:\/\/www.vetorino.com\/boutique\/product\/rumi-actif-3\/#breadcrumb","itemListElement":[{"@type":"ListItem","position":1,"name":"Accueil","item":"https:\/\/www.vetorino.com\/boutique\/"},{"@type":"ListItem","position":2,"name":"Produits","item":"https:\/\/www.vetorino.com\/boutique\/"},{"@type":"ListItem","position":3,"name":"Rumi Actif"}]},{"@type":"WebSite","@id":"https:\/\/www.vetorino.com\/boutique\/#website","url":"https:\/\/www.vetorino.com\/boutique\/","name":"V\u00e9torino","description":"","publisher":{"@id":"https:\/\/www.vetorino.com\/boutique\/#organization"},"potentialAction":[{"@type":"SearchAction","target":{"@type":"EntryPoint","urlTemplate":"https:\/\/www.vetorino.com\/boutique\/?s={search_term_string}"},"query-input":{"@type":"PropertyValueSpecification","valueRequired":true,"valueName":"search_term_string"}}],"inLanguage":"fr-FR"},{"@type":"Organization","@id":"https:\/\/www.vetorino.com\/boutique\/#organization","name":"V\u00e9torino","url":"https:\/\/www.vetorino.com\/boutique\/","logo":{"@type":"ImageObject","inLanguage":"fr-FR","@id":"https:\/\/www.vetorino.com\/boutique\/#\/schema\/logo\/image\/","url":"https:\/\/www.vetorino.com\/boutique\/wp-content\/uploads\/2024\/10\/logo.jpg","contentUrl":"https:\/\/www.vetorino.com\/boutique\/wp-content\/uploads\/2024\/10\/logo.jpg","width":1200,"height":610,"caption":"V\u00e9torino"},"image":{"@id":"https:\/\/www.vetorino.com\/boutique\/#\/schema\/logo\/image\/"},"sameAs":["https:\/\/www.facebook.com\/Vetorino\/","https:\/\/www.instagram.com\/vetorino_off\/","https:\/\/www.linkedin.com\/company\/vtorino\/"]}]},"product_brand":"Savetis","og_availability":"instock","product_availability":"instock","product_condition":"new"},"_links":{"self":[{"href":"https:\/\/www.vetorino.com\/veterinaire\/ustaritz-64480\/boutique\/wp-json\/wp\/v2\/product\/507894","targetHints":{"allow":["GET"]}}],"collection":[{"href":"https:\/\/www.vetorino.com\/veterinaire\/ustaritz-64480\/boutique\/wp-json\/wp\/v2\/product"}],"about":[{"href":"https:\/\/www.vetorino.com\/veterinaire\/ustaritz-64480\/boutique\/wp-json\/wp\/v2\/types\/product"}],"wp:featuredmedia":[{"embeddable":true,"href":"https:\/\/www.vetorino.com\/veterinaire\/ustaritz-64480\/boutique\/wp-json\/wp\/v2\/media\/1434073"}],"wp:attachment":[{"href":"https:\/\/www.vetorino.com\/veterinaire\/ustaritz-64480\/boutique\/wp-json\/wp\/v2\/media?parent=507894"}],"wp:term":[{"taxonomy":"product_cat","embeddable":true,"href":"https:\/\/www.vetorino.com\/veterinaire\/ustaritz-64480\/boutique\/wp-json\/wp\/v2\/product_cat?post=507894"},{"taxonomy":"product_tag","embeddable":true,"href":"https:\/\/www.vetorino.com\/veterinaire\/ustaritz-64480\/boutique\/wp-json\/wp\/v2\/product_tag?post=507894"}],"curies":[{"name":"wp","href":"https:\/\/api.w.org\/{rel}","templated":true}]}}