{"id":507994,"date":"2022-11-17T20:45:34","date_gmt":"2022-11-17T19:45:34","guid":{"rendered":"https:\/\/www.vetorino.com\/boutique\/product\/c-for-rumiphyt-3\/"},"modified":"2025-07-29T10:28:34","modified_gmt":"2025-07-29T08:28:34","slug":"c-for-rumiphyt-3","status":"publish","type":"product","link":"https:\/\/www.vetorino.com\/veterinaire\/ustaritz-64480\/boutique\/product\/c-for-rumiphyt-3\/","title":{"rendered":"C for RumiPhyt"},"content":{"rendered":"<p><strong>Relance la motricit\u00e9 digestive, l&#8217;app\u00e9tit et la digestion chez la vache.<\/strong><\/p>\n<p>C for RumiPhyt une solution pratique et efficace en bolus <strong>lors de troubles fonctionnels du rumen et de perte d&#8217;app\u00e9tit.<\/strong><\/p>\n<p>C for RumiPhyt<strong> favorise la motricit\u00e9 gastrique et la digestion<\/strong> par l&#8217;apport de substances am\u00e8res de type s\u00e9coirido\u00efdes (amarogentioside, centapicrine, gentiopicrine) et lactones sesquiterp\u00e9niques (absinthine) stimulant la salivation, les s\u00e9cr\u00e9tions digestives et l&#8217;app\u00e9tit.<\/p>\n<p><em>Administrer \u00e0 l\u2019aide du lance bolus universel Savetis, 1 bolus par jour, pendant 2 \u00e0 3 jours.<\/em><\/p>\n","protected":false},"excerpt":{"rendered":"<p><strong>Relance la motricit\u00e9 digestive, l&#8217;app\u00e9tit et la digestion chez la vache.<\/strong><\/p>\n<p>C for RumiPhyt une solution pratique et efficace en bolus <strong>lors de troubles fonctionnels du rumen et de perte d&#8217;app\u00e9tit.<\/strong><\/p>\n<p>C for RumiPhyt<strong> favorise la motricit\u00e9 gastrique et la digestion<\/strong> par l&#8217;apport de substances am\u00e8res de type s\u00e9coirido\u00efdes (amarogentioside, centapicrine, gentiopicrine) et lactones sesquiterp\u00e9niques (absinthine) stimulant la salivation, les s\u00e9cr\u00e9tions digestives et l&#8217;app\u00e9tit.<\/p>\n<p><em>Administrer \u00e0 l\u2019aide du lance bolus universel Savetis, 1 bolus par jour, pendant 2 \u00e0 3 jours.<\/em><\/p>\n","protected":false},"featured_media":1432123,"template":"","meta":[],"product_cat":[6864,6870],"product_tag":[],"class_list":{"0":"post-507994","1":"product","2":"type-product","3":"status-publish","4":"has-post-thumbnail","6":"product_cat-animaux-delevage","7":"product_cat-bovins","8":"pa_marque-savetis","10":"first","11":"instock","12":"taxable","13":"shipping-taxable","14":"purchasable","15":"product-type-simple"},"yoast_head":"<!-- This site is optimized with the Yoast SEO plugin v27.3 - https:\/\/yoast.com\/product\/yoast-seo-wordpress\/ -->\n<title>C for RumiPhyt Savetis - V\u00e9torino<\/title>\n<meta name=\"description\" content=\"Relance la motricit\u00e9 digestive, l&#039;app\u00e9tit et la digestion chez la vache.  C for RumiPhyt une solution pratique et efficace en bolus lors de troubles fonctionnels du rumen et de perte d&#039;app\u00e9tit.  C for RumiPhyt favorise la motricit\u00e9 gastrique et la digestion par l&#039;apport de substances am\u00e8res de type s\u00e9coirido\u00efdes (amarogentioside, centapicrine, gentiopicrine) et lactones sesquiterp\u00e9niques (absinthine) stimulant la salivation, les s\u00e9cr\u00e9tions digestives et l&#039;app\u00e9tit.  Administrer \u00e0 l\u2019aide du lance bolus universel Savetis, 1 bolus par jour, pendant 2 \u00e0 3 jours.\" \/>\n<meta name=\"robots\" content=\"noindex, nofollow\" \/>\n<meta property=\"og:locale\" content=\"fr_FR\" \/>\n<meta property=\"og:type\" content=\"article\" \/>\n<meta property=\"og:title\" content=\"C for RumiPhyt Savetis - V\u00e9torino\" \/>\n<meta property=\"og:description\" content=\"Relance la motricit\u00e9 digestive, l&#039;app\u00e9tit et la digestion chez la vache.  C for RumiPhyt une solution pratique et efficace en bolus lors de troubles fonctionnels du rumen et de perte d&#039;app\u00e9tit.  C for RumiPhyt favorise la motricit\u00e9 gastrique et la digestion par l&#039;apport de substances am\u00e8res de type s\u00e9coirido\u00efdes (amarogentioside, centapicrine, gentiopicrine) et lactones sesquiterp\u00e9niques (absinthine) stimulant la salivation, les s\u00e9cr\u00e9tions digestives et l&#039;app\u00e9tit.  Administrer \u00e0 l\u2019aide du lance bolus universel Savetis, 1 bolus par jour, pendant 2 \u00e0 3 jours.\" \/>\n<meta property=\"og:url\" content=\"https:\/\/www.vetorino.com\/veterinaire\/ustaritz-64480\/boutique\/product\/c-for-rumiphyt-3\/\" \/>\n<meta property=\"og:site_name\" content=\"V\u00e9torino\" \/>\n<meta property=\"article:publisher\" content=\"https:\/\/www.facebook.com\/Vetorino\/\" \/>\n<meta property=\"article:modified_time\" content=\"2025-07-29T08:28:34+00:00\" \/>\n<meta property=\"og:image\" content=\"https:\/\/www.vetorino.com\/boutique\/wp-content\/uploads\/2022\/11\/c-for-rumiphyt.png\" \/>\n\t<meta property=\"og:image:width\" content=\"800\" \/>\n\t<meta property=\"og:image:height\" content=\"522\" \/>\n\t<meta property=\"og:image:type\" content=\"image\/png\" \/>\n<meta name=\"twitter:card\" content=\"summary_large_image\" \/>\n<meta name=\"twitter:label1\" content=\"Prix\" \/>\n\t<meta name=\"twitter:data1\" content=\"67,41&euro;\" \/>\n\t<meta name=\"twitter:label2\" content=\"Disponibilit\u00e9\" \/>\n\t<meta name=\"twitter:data2\" content=\"En stock\" \/>\n<script type=\"application\/ld+json\" class=\"yoast-schema-graph\">{\"@context\":\"https:\\\/\\\/schema.org\",\"@graph\":[{\"@type\":\"WebPage\",\"@id\":\"https:\\\/\\\/www.vetorino.com\\\/boutique\\\/product\\\/c-for-rumiphyt-3\\\/\",\"url\":\"https:\\\/\\\/www.vetorino.com\\\/boutique\\\/product\\\/c-for-rumiphyt-3\\\/\",\"name\":\"C for RumiPhyt Savetis - V\u00e9torino\",\"isPartOf\":{\"@id\":\"https:\\\/\\\/www.vetorino.com\\\/boutique\\\/#website\"},\"primaryImageOfPage\":{\"@id\":\"https:\\\/\\\/www.vetorino.com\\\/boutique\\\/product\\\/c-for-rumiphyt-3\\\/#primaryimage\"},\"image\":{\"@id\":\"https:\\\/\\\/www.vetorino.com\\\/boutique\\\/product\\\/c-for-rumiphyt-3\\\/#primaryimage\"},\"thumbnailUrl\":\"https:\\\/\\\/www.vetorino.com\\\/boutique\\\/wp-content\\\/uploads\\\/2022\\\/11\\\/c-for-rumiphyt.png\",\"datePublished\":\"2022-11-17T19:45:34+00:00\",\"dateModified\":\"2025-07-29T08:28:34+00:00\",\"description\":\"Relance la motricit\u00e9 digestive, l'app\u00e9tit et la digestion chez la vache. C for RumiPhyt une solution pratique et efficace en bolus lors de troubles fonctionnels du rumen et de perte d'app\u00e9tit. C for RumiPhyt favorise la motricit\u00e9 gastrique et la digestion par l'apport de substances am\u00e8res de type s\u00e9coirido\u00efdes (amarogentioside, centapicrine, gentiopicrine) et lactones sesquiterp\u00e9niques (absinthine) stimulant la salivation, les s\u00e9cr\u00e9tions digestives et l'app\u00e9tit. Administrer \u00e0 l\u2019aide du lance bolus universel Savetis, 1 bolus par jour, pendant 2 \u00e0 3 jours.\",\"breadcrumb\":{\"@id\":\"https:\\\/\\\/www.vetorino.com\\\/boutique\\\/product\\\/c-for-rumiphyt-3\\\/#breadcrumb\"},\"inLanguage\":\"fr-FR\",\"potentialAction\":[{\"@type\":\"ReadAction\",\"target\":[\"https:\\\/\\\/www.vetorino.com\\\/boutique\\\/product\\\/c-for-rumiphyt-3\\\/\"]}]},{\"@type\":\"ImageObject\",\"inLanguage\":\"fr-FR\",\"@id\":\"https:\\\/\\\/www.vetorino.com\\\/boutique\\\/product\\\/c-for-rumiphyt-3\\\/#primaryimage\",\"url\":\"https:\\\/\\\/www.vetorino.com\\\/boutique\\\/wp-content\\\/uploads\\\/2022\\\/11\\\/c-for-rumiphyt.png\",\"contentUrl\":\"https:\\\/\\\/www.vetorino.com\\\/boutique\\\/wp-content\\\/uploads\\\/2022\\\/11\\\/c-for-rumiphyt.png\",\"width\":800,\"height\":522},{\"@type\":\"BreadcrumbList\",\"@id\":\"https:\\\/\\\/www.vetorino.com\\\/boutique\\\/product\\\/c-for-rumiphyt-3\\\/#breadcrumb\",\"itemListElement\":[{\"@type\":\"ListItem\",\"position\":1,\"name\":\"Accueil\",\"item\":\"https:\\\/\\\/www.vetorino.com\\\/boutique\\\/\"},{\"@type\":\"ListItem\",\"position\":2,\"name\":\"Produits\",\"item\":\"https:\\\/\\\/www.vetorino.com\\\/boutique\\\/\"},{\"@type\":\"ListItem\",\"position\":3,\"name\":\"C for RumiPhyt\"}]},{\"@type\":\"WebSite\",\"@id\":\"https:\\\/\\\/www.vetorino.com\\\/boutique\\\/#website\",\"url\":\"https:\\\/\\\/www.vetorino.com\\\/boutique\\\/\",\"name\":\"V\u00e9torino\",\"description\":\"\",\"publisher\":{\"@id\":\"https:\\\/\\\/www.vetorino.com\\\/boutique\\\/#organization\"},\"potentialAction\":[{\"@type\":\"SearchAction\",\"target\":{\"@type\":\"EntryPoint\",\"urlTemplate\":\"https:\\\/\\\/www.vetorino.com\\\/boutique\\\/?s={search_term_string}\"},\"query-input\":{\"@type\":\"PropertyValueSpecification\",\"valueRequired\":true,\"valueName\":\"search_term_string\"}}],\"inLanguage\":\"fr-FR\"},{\"@type\":\"Organization\",\"@id\":\"https:\\\/\\\/www.vetorino.com\\\/boutique\\\/#organization\",\"name\":\"V\u00e9torino\",\"url\":\"https:\\\/\\\/www.vetorino.com\\\/boutique\\\/\",\"logo\":{\"@type\":\"ImageObject\",\"inLanguage\":\"fr-FR\",\"@id\":\"https:\\\/\\\/www.vetorino.com\\\/boutique\\\/#\\\/schema\\\/logo\\\/image\\\/\",\"url\":\"https:\\\/\\\/www.vetorino.com\\\/boutique\\\/wp-content\\\/uploads\\\/2024\\\/10\\\/logo.jpg\",\"contentUrl\":\"https:\\\/\\\/www.vetorino.com\\\/boutique\\\/wp-content\\\/uploads\\\/2024\\\/10\\\/logo.jpg\",\"width\":1200,\"height\":610,\"caption\":\"V\u00e9torino\"},\"image\":{\"@id\":\"https:\\\/\\\/www.vetorino.com\\\/boutique\\\/#\\\/schema\\\/logo\\\/image\\\/\"},\"sameAs\":[\"https:\\\/\\\/www.facebook.com\\\/Vetorino\\\/\",\"https:\\\/\\\/www.instagram.com\\\/vetorino_off\\\/\",\"https:\\\/\\\/www.linkedin.com\\\/company\\\/vtorino\\\/\"]}]}<\/script>\n<meta property=\"product:brand\" content=\"Savetis\" \/>\n<meta property=\"product:price:amount\" content=\"67.41\" \/>\n<meta property=\"product:price:currency\" content=\"EUR\" \/>\n<meta property=\"og:availability\" content=\"instock\" \/>\n<meta property=\"product:availability\" content=\"instock\" \/>\n<meta property=\"product:retailer_item_id\" content=\"A-1830460\" \/>\n<meta property=\"product:condition\" content=\"new\" \/>\n<!-- \/ Yoast SEO plugin. -->","yoast_head_json":{"title":"C for RumiPhyt Savetis - V\u00e9torino","description":"Relance la motricit\u00e9 digestive, l'app\u00e9tit et la digestion chez la vache.  C for RumiPhyt une solution pratique et efficace en bolus lors de troubles fonctionnels du rumen et de perte d'app\u00e9tit.  C for RumiPhyt favorise la motricit\u00e9 gastrique et la digestion par l'apport de substances am\u00e8res de type s\u00e9coirido\u00efdes (amarogentioside, centapicrine, gentiopicrine) et lactones sesquiterp\u00e9niques (absinthine) stimulant la salivation, les s\u00e9cr\u00e9tions digestives et l'app\u00e9tit.  Administrer \u00e0 l\u2019aide du lance bolus universel Savetis, 1 bolus par jour, pendant 2 \u00e0 3 jours.","robots":{"index":"noindex","follow":"nofollow"},"og_locale":"fr_FR","og_type":"article","og_title":"C for RumiPhyt Savetis - V\u00e9torino","og_description":"Relance la motricit\u00e9 digestive, l'app\u00e9tit et la digestion chez la vache.  C for RumiPhyt une solution pratique et efficace en bolus lors de troubles fonctionnels du rumen et de perte d'app\u00e9tit.  C for RumiPhyt favorise la motricit\u00e9 gastrique et la digestion par l'apport de substances am\u00e8res de type s\u00e9coirido\u00efdes (amarogentioside, centapicrine, gentiopicrine) et lactones sesquiterp\u00e9niques (absinthine) stimulant la salivation, les s\u00e9cr\u00e9tions digestives et l'app\u00e9tit.  Administrer \u00e0 l\u2019aide du lance bolus universel Savetis, 1 bolus par jour, pendant 2 \u00e0 3 jours.","og_url":"https:\/\/www.vetorino.com\/veterinaire\/ustaritz-64480\/boutique\/product\/c-for-rumiphyt-3\/","og_site_name":"V\u00e9torino","article_publisher":"https:\/\/www.facebook.com\/Vetorino\/","article_modified_time":"2025-07-29T08:28:34+00:00","og_image":[{"width":800,"height":522,"url":"https:\/\/www.vetorino.com\/boutique\/wp-content\/uploads\/2022\/11\/c-for-rumiphyt.png","type":"image\/png"}],"twitter_card":"summary_large_image","twitter_misc":{"Prix":"67,41&euro;","Disponibilit\u00e9":"En stock"},"schema":{"@context":"https:\/\/schema.org","@graph":[{"@type":"WebPage","@id":"https:\/\/www.vetorino.com\/boutique\/product\/c-for-rumiphyt-3\/","url":"https:\/\/www.vetorino.com\/boutique\/product\/c-for-rumiphyt-3\/","name":"C for RumiPhyt Savetis - V\u00e9torino","isPartOf":{"@id":"https:\/\/www.vetorino.com\/boutique\/#website"},"primaryImageOfPage":{"@id":"https:\/\/www.vetorino.com\/boutique\/product\/c-for-rumiphyt-3\/#primaryimage"},"image":{"@id":"https:\/\/www.vetorino.com\/boutique\/product\/c-for-rumiphyt-3\/#primaryimage"},"thumbnailUrl":"https:\/\/www.vetorino.com\/boutique\/wp-content\/uploads\/2022\/11\/c-for-rumiphyt.png","datePublished":"2022-11-17T19:45:34+00:00","dateModified":"2025-07-29T08:28:34+00:00","description":"Relance la motricit\u00e9 digestive, l'app\u00e9tit et la digestion chez la vache. C for RumiPhyt une solution pratique et efficace en bolus lors de troubles fonctionnels du rumen et de perte d'app\u00e9tit. C for RumiPhyt favorise la motricit\u00e9 gastrique et la digestion par l'apport de substances am\u00e8res de type s\u00e9coirido\u00efdes (amarogentioside, centapicrine, gentiopicrine) et lactones sesquiterp\u00e9niques (absinthine) stimulant la salivation, les s\u00e9cr\u00e9tions digestives et l'app\u00e9tit. Administrer \u00e0 l\u2019aide du lance bolus universel Savetis, 1 bolus par jour, pendant 2 \u00e0 3 jours.","breadcrumb":{"@id":"https:\/\/www.vetorino.com\/boutique\/product\/c-for-rumiphyt-3\/#breadcrumb"},"inLanguage":"fr-FR","potentialAction":[{"@type":"ReadAction","target":["https:\/\/www.vetorino.com\/boutique\/product\/c-for-rumiphyt-3\/"]}]},{"@type":"ImageObject","inLanguage":"fr-FR","@id":"https:\/\/www.vetorino.com\/boutique\/product\/c-for-rumiphyt-3\/#primaryimage","url":"https:\/\/www.vetorino.com\/boutique\/wp-content\/uploads\/2022\/11\/c-for-rumiphyt.png","contentUrl":"https:\/\/www.vetorino.com\/boutique\/wp-content\/uploads\/2022\/11\/c-for-rumiphyt.png","width":800,"height":522},{"@type":"BreadcrumbList","@id":"https:\/\/www.vetorino.com\/boutique\/product\/c-for-rumiphyt-3\/#breadcrumb","itemListElement":[{"@type":"ListItem","position":1,"name":"Accueil","item":"https:\/\/www.vetorino.com\/boutique\/"},{"@type":"ListItem","position":2,"name":"Produits","item":"https:\/\/www.vetorino.com\/boutique\/"},{"@type":"ListItem","position":3,"name":"C for RumiPhyt"}]},{"@type":"WebSite","@id":"https:\/\/www.vetorino.com\/boutique\/#website","url":"https:\/\/www.vetorino.com\/boutique\/","name":"V\u00e9torino","description":"","publisher":{"@id":"https:\/\/www.vetorino.com\/boutique\/#organization"},"potentialAction":[{"@type":"SearchAction","target":{"@type":"EntryPoint","urlTemplate":"https:\/\/www.vetorino.com\/boutique\/?s={search_term_string}"},"query-input":{"@type":"PropertyValueSpecification","valueRequired":true,"valueName":"search_term_string"}}],"inLanguage":"fr-FR"},{"@type":"Organization","@id":"https:\/\/www.vetorino.com\/boutique\/#organization","name":"V\u00e9torino","url":"https:\/\/www.vetorino.com\/boutique\/","logo":{"@type":"ImageObject","inLanguage":"fr-FR","@id":"https:\/\/www.vetorino.com\/boutique\/#\/schema\/logo\/image\/","url":"https:\/\/www.vetorino.com\/boutique\/wp-content\/uploads\/2024\/10\/logo.jpg","contentUrl":"https:\/\/www.vetorino.com\/boutique\/wp-content\/uploads\/2024\/10\/logo.jpg","width":1200,"height":610,"caption":"V\u00e9torino"},"image":{"@id":"https:\/\/www.vetorino.com\/boutique\/#\/schema\/logo\/image\/"},"sameAs":["https:\/\/www.facebook.com\/Vetorino\/","https:\/\/www.instagram.com\/vetorino_off\/","https:\/\/www.linkedin.com\/company\/vtorino\/"]}]},"product_brand":"Savetis","product_price_amount":"67.41","product_price_currency":"EUR","og_availability":"instock","product_availability":"instock","product_retailer_item_id":"A-1830460","product_condition":"new"},"_links":{"self":[{"href":"https:\/\/www.vetorino.com\/veterinaire\/ustaritz-64480\/boutique\/wp-json\/wp\/v2\/product\/507994","targetHints":{"allow":["GET"]}}],"collection":[{"href":"https:\/\/www.vetorino.com\/veterinaire\/ustaritz-64480\/boutique\/wp-json\/wp\/v2\/product"}],"about":[{"href":"https:\/\/www.vetorino.com\/veterinaire\/ustaritz-64480\/boutique\/wp-json\/wp\/v2\/types\/product"}],"wp:featuredmedia":[{"embeddable":true,"href":"https:\/\/www.vetorino.com\/veterinaire\/ustaritz-64480\/boutique\/wp-json\/wp\/v2\/media\/1432123"}],"wp:attachment":[{"href":"https:\/\/www.vetorino.com\/veterinaire\/ustaritz-64480\/boutique\/wp-json\/wp\/v2\/media?parent=507994"}],"wp:term":[{"taxonomy":"product_cat","embeddable":true,"href":"https:\/\/www.vetorino.com\/veterinaire\/ustaritz-64480\/boutique\/wp-json\/wp\/v2\/product_cat?post=507994"},{"taxonomy":"product_tag","embeddable":true,"href":"https:\/\/www.vetorino.com\/veterinaire\/ustaritz-64480\/boutique\/wp-json\/wp\/v2\/product_tag?post=507994"}],"curies":[{"name":"wp","href":"https:\/\/api.w.org\/{rel}","templated":true}]}}